{"id":16356,"date":"2020-06-29T17:33:32","date_gmt":"2020-06-29T20:33:32","guid":{"rendered":"https:\/\/semead.com.br\/23\/?page_id=16356"},"modified":"2020-06-29T18:01:05","modified_gmt":"2020-06-29T21:01:05","slug":"regras-de-submissao","status":"publish","type":"page","link":"https:\/\/semead.com.br\/23\/consorcio-doutoral\/regras-de-submissao\/","title":{"rendered":"Regras de submiss\u00e3o"},"content":{"rendered":"\t\t<div data-elementor-type=\"wp-page\" data-elementor-id=\"16356\" class=\"elementor elementor-16356\">\n\t\t\t\t\t\t<section class=\"elementor-section elementor-top-section elementor-element elementor-element-79282953 elementor-section-boxed elementor-section-height-default elementor-section-height-default\" data-id=\"79282953\" data-element_type=\"section\" data-e-type=\"section\">\n\t\t\t\t\t\t<div class=\"elementor-container elementor-column-gap-default\">\n\t\t\t\t\t<div class=\"elementor-column elementor-col-100 elementor-top-column elementor-element elementor-element-33d7b9b9\" data-id=\"33d7b9b9\" data-element_type=\"column\" data-e-type=\"column\">\n\t\t\t<div class=\"elementor-widget-wrap elementor-element-populated\">\n\t\t\t\t\t\t<div class=\"elementor-element elementor-element-15d50278 elementor-widget elementor-widget-text-editor\" data-id=\"15d50278\" data-element_type=\"widget\" data-e-type=\"widget\" data-widget_type=\"text-editor.default\">\n\t\t\t\t<div class=\"elementor-widget-container\">\n\t\t\t\t\t\t\t\t\t<p><\/p>\n<p><strong>Apresenta\u00e7\u00e3o do cons\u00f3rcio doutoral<\/strong><\/p>\n<p><\/p>\n<p><\/p>\n<p>O projeto de tese dever\u00e1 ser submetido no formato de artigo cient\u00edfico de acordo com as instru\u00e7\u00f5es a seguir.<\/p>\n<p><\/p>\n<p><\/p>\n<p><strong>Formata\u00e7\u00e3o do trabalho:<\/strong><\/p>\n<p><\/p>\n<p><\/p>\n<p>\u2013 Formato do papel: A4;<br \/>\u2013 Fonte: Times New Roman\/ tamanho 12;<br \/>\u2013 Espa\u00e7amento: simples, texto disposto em uma coluna;<br \/>\u2013 Alinhamento: justificado;<br \/>\u2013 Margens: Superior: 3 cm; inferior: 2 cm; esquerda: 3 cm; direita: 2 cm<br \/>\u2013 Pagina\u00e7\u00e3o: inserir n\u00famero de p\u00e1ginas no rodap\u00e9 com alinhamento ao lado direito;<br \/>\u2013 T\u00edtulos em letras mai\u00fasculas e subt\u00edtulos em letras min\u00fasculas;<br \/>\u2013 Formato do arquivo: PDF;<br \/>\u2013 O trabalho pode ter no m\u00e1ximo 10 p\u00e1ginas incluindo o texto propriamente dito, ilustra\u00e7\u00f5es e refer\u00eancias bibliogr\u00e1ficas;<br \/>\u2013 O texto deve come\u00e7ar pelo t\u00edtulo seguido pela introdu\u00e7\u00e3o. Sugerimos aos autores que preparem o resumo expandido em um documento separado e copiem e colem cada item no campo espec\u00edfico no ato da submiss\u00e3o;<br \/>\u2013 As refer\u00eancias bibliogr\u00e1ficas dever\u00e3o ser citadas ao longo do texto de acordo com o sistema (autor-data), e apresentadas em ordem alfab\u00e9tica no final do trabalho, de acordo com as normas APA ou ABNT\/NBR-6023.<\/p>\n<p><\/p>\n<p><\/p>\n<p><strong>\u00a0Estrutura sugerida da proposta de doutorado acad\u00eamico:<\/strong><\/p>\n<p><\/p>\n<p><\/p>\n<p>\u2013 T\u00edtulo e \u00c1rea de Pesquisa (siga o descritivo das \u00e1reas tem\u00e1ticas do SemeAd)<br \/>\u2013 Introdu\u00e7\u00e3o (Problema e Objetivo de Pesquisa):<\/p>\n<p><\/p>\n<p><\/p>\n<ol class=\"wp-block-list\" type=\"1\">\n<li>Descrever o estado da arte da tem\u00e1tica em quest\u00e3o.<\/li>\n<li>Apresentar de forma argumentativa a problem\u00e1tica de pesquisa.<\/li>\n<li>Apresentar o principal objetivo de pesquisa (a tese a ser defendida) e eventuais objetivos espec\u00edficos.<\/li>\n<\/ol>\n<p><\/p>\n<p><\/p>\n<p>\u2013 Justificativa:<\/p>\n<p><\/p>\n<p><\/p>\n<ol class=\"wp-block-list\" type=\"1\">\n<li>Apresentar de forma fundamentada a(s) contribui\u00e7\u00e3o(\u00f5es) acad\u00eamica(s) esperada(s).<\/li>\n<li>Apresentar eventual contribui\u00e7\u00e3o gerencial ou para pol\u00edticas p\u00fablicas (fortemente recomendado, mas n\u00e3o obrigat\u00f3rio)<\/li>\n<li>Apresentar eventual contribui\u00e7\u00e3o metodol\u00f3gica (n\u00e3o obrigat\u00f3rio)<\/li>\n<li>Apresentar o esperado impacto social do seu projeto (fortemente recomendado, mas n\u00e3o obrigat\u00f3rio)<\/li>\n<\/ol>\n<p><\/p>\n<p><\/p>\n<p>\u2013 Fundamenta\u00e7\u00e3o Te\u00f3rica:<\/p>\n<p><\/p>\n<p><\/p>\n<ol class=\"wp-block-list\" type=\"1\">\n<li>Apresentar o(s) principal(is)\u00a0argumento(s) te\u00f3rico(s)<\/li>\n<li>Fundamenta\u00e7\u00e3o e defini\u00e7\u00e3o dos constructos chave do projeto<\/li>\n<li>Proposi\u00e7\u00f5es e\/ou hip\u00f3teses;<\/li>\n<\/ol>\n<p><\/p>\n<p><\/p>\n<p>\u2013 Metodologia: descrever o\u00a0desenho de pesquisa<\/p>\n<p><\/p>\n<p><\/p>\n<ol class=\"wp-block-list\" type=\"1\">\n<li>Abordagem (exemplo: qualitativa, quantitativa),<\/li>\n<li>M\u00e9todo ou Estrat\u00e9gia de Pesquisa (exemplo: Levantamento de dados prim\u00e1rios, Estudo de Caso, Grounded Theory, etc.)<\/li>\n<li>T\u00e9cnica de coleta (exemplo: Survey, Entrevista em Profundidade, Observa\u00e7\u00e3o, etc.)<\/li>\n<li>T\u00e9cnica de an\u00e1lise de dados (exemplo: An\u00e1lise Multivariada, An\u00e1lise de Conte\u00fado, An\u00e1lise de Discursso, etc.)<\/li>\n<\/ol>\n<p><\/p>\n<p><\/p>\n<p>\u2013 Refer\u00eancias Bibliogr\u00e1ficas.<\/p>\n<p><\/p>\n<p><\/p>\n<p><strong>\u00a0Estrutura sugerida da proposta de doutorado profissional:\u00a0<\/strong><\/p>\n<p><\/p>\n<p><\/p>\n<p>\u2013 T\u00edtulo<\/p>\n<p><\/p>\n<p><\/p>\n<p>\u2013 Introdu\u00e7\u00e3o (Problema e Objetivo de Pesquisa):<\/p>\n<p><\/p>\n<p><\/p>\n<ol class=\"wp-block-list\" type=\"1\">\n<li>Apresentar de forma argumentativa a problem\u00e1tica de pesquisa.<\/li>\n<li>Apresentar o principal objetivo de pesquisa (a tese a ser defendida) e eventuais objetivos espec\u00edficos.<\/li>\n<\/ol>\n<p><\/p>\n<p><\/p>\n<p>\u2013 Justificativa:<\/p>\n<p><\/p>\n<p><\/p>\n<ol class=\"wp-block-list\" type=\"1\">\n<li>Apresentar qual \u00e9 o produto tecnol\u00f3gico esperado como decorr\u00eancia da Tese<\/li>\n<li>Apresentar de forma fundamentada a(s) contribui\u00e7\u00e3o(\u00f5es) gerencial(is) esperada(s).<\/li>\n<li>Apresentar o esperado impacto social do seu projeto (fortemente recomendado, mas n\u00e3o obrigat\u00f3rio)<\/li>\n<\/ol>\n<p><\/p>\n<p><\/p>\n<p>\u2013 Metodologia: descrever o desenho de pesquisa<\/p>\n<p><\/p>\n<p><\/p>\n<ol class=\"wp-block-list\" type=\"1\">\n<li>Abordagem (exemplo: qualitativa, quantitativa),<\/li>\n<li>M\u00e9todo ou Estrat\u00e9gia de Pesquisa (exemplo: Levantamento de dados prim\u00e1rios, Estudo de Caso, Grounded Theory, etc.)<\/li>\n<li>T\u00e9cnica de coleta (exemplo: Survey, Entrevista em Profundidade, Observa\u00e7\u00e3o, etc.)<\/li>\n<li>T\u00e9cnica de an\u00e1lise de dados (exemplo: An\u00e1lise Multivariada, An\u00e1lise de Conte\u00fado, An\u00e1lise de Discurso, etc.)<\/li>\n<\/ol>\n<p><\/p>\n<p><\/p>\n<p>\u2013 Refer\u00eancias Bibliogr\u00e1ficas.<\/p>\n<p><\/p>\n<p><\/p>\n<p><strong>Resumo Estruturado\u00a0<\/strong><em>(p\u00e1gina de submiss\u00e3o)<\/em><strong>:<\/strong><br \/>\u2013 T\u00edtulo (no m\u00e1ximo 190 caracteres);<br \/>\u2013 Resumo de 200 palavras<\/p>\n<p><\/p>\n<p><\/p>\n<p><strong>Trabalhos que n\u00e3o estejam no formato especificado n\u00e3o ser\u00e3o aceitos.<\/strong><\/p>\n<p><\/p>\n<p><\/p>\n<p>A submiss\u00e3o do resumo e do artigo oferece aos organizadores a permiss\u00e3o de enviar para os avaliadores que v\u00e3o compor a banca. Por sua vez, para a comunidade cient\u00edfica apenas os resumos ser\u00e3o divulgados nos Anais do SemeAd.<\/p>\n<p><\/p>\n<p><\/p>\n<p>A inscri\u00e7\u00e3o e a apresenta\u00e7\u00e3o de trabalhos no Cons\u00f3rcio Doutoral permitir\u00e3o o acesso do doutorando \u00e0s sess\u00f5es de apresenta\u00e7\u00e3o de artigos.<\/p>\n<p><\/p>\n<p><\/p>\n<p>Os trabalhos oriundos do Cons\u00f3rcio Doutoral n\u00e3o far\u00e3o parte dos Anais do Evento.<\/p>\n<p><\/p>\t\t\t\t\t\t\t\t<\/div>\n\t\t\t\t<\/div>\n\t\t\t\t<div class=\"elementor-element elementor-element-6ead8c8 elementor-widget elementor-widget-rt-cta\" data-id=\"6ead8c8\" data-element_type=\"widget\" data-e-type=\"widget\" data-widget_type=\"rt-cta.default\">\n\t\t\t\t<div class=\"elementor-widget-container\">\n\t\t\t\t\t\n<div class=\"rt-el-cta-1\">\n\t<div class=\"container\">\n\t\t<div class=\"row\">\n\t\t\t<div class=\"col-md-8 col-sm-12 col-xs-12\">\n\t\t\t\t<h3 class=\"rtin-title\">Submiss\u00f5es Abertas<\/h3>\n\t\t\t<\/div>\n\t\t\t<div class=\"col-md-4 col-sm-12 col-xs-12\">\n\t\t\t\t\t\t\t\t\t<div class=\"rtin-button\"><a class=\"btn-fill color-yellow border-radius-5 size-lg gust\" href=\"http:\/\/login.semead.com.br\/23semead\/login.php?\">FA\u00c7A SUA SUBMISS\u00c3O<\/a><\/div>\t\t\n\t\t\t\t\t\t\t<\/div>\n\t\t<\/div>\t\t\n\t<\/div>\n<\/div>\t\t\t\t<\/div>\n\t\t\t\t<\/div>\n\t\t\t\t\t<\/div>\n\t\t<\/div>\n\t\t\t\t\t<\/div>\n\t\t<\/section>\n\t\t\t\t<\/div>\n\t\t","protected":false},"excerpt":{"rendered":"<p>Apresenta\u00e7\u00e3o do cons\u00f3rcio doutoral O projeto de tese dever\u00e1 ser submetido no formato de artigo cient\u00edfico de acordo com as instru\u00e7\u00f5es a seguir. Formata\u00e7\u00e3o do trabalho: \u2013 Formato do papel: A4;\u2013 Fonte: Times New Roman\/ tamanho 12;\u2013 Espa\u00e7amento: simples, texto disposto em uma coluna;\u2013 Alinhamento: justificado;\u2013 Margens: Superior: 3 cm; inferior: 2 cm; esquerda: 3&#8230;<\/p>\n","protected":false},"author":4,"featured_media":0,"parent":11547,"menu_order":0,"comment_status":"closed","ping_status":"closed","template":"","meta":{"_acf_changed":false,"_monsterinsights_skip_tracking":false,"_monsterinsights_sitenote_active":false,"_monsterinsights_sitenote_note":"","_monsterinsights_sitenote_category":0,"footnotes":""},"class_list":["post-16356","page","type-page","status-publish","hentry"],"acf":[],"yoast_head":"<!-- This site is optimized with the Yoast SEO plugin v27.1.1 - https:\/\/yoast.com\/product\/yoast-seo-wordpress\/ -->\n<title>Regras de submiss\u00e3o - XXIII SemeAd<\/title>\n<meta name=\"robots\" content=\"index, follow, max-snippet:-1, max-image-preview:large, max-video-preview:-1\" \/>\n<link rel=\"canonical\" href=\"https:\/\/semead.com.br\/23\/consorcio-doutoral\/regras-de-submissao\/\" \/>\n<meta property=\"og:locale\" content=\"pt_BR\" \/>\n<meta property=\"og:type\" content=\"article\" \/>\n<meta property=\"og:title\" content=\"Regras de submiss\u00e3o - XXIII SemeAd\" \/>\n<meta property=\"og:description\" content=\"Apresenta\u00e7\u00e3o do cons\u00f3rcio doutoral O projeto de tese dever\u00e1 ser submetido no formato de artigo cient\u00edfico de acordo com as instru\u00e7\u00f5es a seguir. Formata\u00e7\u00e3o do trabalho: \u2013 Formato do papel: A4;\u2013 Fonte: Times New Roman\/ tamanho 12;\u2013 Espa\u00e7amento: simples, texto disposto em uma coluna;\u2013 Alinhamento: justificado;\u2013 Margens: Superior: 3 cm; inferior: 2 cm; esquerda: 3...\" \/>\n<meta property=\"og:url\" content=\"https:\/\/semead.com.br\/23\/consorcio-doutoral\/regras-de-submissao\/\" \/>\n<meta property=\"og:site_name\" content=\"XXIII SemeAd\" \/>\n<meta property=\"article:modified_time\" content=\"2020-06-29T21:01:05+00:00\" \/>\n<meta name=\"twitter:card\" content=\"summary_large_image\" \/>\n<meta name=\"twitter:label1\" content=\"Est. tempo de leitura\" \/>\n\t<meta name=\"twitter:data1\" content=\"3 minutos\" \/>\n<script type=\"application\/ld+json\" class=\"yoast-schema-graph\">{\"@context\":\"https:\/\/schema.org\",\"@graph\":[{\"@type\":\"WebPage\",\"@id\":\"https:\/\/semead.com.br\/23\/consorcio-doutoral\/regras-de-submissao\/\",\"url\":\"https:\/\/semead.com.br\/23\/consorcio-doutoral\/regras-de-submissao\/\",\"name\":\"Regras de submiss\u00e3o - XXIII SemeAd\",\"isPartOf\":{\"@id\":\"https:\/\/semead.com.br\/23\/#website\"},\"datePublished\":\"2020-06-29T20:33:32+00:00\",\"dateModified\":\"2020-06-29T21:01:05+00:00\",\"breadcrumb\":{\"@id\":\"https:\/\/semead.com.br\/23\/consorcio-doutoral\/regras-de-submissao\/#breadcrumb\"},\"inLanguage\":\"pt-BR\",\"potentialAction\":[{\"@type\":\"ReadAction\",\"target\":[\"https:\/\/semead.com.br\/23\/consorcio-doutoral\/regras-de-submissao\/\"]}]},{\"@type\":\"BreadcrumbList\",\"@id\":\"https:\/\/semead.com.br\/23\/consorcio-doutoral\/regras-de-submissao\/#breadcrumb\",\"itemListElement\":[{\"@type\":\"ListItem\",\"position\":1,\"name\":\"In\u00edcio\",\"item\":\"https:\/\/semead.com.br\/23\/\"},{\"@type\":\"ListItem\",\"position\":2,\"name\":\"Cons\u00f3rcio Doutoral\",\"item\":\"https:\/\/semead.com.br\/23\/consorcio-doutoral\/\"},{\"@type\":\"ListItem\",\"position\":3,\"name\":\"Regras de submiss\u00e3o\"}]},{\"@type\":\"WebSite\",\"@id\":\"https:\/\/semead.com.br\/23\/#website\",\"url\":\"https:\/\/semead.com.br\/23\/\",\"name\":\"XXIII SemeAd\",\"description\":\"Semin\u00e1rios em Administra\u00e7\u00e3o\",\"potentialAction\":[{\"@type\":\"SearchAction\",\"target\":{\"@type\":\"EntryPoint\",\"urlTemplate\":\"https:\/\/semead.com.br\/23\/?s={search_term_string}\"},\"query-input\":{\"@type\":\"PropertyValueSpecification\",\"valueRequired\":true,\"valueName\":\"search_term_string\"}}],\"inLanguage\":\"pt-BR\"}]}<\/script>\n<!-- \/ Yoast SEO plugin. -->","yoast_head_json":{"title":"Regras de submiss\u00e3o - XXIII SemeAd","robots":{"index":"index","follow":"follow","max-snippet":"max-snippet:-1","max-image-preview":"max-image-preview:large","max-video-preview":"max-video-preview:-1"},"canonical":"https:\/\/semead.com.br\/23\/consorcio-doutoral\/regras-de-submissao\/","og_locale":"pt_BR","og_type":"article","og_title":"Regras de submiss\u00e3o - XXIII SemeAd","og_description":"Apresenta\u00e7\u00e3o do cons\u00f3rcio doutoral O projeto de tese dever\u00e1 ser submetido no formato de artigo cient\u00edfico de acordo com as instru\u00e7\u00f5es a seguir. Formata\u00e7\u00e3o do trabalho: \u2013 Formato do papel: A4;\u2013 Fonte: Times New Roman\/ tamanho 12;\u2013 Espa\u00e7amento: simples, texto disposto em uma coluna;\u2013 Alinhamento: justificado;\u2013 Margens: Superior: 3 cm; inferior: 2 cm; esquerda: 3...","og_url":"https:\/\/semead.com.br\/23\/consorcio-doutoral\/regras-de-submissao\/","og_site_name":"XXIII SemeAd","article_modified_time":"2020-06-29T21:01:05+00:00","twitter_card":"summary_large_image","twitter_misc":{"Est. tempo de leitura":"3 minutos"},"schema":{"@context":"https:\/\/schema.org","@graph":[{"@type":"WebPage","@id":"https:\/\/semead.com.br\/23\/consorcio-doutoral\/regras-de-submissao\/","url":"https:\/\/semead.com.br\/23\/consorcio-doutoral\/regras-de-submissao\/","name":"Regras de submiss\u00e3o - XXIII SemeAd","isPartOf":{"@id":"https:\/\/semead.com.br\/23\/#website"},"datePublished":"2020-06-29T20:33:32+00:00","dateModified":"2020-06-29T21:01:05+00:00","breadcrumb":{"@id":"https:\/\/semead.com.br\/23\/consorcio-doutoral\/regras-de-submissao\/#breadcrumb"},"inLanguage":"pt-BR","potentialAction":[{"@type":"ReadAction","target":["https:\/\/semead.com.br\/23\/consorcio-doutoral\/regras-de-submissao\/"]}]},{"@type":"BreadcrumbList","@id":"https:\/\/semead.com.br\/23\/consorcio-doutoral\/regras-de-submissao\/#breadcrumb","itemListElement":[{"@type":"ListItem","position":1,"name":"In\u00edcio","item":"https:\/\/semead.com.br\/23\/"},{"@type":"ListItem","position":2,"name":"Cons\u00f3rcio Doutoral","item":"https:\/\/semead.com.br\/23\/consorcio-doutoral\/"},{"@type":"ListItem","position":3,"name":"Regras de submiss\u00e3o"}]},{"@type":"WebSite","@id":"https:\/\/semead.com.br\/23\/#website","url":"https:\/\/semead.com.br\/23\/","name":"XXIII SemeAd","description":"Semin\u00e1rios em Administra\u00e7\u00e3o","potentialAction":[{"@type":"SearchAction","target":{"@type":"EntryPoint","urlTemplate":"https:\/\/semead.com.br\/23\/?s={search_term_string}"},"query-input":{"@type":"PropertyValueSpecification","valueRequired":true,"valueName":"search_term_string"}}],"inLanguage":"pt-BR"}]}},"_links":{"self":[{"href":"https:\/\/semead.com.br\/23\/wp-json\/wp\/v2\/pages\/16356","targetHints":{"allow":["GET"]}}],"collection":[{"href":"https:\/\/semead.com.br\/23\/wp-json\/wp\/v2\/pages"}],"about":[{"href":"https:\/\/semead.com.br\/23\/wp-json\/wp\/v2\/types\/page"}],"author":[{"embeddable":true,"href":"https:\/\/semead.com.br\/23\/wp-json\/wp\/v2\/users\/4"}],"replies":[{"embeddable":true,"href":"https:\/\/semead.com.br\/23\/wp-json\/wp\/v2\/comments?post=16356"}],"version-history":[{"count":0,"href":"https:\/\/semead.com.br\/23\/wp-json\/wp\/v2\/pages\/16356\/revisions"}],"up":[{"embeddable":true,"href":"https:\/\/semead.com.br\/23\/wp-json\/wp\/v2\/pages\/11547"}],"wp:attachment":[{"href":"https:\/\/semead.com.br\/23\/wp-json\/wp\/v2\/media?parent=16356"}],"curies":[{"name":"wp","href":"https:\/\/api.w.org\/{rel}","templated":true}]}}