{"id":16814,"date":"2020-08-06T18:11:43","date_gmt":"2020-08-06T21:11:43","guid":{"rendered":"https:\/\/semead.com.br\/23\/?page_id=16814"},"modified":"2020-08-06T18:13:25","modified_gmt":"2020-08-06T21:13:25","slug":"regras-de-submissao","status":"publish","type":"page","link":"https:\/\/semead.com.br\/23\/trabalhos\/seminario-de-preparacao-para-processos-seletivos-de-doutorado\/regras-de-submissao\/","title":{"rendered":"Semin\u00e1rio de Prepara\u00e7\u00e3o para Processos Seletivos de Doutorado \u2013 Edi\u00e7\u00e3o 2020"},"content":{"rendered":"\n<h2 class=\"wp-block-heading\">REGRAS DE SUBMISS\u00c3O<\/h2>\n\n\n\n<h3 class=\"wp-block-heading\"><strong>&nbsp;Os projetos devem ter no m\u00e1ximo 4000 palavras e trazer<\/strong>:<\/h3>\n\n\n\n<ul class=\"wp-block-list\"><li>T\u00edtulo<\/li><li>Resumo e palavras chave<\/li><li>Introdu\u00e7\u00e3o e contexto do problema a ser estudado<\/li><li>Objetivo da pesquisa<\/li><li>Literatura a ser pesquisada<\/li><li>Procedimentos metodol\u00f3gicos<\/li><li>Refer\u00eancias<\/li><\/ul>\n\n\n\n<div class=\"wp-block-buttons is-layout-flex wp-block-buttons-is-layout-flex\">\n<div class=\"wp-block-button\"><a class=\"wp-block-button__link has-background has-vivid-green-cyan-background-color\" href=\"https:\/\/semead.com.br\/23\/wp-content\/uploads\/sites\/12\/2020\/08\/Template_Semin\u00e1rios_de_Prepara\u00e7\u00e3o_para_Processos_Seletivos_de_Doutorado.docx\">Baixe o template aqui<\/a><\/div>\n<\/div>\n\n\n<div class=\"symple-callout symple-clearfix  \"><div class=\"symple-callout-caption\">Acesse o sistema do SemeAd para realizar a submiss\u00e3o<\/div><div class=\"symple-callout-button\"><a href=\"http:\/\/login.semead.com.br\" class=\"symple-button default orange\" title=\"Visit Site\" style=\"border-radius:3px\"><span class=\"symple-button-inner\" style=\"border-radius:3px\">Realizar submiss\u00e3o<\/span><\/a><\/div><\/div>\n","protected":false},"excerpt":{"rendered":"<p>REGRAS DE SUBMISS\u00c3O &nbsp;Os projetos devem ter no m\u00e1ximo 4000 palavras e trazer: T\u00edtulo Resumo e palavras chave Introdu\u00e7\u00e3o e contexto do problema a ser estudado Objetivo da pesquisa Literatura a ser pesquisada Procedimentos metodol\u00f3gicos Refer\u00eancias<\/p>\n","protected":false},"author":4,"featured_media":0,"parent":14494,"menu_order":0,"comment_status":"closed","ping_status":"closed","template":"","meta":{"_acf_changed":false,"_monsterinsights_skip_tracking":false,"_monsterinsights_sitenote_active":false,"_monsterinsights_sitenote_note":"","_monsterinsights_sitenote_category":0,"footnotes":""},"class_list":["post-16814","page","type-page","status-publish","hentry"],"acf":[],"yoast_head":"<!-- This site is optimized with the Yoast SEO plugin v27.1.1 - https:\/\/yoast.com\/product\/yoast-seo-wordpress\/ -->\n<title>Semin\u00e1rio de Prepara\u00e7\u00e3o para Processos Seletivos de Doutorado \u2013 Edi\u00e7\u00e3o 2020 - XXIII SemeAd<\/title>\n<meta name=\"robots\" content=\"index, follow, max-snippet:-1, max-image-preview:large, max-video-preview:-1\" \/>\n<link rel=\"canonical\" href=\"https:\/\/semead.com.br\/23\/trabalhos\/seminario-de-preparacao-para-processos-seletivos-de-doutorado\/regras-de-submissao\/\" \/>\n<meta property=\"og:locale\" content=\"pt_BR\" \/>\n<meta property=\"og:type\" content=\"article\" \/>\n<meta property=\"og:title\" content=\"Semin\u00e1rio de Prepara\u00e7\u00e3o para Processos Seletivos de Doutorado \u2013 Edi\u00e7\u00e3o 2020 - XXIII SemeAd\" \/>\n<meta property=\"og:description\" content=\"REGRAS DE SUBMISS\u00c3O &nbsp;Os projetos devem ter no m\u00e1ximo 4000 palavras e trazer: T\u00edtulo Resumo e palavras chave Introdu\u00e7\u00e3o e contexto do problema a ser estudado Objetivo da pesquisa Literatura a ser pesquisada Procedimentos metodol\u00f3gicos Refer\u00eancias\" \/>\n<meta property=\"og:url\" content=\"https:\/\/semead.com.br\/23\/trabalhos\/seminario-de-preparacao-para-processos-seletivos-de-doutorado\/regras-de-submissao\/\" \/>\n<meta property=\"og:site_name\" content=\"XXIII SemeAd\" \/>\n<meta property=\"article:modified_time\" content=\"2020-08-06T21:13:25+00:00\" \/>\n<meta name=\"twitter:card\" content=\"summary_large_image\" \/>\n<script type=\"application\/ld+json\" class=\"yoast-schema-graph\">{\"@context\":\"https:\/\/schema.org\",\"@graph\":[{\"@type\":\"WebPage\",\"@id\":\"https:\/\/semead.com.br\/23\/trabalhos\/seminario-de-preparacao-para-processos-seletivos-de-doutorado\/regras-de-submissao\/\",\"url\":\"https:\/\/semead.com.br\/23\/trabalhos\/seminario-de-preparacao-para-processos-seletivos-de-doutorado\/regras-de-submissao\/\",\"name\":\"Semin\u00e1rio de Prepara\u00e7\u00e3o para Processos Seletivos de Doutorado \u2013 Edi\u00e7\u00e3o 2020 - XXIII SemeAd\",\"isPartOf\":{\"@id\":\"https:\/\/semead.com.br\/23\/#website\"},\"datePublished\":\"2020-08-06T21:11:43+00:00\",\"dateModified\":\"2020-08-06T21:13:25+00:00\",\"breadcrumb\":{\"@id\":\"https:\/\/semead.com.br\/23\/trabalhos\/seminario-de-preparacao-para-processos-seletivos-de-doutorado\/regras-de-submissao\/#breadcrumb\"},\"inLanguage\":\"pt-BR\",\"potentialAction\":[{\"@type\":\"ReadAction\",\"target\":[\"https:\/\/semead.com.br\/23\/trabalhos\/seminario-de-preparacao-para-processos-seletivos-de-doutorado\/regras-de-submissao\/\"]}]},{\"@type\":\"BreadcrumbList\",\"@id\":\"https:\/\/semead.com.br\/23\/trabalhos\/seminario-de-preparacao-para-processos-seletivos-de-doutorado\/regras-de-submissao\/#breadcrumb\",\"itemListElement\":[{\"@type\":\"ListItem\",\"position\":1,\"name\":\"In\u00edcio\",\"item\":\"https:\/\/semead.com.br\/23\/\"},{\"@type\":\"ListItem\",\"position\":2,\"name\":\"Trabalhos\",\"item\":\"https:\/\/semead.com.br\/23\/trabalhos\/\"},{\"@type\":\"ListItem\",\"position\":3,\"name\":\"Semin\u00e1rio de Prepara\u00e7\u00e3o para Processos Seletivos de Doutorado \u2013 Edi\u00e7\u00e3o 2020\",\"item\":\"https:\/\/semead.com.br\/23\/trabalhos\/seminario-de-preparacao-para-processos-seletivos-de-doutorado\/\"},{\"@type\":\"ListItem\",\"position\":4,\"name\":\"Semin\u00e1rio de Prepara\u00e7\u00e3o para Processos Seletivos de Doutorado \u2013 Edi\u00e7\u00e3o 2020\"}]},{\"@type\":\"WebSite\",\"@id\":\"https:\/\/semead.com.br\/23\/#website\",\"url\":\"https:\/\/semead.com.br\/23\/\",\"name\":\"XXIII SemeAd\",\"description\":\"Semin\u00e1rios em Administra\u00e7\u00e3o\",\"potentialAction\":[{\"@type\":\"SearchAction\",\"target\":{\"@type\":\"EntryPoint\",\"urlTemplate\":\"https:\/\/semead.com.br\/23\/?s={search_term_string}\"},\"query-input\":{\"@type\":\"PropertyValueSpecification\",\"valueRequired\":true,\"valueName\":\"search_term_string\"}}],\"inLanguage\":\"pt-BR\"}]}<\/script>\n<!-- \/ Yoast SEO plugin. -->","yoast_head_json":{"title":"Semin\u00e1rio de Prepara\u00e7\u00e3o para Processos Seletivos de Doutorado \u2013 Edi\u00e7\u00e3o 2020 - XXIII SemeAd","robots":{"index":"index","follow":"follow","max-snippet":"max-snippet:-1","max-image-preview":"max-image-preview:large","max-video-preview":"max-video-preview:-1"},"canonical":"https:\/\/semead.com.br\/23\/trabalhos\/seminario-de-preparacao-para-processos-seletivos-de-doutorado\/regras-de-submissao\/","og_locale":"pt_BR","og_type":"article","og_title":"Semin\u00e1rio de Prepara\u00e7\u00e3o para Processos Seletivos de Doutorado \u2013 Edi\u00e7\u00e3o 2020 - XXIII SemeAd","og_description":"REGRAS DE SUBMISS\u00c3O &nbsp;Os projetos devem ter no m\u00e1ximo 4000 palavras e trazer: T\u00edtulo Resumo e palavras chave Introdu\u00e7\u00e3o e contexto do problema a ser estudado Objetivo da pesquisa Literatura a ser pesquisada Procedimentos metodol\u00f3gicos Refer\u00eancias","og_url":"https:\/\/semead.com.br\/23\/trabalhos\/seminario-de-preparacao-para-processos-seletivos-de-doutorado\/regras-de-submissao\/","og_site_name":"XXIII SemeAd","article_modified_time":"2020-08-06T21:13:25+00:00","twitter_card":"summary_large_image","schema":{"@context":"https:\/\/schema.org","@graph":[{"@type":"WebPage","@id":"https:\/\/semead.com.br\/23\/trabalhos\/seminario-de-preparacao-para-processos-seletivos-de-doutorado\/regras-de-submissao\/","url":"https:\/\/semead.com.br\/23\/trabalhos\/seminario-de-preparacao-para-processos-seletivos-de-doutorado\/regras-de-submissao\/","name":"Semin\u00e1rio de Prepara\u00e7\u00e3o para Processos Seletivos de Doutorado \u2013 Edi\u00e7\u00e3o 2020 - XXIII SemeAd","isPartOf":{"@id":"https:\/\/semead.com.br\/23\/#website"},"datePublished":"2020-08-06T21:11:43+00:00","dateModified":"2020-08-06T21:13:25+00:00","breadcrumb":{"@id":"https:\/\/semead.com.br\/23\/trabalhos\/seminario-de-preparacao-para-processos-seletivos-de-doutorado\/regras-de-submissao\/#breadcrumb"},"inLanguage":"pt-BR","potentialAction":[{"@type":"ReadAction","target":["https:\/\/semead.com.br\/23\/trabalhos\/seminario-de-preparacao-para-processos-seletivos-de-doutorado\/regras-de-submissao\/"]}]},{"@type":"BreadcrumbList","@id":"https:\/\/semead.com.br\/23\/trabalhos\/seminario-de-preparacao-para-processos-seletivos-de-doutorado\/regras-de-submissao\/#breadcrumb","itemListElement":[{"@type":"ListItem","position":1,"name":"In\u00edcio","item":"https:\/\/semead.com.br\/23\/"},{"@type":"ListItem","position":2,"name":"Trabalhos","item":"https:\/\/semead.com.br\/23\/trabalhos\/"},{"@type":"ListItem","position":3,"name":"Semin\u00e1rio de Prepara\u00e7\u00e3o para Processos Seletivos de Doutorado \u2013 Edi\u00e7\u00e3o 2020","item":"https:\/\/semead.com.br\/23\/trabalhos\/seminario-de-preparacao-para-processos-seletivos-de-doutorado\/"},{"@type":"ListItem","position":4,"name":"Semin\u00e1rio de Prepara\u00e7\u00e3o para Processos Seletivos de Doutorado \u2013 Edi\u00e7\u00e3o 2020"}]},{"@type":"WebSite","@id":"https:\/\/semead.com.br\/23\/#website","url":"https:\/\/semead.com.br\/23\/","name":"XXIII SemeAd","description":"Semin\u00e1rios em Administra\u00e7\u00e3o","potentialAction":[{"@type":"SearchAction","target":{"@type":"EntryPoint","urlTemplate":"https:\/\/semead.com.br\/23\/?s={search_term_string}"},"query-input":{"@type":"PropertyValueSpecification","valueRequired":true,"valueName":"search_term_string"}}],"inLanguage":"pt-BR"}]}},"_links":{"self":[{"href":"https:\/\/semead.com.br\/23\/wp-json\/wp\/v2\/pages\/16814","targetHints":{"allow":["GET"]}}],"collection":[{"href":"https:\/\/semead.com.br\/23\/wp-json\/wp\/v2\/pages"}],"about":[{"href":"https:\/\/semead.com.br\/23\/wp-json\/wp\/v2\/types\/page"}],"author":[{"embeddable":true,"href":"https:\/\/semead.com.br\/23\/wp-json\/wp\/v2\/users\/4"}],"replies":[{"embeddable":true,"href":"https:\/\/semead.com.br\/23\/wp-json\/wp\/v2\/comments?post=16814"}],"version-history":[{"count":0,"href":"https:\/\/semead.com.br\/23\/wp-json\/wp\/v2\/pages\/16814\/revisions"}],"up":[{"embeddable":true,"href":"https:\/\/semead.com.br\/23\/wp-json\/wp\/v2\/pages\/14494"}],"wp:attachment":[{"href":"https:\/\/semead.com.br\/23\/wp-json\/wp\/v2\/media?parent=16814"}],"curies":[{"name":"wp","href":"https:\/\/api.w.org\/{rel}","templated":true}]}}