{"id":16876,"date":"2020-09-07T15:49:07","date_gmt":"2020-09-07T18:49:07","guid":{"rendered":"https:\/\/semead.com.br\/23\/?page_id=16876"},"modified":"2020-09-08T21:35:27","modified_gmt":"2020-09-09T00:35:27","slug":"projetos-de-impacto-2020","status":"publish","type":"page","link":"https:\/\/semead.com.br\/23\/trabalhos\/projetos-de-impacto-2020\/","title":{"rendered":"PROJETOS DE IMPACTO 2020"},"content":{"rendered":"\n<h2 class=\"wp-block-heading\"><strong>SEMEAD-PROJETOS DE IMPACTO 2020<\/strong><\/h2>\n\n\n\n<div class=\"wp-block-image is-style-default\"><figure class=\"alignleft size-medium\"><img fetchpriority=\"high\" decoding=\"async\" width=\"249\" height=\"300\" src=\"https:\/\/semead.com.br\/23\/wp-content\/uploads\/sites\/12\/2020\/09\/Dra.-Graziela-Dias-Alperstedt-249x300.jpeg\" alt=\"\" class=\"wp-image-16894\" srcset=\"https:\/\/semead.com.br\/23\/wp-content\/uploads\/sites\/12\/2020\/09\/Dra.-Graziela-Dias-Alperstedt-249x300.jpeg 249w, https:\/\/semead.com.br\/23\/wp-content\/uploads\/sites\/12\/2020\/09\/Dra.-Graziela-Dias-Alperstedt-768x926.jpeg 768w, https:\/\/semead.com.br\/23\/wp-content\/uploads\/sites\/12\/2020\/09\/Dra.-Graziela-Dias-Alperstedt.jpeg 849w\" sizes=\"(max-width: 249px) 100vw, 249px\" \/><figcaption>Dra. Graziela Dias Alperstedt<br>(UDESC)<\/figcaption><\/figure><\/div>\n\n\n\n<p>O SEMEAD-PROJETOS DE IMPACTO 2020 \u00e9 um espa\u00e7o destinado \u00e0 apresenta\u00e7\u00e3o e ao debate de projetos em andamento ou finalizados em at\u00e9 um ano, financiados por entidades p\u00fablicas ou privadas (que n\u00e3o sejam os \u00f3rg\u00e3os tradicionais de fomento \u2013 CAPES, CNPQ, FAPs), cujos resultados tenham implica\u00e7\u00f5es significativas para a resolu\u00e7\u00e3o de problemas pr\u00e1ticos, sejam eles empresariais, p\u00fablicos ou ligados a quest\u00f5es socioambientais.<\/p>\n\n\n\n<p>O evento objetiva estimular e encorajar a realiza\u00e7\u00e3o de novos projetos a partir de demandas existentes, por meio da interlocu\u00e7\u00e3o entre os pesquisadores interessados, coordenadores de projetos e seus respectivos financiadores.<\/p>\n\n\n\n<p>Se voc\u00ea tem interesse em conhecer como pesquisadores t\u00eam conseguido criar projetos financiados que atendam a demandas da sociedade, participe do SEMEAD-PROJETOS DE IMPACTO 2020.<\/p>\n\n\n\n<p><strong>Para submiss\u00e3o os projetos devem atender os seguintes crit\u00e9rios:<\/strong><\/p>\n\n\n\n<ul class=\"wp-block-list\"><li>Projetos em andamento ou finalizados em at\u00e9 um ano;<\/li><li>Projetos financiados por entidades p\u00fablicas ou privadas (que n\u00e3o sejam os \u00f3rg\u00e3os tradicionais de fomento \u2013 CAPES, CNPQ, FAPs);<\/li><li>Projetos cujos resultados tenham implica\u00e7\u00f5es significativas para a resolu\u00e7\u00e3o de problemas pr\u00e1ticos, sejam eles empresariais, p\u00fablicos ou ligados a quest\u00f5es socioambientais.<\/li><\/ul>\n\n\n\n<p><\/p>\n\n\n\n<p><strong>Sugest\u00e3o de estrutura\u00e7\u00e3o do projeto (at\u00e9 3.000 palavras):<\/strong><\/p>\n\n\n\n<p>&#8211; Introdu\u00e7\u00e3o<\/p>\n\n\n\n<p>&#8211; Contexto e realidade investigada<\/p>\n\n\n\n<p>&#8211; Diagn\u00f3stico da situa\u00e7\u00e3o-problema e\/ou oportunidade<\/p>\n\n\n\n<p>&#8211; An\u00e1lise da situa\u00e7\u00e3o-problema e proposta de inova\u00e7\u00e3o\/interven\u00e7\u00e3o\/recomenda\u00e7\u00e3o<\/p>\n\n\n\n<p>&#8211; Contribui\u00e7\u00e3o\/originalidade\/impacto do projeto<\/p>\n\n\n\n<p>&#8211; Refer\u00eancias<\/p>\n\n\n\n<p><strong>In\u00edcio das submiss\u00f5es: 10\/09\/2020<\/strong><\/p>\n\n\n\n<p><strong>Final das submiss\u00f5es: 04\/10\/2020<\/strong><\/p>\n\n\n\n<p><strong>Resultados e divulga\u00e7\u00e3o dos aprovados: 09\/10\/2020<\/strong><\/p>\n\n\n\n<div class=\"wp-block-buttons is-layout-flex wp-block-buttons-is-layout-flex\">\n<div class=\"wp-block-button\"><a class=\"wp-block-button__link\" href=\"http:\/\/login.semead.com.br\/23semead\/login.php?\">Fa\u00e7a sua submiss\u00e3o<\/a><\/div>\n<\/div>\n\n\n\n<p><br><\/p>\n","protected":false},"excerpt":{"rendered":"<p>SEMEAD-PROJETOS DE IMPACTO 2020 O SEMEAD-PROJETOS DE IMPACTO 2020 \u00e9 um espa\u00e7o destinado \u00e0 apresenta\u00e7\u00e3o e ao debate de projetos em andamento ou finalizados em at\u00e9 um ano, financiados por entidades p\u00fablicas ou privadas (que n\u00e3o sejam os \u00f3rg\u00e3os tradicionais de fomento \u2013 CAPES, CNPQ, FAPs), cujos resultados tenham implica\u00e7\u00f5es significativas para a resolu\u00e7\u00e3o de&#8230;<\/p>\n","protected":false},"author":4,"featured_media":0,"parent":22,"menu_order":0,"comment_status":"closed","ping_status":"closed","template":"","meta":{"_acf_changed":false,"_monsterinsights_skip_tracking":false,"_monsterinsights_sitenote_active":false,"_monsterinsights_sitenote_note":"","_monsterinsights_sitenote_category":0,"footnotes":""},"class_list":["post-16876","page","type-page","status-publish","hentry"],"acf":[],"yoast_head":"<!-- This site is optimized with the Yoast SEO plugin v27.1.1 - https:\/\/yoast.com\/product\/yoast-seo-wordpress\/ -->\n<title>PROJETOS DE IMPACTO 2020 - XXIII SemeAd<\/title>\n<meta name=\"robots\" content=\"index, follow, max-snippet:-1, max-image-preview:large, max-video-preview:-1\" \/>\n<link rel=\"canonical\" href=\"https:\/\/semead.com.br\/23\/trabalhos\/projetos-de-impacto-2020\/\" \/>\n<meta property=\"og:locale\" content=\"pt_BR\" \/>\n<meta property=\"og:type\" content=\"article\" \/>\n<meta property=\"og:title\" content=\"PROJETOS DE IMPACTO 2020 - XXIII SemeAd\" \/>\n<meta property=\"og:description\" content=\"SEMEAD-PROJETOS DE IMPACTO 2020 O SEMEAD-PROJETOS DE IMPACTO 2020 \u00e9 um espa\u00e7o destinado \u00e0 apresenta\u00e7\u00e3o e ao debate de projetos em andamento ou finalizados em at\u00e9 um ano, financiados por entidades p\u00fablicas ou privadas (que n\u00e3o sejam os \u00f3rg\u00e3os tradicionais de fomento \u2013 CAPES, CNPQ, FAPs), cujos resultados tenham implica\u00e7\u00f5es significativas para a resolu\u00e7\u00e3o de...\" \/>\n<meta property=\"og:url\" content=\"https:\/\/semead.com.br\/23\/trabalhos\/projetos-de-impacto-2020\/\" \/>\n<meta property=\"og:site_name\" content=\"XXIII SemeAd\" \/>\n<meta property=\"article:modified_time\" content=\"2020-09-09T00:35:27+00:00\" \/>\n<meta property=\"og:image\" content=\"https:\/\/semead.com.br\/23\/wp-content\/uploads\/sites\/12\/2020\/09\/Dra.-Graziela-Dias-Alperstedt-249x300.jpeg\" \/>\n<meta name=\"twitter:card\" content=\"summary_large_image\" \/>\n<meta name=\"twitter:label1\" content=\"Est. tempo de leitura\" \/>\n\t<meta name=\"twitter:data1\" content=\"1 minuto\" \/>\n<script type=\"application\/ld+json\" class=\"yoast-schema-graph\">{\"@context\":\"https:\/\/schema.org\",\"@graph\":[{\"@type\":\"WebPage\",\"@id\":\"https:\/\/semead.com.br\/23\/trabalhos\/projetos-de-impacto-2020\/\",\"url\":\"https:\/\/semead.com.br\/23\/trabalhos\/projetos-de-impacto-2020\/\",\"name\":\"PROJETOS DE IMPACTO 2020 - XXIII SemeAd\",\"isPartOf\":{\"@id\":\"https:\/\/semead.com.br\/23\/#website\"},\"primaryImageOfPage\":{\"@id\":\"https:\/\/semead.com.br\/23\/trabalhos\/projetos-de-impacto-2020\/#primaryimage\"},\"image\":{\"@id\":\"https:\/\/semead.com.br\/23\/trabalhos\/projetos-de-impacto-2020\/#primaryimage\"},\"thumbnailUrl\":\"https:\/\/semead.com.br\/23\/wp-content\/uploads\/sites\/12\/2020\/09\/Dra.-Graziela-Dias-Alperstedt-249x300.jpeg\",\"datePublished\":\"2020-09-07T18:49:07+00:00\",\"dateModified\":\"2020-09-09T00:35:27+00:00\",\"breadcrumb\":{\"@id\":\"https:\/\/semead.com.br\/23\/trabalhos\/projetos-de-impacto-2020\/#breadcrumb\"},\"inLanguage\":\"pt-BR\",\"potentialAction\":[{\"@type\":\"ReadAction\",\"target\":[\"https:\/\/semead.com.br\/23\/trabalhos\/projetos-de-impacto-2020\/\"]}]},{\"@type\":\"ImageObject\",\"inLanguage\":\"pt-BR\",\"@id\":\"https:\/\/semead.com.br\/23\/trabalhos\/projetos-de-impacto-2020\/#primaryimage\",\"url\":\"https:\/\/semead.com.br\/23\/wp-content\/uploads\/sites\/12\/2020\/09\/Dra.-Graziela-Dias-Alperstedt.jpeg\",\"contentUrl\":\"https:\/\/semead.com.br\/23\/wp-content\/uploads\/sites\/12\/2020\/09\/Dra.-Graziela-Dias-Alperstedt.jpeg\",\"width\":849,\"height\":1024},{\"@type\":\"BreadcrumbList\",\"@id\":\"https:\/\/semead.com.br\/23\/trabalhos\/projetos-de-impacto-2020\/#breadcrumb\",\"itemListElement\":[{\"@type\":\"ListItem\",\"position\":1,\"name\":\"In\u00edcio\",\"item\":\"https:\/\/semead.com.br\/23\/\"},{\"@type\":\"ListItem\",\"position\":2,\"name\":\"Trabalhos\",\"item\":\"https:\/\/semead.com.br\/23\/trabalhos\/\"},{\"@type\":\"ListItem\",\"position\":3,\"name\":\"PROJETOS DE IMPACTO 2020\"}]},{\"@type\":\"WebSite\",\"@id\":\"https:\/\/semead.com.br\/23\/#website\",\"url\":\"https:\/\/semead.com.br\/23\/\",\"name\":\"XXIII SemeAd\",\"description\":\"Semin\u00e1rios em Administra\u00e7\u00e3o\",\"potentialAction\":[{\"@type\":\"SearchAction\",\"target\":{\"@type\":\"EntryPoint\",\"urlTemplate\":\"https:\/\/semead.com.br\/23\/?s={search_term_string}\"},\"query-input\":{\"@type\":\"PropertyValueSpecification\",\"valueRequired\":true,\"valueName\":\"search_term_string\"}}],\"inLanguage\":\"pt-BR\"}]}<\/script>\n<!-- \/ Yoast SEO plugin. -->","yoast_head_json":{"title":"PROJETOS DE IMPACTO 2020 - XXIII SemeAd","robots":{"index":"index","follow":"follow","max-snippet":"max-snippet:-1","max-image-preview":"max-image-preview:large","max-video-preview":"max-video-preview:-1"},"canonical":"https:\/\/semead.com.br\/23\/trabalhos\/projetos-de-impacto-2020\/","og_locale":"pt_BR","og_type":"article","og_title":"PROJETOS DE IMPACTO 2020 - XXIII SemeAd","og_description":"SEMEAD-PROJETOS DE IMPACTO 2020 O SEMEAD-PROJETOS DE IMPACTO 2020 \u00e9 um espa\u00e7o destinado \u00e0 apresenta\u00e7\u00e3o e ao debate de projetos em andamento ou finalizados em at\u00e9 um ano, financiados por entidades p\u00fablicas ou privadas (que n\u00e3o sejam os \u00f3rg\u00e3os tradicionais de fomento \u2013 CAPES, CNPQ, FAPs), cujos resultados tenham implica\u00e7\u00f5es significativas para a resolu\u00e7\u00e3o de...","og_url":"https:\/\/semead.com.br\/23\/trabalhos\/projetos-de-impacto-2020\/","og_site_name":"XXIII SemeAd","article_modified_time":"2020-09-09T00:35:27+00:00","og_image":[{"url":"https:\/\/semead.com.br\/23\/wp-content\/uploads\/sites\/12\/2020\/09\/Dra.-Graziela-Dias-Alperstedt-249x300.jpeg","type":"","width":"","height":""}],"twitter_card":"summary_large_image","twitter_misc":{"Est. tempo de leitura":"1 minuto"},"schema":{"@context":"https:\/\/schema.org","@graph":[{"@type":"WebPage","@id":"https:\/\/semead.com.br\/23\/trabalhos\/projetos-de-impacto-2020\/","url":"https:\/\/semead.com.br\/23\/trabalhos\/projetos-de-impacto-2020\/","name":"PROJETOS DE IMPACTO 2020 - XXIII SemeAd","isPartOf":{"@id":"https:\/\/semead.com.br\/23\/#website"},"primaryImageOfPage":{"@id":"https:\/\/semead.com.br\/23\/trabalhos\/projetos-de-impacto-2020\/#primaryimage"},"image":{"@id":"https:\/\/semead.com.br\/23\/trabalhos\/projetos-de-impacto-2020\/#primaryimage"},"thumbnailUrl":"https:\/\/semead.com.br\/23\/wp-content\/uploads\/sites\/12\/2020\/09\/Dra.-Graziela-Dias-Alperstedt-249x300.jpeg","datePublished":"2020-09-07T18:49:07+00:00","dateModified":"2020-09-09T00:35:27+00:00","breadcrumb":{"@id":"https:\/\/semead.com.br\/23\/trabalhos\/projetos-de-impacto-2020\/#breadcrumb"},"inLanguage":"pt-BR","potentialAction":[{"@type":"ReadAction","target":["https:\/\/semead.com.br\/23\/trabalhos\/projetos-de-impacto-2020\/"]}]},{"@type":"ImageObject","inLanguage":"pt-BR","@id":"https:\/\/semead.com.br\/23\/trabalhos\/projetos-de-impacto-2020\/#primaryimage","url":"https:\/\/semead.com.br\/23\/wp-content\/uploads\/sites\/12\/2020\/09\/Dra.-Graziela-Dias-Alperstedt.jpeg","contentUrl":"https:\/\/semead.com.br\/23\/wp-content\/uploads\/sites\/12\/2020\/09\/Dra.-Graziela-Dias-Alperstedt.jpeg","width":849,"height":1024},{"@type":"BreadcrumbList","@id":"https:\/\/semead.com.br\/23\/trabalhos\/projetos-de-impacto-2020\/#breadcrumb","itemListElement":[{"@type":"ListItem","position":1,"name":"In\u00edcio","item":"https:\/\/semead.com.br\/23\/"},{"@type":"ListItem","position":2,"name":"Trabalhos","item":"https:\/\/semead.com.br\/23\/trabalhos\/"},{"@type":"ListItem","position":3,"name":"PROJETOS DE IMPACTO 2020"}]},{"@type":"WebSite","@id":"https:\/\/semead.com.br\/23\/#website","url":"https:\/\/semead.com.br\/23\/","name":"XXIII SemeAd","description":"Semin\u00e1rios em Administra\u00e7\u00e3o","potentialAction":[{"@type":"SearchAction","target":{"@type":"EntryPoint","urlTemplate":"https:\/\/semead.com.br\/23\/?s={search_term_string}"},"query-input":{"@type":"PropertyValueSpecification","valueRequired":true,"valueName":"search_term_string"}}],"inLanguage":"pt-BR"}]}},"_links":{"self":[{"href":"https:\/\/semead.com.br\/23\/wp-json\/wp\/v2\/pages\/16876","targetHints":{"allow":["GET"]}}],"collection":[{"href":"https:\/\/semead.com.br\/23\/wp-json\/wp\/v2\/pages"}],"about":[{"href":"https:\/\/semead.com.br\/23\/wp-json\/wp\/v2\/types\/page"}],"author":[{"embeddable":true,"href":"https:\/\/semead.com.br\/23\/wp-json\/wp\/v2\/users\/4"}],"replies":[{"embeddable":true,"href":"https:\/\/semead.com.br\/23\/wp-json\/wp\/v2\/comments?post=16876"}],"version-history":[{"count":0,"href":"https:\/\/semead.com.br\/23\/wp-json\/wp\/v2\/pages\/16876\/revisions"}],"up":[{"embeddable":true,"href":"https:\/\/semead.com.br\/23\/wp-json\/wp\/v2\/pages\/22"}],"wp:attachment":[{"href":"https:\/\/semead.com.br\/23\/wp-json\/wp\/v2\/media?parent=16876"}],"curies":[{"name":"wp","href":"https:\/\/api.w.org\/{rel}","templated":true}]}}