{"id":16900,"date":"2020-09-09T17:23:24","date_gmt":"2020-09-09T20:23:24","guid":{"rendered":"https:\/\/semead.com.br\/23\/?page_id=16900"},"modified":"2021-05-28T17:36:20","modified_gmt":"2021-05-28T20:36:20","slug":"apresentacao-dos-trabalhos","status":"publish","type":"page","link":"https:\/\/semead.com.br\/23\/apresentacao-dos-trabalhos\/","title":{"rendered":"Apresenta\u00e7\u00e3o dos trabalhos"},"content":{"rendered":"\n<p>Nesse ano a apresenta\u00e7\u00e3o de trabalhos no SemeAd 2020 ocorrer\u00e1 de forma diferente, devido ao evento ser online. Para isso, algumas informa\u00e7\u00f5es s\u00e3o apresentadas.<\/p>\n\n\n\n<h3 class=\"wp-block-heading\"><strong>Instru\u00e7\u00f5es Gerais para a Apresenta\u00e7\u00e3o dos Trabalhos<\/strong><\/h3>\n\n\n\n<p>A apresenta\u00e7\u00e3o dos trabalhos e sua discuss\u00e3o ter\u00e3o&nbsp;a dura\u00e7\u00e3o de 8 minutos cada. Ap\u00f3s haver\u00e1, tamb\u00e9m, o debate dos trabalhos considerando o tema da sess\u00e3o, pontos comuns e novas considera\u00e7\u00f5es dos artigos.&nbsp; A sess\u00e3o de apresenta\u00e7\u00e3o durar\u00e1, no total, 90 minutos (1 hora e meia). Para saber mais sobre a din\u00e2mica das sess\u00f5es on-line acesse nossa aba de <a href=\"https:\/\/semead.com.br\/23\/sessoes-on-line\/\">Sess\u00f5es On-line<\/a>.<\/p>\n\n\n\n<p>Cada apresenta\u00e7\u00e3o dever\u00e1 ser gravada pelo autor e enviada ao SemeAd por meio do nosso sistema. A dura\u00e7\u00e3o m\u00e1xima dos v\u00eddeos \u00e9 de 8 minutos (Os softwares e os modos de grava\u00e7\u00e3o dos v\u00eddeos est\u00e3o presentes nos <strong><em>Tutoriais de Produ\u00e7\u00e3o de V\u00eddeos PowerPoint e Zoom<\/em><\/strong>, logo abaixo). Observa\u00e7\u00e3o: sugerimos a utiliza\u00e7\u00e3o do PowerPoint Falado, ou do Zoom, para a grava\u00e7\u00e3o dos v\u00eddeos, mas o autor poder\u00e1 utilizar outros softwares caso deseje. No entanto, esses outros softwares dever\u00e3o produzir v\u00eddeos com boa qualidade (indicado Full HD-1080p) e extens\u00e3o <strong><u>.mp4<\/u><\/strong>.<\/p>\n\n\n\n<p>Depois de gravado o v\u00eddeo de apresenta\u00e7\u00e3o do trabalho, ele dever\u00e1 ser disponibilizado no YouTube, na modalidade \u201cN\u00e3o Listado\u201d (veja o <strong><em>Tutorial de Inser\u00e7\u00e3o de V\u00eddeo no Youtube<\/em><\/strong>, logo abaixo). Assim, ao gerar o link do v\u00eddeo no YouTube (veja <strong><em>o Tutorial de Inser\u00e7\u00e3o de V\u00eddeo no Youtube<\/em><\/strong>, logo abaixo), ele dever\u00e1 ser adicionado no Sistema do SemeAd (Veja <strong><em>Tutorial de Inser\u00e7\u00e3o do Link do Youtube no Sistema SemeAd<\/em><\/strong>, logo abaixo).<\/p>\n\n\n\n<p>Os v\u00eddeos dever\u00e3o ser adicionados no Sistema SemeAd <strong><u>at\u00e9 o dia 22\/10.<\/u><\/strong><\/p>\n\n\n\n<p>Nos dias das apresenta\u00e7\u00f5es, ser\u00e1 necess\u00e1rio a presen\u00e7a de pelo menos um autor (autor-apresentador) do trabalho na sess\u00e3o de apresenta\u00e7\u00e3o. Para que n\u00e3o haja atrasos, solicitamos a presen\u00e7a do autor-apresentador na sala virtual com 5 minutos de anteced\u00eancia para a prepara\u00e7\u00e3o da apresenta\u00e7\u00e3o. Os autores com trabalhos aprovados e inscritos, assumem o compromisso de que ao menos um deles compare\u00e7a ao evento e fa\u00e7a a apresenta\u00e7\u00e3o do trabalho.<\/p>\n\n\n\n<p>O certificado de apresenta\u00e7\u00e3o do trabalho ser\u00e1 conferido aos autores-apresentadores, ou seja, \u00e0queles autores que se inscreveram no evento, estiveram presentes na sess\u00e3o virtual e realizaram a apresenta\u00e7\u00e3o do trabalho.<\/p>\n\n\n\n<p>Recomendamos que os participantes das sess\u00f5es visualizem os v\u00eddeos anteriormente as apresenta\u00e7\u00f5es dos trabalhos e que tragam suas contribui\u00e7\u00f5es para discuti-las com os demais autores.<\/p>\n\n\n\n<p>N\u00e3o h\u00e1 possibilidade de escolha pr\u00e9via por parte dos autores de data e hor\u00e1rio de apresenta\u00e7\u00e3o dos trabalhos. A programa\u00e7\u00e3o seguir\u00e1 o planejamento realizado pela Coordena\u00e7\u00e3o Cient\u00edfica do SemeAd.<\/p>\n\n\n\n<p>Observa\u00e7\u00f5es:<\/p>\n\n\n\n<p>1) A inscri\u00e7\u00e3o \u00e9 individual e intransfer\u00edvel.<\/p>\n\n\n\n<p>2) A grava\u00e7\u00e3o do v\u00eddeo n\u00e3o exclui a necessidade da apresenta\u00e7\u00e3o dos trabalhos no dia da sua sess\u00e3o de apresenta\u00e7\u00e3o. Em outras palavras, o (s) autor (es) dever\u00e1 (dever\u00e3o) estar presente (s) na sess\u00e3o on-line do seu trabalho e participar dela.<\/p>\n\n\n\n<p>3) A produ\u00e7\u00e3o dos v\u00eddeos devem ser realizados para os artigos aprovados e cons\u00f3rcio doutoral. Para o Semin\u00e1rios de Prepara\u00e7\u00e3o para Processo Seletivo de Doutorado essa atribui\u00e7\u00e3o n\u00e3o \u00e9 necess\u00e1ria.<\/p>\n\n\n\n<p><strong>Template de Apresenta\u00e7\u00e3o<\/strong><\/p>\n\n\n\n<div class=\"wp-block-file\"><a href=\"https:\/\/semead.com.br\/23\/wp-content\/uploads\/sites\/12\/2020\/09\/Template_Slide-SemeAd-2020.pptx\" class=\"wp-block-file__button\" download>Clique aqui para baixar o Template sugerido<\/a><\/div>\n\n\n\n<h3 class=\"wp-block-heading\"><strong>Tutoriais<\/strong><\/h3>\n\n\n\n<p><strong><em>Tutoriais de Produ\u00e7\u00e3o de V\u00eddeos Zoom<\/em><\/strong><\/p>\n\n\n\n<div class=\"wp-block-file\"><a href=\"https:\/\/semead.com.br\/23\/wp-content\/uploads\/sites\/12\/2020\/09\/TUTORIAL-PARA-PRODUCAO-DE-VIDEOS-ZOOM.pdf\" class=\"wp-block-file__button\" download>Ver Tutorial<\/a><\/div>\n\n\n\n<p><strong><em>Tutoriais de Produ\u00e7\u00e3o de V\u00eddeos PowerPoint<\/em><\/strong><\/p>\n\n\n\n<div class=\"wp-block-file\"><a href=\"https:\/\/semead.com.br\/23\/wp-content\/uploads\/sites\/12\/2020\/09\/TUTORIAL-PARA-PRODUCAO-DE-VIDEOS-POWERPOINT.pdf\" class=\"wp-block-file__button\" download>Ver Tutorial<\/a><\/div>\n\n\n\n<p><strong><em>Tutorial de Inser\u00e7\u00e3o de V\u00eddeo no Youtube e Inser\u00e7\u00e3o do Link do Youtube no Sistema SemeAd<\/em><\/strong><\/p>\n\n\n\n<iframe width=\"560\" height=\"315\" src=\"https:\/\/www.youtube.com\/embed\/xCRMC6EOW88\" frameborder=\"0\" allow=\"accelerometer; autoplay; clipboard-write; encrypted-media; gyroscope; picture-in-picture\" allowfullscreen=\"\"><\/iframe>\n\n\n\n<p><strong>Publica\u00e7\u00e3o dos trabalhos nos anais do SemeAd:<\/strong><\/p>\n\n\n\n<p><strong>A publica\u00e7\u00e3o dos trabalhos aprovados nos anais do SemeAd, est\u00e1 condicionada ao pagamento da inscri\u00e7\u00e3o de pelo menos um dos autores do trabalho, bem como a apresenta\u00e7\u00e3o do trabalho na sua sess\u00e3o on-line.<\/strong><\/p>\n\n\n\n<p>O n\u00e3o comparecimento para apresenta\u00e7\u00e3o de trabalho inscrito implicar\u00e1 no impedimento do(s) autor(es) de submeter(em) trabalhos no evento subsequente.<\/p>\n\n\n\n<p><strong><a href=\"https:\/\/semead.com.br\/23\/inscricoes\/\">Inscri\u00e7\u00f5es: Fa\u00e7a sua inscri\u00e7\u00e3o aqui.<\/a><\/strong><\/p>\n","protected":false},"excerpt":{"rendered":"<p>Nesse ano a apresenta\u00e7\u00e3o de trabalhos no SemeAd 2020 ocorrer\u00e1 de forma diferente, devido ao evento ser online. Para isso, algumas informa\u00e7\u00f5es s\u00e3o apresentadas. Instru\u00e7\u00f5es Gerais para a Apresenta\u00e7\u00e3o dos Trabalhos A apresenta\u00e7\u00e3o dos trabalhos e sua discuss\u00e3o ter\u00e3o&nbsp;a dura\u00e7\u00e3o de 8 minutos cada. Ap\u00f3s haver\u00e1, tamb\u00e9m, o debate dos trabalhos considerando o tema da&#8230;<\/p>\n","protected":false},"author":4,"featured_media":0,"parent":0,"menu_order":0,"comment_status":"closed","ping_status":"closed","template":"","meta":{"_acf_changed":false,"_monsterinsights_skip_tracking":false,"_monsterinsights_sitenote_active":false,"_monsterinsights_sitenote_note":"","_monsterinsights_sitenote_category":0,"footnotes":""},"class_list":["post-16900","page","type-page","status-publish","hentry"],"acf":[],"yoast_head":"<!-- This site is optimized with the Yoast SEO plugin v27.1.1 - https:\/\/yoast.com\/product\/yoast-seo-wordpress\/ -->\n<title>Apresenta\u00e7\u00e3o dos trabalhos - XXIII SemeAd<\/title>\n<meta name=\"robots\" content=\"index, follow, max-snippet:-1, max-image-preview:large, max-video-preview:-1\" \/>\n<link rel=\"canonical\" href=\"https:\/\/semead.com.br\/23\/apresentacao-dos-trabalhos\/\" \/>\n<meta property=\"og:locale\" content=\"pt_BR\" \/>\n<meta property=\"og:type\" content=\"article\" \/>\n<meta property=\"og:title\" content=\"Apresenta\u00e7\u00e3o dos trabalhos - XXIII SemeAd\" \/>\n<meta property=\"og:description\" content=\"Nesse ano a apresenta\u00e7\u00e3o de trabalhos no SemeAd 2020 ocorrer\u00e1 de forma diferente, devido ao evento ser online. Para isso, algumas informa\u00e7\u00f5es s\u00e3o apresentadas. Instru\u00e7\u00f5es Gerais para a Apresenta\u00e7\u00e3o dos Trabalhos A apresenta\u00e7\u00e3o dos trabalhos e sua discuss\u00e3o ter\u00e3o&nbsp;a dura\u00e7\u00e3o de 8 minutos cada. Ap\u00f3s haver\u00e1, tamb\u00e9m, o debate dos trabalhos considerando o tema da...\" \/>\n<meta property=\"og:url\" content=\"https:\/\/semead.com.br\/23\/apresentacao-dos-trabalhos\/\" \/>\n<meta property=\"og:site_name\" content=\"XXIII SemeAd\" \/>\n<meta property=\"article:modified_time\" content=\"2021-05-28T20:36:20+00:00\" \/>\n<meta name=\"twitter:card\" content=\"summary_large_image\" \/>\n<meta name=\"twitter:label1\" content=\"Est. tempo de leitura\" \/>\n\t<meta name=\"twitter:data1\" content=\"3 minutos\" \/>\n<script type=\"application\/ld+json\" class=\"yoast-schema-graph\">{\"@context\":\"https:\/\/schema.org\",\"@graph\":[{\"@type\":\"WebPage\",\"@id\":\"https:\/\/semead.com.br\/23\/apresentacao-dos-trabalhos\/\",\"url\":\"https:\/\/semead.com.br\/23\/apresentacao-dos-trabalhos\/\",\"name\":\"Apresenta\u00e7\u00e3o dos trabalhos - XXIII SemeAd\",\"isPartOf\":{\"@id\":\"https:\/\/semead.com.br\/23\/#website\"},\"datePublished\":\"2020-09-09T20:23:24+00:00\",\"dateModified\":\"2021-05-28T20:36:20+00:00\",\"breadcrumb\":{\"@id\":\"https:\/\/semead.com.br\/23\/apresentacao-dos-trabalhos\/#breadcrumb\"},\"inLanguage\":\"pt-BR\",\"potentialAction\":[{\"@type\":\"ReadAction\",\"target\":[\"https:\/\/semead.com.br\/23\/apresentacao-dos-trabalhos\/\"]}]},{\"@type\":\"BreadcrumbList\",\"@id\":\"https:\/\/semead.com.br\/23\/apresentacao-dos-trabalhos\/#breadcrumb\",\"itemListElement\":[{\"@type\":\"ListItem\",\"position\":1,\"name\":\"In\u00edcio\",\"item\":\"https:\/\/semead.com.br\/23\/\"},{\"@type\":\"ListItem\",\"position\":2,\"name\":\"Apresenta\u00e7\u00e3o dos trabalhos\"}]},{\"@type\":\"WebSite\",\"@id\":\"https:\/\/semead.com.br\/23\/#website\",\"url\":\"https:\/\/semead.com.br\/23\/\",\"name\":\"XXIII SemeAd\",\"description\":\"Semin\u00e1rios em Administra\u00e7\u00e3o\",\"potentialAction\":[{\"@type\":\"SearchAction\",\"target\":{\"@type\":\"EntryPoint\",\"urlTemplate\":\"https:\/\/semead.com.br\/23\/?s={search_term_string}\"},\"query-input\":{\"@type\":\"PropertyValueSpecification\",\"valueRequired\":true,\"valueName\":\"search_term_string\"}}],\"inLanguage\":\"pt-BR\"}]}<\/script>\n<!-- \/ Yoast SEO plugin. -->","yoast_head_json":{"title":"Apresenta\u00e7\u00e3o dos trabalhos - XXIII SemeAd","robots":{"index":"index","follow":"follow","max-snippet":"max-snippet:-1","max-image-preview":"max-image-preview:large","max-video-preview":"max-video-preview:-1"},"canonical":"https:\/\/semead.com.br\/23\/apresentacao-dos-trabalhos\/","og_locale":"pt_BR","og_type":"article","og_title":"Apresenta\u00e7\u00e3o dos trabalhos - XXIII SemeAd","og_description":"Nesse ano a apresenta\u00e7\u00e3o de trabalhos no SemeAd 2020 ocorrer\u00e1 de forma diferente, devido ao evento ser online. Para isso, algumas informa\u00e7\u00f5es s\u00e3o apresentadas. Instru\u00e7\u00f5es Gerais para a Apresenta\u00e7\u00e3o dos Trabalhos A apresenta\u00e7\u00e3o dos trabalhos e sua discuss\u00e3o ter\u00e3o&nbsp;a dura\u00e7\u00e3o de 8 minutos cada. Ap\u00f3s haver\u00e1, tamb\u00e9m, o debate dos trabalhos considerando o tema da...","og_url":"https:\/\/semead.com.br\/23\/apresentacao-dos-trabalhos\/","og_site_name":"XXIII SemeAd","article_modified_time":"2021-05-28T20:36:20+00:00","twitter_card":"summary_large_image","twitter_misc":{"Est. tempo de leitura":"3 minutos"},"schema":{"@context":"https:\/\/schema.org","@graph":[{"@type":"WebPage","@id":"https:\/\/semead.com.br\/23\/apresentacao-dos-trabalhos\/","url":"https:\/\/semead.com.br\/23\/apresentacao-dos-trabalhos\/","name":"Apresenta\u00e7\u00e3o dos trabalhos - XXIII SemeAd","isPartOf":{"@id":"https:\/\/semead.com.br\/23\/#website"},"datePublished":"2020-09-09T20:23:24+00:00","dateModified":"2021-05-28T20:36:20+00:00","breadcrumb":{"@id":"https:\/\/semead.com.br\/23\/apresentacao-dos-trabalhos\/#breadcrumb"},"inLanguage":"pt-BR","potentialAction":[{"@type":"ReadAction","target":["https:\/\/semead.com.br\/23\/apresentacao-dos-trabalhos\/"]}]},{"@type":"BreadcrumbList","@id":"https:\/\/semead.com.br\/23\/apresentacao-dos-trabalhos\/#breadcrumb","itemListElement":[{"@type":"ListItem","position":1,"name":"In\u00edcio","item":"https:\/\/semead.com.br\/23\/"},{"@type":"ListItem","position":2,"name":"Apresenta\u00e7\u00e3o dos trabalhos"}]},{"@type":"WebSite","@id":"https:\/\/semead.com.br\/23\/#website","url":"https:\/\/semead.com.br\/23\/","name":"XXIII SemeAd","description":"Semin\u00e1rios em Administra\u00e7\u00e3o","potentialAction":[{"@type":"SearchAction","target":{"@type":"EntryPoint","urlTemplate":"https:\/\/semead.com.br\/23\/?s={search_term_string}"},"query-input":{"@type":"PropertyValueSpecification","valueRequired":true,"valueName":"search_term_string"}}],"inLanguage":"pt-BR"}]}},"_links":{"self":[{"href":"https:\/\/semead.com.br\/23\/wp-json\/wp\/v2\/pages\/16900","targetHints":{"allow":["GET"]}}],"collection":[{"href":"https:\/\/semead.com.br\/23\/wp-json\/wp\/v2\/pages"}],"about":[{"href":"https:\/\/semead.com.br\/23\/wp-json\/wp\/v2\/types\/page"}],"author":[{"embeddable":true,"href":"https:\/\/semead.com.br\/23\/wp-json\/wp\/v2\/users\/4"}],"replies":[{"embeddable":true,"href":"https:\/\/semead.com.br\/23\/wp-json\/wp\/v2\/comments?post=16900"}],"version-history":[{"count":0,"href":"https:\/\/semead.com.br\/23\/wp-json\/wp\/v2\/pages\/16900\/revisions"}],"wp:attachment":[{"href":"https:\/\/semead.com.br\/23\/wp-json\/wp\/v2\/media?parent=16900"}],"curies":[{"name":"wp","href":"https:\/\/api.w.org\/{rel}","templated":true}]}}