{"id":17097,"date":"2020-10-28T12:41:39","date_gmt":"2020-10-28T15:41:39","guid":{"rendered":"https:\/\/semead.com.br\/23\/?page_id=17097"},"modified":"2020-10-28T14:49:37","modified_gmt":"2020-10-28T17:49:37","slug":"apresentacoes-connecta","status":"publish","type":"page","link":"https:\/\/semead.com.br\/23\/apresentacoes-connecta\/","title":{"rendered":"Apresenta\u00e7\u00f5es &#8211; Connecta"},"content":{"rendered":"\n<h2 class=\"wp-block-heading\">Apresenta\u00e7\u00f5es &#8211; Connecta<\/h2>\n\n\n\n<p><strong>1. ENVIO DO V\u00cdDEO<\/strong><\/p>\n\n\n\n<p>O autor dever\u00e1 produzir o v\u00eddeo com a sua apresenta\u00e7\u00e3o do projeto Connecta aprovado e fazer o upload no YouTube (<a href=\"http:\/\/www.youtube.com\">http:\/\/www.youtube.com<\/a> ). Assim que o upload for conclu\u00eddo, ele gerar\u00e1 o link de exibi\u00e7\u00e3o do v\u00eddeo, e o autor dever\u00e1 copiar e colar esse link no sistema, fazendo o login no Sistema do SemeAd (<a href=\"login.semead.com.br\">login.semead.com.br<\/a> ), acessando a aba Trabalhos &gt; Trabalhos Enviados. Todos esses passos est\u00e3o descritos, com detalhes, nos tutoriais que preparamos especialmente para voc\u00ea. Voc\u00ea pode acessar atrav\u00e9s dos links abaixo:<\/p>\n\n\n\n<p>Link dos tutoriais<\/p>\n\n\n\n<p><strong><em><a href=\"https:\/\/semead.com.br\/23\/wp-content\/uploads\/sites\/12\/2020\/10\/TUTORIAL-PARA-PRODUCAO-DE-VIDEOS-ZOOM.pdf\" target=\"_blank\" rel=\"noreferrer noopener\">Tutorial para produ\u00e7\u00e3o de V\u00eddeo no Zoom<\/a><\/em><\/strong><\/p>\n\n\n\n<p><strong><em><a href=\"https:\/\/semead.com.br\/23\/wp-content\/uploads\/sites\/12\/2020\/10\/TUTORIAL-PARA-PRODUCAO-DE-VIDEOS-POWER-POINT.pdf\" target=\"_blank\" rel=\"noreferrer noopener\">Tutorial para produ\u00e7\u00e3o do V\u00eddeo no Power Point<\/a><\/em><\/strong><\/p>\n\n\n\n<p><strong><em><a rel=\"noreferrer noopener\" href=\"https:\/\/www.youtube.com\/watch?v=xCRMC6EOW88&amp;feature=emb_title\" target=\"_blank\">Tutorial para Envio do V\u00eddeo no Sistema<\/a><\/em><\/strong><\/p>\n\n\n\n<p><strong><em><a href=\"https:\/\/semead.com.br\/23\/wp-content\/uploads\/sites\/12\/2020\/10\/Template-Conneta.pptx\" target=\"_blank\" rel=\"noreferrer noopener\">Template da Apresenta\u00e7\u00e3o<\/a><\/em><\/strong><\/p>\n\n\n\n<p>Para as apresenta\u00e7\u00f5es, sugerimos seguir este roteiro:<\/p>\n\n\n\n<ul class=\"wp-block-list\"><li>Apresenta\u00e7\u00e3o Pessoal;<\/li><li>Resumo da Proposta;<\/li><li>Detalhes sobre a oportunidade que voc\u00ea est\u00e1 oferecendo.<\/li><\/ul>\n\n\n\n<p>Caso prefira, poder\u00e1 usar o template anexado a este e-mail.<\/p>\n\n\n\n<p>Por fim, outras informa\u00e7\u00f5es importantes:<\/p>\n\n\n\n<p>&#8211; A grava\u00e7\u00e3o do v\u00eddeo n\u00e3o poder\u00e1 ultrapassar <strong>3 minutos<\/strong>;<\/p>\n\n\n\n<p>&#8211; O link do v\u00eddeo deve ser postado impreterivelmente at\u00e9 o dia 06 de novembro;<\/p>\n\n\n\n<p>&#8211; Recomenda-se a grava\u00e7\u00e3o dos v\u00eddeos em qualidade Full HD-1080p e na extens\u00e3o .mp4;<\/p>\n\n\n\n<p><strong><u>&#8211; A grava\u00e7\u00e3o do v\u00eddeo n\u00e3o exclui a necessidade da apresenta\u00e7\u00e3o dos trabalhos no dia da sua sess\u00e3o de apresenta\u00e7\u00e3o. Em outras palavras, o (s) autor (es) dever\u00e1 (dever\u00e3o) estar presente (s) na sess\u00e3o on-line do seu trabalho e participar dela.<\/u><\/strong><\/p>\n\n\n\n<p><strong>2. PADLET<\/strong><\/p>\n\n\n\n<p>Os participantes poder\u00e3o criar postagens simples e criativas e postar no mural do Padlet Connecta, no intuito de despertar a curiosidade dos demais congressistas. \u00c9 uma esp\u00e9cie de \u201can\u00fancio\u201d do seu projeto.<\/p>\n\n\n\n<p>Seguem as instru\u00e7\u00f5es para postagem no Padlet:<\/p>\n\n\n\n<p>&#8211; Os participantes com projetos aprovados no <strong><u>Connecta Research<\/u><\/strong> devem fazer sua postagem no link (<a href=\"https:\/\/padlet.com\/semeadusp\/jpf6hyw2w40rp2ag\">https:\/\/padlet.com\/semeadusp\/jpf6hyw2w40rp2ag<\/a> ). Participantes com projetos aprovados no <strong><u>Connecta Teaching<\/u><\/strong>, devem fazer sua postagem no link (<a href=\"https:\/\/padlet.com\/semeadusp\/nhnpnd5gah5w5skl\">https:\/\/padlet.com\/semeadusp\/nhnpnd5gah5w5skl<\/a> )<\/p>\n\n\n\n<p>&#8211; As postagens devem apresentar :<\/p>\n\n\n\n<ul class=\"wp-block-list\"><li>Nome do Projeto;<\/li><li>Objetivo;<\/li><li>Oportunidade oferecida; &nbsp;&nbsp;&nbsp;&nbsp;&nbsp;&nbsp;&nbsp;&nbsp;&nbsp;&nbsp;&nbsp;<\/li><\/ul>\n\n\n\n<p>&#8211; As postagens devem apresentar no m\u00e1ximo 800 caracteres com espa\u00e7o. Tentem ser objetivos.<\/p>\n\n\n\n<p>&#8211; O participante pode incrementar sua postagem com fotos personalizadas, fotos do local onde o projeto acontecer\u00e1, v\u00eddeos gravados convidando as pessoas, links e mensagens de voz. A ideia \u00e9 usar a criatividade, tipo as postagens que s\u00e3o feitas nas redes sociais.<\/p>\n\n\n\n<p><strong><em><a href=\"https:\/\/youtu.be\/pOV2CRJHHm8\" target=\"_blank\" rel=\"noreferrer noopener\">Tutorial para postagem no padlet<\/a><\/em><\/strong><\/p>\n\n\n\n<p>D\u00favida, entrem em contato com a organiza\u00e7\u00e3o do Connecta, atrav\u00e9s do e-mail <a href=\"mailto:italotaumaturgo@usp.br\">italotaumaturgo@usp.br<\/a><\/p>\n","protected":false},"excerpt":{"rendered":"<p>Apresenta\u00e7\u00f5es &#8211; Connecta 1. ENVIO DO V\u00cdDEO O autor dever\u00e1 produzir o v\u00eddeo com a sua apresenta\u00e7\u00e3o do projeto Connecta aprovado e fazer o upload no YouTube (http:\/\/www.youtube.com ). Assim que o upload for conclu\u00eddo, ele gerar\u00e1 o link de exibi\u00e7\u00e3o do v\u00eddeo, e o autor dever\u00e1 copiar e colar esse link no sistema, fazendo&#8230;<\/p>\n","protected":false},"author":4,"featured_media":0,"parent":0,"menu_order":0,"comment_status":"closed","ping_status":"closed","template":"","meta":{"_acf_changed":false,"_monsterinsights_skip_tracking":false,"_monsterinsights_sitenote_active":false,"_monsterinsights_sitenote_note":"","_monsterinsights_sitenote_category":0,"footnotes":""},"class_list":["post-17097","page","type-page","status-publish","hentry"],"acf":[],"yoast_head":"<!-- This site is optimized with the Yoast SEO plugin v27.1.1 - https:\/\/yoast.com\/product\/yoast-seo-wordpress\/ -->\n<title>Apresenta\u00e7\u00f5es - Connecta - XXIII SemeAd<\/title>\n<meta name=\"robots\" content=\"index, follow, max-snippet:-1, max-image-preview:large, max-video-preview:-1\" \/>\n<link rel=\"canonical\" href=\"https:\/\/semead.com.br\/23\/apresentacoes-connecta\/\" \/>\n<meta property=\"og:locale\" content=\"pt_BR\" \/>\n<meta property=\"og:type\" content=\"article\" \/>\n<meta property=\"og:title\" content=\"Apresenta\u00e7\u00f5es - Connecta - XXIII SemeAd\" \/>\n<meta property=\"og:description\" content=\"Apresenta\u00e7\u00f5es &#8211; Connecta 1. ENVIO DO V\u00cdDEO O autor dever\u00e1 produzir o v\u00eddeo com a sua apresenta\u00e7\u00e3o do projeto Connecta aprovado e fazer o upload no YouTube (http:\/\/www.youtube.com ). Assim que o upload for conclu\u00eddo, ele gerar\u00e1 o link de exibi\u00e7\u00e3o do v\u00eddeo, e o autor dever\u00e1 copiar e colar esse link no sistema, fazendo...\" \/>\n<meta property=\"og:url\" content=\"https:\/\/semead.com.br\/23\/apresentacoes-connecta\/\" \/>\n<meta property=\"og:site_name\" content=\"XXIII SemeAd\" \/>\n<meta property=\"article:modified_time\" content=\"2020-10-28T17:49:37+00:00\" \/>\n<meta name=\"twitter:card\" content=\"summary_large_image\" \/>\n<meta name=\"twitter:label1\" content=\"Est. tempo de leitura\" \/>\n\t<meta name=\"twitter:data1\" content=\"2 minutos\" \/>\n<script type=\"application\/ld+json\" class=\"yoast-schema-graph\">{\"@context\":\"https:\/\/schema.org\",\"@graph\":[{\"@type\":\"WebPage\",\"@id\":\"https:\/\/semead.com.br\/23\/apresentacoes-connecta\/\",\"url\":\"https:\/\/semead.com.br\/23\/apresentacoes-connecta\/\",\"name\":\"Apresenta\u00e7\u00f5es - Connecta - XXIII SemeAd\",\"isPartOf\":{\"@id\":\"https:\/\/semead.com.br\/23\/#website\"},\"datePublished\":\"2020-10-28T15:41:39+00:00\",\"dateModified\":\"2020-10-28T17:49:37+00:00\",\"breadcrumb\":{\"@id\":\"https:\/\/semead.com.br\/23\/apresentacoes-connecta\/#breadcrumb\"},\"inLanguage\":\"pt-BR\",\"potentialAction\":[{\"@type\":\"ReadAction\",\"target\":[\"https:\/\/semead.com.br\/23\/apresentacoes-connecta\/\"]}]},{\"@type\":\"BreadcrumbList\",\"@id\":\"https:\/\/semead.com.br\/23\/apresentacoes-connecta\/#breadcrumb\",\"itemListElement\":[{\"@type\":\"ListItem\",\"position\":1,\"name\":\"In\u00edcio\",\"item\":\"https:\/\/semead.com.br\/23\/\"},{\"@type\":\"ListItem\",\"position\":2,\"name\":\"Apresenta\u00e7\u00f5es &#8211; Connecta\"}]},{\"@type\":\"WebSite\",\"@id\":\"https:\/\/semead.com.br\/23\/#website\",\"url\":\"https:\/\/semead.com.br\/23\/\",\"name\":\"XXIII SemeAd\",\"description\":\"Semin\u00e1rios em Administra\u00e7\u00e3o\",\"potentialAction\":[{\"@type\":\"SearchAction\",\"target\":{\"@type\":\"EntryPoint\",\"urlTemplate\":\"https:\/\/semead.com.br\/23\/?s={search_term_string}\"},\"query-input\":{\"@type\":\"PropertyValueSpecification\",\"valueRequired\":true,\"valueName\":\"search_term_string\"}}],\"inLanguage\":\"pt-BR\"}]}<\/script>\n<!-- \/ Yoast SEO plugin. -->","yoast_head_json":{"title":"Apresenta\u00e7\u00f5es - Connecta - XXIII SemeAd","robots":{"index":"index","follow":"follow","max-snippet":"max-snippet:-1","max-image-preview":"max-image-preview:large","max-video-preview":"max-video-preview:-1"},"canonical":"https:\/\/semead.com.br\/23\/apresentacoes-connecta\/","og_locale":"pt_BR","og_type":"article","og_title":"Apresenta\u00e7\u00f5es - Connecta - XXIII SemeAd","og_description":"Apresenta\u00e7\u00f5es &#8211; Connecta 1. ENVIO DO V\u00cdDEO O autor dever\u00e1 produzir o v\u00eddeo com a sua apresenta\u00e7\u00e3o do projeto Connecta aprovado e fazer o upload no YouTube (http:\/\/www.youtube.com ). Assim que o upload for conclu\u00eddo, ele gerar\u00e1 o link de exibi\u00e7\u00e3o do v\u00eddeo, e o autor dever\u00e1 copiar e colar esse link no sistema, fazendo...","og_url":"https:\/\/semead.com.br\/23\/apresentacoes-connecta\/","og_site_name":"XXIII SemeAd","article_modified_time":"2020-10-28T17:49:37+00:00","twitter_card":"summary_large_image","twitter_misc":{"Est. tempo de leitura":"2 minutos"},"schema":{"@context":"https:\/\/schema.org","@graph":[{"@type":"WebPage","@id":"https:\/\/semead.com.br\/23\/apresentacoes-connecta\/","url":"https:\/\/semead.com.br\/23\/apresentacoes-connecta\/","name":"Apresenta\u00e7\u00f5es - Connecta - XXIII SemeAd","isPartOf":{"@id":"https:\/\/semead.com.br\/23\/#website"},"datePublished":"2020-10-28T15:41:39+00:00","dateModified":"2020-10-28T17:49:37+00:00","breadcrumb":{"@id":"https:\/\/semead.com.br\/23\/apresentacoes-connecta\/#breadcrumb"},"inLanguage":"pt-BR","potentialAction":[{"@type":"ReadAction","target":["https:\/\/semead.com.br\/23\/apresentacoes-connecta\/"]}]},{"@type":"BreadcrumbList","@id":"https:\/\/semead.com.br\/23\/apresentacoes-connecta\/#breadcrumb","itemListElement":[{"@type":"ListItem","position":1,"name":"In\u00edcio","item":"https:\/\/semead.com.br\/23\/"},{"@type":"ListItem","position":2,"name":"Apresenta\u00e7\u00f5es &#8211; Connecta"}]},{"@type":"WebSite","@id":"https:\/\/semead.com.br\/23\/#website","url":"https:\/\/semead.com.br\/23\/","name":"XXIII SemeAd","description":"Semin\u00e1rios em Administra\u00e7\u00e3o","potentialAction":[{"@type":"SearchAction","target":{"@type":"EntryPoint","urlTemplate":"https:\/\/semead.com.br\/23\/?s={search_term_string}"},"query-input":{"@type":"PropertyValueSpecification","valueRequired":true,"valueName":"search_term_string"}}],"inLanguage":"pt-BR"}]}},"_links":{"self":[{"href":"https:\/\/semead.com.br\/23\/wp-json\/wp\/v2\/pages\/17097","targetHints":{"allow":["GET"]}}],"collection":[{"href":"https:\/\/semead.com.br\/23\/wp-json\/wp\/v2\/pages"}],"about":[{"href":"https:\/\/semead.com.br\/23\/wp-json\/wp\/v2\/types\/page"}],"author":[{"embeddable":true,"href":"https:\/\/semead.com.br\/23\/wp-json\/wp\/v2\/users\/4"}],"replies":[{"embeddable":true,"href":"https:\/\/semead.com.br\/23\/wp-json\/wp\/v2\/comments?post=17097"}],"version-history":[{"count":0,"href":"https:\/\/semead.com.br\/23\/wp-json\/wp\/v2\/pages\/17097\/revisions"}],"wp:attachment":[{"href":"https:\/\/semead.com.br\/23\/wp-json\/wp\/v2\/media?parent=17097"}],"curies":[{"name":"wp","href":"https:\/\/api.w.org\/{rel}","templated":true}]}}