{"id":17105,"date":"2020-10-28T12:55:30","date_gmt":"2020-10-28T15:55:30","guid":{"rendered":"https:\/\/semead.com.br\/23\/?page_id=17105"},"modified":"2020-10-28T14:52:41","modified_gmt":"2020-10-28T17:52:41","slug":"presentaciones-connecta-espanol","status":"publish","type":"page","link":"https:\/\/semead.com.br\/23\/presentaciones-connecta-espanol\/","title":{"rendered":"PRESENTACIONES &#8211; CONNECTA &#8211; ESPA\u00d1OL"},"content":{"rendered":"\n<h2 class=\"wp-block-heading\"><strong>PRESENTACIONES &#8211; CONNECTA &#8211; ESPA\u00d1OL<\/strong><\/h2>\n\n\n\n<p><strong>1. ENV\u00cdO DE VIDEO<\/strong><\/p>\n\n\n\n<p>El autor debe producir el video con su presentaci\u00f3n del proyecto Connecta aprobado y subirlo a YouTube (http:\/\/www.youtube.com). Una vez que se complete la carga, generar\u00e1 el enlace de visualizaci\u00f3n del video, y el autor debe copiar y pegar este enlace en el sistema, iniciando sesi\u00f3n en el Sistema SemeAd (login.semead.com.br), accediendo a la pesta\u00f1a Trabajos&gt; Trabajos presentados. Todos estos pasos se describen, en detalle, en los tutoriales que hemos preparado especialmente para ti. Puede acceder a \u00e9l a trav\u00e9s de los enlaces a continuaci\u00f3n:<\/p>\n\n\n\n<p><strong>Enlace tutorial<\/strong><\/p>\n\n\n\n<p><strong><em><a href=\"https:\/\/semead.com.br\/23\/wp-content\/uploads\/sites\/12\/2020\/10\/TUTORIAL-PARA-PRODUCAO-DE-VIDEOS-POWER-POINT-ESPANHOL.pdf\" target=\"_blank\" rel=\"noreferrer noopener\">Tutorial de v\u00eddeo de Zoom &#8211; en espa\u00f1ol<\/a><\/em><\/strong><\/p>\n\n\n\n<p><strong><em><a href=\"https:\/\/semead.com.br\/23\/wp-content\/uploads\/sites\/12\/2020\/10\/TUTORIAL-PARA-PRODUCAO-DE-VIDEOS-ZOOM-ESPANHOL.pt_.es_.pdf\" target=\"_blank\" rel=\"noreferrer noopener\">Tutorial para producci\u00f3n de video en Power Point &#8211; en espa\u00f1ol<\/a><\/em><\/strong><\/p>\n\n\n\n<p><strong><em><a rel=\"noreferrer noopener\" href=\"https:\/\/www.youtube.com\/watch?v=xCRMC6EOW88&amp;feature=emb_title\" target=\"_blank\">Tutorial para cargar videos en el sistema<\/a><\/em><\/strong><\/p>\n\n\n\n<p><a href=\"https:\/\/semead.com.br\/23\/wp-content\/uploads\/sites\/12\/2020\/10\/Template-Conneta.pptx\" target=\"_blank\" rel=\"noreferrer noopener\"><strong><em>Template en PowerPoint<\/em><\/strong><\/a><\/p>\n\n\n\n<p>Para presentaciones, sugerimos seguir este gui\u00f3n:<\/p>\n\n\n\n<ul class=\"wp-block-list\"><li>Presentaci\u00f3n personal;<\/li><li>Resumen de la propuesta;<\/li><li>Detalles sobre la oportunidad que ofrece.<\/li><\/ul>\n\n\n\n<p>Caso prefira, poder\u00e1 usar o template anexado a este e-mail.<\/p>\n\n\n\n<p>Finalmente, otra informaci\u00f3n importante:<\/p>\n\n\n\n<p>&#8211; La grabaci\u00f3n de video no puede exceder los 3 minutos;<\/p>\n\n\n\n<p>&#8211; El enlace del video debe publicarse hasta el 6 de noviembre;<\/p>\n\n\n\n<p>&#8211; Se recomienda grabar los videos en calidad Full HD-1080p y en la extensi\u00f3n .mp4;<\/p>\n\n\n\n<p><strong><u>&#8211; La grabaci\u00f3n del video no excluye la necesidad de presentar los trabajos el d\u00eda de su sesi\u00f3n de presentaci\u00f3n. En otras palabras, el autor o autores deben estar presentes en la sesi\u00f3n en l\u00ednea de su trabajo y participar en ella.<\/u><\/strong><\/p>\n\n\n\n<p><strong>2. PADLET<\/strong><\/p>\n\n\n\n<p>Los participantes podr\u00e1n crear publicaciones simples y creativas y publicar en el muro de Padlet Connecta, con el fin de despertar la curiosidad de los dem\u00e1s participantes. Es una especie de &#8220;anuncio&#8221; de su proyecto.<\/p>\n\n\n\n<p>Aqu\u00ed est\u00e1n las instrucciones para publicar en Padlet:<\/p>\n\n\n\n<p>&#8211; Los participantes con proyectos de <strong><u>Connecta Research<\/u><\/strong> aprobados deben publicar en el enlace&nbsp; (<a href=\"https:\/\/padlet.com\/semeadusp\/jpf6hyw2w40rp2ag\">https:\/\/padlet.com\/semeadusp\/jpf6hyw2w40rp2ag<\/a> ). Los participantes con proyectos aprobados en <strong><u>Connecta Teaching<\/u><\/strong> deben publicar en el enlace &nbsp;(<a href=\"https:\/\/padlet.com\/semeadusp\/nhnpnd5gah5w5skl\">https:\/\/padlet.com\/semeadusp\/nhnpnd5gah5w5skl<\/a> )<\/p>\n\n\n\n<p>&#8211; Las publicaciones deben mostrar:<\/p>\n\n\n\n<ul class=\"wp-block-list\"><li>Nombre del proyecto;<\/li><li>Objetivo;<\/li><li>Oportunidad ofrecida;<\/li><\/ul>\n\n\n\n<p>&#8211; Las publicaciones deben tener un m\u00e1ximo de 800 caracteres con espacio. Trate de ser objetivo.<\/p>\n\n\n\n<p>&#8211; El participante puede enriquecer su publicaci\u00f3n con fotos personalizadas, fotos del lugar donde se desarrollar\u00e1 el proyecto, videos grabados invitando a la gente, enlaces y mensajes de voz. La idea es utilizar la creatividad, como las publicaciones que se hacen en las redes sociales.<\/p>\n\n\n\n<p><strong><em><a href=\"https:\/\/youtu.be\/pOV2CRJHHm8\" target=\"_blank\" rel=\"noreferrer noopener\">Tutorial para publicar en el padlet<\/a><\/em><\/strong><\/p>\n\n\n\n<p>Si tiene alguna pregunta, comun\u00edquese con la organizaci\u00f3n de Connecta por correo electr\u00f3nico <a href=\"mailto:italotaumaturgo@usp.br\">italotaumaturgo@usp.br<\/a><\/p>\n","protected":false},"excerpt":{"rendered":"<p>PRESENTACIONES &#8211; CONNECTA &#8211; ESPA\u00d1OL 1. ENV\u00cdO DE VIDEO El autor debe producir el video con su presentaci\u00f3n del proyecto Connecta aprobado y subirlo a YouTube (http:\/\/www.youtube.com). Una vez que se complete la carga, generar\u00e1 el enlace de visualizaci\u00f3n del video, y el autor debe copiar y pegar este enlace en el sistema, iniciando sesi\u00f3n&#8230;<\/p>\n","protected":false},"author":4,"featured_media":0,"parent":0,"menu_order":0,"comment_status":"closed","ping_status":"closed","template":"","meta":{"_acf_changed":false,"_monsterinsights_skip_tracking":false,"_monsterinsights_sitenote_active":false,"_monsterinsights_sitenote_note":"","_monsterinsights_sitenote_category":0,"footnotes":""},"class_list":["post-17105","page","type-page","status-publish","hentry"],"acf":[],"yoast_head":"<!-- This site is optimized with the Yoast SEO plugin v27.1.1 - https:\/\/yoast.com\/product\/yoast-seo-wordpress\/ -->\n<title>PRESENTACIONES - CONNECTA - ESPA\u00d1OL - XXIII SemeAd<\/title>\n<meta name=\"robots\" content=\"index, follow, max-snippet:-1, max-image-preview:large, max-video-preview:-1\" \/>\n<link rel=\"canonical\" href=\"https:\/\/semead.com.br\/23\/presentaciones-connecta-espanol\/\" \/>\n<meta property=\"og:locale\" content=\"pt_BR\" \/>\n<meta property=\"og:type\" content=\"article\" \/>\n<meta property=\"og:title\" content=\"PRESENTACIONES - CONNECTA - ESPA\u00d1OL - XXIII SemeAd\" \/>\n<meta property=\"og:description\" content=\"PRESENTACIONES &#8211; CONNECTA &#8211; ESPA\u00d1OL 1. ENV\u00cdO DE VIDEO El autor debe producir el video con su presentaci\u00f3n del proyecto Connecta aprobado y subirlo a YouTube (http:\/\/www.youtube.com). Una vez que se complete la carga, generar\u00e1 el enlace de visualizaci\u00f3n del video, y el autor debe copiar y pegar este enlace en el sistema, iniciando sesi\u00f3n...\" \/>\n<meta property=\"og:url\" content=\"https:\/\/semead.com.br\/23\/presentaciones-connecta-espanol\/\" \/>\n<meta property=\"og:site_name\" content=\"XXIII SemeAd\" \/>\n<meta property=\"article:modified_time\" content=\"2020-10-28T17:52:41+00:00\" \/>\n<meta name=\"twitter:card\" content=\"summary_large_image\" \/>\n<meta name=\"twitter:label1\" content=\"Est. tempo de leitura\" \/>\n\t<meta name=\"twitter:data1\" content=\"2 minutos\" \/>\n<script type=\"application\/ld+json\" class=\"yoast-schema-graph\">{\"@context\":\"https:\/\/schema.org\",\"@graph\":[{\"@type\":\"WebPage\",\"@id\":\"https:\/\/semead.com.br\/23\/presentaciones-connecta-espanol\/\",\"url\":\"https:\/\/semead.com.br\/23\/presentaciones-connecta-espanol\/\",\"name\":\"PRESENTACIONES - CONNECTA - ESPA\u00d1OL - XXIII SemeAd\",\"isPartOf\":{\"@id\":\"https:\/\/semead.com.br\/23\/#website\"},\"datePublished\":\"2020-10-28T15:55:30+00:00\",\"dateModified\":\"2020-10-28T17:52:41+00:00\",\"breadcrumb\":{\"@id\":\"https:\/\/semead.com.br\/23\/presentaciones-connecta-espanol\/#breadcrumb\"},\"inLanguage\":\"pt-BR\",\"potentialAction\":[{\"@type\":\"ReadAction\",\"target\":[\"https:\/\/semead.com.br\/23\/presentaciones-connecta-espanol\/\"]}]},{\"@type\":\"BreadcrumbList\",\"@id\":\"https:\/\/semead.com.br\/23\/presentaciones-connecta-espanol\/#breadcrumb\",\"itemListElement\":[{\"@type\":\"ListItem\",\"position\":1,\"name\":\"In\u00edcio\",\"item\":\"https:\/\/semead.com.br\/23\/\"},{\"@type\":\"ListItem\",\"position\":2,\"name\":\"PRESENTACIONES &#8211; CONNECTA &#8211; ESPA\u00d1OL\"}]},{\"@type\":\"WebSite\",\"@id\":\"https:\/\/semead.com.br\/23\/#website\",\"url\":\"https:\/\/semead.com.br\/23\/\",\"name\":\"XXIII SemeAd\",\"description\":\"Semin\u00e1rios em Administra\u00e7\u00e3o\",\"potentialAction\":[{\"@type\":\"SearchAction\",\"target\":{\"@type\":\"EntryPoint\",\"urlTemplate\":\"https:\/\/semead.com.br\/23\/?s={search_term_string}\"},\"query-input\":{\"@type\":\"PropertyValueSpecification\",\"valueRequired\":true,\"valueName\":\"search_term_string\"}}],\"inLanguage\":\"pt-BR\"}]}<\/script>\n<!-- \/ Yoast SEO plugin. -->","yoast_head_json":{"title":"PRESENTACIONES - CONNECTA - ESPA\u00d1OL - XXIII SemeAd","robots":{"index":"index","follow":"follow","max-snippet":"max-snippet:-1","max-image-preview":"max-image-preview:large","max-video-preview":"max-video-preview:-1"},"canonical":"https:\/\/semead.com.br\/23\/presentaciones-connecta-espanol\/","og_locale":"pt_BR","og_type":"article","og_title":"PRESENTACIONES - CONNECTA - ESPA\u00d1OL - XXIII SemeAd","og_description":"PRESENTACIONES &#8211; CONNECTA &#8211; ESPA\u00d1OL 1. ENV\u00cdO DE VIDEO El autor debe producir el video con su presentaci\u00f3n del proyecto Connecta aprobado y subirlo a YouTube (http:\/\/www.youtube.com). Una vez que se complete la carga, generar\u00e1 el enlace de visualizaci\u00f3n del video, y el autor debe copiar y pegar este enlace en el sistema, iniciando sesi\u00f3n...","og_url":"https:\/\/semead.com.br\/23\/presentaciones-connecta-espanol\/","og_site_name":"XXIII SemeAd","article_modified_time":"2020-10-28T17:52:41+00:00","twitter_card":"summary_large_image","twitter_misc":{"Est. tempo de leitura":"2 minutos"},"schema":{"@context":"https:\/\/schema.org","@graph":[{"@type":"WebPage","@id":"https:\/\/semead.com.br\/23\/presentaciones-connecta-espanol\/","url":"https:\/\/semead.com.br\/23\/presentaciones-connecta-espanol\/","name":"PRESENTACIONES - CONNECTA - ESPA\u00d1OL - XXIII SemeAd","isPartOf":{"@id":"https:\/\/semead.com.br\/23\/#website"},"datePublished":"2020-10-28T15:55:30+00:00","dateModified":"2020-10-28T17:52:41+00:00","breadcrumb":{"@id":"https:\/\/semead.com.br\/23\/presentaciones-connecta-espanol\/#breadcrumb"},"inLanguage":"pt-BR","potentialAction":[{"@type":"ReadAction","target":["https:\/\/semead.com.br\/23\/presentaciones-connecta-espanol\/"]}]},{"@type":"BreadcrumbList","@id":"https:\/\/semead.com.br\/23\/presentaciones-connecta-espanol\/#breadcrumb","itemListElement":[{"@type":"ListItem","position":1,"name":"In\u00edcio","item":"https:\/\/semead.com.br\/23\/"},{"@type":"ListItem","position":2,"name":"PRESENTACIONES &#8211; CONNECTA &#8211; ESPA\u00d1OL"}]},{"@type":"WebSite","@id":"https:\/\/semead.com.br\/23\/#website","url":"https:\/\/semead.com.br\/23\/","name":"XXIII SemeAd","description":"Semin\u00e1rios em Administra\u00e7\u00e3o","potentialAction":[{"@type":"SearchAction","target":{"@type":"EntryPoint","urlTemplate":"https:\/\/semead.com.br\/23\/?s={search_term_string}"},"query-input":{"@type":"PropertyValueSpecification","valueRequired":true,"valueName":"search_term_string"}}],"inLanguage":"pt-BR"}]}},"_links":{"self":[{"href":"https:\/\/semead.com.br\/23\/wp-json\/wp\/v2\/pages\/17105","targetHints":{"allow":["GET"]}}],"collection":[{"href":"https:\/\/semead.com.br\/23\/wp-json\/wp\/v2\/pages"}],"about":[{"href":"https:\/\/semead.com.br\/23\/wp-json\/wp\/v2\/types\/page"}],"author":[{"embeddable":true,"href":"https:\/\/semead.com.br\/23\/wp-json\/wp\/v2\/users\/4"}],"replies":[{"embeddable":true,"href":"https:\/\/semead.com.br\/23\/wp-json\/wp\/v2\/comments?post=17105"}],"version-history":[{"count":0,"href":"https:\/\/semead.com.br\/23\/wp-json\/wp\/v2\/pages\/17105\/revisions"}],"wp:attachment":[{"href":"https:\/\/semead.com.br\/23\/wp-json\/wp\/v2\/media?parent=17105"}],"curies":[{"name":"wp","href":"https:\/\/api.w.org\/{rel}","templated":true}]}}