{"id":17298,"date":"2020-11-19T13:55:57","date_gmt":"2020-11-19T16:55:57","guid":{"rendered":"https:\/\/semead.com.br\/23\/?page_id=17298"},"modified":"2020-11-25T13:38:09","modified_gmt":"2020-11-25T16:38:09","slug":"phd-natalia-vidal-university-of-new-mexico","status":"publish","type":"page","link":"https:\/\/semead.com.br\/23\/phd-natalia-vidal-university-of-new-mexico\/","title":{"rendered":"PhD. Natalia Vidal \u2013 University of New Mexico"},"content":{"rendered":"\t\t<div data-elementor-type=\"wp-page\" data-elementor-id=\"17298\" class=\"elementor elementor-17298\">\n\t\t\t\t\t\t<section class=\"elementor-section elementor-top-section elementor-element elementor-element-d6d5e35 elementor-section-boxed elementor-section-height-default elementor-section-height-default\" data-id=\"d6d5e35\" data-element_type=\"section\" data-e-type=\"section\">\n\t\t\t\t\t\t<div class=\"elementor-container elementor-column-gap-default\">\n\t\t\t\t\t<div class=\"elementor-column elementor-col-100 elementor-top-column elementor-element elementor-element-344ba99\" data-id=\"344ba99\" data-element_type=\"column\" data-e-type=\"column\">\n\t\t\t<div class=\"elementor-widget-wrap elementor-element-populated\">\n\t\t\t\t\t\t<div class=\"elementor-element elementor-element-9d629ef elementor-widget elementor-widget-heading\" data-id=\"9d629ef\" data-element_type=\"widget\" data-e-type=\"widget\" data-widget_type=\"heading.default\">\n\t\t\t\t<div class=\"elementor-widget-container\">\n\t\t\t\t\t<h2 class=\"elementor-heading-title elementor-size-default\"><strong style=\"font-family: Roboto, sans-serif;white-space: normal\">ATIVIDADES ABERTAS \u00c0 COMUNIDADE<\/strong><br><\/h2>\t\t\t\t<\/div>\n\t\t\t\t<\/div>\n\t\t\t\t<section class=\"elementor-section elementor-inner-section elementor-element elementor-element-5a5b345 elementor-section-boxed elementor-section-height-default elementor-section-height-default\" data-id=\"5a5b345\" data-element_type=\"section\" data-e-type=\"section\" data-settings=\"{&quot;background_background&quot;:&quot;classic&quot;}\">\n\t\t\t\t\t\t<div class=\"elementor-container elementor-column-gap-default\">\n\t\t\t\t\t<div class=\"elementor-column elementor-col-50 elementor-inner-column elementor-element elementor-element-d717214\" data-id=\"d717214\" data-element_type=\"column\" data-e-type=\"column\">\n\t\t\t<div class=\"elementor-widget-wrap elementor-element-populated\">\n\t\t\t\t\t\t<div class=\"elementor-element elementor-element-cee7e15 elementor-widget elementor-widget-image\" data-id=\"cee7e15\" data-element_type=\"widget\" data-e-type=\"widget\" data-widget_type=\"image.default\">\n\t\t\t\t<div class=\"elementor-widget-container\">\n\t\t\t\t\t\t\t\t\t\t\t\t\t\t\t<img fetchpriority=\"high\" decoding=\"async\" width=\"1024\" height=\"1024\" src=\"https:\/\/semead.com.br\/23\/wp-content\/uploads\/sites\/12\/2020\/11\/04-Natalia-Vidal-1024x1024.png\" class=\"attachment-large size-large wp-image-17234\" alt=\"\" srcset=\"https:\/\/semead.com.br\/23\/wp-content\/uploads\/sites\/12\/2020\/11\/04-Natalia-Vidal-1024x1024.png 1024w, https:\/\/semead.com.br\/23\/wp-content\/uploads\/sites\/12\/2020\/11\/04-Natalia-Vidal-300x300.png 300w, https:\/\/semead.com.br\/23\/wp-content\/uploads\/sites\/12\/2020\/11\/04-Natalia-Vidal-150x150.png 150w, https:\/\/semead.com.br\/23\/wp-content\/uploads\/sites\/12\/2020\/11\/04-Natalia-Vidal-768x769.png 768w, https:\/\/semead.com.br\/23\/wp-content\/uploads\/sites\/12\/2020\/11\/04-Natalia-Vidal-1536x1536.png 1536w, https:\/\/semead.com.br\/23\/wp-content\/uploads\/sites\/12\/2020\/11\/04-Natalia-Vidal-2046x2048.png 2046w, https:\/\/semead.com.br\/23\/wp-content\/uploads\/sites\/12\/2020\/11\/04-Natalia-Vidal-400x400.png 400w\" sizes=\"(max-width: 1024px) 100vw, 1024px\" \/>\t\t\t\t\t\t\t\t\t\t\t\t\t\t\t<\/div>\n\t\t\t\t<\/div>\n\t\t\t\t\t<\/div>\n\t\t<\/div>\n\t\t\t\t<div class=\"elementor-column elementor-col-50 elementor-inner-column elementor-element elementor-element-e4793cd\" data-id=\"e4793cd\" data-element_type=\"column\" data-e-type=\"column\">\n\t\t\t<div class=\"elementor-widget-wrap elementor-element-populated\">\n\t\t\t\t\t\t<div class=\"elementor-element elementor-element-a6e5616 elementor-widget elementor-widget-text-editor\" data-id=\"a6e5616\" data-element_type=\"widget\" data-e-type=\"widget\" data-widget_type=\"text-editor.default\">\n\t\t\t\t<div class=\"elementor-widget-container\">\n\t\t\t\t\t\t\t\t\t<p>PhD. Natalia Vidal \u2013 University of New Mexico<br \/>Tema: Sustainable Business Management<\/p><p>Data: 25 de novembro 2020 das 13h00 \u00e0s 14h30<\/p>\t\t\t\t\t\t\t\t<\/div>\n\t\t\t\t<\/div>\n\t\t\t\t\t<\/div>\n\t\t<\/div>\n\t\t\t\t\t<\/div>\n\t\t<\/section>\n\t\t\t\t\t<\/div>\n\t\t<\/div>\n\t\t\t\t\t<\/div>\n\t\t<\/section>\n\t\t\t\t<section class=\"elementor-section elementor-top-section elementor-element elementor-element-f4f4059 elementor-section-boxed elementor-section-height-default elementor-section-height-default\" data-id=\"f4f4059\" data-element_type=\"section\" data-e-type=\"section\">\n\t\t\t\t\t\t<div class=\"elementor-container elementor-column-gap-default\">\n\t\t\t\t\t<div class=\"elementor-column elementor-col-100 elementor-top-column elementor-element elementor-element-2f56bfb\" data-id=\"2f56bfb\" data-element_type=\"column\" data-e-type=\"column\">\n\t\t\t<div class=\"elementor-widget-wrap elementor-element-populated\">\n\t\t\t\t\t\t<div class=\"elementor-element elementor-element-a6c0565 elementor-widget elementor-widget-video\" data-id=\"a6c0565\" data-element_type=\"widget\" data-e-type=\"widget\" data-settings=\"{&quot;youtube_url&quot;:&quot;https:\\\/\\\/www.youtube.com\\\/watch?v=607Gw3ESFog&quot;,&quot;video_type&quot;:&quot;youtube&quot;,&quot;controls&quot;:&quot;yes&quot;}\" data-widget_type=\"video.default\">\n\t\t\t\t<div class=\"elementor-widget-container\">\n\t\t\t\t\t\t\t<div class=\"elementor-wrapper elementor-open-inline\">\n\t\t\t<div class=\"elementor-video\"><\/div>\t\t<\/div>\n\t\t\t\t\t\t<\/div>\n\t\t\t\t<\/div>\n\t\t\t\t\t<\/div>\n\t\t<\/div>\n\t\t\t\t\t<\/div>\n\t\t<\/section>\n\t\t\t\t<section class=\"elementor-section elementor-top-section elementor-element elementor-element-c293aeb elementor-section-boxed elementor-section-height-default elementor-section-height-default\" data-id=\"c293aeb\" data-element_type=\"section\" data-e-type=\"section\">\n\t\t\t\t\t\t<div class=\"elementor-container elementor-column-gap-default\">\n\t\t\t\t\t<div class=\"elementor-column elementor-col-100 elementor-top-column elementor-element elementor-element-473bd3e\" data-id=\"473bd3e\" data-element_type=\"column\" data-e-type=\"column\">\n\t\t\t<div class=\"elementor-widget-wrap elementor-element-populated\">\n\t\t\t\t\t\t<div class=\"elementor-element elementor-element-2fb0417 elementor-widget-divider--view-line elementor-widget elementor-widget-divider\" data-id=\"2fb0417\" data-element_type=\"widget\" data-e-type=\"widget\" data-widget_type=\"divider.default\">\n\t\t\t\t<div class=\"elementor-widget-container\">\n\t\t\t\t\t\t\t<div class=\"elementor-divider\">\n\t\t\t<span class=\"elementor-divider-separator\">\n\t\t\t\t\t\t<\/span>\n\t\t<\/div>\n\t\t\t\t\t\t<\/div>\n\t\t\t\t<\/div>\n\t\t\t\t\t<\/div>\n\t\t<\/div>\n\t\t\t\t\t<\/div>\n\t\t<\/section>\n\t\t\t\t<\/div>\n\t\t","protected":false},"excerpt":{"rendered":"<p>ATIVIDADES ABERTAS \u00c0 COMUNIDADE PhD. Natalia Vidal \u2013 University of New MexicoTema: Sustainable Business Management Data: 25 de novembro 2020 das 13h00 \u00e0s 14h30 https:\/\/www.youtube.com\/watch?v=607Gw3ESFog<\/p>\n","protected":false},"author":1,"featured_media":0,"parent":0,"menu_order":0,"comment_status":"closed","ping_status":"closed","template":"","meta":{"_acf_changed":false,"_monsterinsights_skip_tracking":false,"_monsterinsights_sitenote_active":false,"_monsterinsights_sitenote_note":"","_monsterinsights_sitenote_category":0,"footnotes":""},"class_list":["post-17298","page","type-page","status-publish","hentry"],"acf":[],"yoast_head":"<!-- This site is optimized with the Yoast SEO plugin v27.1.1 - https:\/\/yoast.com\/product\/yoast-seo-wordpress\/ -->\n<title>PhD. Natalia Vidal \u2013 University of New Mexico - XXIII SemeAd<\/title>\n<meta name=\"robots\" content=\"index, follow, max-snippet:-1, max-image-preview:large, max-video-preview:-1\" \/>\n<link rel=\"canonical\" href=\"https:\/\/semead.com.br\/23\/phd-natalia-vidal-university-of-new-mexico\/\" \/>\n<meta property=\"og:locale\" content=\"pt_BR\" \/>\n<meta property=\"og:type\" content=\"article\" \/>\n<meta property=\"og:title\" content=\"PhD. Natalia Vidal \u2013 University of New Mexico - XXIII SemeAd\" \/>\n<meta property=\"og:description\" content=\"ATIVIDADES ABERTAS \u00c0 COMUNIDADE PhD. Natalia Vidal \u2013 University of New MexicoTema: Sustainable Business Management Data: 25 de novembro 2020 das 13h00 \u00e0s 14h30 https:\/\/www.youtube.com\/watch?v=607Gw3ESFog\" \/>\n<meta property=\"og:url\" content=\"https:\/\/semead.com.br\/23\/phd-natalia-vidal-university-of-new-mexico\/\" \/>\n<meta property=\"og:site_name\" content=\"XXIII SemeAd\" \/>\n<meta property=\"article:modified_time\" content=\"2020-11-25T16:38:09+00:00\" \/>\n<meta property=\"og:image\" content=\"https:\/\/semead.com.br\/23\/wp-content\/uploads\/sites\/12\/2020\/11\/04-Natalia-Vidal-1024x1024.png\" \/>\n<meta name=\"twitter:card\" content=\"summary_large_image\" \/>\n<script type=\"application\/ld+json\" class=\"yoast-schema-graph\">{\"@context\":\"https:\/\/schema.org\",\"@graph\":[{\"@type\":\"WebPage\",\"@id\":\"https:\/\/semead.com.br\/23\/phd-natalia-vidal-university-of-new-mexico\/\",\"url\":\"https:\/\/semead.com.br\/23\/phd-natalia-vidal-university-of-new-mexico\/\",\"name\":\"PhD. Natalia Vidal \u2013 University of New Mexico - XXIII SemeAd\",\"isPartOf\":{\"@id\":\"https:\/\/semead.com.br\/23\/#website\"},\"primaryImageOfPage\":{\"@id\":\"https:\/\/semead.com.br\/23\/phd-natalia-vidal-university-of-new-mexico\/#primaryimage\"},\"image\":{\"@id\":\"https:\/\/semead.com.br\/23\/phd-natalia-vidal-university-of-new-mexico\/#primaryimage\"},\"thumbnailUrl\":\"https:\/\/semead.com.br\/23\/wp-content\/uploads\/sites\/12\/2020\/11\/04-Natalia-Vidal-1024x1024.png\",\"datePublished\":\"2020-11-19T16:55:57+00:00\",\"dateModified\":\"2020-11-25T16:38:09+00:00\",\"breadcrumb\":{\"@id\":\"https:\/\/semead.com.br\/23\/phd-natalia-vidal-university-of-new-mexico\/#breadcrumb\"},\"inLanguage\":\"pt-BR\",\"potentialAction\":[{\"@type\":\"ReadAction\",\"target\":[\"https:\/\/semead.com.br\/23\/phd-natalia-vidal-university-of-new-mexico\/\"]}]},{\"@type\":\"ImageObject\",\"inLanguage\":\"pt-BR\",\"@id\":\"https:\/\/semead.com.br\/23\/phd-natalia-vidal-university-of-new-mexico\/#primaryimage\",\"url\":\"https:\/\/semead.com.br\/23\/wp-content\/uploads\/sites\/12\/2020\/11\/04-Natalia-Vidal.png\",\"contentUrl\":\"https:\/\/semead.com.br\/23\/wp-content\/uploads\/sites\/12\/2020\/11\/04-Natalia-Vidal.png\",\"width\":2161,\"height\":2163},{\"@type\":\"BreadcrumbList\",\"@id\":\"https:\/\/semead.com.br\/23\/phd-natalia-vidal-university-of-new-mexico\/#breadcrumb\",\"itemListElement\":[{\"@type\":\"ListItem\",\"position\":1,\"name\":\"In\u00edcio\",\"item\":\"https:\/\/semead.com.br\/23\/\"},{\"@type\":\"ListItem\",\"position\":2,\"name\":\"PhD. Natalia Vidal \u2013 University of New Mexico\"}]},{\"@type\":\"WebSite\",\"@id\":\"https:\/\/semead.com.br\/23\/#website\",\"url\":\"https:\/\/semead.com.br\/23\/\",\"name\":\"XXIII SemeAd\",\"description\":\"Semin\u00e1rios em Administra\u00e7\u00e3o\",\"potentialAction\":[{\"@type\":\"SearchAction\",\"target\":{\"@type\":\"EntryPoint\",\"urlTemplate\":\"https:\/\/semead.com.br\/23\/?s={search_term_string}\"},\"query-input\":{\"@type\":\"PropertyValueSpecification\",\"valueRequired\":true,\"valueName\":\"search_term_string\"}}],\"inLanguage\":\"pt-BR\"}]}<\/script>\n<!-- \/ Yoast SEO plugin. -->","yoast_head_json":{"title":"PhD. Natalia Vidal \u2013 University of New Mexico - XXIII SemeAd","robots":{"index":"index","follow":"follow","max-snippet":"max-snippet:-1","max-image-preview":"max-image-preview:large","max-video-preview":"max-video-preview:-1"},"canonical":"https:\/\/semead.com.br\/23\/phd-natalia-vidal-university-of-new-mexico\/","og_locale":"pt_BR","og_type":"article","og_title":"PhD. Natalia Vidal \u2013 University of New Mexico - XXIII SemeAd","og_description":"ATIVIDADES ABERTAS \u00c0 COMUNIDADE PhD. Natalia Vidal \u2013 University of New MexicoTema: Sustainable Business Management Data: 25 de novembro 2020 das 13h00 \u00e0s 14h30 https:\/\/www.youtube.com\/watch?v=607Gw3ESFog","og_url":"https:\/\/semead.com.br\/23\/phd-natalia-vidal-university-of-new-mexico\/","og_site_name":"XXIII SemeAd","article_modified_time":"2020-11-25T16:38:09+00:00","og_image":[{"url":"https:\/\/semead.com.br\/23\/wp-content\/uploads\/sites\/12\/2020\/11\/04-Natalia-Vidal-1024x1024.png","type":"","width":"","height":""}],"twitter_card":"summary_large_image","schema":{"@context":"https:\/\/schema.org","@graph":[{"@type":"WebPage","@id":"https:\/\/semead.com.br\/23\/phd-natalia-vidal-university-of-new-mexico\/","url":"https:\/\/semead.com.br\/23\/phd-natalia-vidal-university-of-new-mexico\/","name":"PhD. Natalia Vidal \u2013 University of New Mexico - XXIII SemeAd","isPartOf":{"@id":"https:\/\/semead.com.br\/23\/#website"},"primaryImageOfPage":{"@id":"https:\/\/semead.com.br\/23\/phd-natalia-vidal-university-of-new-mexico\/#primaryimage"},"image":{"@id":"https:\/\/semead.com.br\/23\/phd-natalia-vidal-university-of-new-mexico\/#primaryimage"},"thumbnailUrl":"https:\/\/semead.com.br\/23\/wp-content\/uploads\/sites\/12\/2020\/11\/04-Natalia-Vidal-1024x1024.png","datePublished":"2020-11-19T16:55:57+00:00","dateModified":"2020-11-25T16:38:09+00:00","breadcrumb":{"@id":"https:\/\/semead.com.br\/23\/phd-natalia-vidal-university-of-new-mexico\/#breadcrumb"},"inLanguage":"pt-BR","potentialAction":[{"@type":"ReadAction","target":["https:\/\/semead.com.br\/23\/phd-natalia-vidal-university-of-new-mexico\/"]}]},{"@type":"ImageObject","inLanguage":"pt-BR","@id":"https:\/\/semead.com.br\/23\/phd-natalia-vidal-university-of-new-mexico\/#primaryimage","url":"https:\/\/semead.com.br\/23\/wp-content\/uploads\/sites\/12\/2020\/11\/04-Natalia-Vidal.png","contentUrl":"https:\/\/semead.com.br\/23\/wp-content\/uploads\/sites\/12\/2020\/11\/04-Natalia-Vidal.png","width":2161,"height":2163},{"@type":"BreadcrumbList","@id":"https:\/\/semead.com.br\/23\/phd-natalia-vidal-university-of-new-mexico\/#breadcrumb","itemListElement":[{"@type":"ListItem","position":1,"name":"In\u00edcio","item":"https:\/\/semead.com.br\/23\/"},{"@type":"ListItem","position":2,"name":"PhD. Natalia Vidal \u2013 University of New Mexico"}]},{"@type":"WebSite","@id":"https:\/\/semead.com.br\/23\/#website","url":"https:\/\/semead.com.br\/23\/","name":"XXIII SemeAd","description":"Semin\u00e1rios em Administra\u00e7\u00e3o","potentialAction":[{"@type":"SearchAction","target":{"@type":"EntryPoint","urlTemplate":"https:\/\/semead.com.br\/23\/?s={search_term_string}"},"query-input":{"@type":"PropertyValueSpecification","valueRequired":true,"valueName":"search_term_string"}}],"inLanguage":"pt-BR"}]}},"_links":{"self":[{"href":"https:\/\/semead.com.br\/23\/wp-json\/wp\/v2\/pages\/17298","targetHints":{"allow":["GET"]}}],"collection":[{"href":"https:\/\/semead.com.br\/23\/wp-json\/wp\/v2\/pages"}],"about":[{"href":"https:\/\/semead.com.br\/23\/wp-json\/wp\/v2\/types\/page"}],"author":[{"embeddable":true,"href":"https:\/\/semead.com.br\/23\/wp-json\/wp\/v2\/users\/1"}],"replies":[{"embeddable":true,"href":"https:\/\/semead.com.br\/23\/wp-json\/wp\/v2\/comments?post=17298"}],"version-history":[{"count":0,"href":"https:\/\/semead.com.br\/23\/wp-json\/wp\/v2\/pages\/17298\/revisions"}],"wp:attachment":[{"href":"https:\/\/semead.com.br\/23\/wp-json\/wp\/v2\/media?parent=17298"}],"curies":[{"name":"wp","href":"https:\/\/api.w.org\/{rel}","templated":true}]}}