{"id":17306,"date":"2020-11-19T14:02:01","date_gmt":"2020-11-19T17:02:01","guid":{"rendered":"https:\/\/semead.com.br\/23\/?page_id=17306"},"modified":"2020-11-25T13:10:20","modified_gmt":"2020-11-25T16:10:20","slug":"dr-james-mcglothin-purdue-university","status":"publish","type":"page","link":"https:\/\/semead.com.br\/23\/dr-james-mcglothin-purdue-university\/","title":{"rendered":"Dr. James McGlothin \u2013 Purdue University"},"content":{"rendered":"\t\t<div data-elementor-type=\"wp-page\" data-elementor-id=\"17306\" class=\"elementor elementor-17306\">\n\t\t\t\t\t\t<section class=\"elementor-section elementor-top-section elementor-element elementor-element-d6d5e35 elementor-section-boxed elementor-section-height-default elementor-section-height-default\" data-id=\"d6d5e35\" data-element_type=\"section\" data-e-type=\"section\">\n\t\t\t\t\t\t<div class=\"elementor-container elementor-column-gap-default\">\n\t\t\t\t\t<div class=\"elementor-column elementor-col-100 elementor-top-column elementor-element elementor-element-344ba99\" data-id=\"344ba99\" data-element_type=\"column\" data-e-type=\"column\">\n\t\t\t<div class=\"elementor-widget-wrap elementor-element-populated\">\n\t\t\t\t\t\t<div class=\"elementor-element elementor-element-9d629ef elementor-widget elementor-widget-heading\" data-id=\"9d629ef\" data-element_type=\"widget\" data-e-type=\"widget\" data-widget_type=\"heading.default\">\n\t\t\t\t<div class=\"elementor-widget-container\">\n\t\t\t\t\t<h2 class=\"elementor-heading-title elementor-size-default\"><strong style=\"font-family: Roboto, sans-serif;white-space: normal\">ATIVIDADES ABERTAS \u00c0 COMUNIDADE<\/strong><br><\/h2>\t\t\t\t<\/div>\n\t\t\t\t<\/div>\n\t\t\t\t<section class=\"elementor-section elementor-inner-section elementor-element elementor-element-5a5b345 elementor-section-boxed elementor-section-height-default elementor-section-height-default\" data-id=\"5a5b345\" data-element_type=\"section\" data-e-type=\"section\" data-settings=\"{&quot;background_background&quot;:&quot;classic&quot;}\">\n\t\t\t\t\t\t<div class=\"elementor-container elementor-column-gap-default\">\n\t\t\t\t\t<div class=\"elementor-column elementor-col-50 elementor-inner-column elementor-element elementor-element-d717214\" data-id=\"d717214\" data-element_type=\"column\" data-e-type=\"column\">\n\t\t\t<div class=\"elementor-widget-wrap elementor-element-populated\">\n\t\t\t\t\t\t<div class=\"elementor-element elementor-element-cee7e15 elementor-widget elementor-widget-image\" data-id=\"cee7e15\" data-element_type=\"widget\" data-e-type=\"widget\" data-widget_type=\"image.default\">\n\t\t\t\t<div class=\"elementor-widget-container\">\n\t\t\t\t\t\t\t\t\t\t\t\t\t\t\t<img fetchpriority=\"high\" decoding=\"async\" width=\"1024\" height=\"1024\" src=\"https:\/\/semead.com.br\/23\/wp-content\/uploads\/sites\/12\/2020\/11\/06-James-McGlothlin-1024x1024.png\" class=\"attachment-large size-large wp-image-17237\" alt=\"\" srcset=\"https:\/\/semead.com.br\/23\/wp-content\/uploads\/sites\/12\/2020\/11\/06-James-McGlothlin-1024x1024.png 1024w, https:\/\/semead.com.br\/23\/wp-content\/uploads\/sites\/12\/2020\/11\/06-James-McGlothlin-300x300.png 300w, https:\/\/semead.com.br\/23\/wp-content\/uploads\/sites\/12\/2020\/11\/06-James-McGlothlin-150x150.png 150w, https:\/\/semead.com.br\/23\/wp-content\/uploads\/sites\/12\/2020\/11\/06-James-McGlothlin-768x768.png 768w, https:\/\/semead.com.br\/23\/wp-content\/uploads\/sites\/12\/2020\/11\/06-James-McGlothlin-1536x1536.png 1536w, https:\/\/semead.com.br\/23\/wp-content\/uploads\/sites\/12\/2020\/11\/06-James-McGlothlin-2048x2048.png 2048w, https:\/\/semead.com.br\/23\/wp-content\/uploads\/sites\/12\/2020\/11\/06-James-McGlothlin-400x400.png 400w\" sizes=\"(max-width: 1024px) 100vw, 1024px\" \/>\t\t\t\t\t\t\t\t\t\t\t\t\t\t\t<\/div>\n\t\t\t\t<\/div>\n\t\t\t\t\t<\/div>\n\t\t<\/div>\n\t\t\t\t<div class=\"elementor-column elementor-col-50 elementor-inner-column elementor-element elementor-element-e4793cd\" data-id=\"e4793cd\" data-element_type=\"column\" data-e-type=\"column\">\n\t\t\t<div class=\"elementor-widget-wrap elementor-element-populated\">\n\t\t\t\t\t\t<div class=\"elementor-element elementor-element-a6e5616 elementor-widget elementor-widget-text-editor\" data-id=\"a6e5616\" data-element_type=\"widget\" data-e-type=\"widget\" data-widget_type=\"text-editor.default\">\n\t\t\t\t<div class=\"elementor-widget-container\">\n\t\t\t\t\t\t\t\t\t<p>Dr. James McGlothin \u2013 Purdue University<br \/>Tema: Human Factors Attributes of the Surgical N95 Respirator and Face Mask During Pandemics<\/p><p>Data: 25 de novembro 2020 das 13h00 \u00e0s 14h30.<\/p>\t\t\t\t\t\t\t\t<\/div>\n\t\t\t\t<\/div>\n\t\t\t\t\t<\/div>\n\t\t<\/div>\n\t\t\t\t\t<\/div>\n\t\t<\/section>\n\t\t\t\t<div class=\"elementor-element elementor-element-9b1480c elementor-widget elementor-widget-html\" data-id=\"9b1480c\" data-element_type=\"widget\" data-e-type=\"widget\" data-widget_type=\"html.default\">\n\t\t\t\t<div class=\"elementor-widget-container\">\n\t\t\t\t\t<iframe width=\"560\" height=\"315\" src=\"https:\/\/www.youtube.com\/embed\/UfarFppjVtg\" frameborder=\"0\" allow=\"accelerometer; autoplay; clipboard-write; encrypted-media; gyroscope; picture-in-picture\" allowfullscreen><\/iframe>\t\t\t\t<\/div>\n\t\t\t\t<\/div>\n\t\t\t\t\t<\/div>\n\t\t<\/div>\n\t\t\t\t\t<\/div>\n\t\t<\/section>\n\t\t\t\t<section class=\"elementor-section elementor-top-section elementor-element elementor-element-c293aeb elementor-section-boxed elementor-section-height-default elementor-section-height-default\" data-id=\"c293aeb\" data-element_type=\"section\" data-e-type=\"section\">\n\t\t\t\t\t\t<div class=\"elementor-container elementor-column-gap-default\">\n\t\t\t\t\t<div class=\"elementor-column elementor-col-100 elementor-top-column elementor-element elementor-element-473bd3e\" data-id=\"473bd3e\" data-element_type=\"column\" data-e-type=\"column\">\n\t\t\t<div class=\"elementor-widget-wrap elementor-element-populated\">\n\t\t\t\t\t\t<div class=\"elementor-element elementor-element-2fb0417 elementor-widget-divider--view-line elementor-widget elementor-widget-divider\" data-id=\"2fb0417\" data-element_type=\"widget\" data-e-type=\"widget\" data-widget_type=\"divider.default\">\n\t\t\t\t<div class=\"elementor-widget-container\">\n\t\t\t\t\t\t\t<div class=\"elementor-divider\">\n\t\t\t<span class=\"elementor-divider-separator\">\n\t\t\t\t\t\t<\/span>\n\t\t<\/div>\n\t\t\t\t\t\t<\/div>\n\t\t\t\t<\/div>\n\t\t\t\t\t<\/div>\n\t\t<\/div>\n\t\t\t\t\t<\/div>\n\t\t<\/section>\n\t\t\t\t<\/div>\n\t\t","protected":false},"excerpt":{"rendered":"<p>ATIVIDADES ABERTAS \u00c0 COMUNIDADE Dr. James McGlothin \u2013 Purdue UniversityTema: Human Factors Attributes of the Surgical N95 Respirator and Face Mask During Pandemics Data: 25 de novembro 2020 das 13h00 \u00e0s 14h30.<\/p>\n","protected":false},"author":1,"featured_media":0,"parent":0,"menu_order":0,"comment_status":"closed","ping_status":"closed","template":"","meta":{"_acf_changed":false,"_monsterinsights_skip_tracking":false,"_monsterinsights_sitenote_active":false,"_monsterinsights_sitenote_note":"","_monsterinsights_sitenote_category":0,"footnotes":""},"class_list":["post-17306","page","type-page","status-publish","hentry"],"acf":[],"yoast_head":"<!-- This site is optimized with the Yoast SEO plugin v27.1.1 - https:\/\/yoast.com\/product\/yoast-seo-wordpress\/ -->\n<title>Dr. James McGlothin \u2013 Purdue University - XXIII SemeAd<\/title>\n<meta name=\"robots\" content=\"index, follow, max-snippet:-1, max-image-preview:large, max-video-preview:-1\" \/>\n<link rel=\"canonical\" href=\"https:\/\/semead.com.br\/23\/dr-james-mcglothin-purdue-university\/\" \/>\n<meta property=\"og:locale\" content=\"pt_BR\" \/>\n<meta property=\"og:type\" content=\"article\" \/>\n<meta property=\"og:title\" content=\"Dr. James McGlothin \u2013 Purdue University - XXIII SemeAd\" \/>\n<meta property=\"og:description\" content=\"ATIVIDADES ABERTAS \u00c0 COMUNIDADE Dr. James McGlothin \u2013 Purdue UniversityTema: Human Factors Attributes of the Surgical N95 Respirator and Face Mask During Pandemics Data: 25 de novembro 2020 das 13h00 \u00e0s 14h30.\" \/>\n<meta property=\"og:url\" content=\"https:\/\/semead.com.br\/23\/dr-james-mcglothin-purdue-university\/\" \/>\n<meta property=\"og:site_name\" content=\"XXIII SemeAd\" \/>\n<meta property=\"article:modified_time\" content=\"2020-11-25T16:10:20+00:00\" \/>\n<meta property=\"og:image\" content=\"https:\/\/semead.com.br\/23\/wp-content\/uploads\/sites\/12\/2020\/11\/06-James-McGlothlin-1024x1024.png\" \/>\n<meta name=\"twitter:card\" content=\"summary_large_image\" \/>\n<script type=\"application\/ld+json\" class=\"yoast-schema-graph\">{\"@context\":\"https:\/\/schema.org\",\"@graph\":[{\"@type\":\"WebPage\",\"@id\":\"https:\/\/semead.com.br\/23\/dr-james-mcglothin-purdue-university\/\",\"url\":\"https:\/\/semead.com.br\/23\/dr-james-mcglothin-purdue-university\/\",\"name\":\"Dr. James McGlothin \u2013 Purdue University - XXIII SemeAd\",\"isPartOf\":{\"@id\":\"https:\/\/semead.com.br\/23\/#website\"},\"primaryImageOfPage\":{\"@id\":\"https:\/\/semead.com.br\/23\/dr-james-mcglothin-purdue-university\/#primaryimage\"},\"image\":{\"@id\":\"https:\/\/semead.com.br\/23\/dr-james-mcglothin-purdue-university\/#primaryimage\"},\"thumbnailUrl\":\"https:\/\/semead.com.br\/23\/wp-content\/uploads\/sites\/12\/2020\/11\/06-James-McGlothlin-1024x1024.png\",\"datePublished\":\"2020-11-19T17:02:01+00:00\",\"dateModified\":\"2020-11-25T16:10:20+00:00\",\"breadcrumb\":{\"@id\":\"https:\/\/semead.com.br\/23\/dr-james-mcglothin-purdue-university\/#breadcrumb\"},\"inLanguage\":\"pt-BR\",\"potentialAction\":[{\"@type\":\"ReadAction\",\"target\":[\"https:\/\/semead.com.br\/23\/dr-james-mcglothin-purdue-university\/\"]}]},{\"@type\":\"ImageObject\",\"inLanguage\":\"pt-BR\",\"@id\":\"https:\/\/semead.com.br\/23\/dr-james-mcglothin-purdue-university\/#primaryimage\",\"url\":\"https:\/\/semead.com.br\/23\/wp-content\/uploads\/sites\/12\/2020\/11\/06-James-McGlothlin.png\",\"contentUrl\":\"https:\/\/semead.com.br\/23\/wp-content\/uploads\/sites\/12\/2020\/11\/06-James-McGlothlin.png\",\"width\":2163,\"height\":2163},{\"@type\":\"BreadcrumbList\",\"@id\":\"https:\/\/semead.com.br\/23\/dr-james-mcglothin-purdue-university\/#breadcrumb\",\"itemListElement\":[{\"@type\":\"ListItem\",\"position\":1,\"name\":\"In\u00edcio\",\"item\":\"https:\/\/semead.com.br\/23\/\"},{\"@type\":\"ListItem\",\"position\":2,\"name\":\"Dr. James McGlothin \u2013 Purdue University\"}]},{\"@type\":\"WebSite\",\"@id\":\"https:\/\/semead.com.br\/23\/#website\",\"url\":\"https:\/\/semead.com.br\/23\/\",\"name\":\"XXIII SemeAd\",\"description\":\"Semin\u00e1rios em Administra\u00e7\u00e3o\",\"potentialAction\":[{\"@type\":\"SearchAction\",\"target\":{\"@type\":\"EntryPoint\",\"urlTemplate\":\"https:\/\/semead.com.br\/23\/?s={search_term_string}\"},\"query-input\":{\"@type\":\"PropertyValueSpecification\",\"valueRequired\":true,\"valueName\":\"search_term_string\"}}],\"inLanguage\":\"pt-BR\"}]}<\/script>\n<!-- \/ Yoast SEO plugin. -->","yoast_head_json":{"title":"Dr. James McGlothin \u2013 Purdue University - XXIII SemeAd","robots":{"index":"index","follow":"follow","max-snippet":"max-snippet:-1","max-image-preview":"max-image-preview:large","max-video-preview":"max-video-preview:-1"},"canonical":"https:\/\/semead.com.br\/23\/dr-james-mcglothin-purdue-university\/","og_locale":"pt_BR","og_type":"article","og_title":"Dr. James McGlothin \u2013 Purdue University - XXIII SemeAd","og_description":"ATIVIDADES ABERTAS \u00c0 COMUNIDADE Dr. James McGlothin \u2013 Purdue UniversityTema: Human Factors Attributes of the Surgical N95 Respirator and Face Mask During Pandemics Data: 25 de novembro 2020 das 13h00 \u00e0s 14h30.","og_url":"https:\/\/semead.com.br\/23\/dr-james-mcglothin-purdue-university\/","og_site_name":"XXIII SemeAd","article_modified_time":"2020-11-25T16:10:20+00:00","og_image":[{"url":"https:\/\/semead.com.br\/23\/wp-content\/uploads\/sites\/12\/2020\/11\/06-James-McGlothlin-1024x1024.png","type":"","width":"","height":""}],"twitter_card":"summary_large_image","schema":{"@context":"https:\/\/schema.org","@graph":[{"@type":"WebPage","@id":"https:\/\/semead.com.br\/23\/dr-james-mcglothin-purdue-university\/","url":"https:\/\/semead.com.br\/23\/dr-james-mcglothin-purdue-university\/","name":"Dr. James McGlothin \u2013 Purdue University - XXIII SemeAd","isPartOf":{"@id":"https:\/\/semead.com.br\/23\/#website"},"primaryImageOfPage":{"@id":"https:\/\/semead.com.br\/23\/dr-james-mcglothin-purdue-university\/#primaryimage"},"image":{"@id":"https:\/\/semead.com.br\/23\/dr-james-mcglothin-purdue-university\/#primaryimage"},"thumbnailUrl":"https:\/\/semead.com.br\/23\/wp-content\/uploads\/sites\/12\/2020\/11\/06-James-McGlothlin-1024x1024.png","datePublished":"2020-11-19T17:02:01+00:00","dateModified":"2020-11-25T16:10:20+00:00","breadcrumb":{"@id":"https:\/\/semead.com.br\/23\/dr-james-mcglothin-purdue-university\/#breadcrumb"},"inLanguage":"pt-BR","potentialAction":[{"@type":"ReadAction","target":["https:\/\/semead.com.br\/23\/dr-james-mcglothin-purdue-university\/"]}]},{"@type":"ImageObject","inLanguage":"pt-BR","@id":"https:\/\/semead.com.br\/23\/dr-james-mcglothin-purdue-university\/#primaryimage","url":"https:\/\/semead.com.br\/23\/wp-content\/uploads\/sites\/12\/2020\/11\/06-James-McGlothlin.png","contentUrl":"https:\/\/semead.com.br\/23\/wp-content\/uploads\/sites\/12\/2020\/11\/06-James-McGlothlin.png","width":2163,"height":2163},{"@type":"BreadcrumbList","@id":"https:\/\/semead.com.br\/23\/dr-james-mcglothin-purdue-university\/#breadcrumb","itemListElement":[{"@type":"ListItem","position":1,"name":"In\u00edcio","item":"https:\/\/semead.com.br\/23\/"},{"@type":"ListItem","position":2,"name":"Dr. James McGlothin \u2013 Purdue University"}]},{"@type":"WebSite","@id":"https:\/\/semead.com.br\/23\/#website","url":"https:\/\/semead.com.br\/23\/","name":"XXIII SemeAd","description":"Semin\u00e1rios em Administra\u00e7\u00e3o","potentialAction":[{"@type":"SearchAction","target":{"@type":"EntryPoint","urlTemplate":"https:\/\/semead.com.br\/23\/?s={search_term_string}"},"query-input":{"@type":"PropertyValueSpecification","valueRequired":true,"valueName":"search_term_string"}}],"inLanguage":"pt-BR"}]}},"_links":{"self":[{"href":"https:\/\/semead.com.br\/23\/wp-json\/wp\/v2\/pages\/17306","targetHints":{"allow":["GET"]}}],"collection":[{"href":"https:\/\/semead.com.br\/23\/wp-json\/wp\/v2\/pages"}],"about":[{"href":"https:\/\/semead.com.br\/23\/wp-json\/wp\/v2\/types\/page"}],"author":[{"embeddable":true,"href":"https:\/\/semead.com.br\/23\/wp-json\/wp\/v2\/users\/1"}],"replies":[{"embeddable":true,"href":"https:\/\/semead.com.br\/23\/wp-json\/wp\/v2\/comments?post=17306"}],"version-history":[{"count":0,"href":"https:\/\/semead.com.br\/23\/wp-json\/wp\/v2\/pages\/17306\/revisions"}],"wp:attachment":[{"href":"https:\/\/semead.com.br\/23\/wp-json\/wp\/v2\/media?parent=17306"}],"curies":[{"name":"wp","href":"https:\/\/api.w.org\/{rel}","templated":true}]}}