{"id":17685,"date":"2021-03-12T16:25:05","date_gmt":"2021-03-12T19:25:05","guid":{"rendered":"https:\/\/semead.com.br\/23\/?page_id=17685"},"modified":"2021-03-12T16:25:07","modified_gmt":"2021-03-12T19:25:07","slug":"video-semead","status":"publish","type":"page","link":"https:\/\/semead.com.br\/23\/video-semead\/","title":{"rendered":"V\u00eddeo SemeAD"},"content":{"rendered":"\n<p>Com o objetivo de proporcionar experi\u00eancia completa com o SemeAd Online, disponibilizamos as atividades do SemeAd em nosso Canal do Youtube.<\/p>\n\n\n\n<p>Para acessar as atividades de Workshops, Keynote e Business Speakers, Pain\u00e9is e outras atra\u00e7\u00f5es do SemeAd, acesse nosso Canal pelo link abaixo:<\/p>\n\n\n\n<p>Link: <a href=\"https:\/\/www.youtube.com\/channel\/UCdYfNBtxvpIZGzGpRlwaW1w\">https:\/\/www.youtube.com\/channel\/UCdYfNBtxvpIZGzGpRlwaW1w<\/a><\/p>\n\n\n\n<p>Para acessar as sess\u00f5es de apresenta\u00e7\u00e3o de trabalhos e os v\u00eddeos de apresenta\u00e7\u00e3o de trabalhos produzidos pelos autores, acesse nossos anais pelo link abaixo:<\/p>\n\n\n\n<p>Link: <a href=\"https:\/\/login.semead.com.br\/23semead\/anais\/\">https:\/\/login.semead.com.br\/23semead\/anais\/<\/a><\/p>\n\n\n\n<p>Todo esse material pode ser compartilhado nas redes sociais. O SemeAd indica seu compartilhamento para dar maior visibilidade aos autores e suas pesquisas.<\/p>\n\n\n\n<p>Cabe ressaltar que todas as atra\u00e7\u00f5es disponibilizadas no Canal do SemeAd foram autorizadas por seus respectivos palestrantes\/ministrantes.<\/p>\n","protected":false},"excerpt":{"rendered":"<p>Com o objetivo de proporcionar experi\u00eancia completa com o SemeAd Online, disponibilizamos as atividades do SemeAd em nosso Canal do Youtube. Para acessar as atividades de Workshops, Keynote e Business Speakers, Pain\u00e9is e outras atra\u00e7\u00f5es do SemeAd, acesse nosso Canal pelo link abaixo: Link: https:\/\/www.youtube.com\/channel\/UCdYfNBtxvpIZGzGpRlwaW1w Para acessar as sess\u00f5es de apresenta\u00e7\u00e3o de trabalhos e os&#8230;<\/p>\n","protected":false},"author":4,"featured_media":0,"parent":0,"menu_order":0,"comment_status":"closed","ping_status":"closed","template":"","meta":{"_acf_changed":false,"_monsterinsights_skip_tracking":false,"_monsterinsights_sitenote_active":false,"_monsterinsights_sitenote_note":"","_monsterinsights_sitenote_category":0,"footnotes":""},"class_list":["post-17685","page","type-page","status-publish","hentry"],"acf":[],"yoast_head":"<!-- This site is optimized with the Yoast SEO plugin v27.5 - https:\/\/yoast.com\/product\/yoast-seo-wordpress\/ -->\n<title>V\u00eddeo SemeAD - XXIII SemeAd<\/title>\n<meta name=\"robots\" content=\"index, follow, max-snippet:-1, max-image-preview:large, max-video-preview:-1\" \/>\n<link rel=\"canonical\" href=\"https:\/\/semead.com.br\/23\/video-semead\/\" \/>\n<meta property=\"og:locale\" content=\"pt_BR\" \/>\n<meta property=\"og:type\" content=\"article\" \/>\n<meta property=\"og:title\" content=\"V\u00eddeo SemeAD - XXIII SemeAd\" \/>\n<meta property=\"og:description\" content=\"Com o objetivo de proporcionar experi\u00eancia completa com o SemeAd Online, disponibilizamos as atividades do SemeAd em nosso Canal do Youtube. Para acessar as atividades de Workshops, Keynote e Business Speakers, Pain\u00e9is e outras atra\u00e7\u00f5es do SemeAd, acesse nosso Canal pelo link abaixo: Link: https:\/\/www.youtube.com\/channel\/UCdYfNBtxvpIZGzGpRlwaW1w Para acessar as sess\u00f5es de apresenta\u00e7\u00e3o de trabalhos e os...\" \/>\n<meta property=\"og:url\" content=\"https:\/\/semead.com.br\/23\/video-semead\/\" \/>\n<meta property=\"og:site_name\" content=\"XXIII SemeAd\" \/>\n<meta property=\"article:modified_time\" content=\"2021-03-12T19:25:07+00:00\" \/>\n<meta name=\"twitter:card\" content=\"summary_large_image\" \/>\n<meta name=\"twitter:label1\" content=\"Est. tempo de leitura\" \/>\n\t<meta name=\"twitter:data1\" content=\"1 minuto\" \/>\n<script type=\"application\/ld+json\" class=\"yoast-schema-graph\">{\"@context\":\"https:\\\/\\\/schema.org\",\"@graph\":[{\"@type\":\"WebPage\",\"@id\":\"https:\\\/\\\/semead.com.br\\\/23\\\/video-semead\\\/\",\"url\":\"https:\\\/\\\/semead.com.br\\\/23\\\/video-semead\\\/\",\"name\":\"V\u00eddeo SemeAD - XXIII SemeAd\",\"isPartOf\":{\"@id\":\"https:\\\/\\\/semead.com.br\\\/23\\\/#website\"},\"datePublished\":\"2021-03-12T19:25:05+00:00\",\"dateModified\":\"2021-03-12T19:25:07+00:00\",\"breadcrumb\":{\"@id\":\"https:\\\/\\\/semead.com.br\\\/23\\\/video-semead\\\/#breadcrumb\"},\"inLanguage\":\"pt-BR\",\"potentialAction\":[{\"@type\":\"ReadAction\",\"target\":[\"https:\\\/\\\/semead.com.br\\\/23\\\/video-semead\\\/\"]}]},{\"@type\":\"BreadcrumbList\",\"@id\":\"https:\\\/\\\/semead.com.br\\\/23\\\/video-semead\\\/#breadcrumb\",\"itemListElement\":[{\"@type\":\"ListItem\",\"position\":1,\"name\":\"In\u00edcio\",\"item\":\"https:\\\/\\\/semead.com.br\\\/23\\\/\"},{\"@type\":\"ListItem\",\"position\":2,\"name\":\"V\u00eddeo SemeAD\"}]},{\"@type\":\"WebSite\",\"@id\":\"https:\\\/\\\/semead.com.br\\\/23\\\/#website\",\"url\":\"https:\\\/\\\/semead.com.br\\\/23\\\/\",\"name\":\"XXIII SemeAd\",\"description\":\"Semin\u00e1rios em Administra\u00e7\u00e3o\",\"potentialAction\":[{\"@type\":\"SearchAction\",\"target\":{\"@type\":\"EntryPoint\",\"urlTemplate\":\"https:\\\/\\\/semead.com.br\\\/23\\\/?s={search_term_string}\"},\"query-input\":{\"@type\":\"PropertyValueSpecification\",\"valueRequired\":true,\"valueName\":\"search_term_string\"}}],\"inLanguage\":\"pt-BR\"}]}<\/script>\n<!-- \/ Yoast SEO plugin. -->","yoast_head_json":{"title":"V\u00eddeo SemeAD - XXIII SemeAd","robots":{"index":"index","follow":"follow","max-snippet":"max-snippet:-1","max-image-preview":"max-image-preview:large","max-video-preview":"max-video-preview:-1"},"canonical":"https:\/\/semead.com.br\/23\/video-semead\/","og_locale":"pt_BR","og_type":"article","og_title":"V\u00eddeo SemeAD - XXIII SemeAd","og_description":"Com o objetivo de proporcionar experi\u00eancia completa com o SemeAd Online, disponibilizamos as atividades do SemeAd em nosso Canal do Youtube. Para acessar as atividades de Workshops, Keynote e Business Speakers, Pain\u00e9is e outras atra\u00e7\u00f5es do SemeAd, acesse nosso Canal pelo link abaixo: Link: https:\/\/www.youtube.com\/channel\/UCdYfNBtxvpIZGzGpRlwaW1w Para acessar as sess\u00f5es de apresenta\u00e7\u00e3o de trabalhos e os...","og_url":"https:\/\/semead.com.br\/23\/video-semead\/","og_site_name":"XXIII SemeAd","article_modified_time":"2021-03-12T19:25:07+00:00","twitter_card":"summary_large_image","twitter_misc":{"Est. tempo de leitura":"1 minuto"},"schema":{"@context":"https:\/\/schema.org","@graph":[{"@type":"WebPage","@id":"https:\/\/semead.com.br\/23\/video-semead\/","url":"https:\/\/semead.com.br\/23\/video-semead\/","name":"V\u00eddeo SemeAD - XXIII SemeAd","isPartOf":{"@id":"https:\/\/semead.com.br\/23\/#website"},"datePublished":"2021-03-12T19:25:05+00:00","dateModified":"2021-03-12T19:25:07+00:00","breadcrumb":{"@id":"https:\/\/semead.com.br\/23\/video-semead\/#breadcrumb"},"inLanguage":"pt-BR","potentialAction":[{"@type":"ReadAction","target":["https:\/\/semead.com.br\/23\/video-semead\/"]}]},{"@type":"BreadcrumbList","@id":"https:\/\/semead.com.br\/23\/video-semead\/#breadcrumb","itemListElement":[{"@type":"ListItem","position":1,"name":"In\u00edcio","item":"https:\/\/semead.com.br\/23\/"},{"@type":"ListItem","position":2,"name":"V\u00eddeo SemeAD"}]},{"@type":"WebSite","@id":"https:\/\/semead.com.br\/23\/#website","url":"https:\/\/semead.com.br\/23\/","name":"XXIII SemeAd","description":"Semin\u00e1rios em Administra\u00e7\u00e3o","potentialAction":[{"@type":"SearchAction","target":{"@type":"EntryPoint","urlTemplate":"https:\/\/semead.com.br\/23\/?s={search_term_string}"},"query-input":{"@type":"PropertyValueSpecification","valueRequired":true,"valueName":"search_term_string"}}],"inLanguage":"pt-BR"}]}},"_links":{"self":[{"href":"https:\/\/semead.com.br\/23\/wp-json\/wp\/v2\/pages\/17685","targetHints":{"allow":["GET"]}}],"collection":[{"href":"https:\/\/semead.com.br\/23\/wp-json\/wp\/v2\/pages"}],"about":[{"href":"https:\/\/semead.com.br\/23\/wp-json\/wp\/v2\/types\/page"}],"author":[{"embeddable":true,"href":"https:\/\/semead.com.br\/23\/wp-json\/wp\/v2\/users\/4"}],"replies":[{"embeddable":true,"href":"https:\/\/semead.com.br\/23\/wp-json\/wp\/v2\/comments?post=17685"}],"version-history":[{"count":0,"href":"https:\/\/semead.com.br\/23\/wp-json\/wp\/v2\/pages\/17685\/revisions"}],"wp:attachment":[{"href":"https:\/\/semead.com.br\/23\/wp-json\/wp\/v2\/media?parent=17685"}],"curies":[{"name":"wp","href":"https:\/\/api.w.org\/{rel}","templated":true}]}}