{"id":28,"date":"2013-04-26T00:20:36","date_gmt":"2013-04-26T03:20:36","guid":{"rendered":"http:\/\/semead.com.br\/?page_id=28"},"modified":"2020-10-10T11:03:51","modified_gmt":"2020-10-10T14:03:51","slug":"inscricoes","status":"publish","type":"page","link":"https:\/\/semead.com.br\/23\/inscricoes\/","title":{"rendered":"Inscri\u00e7\u00f5es"},"content":{"rendered":"\n<div class=\"wp-block-buttons is-layout-flex wp-block-buttons-is-layout-flex\">\n<div class=\"wp-block-button\"><a class=\"wp-block-button__link\" href=\"https:\/\/semead.com.br\/23\/registrations\/\">Registration instructions for non-Brazilians<\/a><\/div>\n<\/div>\n\n\n\n<p>Confira os valores para inscri\u00e7\u00e3o on-line ao XXIII Semead.<\/p>\n\n\n\n<p><strong>Per\u00edodo de inscri\u00e7\u00e3o dos trabalhos aprovados:<\/strong> 21\/09 a 09\/10<br><strong>Per\u00edodo de inscri\u00e7\u00e3o de congressistas:<\/strong> 21\/09 a 09\/11<\/p>\n\n\n\n<p><\/p>\n\n\n\n<p style=\"font-size:20px\"><strong>Observa\u00e7\u00e3o:<\/strong> Para garantir a participa\u00e7\u00e3o do trabalho aprovado no evento, ao menos um autor deve se inscrever <strong>at\u00e9 dia 09\/10\/2020<\/strong>. Adicionalmente, o trabalho dever\u00e1 ser apresentado na sess\u00e3o virtual. Somente inscritos poder\u00e3o apresentar o trabalho na sess\u00e3o virtual. A inscri\u00e7\u00e3o \u00e9 individual e intransfer\u00edvel.<\/p>\n\n\n\n<table id=\"tablepress-9\" class=\"tablepress tablepress-id-9\">\n<thead>\n<tr class=\"row-1\">\n\t<th class=\"column-1\">Congressista<\/th><th class=\"column-2\">Inscri\u00e7\u00e3o at\u00e9 09\/10<br \/>\nData limite de confirma\u00e7\u00e3o de artigos\t<\/th><th class=\"column-3\">Inscri\u00e7\u00e3o at\u00e9 09\/11<br \/>\nData limite de inscri\u00e7\u00e3o on-line<\/th>\n<\/tr>\n<\/thead>\n<tbody class=\"row-striping row-hover\">\n<tr class=\"row-2\">\n\t<td class=\"column-1\">Professores<\/td><td class=\"column-2\">300,00<\/td><td class=\"column-3\">380,00<\/td>\n<\/tr>\n<tr class=\"row-3\">\n\t<td class=\"column-1\">Professores USP \/ Parceiro SemeAd *<\/td><td class=\"column-2\">180,00<\/td><td class=\"column-3\">240,00<\/td>\n<\/tr>\n<tr class=\"row-4\">\n\t<td class=\"column-1\">Alunos<\/td><td class=\"column-2\">180,00<\/td><td class=\"column-3\">220,00<\/td>\n<\/tr>\n<tr class=\"row-5\">\n\t<td class=\"column-1\">Aluno USP \/ Parceiro SemeAd *<\/td><td class=\"column-2\">100,00<\/td><td class=\"column-3\">140,00<\/td>\n<\/tr>\n<tr class=\"row-6\">\n\t<td class=\"column-1\">Avaliador SemeAd<\/td><td class=\"column-2\">180,00<\/td><td class=\"column-3\">240,00<\/td>\n<\/tr>\n<tr class=\"row-7\">\n\t<td class=\"column-1\">Aprovados no Connecta Research ou Teaching **<\/td><td class=\"column-2\">Isento<\/td><td class=\"column-3\">Isento<\/td>\n<\/tr>\n<tr class=\"row-8\">\n\t<td class=\"column-1\">Aluno Colaborador (USP\/Parceiro)<\/td><td class=\"column-2\">Isento<\/td><td class=\"column-3\">N\u00e3o h\u00e1<\/td>\n<\/tr>\n<tr class=\"row-9\">\n\t<td class=\"column-1\">N\u00e3o Acad\u00eamicos<\/td><td class=\"column-2\">350,00<\/td><td class=\"column-3\">400,00<\/td>\n<\/tr>\n<\/tbody>\n<\/table>\n<!-- #tablepress-9 from cache -->\n\n\n\n<p><\/p>\n\n\n\n<p><strong>* Institui\u00e7\u00f5es Parceiras:<\/strong> Mackenzie \/ UNIP \/ USCS \/ Anhembi Morumbi \/ FEA-RP \/ FECAP \/ FIA \/ ESPM \/ UNINOVE<\/p>\n\n\n\n<p>** Eventuais congressista que tiverem trabalhos aprovados no Connecta Research e\/ou Teaching, e artigos aprovados no SemeAd, estar\u00e3o sujeitos \u00e0 devolu\u00e7\u00e3o da taxa de inscri\u00e7\u00e3o. No entanto, para que isso ocorra, o autor dever\u00e1 realizar a sua inscri\u00e7\u00e3o e pagamento da taxa do evento at\u00e9 o dia 09\/10 para fins de confirmar o seu artigo aprovado. Ap\u00f3s a divulga\u00e7\u00e3o dos resultados do Connecta, dia 08\/10, e com a aprova\u00e7\u00e3o do trabalho, o autor poder\u00e1 solicitar a restitui\u00e7\u00e3o do valor. A restitui\u00e7\u00e3o do valor \u00e9 individual e intransfer\u00edvel.<\/p>\n\n\n\n<p>Os aprovados no Connecta Growing dever\u00e3o realizar a inscri\u00e7\u00e3o e efetuar o pagamento da taxa de inscri\u00e7\u00e3o, conforme a data de inscri\u00e7\u00e3o do connecta.<\/p>\n\n\n\n<h3 class=\"wp-block-heading\">FORMAS DE PAGAMENTO<\/h3>\n\n\n\n<p><strong>&#8211; Boleto<\/strong><\/p>\n\n\n\n<p><strong>&#8211; Empenho<\/strong><\/p>\n\n\n\n<p>Ambas as formas de pagamento s\u00e3o realizadas atrav\u00e9s do sistema.<\/p>\n\n\n\n<p><\/p>\n\n\n\n<div class=\"wp-block-button\"><a class=\"wp-block-button__link\" href=\"http:\/\/login.semead.com.br\/23semead\">INSCREVA-SE<\/a><\/div>\n\n\n\n<hr class=\"wp-block-separator\"\/>\n\n\n\n<h2 class=\"wp-block-heading\"><a href=\"https:\/\/semead.com.br\/23\/apresentacao-dos-trabalhos-2\/\">Veja tamb\u00e9m: Instru\u00e7\u00f5es para apresenta\u00e7\u00e3o de trabalhos<\/a><\/h2>\n","protected":false},"excerpt":{"rendered":"<p>Confira os valores para inscri\u00e7\u00e3o on-line ao XXIII Semead. Per\u00edodo de inscri\u00e7\u00e3o dos trabalhos aprovados: 21\/09 a 09\/10Per\u00edodo de inscri\u00e7\u00e3o de congressistas: 21\/09 a 09\/11 Observa\u00e7\u00e3o: Para garantir a participa\u00e7\u00e3o do trabalho aprovado no evento, ao menos um autor deve se inscrever at\u00e9 dia 09\/10\/2020. Adicionalmente, o trabalho dever\u00e1 ser apresentado na sess\u00e3o virtual. Somente&#8230;<\/p>\n","protected":false},"author":1,"featured_media":0,"parent":0,"menu_order":0,"comment_status":"closed","ping_status":"closed","template":"","meta":{"_acf_changed":false,"_monsterinsights_skip_tracking":false,"_monsterinsights_sitenote_active":false,"_monsterinsights_sitenote_note":"","_monsterinsights_sitenote_category":0,"footnotes":""},"class_list":["post-28","page","type-page","status-publish","hentry"],"acf":[],"yoast_head":"<!-- This site is optimized with the Yoast SEO plugin v27.1.1 - https:\/\/yoast.com\/product\/yoast-seo-wordpress\/ -->\n<title>Inscri\u00e7\u00f5es - XXIII SemeAd<\/title>\n<meta name=\"robots\" content=\"index, follow, max-snippet:-1, max-image-preview:large, max-video-preview:-1\" \/>\n<link rel=\"canonical\" href=\"https:\/\/semead.com.br\/23\/inscricoes\/\" \/>\n<meta property=\"og:locale\" content=\"pt_BR\" \/>\n<meta property=\"og:type\" content=\"article\" \/>\n<meta property=\"og:title\" content=\"Inscri\u00e7\u00f5es - XXIII SemeAd\" \/>\n<meta property=\"og:description\" content=\"Confira os valores para inscri\u00e7\u00e3o on-line ao XXIII Semead. Per\u00edodo de inscri\u00e7\u00e3o dos trabalhos aprovados: 21\/09 a 09\/10Per\u00edodo de inscri\u00e7\u00e3o de congressistas: 21\/09 a 09\/11 Observa\u00e7\u00e3o: Para garantir a participa\u00e7\u00e3o do trabalho aprovado no evento, ao menos um autor deve se inscrever at\u00e9 dia 09\/10\/2020. Adicionalmente, o trabalho dever\u00e1 ser apresentado na sess\u00e3o virtual. Somente...\" \/>\n<meta property=\"og:url\" content=\"https:\/\/semead.com.br\/23\/inscricoes\/\" \/>\n<meta property=\"og:site_name\" content=\"XXIII SemeAd\" \/>\n<meta property=\"article:modified_time\" content=\"2020-10-10T14:03:51+00:00\" \/>\n<meta name=\"twitter:card\" content=\"summary_large_image\" \/>\n<meta name=\"twitter:label1\" content=\"Est. tempo de leitura\" \/>\n\t<meta name=\"twitter:data1\" content=\"1 minuto\" \/>\n<script type=\"application\/ld+json\" class=\"yoast-schema-graph\">{\"@context\":\"https:\/\/schema.org\",\"@graph\":[{\"@type\":\"WebPage\",\"@id\":\"https:\/\/semead.com.br\/23\/inscricoes\/\",\"url\":\"https:\/\/semead.com.br\/23\/inscricoes\/\",\"name\":\"Inscri\u00e7\u00f5es - XXIII SemeAd\",\"isPartOf\":{\"@id\":\"https:\/\/semead.com.br\/23\/#website\"},\"datePublished\":\"2013-04-26T03:20:36+00:00\",\"dateModified\":\"2020-10-10T14:03:51+00:00\",\"breadcrumb\":{\"@id\":\"https:\/\/semead.com.br\/23\/inscricoes\/#breadcrumb\"},\"inLanguage\":\"pt-BR\",\"potentialAction\":[{\"@type\":\"ReadAction\",\"target\":[\"https:\/\/semead.com.br\/23\/inscricoes\/\"]}]},{\"@type\":\"BreadcrumbList\",\"@id\":\"https:\/\/semead.com.br\/23\/inscricoes\/#breadcrumb\",\"itemListElement\":[{\"@type\":\"ListItem\",\"position\":1,\"name\":\"In\u00edcio\",\"item\":\"https:\/\/semead.com.br\/23\/\"},{\"@type\":\"ListItem\",\"position\":2,\"name\":\"Inscri\u00e7\u00f5es\"}]},{\"@type\":\"WebSite\",\"@id\":\"https:\/\/semead.com.br\/23\/#website\",\"url\":\"https:\/\/semead.com.br\/23\/\",\"name\":\"XXIII SemeAd\",\"description\":\"Semin\u00e1rios em Administra\u00e7\u00e3o\",\"potentialAction\":[{\"@type\":\"SearchAction\",\"target\":{\"@type\":\"EntryPoint\",\"urlTemplate\":\"https:\/\/semead.com.br\/23\/?s={search_term_string}\"},\"query-input\":{\"@type\":\"PropertyValueSpecification\",\"valueRequired\":true,\"valueName\":\"search_term_string\"}}],\"inLanguage\":\"pt-BR\"}]}<\/script>\n<!-- \/ Yoast SEO plugin. -->","yoast_head_json":{"title":"Inscri\u00e7\u00f5es - XXIII SemeAd","robots":{"index":"index","follow":"follow","max-snippet":"max-snippet:-1","max-image-preview":"max-image-preview:large","max-video-preview":"max-video-preview:-1"},"canonical":"https:\/\/semead.com.br\/23\/inscricoes\/","og_locale":"pt_BR","og_type":"article","og_title":"Inscri\u00e7\u00f5es - XXIII SemeAd","og_description":"Confira os valores para inscri\u00e7\u00e3o on-line ao XXIII Semead. Per\u00edodo de inscri\u00e7\u00e3o dos trabalhos aprovados: 21\/09 a 09\/10Per\u00edodo de inscri\u00e7\u00e3o de congressistas: 21\/09 a 09\/11 Observa\u00e7\u00e3o: Para garantir a participa\u00e7\u00e3o do trabalho aprovado no evento, ao menos um autor deve se inscrever at\u00e9 dia 09\/10\/2020. Adicionalmente, o trabalho dever\u00e1 ser apresentado na sess\u00e3o virtual. Somente...","og_url":"https:\/\/semead.com.br\/23\/inscricoes\/","og_site_name":"XXIII SemeAd","article_modified_time":"2020-10-10T14:03:51+00:00","twitter_card":"summary_large_image","twitter_misc":{"Est. tempo de leitura":"1 minuto"},"schema":{"@context":"https:\/\/schema.org","@graph":[{"@type":"WebPage","@id":"https:\/\/semead.com.br\/23\/inscricoes\/","url":"https:\/\/semead.com.br\/23\/inscricoes\/","name":"Inscri\u00e7\u00f5es - XXIII SemeAd","isPartOf":{"@id":"https:\/\/semead.com.br\/23\/#website"},"datePublished":"2013-04-26T03:20:36+00:00","dateModified":"2020-10-10T14:03:51+00:00","breadcrumb":{"@id":"https:\/\/semead.com.br\/23\/inscricoes\/#breadcrumb"},"inLanguage":"pt-BR","potentialAction":[{"@type":"ReadAction","target":["https:\/\/semead.com.br\/23\/inscricoes\/"]}]},{"@type":"BreadcrumbList","@id":"https:\/\/semead.com.br\/23\/inscricoes\/#breadcrumb","itemListElement":[{"@type":"ListItem","position":1,"name":"In\u00edcio","item":"https:\/\/semead.com.br\/23\/"},{"@type":"ListItem","position":2,"name":"Inscri\u00e7\u00f5es"}]},{"@type":"WebSite","@id":"https:\/\/semead.com.br\/23\/#website","url":"https:\/\/semead.com.br\/23\/","name":"XXIII SemeAd","description":"Semin\u00e1rios em Administra\u00e7\u00e3o","potentialAction":[{"@type":"SearchAction","target":{"@type":"EntryPoint","urlTemplate":"https:\/\/semead.com.br\/23\/?s={search_term_string}"},"query-input":{"@type":"PropertyValueSpecification","valueRequired":true,"valueName":"search_term_string"}}],"inLanguage":"pt-BR"}]}},"_links":{"self":[{"href":"https:\/\/semead.com.br\/23\/wp-json\/wp\/v2\/pages\/28","targetHints":{"allow":["GET"]}}],"collection":[{"href":"https:\/\/semead.com.br\/23\/wp-json\/wp\/v2\/pages"}],"about":[{"href":"https:\/\/semead.com.br\/23\/wp-json\/wp\/v2\/types\/page"}],"author":[{"embeddable":true,"href":"https:\/\/semead.com.br\/23\/wp-json\/wp\/v2\/users\/1"}],"replies":[{"embeddable":true,"href":"https:\/\/semead.com.br\/23\/wp-json\/wp\/v2\/comments?post=28"}],"version-history":[{"count":0,"href":"https:\/\/semead.com.br\/23\/wp-json\/wp\/v2\/pages\/28\/revisions"}],"wp:attachment":[{"href":"https:\/\/semead.com.br\/23\/wp-json\/wp\/v2\/media?parent=28"}],"curies":[{"name":"wp","href":"https:\/\/api.w.org\/{rel}","templated":true}]}}