{"id":10194,"date":"2013-05-06T15:44:00","date_gmt":"2013-05-06T15:44:00","guid":{"rendered":"http:\/\/semead.com.br\/?page_id=10194"},"modified":"2021-08-30T11:14:19","modified_gmt":"2021-08-30T14:14:19","slug":"equipe-de-organizacao","status":"publish","type":"page","link":"https:\/\/semead.com.br\/24\/equipe-de-organizacao\/","title":{"rendered":"Organizadores"},"content":{"rendered":"\t\t<div data-elementor-type=\"wp-page\" data-elementor-id=\"10194\" class=\"elementor elementor-10194\">\n\t\t\t\t\t\t<section class=\"elementor-section elementor-top-section elementor-element elementor-element-203c943 elementor-section-boxed elementor-section-height-default elementor-section-height-default\" data-id=\"203c943\" data-element_type=\"section\" data-e-type=\"section\">\n\t\t\t\t\t\t<div class=\"elementor-container elementor-column-gap-default\">\n\t\t\t\t\t<div class=\"elementor-column elementor-col-100 elementor-top-column elementor-element elementor-element-9d486e3\" data-id=\"9d486e3\" data-element_type=\"column\" data-e-type=\"column\">\n\t\t\t<div class=\"elementor-widget-wrap elementor-element-populated\">\n\t\t\t\t\t\t<div class=\"elementor-element elementor-element-66fa9fb elementor-widget elementor-widget-text-editor\" data-id=\"66fa9fb\" data-element_type=\"widget\" data-e-type=\"widget\" data-widget_type=\"text-editor.default\">\n\t\t\t\t<div class=\"elementor-widget-container\">\n\t\t\t\t\t\t\t\t\t<h2>Universidade de S\u00e3o Paulo &#8211; USP<\/h2><p>Prof. Dr. Vahan Agopyan<br \/><em>Reitor da Universidade de S\u00e3o Paulo<\/em><\/p><h2>Faculdade de Economia e Administra\u00e7\u00e3o &#8211; FEA USP<\/h2><p>Prof. Dr.\u00a0F\u00e1bio Frezatti<br \/><em>Diretor da Faculdade de Economia, Administra\u00e7\u00e3o e Contabilidade<\/em><\/p><p>Prof.Dr. Moacir de Miranda Oliveira J\u00fanior<br \/><em>Chefe do Departamento de Administra\u00e7\u00e3o<\/em><\/p><p>Prof. Dr. Eduardo Kazuo Kayo<br \/><em>Coordenador do Programa de P\u00f3s-Gradua\u00e7\u00e3o em Administra\u00e7\u00e3o<\/em><\/p>\t\t\t\t\t\t\t\t<\/div>\n\t\t\t\t<\/div>\n\t\t\t\t<div class=\"elementor-element elementor-element-d0b9940 elementor-widget elementor-widget-text-editor\" data-id=\"d0b9940\" data-element_type=\"widget\" data-e-type=\"widget\" data-widget_type=\"text-editor.default\">\n\t\t\t\t<div class=\"elementor-widget-container\">\n\t\t\t\t\t\t\t\t\t<h2>Equipe SemeAd<\/h2><p>Prof. Dr. Jo\u00e3o Maur\u00edcio Gama Boaventura<br \/><em>Coordenador Geral<\/em><\/p><p><em>Equipe Organizadora<br \/><\/em>Eloisa Martins Alessio \u2013 Secretaria T\u00e9cnica Executiva<br \/>Amanda de Paula Aguiar Barbosa \u2013 Coordena\u00e7\u00e3o Acad\u00eamica<\/p><p>Jardel Augusto Gomes Rodrigues Alves &#8211; Suporte Acad\u00eamico em P\u00f3s-Gradua\u00e7\u00e3o<br \/>J\u00falia Souza de Farias &#8211; Suporte Acad\u00eamico em Gradua\u00e7\u00e3o<br \/>Thiago Silveira Ramalho &#8211; Coordena\u00e7\u00e3o de Volunt\u00e1rios<\/p>\t\t\t\t\t\t\t\t<\/div>\n\t\t\t\t<\/div>\n\t\t\t\t\t<\/div>\n\t\t<\/div>\n\t\t\t\t\t<\/div>\n\t\t<\/section>\n\t\t\t\t<section class=\"elementor-section elementor-top-section elementor-element elementor-element-9fdb06c elementor-section-boxed elementor-section-height-default elementor-section-height-default\" data-id=\"9fdb06c\" data-element_type=\"section\" data-e-type=\"section\">\n\t\t\t\t\t\t<div class=\"elementor-container elementor-column-gap-default\">\n\t\t\t\t\t<div class=\"elementor-column elementor-col-20 elementor-top-column elementor-element elementor-element-d53a1b2\" data-id=\"d53a1b2\" data-element_type=\"column\" data-e-type=\"column\">\n\t\t\t<div class=\"elementor-widget-wrap elementor-element-populated\">\n\t\t\t\t\t\t<div class=\"elementor-element elementor-element-4f1ffa7 elementor-widget elementor-widget-text-editor\" data-id=\"4f1ffa7\" data-element_type=\"widget\" data-e-type=\"widget\" data-widget_type=\"text-editor.default\">\n\t\t\t\t<div class=\"elementor-widget-container\">\n\t\t\t\t\t\t\t\t\t<p><strong>Cons\u00f3rcio Doutoral<\/strong><\/p><p>Prof. Dr. Felipe M. Borini<\/p>\t\t\t\t\t\t\t\t<\/div>\n\t\t\t\t<\/div>\n\t\t\t\t\t<\/div>\n\t\t<\/div>\n\t\t\t\t<div class=\"elementor-column elementor-col-20 elementor-top-column elementor-element elementor-element-b78df3f\" data-id=\"b78df3f\" data-element_type=\"column\" data-e-type=\"column\">\n\t\t\t<div class=\"elementor-widget-wrap elementor-element-populated\">\n\t\t\t\t\t\t<div class=\"elementor-element elementor-element-1740ad0 elementor-widget elementor-widget-text-editor\" data-id=\"1740ad0\" data-element_type=\"widget\" data-e-type=\"widget\" data-widget_type=\"text-editor.default\">\n\t\t\t\t<div class=\"elementor-widget-container\">\n\t\t\t\t\t\t\t\t\t<p><strong>Fast-Track e Special Issues<\/strong><\/p><p>Prof. Dr. Ricardo V. Dias Jord\u00e3o &amp; Me. Luiz Guilherme Antunes<\/p>\t\t\t\t\t\t\t\t<\/div>\n\t\t\t\t<\/div>\n\t\t\t\t\t<\/div>\n\t\t<\/div>\n\t\t\t\t<div class=\"elementor-column elementor-col-20 elementor-top-column elementor-element elementor-element-d599256\" data-id=\"d599256\" data-element_type=\"column\" data-e-type=\"column\">\n\t\t\t<div class=\"elementor-widget-wrap elementor-element-populated\">\n\t\t\t\t\t\t<div class=\"elementor-element elementor-element-df9fd8e elementor-widget elementor-widget-text-editor\" data-id=\"df9fd8e\" data-element_type=\"widget\" data-e-type=\"widget\" data-widget_type=\"text-editor.default\">\n\t\t\t\t<div class=\"elementor-widget-container\">\n\t\t\t\t\t\t\t\t\t<p><strong>Projetos de Impacto<\/strong><\/p><p>Profa. Dra. Graziela D. Alperstedt<\/p>\t\t\t\t\t\t\t\t<\/div>\n\t\t\t\t<\/div>\n\t\t\t\t\t<\/div>\n\t\t<\/div>\n\t\t\t\t<div class=\"elementor-column elementor-col-20 elementor-top-column elementor-element elementor-element-580b9e7\" data-id=\"580b9e7\" data-element_type=\"column\" data-e-type=\"column\">\n\t\t\t<div class=\"elementor-widget-wrap elementor-element-populated\">\n\t\t\t\t\t\t<div class=\"elementor-element elementor-element-263d97a elementor-widget elementor-widget-text-editor\" data-id=\"263d97a\" data-element_type=\"widget\" data-e-type=\"widget\" data-widget_type=\"text-editor.default\">\n\t\t\t\t<div class=\"elementor-widget-container\">\n\t\t\t\t\t\t\t\t\t<p><strong>SemeAD Connecta<\/strong><\/p><p>Profa. Dra. Adriana Backx &amp; Me. Gabriela Troyano<\/p>\t\t\t\t\t\t\t\t<\/div>\n\t\t\t\t<\/div>\n\t\t\t\t\t<\/div>\n\t\t<\/div>\n\t\t\t\t<div class=\"elementor-column elementor-col-20 elementor-top-column elementor-element elementor-element-a0103a5\" data-id=\"a0103a5\" data-element_type=\"column\" data-e-type=\"column\">\n\t\t\t<div class=\"elementor-widget-wrap elementor-element-populated\">\n\t\t\t\t\t\t<div class=\"elementor-element elementor-element-bd803dc elementor-widget elementor-widget-text-editor\" data-id=\"bd803dc\" data-element_type=\"widget\" data-e-type=\"widget\" data-widget_type=\"text-editor.default\">\n\t\t\t\t<div class=\"elementor-widget-container\">\n\t\t\t\t\t\t\t\t\t<p><strong>Semin\u00e1rios de Prepara\u00e7\u00e3o para o Doutorado<\/strong><\/p><p>Profa. Dra. Daielly M. N. Mantovani<\/p>\t\t\t\t\t\t\t\t<\/div>\n\t\t\t\t<\/div>\n\t\t\t\t\t<\/div>\n\t\t<\/div>\n\t\t\t\t\t<\/div>\n\t\t<\/section>\n\t\t\t\t<section class=\"elementor-section elementor-top-section elementor-element elementor-element-0b342ae elementor-section-boxed elementor-section-height-default elementor-section-height-default\" data-id=\"0b342ae\" data-element_type=\"section\" data-e-type=\"section\">\n\t\t\t\t\t\t<div class=\"elementor-container elementor-column-gap-default\">\n\t\t\t\t\t<div class=\"elementor-column elementor-col-100 elementor-top-column elementor-element elementor-element-cbb721f\" data-id=\"cbb721f\" data-element_type=\"column\" data-e-type=\"column\">\n\t\t\t<div class=\"elementor-widget-wrap elementor-element-populated\">\n\t\t\t\t\t\t<div class=\"elementor-element elementor-element-b014cf0 elementor-widget elementor-widget-text-editor\" data-id=\"b014cf0\" data-element_type=\"widget\" data-e-type=\"widget\" data-widget_type=\"text-editor.default\">\n\t\t\t\t<div class=\"elementor-widget-container\">\n\t\t\t\t\t\t\t\t\t<h2>Comit\u00ea Cient\u00edfico &#8211; \u00c1reas<\/h2>\t\t\t\t\t\t\t\t<\/div>\n\t\t\t\t<\/div>\n\t\t\t\t\t<\/div>\n\t\t<\/div>\n\t\t\t\t\t<\/div>\n\t\t<\/section>\n\t\t\t\t<section class=\"elementor-section elementor-top-section elementor-element elementor-element-63b0b1a elementor-section-boxed elementor-section-height-default elementor-section-height-default\" data-id=\"63b0b1a\" data-element_type=\"section\" data-e-type=\"section\">\n\t\t\t\t\t\t<div class=\"elementor-container elementor-column-gap-default\">\n\t\t\t\t\t<div class=\"elementor-column elementor-col-50 elementor-top-column elementor-element elementor-element-547e6c2\" data-id=\"547e6c2\" data-element_type=\"column\" data-e-type=\"column\">\n\t\t\t<div class=\"elementor-widget-wrap elementor-element-populated\">\n\t\t\t\t\t\t<div class=\"elementor-element elementor-element-2539dc2 elementor-widget elementor-widget-text-editor\" data-id=\"2539dc2\" data-element_type=\"widget\" data-e-type=\"widget\" data-widget_type=\"text-editor.default\">\n\t\t\t\t<div class=\"elementor-widget-container\">\n\t\t\t\t\t\t\t\t\t<p><strong>Administra\u00e7\u00e3o P\u00fablica<br \/><\/strong>Coordenadores: Prof. Dr. Jos\u00e9 Carlos Vaz e Prof. Dr. Alessandro Soares da Silva<\/p><p><strong>Agribusiness<br \/><\/strong>Coordenadoras: Profa. Dra. Maria Sylvia Saes e Profa. Dra. Silvia Morales de Queiroz Caleman<\/p><p><strong>Empreendedorismo<br \/><\/strong>Coordenadores: Prof. Dr. Tales Andreassi e Prof. Dr. Eduardo Vilas Boas<\/p><p><strong>Ensino e Pesquisa<br \/><\/strong>Coordenadora: Profa. Dra. Manolita Correia Lima<\/p><p><strong>Estrat\u00e9gia em Organiza\u00e7\u00f5es<br \/><\/strong>Coordenadores: Prof. Dr. Benny Kramer Costa e Profa. Dra. Simone Barakat<\/p><p><strong>Estudos Organizacionais<br \/><\/strong>Coordenadora: Profa. Dra. Maria Luisa Mendes Teixeira<\/p><p><strong>Finan\u00e7as<br \/><\/strong>Coordenadora: Profa. Dra. Elizabeth Krauter<\/p><p><strong>Gest\u00e3o da Inova\u00e7\u00e3o<br \/><\/strong>Coordenadores: Prof. Dr. Guilherme Ary Plonski e Prof. Dr. Carlos Augusto Vargas<\/p>\t\t\t\t\t\t\t\t<\/div>\n\t\t\t\t<\/div>\n\t\t\t\t\t<\/div>\n\t\t<\/div>\n\t\t\t\t<div class=\"elementor-column elementor-col-50 elementor-top-column elementor-element elementor-element-2fc5f4b\" data-id=\"2fc5f4b\" data-element_type=\"column\" data-e-type=\"column\">\n\t\t\t<div class=\"elementor-widget-wrap elementor-element-populated\">\n\t\t\t\t\t\t<div class=\"elementor-element elementor-element-41e6e7b elementor-widget elementor-widget-text-editor\" data-id=\"41e6e7b\" data-element_type=\"widget\" data-e-type=\"widget\" data-widget_type=\"text-editor.default\">\n\t\t\t\t<div class=\"elementor-widget-container\">\n\t\t\t\t\t\t\t\t\t<p><strong>Gest\u00e3o de Pessoas<br \/><\/strong>Coordenadora: Profa. Dra. Heliani Berlato dos Santos<\/p><p><strong>Gest\u00e3o Socioambiental<br \/><\/strong>Coordenadores: Prof. Dr. Flavio Hourneaux J\u00fanior e Profa. Dra. Clandia Maffini Gomes<\/p><p><strong>Marketing<br \/><\/strong>Coordenadores: Prof. Dr. Guilherme Farias Shiraishi e Profa. Dra. Suzane Strelau<\/p><p><strong>Opera\u00e7\u00f5es<br \/><\/strong>Coordenador: Prof. Dr. Alvair Silveira Torres J\u00fanior<\/p><p><strong>Tecnologia da Informa\u00e7\u00e3o<br \/><\/strong>Coordenador: Prof. Dr. Gilberto Perez<\/p><p><strong>Turismo e Hospitalidade<br \/><\/strong>Coordenadora: Profa. Dra. Elizabeth Kyoko Wada<\/p><p><strong>Artigos Aplicados<br \/><\/strong>Coordenador: Prof. Dr. Adilson Caldeira<\/p>\t\t\t\t\t\t\t\t<\/div>\n\t\t\t\t<\/div>\n\t\t\t\t\t<\/div>\n\t\t<\/div>\n\t\t\t\t\t<\/div>\n\t\t<\/section>\n\t\t\t\t<\/div>\n\t\t","protected":false},"excerpt":{"rendered":"<p>Universidade de S\u00e3o Paulo &#8211; USP Prof. Dr. Vahan AgopyanReitor da Universidade de S\u00e3o Paulo Faculdade de Economia e Administra\u00e7\u00e3o &#8211; FEA USP Prof. Dr.\u00a0F\u00e1bio FrezattiDiretor da Faculdade de Economia, Administra\u00e7\u00e3o e Contabilidade Prof.Dr. Moacir de Miranda Oliveira J\u00faniorChefe do Departamento de Administra\u00e7\u00e3o Prof. Dr. Eduardo Kazuo KayoCoordenador do Programa de P\u00f3s-Gradua\u00e7\u00e3o em Administra\u00e7\u00e3o Equipe&#8230;<\/p>\n","protected":false},"author":1,"featured_media":0,"parent":0,"menu_order":0,"comment_status":"closed","ping_status":"open","template":"","meta":{"_acf_changed":false,"_monsterinsights_skip_tracking":false,"_monsterinsights_sitenote_active":false,"_monsterinsights_sitenote_note":"","_monsterinsights_sitenote_category":0,"footnotes":""},"class_list":["post-10194","page","type-page","status-publish","hentry"],"acf":[],"yoast_head":"<!-- This site is optimized with the Yoast SEO plugin v27.1.1 - https:\/\/yoast.com\/product\/yoast-seo-wordpress\/ -->\n<title>Organizadores - XXIV SemeAd<\/title>\n<meta name=\"robots\" content=\"index, follow, max-snippet:-1, max-image-preview:large, max-video-preview:-1\" \/>\n<link rel=\"canonical\" href=\"https:\/\/semead.com.br\/24\/equipe-de-organizacao\/\" \/>\n<meta property=\"og:locale\" content=\"pt_BR\" \/>\n<meta property=\"og:type\" content=\"article\" \/>\n<meta property=\"og:title\" content=\"Organizadores - XXIV SemeAd\" \/>\n<meta property=\"og:description\" content=\"Universidade de S\u00e3o Paulo &#8211; USP Prof. Dr. Vahan AgopyanReitor da Universidade de S\u00e3o Paulo Faculdade de Economia e Administra\u00e7\u00e3o &#8211; FEA USP Prof. Dr.\u00a0F\u00e1bio FrezattiDiretor da Faculdade de Economia, Administra\u00e7\u00e3o e Contabilidade Prof.Dr. Moacir de Miranda Oliveira J\u00faniorChefe do Departamento de Administra\u00e7\u00e3o Prof. Dr. Eduardo Kazuo KayoCoordenador do Programa de P\u00f3s-Gradua\u00e7\u00e3o em Administra\u00e7\u00e3o Equipe...\" \/>\n<meta property=\"og:url\" content=\"https:\/\/semead.com.br\/24\/equipe-de-organizacao\/\" \/>\n<meta property=\"og:site_name\" content=\"XXIV SemeAd\" \/>\n<meta property=\"article:modified_time\" content=\"2021-08-30T14:14:19+00:00\" \/>\n<meta name=\"twitter:card\" content=\"summary_large_image\" \/>\n<meta name=\"twitter:label1\" content=\"Est. tempo de leitura\" \/>\n\t<meta name=\"twitter:data1\" content=\"2 minutos\" \/>\n<script type=\"application\/ld+json\" class=\"yoast-schema-graph\">{\"@context\":\"https:\/\/schema.org\",\"@graph\":[{\"@type\":\"WebPage\",\"@id\":\"https:\/\/semead.com.br\/24\/equipe-de-organizacao\/\",\"url\":\"https:\/\/semead.com.br\/24\/equipe-de-organizacao\/\",\"name\":\"Organizadores - XXIV SemeAd\",\"isPartOf\":{\"@id\":\"https:\/\/semead.com.br\/24\/?lang=es\/#website\"},\"datePublished\":\"2013-05-06T15:44:00+00:00\",\"dateModified\":\"2021-08-30T14:14:19+00:00\",\"breadcrumb\":{\"@id\":\"https:\/\/semead.com.br\/24\/equipe-de-organizacao\/#breadcrumb\"},\"inLanguage\":\"pt-BR\",\"potentialAction\":[{\"@type\":\"ReadAction\",\"target\":[\"https:\/\/semead.com.br\/24\/equipe-de-organizacao\/\"]}]},{\"@type\":\"BreadcrumbList\",\"@id\":\"https:\/\/semead.com.br\/24\/equipe-de-organizacao\/#breadcrumb\",\"itemListElement\":[{\"@type\":\"ListItem\",\"position\":1,\"name\":\"In\u00edcio\",\"item\":\"https:\/\/semead.com.br\/24\/\"},{\"@type\":\"ListItem\",\"position\":2,\"name\":\"Organizadores\"}]},{\"@type\":\"WebSite\",\"@id\":\"https:\/\/semead.com.br\/24\/?lang=es\/#website\",\"url\":\"https:\/\/semead.com.br\/24\/?lang=es\/\",\"name\":\"XXIV SemeAd\",\"description\":\"Semin\u00e1rios em Administra\u00e7\u00e3o\",\"potentialAction\":[{\"@type\":\"SearchAction\",\"target\":{\"@type\":\"EntryPoint\",\"urlTemplate\":\"https:\/\/semead.com.br\/24\/?lang=es\/?s={search_term_string}\"},\"query-input\":{\"@type\":\"PropertyValueSpecification\",\"valueRequired\":true,\"valueName\":\"search_term_string\"}}],\"inLanguage\":\"pt-BR\"}]}<\/script>\n<!-- \/ Yoast SEO plugin. -->","yoast_head_json":{"title":"Organizadores - XXIV SemeAd","robots":{"index":"index","follow":"follow","max-snippet":"max-snippet:-1","max-image-preview":"max-image-preview:large","max-video-preview":"max-video-preview:-1"},"canonical":"https:\/\/semead.com.br\/24\/equipe-de-organizacao\/","og_locale":"pt_BR","og_type":"article","og_title":"Organizadores - XXIV SemeAd","og_description":"Universidade de S\u00e3o Paulo &#8211; USP Prof. Dr. Vahan AgopyanReitor da Universidade de S\u00e3o Paulo Faculdade de Economia e Administra\u00e7\u00e3o &#8211; FEA USP Prof. Dr.\u00a0F\u00e1bio FrezattiDiretor da Faculdade de Economia, Administra\u00e7\u00e3o e Contabilidade Prof.Dr. Moacir de Miranda Oliveira J\u00faniorChefe do Departamento de Administra\u00e7\u00e3o Prof. Dr. Eduardo Kazuo KayoCoordenador do Programa de P\u00f3s-Gradua\u00e7\u00e3o em Administra\u00e7\u00e3o Equipe...","og_url":"https:\/\/semead.com.br\/24\/equipe-de-organizacao\/","og_site_name":"XXIV SemeAd","article_modified_time":"2021-08-30T14:14:19+00:00","twitter_card":"summary_large_image","twitter_misc":{"Est. tempo de leitura":"2 minutos"},"schema":{"@context":"https:\/\/schema.org","@graph":[{"@type":"WebPage","@id":"https:\/\/semead.com.br\/24\/equipe-de-organizacao\/","url":"https:\/\/semead.com.br\/24\/equipe-de-organizacao\/","name":"Organizadores - XXIV SemeAd","isPartOf":{"@id":"https:\/\/semead.com.br\/24\/?lang=es\/#website"},"datePublished":"2013-05-06T15:44:00+00:00","dateModified":"2021-08-30T14:14:19+00:00","breadcrumb":{"@id":"https:\/\/semead.com.br\/24\/equipe-de-organizacao\/#breadcrumb"},"inLanguage":"pt-BR","potentialAction":[{"@type":"ReadAction","target":["https:\/\/semead.com.br\/24\/equipe-de-organizacao\/"]}]},{"@type":"BreadcrumbList","@id":"https:\/\/semead.com.br\/24\/equipe-de-organizacao\/#breadcrumb","itemListElement":[{"@type":"ListItem","position":1,"name":"In\u00edcio","item":"https:\/\/semead.com.br\/24\/"},{"@type":"ListItem","position":2,"name":"Organizadores"}]},{"@type":"WebSite","@id":"https:\/\/semead.com.br\/24\/?lang=es\/#website","url":"https:\/\/semead.com.br\/24\/?lang=es\/","name":"XXIV SemeAd","description":"Semin\u00e1rios em Administra\u00e7\u00e3o","potentialAction":[{"@type":"SearchAction","target":{"@type":"EntryPoint","urlTemplate":"https:\/\/semead.com.br\/24\/?lang=es\/?s={search_term_string}"},"query-input":{"@type":"PropertyValueSpecification","valueRequired":true,"valueName":"search_term_string"}}],"inLanguage":"pt-BR"}]}},"_links":{"self":[{"href":"https:\/\/semead.com.br\/24\/wp-json\/wp\/v2\/pages\/10194","targetHints":{"allow":["GET"]}}],"collection":[{"href":"https:\/\/semead.com.br\/24\/wp-json\/wp\/v2\/pages"}],"about":[{"href":"https:\/\/semead.com.br\/24\/wp-json\/wp\/v2\/types\/page"}],"author":[{"embeddable":true,"href":"https:\/\/semead.com.br\/24\/wp-json\/wp\/v2\/users\/1"}],"replies":[{"embeddable":true,"href":"https:\/\/semead.com.br\/24\/wp-json\/wp\/v2\/comments?post=10194"}],"version-history":[{"count":0,"href":"https:\/\/semead.com.br\/24\/wp-json\/wp\/v2\/pages\/10194\/revisions"}],"wp:attachment":[{"href":"https:\/\/semead.com.br\/24\/wp-json\/wp\/v2\/media?parent=10194"}],"curies":[{"name":"wp","href":"https:\/\/api.w.org\/{rel}","templated":true}]}}