{"id":10402,"date":"2013-05-13T13:02:53","date_gmt":"2013-05-13T13:02:53","guid":{"rendered":"http:\/\/semead.com.br\/?page_id=10402"},"modified":"2021-09-09T17:49:09","modified_gmt":"2021-09-09T20:49:09","slug":"datas-importantes","status":"publish","type":"page","link":"https:\/\/semead.com.br\/24\/datas-importantes\/","title":{"rendered":"Datas Importantes"},"content":{"rendered":"\t\t<div data-elementor-type=\"wp-page\" data-elementor-id=\"10402\" class=\"elementor elementor-10402\">\n\t\t\t\t\t\t<section class=\"elementor-section elementor-top-section elementor-element elementor-element-2570aadd elementor-section-boxed elementor-section-height-default elementor-section-height-default\" data-id=\"2570aadd\" data-element_type=\"section\" data-e-type=\"section\">\n\t\t\t\t\t\t<div class=\"elementor-container elementor-column-gap-default\">\n\t\t\t\t\t<div class=\"elementor-column elementor-col-100 elementor-top-column elementor-element elementor-element-4801de9d\" data-id=\"4801de9d\" data-element_type=\"column\" data-e-type=\"column\">\n\t\t\t<div class=\"elementor-widget-wrap elementor-element-populated\">\n\t\t\t\t\t\t<div class=\"elementor-element elementor-element-3540ce4 elementor-widget elementor-widget-text-editor\" data-id=\"3540ce4\" data-element_type=\"widget\" data-e-type=\"widget\" data-widget_type=\"text-editor.default\">\n\t\t\t\t<div class=\"elementor-widget-container\">\n\t\t\t\t\t\t\t\t\t<h3><strong><strong>O evento ocorrer\u00e1 nos dias 10, 11 e 12 de novembro de 2021.<\/strong><\/strong><\/h3><p><strong>Datas importantes:<\/strong><\/p><ul><li>31\/05\/2021 \u2013 Abertura das submiss\u00f5es de trabalhos e Connecta*<\/li><li>12\/07\/2021 \u2013 Abertura de submiss\u00f5es para o Cons\u00f3rcio Doutoral, Projeto de Impacto e Semin\u00e1rio de Prepara\u00e7\u00e3o para Processos Seletivos de Doutorado<\/li><li>25\/07\/2021 \u2013 Data limite para submiss\u00f5es de trabalhos*<\/li><li>08\/08\/2021 \u2013 Data limite para submiss\u00f5es de projetos para o Cons\u00f3rcio Doutoral, Projeto de Impacto e Semin\u00e1rio de Prepara\u00e7\u00e3o para Processos Seletivos de Doutorado<\/li><li>08\/09\/2021 \u2013 Abertura de inscri\u00e7\u00f5es para colaboradores volunt\u00e1rios no XXIV SemeAd<\/li><li>14\/09\/2021 \u2013 Divulga\u00e7\u00e3o dos resultados das submiss\u00f5es<\/li><li>14\/09\/2021 \u2013 Abertura das inscri\u00e7\u00f5es no XXIV SemeAd (online)<\/li><li>30\/09\/2021 \u2013 Data limite para inscri\u00e7\u00e3o de volunt\u00e1rios<\/li><li>30\/09\/2021 \u2013 Data limite para inscri\u00e7\u00f5es dos trabalhos aprovados*<\/li><li>22\/10\/2021 \u2013 Divulga\u00e7\u00e3o da programa\u00e7\u00e3o geral do XXIV SemeAd<\/li><li>31\/10\/2021 \u2013 Data limite para as inscri\u00e7\u00f5es (online)<\/li><li>09\/11\/2021 \u2013 Cons\u00f3rcio Doutoral<\/li><li>10\/11\/2021 \u2013 In\u00edcio do XXIV SemeAd<\/li><\/ul><p>* trabalhos para as sess\u00f5es convencionais e para a atividade Sapiens.<\/p>\t\t\t\t\t\t\t\t<\/div>\n\t\t\t\t<\/div>\n\t\t\t\t\t<\/div>\n\t\t<\/div>\n\t\t\t\t\t<\/div>\n\t\t<\/section>\n\t\t\t\t<\/div>\n\t\t","protected":false},"excerpt":{"rendered":"<p>O evento ocorrer\u00e1 nos dias 10, 11 e 12 de novembro de 2021. Datas importantes: 31\/05\/2021 \u2013 Abertura das submiss\u00f5es de trabalhos e Connecta* 12\/07\/2021 \u2013 Abertura de submiss\u00f5es para o Cons\u00f3rcio Doutoral, Projeto de Impacto e Semin\u00e1rio de Prepara\u00e7\u00e3o para Processos Seletivos de Doutorado 25\/07\/2021 \u2013 Data limite para submiss\u00f5es de trabalhos* 08\/08\/2021 \u2013&#8230;<\/p>\n","protected":false},"author":1,"featured_media":0,"parent":0,"menu_order":0,"comment_status":"closed","ping_status":"open","template":"","meta":{"_acf_changed":false,"_monsterinsights_skip_tracking":false,"_monsterinsights_sitenote_active":false,"_monsterinsights_sitenote_note":"","_monsterinsights_sitenote_category":0,"footnotes":""},"class_list":["post-10402","page","type-page","status-publish","hentry"],"acf":[],"yoast_head":"<!-- This site is optimized with the Yoast SEO plugin v27.1.1 - https:\/\/yoast.com\/product\/yoast-seo-wordpress\/ -->\n<title>Datas Importantes - XXIV SemeAd<\/title>\n<meta name=\"robots\" content=\"index, follow, max-snippet:-1, max-image-preview:large, max-video-preview:-1\" \/>\n<link rel=\"canonical\" href=\"https:\/\/semead.com.br\/24\/datas-importantes\/\" \/>\n<meta property=\"og:locale\" content=\"pt_BR\" \/>\n<meta property=\"og:type\" content=\"article\" \/>\n<meta property=\"og:title\" content=\"Datas Importantes - XXIV SemeAd\" \/>\n<meta property=\"og:description\" content=\"O evento ocorrer\u00e1 nos dias 10, 11 e 12 de novembro de 2021. Datas importantes: 31\/05\/2021 \u2013 Abertura das submiss\u00f5es de trabalhos e Connecta* 12\/07\/2021 \u2013 Abertura de submiss\u00f5es para o Cons\u00f3rcio Doutoral, Projeto de Impacto e Semin\u00e1rio de Prepara\u00e7\u00e3o para Processos Seletivos de Doutorado 25\/07\/2021 \u2013 Data limite para submiss\u00f5es de trabalhos* 08\/08\/2021 \u2013...\" \/>\n<meta property=\"og:url\" content=\"https:\/\/semead.com.br\/24\/datas-importantes\/\" \/>\n<meta property=\"og:site_name\" content=\"XXIV SemeAd\" \/>\n<meta property=\"article:modified_time\" content=\"2021-09-09T20:49:09+00:00\" \/>\n<meta name=\"twitter:card\" content=\"summary_large_image\" \/>\n<meta name=\"twitter:label1\" content=\"Est. tempo de leitura\" \/>\n\t<meta name=\"twitter:data1\" content=\"1 minuto\" \/>\n<script type=\"application\/ld+json\" class=\"yoast-schema-graph\">{\"@context\":\"https:\/\/schema.org\",\"@graph\":[{\"@type\":\"WebPage\",\"@id\":\"https:\/\/semead.com.br\/24\/datas-importantes\/\",\"url\":\"https:\/\/semead.com.br\/24\/datas-importantes\/\",\"name\":\"Datas Importantes - XXIV SemeAd\",\"isPartOf\":{\"@id\":\"https:\/\/semead.com.br\/24\/?lang=es\/#website\"},\"datePublished\":\"2013-05-13T13:02:53+00:00\",\"dateModified\":\"2021-09-09T20:49:09+00:00\",\"breadcrumb\":{\"@id\":\"https:\/\/semead.com.br\/24\/datas-importantes\/#breadcrumb\"},\"inLanguage\":\"pt-BR\",\"potentialAction\":[{\"@type\":\"ReadAction\",\"target\":[\"https:\/\/semead.com.br\/24\/datas-importantes\/\"]}]},{\"@type\":\"BreadcrumbList\",\"@id\":\"https:\/\/semead.com.br\/24\/datas-importantes\/#breadcrumb\",\"itemListElement\":[{\"@type\":\"ListItem\",\"position\":1,\"name\":\"In\u00edcio\",\"item\":\"https:\/\/semead.com.br\/24\/\"},{\"@type\":\"ListItem\",\"position\":2,\"name\":\"Datas Importantes\"}]},{\"@type\":\"WebSite\",\"@id\":\"https:\/\/semead.com.br\/24\/?lang=es\/#website\",\"url\":\"https:\/\/semead.com.br\/24\/?lang=es\/\",\"name\":\"XXIV SemeAd\",\"description\":\"Semin\u00e1rios em Administra\u00e7\u00e3o\",\"potentialAction\":[{\"@type\":\"SearchAction\",\"target\":{\"@type\":\"EntryPoint\",\"urlTemplate\":\"https:\/\/semead.com.br\/24\/?lang=es\/?s={search_term_string}\"},\"query-input\":{\"@type\":\"PropertyValueSpecification\",\"valueRequired\":true,\"valueName\":\"search_term_string\"}}],\"inLanguage\":\"pt-BR\"}]}<\/script>\n<!-- \/ Yoast SEO plugin. -->","yoast_head_json":{"title":"Datas Importantes - XXIV SemeAd","robots":{"index":"index","follow":"follow","max-snippet":"max-snippet:-1","max-image-preview":"max-image-preview:large","max-video-preview":"max-video-preview:-1"},"canonical":"https:\/\/semead.com.br\/24\/datas-importantes\/","og_locale":"pt_BR","og_type":"article","og_title":"Datas Importantes - XXIV SemeAd","og_description":"O evento ocorrer\u00e1 nos dias 10, 11 e 12 de novembro de 2021. Datas importantes: 31\/05\/2021 \u2013 Abertura das submiss\u00f5es de trabalhos e Connecta* 12\/07\/2021 \u2013 Abertura de submiss\u00f5es para o Cons\u00f3rcio Doutoral, Projeto de Impacto e Semin\u00e1rio de Prepara\u00e7\u00e3o para Processos Seletivos de Doutorado 25\/07\/2021 \u2013 Data limite para submiss\u00f5es de trabalhos* 08\/08\/2021 \u2013...","og_url":"https:\/\/semead.com.br\/24\/datas-importantes\/","og_site_name":"XXIV SemeAd","article_modified_time":"2021-09-09T20:49:09+00:00","twitter_card":"summary_large_image","twitter_misc":{"Est. tempo de leitura":"1 minuto"},"schema":{"@context":"https:\/\/schema.org","@graph":[{"@type":"WebPage","@id":"https:\/\/semead.com.br\/24\/datas-importantes\/","url":"https:\/\/semead.com.br\/24\/datas-importantes\/","name":"Datas Importantes - XXIV SemeAd","isPartOf":{"@id":"https:\/\/semead.com.br\/24\/?lang=es\/#website"},"datePublished":"2013-05-13T13:02:53+00:00","dateModified":"2021-09-09T20:49:09+00:00","breadcrumb":{"@id":"https:\/\/semead.com.br\/24\/datas-importantes\/#breadcrumb"},"inLanguage":"pt-BR","potentialAction":[{"@type":"ReadAction","target":["https:\/\/semead.com.br\/24\/datas-importantes\/"]}]},{"@type":"BreadcrumbList","@id":"https:\/\/semead.com.br\/24\/datas-importantes\/#breadcrumb","itemListElement":[{"@type":"ListItem","position":1,"name":"In\u00edcio","item":"https:\/\/semead.com.br\/24\/"},{"@type":"ListItem","position":2,"name":"Datas Importantes"}]},{"@type":"WebSite","@id":"https:\/\/semead.com.br\/24\/?lang=es\/#website","url":"https:\/\/semead.com.br\/24\/?lang=es\/","name":"XXIV SemeAd","description":"Semin\u00e1rios em Administra\u00e7\u00e3o","potentialAction":[{"@type":"SearchAction","target":{"@type":"EntryPoint","urlTemplate":"https:\/\/semead.com.br\/24\/?lang=es\/?s={search_term_string}"},"query-input":{"@type":"PropertyValueSpecification","valueRequired":true,"valueName":"search_term_string"}}],"inLanguage":"pt-BR"}]}},"_links":{"self":[{"href":"https:\/\/semead.com.br\/24\/wp-json\/wp\/v2\/pages\/10402","targetHints":{"allow":["GET"]}}],"collection":[{"href":"https:\/\/semead.com.br\/24\/wp-json\/wp\/v2\/pages"}],"about":[{"href":"https:\/\/semead.com.br\/24\/wp-json\/wp\/v2\/types\/page"}],"author":[{"embeddable":true,"href":"https:\/\/semead.com.br\/24\/wp-json\/wp\/v2\/users\/1"}],"replies":[{"embeddable":true,"href":"https:\/\/semead.com.br\/24\/wp-json\/wp\/v2\/comments?post=10402"}],"version-history":[{"count":0,"href":"https:\/\/semead.com.br\/24\/wp-json\/wp\/v2\/pages\/10402\/revisions"}],"wp:attachment":[{"href":"https:\/\/semead.com.br\/24\/wp-json\/wp\/v2\/media?parent=10402"}],"curies":[{"name":"wp","href":"https:\/\/api.w.org\/{rel}","templated":true}]}}