{"id":16025,"date":"2020-05-04T20:53:30","date_gmt":"2020-05-04T23:53:30","guid":{"rendered":"https:\/\/semead.com.br\/24\/?page_id=16025"},"modified":"2021-11-10T10:10:58","modified_gmt":"2021-11-10T13:10:58","slug":"programacao-sintetica","status":"publish","type":"page","link":"https:\/\/semead.com.br\/24\/programacao-sintetica\/","title":{"rendered":"Programa\u00e7\u00e3o Sint\u00e9tica"},"content":{"rendered":"\n<p><strong>Sujeita a altera\u00e7\u00e3o<\/strong>.<\/p>\n\n\n\n<figure class=\"wp-block-table\"><table><tbody><tr><td><strong>DIA 08\/11 \u2013 SEGUNDA-FEIRA- ENCONTRO COM EDITORES<\/strong><\/td><\/tr><\/tbody><\/table><\/figure>\n\n\n\n<figure class=\"wp-block-table is-style-stripes\"><table><tbody><tr><td><strong>Hor\u00e1rio (Bras\u00edlia)<\/strong><\/td><td><strong>Atividade<\/strong><strong><\/strong><\/td><\/tr><tr><td>14:30 \u2013 15:45<\/td><td>Mesa 1 \u2013 How to publish in top leading Journals? Publishing opportunities in CMR and SBEJ: challenges faced and how to overcome them<\/td><\/tr><\/tbody><\/table><\/figure>\n\n\n\n<figure class=\"wp-block-table\"><table><tbody><tr><td><strong>DIA 09\/11 \u2013 TER\u00c7A-FEIRA- CONS\u00d3RCIO DOUTORAL, SEMIN\u00c1RIOS DE PREPARA\u00c7\u00c3O e WORKSHOPS<\/strong><\/td><\/tr><\/tbody><\/table><\/figure>\n\n\n\n<figure class=\"wp-block-table is-style-stripes\"><table><tbody><tr><td><strong>Hor\u00e1rio (Bras\u00edlia)<\/strong><\/td><td><strong>Atividade<\/strong><strong><\/strong><\/td><\/tr><tr><td>08:00 \u2013 09:00<\/td><td>Mesa 2 \u2013 Desafios, Oportunidades e Dicas para o Doutorado Sandu\u00edche<\/td><\/tr><tr><td>09:00 \u2013 10:00<\/td><td>Mesa 3 \u2013 Desafios, Oportunidades e Dicas para a Carreira do Doutorando\/Doutor<\/td><\/tr><tr><td><meta charset=\"utf-8\">09:00 \u2013 10:00<\/td><td>Encontro Pr\u00e9-Doutoral<\/td><\/tr><tr><td>10:00 \u2013 11:00<\/td><td>Mesa 4 <meta charset=\"utf-8\">\u2013 Com a Palavra Editores: O Qu\u00ea e Como Escrever o Cap\u00edtulo de Discuss\u00e3o de Tese\/Artigo<\/td><\/tr><tr><td>10:30 \u2013 12:00<\/td><td>Workshops<\/td><\/tr><tr><td>11:00 \u2013 12:00<\/td><td>Mesa 5 \u2013 How to publish in top leading Journals? Publishing opportunities in GSJ and LRP: challenges faced and how to overcome them<\/td><\/tr><tr><td><meta charset=\"utf-8\">11:00 \u2013 12:30<\/td><td>Connecta Abertura<\/td><\/tr><tr><td>12:00 \u2013 14:00<\/td><td>Almo\u00e7o<\/td><\/tr><tr><td><meta charset=\"utf-8\">14:30 \u2013 16:00<\/td><td>Workshops<\/td><\/tr><tr><td>14:00 \u2013 18:00<\/td><td>Bancas de Cons\u00f3rcio Doutoral<\/td><\/tr><\/tbody><\/table><\/figure>\n\n\n\n<figure class=\"wp-block-table\"><table><tbody><tr><td><strong>DIA 10\/11 \u2013 QUARTA-FEIRA<\/strong><\/td><\/tr><\/tbody><\/table><\/figure>\n\n\n\n<figure class=\"wp-block-table is-style-stripes\"><table><tbody><tr><td><strong>Hor\u00e1rio (Bras\u00edlia)<\/strong><\/td><td><strong>Atividades<\/strong><strong><\/strong><\/td><\/tr><tr><td>08:30 \u2013 10:00<\/td><td>Sess\u00e3o de Apresenta\u00e7\u00e3o de Trabalhos (1) \/ Sapiens Administra\u00e7\u00e3o P\u00fablica, Agribusiness e Opera\u00e7\u00f5es<\/td><\/tr><tr><td>10:00 \u2013 10:30<\/td><td>Intervalo<\/td><\/tr><tr><td>10:30 \u2013 12:00<\/td><td>Workshops \/ Connecta Plen\u00e1ria<\/td><\/tr><tr><td>12:00 \u2013 13:00<\/td><td>Almo\u00e7o<\/td><\/tr><tr><td>13:00 \u2013 14:30<\/td><td>Keynotes \/ Painel \/ Projeto de Impacto \/ Business Speaker<\/td><\/tr><tr><td>14:30 \u2013 16:00<\/td><td>Workshops \/ Connecta Sess\u00e3o de Apresenta\u00e7\u00e3o (1)<\/td><\/tr><tr><td>16:00 \u2013 16:30<\/td><td>Intervalo<\/td><\/tr><tr><td>16:30 \u2013 18:00<\/td><td>Sess\u00e3o de Apresenta\u00e7\u00e3o de Trabalhos (2) \/ Sapiens Estudos Organizacionais e Turismo e Hospitalidade<\/td><\/tr><tr><td><strong>18:00 \u2013 19:00<\/strong><\/td><td><strong>Abertura<\/strong><\/td><\/tr><\/tbody><\/table><\/figure>\n\n\n\n<figure class=\"wp-block-table\"><table><tbody><tr><td><strong>DIA 11\/11 \u2013 QUINTA-FEIRA<\/strong><\/td><\/tr><\/tbody><\/table><\/figure>\n\n\n\n<figure class=\"wp-block-table is-style-stripes\"><table><tbody><tr><td><strong>Hor\u00e1rio (Bras\u00edlia)<\/strong><\/td><td><strong>Atividades<\/strong><strong><\/strong><\/td><\/tr><tr><td>08:30 \u2013 10:00<\/td><td>Sess\u00e3o de Apresenta\u00e7\u00e3o de Trabalhos (3) \/ Sapiens Estrat\u00e9gia e Gest\u00e3o Socioambiental<\/td><\/tr><tr><td>10:00 \u2013 10:30<\/td><td>Intervalo<\/td><\/tr><tr><td>10:30 \u2013 12:00<\/td><td>Workshops \/  Connecta Sess\u00e3o de Apresenta\u00e7\u00e3o (2)<\/td><\/tr><tr><td>12:00 \u2013 13:00<\/td><td>Almo\u00e7o<\/td><\/tr><tr><td>13:00 \u2013 14:30<\/td><td>Keynotes \/ Painel \/ Business Speaker<\/td><\/tr><tr><td>14:30 \u2013 16:00<\/td><td>Workshops \/  Connecta Sess\u00e3o de Apresenta\u00e7\u00e3o (3)<\/td><\/tr><tr><td>16:00 \u2013 16:30<\/td><td>Intervalo<\/td><\/tr><tr><td>16:30 \u2013 18:00<\/td><td>Sess\u00e3o de Apresenta\u00e7\u00e3o de Trabalhos (4) \/ Sapiens Gest\u00e3o de Pessoas e Gest\u00e3o da Inova\u00e7\u00e3o<\/td><\/tr><tr><td><strong>18:00 \u2013 19:00<\/strong><\/td><td><strong>Premia\u00e7\u00e3o e Fast-Track<\/strong><\/td><\/tr><\/tbody><\/table><\/figure>\n\n\n\n<figure class=\"wp-block-table\"><table><tbody><tr><td><strong>DIA 12\/11 \u2013 SEXTA-FEIRA<\/strong><\/td><\/tr><\/tbody><\/table><\/figure>\n\n\n\n<figure class=\"wp-block-table is-style-stripes\"><table><tbody><tr><td><strong>Hor\u00e1rio (Bras\u00edlia)<\/strong><\/td><td><strong>Atividades<\/strong><strong><\/strong><\/td><\/tr><tr><td>08:30 \u2013 10:00<\/td><td>Sess\u00e3o de Apresenta\u00e7\u00e3o de Trabalhos (5) \/ Sapiens Finan\u00e7as, Ensino e Pesquisa e Empreendedorismo<\/td><\/tr><tr><td>10:00 \u2013 10:30<\/td><td>Intervalo<\/td><\/tr><tr><td>10:30 \u2013 12:00<\/td><td>Workshops \/  Connecta Sess\u00e3o de Apresenta\u00e7\u00e3o (4)<\/td><\/tr><tr><td>12:00 \u2013 13:00<\/td><td>Almo\u00e7o<\/td><\/tr><tr><td>13:00 \u2013 14:30<\/td><td><meta charset=\"utf-8\">Keynotes \/ Painel \/ Business Speaker<\/td><\/tr><tr><td><meta charset=\"utf-8\">13:00 \u2013 14:30<\/td><td>Apresenta\u00e7\u00f5es de Projetos Selecionados &#8211; Bolsas SemeAd PQ Jr<\/td><\/tr><tr><td><meta charset=\"utf-8\">14:30 \u2013 16:00<\/td><td>Workshops<\/td><\/tr><tr><td>16:00 \u2013 16:30<\/td><td><meta charset=\"utf-8\">Intervalo<\/td><\/tr><tr><td>16:30 \u2013 18:00<\/td><td>Sess\u00e3o de Apresenta\u00e7\u00e3o de Trabalhos (6) \/ Sapiens Marketing e Tecnologia da Informa\u00e7\u00e3o<\/td><\/tr><tr><td>18:00 \u2013 19:00<\/td><td><strong>Sess\u00e3o de D\u00favidas com Editores<\/strong><\/td><\/tr><\/tbody><\/table><\/figure>\n","protected":false},"excerpt":{"rendered":"<p>Sujeita a altera\u00e7\u00e3o. DIA 08\/11 \u2013 SEGUNDA-FEIRA- ENCONTRO COM EDITORES Hor\u00e1rio (Bras\u00edlia) Atividade 14:30 \u2013 15:45 Mesa 1 \u2013 How to publish in top leading Journals? Publishing opportunities in CMR and SBEJ: challenges faced and how to overcome them DIA 09\/11 \u2013 TER\u00c7A-FEIRA- CONS\u00d3RCIO DOUTORAL, SEMIN\u00c1RIOS DE PREPARA\u00c7\u00c3O e WORKSHOPS Hor\u00e1rio (Bras\u00edlia) Atividade 08:00 \u2013&#8230;<\/p>\n","protected":false},"author":4,"featured_media":0,"parent":0,"menu_order":0,"comment_status":"closed","ping_status":"closed","template":"","meta":{"_acf_changed":false,"_monsterinsights_skip_tracking":false,"_monsterinsights_sitenote_active":false,"_monsterinsights_sitenote_note":"","_monsterinsights_sitenote_category":0,"footnotes":""},"class_list":["post-16025","page","type-page","status-publish","hentry"],"acf":[],"yoast_head":"<!-- This site is optimized with the Yoast SEO plugin v27.1.1 - https:\/\/yoast.com\/product\/yoast-seo-wordpress\/ -->\n<title>Programa\u00e7\u00e3o Sint\u00e9tica - XXIV SemeAd<\/title>\n<meta name=\"robots\" content=\"index, follow, max-snippet:-1, max-image-preview:large, max-video-preview:-1\" \/>\n<link rel=\"canonical\" href=\"https:\/\/semead.com.br\/24\/programacao-sintetica\/\" \/>\n<meta property=\"og:locale\" content=\"pt_BR\" \/>\n<meta property=\"og:type\" content=\"article\" \/>\n<meta property=\"og:title\" content=\"Programa\u00e7\u00e3o Sint\u00e9tica - XXIV SemeAd\" \/>\n<meta property=\"og:description\" content=\"Sujeita a altera\u00e7\u00e3o. DIA 08\/11 \u2013 SEGUNDA-FEIRA- ENCONTRO COM EDITORES Hor\u00e1rio (Bras\u00edlia) Atividade 14:30 \u2013 15:45 Mesa 1 \u2013 How to publish in top leading Journals? Publishing opportunities in CMR and SBEJ: challenges faced and how to overcome them DIA 09\/11 \u2013 TER\u00c7A-FEIRA- CONS\u00d3RCIO DOUTORAL, SEMIN\u00c1RIOS DE PREPARA\u00c7\u00c3O e WORKSHOPS Hor\u00e1rio (Bras\u00edlia) Atividade 08:00 \u2013...\" \/>\n<meta property=\"og:url\" content=\"https:\/\/semead.com.br\/24\/programacao-sintetica\/\" \/>\n<meta property=\"og:site_name\" content=\"XXIV SemeAd\" \/>\n<meta property=\"article:modified_time\" content=\"2021-11-10T13:10:58+00:00\" \/>\n<meta name=\"twitter:card\" content=\"summary_large_image\" \/>\n<meta name=\"twitter:label1\" content=\"Est. tempo de leitura\" \/>\n\t<meta name=\"twitter:data1\" content=\"2 minutos\" \/>\n<script type=\"application\/ld+json\" class=\"yoast-schema-graph\">{\"@context\":\"https:\/\/schema.org\",\"@graph\":[{\"@type\":\"WebPage\",\"@id\":\"https:\/\/semead.com.br\/24\/programacao-sintetica\/\",\"url\":\"https:\/\/semead.com.br\/24\/programacao-sintetica\/\",\"name\":\"Programa\u00e7\u00e3o Sint\u00e9tica - XXIV SemeAd\",\"isPartOf\":{\"@id\":\"https:\/\/semead.com.br\/24\/?lang=es\/#website\"},\"datePublished\":\"2020-05-04T23:53:30+00:00\",\"dateModified\":\"2021-11-10T13:10:58+00:00\",\"breadcrumb\":{\"@id\":\"https:\/\/semead.com.br\/24\/programacao-sintetica\/#breadcrumb\"},\"inLanguage\":\"pt-BR\",\"potentialAction\":[{\"@type\":\"ReadAction\",\"target\":[\"https:\/\/semead.com.br\/24\/programacao-sintetica\/\"]}]},{\"@type\":\"BreadcrumbList\",\"@id\":\"https:\/\/semead.com.br\/24\/programacao-sintetica\/#breadcrumb\",\"itemListElement\":[{\"@type\":\"ListItem\",\"position\":1,\"name\":\"In\u00edcio\",\"item\":\"https:\/\/semead.com.br\/24\/\"},{\"@type\":\"ListItem\",\"position\":2,\"name\":\"Programa\u00e7\u00e3o Sint\u00e9tica\"}]},{\"@type\":\"WebSite\",\"@id\":\"https:\/\/semead.com.br\/24\/?lang=es\/#website\",\"url\":\"https:\/\/semead.com.br\/24\/?lang=es\/\",\"name\":\"XXIV SemeAd\",\"description\":\"Semin\u00e1rios em Administra\u00e7\u00e3o\",\"potentialAction\":[{\"@type\":\"SearchAction\",\"target\":{\"@type\":\"EntryPoint\",\"urlTemplate\":\"https:\/\/semead.com.br\/24\/?lang=es\/?s={search_term_string}\"},\"query-input\":{\"@type\":\"PropertyValueSpecification\",\"valueRequired\":true,\"valueName\":\"search_term_string\"}}],\"inLanguage\":\"pt-BR\"}]}<\/script>\n<!-- \/ Yoast SEO plugin. -->","yoast_head_json":{"title":"Programa\u00e7\u00e3o Sint\u00e9tica - XXIV SemeAd","robots":{"index":"index","follow":"follow","max-snippet":"max-snippet:-1","max-image-preview":"max-image-preview:large","max-video-preview":"max-video-preview:-1"},"canonical":"https:\/\/semead.com.br\/24\/programacao-sintetica\/","og_locale":"pt_BR","og_type":"article","og_title":"Programa\u00e7\u00e3o Sint\u00e9tica - XXIV SemeAd","og_description":"Sujeita a altera\u00e7\u00e3o. DIA 08\/11 \u2013 SEGUNDA-FEIRA- ENCONTRO COM EDITORES Hor\u00e1rio (Bras\u00edlia) Atividade 14:30 \u2013 15:45 Mesa 1 \u2013 How to publish in top leading Journals? Publishing opportunities in CMR and SBEJ: challenges faced and how to overcome them DIA 09\/11 \u2013 TER\u00c7A-FEIRA- CONS\u00d3RCIO DOUTORAL, SEMIN\u00c1RIOS DE PREPARA\u00c7\u00c3O e WORKSHOPS Hor\u00e1rio (Bras\u00edlia) Atividade 08:00 \u2013...","og_url":"https:\/\/semead.com.br\/24\/programacao-sintetica\/","og_site_name":"XXIV SemeAd","article_modified_time":"2021-11-10T13:10:58+00:00","twitter_card":"summary_large_image","twitter_misc":{"Est. tempo de leitura":"2 minutos"},"schema":{"@context":"https:\/\/schema.org","@graph":[{"@type":"WebPage","@id":"https:\/\/semead.com.br\/24\/programacao-sintetica\/","url":"https:\/\/semead.com.br\/24\/programacao-sintetica\/","name":"Programa\u00e7\u00e3o Sint\u00e9tica - XXIV SemeAd","isPartOf":{"@id":"https:\/\/semead.com.br\/24\/?lang=es\/#website"},"datePublished":"2020-05-04T23:53:30+00:00","dateModified":"2021-11-10T13:10:58+00:00","breadcrumb":{"@id":"https:\/\/semead.com.br\/24\/programacao-sintetica\/#breadcrumb"},"inLanguage":"pt-BR","potentialAction":[{"@type":"ReadAction","target":["https:\/\/semead.com.br\/24\/programacao-sintetica\/"]}]},{"@type":"BreadcrumbList","@id":"https:\/\/semead.com.br\/24\/programacao-sintetica\/#breadcrumb","itemListElement":[{"@type":"ListItem","position":1,"name":"In\u00edcio","item":"https:\/\/semead.com.br\/24\/"},{"@type":"ListItem","position":2,"name":"Programa\u00e7\u00e3o Sint\u00e9tica"}]},{"@type":"WebSite","@id":"https:\/\/semead.com.br\/24\/?lang=es\/#website","url":"https:\/\/semead.com.br\/24\/?lang=es\/","name":"XXIV SemeAd","description":"Semin\u00e1rios em Administra\u00e7\u00e3o","potentialAction":[{"@type":"SearchAction","target":{"@type":"EntryPoint","urlTemplate":"https:\/\/semead.com.br\/24\/?lang=es\/?s={search_term_string}"},"query-input":{"@type":"PropertyValueSpecification","valueRequired":true,"valueName":"search_term_string"}}],"inLanguage":"pt-BR"}]}},"_links":{"self":[{"href":"https:\/\/semead.com.br\/24\/wp-json\/wp\/v2\/pages\/16025","targetHints":{"allow":["GET"]}}],"collection":[{"href":"https:\/\/semead.com.br\/24\/wp-json\/wp\/v2\/pages"}],"about":[{"href":"https:\/\/semead.com.br\/24\/wp-json\/wp\/v2\/types\/page"}],"author":[{"embeddable":true,"href":"https:\/\/semead.com.br\/24\/wp-json\/wp\/v2\/users\/4"}],"replies":[{"embeddable":true,"href":"https:\/\/semead.com.br\/24\/wp-json\/wp\/v2\/comments?post=16025"}],"version-history":[{"count":0,"href":"https:\/\/semead.com.br\/24\/wp-json\/wp\/v2\/pages\/16025\/revisions"}],"wp:attachment":[{"href":"https:\/\/semead.com.br\/24\/wp-json\/wp\/v2\/media?parent=16025"}],"curies":[{"name":"wp","href":"https:\/\/api.w.org\/{rel}","templated":true}]}}