{"id":16876,"date":"2020-09-07T15:49:07","date_gmt":"2020-09-07T18:49:07","guid":{"rendered":"https:\/\/semead.com.br\/24\/?page_id=16876"},"modified":"2021-12-13T20:22:23","modified_gmt":"2021-12-13T23:22:23","slug":"projetos-de-impacto","status":"publish","type":"page","link":"https:\/\/semead.com.br\/24\/trabalhos\/projetos-de-impacto\/","title":{"rendered":"Projetos de Impacto"},"content":{"rendered":"\t\t<div data-elementor-type=\"wp-page\" data-elementor-id=\"16876\" class=\"elementor elementor-16876\">\n\t\t\t\t\t\t<section class=\"elementor-section elementor-top-section elementor-element elementor-element-2cb2542f elementor-section-boxed elementor-section-height-default elementor-section-height-default\" data-id=\"2cb2542f\" data-element_type=\"section\" data-e-type=\"section\">\n\t\t\t\t\t\t<div class=\"elementor-container elementor-column-gap-default\">\n\t\t\t\t\t<div class=\"elementor-column elementor-col-100 elementor-top-column elementor-element elementor-element-24aab3bf\" data-id=\"24aab3bf\" data-element_type=\"column\" data-e-type=\"column\">\n\t\t\t<div class=\"elementor-widget-wrap elementor-element-populated\">\n\t\t\t\t\t\t<div class=\"elementor-element elementor-element-27133061 elementor-widget elementor-widget-text-editor\" data-id=\"27133061\" data-element_type=\"widget\" data-e-type=\"widget\" data-widget_type=\"text-editor.default\">\n\t\t\t\t<div class=\"elementor-widget-container\">\n\t\t\t\t\t\t\t\t\t<p>O SEMEAD-PROJETOS DE IMPACTO 2021 \u00e9 um espa\u00e7o destinado \u00e0 apresenta\u00e7\u00e3o e ao debate de projetos de pesquisa em andamento ou finalizados em at\u00e9 dois anos, financiados por entidades p\u00fablicas ou privadas (que n\u00e3o sejam os \u00f3rg\u00e3os tradicionais de fomento \u2013 CAPES, CNPQ, FAPs), cujos resultados tenham implica\u00e7\u00f5es significativas para a resolu\u00e7\u00e3o de problemas pr\u00e1ticos.<\/p><p>O evento objetiva apresentar, debater, estimular e encorajar a realiza\u00e7\u00e3o de novos projetos, a partir de demandas existentes, por meio da interlocu\u00e7\u00e3o entre os pesquisadores interessados, coordenadores de projetos de impacto e seus respectivos financiadores. Objetiva, assim, discutir o impacto social da pesquisa cient\u00edfica, assim como seu financiamento.<\/p><p>Se voc\u00ea tem interesse em divulgar seu projeto ou conhecer projetos financiados por fontes alternativas \u00e0s tradicionais que atendam a demandas da sociedade, participe do SEMEAD-PROJETOS DE IMPACTO 2021.<\/p><p><strong>Para submiss\u00e3o os projetos devem atender aos seguintes crit\u00e9rios:<\/strong><\/p><ul><li>Projetos em andamento ou finalizados em at\u00e9 dois anos;<\/li><li>Projetos financiados por entidades p\u00fablicas ou privadas (que n\u00e3o sejam os \u00f3rg\u00e3os tradicionais de fomento \u2013 CAPES, CNPQ, FAPs);<\/li><li>Projetos cujos resultados tenham implica\u00e7\u00f5es significativas para a resolu\u00e7\u00e3o de problemas pr\u00e1ticos, sejam eles no \u00e2mbito da Administra\u00e7\u00e3o p\u00fablica, das empresas ou de organiza\u00e7\u00f5es da sociedade civil.<\/li><\/ul><p><span style=\"text-decoration: underline;\"><em>Sugest\u00e3o de estrutura\u00e7\u00e3o do projeto (at\u00e9 3.000 palavras)<\/em><\/span>:<\/p><p>\u2013 Introdu\u00e7\u00e3o<br \/>\u2013 Contexto e realidade investigada<br \/>\u2013 Diagn\u00f3stico da situa\u00e7\u00e3o-problema e\/ou oportunidade<br \/>\u2013 An\u00e1lise da situa\u00e7\u00e3o problema e proposta de inova\u00e7\u00e3o\/interven\u00e7\u00e3o\/recomenda\u00e7\u00e3o<br \/>\u2013 Contribui\u00e7\u00e3o\/originalidade\/impacto do projeto<br \/>\u2013 Refer\u00eancias<\/p>\t\t\t\t\t\t\t\t<\/div>\n\t\t\t\t<\/div>\n\t\t\t\t\t<\/div>\n\t\t<\/div>\n\t\t\t\t\t<\/div>\n\t\t<\/section>\n\t\t\t\t<section class=\"elementor-section elementor-top-section elementor-element elementor-element-67b6953 elementor-section-boxed elementor-section-height-default elementor-section-height-default\" data-id=\"67b6953\" data-element_type=\"section\" data-e-type=\"section\">\n\t\t\t\t\t\t<div class=\"elementor-container elementor-column-gap-default\">\n\t\t\t\t\t<div class=\"elementor-column elementor-col-100 elementor-top-column elementor-element elementor-element-87e3441\" data-id=\"87e3441\" data-element_type=\"column\" data-e-type=\"column\">\n\t\t\t<div class=\"elementor-widget-wrap elementor-element-populated\">\n\t\t\t\t\t\t<div class=\"elementor-element elementor-element-40d0054 elementor-align-center elementor-widget elementor-widget-button\" data-id=\"40d0054\" data-element_type=\"widget\" data-e-type=\"widget\" data-widget_type=\"button.default\">\n\t\t\t\t<div class=\"elementor-widget-container\">\n\t\t\t\t\t\t\t\t\t<div class=\"elementor-button-wrapper\">\n\t\t\t\t\t<a class=\"elementor-button elementor-button-link elementor-size-lg\" href=\"https:\/\/www.youtube.com\/watch?v=pwxWe6xol4I\" target=\"_blank\">\n\t\t\t\t\t\t<span class=\"elementor-button-content-wrapper\">\n\t\t\t\t\t\t\t\t\t<span class=\"elementor-button-text\">Veja o Projeto de Impacto Selecionado na XXIV Edi\u00e7\u00e3o do SemeAD<\/span>\n\t\t\t\t\t<\/span>\n\t\t\t\t\t<\/a>\n\t\t\t\t<\/div>\n\t\t\t\t\t\t\t\t<\/div>\n\t\t\t\t<\/div>\n\t\t\t\t\t<\/div>\n\t\t<\/div>\n\t\t\t\t\t<\/div>\n\t\t<\/section>\n\t\t\t\t<\/div>\n\t\t","protected":false},"excerpt":{"rendered":"<p>O SEMEAD-PROJETOS DE IMPACTO 2021 \u00e9 um espa\u00e7o destinado \u00e0 apresenta\u00e7\u00e3o e ao debate de projetos de pesquisa em andamento ou finalizados em at\u00e9 dois anos, financiados por entidades p\u00fablicas ou privadas (que n\u00e3o sejam os \u00f3rg\u00e3os tradicionais de fomento \u2013 CAPES, CNPQ, FAPs), cujos resultados tenham implica\u00e7\u00f5es significativas para a resolu\u00e7\u00e3o de problemas pr\u00e1ticos&#8230;.<\/p>\n","protected":false},"author":4,"featured_media":0,"parent":22,"menu_order":0,"comment_status":"closed","ping_status":"closed","template":"","meta":{"_acf_changed":false,"_monsterinsights_skip_tracking":false,"_monsterinsights_sitenote_active":false,"_monsterinsights_sitenote_note":"","_monsterinsights_sitenote_category":0,"footnotes":""},"class_list":["post-16876","page","type-page","status-publish","hentry"],"acf":[],"yoast_head":"<!-- This site is optimized with the Yoast SEO plugin v27.1.1 - https:\/\/yoast.com\/product\/yoast-seo-wordpress\/ -->\n<title>Projetos de Impacto - XXIV SemeAd<\/title>\n<meta name=\"robots\" content=\"index, follow, max-snippet:-1, max-image-preview:large, max-video-preview:-1\" \/>\n<link rel=\"canonical\" href=\"https:\/\/semead.com.br\/24\/trabalhos\/projetos-de-impacto\/\" \/>\n<meta property=\"og:locale\" content=\"pt_BR\" \/>\n<meta property=\"og:type\" content=\"article\" \/>\n<meta property=\"og:title\" content=\"Projetos de Impacto - XXIV SemeAd\" \/>\n<meta property=\"og:description\" content=\"O SEMEAD-PROJETOS DE IMPACTO 2021 \u00e9 um espa\u00e7o destinado \u00e0 apresenta\u00e7\u00e3o e ao debate de projetos de pesquisa em andamento ou finalizados em at\u00e9 dois anos, financiados por entidades p\u00fablicas ou privadas (que n\u00e3o sejam os \u00f3rg\u00e3os tradicionais de fomento \u2013 CAPES, CNPQ, FAPs), cujos resultados tenham implica\u00e7\u00f5es significativas para a resolu\u00e7\u00e3o de problemas pr\u00e1ticos....\" \/>\n<meta property=\"og:url\" content=\"https:\/\/semead.com.br\/24\/trabalhos\/projetos-de-impacto\/\" \/>\n<meta property=\"og:site_name\" content=\"XXIV SemeAd\" \/>\n<meta property=\"article:modified_time\" content=\"2021-12-13T23:22:23+00:00\" \/>\n<meta name=\"twitter:card\" content=\"summary_large_image\" \/>\n<meta name=\"twitter:label1\" content=\"Est. tempo de leitura\" \/>\n\t<meta name=\"twitter:data1\" content=\"2 minutos\" \/>\n<script type=\"application\/ld+json\" class=\"yoast-schema-graph\">{\"@context\":\"https:\/\/schema.org\",\"@graph\":[{\"@type\":\"WebPage\",\"@id\":\"https:\/\/semead.com.br\/24\/trabalhos\/projetos-de-impacto\/\",\"url\":\"https:\/\/semead.com.br\/24\/trabalhos\/projetos-de-impacto\/\",\"name\":\"Projetos de Impacto - XXIV SemeAd\",\"isPartOf\":{\"@id\":\"https:\/\/semead.com.br\/24\/?lang=es\/#website\"},\"datePublished\":\"2020-09-07T18:49:07+00:00\",\"dateModified\":\"2021-12-13T23:22:23+00:00\",\"breadcrumb\":{\"@id\":\"https:\/\/semead.com.br\/24\/trabalhos\/projetos-de-impacto\/#breadcrumb\"},\"inLanguage\":\"pt-BR\",\"potentialAction\":[{\"@type\":\"ReadAction\",\"target\":[\"https:\/\/semead.com.br\/24\/trabalhos\/projetos-de-impacto\/\"]}]},{\"@type\":\"BreadcrumbList\",\"@id\":\"https:\/\/semead.com.br\/24\/trabalhos\/projetos-de-impacto\/#breadcrumb\",\"itemListElement\":[{\"@type\":\"ListItem\",\"position\":1,\"name\":\"In\u00edcio\",\"item\":\"https:\/\/semead.com.br\/24\/\"},{\"@type\":\"ListItem\",\"position\":2,\"name\":\"Trabalhos\",\"item\":\"https:\/\/semead.com.br\/24\/trabalhos\/\"},{\"@type\":\"ListItem\",\"position\":3,\"name\":\"Projetos de Impacto\"}]},{\"@type\":\"WebSite\",\"@id\":\"https:\/\/semead.com.br\/24\/?lang=es\/#website\",\"url\":\"https:\/\/semead.com.br\/24\/?lang=es\/\",\"name\":\"XXIV SemeAd\",\"description\":\"Semin\u00e1rios em Administra\u00e7\u00e3o\",\"potentialAction\":[{\"@type\":\"SearchAction\",\"target\":{\"@type\":\"EntryPoint\",\"urlTemplate\":\"https:\/\/semead.com.br\/24\/?lang=es\/?s={search_term_string}\"},\"query-input\":{\"@type\":\"PropertyValueSpecification\",\"valueRequired\":true,\"valueName\":\"search_term_string\"}}],\"inLanguage\":\"pt-BR\"}]}<\/script>\n<!-- \/ Yoast SEO plugin. -->","yoast_head_json":{"title":"Projetos de Impacto - XXIV SemeAd","robots":{"index":"index","follow":"follow","max-snippet":"max-snippet:-1","max-image-preview":"max-image-preview:large","max-video-preview":"max-video-preview:-1"},"canonical":"https:\/\/semead.com.br\/24\/trabalhos\/projetos-de-impacto\/","og_locale":"pt_BR","og_type":"article","og_title":"Projetos de Impacto - XXIV SemeAd","og_description":"O SEMEAD-PROJETOS DE IMPACTO 2021 \u00e9 um espa\u00e7o destinado \u00e0 apresenta\u00e7\u00e3o e ao debate de projetos de pesquisa em andamento ou finalizados em at\u00e9 dois anos, financiados por entidades p\u00fablicas ou privadas (que n\u00e3o sejam os \u00f3rg\u00e3os tradicionais de fomento \u2013 CAPES, CNPQ, FAPs), cujos resultados tenham implica\u00e7\u00f5es significativas para a resolu\u00e7\u00e3o de problemas pr\u00e1ticos....","og_url":"https:\/\/semead.com.br\/24\/trabalhos\/projetos-de-impacto\/","og_site_name":"XXIV SemeAd","article_modified_time":"2021-12-13T23:22:23+00:00","twitter_card":"summary_large_image","twitter_misc":{"Est. tempo de leitura":"2 minutos"},"schema":{"@context":"https:\/\/schema.org","@graph":[{"@type":"WebPage","@id":"https:\/\/semead.com.br\/24\/trabalhos\/projetos-de-impacto\/","url":"https:\/\/semead.com.br\/24\/trabalhos\/projetos-de-impacto\/","name":"Projetos de Impacto - XXIV SemeAd","isPartOf":{"@id":"https:\/\/semead.com.br\/24\/?lang=es\/#website"},"datePublished":"2020-09-07T18:49:07+00:00","dateModified":"2021-12-13T23:22:23+00:00","breadcrumb":{"@id":"https:\/\/semead.com.br\/24\/trabalhos\/projetos-de-impacto\/#breadcrumb"},"inLanguage":"pt-BR","potentialAction":[{"@type":"ReadAction","target":["https:\/\/semead.com.br\/24\/trabalhos\/projetos-de-impacto\/"]}]},{"@type":"BreadcrumbList","@id":"https:\/\/semead.com.br\/24\/trabalhos\/projetos-de-impacto\/#breadcrumb","itemListElement":[{"@type":"ListItem","position":1,"name":"In\u00edcio","item":"https:\/\/semead.com.br\/24\/"},{"@type":"ListItem","position":2,"name":"Trabalhos","item":"https:\/\/semead.com.br\/24\/trabalhos\/"},{"@type":"ListItem","position":3,"name":"Projetos de Impacto"}]},{"@type":"WebSite","@id":"https:\/\/semead.com.br\/24\/?lang=es\/#website","url":"https:\/\/semead.com.br\/24\/?lang=es\/","name":"XXIV SemeAd","description":"Semin\u00e1rios em Administra\u00e7\u00e3o","potentialAction":[{"@type":"SearchAction","target":{"@type":"EntryPoint","urlTemplate":"https:\/\/semead.com.br\/24\/?lang=es\/?s={search_term_string}"},"query-input":{"@type":"PropertyValueSpecification","valueRequired":true,"valueName":"search_term_string"}}],"inLanguage":"pt-BR"}]}},"_links":{"self":[{"href":"https:\/\/semead.com.br\/24\/wp-json\/wp\/v2\/pages\/16876","targetHints":{"allow":["GET"]}}],"collection":[{"href":"https:\/\/semead.com.br\/24\/wp-json\/wp\/v2\/pages"}],"about":[{"href":"https:\/\/semead.com.br\/24\/wp-json\/wp\/v2\/types\/page"}],"author":[{"embeddable":true,"href":"https:\/\/semead.com.br\/24\/wp-json\/wp\/v2\/users\/4"}],"replies":[{"embeddable":true,"href":"https:\/\/semead.com.br\/24\/wp-json\/wp\/v2\/comments?post=16876"}],"version-history":[{"count":0,"href":"https:\/\/semead.com.br\/24\/wp-json\/wp\/v2\/pages\/16876\/revisions"}],"up":[{"embeddable":true,"href":"https:\/\/semead.com.br\/24\/wp-json\/wp\/v2\/pages\/22"}],"wp:attachment":[{"href":"https:\/\/semead.com.br\/24\/wp-json\/wp\/v2\/media?parent=16876"}],"curies":[{"name":"wp","href":"https:\/\/api.w.org\/{rel}","templated":true}]}}