{"id":17150,"date":"2020-11-08T12:04:44","date_gmt":"2020-11-08T15:04:44","guid":{"rendered":"https:\/\/semead.com.br\/24\/?page_id=17150"},"modified":"2021-12-14T10:42:27","modified_gmt":"2021-12-14T13:42:27","slug":"paineis-tematicos","status":"publish","type":"page","link":"https:\/\/semead.com.br\/24\/paineis-tematicos\/","title":{"rendered":"Pain\u00e9is Tem\u00e1ticos"},"content":{"rendered":"\t\t<div data-elementor-type=\"wp-post\" data-elementor-id=\"17150\" class=\"elementor elementor-17150\">\n\t\t\t\t\t\t<section class=\"elementor-section elementor-top-section elementor-element elementor-element-e0cc7ea elementor-section-boxed elementor-section-height-default elementor-section-height-default\" data-id=\"e0cc7ea\" data-element_type=\"section\" data-e-type=\"section\">\n\t\t\t\t\t\t<div class=\"elementor-container elementor-column-gap-default\">\n\t\t\t\t\t<div class=\"elementor-column elementor-col-100 elementor-top-column elementor-element elementor-element-1885032\" data-id=\"1885032\" data-element_type=\"column\" data-e-type=\"column\">\n\t\t\t<div class=\"elementor-widget-wrap elementor-element-populated\">\n\t\t\t\t\t\t<div class=\"elementor-element elementor-element-7cfc44d elementor-widget elementor-widget-text-editor\" data-id=\"7cfc44d\" data-element_type=\"widget\" data-e-type=\"widget\" data-widget_type=\"text-editor.default\">\n\t\t\t\t<div class=\"elementor-widget-container\">\n\t\t\t\t\t\t\t\t\t<p>A sess\u00e3o de Pain\u00e9is Tem\u00e1ticos \u00e9 uma atividade do SemeAd que re\u00fane conjunto de pesquisadores e empres\u00e1rios, nacionais e\/ou internacionais, em rodas de discuss\u00e3o acerca de temas emergentes no ambiente organizacional e acad\u00eamico.<\/p><p>Confira a programa\u00e7\u00e3o de Pain\u00e9is para a edi\u00e7\u00e3o deste ano do SemeAd!<\/p>\t\t\t\t\t\t\t\t<\/div>\n\t\t\t\t<\/div>\n\t\t\t\t\t<\/div>\n\t\t<\/div>\n\t\t\t\t\t<\/div>\n\t\t<\/section>\n\t\t\t\t<section class=\"elementor-section elementor-top-section elementor-element elementor-element-4e5b524 elementor-section-boxed elementor-section-height-default elementor-section-height-default\" data-id=\"4e5b524\" data-element_type=\"section\" data-e-type=\"section\">\n\t\t\t\t\t\t<div class=\"elementor-container elementor-column-gap-default\">\n\t\t\t\t\t<div class=\"elementor-column elementor-col-100 elementor-top-column elementor-element elementor-element-648ea4f\" data-id=\"648ea4f\" data-element_type=\"column\" data-e-type=\"column\">\n\t\t\t<div class=\"elementor-widget-wrap elementor-element-populated\">\n\t\t\t\t\t\t<div class=\"elementor-element elementor-element-95050b7 elementor-widget elementor-widget-image\" data-id=\"95050b7\" data-element_type=\"widget\" data-e-type=\"widget\" data-widget_type=\"image.default\">\n\t\t\t\t<div class=\"elementor-widget-container\">\n\t\t\t\t\t\t\t\t\t\t\t\t\t\t\t<img fetchpriority=\"high\" decoding=\"async\" width=\"1024\" height=\"1024\" src=\"https:\/\/semead.com.br\/24\/wp-content\/uploads\/sites\/13\/2021\/11\/WhatsApp-Image-2021-11-07-at-03.25.11-1024x1024.jpeg\" class=\"attachment-large size-large wp-image-23527\" alt=\"\" srcset=\"https:\/\/semead.com.br\/24\/wp-content\/uploads\/sites\/13\/2021\/11\/WhatsApp-Image-2021-11-07-at-03.25.11-1024x1024.jpeg 1024w, https:\/\/semead.com.br\/24\/wp-content\/uploads\/sites\/13\/2021\/11\/WhatsApp-Image-2021-11-07-at-03.25.11-300x300.jpeg 300w, https:\/\/semead.com.br\/24\/wp-content\/uploads\/sites\/13\/2021\/11\/WhatsApp-Image-2021-11-07-at-03.25.11-150x150.jpeg 150w, https:\/\/semead.com.br\/24\/wp-content\/uploads\/sites\/13\/2021\/11\/WhatsApp-Image-2021-11-07-at-03.25.11-400x400.jpeg 400w, https:\/\/semead.com.br\/24\/wp-content\/uploads\/sites\/13\/2021\/11\/WhatsApp-Image-2021-11-07-at-03.25.11.jpeg 1080w\" sizes=\"(max-width: 1024px) 100vw, 1024px\" \/>\t\t\t\t\t\t\t\t\t\t\t\t\t\t\t<\/div>\n\t\t\t\t<\/div>\n\t\t\t\t\t<\/div>\n\t\t<\/div>\n\t\t\t\t\t<\/div>\n\t\t<\/section>\n\t\t\t\t<section class=\"elementor-section elementor-top-section elementor-element elementor-element-0ea7ef5 elementor-section-boxed elementor-section-height-default elementor-section-height-default\" data-id=\"0ea7ef5\" data-element_type=\"section\" data-e-type=\"section\">\n\t\t\t\t\t\t<div class=\"elementor-container elementor-column-gap-default\">\n\t\t\t\t\t<div class=\"elementor-column elementor-col-100 elementor-top-column elementor-element elementor-element-99e7053\" data-id=\"99e7053\" data-element_type=\"column\" data-e-type=\"column\">\n\t\t\t<div class=\"elementor-widget-wrap elementor-element-populated\">\n\t\t\t\t\t\t<div class=\"elementor-element elementor-element-769975c elementor-align-center elementor-widget elementor-widget-button\" data-id=\"769975c\" data-element_type=\"widget\" data-e-type=\"widget\" data-widget_type=\"button.default\">\n\t\t\t\t<div class=\"elementor-widget-container\">\n\t\t\t\t\t\t\t\t\t<div class=\"elementor-button-wrapper\">\n\t\t\t\t\t<a class=\"elementor-button elementor-button-link elementor-size-md\" href=\"https:\/\/www.youtube.com\/watch?v=pPuxRSjh-MA\" target=\"_blank\">\n\t\t\t\t\t\t<span class=\"elementor-button-content-wrapper\">\n\t\t\t\t\t\t\t\t\t<span class=\"elementor-button-text\">Assista<\/span>\n\t\t\t\t\t<\/span>\n\t\t\t\t\t<\/a>\n\t\t\t\t<\/div>\n\t\t\t\t\t\t\t\t<\/div>\n\t\t\t\t<\/div>\n\t\t\t\t\t<\/div>\n\t\t<\/div>\n\t\t\t\t\t<\/div>\n\t\t<\/section>\n\t\t\t\t<section class=\"elementor-section elementor-top-section elementor-element elementor-element-e22d45c elementor-section-boxed elementor-section-height-default elementor-section-height-default\" data-id=\"e22d45c\" data-element_type=\"section\" data-e-type=\"section\">\n\t\t\t\t\t\t<div class=\"elementor-container elementor-column-gap-default\">\n\t\t\t\t\t<div class=\"elementor-column elementor-col-100 elementor-top-column elementor-element elementor-element-f180e54\" data-id=\"f180e54\" data-element_type=\"column\" data-e-type=\"column\">\n\t\t\t<div class=\"elementor-widget-wrap elementor-element-populated\">\n\t\t\t\t\t\t<div class=\"elementor-element elementor-element-180f341 elementor-widget elementor-widget-image\" data-id=\"180f341\" data-element_type=\"widget\" data-e-type=\"widget\" data-widget_type=\"image.default\">\n\t\t\t\t<div class=\"elementor-widget-container\">\n\t\t\t\t\t\t\t\t\t\t\t\t\t\t\t<img decoding=\"async\" width=\"1024\" height=\"1024\" src=\"https:\/\/semead.com.br\/24\/wp-content\/uploads\/sites\/13\/2021\/11\/WhatsApp-Image-2021-11-07-at-03.25.12-1024x1024.jpeg\" class=\"attachment-large size-large wp-image-23533\" alt=\"\" srcset=\"https:\/\/semead.com.br\/24\/wp-content\/uploads\/sites\/13\/2021\/11\/WhatsApp-Image-2021-11-07-at-03.25.12-1024x1024.jpeg 1024w, https:\/\/semead.com.br\/24\/wp-content\/uploads\/sites\/13\/2021\/11\/WhatsApp-Image-2021-11-07-at-03.25.12-300x300.jpeg 300w, https:\/\/semead.com.br\/24\/wp-content\/uploads\/sites\/13\/2021\/11\/WhatsApp-Image-2021-11-07-at-03.25.12-150x150.jpeg 150w, https:\/\/semead.com.br\/24\/wp-content\/uploads\/sites\/13\/2021\/11\/WhatsApp-Image-2021-11-07-at-03.25.12-400x400.jpeg 400w, https:\/\/semead.com.br\/24\/wp-content\/uploads\/sites\/13\/2021\/11\/WhatsApp-Image-2021-11-07-at-03.25.12.jpeg 1080w\" sizes=\"(max-width: 1024px) 100vw, 1024px\" \/>\t\t\t\t\t\t\t\t\t\t\t\t\t\t\t<\/div>\n\t\t\t\t<\/div>\n\t\t\t\t\t<\/div>\n\t\t<\/div>\n\t\t\t\t\t<\/div>\n\t\t<\/section>\n\t\t\t\t<section class=\"elementor-section elementor-top-section elementor-element elementor-element-15376ff elementor-section-boxed elementor-section-height-default elementor-section-height-default\" data-id=\"15376ff\" data-element_type=\"section\" data-e-type=\"section\">\n\t\t\t\t\t\t<div class=\"elementor-container elementor-column-gap-default\">\n\t\t\t\t\t<div class=\"elementor-column elementor-col-100 elementor-top-column elementor-element elementor-element-8069c3c\" data-id=\"8069c3c\" data-element_type=\"column\" data-e-type=\"column\">\n\t\t\t<div class=\"elementor-widget-wrap elementor-element-populated\">\n\t\t\t\t\t\t<div class=\"elementor-element elementor-element-13790d5 elementor-align-center elementor-widget elementor-widget-button\" data-id=\"13790d5\" data-element_type=\"widget\" data-e-type=\"widget\" data-widget_type=\"button.default\">\n\t\t\t\t<div class=\"elementor-widget-container\">\n\t\t\t\t\t\t\t\t\t<div class=\"elementor-button-wrapper\">\n\t\t\t\t\t<a class=\"elementor-button elementor-button-link elementor-size-md\" href=\"https:\/\/www.youtube.com\/watch?v=Kmgt_cToM_M\" target=\"_blank\">\n\t\t\t\t\t\t<span class=\"elementor-button-content-wrapper\">\n\t\t\t\t\t\t\t\t\t<span class=\"elementor-button-text\">Assista<\/span>\n\t\t\t\t\t<\/span>\n\t\t\t\t\t<\/a>\n\t\t\t\t<\/div>\n\t\t\t\t\t\t\t\t<\/div>\n\t\t\t\t<\/div>\n\t\t\t\t\t<\/div>\n\t\t<\/div>\n\t\t\t\t\t<\/div>\n\t\t<\/section>\n\t\t\t\t<section class=\"elementor-section elementor-top-section elementor-element elementor-element-212fa42 elementor-section-boxed elementor-section-height-default elementor-section-height-default\" data-id=\"212fa42\" data-element_type=\"section\" data-e-type=\"section\">\n\t\t\t\t\t\t<div class=\"elementor-container elementor-column-gap-default\">\n\t\t\t\t\t<div class=\"elementor-column elementor-col-100 elementor-top-column elementor-element elementor-element-dcdaa77\" data-id=\"dcdaa77\" data-element_type=\"column\" data-e-type=\"column\">\n\t\t\t<div class=\"elementor-widget-wrap elementor-element-populated\">\n\t\t\t\t\t\t<div class=\"elementor-element elementor-element-4cb8256 elementor-widget elementor-widget-image\" data-id=\"4cb8256\" data-element_type=\"widget\" data-e-type=\"widget\" data-widget_type=\"image.default\">\n\t\t\t\t<div class=\"elementor-widget-container\">\n\t\t\t\t\t\t\t\t\t\t\t\t\t\t\t<img decoding=\"async\" width=\"1024\" height=\"1024\" src=\"https:\/\/semead.com.br\/24\/wp-content\/uploads\/sites\/13\/2021\/11\/WhatsApp-Image-2021-11-07-at-03.25.12-1-1024x1024.jpeg\" class=\"attachment-large size-large wp-image-23530\" alt=\"\" srcset=\"https:\/\/semead.com.br\/24\/wp-content\/uploads\/sites\/13\/2021\/11\/WhatsApp-Image-2021-11-07-at-03.25.12-1-1024x1024.jpeg 1024w, https:\/\/semead.com.br\/24\/wp-content\/uploads\/sites\/13\/2021\/11\/WhatsApp-Image-2021-11-07-at-03.25.12-1-300x300.jpeg 300w, https:\/\/semead.com.br\/24\/wp-content\/uploads\/sites\/13\/2021\/11\/WhatsApp-Image-2021-11-07-at-03.25.12-1-150x150.jpeg 150w, https:\/\/semead.com.br\/24\/wp-content\/uploads\/sites\/13\/2021\/11\/WhatsApp-Image-2021-11-07-at-03.25.12-1-400x400.jpeg 400w, https:\/\/semead.com.br\/24\/wp-content\/uploads\/sites\/13\/2021\/11\/WhatsApp-Image-2021-11-07-at-03.25.12-1.jpeg 1080w\" sizes=\"(max-width: 1024px) 100vw, 1024px\" \/>\t\t\t\t\t\t\t\t\t\t\t\t\t\t\t<\/div>\n\t\t\t\t<\/div>\n\t\t\t\t\t<\/div>\n\t\t<\/div>\n\t\t\t\t\t<\/div>\n\t\t<\/section>\n\t\t\t\t<section class=\"elementor-section elementor-top-section elementor-element elementor-element-5d2072e elementor-section-boxed elementor-section-height-default elementor-section-height-default\" data-id=\"5d2072e\" data-element_type=\"section\" data-e-type=\"section\">\n\t\t\t\t\t\t<div class=\"elementor-container elementor-column-gap-default\">\n\t\t\t\t\t<div class=\"elementor-column elementor-col-100 elementor-top-column elementor-element elementor-element-5912ce2\" data-id=\"5912ce2\" data-element_type=\"column\" data-e-type=\"column\">\n\t\t\t<div class=\"elementor-widget-wrap elementor-element-populated\">\n\t\t\t\t\t\t<div class=\"elementor-element elementor-element-85224e0 elementor-align-center elementor-widget elementor-widget-button\" data-id=\"85224e0\" data-element_type=\"widget\" data-e-type=\"widget\" data-widget_type=\"button.default\">\n\t\t\t\t<div class=\"elementor-widget-container\">\n\t\t\t\t\t\t\t\t\t<div class=\"elementor-button-wrapper\">\n\t\t\t\t\t<a class=\"elementor-button elementor-button-link elementor-size-md\" href=\"https:\/\/www.youtube.com\/watch?v=a2-aI8e6DAo\" target=\"_blank\">\n\t\t\t\t\t\t<span class=\"elementor-button-content-wrapper\">\n\t\t\t\t\t\t\t\t\t<span class=\"elementor-button-text\">Assista<\/span>\n\t\t\t\t\t<\/span>\n\t\t\t\t\t<\/a>\n\t\t\t\t<\/div>\n\t\t\t\t\t\t\t\t<\/div>\n\t\t\t\t<\/div>\n\t\t\t\t\t<\/div>\n\t\t<\/div>\n\t\t\t\t\t<\/div>\n\t\t<\/section>\n\t\t\t\t<\/div>\n\t\t","protected":false},"excerpt":{"rendered":"<p>A sess\u00e3o de Pain\u00e9is Tem\u00e1ticos \u00e9 uma atividade do SemeAd que re\u00fane conjunto de pesquisadores e empres\u00e1rios, nacionais e\/ou internacionais, em rodas de discuss\u00e3o acerca de temas emergentes no ambiente organizacional e acad\u00eamico. Confira a programa\u00e7\u00e3o de Pain\u00e9is para a edi\u00e7\u00e3o deste ano do SemeAd! Assista Assista Assista<\/p>\n","protected":false},"author":4,"featured_media":0,"parent":0,"menu_order":0,"comment_status":"closed","ping_status":"closed","template":"","meta":{"_acf_changed":false,"_monsterinsights_skip_tracking":false,"_monsterinsights_sitenote_active":false,"_monsterinsights_sitenote_note":"","_monsterinsights_sitenote_category":0,"footnotes":""},"class_list":["post-17150","page","type-page","status-publish","hentry"],"acf":[],"yoast_head":"<!-- This site is optimized with the Yoast SEO plugin v27.1.1 - https:\/\/yoast.com\/product\/yoast-seo-wordpress\/ -->\n<title>Pain\u00e9is Tem\u00e1ticos - XXIV SemeAd<\/title>\n<meta name=\"robots\" content=\"index, follow, max-snippet:-1, max-image-preview:large, max-video-preview:-1\" \/>\n<link rel=\"canonical\" href=\"https:\/\/semead.com.br\/24\/paineis-tematicos\/\" \/>\n<meta property=\"og:locale\" content=\"pt_BR\" \/>\n<meta property=\"og:type\" content=\"article\" \/>\n<meta property=\"og:title\" content=\"Pain\u00e9is Tem\u00e1ticos - XXIV SemeAd\" \/>\n<meta property=\"og:description\" content=\"A sess\u00e3o de Pain\u00e9is Tem\u00e1ticos \u00e9 uma atividade do SemeAd que re\u00fane conjunto de pesquisadores e empres\u00e1rios, nacionais e\/ou internacionais, em rodas de discuss\u00e3o acerca de temas emergentes no ambiente organizacional e acad\u00eamico. Confira a programa\u00e7\u00e3o de Pain\u00e9is para a edi\u00e7\u00e3o deste ano do SemeAd! Assista Assista Assista\" \/>\n<meta property=\"og:url\" content=\"https:\/\/semead.com.br\/24\/paineis-tematicos\/\" \/>\n<meta property=\"og:site_name\" content=\"XXIV SemeAd\" \/>\n<meta property=\"article:modified_time\" content=\"2021-12-14T13:42:27+00:00\" \/>\n<meta property=\"og:image\" content=\"https:\/\/semead.com.br\/24\/wp-content\/uploads\/sites\/13\/2021\/11\/WhatsApp-Image-2021-11-07-at-03.25.11-1024x1024.jpeg\" \/>\n<meta name=\"twitter:card\" content=\"summary_large_image\" \/>\n<meta name=\"twitter:label1\" content=\"Est. tempo de leitura\" \/>\n\t<meta name=\"twitter:data1\" content=\"1 minuto\" \/>\n<script type=\"application\/ld+json\" class=\"yoast-schema-graph\">{\"@context\":\"https:\/\/schema.org\",\"@graph\":[{\"@type\":\"WebPage\",\"@id\":\"https:\/\/semead.com.br\/24\/paineis-tematicos\/\",\"url\":\"https:\/\/semead.com.br\/24\/paineis-tematicos\/\",\"name\":\"Pain\u00e9is Tem\u00e1ticos - XXIV SemeAd\",\"isPartOf\":{\"@id\":\"https:\/\/semead.com.br\/24\/?lang=es\/#website\"},\"primaryImageOfPage\":{\"@id\":\"https:\/\/semead.com.br\/24\/paineis-tematicos\/#primaryimage\"},\"image\":{\"@id\":\"https:\/\/semead.com.br\/24\/paineis-tematicos\/#primaryimage\"},\"thumbnailUrl\":\"https:\/\/semead.com.br\/24\/wp-content\/uploads\/sites\/13\/2021\/11\/WhatsApp-Image-2021-11-07-at-03.25.11-1024x1024.jpeg\",\"datePublished\":\"2020-11-08T15:04:44+00:00\",\"dateModified\":\"2021-12-14T13:42:27+00:00\",\"breadcrumb\":{\"@id\":\"https:\/\/semead.com.br\/24\/paineis-tematicos\/#breadcrumb\"},\"inLanguage\":\"pt-BR\",\"potentialAction\":[{\"@type\":\"ReadAction\",\"target\":[\"https:\/\/semead.com.br\/24\/paineis-tematicos\/\"]}]},{\"@type\":\"ImageObject\",\"inLanguage\":\"pt-BR\",\"@id\":\"https:\/\/semead.com.br\/24\/paineis-tematicos\/#primaryimage\",\"url\":\"https:\/\/semead.com.br\/24\/wp-content\/uploads\/sites\/13\/2021\/11\/WhatsApp-Image-2021-11-07-at-03.25.11.jpeg\",\"contentUrl\":\"https:\/\/semead.com.br\/24\/wp-content\/uploads\/sites\/13\/2021\/11\/WhatsApp-Image-2021-11-07-at-03.25.11.jpeg\",\"width\":1080,\"height\":1080},{\"@type\":\"BreadcrumbList\",\"@id\":\"https:\/\/semead.com.br\/24\/paineis-tematicos\/#breadcrumb\",\"itemListElement\":[{\"@type\":\"ListItem\",\"position\":1,\"name\":\"In\u00edcio\",\"item\":\"https:\/\/semead.com.br\/24\/\"},{\"@type\":\"ListItem\",\"position\":2,\"name\":\"Pain\u00e9is Tem\u00e1ticos\"}]},{\"@type\":\"WebSite\",\"@id\":\"https:\/\/semead.com.br\/24\/?lang=es\/#website\",\"url\":\"https:\/\/semead.com.br\/24\/?lang=es\/\",\"name\":\"XXIV SemeAd\",\"description\":\"Semin\u00e1rios em Administra\u00e7\u00e3o\",\"potentialAction\":[{\"@type\":\"SearchAction\",\"target\":{\"@type\":\"EntryPoint\",\"urlTemplate\":\"https:\/\/semead.com.br\/24\/?lang=es\/?s={search_term_string}\"},\"query-input\":{\"@type\":\"PropertyValueSpecification\",\"valueRequired\":true,\"valueName\":\"search_term_string\"}}],\"inLanguage\":\"pt-BR\"}]}<\/script>\n<!-- \/ Yoast SEO plugin. -->","yoast_head_json":{"title":"Pain\u00e9is Tem\u00e1ticos - XXIV SemeAd","robots":{"index":"index","follow":"follow","max-snippet":"max-snippet:-1","max-image-preview":"max-image-preview:large","max-video-preview":"max-video-preview:-1"},"canonical":"https:\/\/semead.com.br\/24\/paineis-tematicos\/","og_locale":"pt_BR","og_type":"article","og_title":"Pain\u00e9is Tem\u00e1ticos - XXIV SemeAd","og_description":"A sess\u00e3o de Pain\u00e9is Tem\u00e1ticos \u00e9 uma atividade do SemeAd que re\u00fane conjunto de pesquisadores e empres\u00e1rios, nacionais e\/ou internacionais, em rodas de discuss\u00e3o acerca de temas emergentes no ambiente organizacional e acad\u00eamico. Confira a programa\u00e7\u00e3o de Pain\u00e9is para a edi\u00e7\u00e3o deste ano do SemeAd! Assista Assista Assista","og_url":"https:\/\/semead.com.br\/24\/paineis-tematicos\/","og_site_name":"XXIV SemeAd","article_modified_time":"2021-12-14T13:42:27+00:00","og_image":[{"url":"https:\/\/semead.com.br\/24\/wp-content\/uploads\/sites\/13\/2021\/11\/WhatsApp-Image-2021-11-07-at-03.25.11-1024x1024.jpeg","type":"","width":"","height":""}],"twitter_card":"summary_large_image","twitter_misc":{"Est. tempo de leitura":"1 minuto"},"schema":{"@context":"https:\/\/schema.org","@graph":[{"@type":"WebPage","@id":"https:\/\/semead.com.br\/24\/paineis-tematicos\/","url":"https:\/\/semead.com.br\/24\/paineis-tematicos\/","name":"Pain\u00e9is Tem\u00e1ticos - XXIV SemeAd","isPartOf":{"@id":"https:\/\/semead.com.br\/24\/?lang=es\/#website"},"primaryImageOfPage":{"@id":"https:\/\/semead.com.br\/24\/paineis-tematicos\/#primaryimage"},"image":{"@id":"https:\/\/semead.com.br\/24\/paineis-tematicos\/#primaryimage"},"thumbnailUrl":"https:\/\/semead.com.br\/24\/wp-content\/uploads\/sites\/13\/2021\/11\/WhatsApp-Image-2021-11-07-at-03.25.11-1024x1024.jpeg","datePublished":"2020-11-08T15:04:44+00:00","dateModified":"2021-12-14T13:42:27+00:00","breadcrumb":{"@id":"https:\/\/semead.com.br\/24\/paineis-tematicos\/#breadcrumb"},"inLanguage":"pt-BR","potentialAction":[{"@type":"ReadAction","target":["https:\/\/semead.com.br\/24\/paineis-tematicos\/"]}]},{"@type":"ImageObject","inLanguage":"pt-BR","@id":"https:\/\/semead.com.br\/24\/paineis-tematicos\/#primaryimage","url":"https:\/\/semead.com.br\/24\/wp-content\/uploads\/sites\/13\/2021\/11\/WhatsApp-Image-2021-11-07-at-03.25.11.jpeg","contentUrl":"https:\/\/semead.com.br\/24\/wp-content\/uploads\/sites\/13\/2021\/11\/WhatsApp-Image-2021-11-07-at-03.25.11.jpeg","width":1080,"height":1080},{"@type":"BreadcrumbList","@id":"https:\/\/semead.com.br\/24\/paineis-tematicos\/#breadcrumb","itemListElement":[{"@type":"ListItem","position":1,"name":"In\u00edcio","item":"https:\/\/semead.com.br\/24\/"},{"@type":"ListItem","position":2,"name":"Pain\u00e9is Tem\u00e1ticos"}]},{"@type":"WebSite","@id":"https:\/\/semead.com.br\/24\/?lang=es\/#website","url":"https:\/\/semead.com.br\/24\/?lang=es\/","name":"XXIV SemeAd","description":"Semin\u00e1rios em Administra\u00e7\u00e3o","potentialAction":[{"@type":"SearchAction","target":{"@type":"EntryPoint","urlTemplate":"https:\/\/semead.com.br\/24\/?lang=es\/?s={search_term_string}"},"query-input":{"@type":"PropertyValueSpecification","valueRequired":true,"valueName":"search_term_string"}}],"inLanguage":"pt-BR"}]}},"_links":{"self":[{"href":"https:\/\/semead.com.br\/24\/wp-json\/wp\/v2\/pages\/17150","targetHints":{"allow":["GET"]}}],"collection":[{"href":"https:\/\/semead.com.br\/24\/wp-json\/wp\/v2\/pages"}],"about":[{"href":"https:\/\/semead.com.br\/24\/wp-json\/wp\/v2\/types\/page"}],"author":[{"embeddable":true,"href":"https:\/\/semead.com.br\/24\/wp-json\/wp\/v2\/users\/4"}],"replies":[{"embeddable":true,"href":"https:\/\/semead.com.br\/24\/wp-json\/wp\/v2\/comments?post=17150"}],"version-history":[{"count":0,"href":"https:\/\/semead.com.br\/24\/wp-json\/wp\/v2\/pages\/17150\/revisions"}],"wp:attachment":[{"href":"https:\/\/semead.com.br\/24\/wp-json\/wp\/v2\/media?parent=17150"}],"curies":[{"name":"wp","href":"https:\/\/api.w.org\/{rel}","templated":true}]}}