{"id":17883,"date":"2021-04-21T18:40:38","date_gmt":"2021-04-21T21:40:38","guid":{"rendered":"https:\/\/semead.com.br\/24\/?page_id=17883"},"modified":"2021-12-13T20:41:18","modified_gmt":"2021-12-13T23:41:18","slug":"business-speakers","status":"publish","type":"page","link":"https:\/\/semead.com.br\/24\/business-speakers\/","title":{"rendered":"Business Speakers"},"content":{"rendered":"\t\t<div data-elementor-type=\"wp-post\" data-elementor-id=\"17883\" class=\"elementor elementor-17883\">\n\t\t\t\t\t\t<section class=\"elementor-section elementor-top-section elementor-element elementor-element-758a75d elementor-section-boxed elementor-section-height-default elementor-section-height-default\" data-id=\"758a75d\" data-element_type=\"section\" data-e-type=\"section\">\n\t\t\t\t\t\t<div class=\"elementor-container elementor-column-gap-default\">\n\t\t\t\t\t<div class=\"elementor-column elementor-col-100 elementor-top-column elementor-element elementor-element-959efe2\" data-id=\"959efe2\" data-element_type=\"column\" data-e-type=\"column\">\n\t\t\t<div class=\"elementor-widget-wrap elementor-element-populated\">\n\t\t\t\t\t\t<div class=\"elementor-element elementor-element-82578d7 elementor-widget elementor-widget-text-editor\" data-id=\"82578d7\" data-element_type=\"widget\" data-e-type=\"widget\" data-widget_type=\"text-editor.default\">\n\t\t\t\t<div class=\"elementor-widget-container\">\n\t\t\t\t\t\t\t\t\t<p>A sess\u00e3o de Business Speakers \u00e9 uma atividade que conta com a participa\u00e7\u00e3o de empres\u00e1rios e gestores estrat\u00e9gicos de organiza\u00e7\u00f5es nacional e internacionalmente reconhecidas. Os convidados debatem temas emergentes no cotidiano organizacional e estudos de caso. Confira os Business Speakers confirmados para o XXIV SemeAd!<\/p>\t\t\t\t\t\t\t\t<\/div>\n\t\t\t\t<\/div>\n\t\t\t\t\t<\/div>\n\t\t<\/div>\n\t\t\t\t\t<\/div>\n\t\t<\/section>\n\t\t\t\t<section class=\"elementor-section elementor-top-section elementor-element elementor-element-7952d88 elementor-section-boxed elementor-section-height-default elementor-section-height-default\" data-id=\"7952d88\" data-element_type=\"section\" data-e-type=\"section\">\n\t\t\t\t\t\t<div class=\"elementor-container elementor-column-gap-default\">\n\t\t\t\t\t<div class=\"elementor-column elementor-col-50 elementor-top-column elementor-element elementor-element-7a003b2\" data-id=\"7a003b2\" data-element_type=\"column\" data-e-type=\"column\">\n\t\t\t<div class=\"elementor-widget-wrap elementor-element-populated\">\n\t\t\t\t\t\t<div class=\"elementor-element elementor-element-e516a6d elementor-widget elementor-widget-image\" data-id=\"e516a6d\" data-element_type=\"widget\" data-e-type=\"widget\" data-widget_type=\"image.default\">\n\t\t\t\t<div class=\"elementor-widget-container\">\n\t\t\t\t\t\t\t\t\t\t\t\t\t\t\t<img fetchpriority=\"high\" decoding=\"async\" width=\"1024\" height=\"1024\" src=\"https:\/\/semead.com.br\/24\/wp-content\/uploads\/sites\/13\/2021\/11\/Luiz-Alberto-Esteves-1024x1024.png\" class=\"attachment-large size-large wp-image-23485\" alt=\"\" srcset=\"https:\/\/semead.com.br\/24\/wp-content\/uploads\/sites\/13\/2021\/11\/Luiz-Alberto-Esteves-1024x1024.png 1024w, https:\/\/semead.com.br\/24\/wp-content\/uploads\/sites\/13\/2021\/11\/Luiz-Alberto-Esteves-300x300.png 300w, https:\/\/semead.com.br\/24\/wp-content\/uploads\/sites\/13\/2021\/11\/Luiz-Alberto-Esteves-150x150.png 150w, https:\/\/semead.com.br\/24\/wp-content\/uploads\/sites\/13\/2021\/11\/Luiz-Alberto-Esteves-400x400.png 400w, https:\/\/semead.com.br\/24\/wp-content\/uploads\/sites\/13\/2021\/11\/Luiz-Alberto-Esteves.png 1080w\" sizes=\"(max-width: 1024px) 100vw, 1024px\" \/>\t\t\t\t\t\t\t\t\t\t\t\t\t\t\t<\/div>\n\t\t\t\t<\/div>\n\t\t\t\t\t<\/div>\n\t\t<\/div>\n\t\t\t\t<div class=\"elementor-column elementor-col-50 elementor-top-column elementor-element elementor-element-f1fbede\" data-id=\"f1fbede\" data-element_type=\"column\" data-e-type=\"column\">\n\t\t\t<div class=\"elementor-widget-wrap elementor-element-populated\">\n\t\t\t\t\t\t<div class=\"elementor-element elementor-element-45e5be6 elementor-widget elementor-widget-text-editor\" data-id=\"45e5be6\" data-element_type=\"widget\" data-e-type=\"widget\" data-widget_type=\"text-editor.default\">\n\t\t\t\t<div class=\"elementor-widget-container\">\n\t\t\t\t\t\t\t\t\t<h4><strong>10\/11 &#8211; 13:30 \u00e0s 14:30<\/strong><\/h4>\t\t\t\t\t\t\t\t<\/div>\n\t\t\t\t<\/div>\n\t\t\t\t<div class=\"elementor-element elementor-element-2f00d2b elementor-align-center elementor-widget elementor-widget-button\" data-id=\"2f00d2b\" data-element_type=\"widget\" data-e-type=\"widget\" data-widget_type=\"button.default\">\n\t\t\t\t<div class=\"elementor-widget-container\">\n\t\t\t\t\t\t\t\t\t<div class=\"elementor-button-wrapper\">\n\t\t\t\t\t<a class=\"elementor-button elementor-button-link elementor-size-md\" href=\"https:\/\/www.youtube.com\/watch?v=XJsO15NQBHM\" target=\"_blank\">\n\t\t\t\t\t\t<span class=\"elementor-button-content-wrapper\">\n\t\t\t\t\t\t\t\t\t<span class=\"elementor-button-text\">Assista<\/span>\n\t\t\t\t\t<\/span>\n\t\t\t\t\t<\/a>\n\t\t\t\t<\/div>\n\t\t\t\t\t\t\t\t<\/div>\n\t\t\t\t<\/div>\n\t\t\t\t\t<\/div>\n\t\t<\/div>\n\t\t\t\t\t<\/div>\n\t\t<\/section>\n\t\t\t\t<section class=\"elementor-section elementor-top-section elementor-element elementor-element-139dab3 elementor-section-boxed elementor-section-height-default elementor-section-height-default\" data-id=\"139dab3\" data-element_type=\"section\" data-e-type=\"section\">\n\t\t\t\t\t\t<div class=\"elementor-container elementor-column-gap-default\">\n\t\t\t\t\t<div class=\"elementor-column elementor-col-50 elementor-top-column elementor-element elementor-element-a37f4b9\" data-id=\"a37f4b9\" data-element_type=\"column\" data-e-type=\"column\">\n\t\t\t<div class=\"elementor-widget-wrap elementor-element-populated\">\n\t\t\t\t\t\t<div class=\"elementor-element elementor-element-19c3c35 elementor-widget elementor-widget-image\" data-id=\"19c3c35\" data-element_type=\"widget\" data-e-type=\"widget\" data-widget_type=\"image.default\">\n\t\t\t\t<div class=\"elementor-widget-container\">\n\t\t\t\t\t\t\t\t\t\t\t\t\t\t\t<img decoding=\"async\" width=\"1024\" height=\"1024\" src=\"https:\/\/semead.com.br\/24\/wp-content\/uploads\/sites\/13\/2021\/11\/Carlos-Ohde-1024x1024.png\" class=\"attachment-large size-large wp-image-23488\" alt=\"\" srcset=\"https:\/\/semead.com.br\/24\/wp-content\/uploads\/sites\/13\/2021\/11\/Carlos-Ohde-1024x1024.png 1024w, https:\/\/semead.com.br\/24\/wp-content\/uploads\/sites\/13\/2021\/11\/Carlos-Ohde-300x300.png 300w, https:\/\/semead.com.br\/24\/wp-content\/uploads\/sites\/13\/2021\/11\/Carlos-Ohde-150x150.png 150w, https:\/\/semead.com.br\/24\/wp-content\/uploads\/sites\/13\/2021\/11\/Carlos-Ohde-400x400.png 400w, https:\/\/semead.com.br\/24\/wp-content\/uploads\/sites\/13\/2021\/11\/Carlos-Ohde.png 1080w\" sizes=\"(max-width: 1024px) 100vw, 1024px\" \/>\t\t\t\t\t\t\t\t\t\t\t\t\t\t\t<\/div>\n\t\t\t\t<\/div>\n\t\t\t\t\t<\/div>\n\t\t<\/div>\n\t\t\t\t<div class=\"elementor-column elementor-col-50 elementor-top-column elementor-element elementor-element-87eacc7\" data-id=\"87eacc7\" data-element_type=\"column\" data-e-type=\"column\">\n\t\t\t<div class=\"elementor-widget-wrap elementor-element-populated\">\n\t\t\t\t\t\t<div class=\"elementor-element elementor-element-c54d7cb elementor-widget elementor-widget-text-editor\" data-id=\"c54d7cb\" data-element_type=\"widget\" data-e-type=\"widget\" data-widget_type=\"text-editor.default\">\n\t\t\t\t<div class=\"elementor-widget-container\">\n\t\t\t\t\t\t\t\t\t<h4><strong>11\/11 &#8211; 13:30 \u00e0s 14:30<\/strong><\/h4><div><strong>\u00a0<\/strong><\/div>\t\t\t\t\t\t\t\t<\/div>\n\t\t\t\t<\/div>\n\t\t\t\t<div class=\"elementor-element elementor-element-79b088f elementor-align-center elementor-widget elementor-widget-button\" data-id=\"79b088f\" data-element_type=\"widget\" data-e-type=\"widget\" data-widget_type=\"button.default\">\n\t\t\t\t<div class=\"elementor-widget-container\">\n\t\t\t\t\t\t\t\t\t<div class=\"elementor-button-wrapper\">\n\t\t\t\t\t<a class=\"elementor-button elementor-button-link elementor-size-md\" href=\"https:\/\/www.youtube.com\/watch?v=5C3BbRqOV98\" target=\"_blank\">\n\t\t\t\t\t\t<span class=\"elementor-button-content-wrapper\">\n\t\t\t\t\t\t\t\t\t<span class=\"elementor-button-text\">Assista<\/span>\n\t\t\t\t\t<\/span>\n\t\t\t\t\t<\/a>\n\t\t\t\t<\/div>\n\t\t\t\t\t\t\t\t<\/div>\n\t\t\t\t<\/div>\n\t\t\t\t\t<\/div>\n\t\t<\/div>\n\t\t\t\t\t<\/div>\n\t\t<\/section>\n\t\t\t\t<section class=\"elementor-section elementor-top-section elementor-element elementor-element-fbb012a elementor-section-boxed elementor-section-height-default elementor-section-height-default\" data-id=\"fbb012a\" data-element_type=\"section\" data-e-type=\"section\">\n\t\t\t\t\t\t<div class=\"elementor-container elementor-column-gap-default\">\n\t\t\t\t\t<div class=\"elementor-column elementor-col-50 elementor-top-column elementor-element elementor-element-a4358b6\" data-id=\"a4358b6\" data-element_type=\"column\" data-e-type=\"column\">\n\t\t\t<div class=\"elementor-widget-wrap elementor-element-populated\">\n\t\t\t\t\t\t<div class=\"elementor-element elementor-element-e014e77 elementor-widget elementor-widget-image\" data-id=\"e014e77\" data-element_type=\"widget\" data-e-type=\"widget\" data-widget_type=\"image.default\">\n\t\t\t\t<div class=\"elementor-widget-container\">\n\t\t\t\t\t\t\t\t\t\t\t\t\t\t\t<img decoding=\"async\" width=\"1024\" height=\"1024\" src=\"https:\/\/semead.com.br\/24\/wp-content\/uploads\/sites\/13\/2021\/10\/Djalma-Scartezini-1024x1024.png\" class=\"attachment-large size-large wp-image-23105\" alt=\"\" srcset=\"https:\/\/semead.com.br\/24\/wp-content\/uploads\/sites\/13\/2021\/10\/Djalma-Scartezini-1024x1024.png 1024w, https:\/\/semead.com.br\/24\/wp-content\/uploads\/sites\/13\/2021\/10\/Djalma-Scartezini-300x300.png 300w, https:\/\/semead.com.br\/24\/wp-content\/uploads\/sites\/13\/2021\/10\/Djalma-Scartezini-150x150.png 150w, https:\/\/semead.com.br\/24\/wp-content\/uploads\/sites\/13\/2021\/10\/Djalma-Scartezini-400x400.png 400w, https:\/\/semead.com.br\/24\/wp-content\/uploads\/sites\/13\/2021\/10\/Djalma-Scartezini.png 1080w\" sizes=\"(max-width: 1024px) 100vw, 1024px\" \/>\t\t\t\t\t\t\t\t\t\t\t\t\t\t\t<\/div>\n\t\t\t\t<\/div>\n\t\t\t\t\t<\/div>\n\t\t<\/div>\n\t\t\t\t<div class=\"elementor-column elementor-col-50 elementor-top-column elementor-element elementor-element-91ca05a\" data-id=\"91ca05a\" data-element_type=\"column\" data-e-type=\"column\">\n\t\t\t<div class=\"elementor-widget-wrap elementor-element-populated\">\n\t\t\t\t\t\t<div class=\"elementor-element elementor-element-b836079 elementor-widget elementor-widget-text-editor\" data-id=\"b836079\" data-element_type=\"widget\" data-e-type=\"widget\" data-widget_type=\"text-editor.default\">\n\t\t\t\t<div class=\"elementor-widget-container\">\n\t\t\t\t\t\t\t\t\t<h4><strong>11\/11 &#8211; 13:00 \u00e0s 14:00<\/strong><\/h4>\t\t\t\t\t\t\t\t<\/div>\n\t\t\t\t<\/div>\n\t\t\t\t<div class=\"elementor-element elementor-element-32c92af elementor-align-center elementor-widget elementor-widget-button\" data-id=\"32c92af\" data-element_type=\"widget\" data-e-type=\"widget\" data-widget_type=\"button.default\">\n\t\t\t\t<div class=\"elementor-widget-container\">\n\t\t\t\t\t\t\t\t\t<div class=\"elementor-button-wrapper\">\n\t\t\t\t\t<a class=\"elementor-button elementor-button-link elementor-size-md\" href=\"https:\/\/www.youtube.com\/watch?v=_FnJi-6-e5g\" target=\"_blank\">\n\t\t\t\t\t\t<span class=\"elementor-button-content-wrapper\">\n\t\t\t\t\t\t\t\t\t<span class=\"elementor-button-text\">Assista<\/span>\n\t\t\t\t\t<\/span>\n\t\t\t\t\t<\/a>\n\t\t\t\t<\/div>\n\t\t\t\t\t\t\t\t<\/div>\n\t\t\t\t<\/div>\n\t\t\t\t\t<\/div>\n\t\t<\/div>\n\t\t\t\t\t<\/div>\n\t\t<\/section>\n\t\t\t\t<section class=\"elementor-section elementor-top-section elementor-element elementor-element-a7288f8 elementor-section-boxed elementor-section-height-default elementor-section-height-default\" data-id=\"a7288f8\" data-element_type=\"section\" data-e-type=\"section\">\n\t\t\t\t\t\t<div class=\"elementor-container elementor-column-gap-default\">\n\t\t\t\t\t<div class=\"elementor-column elementor-col-50 elementor-top-column elementor-element elementor-element-5c2c733\" data-id=\"5c2c733\" data-element_type=\"column\" data-e-type=\"column\">\n\t\t\t<div class=\"elementor-widget-wrap elementor-element-populated\">\n\t\t\t\t\t\t<div class=\"elementor-element elementor-element-043eabf elementor-widget elementor-widget-image\" data-id=\"043eabf\" data-element_type=\"widget\" data-e-type=\"widget\" data-widget_type=\"image.default\">\n\t\t\t\t<div class=\"elementor-widget-container\">\n\t\t\t\t\t\t\t\t\t\t\t\t\t\t\t<img loading=\"lazy\" decoding=\"async\" width=\"1024\" height=\"1024\" src=\"https:\/\/semead.com.br\/24\/wp-content\/uploads\/sites\/13\/2021\/10\/Ana-Claudia-Scheiner-1024x1024.png\" class=\"attachment-large size-large wp-image-23111\" alt=\"\" srcset=\"https:\/\/semead.com.br\/24\/wp-content\/uploads\/sites\/13\/2021\/10\/Ana-Claudia-Scheiner-1024x1024.png 1024w, https:\/\/semead.com.br\/24\/wp-content\/uploads\/sites\/13\/2021\/10\/Ana-Claudia-Scheiner-300x300.png 300w, https:\/\/semead.com.br\/24\/wp-content\/uploads\/sites\/13\/2021\/10\/Ana-Claudia-Scheiner-150x150.png 150w, https:\/\/semead.com.br\/24\/wp-content\/uploads\/sites\/13\/2021\/10\/Ana-Claudia-Scheiner-400x400.png 400w, https:\/\/semead.com.br\/24\/wp-content\/uploads\/sites\/13\/2021\/10\/Ana-Claudia-Scheiner.png 1080w\" sizes=\"(max-width: 1024px) 100vw, 1024px\" \/>\t\t\t\t\t\t\t\t\t\t\t\t\t\t\t<\/div>\n\t\t\t\t<\/div>\n\t\t\t\t\t<\/div>\n\t\t<\/div>\n\t\t\t\t<div class=\"elementor-column elementor-col-50 elementor-top-column elementor-element elementor-element-efd5a96\" data-id=\"efd5a96\" data-element_type=\"column\" data-e-type=\"column\">\n\t\t\t<div class=\"elementor-widget-wrap elementor-element-populated\">\n\t\t\t\t\t\t<div class=\"elementor-element elementor-element-98a6a2e elementor-widget elementor-widget-text-editor\" data-id=\"98a6a2e\" data-element_type=\"widget\" data-e-type=\"widget\" data-widget_type=\"text-editor.default\">\n\t\t\t\t<div class=\"elementor-widget-container\">\n\t\t\t\t\t\t\t\t\t<h4><strong>12\/11 &#8211; 13:00 \u00e0s 14:00<\/strong><\/h4>\t\t\t\t\t\t\t\t<\/div>\n\t\t\t\t<\/div>\n\t\t\t\t<div class=\"elementor-element elementor-element-9c11303 elementor-align-center elementor-widget elementor-widget-button\" data-id=\"9c11303\" data-element_type=\"widget\" data-e-type=\"widget\" data-widget_type=\"button.default\">\n\t\t\t\t<div class=\"elementor-widget-container\">\n\t\t\t\t\t\t\t\t\t<div class=\"elementor-button-wrapper\">\n\t\t\t\t\t<a class=\"elementor-button elementor-button-link elementor-size-md\" href=\"https:\/\/www.youtube.com\/watch?v=xjd1jfznMMQ\" target=\"_blank\">\n\t\t\t\t\t\t<span class=\"elementor-button-content-wrapper\">\n\t\t\t\t\t\t\t\t\t<span class=\"elementor-button-text\">Assista<\/span>\n\t\t\t\t\t<\/span>\n\t\t\t\t\t<\/a>\n\t\t\t\t<\/div>\n\t\t\t\t\t\t\t\t<\/div>\n\t\t\t\t<\/div>\n\t\t\t\t\t<\/div>\n\t\t<\/div>\n\t\t\t\t\t<\/div>\n\t\t<\/section>\n\t\t\t\t<\/div>\n\t\t","protected":false},"excerpt":{"rendered":"<p>A sess\u00e3o de Business Speakers \u00e9 uma atividade que conta com a participa\u00e7\u00e3o de empres\u00e1rios e gestores estrat\u00e9gicos de organiza\u00e7\u00f5es nacional e internacionalmente reconhecidas. Os convidados debatem temas emergentes no cotidiano organizacional e estudos de caso. Confira os Business Speakers confirmados para o XXIV SemeAd! 10\/11 &#8211; 13:30 \u00e0s 14:30 Assista 11\/11 &#8211; 13:30 \u00e0s&#8230;<\/p>\n","protected":false},"author":4,"featured_media":0,"parent":0,"menu_order":0,"comment_status":"closed","ping_status":"open","template":"","meta":{"_acf_changed":false,"_monsterinsights_skip_tracking":false,"_monsterinsights_sitenote_active":false,"_monsterinsights_sitenote_note":"","_monsterinsights_sitenote_category":0,"footnotes":""},"class_list":["post-17883","page","type-page","status-publish","hentry"],"acf":[],"yoast_head":"<!-- This site is optimized with the Yoast SEO plugin v27.1.1 - https:\/\/yoast.com\/product\/yoast-seo-wordpress\/ -->\n<title>Business Speakers - XXIV SemeAd<\/title>\n<meta name=\"robots\" content=\"index, follow, max-snippet:-1, max-image-preview:large, max-video-preview:-1\" \/>\n<link rel=\"canonical\" href=\"https:\/\/semead.com.br\/24\/business-speakers\/\" \/>\n<meta property=\"og:locale\" content=\"pt_BR\" \/>\n<meta property=\"og:type\" content=\"article\" \/>\n<meta property=\"og:title\" content=\"Business Speakers - XXIV SemeAd\" \/>\n<meta property=\"og:description\" content=\"A sess\u00e3o de Business Speakers \u00e9 uma atividade que conta com a participa\u00e7\u00e3o de empres\u00e1rios e gestores estrat\u00e9gicos de organiza\u00e7\u00f5es nacional e internacionalmente reconhecidas. Os convidados debatem temas emergentes no cotidiano organizacional e estudos de caso. Confira os Business Speakers confirmados para o XXIV SemeAd! 10\/11 &#8211; 13:30 \u00e0s 14:30 Assista 11\/11 &#8211; 13:30 \u00e0s...\" \/>\n<meta property=\"og:url\" content=\"https:\/\/semead.com.br\/24\/business-speakers\/\" \/>\n<meta property=\"og:site_name\" content=\"XXIV SemeAd\" \/>\n<meta property=\"article:modified_time\" content=\"2021-12-13T23:41:18+00:00\" \/>\n<meta property=\"og:image\" content=\"https:\/\/semead.com.br\/24\/wp-content\/uploads\/sites\/13\/2021\/11\/Luiz-Alberto-Esteves-1024x1024.png\" \/>\n<meta name=\"twitter:card\" content=\"summary_large_image\" \/>\n<meta name=\"twitter:label1\" content=\"Est. tempo de leitura\" \/>\n\t<meta name=\"twitter:data1\" content=\"2 minutos\" \/>\n<script type=\"application\/ld+json\" class=\"yoast-schema-graph\">{\"@context\":\"https:\/\/schema.org\",\"@graph\":[{\"@type\":\"WebPage\",\"@id\":\"https:\/\/semead.com.br\/24\/business-speakers\/\",\"url\":\"https:\/\/semead.com.br\/24\/business-speakers\/\",\"name\":\"Business Speakers - XXIV SemeAd\",\"isPartOf\":{\"@id\":\"https:\/\/semead.com.br\/24\/?lang=es\/#website\"},\"primaryImageOfPage\":{\"@id\":\"https:\/\/semead.com.br\/24\/business-speakers\/#primaryimage\"},\"image\":{\"@id\":\"https:\/\/semead.com.br\/24\/business-speakers\/#primaryimage\"},\"thumbnailUrl\":\"https:\/\/semead.com.br\/24\/wp-content\/uploads\/sites\/13\/2021\/11\/Luiz-Alberto-Esteves-1024x1024.png\",\"datePublished\":\"2021-04-21T21:40:38+00:00\",\"dateModified\":\"2021-12-13T23:41:18+00:00\",\"breadcrumb\":{\"@id\":\"https:\/\/semead.com.br\/24\/business-speakers\/#breadcrumb\"},\"inLanguage\":\"pt-BR\",\"potentialAction\":[{\"@type\":\"ReadAction\",\"target\":[\"https:\/\/semead.com.br\/24\/business-speakers\/\"]}]},{\"@type\":\"ImageObject\",\"inLanguage\":\"pt-BR\",\"@id\":\"https:\/\/semead.com.br\/24\/business-speakers\/#primaryimage\",\"url\":\"https:\/\/semead.com.br\/24\/wp-content\/uploads\/sites\/13\/2021\/11\/Luiz-Alberto-Esteves.png\",\"contentUrl\":\"https:\/\/semead.com.br\/24\/wp-content\/uploads\/sites\/13\/2021\/11\/Luiz-Alberto-Esteves.png\",\"width\":1080,\"height\":1080},{\"@type\":\"BreadcrumbList\",\"@id\":\"https:\/\/semead.com.br\/24\/business-speakers\/#breadcrumb\",\"itemListElement\":[{\"@type\":\"ListItem\",\"position\":1,\"name\":\"In\u00edcio\",\"item\":\"https:\/\/semead.com.br\/24\/\"},{\"@type\":\"ListItem\",\"position\":2,\"name\":\"Business Speakers\"}]},{\"@type\":\"WebSite\",\"@id\":\"https:\/\/semead.com.br\/24\/?lang=es\/#website\",\"url\":\"https:\/\/semead.com.br\/24\/?lang=es\/\",\"name\":\"XXIV SemeAd\",\"description\":\"Semin\u00e1rios em Administra\u00e7\u00e3o\",\"potentialAction\":[{\"@type\":\"SearchAction\",\"target\":{\"@type\":\"EntryPoint\",\"urlTemplate\":\"https:\/\/semead.com.br\/24\/?lang=es\/?s={search_term_string}\"},\"query-input\":{\"@type\":\"PropertyValueSpecification\",\"valueRequired\":true,\"valueName\":\"search_term_string\"}}],\"inLanguage\":\"pt-BR\"}]}<\/script>\n<!-- \/ Yoast SEO plugin. -->","yoast_head_json":{"title":"Business Speakers - XXIV SemeAd","robots":{"index":"index","follow":"follow","max-snippet":"max-snippet:-1","max-image-preview":"max-image-preview:large","max-video-preview":"max-video-preview:-1"},"canonical":"https:\/\/semead.com.br\/24\/business-speakers\/","og_locale":"pt_BR","og_type":"article","og_title":"Business Speakers - XXIV SemeAd","og_description":"A sess\u00e3o de Business Speakers \u00e9 uma atividade que conta com a participa\u00e7\u00e3o de empres\u00e1rios e gestores estrat\u00e9gicos de organiza\u00e7\u00f5es nacional e internacionalmente reconhecidas. Os convidados debatem temas emergentes no cotidiano organizacional e estudos de caso. Confira os Business Speakers confirmados para o XXIV SemeAd! 10\/11 &#8211; 13:30 \u00e0s 14:30 Assista 11\/11 &#8211; 13:30 \u00e0s...","og_url":"https:\/\/semead.com.br\/24\/business-speakers\/","og_site_name":"XXIV SemeAd","article_modified_time":"2021-12-13T23:41:18+00:00","og_image":[{"url":"https:\/\/semead.com.br\/24\/wp-content\/uploads\/sites\/13\/2021\/11\/Luiz-Alberto-Esteves-1024x1024.png","type":"","width":"","height":""}],"twitter_card":"summary_large_image","twitter_misc":{"Est. tempo de leitura":"2 minutos"},"schema":{"@context":"https:\/\/schema.org","@graph":[{"@type":"WebPage","@id":"https:\/\/semead.com.br\/24\/business-speakers\/","url":"https:\/\/semead.com.br\/24\/business-speakers\/","name":"Business Speakers - XXIV SemeAd","isPartOf":{"@id":"https:\/\/semead.com.br\/24\/?lang=es\/#website"},"primaryImageOfPage":{"@id":"https:\/\/semead.com.br\/24\/business-speakers\/#primaryimage"},"image":{"@id":"https:\/\/semead.com.br\/24\/business-speakers\/#primaryimage"},"thumbnailUrl":"https:\/\/semead.com.br\/24\/wp-content\/uploads\/sites\/13\/2021\/11\/Luiz-Alberto-Esteves-1024x1024.png","datePublished":"2021-04-21T21:40:38+00:00","dateModified":"2021-12-13T23:41:18+00:00","breadcrumb":{"@id":"https:\/\/semead.com.br\/24\/business-speakers\/#breadcrumb"},"inLanguage":"pt-BR","potentialAction":[{"@type":"ReadAction","target":["https:\/\/semead.com.br\/24\/business-speakers\/"]}]},{"@type":"ImageObject","inLanguage":"pt-BR","@id":"https:\/\/semead.com.br\/24\/business-speakers\/#primaryimage","url":"https:\/\/semead.com.br\/24\/wp-content\/uploads\/sites\/13\/2021\/11\/Luiz-Alberto-Esteves.png","contentUrl":"https:\/\/semead.com.br\/24\/wp-content\/uploads\/sites\/13\/2021\/11\/Luiz-Alberto-Esteves.png","width":1080,"height":1080},{"@type":"BreadcrumbList","@id":"https:\/\/semead.com.br\/24\/business-speakers\/#breadcrumb","itemListElement":[{"@type":"ListItem","position":1,"name":"In\u00edcio","item":"https:\/\/semead.com.br\/24\/"},{"@type":"ListItem","position":2,"name":"Business Speakers"}]},{"@type":"WebSite","@id":"https:\/\/semead.com.br\/24\/?lang=es\/#website","url":"https:\/\/semead.com.br\/24\/?lang=es\/","name":"XXIV SemeAd","description":"Semin\u00e1rios em Administra\u00e7\u00e3o","potentialAction":[{"@type":"SearchAction","target":{"@type":"EntryPoint","urlTemplate":"https:\/\/semead.com.br\/24\/?lang=es\/?s={search_term_string}"},"query-input":{"@type":"PropertyValueSpecification","valueRequired":true,"valueName":"search_term_string"}}],"inLanguage":"pt-BR"}]}},"_links":{"self":[{"href":"https:\/\/semead.com.br\/24\/wp-json\/wp\/v2\/pages\/17883","targetHints":{"allow":["GET"]}}],"collection":[{"href":"https:\/\/semead.com.br\/24\/wp-json\/wp\/v2\/pages"}],"about":[{"href":"https:\/\/semead.com.br\/24\/wp-json\/wp\/v2\/types\/page"}],"author":[{"embeddable":true,"href":"https:\/\/semead.com.br\/24\/wp-json\/wp\/v2\/users\/4"}],"replies":[{"embeddable":true,"href":"https:\/\/semead.com.br\/24\/wp-json\/wp\/v2\/comments?post=17883"}],"version-history":[{"count":0,"href":"https:\/\/semead.com.br\/24\/wp-json\/wp\/v2\/pages\/17883\/revisions"}],"wp:attachment":[{"href":"https:\/\/semead.com.br\/24\/wp-json\/wp\/v2\/media?parent=17883"}],"curies":[{"name":"wp","href":"https:\/\/api.w.org\/{rel}","templated":true}]}}