{"id":18176,"date":"2021-05-24T15:45:29","date_gmt":"2021-05-24T18:45:29","guid":{"rendered":"https:\/\/semead.com.br\/24\/?page_id=18176"},"modified":"2021-05-24T15:46:43","modified_gmt":"2021-05-24T18:46:43","slug":"sessoes-de-apresentacao-de-trabalhos","status":"publish","type":"page","link":"https:\/\/semead.com.br\/24\/sessoes-de-apresentacao-de-trabalhos\/","title":{"rendered":"Sess\u00f5es de Apresenta\u00e7\u00e3o de Trabalhos"},"content":{"rendered":"\t\t<div data-elementor-type=\"wp-page\" data-elementor-id=\"18176\" class=\"elementor elementor-18176\">\n\t\t\t\t\t\t<section class=\"elementor-section elementor-top-section elementor-element elementor-element-2cb2542f elementor-section-boxed elementor-section-height-default elementor-section-height-default\" data-id=\"2cb2542f\" data-element_type=\"section\" data-e-type=\"section\">\n\t\t\t\t\t\t<div class=\"elementor-container elementor-column-gap-default\">\n\t\t\t\t\t<div class=\"elementor-column elementor-col-50 elementor-top-column elementor-element elementor-element-24aab3bf\" data-id=\"24aab3bf\" data-element_type=\"column\" data-e-type=\"column\">\n\t\t\t<div class=\"elementor-widget-wrap elementor-element-populated\">\n\t\t\t\t\t\t<div class=\"elementor-element elementor-element-27133061 elementor-widget elementor-widget-text-editor\" data-id=\"27133061\" data-element_type=\"widget\" data-e-type=\"widget\" data-widget_type=\"text-editor.default\">\n\t\t\t\t<div class=\"elementor-widget-container\">\n\t\t\t\t\t\t\t\t\t<p><\/p><p>\u00c9 uma das atividades centrais do evento, onde os participantes podem apresentar seus artigos aprovados em sess\u00f5es compartilhadas com trabalhos que sejam em algum n\u00edvel correlato aos seus. Estas sess\u00f5es s\u00e3o orientadas por um moderador (geralmente um Professor Doutor) e um debatedor (alunos de p\u00f3s-gradua\u00e7\u00e3o) que coordenam as discuss\u00f5es entre os participantes e as argumenta\u00e7\u00f5es sobre cada trabalho participante.<\/p><p><\/p>\t\t\t\t\t\t\t\t<\/div>\n\t\t\t\t<\/div>\n\t\t\t\t\t<\/div>\n\t\t<\/div>\n\t\t\t\t<div class=\"elementor-column elementor-col-50 elementor-top-column elementor-element elementor-element-ff18270\" data-id=\"ff18270\" data-element_type=\"column\" data-e-type=\"column\">\n\t\t\t<div class=\"elementor-widget-wrap elementor-element-populated\">\n\t\t\t\t\t\t<div class=\"elementor-element elementor-element-5f70075 elementor-widget elementor-widget-wp-widget-nav_menu\" data-id=\"5f70075\" data-element_type=\"widget\" data-e-type=\"widget\" data-widget_type=\"wp-widget-nav_menu.default\">\n\t\t\t\t<div class=\"elementor-widget-container\">\n\t\t\t\t\t<div class=\"widget single-sidebar padding-bottom1\"><h3>Atividades SemeAD<\/h3><div class=\"menu-atividades-container\"><ul id=\"menu-atividades\" class=\"menu\"><li id=\"menu-item-17798\" class=\"menu-item menu-item-type-post_type menu-item-object-page menu-item-17798\"><a href=\"https:\/\/semead.com.br\/24\/consorcio-doutoral\/\">Cons\u00f3rcio Doutoral<\/a><\/li>\n<li id=\"menu-item-17805\" class=\"menu-item menu-item-type-post_type menu-item-object-page menu-item-17805\"><a href=\"https:\/\/semead.com.br\/24\/trabalhos\/seminario-de-preparacao-para-processos-seletivos-de-doutorado\/\">Semin\u00e1rio Pr\u00e9 Doutoral<\/a><\/li>\n<li id=\"menu-item-17859\" class=\"menu-item menu-item-type-post_type menu-item-object-page menu-item-17859\"><a href=\"https:\/\/semead.com.br\/24\/connecta-3\/\">SemeAD-Connecta<\/a><\/li>\n<li id=\"menu-item-17808\" class=\"menu-item menu-item-type-post_type menu-item-object-page menu-item-17808\"><a href=\"https:\/\/semead.com.br\/24\/trabalhos\/projetos-de-impacto\/\">Projetos de Impacto<\/a><\/li>\n<li id=\"menu-item-17892\" class=\"menu-item menu-item-type-post_type menu-item-object-page menu-item-17892\"><a href=\"https:\/\/semead.com.br\/24\/business-speakers\/\">Business Speakers<\/a><\/li>\n<li id=\"menu-item-17891\" class=\"menu-item menu-item-type-post_type menu-item-object-page menu-item-17891\"><a href=\"https:\/\/semead.com.br\/24\/keynote-speakers\/\">Keynote Speakers<\/a><\/li>\n<li id=\"menu-item-17812\" class=\"menu-item menu-item-type-post_type menu-item-object-page menu-item-17812\"><a href=\"https:\/\/semead.com.br\/24\/paineis-tematicos\/\">Pain\u00e9is Tem\u00e1ticos<\/a><\/li>\n<li id=\"menu-item-18178\" class=\"menu-item menu-item-type-post_type menu-item-object-page menu-item-18178\"><a href=\"https:\/\/semead.com.br\/24\/sessoes-de-apresentacao-de-trabalhos\/\">Sess\u00f5es de Apresenta\u00e7\u00e3o de Trabalhos<\/a><\/li>\n<li id=\"menu-item-17811\" class=\"menu-item menu-item-type-post_type menu-item-object-page menu-item-17811\"><a href=\"https:\/\/semead.com.br\/24\/workshops\/\">Workshops<\/a><\/li>\n<li id=\"menu-item-20080\" class=\"menu-item menu-item-type-post_type menu-item-object-page menu-item-20080\"><a href=\"https:\/\/semead.com.br\/24\/fast-track\/fast-track-revistas-a1\/\">Fast-Track para Revistas A1<\/a><\/li>\n<li id=\"menu-item-20523\" class=\"menu-item menu-item-type-post_type menu-item-object-page menu-item-20523\"><a href=\"https:\/\/semead.com.br\/24\/fast-track-e-special-issues\/\">Special Issues &#038; Fast-Track<\/a><\/li>\n<li id=\"menu-item-20982\" class=\"menu-item menu-item-type-post_type menu-item-object-page menu-item-20982\"><a href=\"https:\/\/semead.com.br\/24\/conferencias-previas\/?lang=es\">Conferencias Previas<\/a><\/li>\n<li id=\"menu-item-21567\" class=\"menu-item menu-item-type-post_type menu-item-object-page menu-item-21567\"><a href=\"https:\/\/semead.com.br\/24\/regras-para-submissao-ao-consorcio\/\">Regras para Submiss\u00e3o ao Cons\u00f3rcio<\/a><\/li>\n<li id=\"menu-item-21653\" class=\"menu-item menu-item-type-post_type menu-item-object-page menu-item-21653\"><a href=\"https:\/\/semead.com.br\/24\/sessoes-especiais-fast-track\/\">Edi\u00e7\u00f5es Especiais e Fast-Track<\/a><\/li>\n<li id=\"menu-item-21846\" class=\"menu-item menu-item-type-post_type menu-item-object-page menu-item-21846\"><a href=\"https:\/\/semead.com.br\/24\/evento-bate-papo-semead\/\">Evento: Bate-Papo SemeAd<\/a><\/li>\n<li id=\"menu-item-22047\" class=\"menu-item menu-item-type-post_type menu-item-object-page menu-item-22047\"><a href=\"https:\/\/semead.com.br\/24\/comunicado\/\">Comunicado<\/a><\/li>\n<li id=\"menu-item-22053\" class=\"menu-item menu-item-type-post_type menu-item-object-page menu-item-22053\"><a href=\"https:\/\/semead.com.br\/24\/semead-release\/?lang=en\">SemeAd Release<\/a><\/li>\n<li id=\"menu-item-22059\" class=\"menu-item menu-item-type-post_type menu-item-object-page menu-item-22059\"><a href=\"https:\/\/semead.com.br\/24\/informativo\/?lang=es\">Informativo<\/a><\/li>\n<li id=\"menu-item-22271\" class=\"menu-item menu-item-type-post_type menu-item-object-page menu-item-22271\"><a href=\"https:\/\/semead.com.br\/24\/workshops-confirmados\/\">Workshops Confirmados<\/a><\/li>\n<li id=\"menu-item-22446\" class=\"menu-item menu-item-type-post_type menu-item-object-page menu-item-22446\"><a href=\"https:\/\/semead.com.br\/24\/bolsa-semead-pq-jr\/\">Lan\u00e7amento: Bolsa SemeAd PQ Jr.<\/a><\/li>\n<li id=\"menu-item-22504\" class=\"menu-item menu-item-type-post_type menu-item-object-page menu-item-22504\"><a href=\"https:\/\/semead.com.br\/24\/edital-bolsa-semead-pq-jr\/\">Edital Bolsa SemeAd PQ Jr.<\/a><\/li>\n<li id=\"menu-item-22569\" class=\"menu-item menu-item-type-post_type menu-item-object-page menu-item-22569\"><a href=\"https:\/\/semead.com.br\/24\/voluntarios\/\">Volunt\u00e1rios<\/a><\/li>\n<li id=\"menu-item-22692\" class=\"menu-item menu-item-type-post_type menu-item-object-page menu-item-22692\"><a href=\"https:\/\/semead.com.br\/24\/registrations-2\/?lang=en\">Registrations<\/a><\/li>\n<li id=\"menu-item-22717\" class=\"menu-item menu-item-type-post_type menu-item-object-page menu-item-22717\"><a href=\"https:\/\/semead.com.br\/24\/resultados-inscricoes-abertas\/\">Resultados e Inscri\u00e7\u00f5es<\/a><\/li>\n<li id=\"menu-item-22755\" class=\"menu-item menu-item-type-post_type menu-item-object-page menu-item-22755\"><a href=\"https:\/\/semead.com.br\/24\/divulgacao-promocao-livros\/\">Divulga\u00e7\u00e3o e Promo\u00e7\u00e3o de Livros<\/a><\/li>\n<li id=\"menu-item-22912\" class=\"menu-item menu-item-type-post_type menu-item-object-page menu-item-22912\"><a href=\"https:\/\/semead.com.br\/24\/evento\/voluntariado\/lideres-de-nucleo\/\">L\u00edderes de N\u00facleo<\/a><\/li>\n<li id=\"menu-item-23023\" class=\"menu-item menu-item-type-post_type menu-item-object-page menu-item-23023\"><a href=\"https:\/\/semead.com.br\/24\/tv-semead\/\">TV SemeAd<\/a><\/li>\n<li id=\"menu-item-23082\" class=\"menu-item menu-item-type-post_type menu-item-object-page menu-item-23082\"><a href=\"https:\/\/semead.com.br\/24\/synthetic-schedule\/?lang=en\">Synthetic Schedule<\/a><\/li>\n<li id=\"menu-item-23088\" class=\"menu-item menu-item-type-post_type menu-item-object-page menu-item-23088\"><a href=\"https:\/\/semead.com.br\/24\/programacion-sintetica\/?lang=es\">Programaci\u00f3n Sint\u00e9tica<\/a><\/li>\n<li id=\"menu-item-23264\" class=\"menu-item menu-item-type-post_type menu-item-object-page menu-item-23264\"><a href=\"https:\/\/semead.com.br\/24\/programacao-workshops\/\">Programa\u00e7\u00e3o Workshops<\/a><\/li>\n<li id=\"menu-item-23298\" class=\"menu-item menu-item-type-post_type menu-item-object-page menu-item-23298\"><a href=\"https:\/\/semead.com.br\/24\/encontro-editores\/\">Encontro com Editores<\/a><\/li>\n<li id=\"menu-item-23457\" class=\"menu-item menu-item-type-post_type menu-item-object-page menu-item-23457\"><a href=\"https:\/\/semead.com.br\/24\/indicados-e-premiados\/\">Trabalhos Premiados<\/a><\/li>\n<li id=\"menu-item-23468\" class=\"menu-item menu-item-type-post_type menu-item-object-page menu-item-23468\"><a href=\"https:\/\/semead.com.br\/24\/indicados-a-premio\/?lang=es\">Nominados y Premiados<\/a><\/li>\n<li id=\"menu-item-23710\" class=\"menu-item menu-item-type-post_type menu-item-object-page menu-item-23710\"><a href=\"https:\/\/semead.com.br\/24\/resultados-fast-track\/\">Resultado do Fast-Track SemeAd<\/a><\/li>\n<li id=\"menu-item-23732\" class=\"menu-item menu-item-type-post_type menu-item-object-page menu-item-23732\"><a href=\"https:\/\/semead.com.br\/24\/trabalhos-aprovados-fast-track-2021\/\">Trabalhos Aprovados Fast Track 2021<\/a><\/li>\n<li id=\"menu-item-23752\" class=\"menu-item menu-item-type-post_type menu-item-object-page menu-item-23752\"><a href=\"https:\/\/semead.com.br\/24\/resultados-bolsa-pq\/\">Resultados Bolsa SemeAd PQ Jr.<\/a><\/li>\n<li id=\"menu-item-23784\" class=\"menu-item menu-item-type-post_type menu-item-object-page menu-item-23784\"><a href=\"https:\/\/semead.com.br\/24\/resultados-da-premiacao-dos-voluntarios-semead\/\">Resultados da Premia\u00e7\u00e3o dos Volunt\u00e1rios SemeAd<\/a><\/li>\n<li id=\"menu-item-23829\" class=\"menu-item menu-item-type-post_type menu-item-object-page menu-item-23829\"><a href=\"https:\/\/semead.com.br\/24\/certificados-disponiveis\/\">Certificados Dispon\u00edveis<\/a><\/li>\n<li id=\"menu-item-23922\" class=\"menu-item menu-item-type-post_type menu-item-object-page menu-item-23922\"><a href=\"https:\/\/semead.com.br\/24\/anais-eletronicos\/\">Anais Eletr\u00f4nicos<\/a><\/li>\n<\/ul><\/div><\/div>\t\t\t\t<\/div>\n\t\t\t\t<\/div>\n\t\t\t\t\t<\/div>\n\t\t<\/div>\n\t\t\t\t\t<\/div>\n\t\t<\/section>\n\t\t\t\t<\/div>\n\t\t","protected":false},"excerpt":{"rendered":"<p>\u00c9 uma das atividades centrais do evento, onde os participantes podem apresentar seus artigos aprovados em sess\u00f5es compartilhadas com trabalhos que sejam em algum n\u00edvel correlato aos seus. Estas sess\u00f5es s\u00e3o orientadas por um moderador (geralmente um Professor Doutor) e um debatedor (alunos de p\u00f3s-gradua\u00e7\u00e3o) que coordenam as discuss\u00f5es entre os participantes e as argumenta\u00e7\u00f5es&#8230;<\/p>\n","protected":false},"author":4,"featured_media":0,"parent":0,"menu_order":0,"comment_status":"closed","ping_status":"closed","template":"","meta":{"_acf_changed":false,"_monsterinsights_skip_tracking":false,"_monsterinsights_sitenote_active":false,"_monsterinsights_sitenote_note":"","_monsterinsights_sitenote_category":0,"footnotes":""},"class_list":["post-18176","page","type-page","status-publish","hentry"],"acf":[],"yoast_head":"<!-- This site is optimized with the Yoast SEO plugin v27.1.1 - https:\/\/yoast.com\/product\/yoast-seo-wordpress\/ -->\n<title>Sess\u00f5es de Apresenta\u00e7\u00e3o de Trabalhos - XXIV SemeAd<\/title>\n<meta name=\"robots\" content=\"index, follow, max-snippet:-1, max-image-preview:large, max-video-preview:-1\" \/>\n<link rel=\"canonical\" href=\"https:\/\/semead.com.br\/24\/sessoes-de-apresentacao-de-trabalhos\/\" \/>\n<meta property=\"og:locale\" content=\"pt_BR\" \/>\n<meta property=\"og:type\" content=\"article\" \/>\n<meta property=\"og:title\" content=\"Sess\u00f5es de Apresenta\u00e7\u00e3o de Trabalhos - XXIV SemeAd\" \/>\n<meta property=\"og:description\" content=\"\u00c9 uma das atividades centrais do evento, onde os participantes podem apresentar seus artigos aprovados em sess\u00f5es compartilhadas com trabalhos que sejam em algum n\u00edvel correlato aos seus. Estas sess\u00f5es s\u00e3o orientadas por um moderador (geralmente um Professor Doutor) e um debatedor (alunos de p\u00f3s-gradua\u00e7\u00e3o) que coordenam as discuss\u00f5es entre os participantes e as argumenta\u00e7\u00f5es...\" \/>\n<meta property=\"og:url\" content=\"https:\/\/semead.com.br\/24\/sessoes-de-apresentacao-de-trabalhos\/\" \/>\n<meta property=\"og:site_name\" content=\"XXIV SemeAd\" \/>\n<meta property=\"article:modified_time\" content=\"2021-05-24T18:46:43+00:00\" \/>\n<meta name=\"twitter:card\" content=\"summary_large_image\" \/>\n<meta name=\"twitter:label1\" content=\"Est. tempo de leitura\" \/>\n\t<meta name=\"twitter:data1\" content=\"1 minuto\" \/>\n<script type=\"application\/ld+json\" class=\"yoast-schema-graph\">{\"@context\":\"https:\/\/schema.org\",\"@graph\":[{\"@type\":\"WebPage\",\"@id\":\"https:\/\/semead.com.br\/24\/sessoes-de-apresentacao-de-trabalhos\/\",\"url\":\"https:\/\/semead.com.br\/24\/sessoes-de-apresentacao-de-trabalhos\/\",\"name\":\"Sess\u00f5es de Apresenta\u00e7\u00e3o de Trabalhos - XXIV SemeAd\",\"isPartOf\":{\"@id\":\"https:\/\/semead.com.br\/24\/?lang=es\/#website\"},\"datePublished\":\"2021-05-24T18:45:29+00:00\",\"dateModified\":\"2021-05-24T18:46:43+00:00\",\"breadcrumb\":{\"@id\":\"https:\/\/semead.com.br\/24\/sessoes-de-apresentacao-de-trabalhos\/#breadcrumb\"},\"inLanguage\":\"pt-BR\",\"potentialAction\":[{\"@type\":\"ReadAction\",\"target\":[\"https:\/\/semead.com.br\/24\/sessoes-de-apresentacao-de-trabalhos\/\"]}]},{\"@type\":\"BreadcrumbList\",\"@id\":\"https:\/\/semead.com.br\/24\/sessoes-de-apresentacao-de-trabalhos\/#breadcrumb\",\"itemListElement\":[{\"@type\":\"ListItem\",\"position\":1,\"name\":\"In\u00edcio\",\"item\":\"https:\/\/semead.com.br\/24\/\"},{\"@type\":\"ListItem\",\"position\":2,\"name\":\"Sess\u00f5es de Apresenta\u00e7\u00e3o de Trabalhos\"}]},{\"@type\":\"WebSite\",\"@id\":\"https:\/\/semead.com.br\/24\/?lang=es\/#website\",\"url\":\"https:\/\/semead.com.br\/24\/?lang=es\/\",\"name\":\"XXIV SemeAd\",\"description\":\"Semin\u00e1rios em Administra\u00e7\u00e3o\",\"potentialAction\":[{\"@type\":\"SearchAction\",\"target\":{\"@type\":\"EntryPoint\",\"urlTemplate\":\"https:\/\/semead.com.br\/24\/?lang=es\/?s={search_term_string}\"},\"query-input\":{\"@type\":\"PropertyValueSpecification\",\"valueRequired\":true,\"valueName\":\"search_term_string\"}}],\"inLanguage\":\"pt-BR\"}]}<\/script>\n<!-- \/ Yoast SEO plugin. -->","yoast_head_json":{"title":"Sess\u00f5es de Apresenta\u00e7\u00e3o de Trabalhos - XXIV SemeAd","robots":{"index":"index","follow":"follow","max-snippet":"max-snippet:-1","max-image-preview":"max-image-preview:large","max-video-preview":"max-video-preview:-1"},"canonical":"https:\/\/semead.com.br\/24\/sessoes-de-apresentacao-de-trabalhos\/","og_locale":"pt_BR","og_type":"article","og_title":"Sess\u00f5es de Apresenta\u00e7\u00e3o de Trabalhos - XXIV SemeAd","og_description":"\u00c9 uma das atividades centrais do evento, onde os participantes podem apresentar seus artigos aprovados em sess\u00f5es compartilhadas com trabalhos que sejam em algum n\u00edvel correlato aos seus. Estas sess\u00f5es s\u00e3o orientadas por um moderador (geralmente um Professor Doutor) e um debatedor (alunos de p\u00f3s-gradua\u00e7\u00e3o) que coordenam as discuss\u00f5es entre os participantes e as argumenta\u00e7\u00f5es...","og_url":"https:\/\/semead.com.br\/24\/sessoes-de-apresentacao-de-trabalhos\/","og_site_name":"XXIV SemeAd","article_modified_time":"2021-05-24T18:46:43+00:00","twitter_card":"summary_large_image","twitter_misc":{"Est. tempo de leitura":"1 minuto"},"schema":{"@context":"https:\/\/schema.org","@graph":[{"@type":"WebPage","@id":"https:\/\/semead.com.br\/24\/sessoes-de-apresentacao-de-trabalhos\/","url":"https:\/\/semead.com.br\/24\/sessoes-de-apresentacao-de-trabalhos\/","name":"Sess\u00f5es de Apresenta\u00e7\u00e3o de Trabalhos - XXIV SemeAd","isPartOf":{"@id":"https:\/\/semead.com.br\/24\/?lang=es\/#website"},"datePublished":"2021-05-24T18:45:29+00:00","dateModified":"2021-05-24T18:46:43+00:00","breadcrumb":{"@id":"https:\/\/semead.com.br\/24\/sessoes-de-apresentacao-de-trabalhos\/#breadcrumb"},"inLanguage":"pt-BR","potentialAction":[{"@type":"ReadAction","target":["https:\/\/semead.com.br\/24\/sessoes-de-apresentacao-de-trabalhos\/"]}]},{"@type":"BreadcrumbList","@id":"https:\/\/semead.com.br\/24\/sessoes-de-apresentacao-de-trabalhos\/#breadcrumb","itemListElement":[{"@type":"ListItem","position":1,"name":"In\u00edcio","item":"https:\/\/semead.com.br\/24\/"},{"@type":"ListItem","position":2,"name":"Sess\u00f5es de Apresenta\u00e7\u00e3o de Trabalhos"}]},{"@type":"WebSite","@id":"https:\/\/semead.com.br\/24\/?lang=es\/#website","url":"https:\/\/semead.com.br\/24\/?lang=es\/","name":"XXIV SemeAd","description":"Semin\u00e1rios em Administra\u00e7\u00e3o","potentialAction":[{"@type":"SearchAction","target":{"@type":"EntryPoint","urlTemplate":"https:\/\/semead.com.br\/24\/?lang=es\/?s={search_term_string}"},"query-input":{"@type":"PropertyValueSpecification","valueRequired":true,"valueName":"search_term_string"}}],"inLanguage":"pt-BR"}]}},"_links":{"self":[{"href":"https:\/\/semead.com.br\/24\/wp-json\/wp\/v2\/pages\/18176","targetHints":{"allow":["GET"]}}],"collection":[{"href":"https:\/\/semead.com.br\/24\/wp-json\/wp\/v2\/pages"}],"about":[{"href":"https:\/\/semead.com.br\/24\/wp-json\/wp\/v2\/types\/page"}],"author":[{"embeddable":true,"href":"https:\/\/semead.com.br\/24\/wp-json\/wp\/v2\/users\/4"}],"replies":[{"embeddable":true,"href":"https:\/\/semead.com.br\/24\/wp-json\/wp\/v2\/comments?post=18176"}],"version-history":[{"count":0,"href":"https:\/\/semead.com.br\/24\/wp-json\/wp\/v2\/pages\/18176\/revisions"}],"wp:attachment":[{"href":"https:\/\/semead.com.br\/24\/wp-json\/wp\/v2\/media?parent=18176"}],"curies":[{"name":"wp","href":"https:\/\/api.w.org\/{rel}","templated":true}]}}