{"id":19703,"date":"2021-06-15T09:47:04","date_gmt":"2021-06-15T12:47:04","guid":{"rendered":"https:\/\/semead.com.br\/24\/?page_id=19703"},"modified":"2021-06-15T09:47:05","modified_gmt":"2021-06-15T12:47:05","slug":"contact","status":"publish","type":"page","link":"https:\/\/semead.com.br\/24\/contact\/?lang=en","title":{"rendered":"Contact"},"content":{"rendered":"<p><strong>Seme<em>Ad<\/em><\/strong><br \/>\nSemeAd Office for the Postgraduate Program in Business \u2013 USP<br \/>\nAv. Prof. Luciano Gualberto, 908. Cid. Universit\u00e1ria, \u00a0S\u00e3o Paulo &#8211; SP<br \/>\nCEP: 05508-010<\/p>\n<h5>Organizing Team<\/h5>\n<p>Prof. Dr. Jo\u00e3o Maur\u00edcio Gama Boaventura<\/p>\n<p><em>General Coordination<\/em><\/p>\n<p>Eloisa Martins Alessio \u2013 Technical Organization<\/p>\n<p>Amanda de Paula Aguiar Barbosa \u2013 Academic <em>Coordination<\/em><\/p>\n<p>E-mail: contato@semead.com.br<\/p>\n","protected":false},"excerpt":{"rendered":"<p>SemeAd SemeAd Office for the Postgraduate Program in Business \u2013 USP Av. Prof. Luciano Gualberto, 908. Cid. Universit\u00e1ria, \u00a0S\u00e3o Paulo &#8211; SP CEP: 05508-010 Organizing Team Prof. Dr. Jo\u00e3o Maur\u00edcio Gama Boaventura General Coordination Eloisa Martins Alessio \u2013 Technical Organization Amanda de Paula Aguiar Barbosa \u2013 Academic Coordination E-mail: contato@semead.com.br<\/p>\n","protected":false},"author":8,"featured_media":0,"parent":0,"menu_order":0,"comment_status":"closed","ping_status":"open","template":"","meta":{"_acf_changed":false,"_monsterinsights_skip_tracking":false,"_monsterinsights_sitenote_active":false,"_monsterinsights_sitenote_note":"","_monsterinsights_sitenote_category":0,"footnotes":""},"class_list":["post-19703","page","type-page","status-publish","hentry"],"acf":[],"yoast_head":"<!-- This site is optimized with the Yoast SEO plugin v27.1.1 - https:\/\/yoast.com\/product\/yoast-seo-wordpress\/ -->\n<title>Contact - XXIV SemeAd<\/title>\n<meta name=\"robots\" content=\"index, follow, max-snippet:-1, max-image-preview:large, max-video-preview:-1\" \/>\n<link rel=\"canonical\" href=\"https:\/\/semead.com.br\/24\/contact\/\" \/>\n<meta property=\"og:locale\" content=\"pt_BR\" \/>\n<meta property=\"og:type\" content=\"article\" \/>\n<meta property=\"og:title\" content=\"Contact - XXIV SemeAd\" \/>\n<meta property=\"og:description\" content=\"SemeAd SemeAd Office for the Postgraduate Program in Business \u2013 USP Av. Prof. Luciano Gualberto, 908. Cid. Universit\u00e1ria, \u00a0S\u00e3o Paulo &#8211; SP CEP: 05508-010 Organizing Team Prof. Dr. Jo\u00e3o Maur\u00edcio Gama Boaventura General Coordination Eloisa Martins Alessio \u2013 Technical Organization Amanda de Paula Aguiar Barbosa \u2013 Academic Coordination E-mail: contato@semead.com.br\" \/>\n<meta property=\"og:url\" content=\"https:\/\/semead.com.br\/24\/contact\/?lang=en\" \/>\n<meta property=\"og:site_name\" content=\"XXIV SemeAd\" \/>\n<meta property=\"article:modified_time\" content=\"2021-06-15T12:47:05+00:00\" \/>\n<meta name=\"twitter:card\" content=\"summary_large_image\" \/>\n<meta name=\"twitter:label1\" content=\"Est. tempo de leitura\" \/>\n\t<meta name=\"twitter:data1\" content=\"1 minuto\" \/>\n<script type=\"application\/ld+json\" class=\"yoast-schema-graph\">{\"@context\":\"https:\/\/schema.org\",\"@graph\":[{\"@type\":\"WebPage\",\"@id\":\"https:\/\/semead.com.br\/24\/contact\/?lang=en\",\"url\":\"https:\/\/semead.com.br\/24\/contact\/?lang=en\",\"name\":\"Contact - XXIV SemeAd\",\"isPartOf\":{\"@id\":\"https:\/\/semead.com.br\/24\/?lang=es\/#website\"},\"datePublished\":\"2021-06-15T12:47:04+00:00\",\"dateModified\":\"2021-06-15T12:47:05+00:00\",\"breadcrumb\":{\"@id\":\"https:\/\/semead.com.br\/24\/contact\/?lang=en#breadcrumb\"},\"inLanguage\":\"pt-BR\",\"potentialAction\":[{\"@type\":\"ReadAction\",\"target\":[\"https:\/\/semead.com.br\/24\/contact\/?lang=en\"]}]},{\"@type\":\"BreadcrumbList\",\"@id\":\"https:\/\/semead.com.br\/24\/contact\/?lang=en#breadcrumb\",\"itemListElement\":[{\"@type\":\"ListItem\",\"position\":1,\"name\":\"In\u00edcio\",\"item\":\"https:\/\/semead.com.br\/24\/\"},{\"@type\":\"ListItem\",\"position\":2,\"name\":\"Contact\"}]},{\"@type\":\"WebSite\",\"@id\":\"https:\/\/semead.com.br\/24\/?lang=es\/#website\",\"url\":\"https:\/\/semead.com.br\/24\/?lang=es\/\",\"name\":\"XXIV SemeAd\",\"description\":\"Semin\u00e1rios em Administra\u00e7\u00e3o\",\"potentialAction\":[{\"@type\":\"SearchAction\",\"target\":{\"@type\":\"EntryPoint\",\"urlTemplate\":\"https:\/\/semead.com.br\/24\/?lang=es\/?s={search_term_string}\"},\"query-input\":{\"@type\":\"PropertyValueSpecification\",\"valueRequired\":true,\"valueName\":\"search_term_string\"}}],\"inLanguage\":\"pt-BR\"}]}<\/script>\n<!-- \/ Yoast SEO plugin. -->","yoast_head_json":{"title":"Contact - XXIV SemeAd","robots":{"index":"index","follow":"follow","max-snippet":"max-snippet:-1","max-image-preview":"max-image-preview:large","max-video-preview":"max-video-preview:-1"},"canonical":"https:\/\/semead.com.br\/24\/contact\/","og_locale":"pt_BR","og_type":"article","og_title":"Contact - XXIV SemeAd","og_description":"SemeAd SemeAd Office for the Postgraduate Program in Business \u2013 USP Av. Prof. Luciano Gualberto, 908. Cid. Universit\u00e1ria, \u00a0S\u00e3o Paulo &#8211; SP CEP: 05508-010 Organizing Team Prof. Dr. Jo\u00e3o Maur\u00edcio Gama Boaventura General Coordination Eloisa Martins Alessio \u2013 Technical Organization Amanda de Paula Aguiar Barbosa \u2013 Academic Coordination E-mail: contato@semead.com.br","og_url":"https:\/\/semead.com.br\/24\/contact\/?lang=en","og_site_name":"XXIV SemeAd","article_modified_time":"2021-06-15T12:47:05+00:00","twitter_card":"summary_large_image","twitter_misc":{"Est. tempo de leitura":"1 minuto"},"schema":{"@context":"https:\/\/schema.org","@graph":[{"@type":"WebPage","@id":"https:\/\/semead.com.br\/24\/contact\/?lang=en","url":"https:\/\/semead.com.br\/24\/contact\/?lang=en","name":"Contact - XXIV SemeAd","isPartOf":{"@id":"https:\/\/semead.com.br\/24\/?lang=es\/#website"},"datePublished":"2021-06-15T12:47:04+00:00","dateModified":"2021-06-15T12:47:05+00:00","breadcrumb":{"@id":"https:\/\/semead.com.br\/24\/contact\/?lang=en#breadcrumb"},"inLanguage":"pt-BR","potentialAction":[{"@type":"ReadAction","target":["https:\/\/semead.com.br\/24\/contact\/?lang=en"]}]},{"@type":"BreadcrumbList","@id":"https:\/\/semead.com.br\/24\/contact\/?lang=en#breadcrumb","itemListElement":[{"@type":"ListItem","position":1,"name":"In\u00edcio","item":"https:\/\/semead.com.br\/24\/"},{"@type":"ListItem","position":2,"name":"Contact"}]},{"@type":"WebSite","@id":"https:\/\/semead.com.br\/24\/?lang=es\/#website","url":"https:\/\/semead.com.br\/24\/?lang=es\/","name":"XXIV SemeAd","description":"Semin\u00e1rios em Administra\u00e7\u00e3o","potentialAction":[{"@type":"SearchAction","target":{"@type":"EntryPoint","urlTemplate":"https:\/\/semead.com.br\/24\/?lang=es\/?s={search_term_string}"},"query-input":{"@type":"PropertyValueSpecification","valueRequired":true,"valueName":"search_term_string"}}],"inLanguage":"pt-BR"}]}},"_links":{"self":[{"href":"https:\/\/semead.com.br\/24\/wp-json\/wp\/v2\/pages\/19703","targetHints":{"allow":["GET"]}}],"collection":[{"href":"https:\/\/semead.com.br\/24\/wp-json\/wp\/v2\/pages"}],"about":[{"href":"https:\/\/semead.com.br\/24\/wp-json\/wp\/v2\/types\/page"}],"author":[{"embeddable":true,"href":"https:\/\/semead.com.br\/24\/wp-json\/wp\/v2\/users\/8"}],"replies":[{"embeddable":true,"href":"https:\/\/semead.com.br\/24\/wp-json\/wp\/v2\/comments?post=19703"}],"version-history":[{"count":0,"href":"https:\/\/semead.com.br\/24\/wp-json\/wp\/v2\/pages\/19703\/revisions"}],"wp:attachment":[{"href":"https:\/\/semead.com.br\/24\/wp-json\/wp\/v2\/media?parent=19703"}],"curies":[{"name":"wp","href":"https:\/\/api.w.org\/{rel}","templated":true}]}}