{"id":19706,"date":"2021-06-15T09:49:48","date_gmt":"2021-06-15T12:49:48","guid":{"rendered":"https:\/\/semead.com.br\/24\/?page_id=19706"},"modified":"2021-12-08T13:56:01","modified_gmt":"2021-12-08T16:56:01","slug":"database","status":"publish","type":"page","link":"https:\/\/semead.com.br\/24\/database\/?lang=en","title":{"rendered":"Database"},"content":{"rendered":"\n<p>In partnership with FIA and FECAP, this year all* attendees to SemeAD 2021 will have access to the EBSCO and Econom\u00e1tica databases.<\/p>\n\n\n\n<p>* <em>this condition does not apply to those enrolled in the &#8220;Inscri\u00e7\u00e3o Inclusiva&#8221; mode<\/em><\/p>\n\n\n\n<div class=\"wp-block-columns is-layout-flex wp-container-core-columns-is-layout-9d6595d7 wp-block-columns-is-layout-flex\">\n<div class=\"wp-block-column is-layout-flow wp-block-column-is-layout-flow\">\n<div class=\"wp-block-image\"><figure class=\"aligncenter size-large is-resized\"><img decoding=\"async\" src=\"https:\/\/semead.com.br\/23\/wp-content\/uploads\/sites\/12\/2020\/09\/ebsco-1.png\" alt=\"\" width=\"270\" height=\"77\"\/><\/figure><\/div>\n<\/div>\n\n\n\n<div class=\"wp-block-column is-layout-flow wp-block-column-is-layout-flow\">\n<div class=\"wp-block-image\"><figure class=\"aligncenter size-large\"><img decoding=\"async\" src=\"https:\/\/semead.com.br\/23\/wp-content\/uploads\/sites\/12\/2020\/09\/logo-economatica-2.png\" alt=\"\"\/><\/figure><\/div>\n<\/div>\n<\/div>\n\n\n\n<p>Use your <a href=\"http:\/\/login.semead.com.br\" target=\"_blank\" rel=\"noreferrer noopener\">Login SemeAD<\/a> go to the &#8220;Bases&#8221; tab on the side of the site. There will be at your disposal:<\/p>\n\n\n\n<ul class=\"wp-block-list\"><li>the redirect link to access EBSCO and;<\/li><li>the tutorial to access the base of Economatica.<\/li><\/ul>\n","protected":false},"excerpt":{"rendered":"<p>In partnership with FIA and FECAP, this year all* attendees to SemeAD 2021 will have access to the EBSCO and Econom\u00e1tica databases. * this condition does not apply to those enrolled in the &#8220;Inscri\u00e7\u00e3o Inclusiva&#8221; mode Use your Login SemeAD go to the &#8220;Bases&#8221; tab on the side of the site. There will be at&#8230;<\/p>\n","protected":false},"author":8,"featured_media":0,"parent":0,"menu_order":0,"comment_status":"closed","ping_status":"closed","template":"","meta":{"_acf_changed":false,"_monsterinsights_skip_tracking":false,"_monsterinsights_sitenote_active":false,"_monsterinsights_sitenote_note":"","_monsterinsights_sitenote_category":0,"footnotes":""},"class_list":["post-19706","page","type-page","status-publish","hentry"],"acf":[],"yoast_head":"<!-- This site is optimized with the Yoast SEO plugin v27.1.1 - https:\/\/yoast.com\/product\/yoast-seo-wordpress\/ -->\n<title>Database - XXIV SemeAd<\/title>\n<meta name=\"robots\" content=\"index, follow, max-snippet:-1, max-image-preview:large, max-video-preview:-1\" \/>\n<link rel=\"canonical\" href=\"https:\/\/semead.com.br\/24\/database\/\" \/>\n<meta property=\"og:locale\" content=\"pt_BR\" \/>\n<meta property=\"og:type\" content=\"article\" \/>\n<meta property=\"og:title\" content=\"Database - XXIV SemeAd\" \/>\n<meta property=\"og:description\" content=\"In partnership with FIA and FECAP, this year all* attendees to SemeAD 2021 will have access to the EBSCO and Econom\u00e1tica databases. * this condition does not apply to those enrolled in the &#8220;Inscri\u00e7\u00e3o Inclusiva&#8221; mode Use your Login SemeAD go to the &#8220;Bases&#8221; tab on the side of the site. There will be at...\" \/>\n<meta property=\"og:url\" content=\"https:\/\/semead.com.br\/24\/database\/?lang=en\" \/>\n<meta property=\"og:site_name\" content=\"XXIV SemeAd\" \/>\n<meta property=\"article:modified_time\" content=\"2021-12-08T16:56:01+00:00\" \/>\n<meta property=\"og:image\" content=\"https:\/\/semead.com.br\/23\/wp-content\/uploads\/sites\/12\/2020\/09\/ebsco-1.png\" \/>\n<meta name=\"twitter:card\" content=\"summary_large_image\" \/>\n<meta name=\"twitter:label1\" content=\"Est. tempo de leitura\" \/>\n\t<meta name=\"twitter:data1\" content=\"1 minuto\" \/>\n<script type=\"application\/ld+json\" class=\"yoast-schema-graph\">{\"@context\":\"https:\/\/schema.org\",\"@graph\":[{\"@type\":\"WebPage\",\"@id\":\"https:\/\/semead.com.br\/24\/database\/?lang=en\",\"url\":\"https:\/\/semead.com.br\/24\/database\/?lang=en\",\"name\":\"Database - XXIV SemeAd\",\"isPartOf\":{\"@id\":\"https:\/\/semead.com.br\/24\/?lang=es\/#website\"},\"primaryImageOfPage\":{\"@id\":\"https:\/\/semead.com.br\/24\/database\/?lang=en#primaryimage\"},\"image\":{\"@id\":\"https:\/\/semead.com.br\/24\/database\/?lang=en#primaryimage\"},\"thumbnailUrl\":\"https:\/\/semead.com.br\/23\/wp-content\/uploads\/sites\/12\/2020\/09\/ebsco-1.png\",\"datePublished\":\"2021-06-15T12:49:48+00:00\",\"dateModified\":\"2021-12-08T16:56:01+00:00\",\"breadcrumb\":{\"@id\":\"https:\/\/semead.com.br\/24\/database\/?lang=en#breadcrumb\"},\"inLanguage\":\"pt-BR\",\"potentialAction\":[{\"@type\":\"ReadAction\",\"target\":[\"https:\/\/semead.com.br\/24\/database\/?lang=en\"]}]},{\"@type\":\"ImageObject\",\"inLanguage\":\"pt-BR\",\"@id\":\"https:\/\/semead.com.br\/24\/database\/?lang=en#primaryimage\",\"url\":\"https:\/\/semead.com.br\/23\/wp-content\/uploads\/sites\/12\/2020\/09\/ebsco-1.png\",\"contentUrl\":\"https:\/\/semead.com.br\/23\/wp-content\/uploads\/sites\/12\/2020\/09\/ebsco-1.png\"},{\"@type\":\"BreadcrumbList\",\"@id\":\"https:\/\/semead.com.br\/24\/database\/?lang=en#breadcrumb\",\"itemListElement\":[{\"@type\":\"ListItem\",\"position\":1,\"name\":\"In\u00edcio\",\"item\":\"https:\/\/semead.com.br\/24\/\"},{\"@type\":\"ListItem\",\"position\":2,\"name\":\"Database\"}]},{\"@type\":\"WebSite\",\"@id\":\"https:\/\/semead.com.br\/24\/?lang=es\/#website\",\"url\":\"https:\/\/semead.com.br\/24\/?lang=es\/\",\"name\":\"XXIV SemeAd\",\"description\":\"Semin\u00e1rios em Administra\u00e7\u00e3o\",\"potentialAction\":[{\"@type\":\"SearchAction\",\"target\":{\"@type\":\"EntryPoint\",\"urlTemplate\":\"https:\/\/semead.com.br\/24\/?lang=es\/?s={search_term_string}\"},\"query-input\":{\"@type\":\"PropertyValueSpecification\",\"valueRequired\":true,\"valueName\":\"search_term_string\"}}],\"inLanguage\":\"pt-BR\"}]}<\/script>\n<!-- \/ Yoast SEO plugin. -->","yoast_head_json":{"title":"Database - XXIV SemeAd","robots":{"index":"index","follow":"follow","max-snippet":"max-snippet:-1","max-image-preview":"max-image-preview:large","max-video-preview":"max-video-preview:-1"},"canonical":"https:\/\/semead.com.br\/24\/database\/","og_locale":"pt_BR","og_type":"article","og_title":"Database - XXIV SemeAd","og_description":"In partnership with FIA and FECAP, this year all* attendees to SemeAD 2021 will have access to the EBSCO and Econom\u00e1tica databases. * this condition does not apply to those enrolled in the &#8220;Inscri\u00e7\u00e3o Inclusiva&#8221; mode Use your Login SemeAD go to the &#8220;Bases&#8221; tab on the side of the site. There will be at...","og_url":"https:\/\/semead.com.br\/24\/database\/?lang=en","og_site_name":"XXIV SemeAd","article_modified_time":"2021-12-08T16:56:01+00:00","og_image":[{"url":"https:\/\/semead.com.br\/23\/wp-content\/uploads\/sites\/12\/2020\/09\/ebsco-1.png","type":"","width":"","height":""}],"twitter_card":"summary_large_image","twitter_misc":{"Est. tempo de leitura":"1 minuto"},"schema":{"@context":"https:\/\/schema.org","@graph":[{"@type":"WebPage","@id":"https:\/\/semead.com.br\/24\/database\/?lang=en","url":"https:\/\/semead.com.br\/24\/database\/?lang=en","name":"Database - XXIV SemeAd","isPartOf":{"@id":"https:\/\/semead.com.br\/24\/?lang=es\/#website"},"primaryImageOfPage":{"@id":"https:\/\/semead.com.br\/24\/database\/?lang=en#primaryimage"},"image":{"@id":"https:\/\/semead.com.br\/24\/database\/?lang=en#primaryimage"},"thumbnailUrl":"https:\/\/semead.com.br\/23\/wp-content\/uploads\/sites\/12\/2020\/09\/ebsco-1.png","datePublished":"2021-06-15T12:49:48+00:00","dateModified":"2021-12-08T16:56:01+00:00","breadcrumb":{"@id":"https:\/\/semead.com.br\/24\/database\/?lang=en#breadcrumb"},"inLanguage":"pt-BR","potentialAction":[{"@type":"ReadAction","target":["https:\/\/semead.com.br\/24\/database\/?lang=en"]}]},{"@type":"ImageObject","inLanguage":"pt-BR","@id":"https:\/\/semead.com.br\/24\/database\/?lang=en#primaryimage","url":"https:\/\/semead.com.br\/23\/wp-content\/uploads\/sites\/12\/2020\/09\/ebsco-1.png","contentUrl":"https:\/\/semead.com.br\/23\/wp-content\/uploads\/sites\/12\/2020\/09\/ebsco-1.png"},{"@type":"BreadcrumbList","@id":"https:\/\/semead.com.br\/24\/database\/?lang=en#breadcrumb","itemListElement":[{"@type":"ListItem","position":1,"name":"In\u00edcio","item":"https:\/\/semead.com.br\/24\/"},{"@type":"ListItem","position":2,"name":"Database"}]},{"@type":"WebSite","@id":"https:\/\/semead.com.br\/24\/?lang=es\/#website","url":"https:\/\/semead.com.br\/24\/?lang=es\/","name":"XXIV SemeAd","description":"Semin\u00e1rios em Administra\u00e7\u00e3o","potentialAction":[{"@type":"SearchAction","target":{"@type":"EntryPoint","urlTemplate":"https:\/\/semead.com.br\/24\/?lang=es\/?s={search_term_string}"},"query-input":{"@type":"PropertyValueSpecification","valueRequired":true,"valueName":"search_term_string"}}],"inLanguage":"pt-BR"}]}},"_links":{"self":[{"href":"https:\/\/semead.com.br\/24\/wp-json\/wp\/v2\/pages\/19706","targetHints":{"allow":["GET"]}}],"collection":[{"href":"https:\/\/semead.com.br\/24\/wp-json\/wp\/v2\/pages"}],"about":[{"href":"https:\/\/semead.com.br\/24\/wp-json\/wp\/v2\/types\/page"}],"author":[{"embeddable":true,"href":"https:\/\/semead.com.br\/24\/wp-json\/wp\/v2\/users\/8"}],"replies":[{"embeddable":true,"href":"https:\/\/semead.com.br\/24\/wp-json\/wp\/v2\/comments?post=19706"}],"version-history":[{"count":0,"href":"https:\/\/semead.com.br\/24\/wp-json\/wp\/v2\/pages\/19706\/revisions"}],"wp:attachment":[{"href":"https:\/\/semead.com.br\/24\/wp-json\/wp\/v2\/media?parent=19706"}],"curies":[{"name":"wp","href":"https:\/\/api.w.org\/{rel}","templated":true}]}}