{"id":19728,"date":"2021-06-15T13:01:36","date_gmt":"2021-06-15T16:01:36","guid":{"rendered":"https:\/\/semead.com.br\/24\/?page_id=19728"},"modified":"2021-11-08T11:40:35","modified_gmt":"2021-11-08T14:40:35","slug":"business-speakers","status":"publish","type":"page","link":"https:\/\/semead.com.br\/24\/business-speakers\/?lang=en","title":{"rendered":"Business Speakers"},"content":{"rendered":"\t\t<div data-elementor-type=\"wp-post\" data-elementor-id=\"19728\" class=\"elementor elementor-19728\">\n\t\t\t\t\t\t<section class=\"elementor-section elementor-top-section elementor-element elementor-element-758a75d elementor-section-boxed elementor-section-height-default elementor-section-height-default\" data-id=\"758a75d\" data-element_type=\"section\" data-e-type=\"section\">\n\t\t\t\t\t\t<div class=\"elementor-container elementor-column-gap-default\">\n\t\t\t\t\t<div class=\"elementor-column elementor-col-100 elementor-top-column elementor-element elementor-element-959efe2\" data-id=\"959efe2\" data-element_type=\"column\" data-e-type=\"column\">\n\t\t\t<div class=\"elementor-widget-wrap elementor-element-populated\">\n\t\t\t\t\t\t<div class=\"elementor-element elementor-element-82578d7 elementor-widget elementor-widget-text-editor\" data-id=\"82578d7\" data-element_type=\"widget\" data-e-type=\"widget\" data-widget_type=\"text-editor.default\">\n\t\t\t\t<div class=\"elementor-widget-container\">\n\t\t\t\t\t\t\t\t\t<p>The Business Speakers session is an activity involving the participation of business people and strategic managers from organizations that are widely recognized in Brazil and internationally. Guests debate topics that emerge in the day-to-day of organizations and case studies. Check the Business Speakers schedule for XXIV SemeAd!<\/p>\t\t\t\t\t\t\t\t<\/div>\n\t\t\t\t<\/div>\n\t\t\t\t\t<\/div>\n\t\t<\/div>\n\t\t\t\t\t<\/div>\n\t\t<\/section>\n\t\t\t\t<section class=\"elementor-section elementor-top-section elementor-element elementor-element-573c276 elementor-section-boxed elementor-section-height-default elementor-section-height-default\" data-id=\"573c276\" data-element_type=\"section\" data-e-type=\"section\">\n\t\t\t\t\t\t<div class=\"elementor-container elementor-column-gap-default\">\n\t\t\t\t\t<div class=\"elementor-column elementor-col-66 elementor-top-column elementor-element elementor-element-ab0b983\" data-id=\"ab0b983\" data-element_type=\"column\" data-e-type=\"column\">\n\t\t\t<div class=\"elementor-widget-wrap elementor-element-populated\">\n\t\t\t\t\t\t<div class=\"elementor-element elementor-element-c208467 elementor-widget elementor-widget-image\" data-id=\"c208467\" data-element_type=\"widget\" data-e-type=\"widget\" data-widget_type=\"image.default\">\n\t\t\t\t<div class=\"elementor-widget-container\">\n\t\t\t\t\t\t\t\t\t\t\t\t\t\t\t<img fetchpriority=\"high\" decoding=\"async\" width=\"1024\" height=\"1024\" src=\"https:\/\/semead.com.br\/24\/wp-content\/uploads\/sites\/13\/2021\/11\/Luiz-Alberto-Esteves-1024x1024.png\" class=\"attachment-large size-large wp-image-23486\" alt=\"\" srcset=\"https:\/\/semead.com.br\/24\/wp-content\/uploads\/sites\/13\/2021\/11\/Luiz-Alberto-Esteves-1024x1024.png 1024w, https:\/\/semead.com.br\/24\/wp-content\/uploads\/sites\/13\/2021\/11\/Luiz-Alberto-Esteves-300x300.png 300w, https:\/\/semead.com.br\/24\/wp-content\/uploads\/sites\/13\/2021\/11\/Luiz-Alberto-Esteves-150x150.png 150w, https:\/\/semead.com.br\/24\/wp-content\/uploads\/sites\/13\/2021\/11\/Luiz-Alberto-Esteves-400x400.png 400w, https:\/\/semead.com.br\/24\/wp-content\/uploads\/sites\/13\/2021\/11\/Luiz-Alberto-Esteves.png 1080w\" sizes=\"(max-width: 1024px) 100vw, 1024px\" \/>\t\t\t\t\t\t\t\t\t\t\t\t\t\t\t<\/div>\n\t\t\t\t<\/div>\n\t\t\t\t\t<\/div>\n\t\t<\/div>\n\t\t\t\t<div class=\"elementor-column elementor-col-33 elementor-top-column elementor-element elementor-element-5f16686\" data-id=\"5f16686\" data-element_type=\"column\" data-e-type=\"column\">\n\t\t\t<div class=\"elementor-widget-wrap elementor-element-populated\">\n\t\t\t\t\t\t<div class=\"elementor-element elementor-element-37c8923 elementor-widget elementor-widget-text-editor\" data-id=\"37c8923\" data-element_type=\"widget\" data-e-type=\"widget\" data-widget_type=\"text-editor.default\">\n\t\t\t\t<div class=\"elementor-widget-container\">\n\t\t\t\t\t\t\t\t\t<h4><strong>10\/11 &#8211; 13:30 \u00e0s 14:30<\/strong><\/h4><p><b style=\"color: var( --e-global-color-text ); font-family: var( --e-global-typography-text-font-family );\">Assista:<\/b><\/p><p><a href=\"https:\/\/semead-br.zoom.us\/webinar\/register\/WN_nIIeCTONS4SVH6_a9LoFww\">https:\/\/semead-br.zoom.us\/webinar\/register\/WN_nIIeCTONS4SVH6_a9LoFww<\/a><\/p>\t\t\t\t\t\t\t\t<\/div>\n\t\t\t\t<\/div>\n\t\t\t\t\t<\/div>\n\t\t<\/div>\n\t\t\t\t\t<\/div>\n\t\t<\/section>\n\t\t\t\t<section class=\"elementor-section elementor-top-section elementor-element elementor-element-3aa95ed elementor-section-boxed elementor-section-height-default elementor-section-height-default\" data-id=\"3aa95ed\" data-element_type=\"section\" data-e-type=\"section\">\n\t\t\t\t\t\t<div class=\"elementor-container elementor-column-gap-default\">\n\t\t\t\t\t<div class=\"elementor-column elementor-col-66 elementor-top-column elementor-element elementor-element-40b460e\" data-id=\"40b460e\" data-element_type=\"column\" data-e-type=\"column\">\n\t\t\t<div class=\"elementor-widget-wrap elementor-element-populated\">\n\t\t\t\t\t\t<div class=\"elementor-element elementor-element-4c6db46 elementor-widget elementor-widget-image\" data-id=\"4c6db46\" data-element_type=\"widget\" data-e-type=\"widget\" data-widget_type=\"image.default\">\n\t\t\t\t<div class=\"elementor-widget-container\">\n\t\t\t\t\t\t\t\t\t\t\t\t\t\t\t<img decoding=\"async\" width=\"1024\" height=\"1024\" src=\"https:\/\/semead.com.br\/24\/wp-content\/uploads\/sites\/13\/2021\/11\/Carlos-Ohde-1024x1024.png\" class=\"attachment-large size-large wp-image-23489\" alt=\"\" srcset=\"https:\/\/semead.com.br\/24\/wp-content\/uploads\/sites\/13\/2021\/11\/Carlos-Ohde-1024x1024.png 1024w, https:\/\/semead.com.br\/24\/wp-content\/uploads\/sites\/13\/2021\/11\/Carlos-Ohde-300x300.png 300w, https:\/\/semead.com.br\/24\/wp-content\/uploads\/sites\/13\/2021\/11\/Carlos-Ohde-150x150.png 150w, https:\/\/semead.com.br\/24\/wp-content\/uploads\/sites\/13\/2021\/11\/Carlos-Ohde-400x400.png 400w, https:\/\/semead.com.br\/24\/wp-content\/uploads\/sites\/13\/2021\/11\/Carlos-Ohde.png 1080w\" sizes=\"(max-width: 1024px) 100vw, 1024px\" \/>\t\t\t\t\t\t\t\t\t\t\t\t\t\t\t<\/div>\n\t\t\t\t<\/div>\n\t\t\t\t\t<\/div>\n\t\t<\/div>\n\t\t\t\t<div class=\"elementor-column elementor-col-33 elementor-top-column elementor-element elementor-element-a761895\" data-id=\"a761895\" data-element_type=\"column\" data-e-type=\"column\">\n\t\t\t<div class=\"elementor-widget-wrap elementor-element-populated\">\n\t\t\t\t\t\t<div class=\"elementor-element elementor-element-fa26fe0 elementor-widget elementor-widget-text-editor\" data-id=\"fa26fe0\" data-element_type=\"widget\" data-e-type=\"widget\" data-widget_type=\"text-editor.default\">\n\t\t\t\t<div class=\"elementor-widget-container\">\n\t\t\t\t\t\t\t\t\t<h4><strong>11\/11 &#8211; 13:30 \u00e0s 14:30<\/strong><\/h4><p><b style=\"color: var( --e-global-color-text ); font-family: var( --e-global-typography-text-font-family );\">Assista:<\/b><\/p><p><a href=\"https:\/\/semead-br.zoom.us\/j\/84479884471?pwd=NmpiNTZjNmRMVHlDNnNXRG5oc2l0Zz09\">https:\/\/semead-br.zoom.us\/j\/84479884471?pwd=NmpiNTZjNmRMVHlDNnNXRG5oc2l0Zz09<\/a><\/p><div><strong>\u00a0<\/strong><\/div>\t\t\t\t\t\t\t\t<\/div>\n\t\t\t\t<\/div>\n\t\t\t\t\t<\/div>\n\t\t<\/div>\n\t\t\t\t\t<\/div>\n\t\t<\/section>\n\t\t\t\t<section class=\"elementor-section elementor-top-section elementor-element elementor-element-923e1a0 elementor-section-boxed elementor-section-height-default elementor-section-height-default\" data-id=\"923e1a0\" data-element_type=\"section\" data-e-type=\"section\">\n\t\t\t\t\t\t<div class=\"elementor-container elementor-column-gap-default\">\n\t\t\t\t\t<div class=\"elementor-column elementor-col-66 elementor-top-column elementor-element elementor-element-9150de3\" data-id=\"9150de3\" data-element_type=\"column\" data-e-type=\"column\">\n\t\t\t<div class=\"elementor-widget-wrap elementor-element-populated\">\n\t\t\t\t\t\t<div class=\"elementor-element elementor-element-94812f2 elementor-widget elementor-widget-image\" data-id=\"94812f2\" data-element_type=\"widget\" data-e-type=\"widget\" data-widget_type=\"image.default\">\n\t\t\t\t<div class=\"elementor-widget-container\">\n\t\t\t\t\t\t\t\t\t\t\t\t\t\t\t<img decoding=\"async\" width=\"1024\" height=\"1024\" src=\"https:\/\/semead.com.br\/24\/wp-content\/uploads\/sites\/13\/2021\/10\/Djalma-Scartezini-1024x1024.png\" class=\"attachment-large size-large wp-image-23106\" alt=\"\" srcset=\"https:\/\/semead.com.br\/24\/wp-content\/uploads\/sites\/13\/2021\/10\/Djalma-Scartezini-1024x1024.png 1024w, https:\/\/semead.com.br\/24\/wp-content\/uploads\/sites\/13\/2021\/10\/Djalma-Scartezini-300x300.png 300w, https:\/\/semead.com.br\/24\/wp-content\/uploads\/sites\/13\/2021\/10\/Djalma-Scartezini-150x150.png 150w, https:\/\/semead.com.br\/24\/wp-content\/uploads\/sites\/13\/2021\/10\/Djalma-Scartezini-400x400.png 400w, https:\/\/semead.com.br\/24\/wp-content\/uploads\/sites\/13\/2021\/10\/Djalma-Scartezini.png 1080w\" sizes=\"(max-width: 1024px) 100vw, 1024px\" \/>\t\t\t\t\t\t\t\t\t\t\t\t\t\t\t<\/div>\n\t\t\t\t<\/div>\n\t\t\t\t\t<\/div>\n\t\t<\/div>\n\t\t\t\t<div class=\"elementor-column elementor-col-33 elementor-top-column elementor-element elementor-element-8b4bf11\" data-id=\"8b4bf11\" data-element_type=\"column\" data-e-type=\"column\">\n\t\t\t<div class=\"elementor-widget-wrap elementor-element-populated\">\n\t\t\t\t\t\t<div class=\"elementor-element elementor-element-6e3e4e7 elementor-widget elementor-widget-text-editor\" data-id=\"6e3e4e7\" data-element_type=\"widget\" data-e-type=\"widget\" data-widget_type=\"text-editor.default\">\n\t\t\t\t<div class=\"elementor-widget-container\">\n\t\t\t\t\t\t\t\t\t<h4><strong>11\/11 &#8211; 13:00 \u00e0s 14:00<\/strong><\/h4><div><p><b style=\"color: var( --e-global-color-text ); font-family: var( --e-global-typography-text-font-family );\">Assista:<\/b><\/p><p><a href=\"https:\/\/semead-br.zoom.us\/j\/82071137989?pwd=UlRGWERjSG14K04xbEtUZkY2MHlsdz09\">https:\/\/semead-br.zoom.us\/j\/82071137989?pwd=UlRGWERjSG14K04xbEtUZkY2MHlsdz09<\/a><\/p><\/div>\t\t\t\t\t\t\t\t<\/div>\n\t\t\t\t<\/div>\n\t\t\t\t\t<\/div>\n\t\t<\/div>\n\t\t\t\t\t<\/div>\n\t\t<\/section>\n\t\t\t\t<section class=\"elementor-section elementor-top-section elementor-element elementor-element-e5a29c4 elementor-section-boxed elementor-section-height-default elementor-section-height-default\" data-id=\"e5a29c4\" data-element_type=\"section\" data-e-type=\"section\">\n\t\t\t\t\t\t<div class=\"elementor-container elementor-column-gap-default\">\n\t\t\t\t\t<div class=\"elementor-column elementor-col-66 elementor-top-column elementor-element elementor-element-6510231\" data-id=\"6510231\" data-element_type=\"column\" data-e-type=\"column\">\n\t\t\t<div class=\"elementor-widget-wrap elementor-element-populated\">\n\t\t\t\t\t\t<div class=\"elementor-element elementor-element-a664784 elementor-widget elementor-widget-image\" data-id=\"a664784\" data-element_type=\"widget\" data-e-type=\"widget\" data-widget_type=\"image.default\">\n\t\t\t\t<div class=\"elementor-widget-container\">\n\t\t\t\t\t\t\t\t\t\t\t\t\t\t\t<img loading=\"lazy\" decoding=\"async\" width=\"1024\" height=\"1024\" src=\"https:\/\/semead.com.br\/24\/wp-content\/uploads\/sites\/13\/2021\/10\/Ana-Claudia-Scheiner-1024x1024.png\" class=\"attachment-large size-large wp-image-23112\" alt=\"\" srcset=\"https:\/\/semead.com.br\/24\/wp-content\/uploads\/sites\/13\/2021\/10\/Ana-Claudia-Scheiner-1024x1024.png 1024w, https:\/\/semead.com.br\/24\/wp-content\/uploads\/sites\/13\/2021\/10\/Ana-Claudia-Scheiner-300x300.png 300w, https:\/\/semead.com.br\/24\/wp-content\/uploads\/sites\/13\/2021\/10\/Ana-Claudia-Scheiner-150x150.png 150w, https:\/\/semead.com.br\/24\/wp-content\/uploads\/sites\/13\/2021\/10\/Ana-Claudia-Scheiner-400x400.png 400w, https:\/\/semead.com.br\/24\/wp-content\/uploads\/sites\/13\/2021\/10\/Ana-Claudia-Scheiner.png 1080w\" sizes=\"(max-width: 1024px) 100vw, 1024px\" \/>\t\t\t\t\t\t\t\t\t\t\t\t\t\t\t<\/div>\n\t\t\t\t<\/div>\n\t\t\t\t\t<\/div>\n\t\t<\/div>\n\t\t\t\t<div class=\"elementor-column elementor-col-33 elementor-top-column elementor-element elementor-element-d9cc683\" data-id=\"d9cc683\" data-element_type=\"column\" data-e-type=\"column\">\n\t\t\t<div class=\"elementor-widget-wrap elementor-element-populated\">\n\t\t\t\t\t\t<div class=\"elementor-element elementor-element-6c50721 elementor-widget elementor-widget-text-editor\" data-id=\"6c50721\" data-element_type=\"widget\" data-e-type=\"widget\" data-widget_type=\"text-editor.default\">\n\t\t\t\t<div class=\"elementor-widget-container\">\n\t\t\t\t\t\t\t\t\t<h4><strong>12\/11 &#8211; 13:00 \u00e0s 14:00<\/strong><\/h4><div><p><b style=\"color: var( --e-global-color-text ); font-family: var( --e-global-typography-text-font-family );\">Assista:<\/b><\/p><p><a href=\"https:\/\/semead-br.zoom.us\/j\/88652330337?pwd=cmVqc3BzQnFkTVZNdE5id21JdDhJdz09\">https:\/\/semead-br.zoom.us\/j\/88652330337?pwd=cmVqc3BzQnFkTVZNdE5id21JdDhJdz09<\/a><\/p><\/div>\t\t\t\t\t\t\t\t<\/div>\n\t\t\t\t<\/div>\n\t\t\t\t\t<\/div>\n\t\t<\/div>\n\t\t\t\t\t<\/div>\n\t\t<\/section>\n\t\t\t\t<\/div>\n\t\t","protected":false},"excerpt":{"rendered":"<p>The Business Speakers session is an activity involving the participation of business people and strategic managers from organizations that are widely recognized in Brazil and internationally. Guests debate topics that emerge in the day-to-day of organizations and case studies. Check the Business Speakers schedule for XXIV SemeAd! 10\/11 &#8211; 13:30 \u00e0s 14:30 Assista: https:\/\/semead-br.zoom.us\/webinar\/register\/WN_nIIeCTONS4SVH6_a9LoFww 11\/11&#8230;<\/p>\n","protected":false},"author":8,"featured_media":0,"parent":0,"menu_order":0,"comment_status":"closed","ping_status":"open","template":"","meta":{"_acf_changed":false,"_monsterinsights_skip_tracking":false,"_monsterinsights_sitenote_active":false,"_monsterinsights_sitenote_note":"","_monsterinsights_sitenote_category":0,"footnotes":""},"class_list":["post-19728","page","type-page","status-publish","hentry"],"acf":[],"yoast_head":"<!-- This site is optimized with the Yoast SEO plugin v27.1.1 - https:\/\/yoast.com\/product\/yoast-seo-wordpress\/ -->\n<title>Business Speakers - XXIV SemeAd<\/title>\n<meta name=\"robots\" content=\"index, follow, max-snippet:-1, max-image-preview:large, max-video-preview:-1\" \/>\n<link rel=\"canonical\" href=\"https:\/\/semead.com.br\/24\/business-speakers\/\" \/>\n<meta property=\"og:locale\" content=\"pt_BR\" \/>\n<meta property=\"og:type\" content=\"article\" \/>\n<meta property=\"og:title\" content=\"Business Speakers - XXIV SemeAd\" \/>\n<meta property=\"og:description\" content=\"The Business Speakers session is an activity involving the participation of business people and strategic managers from organizations that are widely recognized in Brazil and internationally. Guests debate topics that emerge in the day-to-day of organizations and case studies. Check the Business Speakers schedule for XXIV SemeAd! 10\/11 &#8211; 13:30 \u00e0s 14:30 Assista: https:\/\/semead-br.zoom.us\/webinar\/register\/WN_nIIeCTONS4SVH6_a9LoFww 11\/11...\" \/>\n<meta property=\"og:url\" content=\"https:\/\/semead.com.br\/24\/business-speakers\/?lang=en\" \/>\n<meta property=\"og:site_name\" content=\"XXIV SemeAd\" \/>\n<meta property=\"article:modified_time\" content=\"2021-11-08T14:40:35+00:00\" \/>\n<meta property=\"og:image\" content=\"https:\/\/semead.com.br\/24\/wp-content\/uploads\/sites\/13\/2021\/11\/Luiz-Alberto-Esteves-1024x1024.png\" \/>\n<meta name=\"twitter:card\" content=\"summary_large_image\" \/>\n<meta name=\"twitter:label1\" content=\"Est. tempo de leitura\" \/>\n\t<meta name=\"twitter:data1\" content=\"2 minutos\" \/>\n<script type=\"application\/ld+json\" class=\"yoast-schema-graph\">{\"@context\":\"https:\/\/schema.org\",\"@graph\":[{\"@type\":\"WebPage\",\"@id\":\"https:\/\/semead.com.br\/24\/business-speakers\/?lang=en\",\"url\":\"https:\/\/semead.com.br\/24\/business-speakers\/?lang=en\",\"name\":\"Business Speakers - XXIV SemeAd\",\"isPartOf\":{\"@id\":\"https:\/\/semead.com.br\/24\/?lang=es\/#website\"},\"primaryImageOfPage\":{\"@id\":\"https:\/\/semead.com.br\/24\/business-speakers\/?lang=en#primaryimage\"},\"image\":{\"@id\":\"https:\/\/semead.com.br\/24\/business-speakers\/?lang=en#primaryimage\"},\"thumbnailUrl\":\"https:\/\/semead.com.br\/24\/wp-content\/uploads\/sites\/13\/2021\/11\/Luiz-Alberto-Esteves-1024x1024.png\",\"datePublished\":\"2021-06-15T16:01:36+00:00\",\"dateModified\":\"2021-11-08T14:40:35+00:00\",\"breadcrumb\":{\"@id\":\"https:\/\/semead.com.br\/24\/business-speakers\/?lang=en#breadcrumb\"},\"inLanguage\":\"pt-BR\",\"potentialAction\":[{\"@type\":\"ReadAction\",\"target\":[\"https:\/\/semead.com.br\/24\/business-speakers\/?lang=en\"]}]},{\"@type\":\"ImageObject\",\"inLanguage\":\"pt-BR\",\"@id\":\"https:\/\/semead.com.br\/24\/business-speakers\/?lang=en#primaryimage\",\"url\":\"https:\/\/semead.com.br\/24\/wp-content\/uploads\/sites\/13\/2021\/11\/Luiz-Alberto-Esteves.png\",\"contentUrl\":\"https:\/\/semead.com.br\/24\/wp-content\/uploads\/sites\/13\/2021\/11\/Luiz-Alberto-Esteves.png\",\"width\":1080,\"height\":1080},{\"@type\":\"BreadcrumbList\",\"@id\":\"https:\/\/semead.com.br\/24\/business-speakers\/?lang=en#breadcrumb\",\"itemListElement\":[{\"@type\":\"ListItem\",\"position\":1,\"name\":\"In\u00edcio\",\"item\":\"https:\/\/semead.com.br\/24\/\"},{\"@type\":\"ListItem\",\"position\":2,\"name\":\"Business Speakers\"}]},{\"@type\":\"WebSite\",\"@id\":\"https:\/\/semead.com.br\/24\/?lang=es\/#website\",\"url\":\"https:\/\/semead.com.br\/24\/?lang=es\/\",\"name\":\"XXIV SemeAd\",\"description\":\"Semin\u00e1rios em Administra\u00e7\u00e3o\",\"potentialAction\":[{\"@type\":\"SearchAction\",\"target\":{\"@type\":\"EntryPoint\",\"urlTemplate\":\"https:\/\/semead.com.br\/24\/?lang=es\/?s={search_term_string}\"},\"query-input\":{\"@type\":\"PropertyValueSpecification\",\"valueRequired\":true,\"valueName\":\"search_term_string\"}}],\"inLanguage\":\"pt-BR\"}]}<\/script>\n<!-- \/ Yoast SEO plugin. -->","yoast_head_json":{"title":"Business Speakers - XXIV SemeAd","robots":{"index":"index","follow":"follow","max-snippet":"max-snippet:-1","max-image-preview":"max-image-preview:large","max-video-preview":"max-video-preview:-1"},"canonical":"https:\/\/semead.com.br\/24\/business-speakers\/","og_locale":"pt_BR","og_type":"article","og_title":"Business Speakers - XXIV SemeAd","og_description":"The Business Speakers session is an activity involving the participation of business people and strategic managers from organizations that are widely recognized in Brazil and internationally. Guests debate topics that emerge in the day-to-day of organizations and case studies. Check the Business Speakers schedule for XXIV SemeAd! 10\/11 &#8211; 13:30 \u00e0s 14:30 Assista: https:\/\/semead-br.zoom.us\/webinar\/register\/WN_nIIeCTONS4SVH6_a9LoFww 11\/11...","og_url":"https:\/\/semead.com.br\/24\/business-speakers\/?lang=en","og_site_name":"XXIV SemeAd","article_modified_time":"2021-11-08T14:40:35+00:00","og_image":[{"url":"https:\/\/semead.com.br\/24\/wp-content\/uploads\/sites\/13\/2021\/11\/Luiz-Alberto-Esteves-1024x1024.png","type":"","width":"","height":""}],"twitter_card":"summary_large_image","twitter_misc":{"Est. tempo de leitura":"2 minutos"},"schema":{"@context":"https:\/\/schema.org","@graph":[{"@type":"WebPage","@id":"https:\/\/semead.com.br\/24\/business-speakers\/?lang=en","url":"https:\/\/semead.com.br\/24\/business-speakers\/?lang=en","name":"Business Speakers - XXIV SemeAd","isPartOf":{"@id":"https:\/\/semead.com.br\/24\/?lang=es\/#website"},"primaryImageOfPage":{"@id":"https:\/\/semead.com.br\/24\/business-speakers\/?lang=en#primaryimage"},"image":{"@id":"https:\/\/semead.com.br\/24\/business-speakers\/?lang=en#primaryimage"},"thumbnailUrl":"https:\/\/semead.com.br\/24\/wp-content\/uploads\/sites\/13\/2021\/11\/Luiz-Alberto-Esteves-1024x1024.png","datePublished":"2021-06-15T16:01:36+00:00","dateModified":"2021-11-08T14:40:35+00:00","breadcrumb":{"@id":"https:\/\/semead.com.br\/24\/business-speakers\/?lang=en#breadcrumb"},"inLanguage":"pt-BR","potentialAction":[{"@type":"ReadAction","target":["https:\/\/semead.com.br\/24\/business-speakers\/?lang=en"]}]},{"@type":"ImageObject","inLanguage":"pt-BR","@id":"https:\/\/semead.com.br\/24\/business-speakers\/?lang=en#primaryimage","url":"https:\/\/semead.com.br\/24\/wp-content\/uploads\/sites\/13\/2021\/11\/Luiz-Alberto-Esteves.png","contentUrl":"https:\/\/semead.com.br\/24\/wp-content\/uploads\/sites\/13\/2021\/11\/Luiz-Alberto-Esteves.png","width":1080,"height":1080},{"@type":"BreadcrumbList","@id":"https:\/\/semead.com.br\/24\/business-speakers\/?lang=en#breadcrumb","itemListElement":[{"@type":"ListItem","position":1,"name":"In\u00edcio","item":"https:\/\/semead.com.br\/24\/"},{"@type":"ListItem","position":2,"name":"Business Speakers"}]},{"@type":"WebSite","@id":"https:\/\/semead.com.br\/24\/?lang=es\/#website","url":"https:\/\/semead.com.br\/24\/?lang=es\/","name":"XXIV SemeAd","description":"Semin\u00e1rios em Administra\u00e7\u00e3o","potentialAction":[{"@type":"SearchAction","target":{"@type":"EntryPoint","urlTemplate":"https:\/\/semead.com.br\/24\/?lang=es\/?s={search_term_string}"},"query-input":{"@type":"PropertyValueSpecification","valueRequired":true,"valueName":"search_term_string"}}],"inLanguage":"pt-BR"}]}},"_links":{"self":[{"href":"https:\/\/semead.com.br\/24\/wp-json\/wp\/v2\/pages\/19728","targetHints":{"allow":["GET"]}}],"collection":[{"href":"https:\/\/semead.com.br\/24\/wp-json\/wp\/v2\/pages"}],"about":[{"href":"https:\/\/semead.com.br\/24\/wp-json\/wp\/v2\/types\/page"}],"author":[{"embeddable":true,"href":"https:\/\/semead.com.br\/24\/wp-json\/wp\/v2\/users\/8"}],"replies":[{"embeddable":true,"href":"https:\/\/semead.com.br\/24\/wp-json\/wp\/v2\/comments?post=19728"}],"version-history":[{"count":0,"href":"https:\/\/semead.com.br\/24\/wp-json\/wp\/v2\/pages\/19728\/revisions"}],"wp:attachment":[{"href":"https:\/\/semead.com.br\/24\/wp-json\/wp\/v2\/media?parent=19728"}],"curies":[{"name":"wp","href":"https:\/\/api.w.org\/{rel}","templated":true}]}}