{"id":19734,"date":"2021-06-15T13:03:45","date_gmt":"2021-06-15T16:03:45","guid":{"rendered":"https:\/\/semead.com.br\/24\/?page_id=19734"},"modified":"2021-11-08T12:27:40","modified_gmt":"2021-11-08T15:27:40","slug":"paineis-tematicos","status":"publish","type":"page","link":"https:\/\/semead.com.br\/24\/paineis-tematicos\/?lang=en","title":{"rendered":"Themed Panels"},"content":{"rendered":"\t\t<div data-elementor-type=\"wp-post\" data-elementor-id=\"19734\" class=\"elementor elementor-19734\">\n\t\t\t\t\t\t<section class=\"elementor-section elementor-top-section elementor-element elementor-element-e0cc7ea elementor-section-boxed elementor-section-height-default elementor-section-height-default\" data-id=\"e0cc7ea\" data-element_type=\"section\" data-e-type=\"section\">\n\t\t\t\t\t\t<div class=\"elementor-container elementor-column-gap-default\">\n\t\t\t\t\t<div class=\"elementor-column elementor-col-100 elementor-top-column elementor-element elementor-element-1885032\" data-id=\"1885032\" data-element_type=\"column\" data-e-type=\"column\">\n\t\t\t<div class=\"elementor-widget-wrap elementor-element-populated\">\n\t\t\t\t\t\t<div class=\"elementor-element elementor-element-7cfc44d elementor-widget elementor-widget-text-editor\" data-id=\"7cfc44d\" data-element_type=\"widget\" data-e-type=\"widget\" data-widget_type=\"text-editor.default\">\n\t\t\t\t<div class=\"elementor-widget-container\">\n\t\t\t\t\t\t\t\t\t<p>The Themed Panels session is a SemeAd activity that brings together a number of renowned researchers and businesspeople, in rounds of discussion on emerging topics in the organizational and academic environment.<\/p><p>Check the confirmed Panels for this edition of SemeAd! (Presente in portuguese and brazilian time).<\/p>\t\t\t\t\t\t\t\t<\/div>\n\t\t\t\t<\/div>\n\t\t\t\t\t<\/div>\n\t\t<\/div>\n\t\t\t\t\t<\/div>\n\t\t<\/section>\n\t\t\t\t<section class=\"elementor-section elementor-top-section elementor-element elementor-element-8d0a7a2 elementor-section-boxed elementor-section-height-default elementor-section-height-default\" data-id=\"8d0a7a2\" data-element_type=\"section\" data-e-type=\"section\">\n\t\t\t\t\t\t<div class=\"elementor-container elementor-column-gap-default\">\n\t\t\t\t\t<div class=\"elementor-column elementor-col-100 elementor-top-column elementor-element elementor-element-ef6c394\" data-id=\"ef6c394\" data-element_type=\"column\" data-e-type=\"column\">\n\t\t\t<div class=\"elementor-widget-wrap elementor-element-populated\">\n\t\t\t\t\t\t<div class=\"elementor-element elementor-element-8ecbd5d elementor-widget elementor-widget-image\" data-id=\"8ecbd5d\" data-element_type=\"widget\" data-e-type=\"widget\" data-widget_type=\"image.default\">\n\t\t\t\t<div class=\"elementor-widget-container\">\n\t\t\t\t\t\t\t\t\t\t\t\t\t\t\t<img fetchpriority=\"high\" decoding=\"async\" width=\"1024\" height=\"1024\" src=\"https:\/\/semead.com.br\/24\/wp-content\/uploads\/sites\/13\/2021\/11\/WhatsApp-Image-2021-11-07-at-03.25.11-1024x1024.jpeg\" class=\"attachment-large size-large wp-image-23528\" alt=\"\" srcset=\"https:\/\/semead.com.br\/24\/wp-content\/uploads\/sites\/13\/2021\/11\/WhatsApp-Image-2021-11-07-at-03.25.11-1024x1024.jpeg 1024w, https:\/\/semead.com.br\/24\/wp-content\/uploads\/sites\/13\/2021\/11\/WhatsApp-Image-2021-11-07-at-03.25.11-300x300.jpeg 300w, https:\/\/semead.com.br\/24\/wp-content\/uploads\/sites\/13\/2021\/11\/WhatsApp-Image-2021-11-07-at-03.25.11-150x150.jpeg 150w, https:\/\/semead.com.br\/24\/wp-content\/uploads\/sites\/13\/2021\/11\/WhatsApp-Image-2021-11-07-at-03.25.11-400x400.jpeg 400w, https:\/\/semead.com.br\/24\/wp-content\/uploads\/sites\/13\/2021\/11\/WhatsApp-Image-2021-11-07-at-03.25.11.jpeg 1080w\" sizes=\"(max-width: 1024px) 100vw, 1024px\" \/>\t\t\t\t\t\t\t\t\t\t\t\t\t\t\t<\/div>\n\t\t\t\t<\/div>\n\t\t\t\t\t<\/div>\n\t\t<\/div>\n\t\t\t\t\t<\/div>\n\t\t<\/section>\n\t\t\t\t<section class=\"elementor-section elementor-top-section elementor-element elementor-element-c40eeff elementor-section-boxed elementor-section-height-default elementor-section-height-default\" data-id=\"c40eeff\" data-element_type=\"section\" data-e-type=\"section\">\n\t\t\t\t\t\t<div class=\"elementor-container elementor-column-gap-default\">\n\t\t\t\t\t<div class=\"elementor-column elementor-col-100 elementor-top-column elementor-element elementor-element-8c4d567\" data-id=\"8c4d567\" data-element_type=\"column\" data-e-type=\"column\">\n\t\t\t<div class=\"elementor-widget-wrap elementor-element-populated\">\n\t\t\t\t\t\t<div class=\"elementor-element elementor-element-5c19de2 elementor-widget elementor-widget-text-editor\" data-id=\"5c19de2\" data-element_type=\"widget\" data-e-type=\"widget\" data-widget_type=\"text-editor.default\">\n\t\t\t\t<div class=\"elementor-widget-container\">\n\t\t\t\t\t\t\t\t\t<p><b style=\"color: var( --e-global-color-text ); font-family: var( --e-global-typography-text-font-family );\">Assista:<\/b><\/p><p><a href=\"https:\/\/semead-br.zoom.us\/j\/81111595252?pwd=SmNVK3NLZVV0aXVPRHp2Wm00STBJdz09\">https:\/\/semead-br.zoom.us\/j\/81111595252?pwd=SmNVK3NLZVV0aXVPRHp2Wm00STBJdz09<\/a><\/p>\t\t\t\t\t\t\t\t<\/div>\n\t\t\t\t<\/div>\n\t\t\t\t\t<\/div>\n\t\t<\/div>\n\t\t\t\t\t<\/div>\n\t\t<\/section>\n\t\t\t\t<section class=\"elementor-section elementor-top-section elementor-element elementor-element-95899aa elementor-section-boxed elementor-section-height-default elementor-section-height-default\" data-id=\"95899aa\" data-element_type=\"section\" data-e-type=\"section\">\n\t\t\t\t\t\t<div class=\"elementor-container elementor-column-gap-default\">\n\t\t\t\t\t<div class=\"elementor-column elementor-col-100 elementor-top-column elementor-element elementor-element-149f979\" data-id=\"149f979\" data-element_type=\"column\" data-e-type=\"column\">\n\t\t\t<div class=\"elementor-widget-wrap elementor-element-populated\">\n\t\t\t\t\t\t<div class=\"elementor-element elementor-element-9ea3de3 elementor-widget elementor-widget-image\" data-id=\"9ea3de3\" data-element_type=\"widget\" data-e-type=\"widget\" data-widget_type=\"image.default\">\n\t\t\t\t<div class=\"elementor-widget-container\">\n\t\t\t\t\t\t\t\t\t\t\t\t\t\t\t<img decoding=\"async\" width=\"1024\" height=\"1024\" src=\"https:\/\/semead.com.br\/24\/wp-content\/uploads\/sites\/13\/2021\/11\/WhatsApp-Image-2021-11-07-at-03.25.12-1024x1024.jpeg\" class=\"attachment-large size-large wp-image-23534\" alt=\"\" srcset=\"https:\/\/semead.com.br\/24\/wp-content\/uploads\/sites\/13\/2021\/11\/WhatsApp-Image-2021-11-07-at-03.25.12-1024x1024.jpeg 1024w, https:\/\/semead.com.br\/24\/wp-content\/uploads\/sites\/13\/2021\/11\/WhatsApp-Image-2021-11-07-at-03.25.12-300x300.jpeg 300w, https:\/\/semead.com.br\/24\/wp-content\/uploads\/sites\/13\/2021\/11\/WhatsApp-Image-2021-11-07-at-03.25.12-150x150.jpeg 150w, https:\/\/semead.com.br\/24\/wp-content\/uploads\/sites\/13\/2021\/11\/WhatsApp-Image-2021-11-07-at-03.25.12-400x400.jpeg 400w, https:\/\/semead.com.br\/24\/wp-content\/uploads\/sites\/13\/2021\/11\/WhatsApp-Image-2021-11-07-at-03.25.12.jpeg 1080w\" sizes=\"(max-width: 1024px) 100vw, 1024px\" \/>\t\t\t\t\t\t\t\t\t\t\t\t\t\t\t<\/div>\n\t\t\t\t<\/div>\n\t\t\t\t\t<\/div>\n\t\t<\/div>\n\t\t\t\t\t<\/div>\n\t\t<\/section>\n\t\t\t\t<section class=\"elementor-section elementor-top-section elementor-element elementor-element-ae6c10d elementor-section-boxed elementor-section-height-default elementor-section-height-default\" data-id=\"ae6c10d\" data-element_type=\"section\" data-e-type=\"section\">\n\t\t\t\t\t\t<div class=\"elementor-container elementor-column-gap-default\">\n\t\t\t\t\t<div class=\"elementor-column elementor-col-100 elementor-top-column elementor-element elementor-element-f17d2d8\" data-id=\"f17d2d8\" data-element_type=\"column\" data-e-type=\"column\">\n\t\t\t<div class=\"elementor-widget-wrap elementor-element-populated\">\n\t\t\t\t\t\t<div class=\"elementor-element elementor-element-7cf2c64 elementor-widget elementor-widget-text-editor\" data-id=\"7cf2c64\" data-element_type=\"widget\" data-e-type=\"widget\" data-widget_type=\"text-editor.default\">\n\t\t\t\t<div class=\"elementor-widget-container\">\n\t\t\t\t\t\t\t\t\t<p><b style=\"color: var( --e-global-color-text ); font-family: var( --e-global-typography-text-font-family );\">Assista:<\/b><\/p><p><a href=\"https:\/\/semead-br.zoom.us\/j\/83140135749?pwd=azAvQzFZS3lZUVl2NGxJdHNrZ3VaZz09\">https:\/\/semead-br.zoom.us\/j\/83140135749?pwd=azAvQzFZS3lZUVl2NGxJdHNrZ3VaZz09<\/a><\/p>\t\t\t\t\t\t\t\t<\/div>\n\t\t\t\t<\/div>\n\t\t\t\t\t<\/div>\n\t\t<\/div>\n\t\t\t\t\t<\/div>\n\t\t<\/section>\n\t\t\t\t<section class=\"elementor-section elementor-top-section elementor-element elementor-element-bf649b3 elementor-section-boxed elementor-section-height-default elementor-section-height-default\" data-id=\"bf649b3\" data-element_type=\"section\" data-e-type=\"section\">\n\t\t\t\t\t\t<div class=\"elementor-container elementor-column-gap-default\">\n\t\t\t\t\t<div class=\"elementor-column elementor-col-100 elementor-top-column elementor-element elementor-element-5a11c0b\" data-id=\"5a11c0b\" data-element_type=\"column\" data-e-type=\"column\">\n\t\t\t<div class=\"elementor-widget-wrap elementor-element-populated\">\n\t\t\t\t\t\t<div class=\"elementor-element elementor-element-e64c560 elementor-widget elementor-widget-image\" data-id=\"e64c560\" data-element_type=\"widget\" data-e-type=\"widget\" data-widget_type=\"image.default\">\n\t\t\t\t<div class=\"elementor-widget-container\">\n\t\t\t\t\t\t\t\t\t\t\t\t\t\t\t<img decoding=\"async\" width=\"1024\" height=\"1024\" src=\"https:\/\/semead.com.br\/24\/wp-content\/uploads\/sites\/13\/2021\/11\/WhatsApp-Image-2021-11-07-at-03.25.12-1-1024x1024.jpeg\" class=\"attachment-large size-large wp-image-23531\" alt=\"\" srcset=\"https:\/\/semead.com.br\/24\/wp-content\/uploads\/sites\/13\/2021\/11\/WhatsApp-Image-2021-11-07-at-03.25.12-1-1024x1024.jpeg 1024w, https:\/\/semead.com.br\/24\/wp-content\/uploads\/sites\/13\/2021\/11\/WhatsApp-Image-2021-11-07-at-03.25.12-1-300x300.jpeg 300w, https:\/\/semead.com.br\/24\/wp-content\/uploads\/sites\/13\/2021\/11\/WhatsApp-Image-2021-11-07-at-03.25.12-1-150x150.jpeg 150w, https:\/\/semead.com.br\/24\/wp-content\/uploads\/sites\/13\/2021\/11\/WhatsApp-Image-2021-11-07-at-03.25.12-1-400x400.jpeg 400w, https:\/\/semead.com.br\/24\/wp-content\/uploads\/sites\/13\/2021\/11\/WhatsApp-Image-2021-11-07-at-03.25.12-1.jpeg 1080w\" sizes=\"(max-width: 1024px) 100vw, 1024px\" \/>\t\t\t\t\t\t\t\t\t\t\t\t\t\t\t<\/div>\n\t\t\t\t<\/div>\n\t\t\t\t\t<\/div>\n\t\t<\/div>\n\t\t\t\t\t<\/div>\n\t\t<\/section>\n\t\t\t\t<section class=\"elementor-section elementor-top-section elementor-element elementor-element-9cb8ff3 elementor-section-boxed elementor-section-height-default elementor-section-height-default\" data-id=\"9cb8ff3\" data-element_type=\"section\" data-e-type=\"section\">\n\t\t\t\t\t\t<div class=\"elementor-container elementor-column-gap-default\">\n\t\t\t\t\t<div class=\"elementor-column elementor-col-100 elementor-top-column elementor-element elementor-element-9dcb02f\" data-id=\"9dcb02f\" data-element_type=\"column\" data-e-type=\"column\">\n\t\t\t<div class=\"elementor-widget-wrap elementor-element-populated\">\n\t\t\t\t\t\t<div class=\"elementor-element elementor-element-4ccbfe9 elementor-widget elementor-widget-text-editor\" data-id=\"4ccbfe9\" data-element_type=\"widget\" data-e-type=\"widget\" data-widget_type=\"text-editor.default\">\n\t\t\t\t<div class=\"elementor-widget-container\">\n\t\t\t\t\t\t\t\t\t<p><b style=\"color: var( --e-global-color-text ); font-family: var( --e-global-typography-text-font-family );\">Assista:<\/b><\/p><p><a href=\"https:\/\/semead-br.zoom.us\/j\/82153898605?pwd=ckFvRVRKYmdobXJaVVFVNEhTTnBUdz09\">https:\/\/semead-br.zoom.us\/j\/82153898605?pwd=ckFvRVRKYmdobXJaVVFVNEhTTnBUdz09<\/a><\/p>\t\t\t\t\t\t\t\t<\/div>\n\t\t\t\t<\/div>\n\t\t\t\t\t<\/div>\n\t\t<\/div>\n\t\t\t\t\t<\/div>\n\t\t<\/section>\n\t\t\t\t<\/div>\n\t\t","protected":false},"excerpt":{"rendered":"<p>The Themed Panels session is a SemeAd activity that brings together a number of renowned researchers and businesspeople, in rounds of discussion on emerging topics in the organizational and academic environment. Check the confirmed Panels for this edition of SemeAd! (Presente in portuguese and brazilian time). Assista: https:\/\/semead-br.zoom.us\/j\/81111595252?pwd=SmNVK3NLZVV0aXVPRHp2Wm00STBJdz09 Assista: https:\/\/semead-br.zoom.us\/j\/83140135749?pwd=azAvQzFZS3lZUVl2NGxJdHNrZ3VaZz09 Assista: https:\/\/semead-br.zoom.us\/j\/82153898605?pwd=ckFvRVRKYmdobXJaVVFVNEhTTnBUdz09<\/p>\n","protected":false},"author":8,"featured_media":0,"parent":0,"menu_order":0,"comment_status":"closed","ping_status":"closed","template":"","meta":{"_acf_changed":false,"_monsterinsights_skip_tracking":false,"_monsterinsights_sitenote_active":false,"_monsterinsights_sitenote_note":"","_monsterinsights_sitenote_category":0,"footnotes":""},"class_list":["post-19734","page","type-page","status-publish","hentry"],"acf":[],"yoast_head":"<!-- This site is optimized with the Yoast SEO plugin v27.1.1 - https:\/\/yoast.com\/product\/yoast-seo-wordpress\/ -->\n<title>Themed Panels - XXIV SemeAd<\/title>\n<meta name=\"robots\" content=\"index, follow, max-snippet:-1, max-image-preview:large, max-video-preview:-1\" \/>\n<link rel=\"canonical\" href=\"https:\/\/semead.com.br\/24\/paineis-tematicos\/\" \/>\n<meta property=\"og:locale\" content=\"pt_BR\" \/>\n<meta property=\"og:type\" content=\"article\" \/>\n<meta property=\"og:title\" content=\"Themed Panels - XXIV SemeAd\" \/>\n<meta property=\"og:description\" content=\"The Themed Panels session is a SemeAd activity that brings together a number of renowned researchers and businesspeople, in rounds of discussion on emerging topics in the organizational and academic environment. Check the confirmed Panels for this edition of SemeAd! (Presente in portuguese and brazilian time). Assista: https:\/\/semead-br.zoom.us\/j\/81111595252?pwd=SmNVK3NLZVV0aXVPRHp2Wm00STBJdz09 Assista: https:\/\/semead-br.zoom.us\/j\/83140135749?pwd=azAvQzFZS3lZUVl2NGxJdHNrZ3VaZz09 Assista: https:\/\/semead-br.zoom.us\/j\/82153898605?pwd=ckFvRVRKYmdobXJaVVFVNEhTTnBUdz09\" \/>\n<meta property=\"og:url\" content=\"https:\/\/semead.com.br\/24\/paineis-tematicos\/?lang=en\" \/>\n<meta property=\"og:site_name\" content=\"XXIV SemeAd\" \/>\n<meta property=\"article:modified_time\" content=\"2021-11-08T15:27:40+00:00\" \/>\n<meta property=\"og:image\" content=\"https:\/\/semead.com.br\/24\/wp-content\/uploads\/sites\/13\/2021\/11\/WhatsApp-Image-2021-11-07-at-03.25.11-1024x1024.jpeg\" \/>\n<meta name=\"twitter:card\" content=\"summary_large_image\" \/>\n<meta name=\"twitter:label1\" content=\"Est. tempo de leitura\" \/>\n\t<meta name=\"twitter:data1\" content=\"1 minuto\" \/>\n<script type=\"application\/ld+json\" class=\"yoast-schema-graph\">{\"@context\":\"https:\/\/schema.org\",\"@graph\":[{\"@type\":\"WebPage\",\"@id\":\"https:\/\/semead.com.br\/24\/paineis-tematicos\/?lang=en\",\"url\":\"https:\/\/semead.com.br\/24\/paineis-tematicos\/?lang=en\",\"name\":\"Themed Panels - XXIV SemeAd\",\"isPartOf\":{\"@id\":\"https:\/\/semead.com.br\/24\/?lang=es\/#website\"},\"primaryImageOfPage\":{\"@id\":\"https:\/\/semead.com.br\/24\/paineis-tematicos\/?lang=en#primaryimage\"},\"image\":{\"@id\":\"https:\/\/semead.com.br\/24\/paineis-tematicos\/?lang=en#primaryimage\"},\"thumbnailUrl\":\"https:\/\/semead.com.br\/24\/wp-content\/uploads\/sites\/13\/2021\/11\/WhatsApp-Image-2021-11-07-at-03.25.11-1024x1024.jpeg\",\"datePublished\":\"2021-06-15T16:03:45+00:00\",\"dateModified\":\"2021-11-08T15:27:40+00:00\",\"breadcrumb\":{\"@id\":\"https:\/\/semead.com.br\/24\/paineis-tematicos\/?lang=en#breadcrumb\"},\"inLanguage\":\"pt-BR\",\"potentialAction\":[{\"@type\":\"ReadAction\",\"target\":[\"https:\/\/semead.com.br\/24\/paineis-tematicos\/?lang=en\"]}]},{\"@type\":\"ImageObject\",\"inLanguage\":\"pt-BR\",\"@id\":\"https:\/\/semead.com.br\/24\/paineis-tematicos\/?lang=en#primaryimage\",\"url\":\"https:\/\/semead.com.br\/24\/wp-content\/uploads\/sites\/13\/2021\/11\/WhatsApp-Image-2021-11-07-at-03.25.11.jpeg\",\"contentUrl\":\"https:\/\/semead.com.br\/24\/wp-content\/uploads\/sites\/13\/2021\/11\/WhatsApp-Image-2021-11-07-at-03.25.11.jpeg\",\"width\":1080,\"height\":1080},{\"@type\":\"BreadcrumbList\",\"@id\":\"https:\/\/semead.com.br\/24\/paineis-tematicos\/?lang=en#breadcrumb\",\"itemListElement\":[{\"@type\":\"ListItem\",\"position\":1,\"name\":\"In\u00edcio\",\"item\":\"https:\/\/semead.com.br\/24\/\"},{\"@type\":\"ListItem\",\"position\":2,\"name\":\"Themed Panels\"}]},{\"@type\":\"WebSite\",\"@id\":\"https:\/\/semead.com.br\/24\/?lang=es\/#website\",\"url\":\"https:\/\/semead.com.br\/24\/?lang=es\/\",\"name\":\"XXIV SemeAd\",\"description\":\"Semin\u00e1rios em Administra\u00e7\u00e3o\",\"potentialAction\":[{\"@type\":\"SearchAction\",\"target\":{\"@type\":\"EntryPoint\",\"urlTemplate\":\"https:\/\/semead.com.br\/24\/?lang=es\/?s={search_term_string}\"},\"query-input\":{\"@type\":\"PropertyValueSpecification\",\"valueRequired\":true,\"valueName\":\"search_term_string\"}}],\"inLanguage\":\"pt-BR\"}]}<\/script>\n<!-- \/ Yoast SEO plugin. -->","yoast_head_json":{"title":"Themed Panels - XXIV SemeAd","robots":{"index":"index","follow":"follow","max-snippet":"max-snippet:-1","max-image-preview":"max-image-preview:large","max-video-preview":"max-video-preview:-1"},"canonical":"https:\/\/semead.com.br\/24\/paineis-tematicos\/","og_locale":"pt_BR","og_type":"article","og_title":"Themed Panels - XXIV SemeAd","og_description":"The Themed Panels session is a SemeAd activity that brings together a number of renowned researchers and businesspeople, in rounds of discussion on emerging topics in the organizational and academic environment. Check the confirmed Panels for this edition of SemeAd! (Presente in portuguese and brazilian time). Assista: https:\/\/semead-br.zoom.us\/j\/81111595252?pwd=SmNVK3NLZVV0aXVPRHp2Wm00STBJdz09 Assista: https:\/\/semead-br.zoom.us\/j\/83140135749?pwd=azAvQzFZS3lZUVl2NGxJdHNrZ3VaZz09 Assista: https:\/\/semead-br.zoom.us\/j\/82153898605?pwd=ckFvRVRKYmdobXJaVVFVNEhTTnBUdz09","og_url":"https:\/\/semead.com.br\/24\/paineis-tematicos\/?lang=en","og_site_name":"XXIV SemeAd","article_modified_time":"2021-11-08T15:27:40+00:00","og_image":[{"url":"https:\/\/semead.com.br\/24\/wp-content\/uploads\/sites\/13\/2021\/11\/WhatsApp-Image-2021-11-07-at-03.25.11-1024x1024.jpeg","type":"","width":"","height":""}],"twitter_card":"summary_large_image","twitter_misc":{"Est. tempo de leitura":"1 minuto"},"schema":{"@context":"https:\/\/schema.org","@graph":[{"@type":"WebPage","@id":"https:\/\/semead.com.br\/24\/paineis-tematicos\/?lang=en","url":"https:\/\/semead.com.br\/24\/paineis-tematicos\/?lang=en","name":"Themed Panels - XXIV SemeAd","isPartOf":{"@id":"https:\/\/semead.com.br\/24\/?lang=es\/#website"},"primaryImageOfPage":{"@id":"https:\/\/semead.com.br\/24\/paineis-tematicos\/?lang=en#primaryimage"},"image":{"@id":"https:\/\/semead.com.br\/24\/paineis-tematicos\/?lang=en#primaryimage"},"thumbnailUrl":"https:\/\/semead.com.br\/24\/wp-content\/uploads\/sites\/13\/2021\/11\/WhatsApp-Image-2021-11-07-at-03.25.11-1024x1024.jpeg","datePublished":"2021-06-15T16:03:45+00:00","dateModified":"2021-11-08T15:27:40+00:00","breadcrumb":{"@id":"https:\/\/semead.com.br\/24\/paineis-tematicos\/?lang=en#breadcrumb"},"inLanguage":"pt-BR","potentialAction":[{"@type":"ReadAction","target":["https:\/\/semead.com.br\/24\/paineis-tematicos\/?lang=en"]}]},{"@type":"ImageObject","inLanguage":"pt-BR","@id":"https:\/\/semead.com.br\/24\/paineis-tematicos\/?lang=en#primaryimage","url":"https:\/\/semead.com.br\/24\/wp-content\/uploads\/sites\/13\/2021\/11\/WhatsApp-Image-2021-11-07-at-03.25.11.jpeg","contentUrl":"https:\/\/semead.com.br\/24\/wp-content\/uploads\/sites\/13\/2021\/11\/WhatsApp-Image-2021-11-07-at-03.25.11.jpeg","width":1080,"height":1080},{"@type":"BreadcrumbList","@id":"https:\/\/semead.com.br\/24\/paineis-tematicos\/?lang=en#breadcrumb","itemListElement":[{"@type":"ListItem","position":1,"name":"In\u00edcio","item":"https:\/\/semead.com.br\/24\/"},{"@type":"ListItem","position":2,"name":"Themed Panels"}]},{"@type":"WebSite","@id":"https:\/\/semead.com.br\/24\/?lang=es\/#website","url":"https:\/\/semead.com.br\/24\/?lang=es\/","name":"XXIV SemeAd","description":"Semin\u00e1rios em Administra\u00e7\u00e3o","potentialAction":[{"@type":"SearchAction","target":{"@type":"EntryPoint","urlTemplate":"https:\/\/semead.com.br\/24\/?lang=es\/?s={search_term_string}"},"query-input":{"@type":"PropertyValueSpecification","valueRequired":true,"valueName":"search_term_string"}}],"inLanguage":"pt-BR"}]}},"_links":{"self":[{"href":"https:\/\/semead.com.br\/24\/wp-json\/wp\/v2\/pages\/19734","targetHints":{"allow":["GET"]}}],"collection":[{"href":"https:\/\/semead.com.br\/24\/wp-json\/wp\/v2\/pages"}],"about":[{"href":"https:\/\/semead.com.br\/24\/wp-json\/wp\/v2\/types\/page"}],"author":[{"embeddable":true,"href":"https:\/\/semead.com.br\/24\/wp-json\/wp\/v2\/users\/8"}],"replies":[{"embeddable":true,"href":"https:\/\/semead.com.br\/24\/wp-json\/wp\/v2\/comments?post=19734"}],"version-history":[{"count":0,"href":"https:\/\/semead.com.br\/24\/wp-json\/wp\/v2\/pages\/19734\/revisions"}],"wp:attachment":[{"href":"https:\/\/semead.com.br\/24\/wp-json\/wp\/v2\/media?parent=19734"}],"curies":[{"name":"wp","href":"https:\/\/api.w.org\/{rel}","templated":true}]}}