{"id":19747,"date":"2021-06-15T13:11:33","date_gmt":"2021-06-15T16:11:33","guid":{"rendered":"https:\/\/semead.com.br\/24\/?page_id=19747"},"modified":"2021-06-15T13:15:13","modified_gmt":"2021-06-15T16:15:13","slug":"sapiens-sessoes-de-aprimoramento-de-estudos-cientificos","status":"publish","type":"page","link":"https:\/\/semead.com.br\/24\/sapiens-sessoes-de-aprimoramento-de-estudos-cientificos\/?lang=en","title":{"rendered":"Sapiens \u2013 Sessions of Improving Scientific Studies"},"content":{"rendered":"<p>Sapiens is a workshop focused on improving articles by means of a discussion (at a round table) between authors and researchers experienced in the scientific areas of SemeAd. The aim of Sapiens is to use senior researchers\u2019 experience to better direct and improve submitted papers, so that these can be sent to high impact national and\/or international journals.<\/p>\n<p>Rules for submission and acceptance:<\/p>\n<ul>\n<li>Submission of articles to Sapiens is open to all of the scientific articles submitted to SemeAd. At the time of submission, the author should mark the option \u201cI wish to submit the article to Sapiens and I am aware of the respective rules.\u201d<\/li>\n<li>Each author can submit only <strong>one article<\/strong> to Sapiens.<\/li>\n<li>Acceptance of a paper will be subject to approval and recommendation by both blind reviewers of the article.<\/li>\n<li>Up to two papers will be chosen for each theme from the scientific areas of SemeAd, prioritizing articles whose main author is a master\u2019s or doctorate level postgraduate student.<\/li>\n<li>The acceptance result will be announced in the restricted access area of the SemeAd portal.<\/li>\n<li>To include their work in the session, <strong>at least one of the authors must be enrolled in SemeAd and take part in Sapiens<\/strong>.<\/li>\n<li>The debate sessions will last between 30 and 45 minutes, in parallel with the SemeAd article presentation sessions.<\/li>\n<li><strong>IMPORTANT<\/strong>: The authors of the articles chosen for Sapiens must take part in both presentation events (Sapiens session and conventional presentation session). Participation in one does not mean exemption from participation in the other.<\/li>\n<\/ul>\n<!-- \/wp:post-content -->","protected":false},"excerpt":{"rendered":"<p>Sapiens is a workshop focused on improving articles by means of a discussion (at a round table) between authors and researchers experienced in the scientific areas of SemeAd. The aim of Sapiens is to use senior researchers\u2019 experience to better direct and improve submitted papers, so that these can be sent to high impact national&#8230;<\/p>\n","protected":false},"author":8,"featured_media":0,"parent":0,"menu_order":0,"comment_status":"closed","ping_status":"open","template":"","meta":{"_acf_changed":false,"_monsterinsights_skip_tracking":false,"_monsterinsights_sitenote_active":false,"_monsterinsights_sitenote_note":"","_monsterinsights_sitenote_category":0,"footnotes":""},"class_list":["post-19747","page","type-page","status-publish","hentry"],"acf":[],"yoast_head":"<!-- This site is optimized with the Yoast SEO plugin v27.1.1 - https:\/\/yoast.com\/product\/yoast-seo-wordpress\/ -->\n<title>Sapiens \u2013 Sessions of Improving Scientific Studies - XXIV SemeAd<\/title>\n<meta name=\"robots\" content=\"index, follow, max-snippet:-1, max-image-preview:large, max-video-preview:-1\" \/>\n<link rel=\"canonical\" href=\"https:\/\/semead.com.br\/24\/sapiens-sessoes-de-aprimoramento-de-estudos-cientificos\/\" \/>\n<meta property=\"og:locale\" content=\"pt_BR\" \/>\n<meta property=\"og:type\" content=\"article\" \/>\n<meta property=\"og:title\" content=\"Sapiens \u2013 Sessions of Improving Scientific Studies - XXIV SemeAd\" \/>\n<meta property=\"og:description\" content=\"Sapiens is a workshop focused on improving articles by means of a discussion (at a round table) between authors and researchers experienced in the scientific areas of SemeAd. The aim of Sapiens is to use senior researchers\u2019 experience to better direct and improve submitted papers, so that these can be sent to high impact national...\" \/>\n<meta property=\"og:url\" content=\"https:\/\/semead.com.br\/24\/sapiens-sessoes-de-aprimoramento-de-estudos-cientificos\/?lang=en\" \/>\n<meta property=\"og:site_name\" content=\"XXIV SemeAd\" \/>\n<meta property=\"article:modified_time\" content=\"2021-06-15T16:15:13+00:00\" \/>\n<meta name=\"twitter:card\" content=\"summary_large_image\" \/>\n<meta name=\"twitter:label1\" content=\"Est. tempo de leitura\" \/>\n\t<meta name=\"twitter:data1\" content=\"2 minutos\" \/>\n<script type=\"application\/ld+json\" class=\"yoast-schema-graph\">{\"@context\":\"https:\/\/schema.org\",\"@graph\":[{\"@type\":\"WebPage\",\"@id\":\"https:\/\/semead.com.br\/24\/sapiens-sessoes-de-aprimoramento-de-estudos-cientificos\/?lang=en\",\"url\":\"https:\/\/semead.com.br\/24\/sapiens-sessoes-de-aprimoramento-de-estudos-cientificos\/?lang=en\",\"name\":\"Sapiens \u2013 Sessions of Improving Scientific Studies - XXIV SemeAd\",\"isPartOf\":{\"@id\":\"https:\/\/semead.com.br\/24\/?lang=es\/#website\"},\"datePublished\":\"2021-06-15T16:11:33+00:00\",\"dateModified\":\"2021-06-15T16:15:13+00:00\",\"breadcrumb\":{\"@id\":\"https:\/\/semead.com.br\/24\/sapiens-sessoes-de-aprimoramento-de-estudos-cientificos\/?lang=en#breadcrumb\"},\"inLanguage\":\"pt-BR\",\"potentialAction\":[{\"@type\":\"ReadAction\",\"target\":[\"https:\/\/semead.com.br\/24\/sapiens-sessoes-de-aprimoramento-de-estudos-cientificos\/?lang=en\"]}]},{\"@type\":\"BreadcrumbList\",\"@id\":\"https:\/\/semead.com.br\/24\/sapiens-sessoes-de-aprimoramento-de-estudos-cientificos\/?lang=en#breadcrumb\",\"itemListElement\":[{\"@type\":\"ListItem\",\"position\":1,\"name\":\"In\u00edcio\",\"item\":\"https:\/\/semead.com.br\/24\/\"},{\"@type\":\"ListItem\",\"position\":2,\"name\":\"Sapiens \u2013 Sessions of Improving Scientific Studies\"}]},{\"@type\":\"WebSite\",\"@id\":\"https:\/\/semead.com.br\/24\/?lang=es\/#website\",\"url\":\"https:\/\/semead.com.br\/24\/?lang=es\/\",\"name\":\"XXIV SemeAd\",\"description\":\"Semin\u00e1rios em Administra\u00e7\u00e3o\",\"potentialAction\":[{\"@type\":\"SearchAction\",\"target\":{\"@type\":\"EntryPoint\",\"urlTemplate\":\"https:\/\/semead.com.br\/24\/?lang=es\/?s={search_term_string}\"},\"query-input\":{\"@type\":\"PropertyValueSpecification\",\"valueRequired\":true,\"valueName\":\"search_term_string\"}}],\"inLanguage\":\"pt-BR\"}]}<\/script>\n<!-- \/ Yoast SEO plugin. -->","yoast_head_json":{"title":"Sapiens \u2013 Sessions of Improving Scientific Studies - XXIV SemeAd","robots":{"index":"index","follow":"follow","max-snippet":"max-snippet:-1","max-image-preview":"max-image-preview:large","max-video-preview":"max-video-preview:-1"},"canonical":"https:\/\/semead.com.br\/24\/sapiens-sessoes-de-aprimoramento-de-estudos-cientificos\/","og_locale":"pt_BR","og_type":"article","og_title":"Sapiens \u2013 Sessions of Improving Scientific Studies - XXIV SemeAd","og_description":"Sapiens is a workshop focused on improving articles by means of a discussion (at a round table) between authors and researchers experienced in the scientific areas of SemeAd. The aim of Sapiens is to use senior researchers\u2019 experience to better direct and improve submitted papers, so that these can be sent to high impact national...","og_url":"https:\/\/semead.com.br\/24\/sapiens-sessoes-de-aprimoramento-de-estudos-cientificos\/?lang=en","og_site_name":"XXIV SemeAd","article_modified_time":"2021-06-15T16:15:13+00:00","twitter_card":"summary_large_image","twitter_misc":{"Est. tempo de leitura":"2 minutos"},"schema":{"@context":"https:\/\/schema.org","@graph":[{"@type":"WebPage","@id":"https:\/\/semead.com.br\/24\/sapiens-sessoes-de-aprimoramento-de-estudos-cientificos\/?lang=en","url":"https:\/\/semead.com.br\/24\/sapiens-sessoes-de-aprimoramento-de-estudos-cientificos\/?lang=en","name":"Sapiens \u2013 Sessions of Improving Scientific Studies - XXIV SemeAd","isPartOf":{"@id":"https:\/\/semead.com.br\/24\/?lang=es\/#website"},"datePublished":"2021-06-15T16:11:33+00:00","dateModified":"2021-06-15T16:15:13+00:00","breadcrumb":{"@id":"https:\/\/semead.com.br\/24\/sapiens-sessoes-de-aprimoramento-de-estudos-cientificos\/?lang=en#breadcrumb"},"inLanguage":"pt-BR","potentialAction":[{"@type":"ReadAction","target":["https:\/\/semead.com.br\/24\/sapiens-sessoes-de-aprimoramento-de-estudos-cientificos\/?lang=en"]}]},{"@type":"BreadcrumbList","@id":"https:\/\/semead.com.br\/24\/sapiens-sessoes-de-aprimoramento-de-estudos-cientificos\/?lang=en#breadcrumb","itemListElement":[{"@type":"ListItem","position":1,"name":"In\u00edcio","item":"https:\/\/semead.com.br\/24\/"},{"@type":"ListItem","position":2,"name":"Sapiens \u2013 Sessions of Improving Scientific Studies"}]},{"@type":"WebSite","@id":"https:\/\/semead.com.br\/24\/?lang=es\/#website","url":"https:\/\/semead.com.br\/24\/?lang=es\/","name":"XXIV SemeAd","description":"Semin\u00e1rios em Administra\u00e7\u00e3o","potentialAction":[{"@type":"SearchAction","target":{"@type":"EntryPoint","urlTemplate":"https:\/\/semead.com.br\/24\/?lang=es\/?s={search_term_string}"},"query-input":{"@type":"PropertyValueSpecification","valueRequired":true,"valueName":"search_term_string"}}],"inLanguage":"pt-BR"}]}},"_links":{"self":[{"href":"https:\/\/semead.com.br\/24\/wp-json\/wp\/v2\/pages\/19747","targetHints":{"allow":["GET"]}}],"collection":[{"href":"https:\/\/semead.com.br\/24\/wp-json\/wp\/v2\/pages"}],"about":[{"href":"https:\/\/semead.com.br\/24\/wp-json\/wp\/v2\/types\/page"}],"author":[{"embeddable":true,"href":"https:\/\/semead.com.br\/24\/wp-json\/wp\/v2\/users\/8"}],"replies":[{"embeddable":true,"href":"https:\/\/semead.com.br\/24\/wp-json\/wp\/v2\/comments?post=19747"}],"version-history":[{"count":0,"href":"https:\/\/semead.com.br\/24\/wp-json\/wp\/v2\/pages\/19747\/revisions"}],"wp:attachment":[{"href":"https:\/\/semead.com.br\/24\/wp-json\/wp\/v2\/media?parent=19747"}],"curies":[{"name":"wp","href":"https:\/\/api.w.org\/{rel}","templated":true}]}}