{"id":19797,"date":"2021-06-15T15:39:05","date_gmt":"2021-06-15T18:39:05","guid":{"rendered":"https:\/\/semead.com.br\/24\/?page_id=19797"},"modified":"2021-06-15T15:39:37","modified_gmt":"2021-06-15T18:39:37","slug":"evento","status":"publish","type":"page","link":"https:\/\/semead.com.br\/24\/evento\/?lang=en","title":{"rendered":"Event"},"content":{"rendered":"\n<p>SemeAd \u2013 Seminars in Administration of the School of Economics, Business, and Accounting of the University of S\u00e3o Paulo is an annual scientific event that plays an important role in the exchange and discussion of the scientific-technological production developed in the area of Administration in Brazil and abroad.<\/p>\n<p>Since its creation in 1996, the event has undergone a process of development and maturation and is nowadays considered to be one of the most important in the area of Administration. The research submitted to the event is evaluated via the double blind review system. Approved papers are published in the annals of the event and divulged on its website. The best papers are awarded and recommended for fast track participation in more than 65 journals participating in SemeAd, four of which are international.<\/p>\n<p>In the last edition, in 2020, SemeAd presented its online version for the first time. It achieved a total of 2,235 article submissions and enjoyed the participation of more than 1,900 authors and conference members \u2013 a record in relation to previous editions.<\/p>\n<p>This year\u2019s edition will take place in November of 2021 and will be even better than the previous year\u2019s. In this edition, the event will include the following activities: scientific sessions with presentation of articles, technological reports, and teaching cases, as well as Sapiens sessions for improving scientific studies, methodological workshops and minicourses, and other activities.<\/p>\n<p>Considering all of this, can you afford to miss SemeAd 2021?<\/p>\n","protected":false},"excerpt":{"rendered":"<p>SemeAd \u2013 Seminars in Administration of the School of Economics, Business, and Accounting of the University of S\u00e3o Paulo is an annual scientific event that plays an important role in the exchange and discussion of the scientific-technological production developed in the area of Administration in Brazil and abroad. Since its creation in 1996, the event&#8230;<\/p>\n","protected":false},"author":8,"featured_media":0,"parent":0,"menu_order":0,"comment_status":"closed","ping_status":"open","template":"","meta":{"_acf_changed":false,"_monsterinsights_skip_tracking":false,"_monsterinsights_sitenote_active":false,"_monsterinsights_sitenote_note":"","_monsterinsights_sitenote_category":0,"footnotes":""},"class_list":["post-19797","page","type-page","status-publish","hentry"],"acf":[],"yoast_head":"<!-- This site is optimized with the Yoast SEO plugin v27.1.1 - https:\/\/yoast.com\/product\/yoast-seo-wordpress\/ -->\n<title>Event - XXIV SemeAd<\/title>\n<meta name=\"robots\" content=\"index, follow, max-snippet:-1, max-image-preview:large, max-video-preview:-1\" \/>\n<link rel=\"canonical\" href=\"https:\/\/semead.com.br\/24\/evento\/\" \/>\n<meta property=\"og:locale\" content=\"pt_BR\" \/>\n<meta property=\"og:type\" content=\"article\" \/>\n<meta property=\"og:title\" content=\"Event - XXIV SemeAd\" \/>\n<meta property=\"og:description\" content=\"SemeAd \u2013 Seminars in Administration of the School of Economics, Business, and Accounting of the University of S\u00e3o Paulo is an annual scientific event that plays an important role in the exchange and discussion of the scientific-technological production developed in the area of Administration in Brazil and abroad. Since its creation in 1996, the event...\" \/>\n<meta property=\"og:url\" content=\"https:\/\/semead.com.br\/24\/evento\/?lang=en\" \/>\n<meta property=\"og:site_name\" content=\"XXIV SemeAd\" \/>\n<meta property=\"article:modified_time\" content=\"2021-06-15T18:39:37+00:00\" \/>\n<meta name=\"twitter:card\" content=\"summary_large_image\" \/>\n<meta name=\"twitter:label1\" content=\"Est. tempo de leitura\" \/>\n\t<meta name=\"twitter:data1\" content=\"2 minutos\" \/>\n<script type=\"application\/ld+json\" class=\"yoast-schema-graph\">{\"@context\":\"https:\/\/schema.org\",\"@graph\":[{\"@type\":\"WebPage\",\"@id\":\"https:\/\/semead.com.br\/24\/evento\/?lang=en\",\"url\":\"https:\/\/semead.com.br\/24\/evento\/?lang=en\",\"name\":\"Event - XXIV SemeAd\",\"isPartOf\":{\"@id\":\"https:\/\/semead.com.br\/24\/?lang=es\/#website\"},\"datePublished\":\"2021-06-15T18:39:05+00:00\",\"dateModified\":\"2021-06-15T18:39:37+00:00\",\"breadcrumb\":{\"@id\":\"https:\/\/semead.com.br\/24\/evento\/?lang=en#breadcrumb\"},\"inLanguage\":\"pt-BR\",\"potentialAction\":[{\"@type\":\"ReadAction\",\"target\":[\"https:\/\/semead.com.br\/24\/evento\/?lang=en\"]}]},{\"@type\":\"BreadcrumbList\",\"@id\":\"https:\/\/semead.com.br\/24\/evento\/?lang=en#breadcrumb\",\"itemListElement\":[{\"@type\":\"ListItem\",\"position\":1,\"name\":\"In\u00edcio\",\"item\":\"https:\/\/semead.com.br\/24\/\"},{\"@type\":\"ListItem\",\"position\":2,\"name\":\"Event\"}]},{\"@type\":\"WebSite\",\"@id\":\"https:\/\/semead.com.br\/24\/?lang=es\/#website\",\"url\":\"https:\/\/semead.com.br\/24\/?lang=es\/\",\"name\":\"XXIV SemeAd\",\"description\":\"Semin\u00e1rios em Administra\u00e7\u00e3o\",\"potentialAction\":[{\"@type\":\"SearchAction\",\"target\":{\"@type\":\"EntryPoint\",\"urlTemplate\":\"https:\/\/semead.com.br\/24\/?lang=es\/?s={search_term_string}\"},\"query-input\":{\"@type\":\"PropertyValueSpecification\",\"valueRequired\":true,\"valueName\":\"search_term_string\"}}],\"inLanguage\":\"pt-BR\"}]}<\/script>\n<!-- \/ Yoast SEO plugin. -->","yoast_head_json":{"title":"Event - XXIV SemeAd","robots":{"index":"index","follow":"follow","max-snippet":"max-snippet:-1","max-image-preview":"max-image-preview:large","max-video-preview":"max-video-preview:-1"},"canonical":"https:\/\/semead.com.br\/24\/evento\/","og_locale":"pt_BR","og_type":"article","og_title":"Event - XXIV SemeAd","og_description":"SemeAd \u2013 Seminars in Administration of the School of Economics, Business, and Accounting of the University of S\u00e3o Paulo is an annual scientific event that plays an important role in the exchange and discussion of the scientific-technological production developed in the area of Administration in Brazil and abroad. Since its creation in 1996, the event...","og_url":"https:\/\/semead.com.br\/24\/evento\/?lang=en","og_site_name":"XXIV SemeAd","article_modified_time":"2021-06-15T18:39:37+00:00","twitter_card":"summary_large_image","twitter_misc":{"Est. tempo de leitura":"2 minutos"},"schema":{"@context":"https:\/\/schema.org","@graph":[{"@type":"WebPage","@id":"https:\/\/semead.com.br\/24\/evento\/?lang=en","url":"https:\/\/semead.com.br\/24\/evento\/?lang=en","name":"Event - XXIV SemeAd","isPartOf":{"@id":"https:\/\/semead.com.br\/24\/?lang=es\/#website"},"datePublished":"2021-06-15T18:39:05+00:00","dateModified":"2021-06-15T18:39:37+00:00","breadcrumb":{"@id":"https:\/\/semead.com.br\/24\/evento\/?lang=en#breadcrumb"},"inLanguage":"pt-BR","potentialAction":[{"@type":"ReadAction","target":["https:\/\/semead.com.br\/24\/evento\/?lang=en"]}]},{"@type":"BreadcrumbList","@id":"https:\/\/semead.com.br\/24\/evento\/?lang=en#breadcrumb","itemListElement":[{"@type":"ListItem","position":1,"name":"In\u00edcio","item":"https:\/\/semead.com.br\/24\/"},{"@type":"ListItem","position":2,"name":"Event"}]},{"@type":"WebSite","@id":"https:\/\/semead.com.br\/24\/?lang=es\/#website","url":"https:\/\/semead.com.br\/24\/?lang=es\/","name":"XXIV SemeAd","description":"Semin\u00e1rios em Administra\u00e7\u00e3o","potentialAction":[{"@type":"SearchAction","target":{"@type":"EntryPoint","urlTemplate":"https:\/\/semead.com.br\/24\/?lang=es\/?s={search_term_string}"},"query-input":{"@type":"PropertyValueSpecification","valueRequired":true,"valueName":"search_term_string"}}],"inLanguage":"pt-BR"}]}},"_links":{"self":[{"href":"https:\/\/semead.com.br\/24\/wp-json\/wp\/v2\/pages\/19797","targetHints":{"allow":["GET"]}}],"collection":[{"href":"https:\/\/semead.com.br\/24\/wp-json\/wp\/v2\/pages"}],"about":[{"href":"https:\/\/semead.com.br\/24\/wp-json\/wp\/v2\/types\/page"}],"author":[{"embeddable":true,"href":"https:\/\/semead.com.br\/24\/wp-json\/wp\/v2\/users\/8"}],"replies":[{"embeddable":true,"href":"https:\/\/semead.com.br\/24\/wp-json\/wp\/v2\/comments?post=19797"}],"version-history":[{"count":0,"href":"https:\/\/semead.com.br\/24\/wp-json\/wp\/v2\/pages\/19797\/revisions"}],"wp:attachment":[{"href":"https:\/\/semead.com.br\/24\/wp-json\/wp\/v2\/media?parent=19797"}],"curies":[{"name":"wp","href":"https:\/\/api.w.org\/{rel}","templated":true}]}}