{"id":19833,"date":"2021-06-15T21:53:05","date_gmt":"2021-06-16T00:53:05","guid":{"rendered":"https:\/\/semead.com.br\/24\/?page_id=19833"},"modified":"2021-07-08T16:15:00","modified_gmt":"2021-07-08T19:15:00","slug":"special-issues","status":"publish","type":"page","link":"https:\/\/semead.com.br\/24\/areas\/special-issues\/","title":{"rendered":"Special Issues"},"content":{"rendered":"\n<p class=\"has-text-align-center\"><strong>ATTENTION<\/strong><\/p>\n\n\n\n<p>This new Area of submissions, called &#8220;Special Issues,&#8221; and its respective tracks at SemeAd are partnerships with journals indexed in Scopus or Web of Science.<\/p>\n\n\n\n<p>The submitted papers in these tracks will go through the regular review process at SemeAd. Among the approved papers, some will be selected by the journals for a Fast-Track process. The articles approved in Fast-Track after the conference should be submitted to the journal&#8217;s platform.<\/p>\n\n\n\n<p><strong>Papers submitted for the Special Issues must be in English. The presentations of these papers will be in English as well.<\/strong><\/p>\n","protected":false},"excerpt":{"rendered":"<p>ATTENTION This new Area of submissions, called &#8220;Special Issues,&#8221; and its respective tracks at SemeAd are partnerships with journals indexed in Scopus or Web of Science. The submitted papers in these tracks will go through the regular review process at SemeAd. Among the approved papers, some will be selected by the journals for a Fast-Track&#8230;<\/p>\n","protected":false},"author":4,"featured_media":0,"parent":12676,"menu_order":4,"comment_status":"open","ping_status":"closed","template":"temas.php","meta":{"_acf_changed":false,"_monsterinsights_skip_tracking":false,"_monsterinsights_sitenote_active":false,"_monsterinsights_sitenote_note":"","_monsterinsights_sitenote_category":0,"footnotes":""},"class_list":["post-19833","page","type-page","status-publish","hentry"],"acf":[],"yoast_head":"<!-- This site is optimized with the Yoast SEO plugin v27.1.1 - https:\/\/yoast.com\/product\/yoast-seo-wordpress\/ -->\n<title>Special Issues - XXIV SemeAd<\/title>\n<meta name=\"robots\" content=\"index, follow, max-snippet:-1, max-image-preview:large, max-video-preview:-1\" \/>\n<link rel=\"canonical\" href=\"https:\/\/semead.com.br\/24\/areas\/special-issues\/\" \/>\n<meta property=\"og:locale\" content=\"pt_BR\" \/>\n<meta property=\"og:type\" content=\"article\" \/>\n<meta property=\"og:title\" content=\"Special Issues - XXIV SemeAd\" \/>\n<meta property=\"og:description\" content=\"ATTENTION This new Area of submissions, called &#8220;Special Issues,&#8221; and its respective tracks at SemeAd are partnerships with journals indexed in Scopus or Web of Science. The submitted papers in these tracks will go through the regular review process at SemeAd. Among the approved papers, some will be selected by the journals for a Fast-Track...\" \/>\n<meta property=\"og:url\" content=\"https:\/\/semead.com.br\/24\/areas\/special-issues\/\" \/>\n<meta property=\"og:site_name\" content=\"XXIV SemeAd\" \/>\n<meta property=\"article:modified_time\" content=\"2021-07-08T19:15:00+00:00\" \/>\n<meta name=\"twitter:card\" content=\"summary_large_image\" \/>\n<meta name=\"twitter:label1\" content=\"Est. tempo de leitura\" \/>\n\t<meta name=\"twitter:data1\" content=\"1 minuto\" \/>\n<script type=\"application\/ld+json\" class=\"yoast-schema-graph\">{\"@context\":\"https:\/\/schema.org\",\"@graph\":[{\"@type\":\"WebPage\",\"@id\":\"https:\/\/semead.com.br\/24\/areas\/special-issues\/\",\"url\":\"https:\/\/semead.com.br\/24\/areas\/special-issues\/\",\"name\":\"Special Issues - XXIV SemeAd\",\"isPartOf\":{\"@id\":\"https:\/\/semead.com.br\/24\/?lang=es\/#website\"},\"datePublished\":\"2021-06-16T00:53:05+00:00\",\"dateModified\":\"2021-07-08T19:15:00+00:00\",\"breadcrumb\":{\"@id\":\"https:\/\/semead.com.br\/24\/areas\/special-issues\/#breadcrumb\"},\"inLanguage\":\"pt-BR\",\"potentialAction\":[{\"@type\":\"ReadAction\",\"target\":[\"https:\/\/semead.com.br\/24\/areas\/special-issues\/\"]}]},{\"@type\":\"BreadcrumbList\",\"@id\":\"https:\/\/semead.com.br\/24\/areas\/special-issues\/#breadcrumb\",\"itemListElement\":[{\"@type\":\"ListItem\",\"position\":1,\"name\":\"In\u00edcio\",\"item\":\"https:\/\/semead.com.br\/24\/\"},{\"@type\":\"ListItem\",\"position\":2,\"name\":\"\u00c1reas\",\"item\":\"https:\/\/semead.com.br\/24\/areas\/\"},{\"@type\":\"ListItem\",\"position\":3,\"name\":\"Special Issues\"}]},{\"@type\":\"WebSite\",\"@id\":\"https:\/\/semead.com.br\/24\/?lang=es\/#website\",\"url\":\"https:\/\/semead.com.br\/24\/?lang=es\/\",\"name\":\"XXIV SemeAd\",\"description\":\"Semin\u00e1rios em Administra\u00e7\u00e3o\",\"potentialAction\":[{\"@type\":\"SearchAction\",\"target\":{\"@type\":\"EntryPoint\",\"urlTemplate\":\"https:\/\/semead.com.br\/24\/?lang=es\/?s={search_term_string}\"},\"query-input\":{\"@type\":\"PropertyValueSpecification\",\"valueRequired\":true,\"valueName\":\"search_term_string\"}}],\"inLanguage\":\"pt-BR\"}]}<\/script>\n<!-- \/ Yoast SEO plugin. -->","yoast_head_json":{"title":"Special Issues - XXIV SemeAd","robots":{"index":"index","follow":"follow","max-snippet":"max-snippet:-1","max-image-preview":"max-image-preview:large","max-video-preview":"max-video-preview:-1"},"canonical":"https:\/\/semead.com.br\/24\/areas\/special-issues\/","og_locale":"pt_BR","og_type":"article","og_title":"Special Issues - XXIV SemeAd","og_description":"ATTENTION This new Area of submissions, called &#8220;Special Issues,&#8221; and its respective tracks at SemeAd are partnerships with journals indexed in Scopus or Web of Science. The submitted papers in these tracks will go through the regular review process at SemeAd. Among the approved papers, some will be selected by the journals for a Fast-Track...","og_url":"https:\/\/semead.com.br\/24\/areas\/special-issues\/","og_site_name":"XXIV SemeAd","article_modified_time":"2021-07-08T19:15:00+00:00","twitter_card":"summary_large_image","twitter_misc":{"Est. tempo de leitura":"1 minuto"},"schema":{"@context":"https:\/\/schema.org","@graph":[{"@type":"WebPage","@id":"https:\/\/semead.com.br\/24\/areas\/special-issues\/","url":"https:\/\/semead.com.br\/24\/areas\/special-issues\/","name":"Special Issues - XXIV SemeAd","isPartOf":{"@id":"https:\/\/semead.com.br\/24\/?lang=es\/#website"},"datePublished":"2021-06-16T00:53:05+00:00","dateModified":"2021-07-08T19:15:00+00:00","breadcrumb":{"@id":"https:\/\/semead.com.br\/24\/areas\/special-issues\/#breadcrumb"},"inLanguage":"pt-BR","potentialAction":[{"@type":"ReadAction","target":["https:\/\/semead.com.br\/24\/areas\/special-issues\/"]}]},{"@type":"BreadcrumbList","@id":"https:\/\/semead.com.br\/24\/areas\/special-issues\/#breadcrumb","itemListElement":[{"@type":"ListItem","position":1,"name":"In\u00edcio","item":"https:\/\/semead.com.br\/24\/"},{"@type":"ListItem","position":2,"name":"\u00c1reas","item":"https:\/\/semead.com.br\/24\/areas\/"},{"@type":"ListItem","position":3,"name":"Special Issues"}]},{"@type":"WebSite","@id":"https:\/\/semead.com.br\/24\/?lang=es\/#website","url":"https:\/\/semead.com.br\/24\/?lang=es\/","name":"XXIV SemeAd","description":"Semin\u00e1rios em Administra\u00e7\u00e3o","potentialAction":[{"@type":"SearchAction","target":{"@type":"EntryPoint","urlTemplate":"https:\/\/semead.com.br\/24\/?lang=es\/?s={search_term_string}"},"query-input":{"@type":"PropertyValueSpecification","valueRequired":true,"valueName":"search_term_string"}}],"inLanguage":"pt-BR"}]}},"_links":{"self":[{"href":"https:\/\/semead.com.br\/24\/wp-json\/wp\/v2\/pages\/19833","targetHints":{"allow":["GET"]}}],"collection":[{"href":"https:\/\/semead.com.br\/24\/wp-json\/wp\/v2\/pages"}],"about":[{"href":"https:\/\/semead.com.br\/24\/wp-json\/wp\/v2\/types\/page"}],"author":[{"embeddable":true,"href":"https:\/\/semead.com.br\/24\/wp-json\/wp\/v2\/users\/4"}],"replies":[{"embeddable":true,"href":"https:\/\/semead.com.br\/24\/wp-json\/wp\/v2\/comments?post=19833"}],"version-history":[{"count":0,"href":"https:\/\/semead.com.br\/24\/wp-json\/wp\/v2\/pages\/19833\/revisions"}],"up":[{"embeddable":true,"href":"https:\/\/semead.com.br\/24\/wp-json\/wp\/v2\/pages\/12676"}],"wp:attachment":[{"href":"https:\/\/semead.com.br\/24\/wp-json\/wp\/v2\/media?parent=19833"}],"curies":[{"name":"wp","href":"https:\/\/api.w.org\/{rel}","templated":true}]}}