{"id":19860,"date":"2021-06-16T21:17:39","date_gmt":"2021-06-17T00:17:39","guid":{"rendered":"https:\/\/semead.com.br\/24\/?page_id=19860"},"modified":"2021-08-30T11:16:58","modified_gmt":"2021-08-30T14:16:58","slug":"organizers","status":"publish","type":"page","link":"https:\/\/semead.com.br\/24\/organizers\/?lang=en","title":{"rendered":"Organizers"},"content":{"rendered":"\t\t<div data-elementor-type=\"wp-page\" data-elementor-id=\"19860\" class=\"elementor elementor-19860\">\n\t\t\t\t\t\t<section class=\"elementor-section elementor-top-section elementor-element elementor-element-203c943 elementor-section-boxed elementor-section-height-default elementor-section-height-default\" data-id=\"203c943\" data-element_type=\"section\" data-e-type=\"section\">\n\t\t\t\t\t\t<div class=\"elementor-container elementor-column-gap-default\">\n\t\t\t\t\t<div class=\"elementor-column elementor-col-100 elementor-top-column elementor-element elementor-element-9d486e3\" data-id=\"9d486e3\" data-element_type=\"column\" data-e-type=\"column\">\n\t\t\t<div class=\"elementor-widget-wrap elementor-element-populated\">\n\t\t\t\t\t\t<div class=\"elementor-element elementor-element-66fa9fb elementor-widget elementor-widget-text-editor\" data-id=\"66fa9fb\" data-element_type=\"widget\" data-e-type=\"widget\" data-widget_type=\"text-editor.default\">\n\t\t\t\t<div class=\"elementor-widget-container\">\n\t\t\t\t\t\t\t\t\t<h2>University of S\u00e3o Paulo &#8211; USP<\/h2><p>Prof. Dr. Vahan Agopyan<br \/><em>Dean of the University of S\u00e3o Paulo<\/em><\/p><h2>School of Economics and Business &#8211; FEA USP<\/h2><p>Prof. Dr.\u00a0F\u00e1bio Frezatti<br \/><em>Director of the School of Economics and Business<\/em><\/p><p>Prof. Dr. Moacir de Miranda Oliveira J\u00fanior<br \/><em>Head of the Business Department<\/em><\/p><p>Prof. Dr. Eduardo Kazuo Kayo<br \/><em>Coordinator of Postgraduate Program in Business<\/em><\/p>\t\t\t\t\t\t\t\t<\/div>\n\t\t\t\t<\/div>\n\t\t\t\t<div class=\"elementor-element elementor-element-d0b9940 elementor-widget elementor-widget-text-editor\" data-id=\"d0b9940\" data-element_type=\"widget\" data-e-type=\"widget\" data-widget_type=\"text-editor.default\">\n\t\t\t\t<div class=\"elementor-widget-container\">\n\t\t\t\t\t\t\t\t\t<h2>SemeAd Team<\/h2><p>Prof. Dr. Jo\u00e3o Maur\u00edcio Gama Boaventura<br \/><em>General Coordinator<\/em><\/p><p><em>Organizing Team<br \/><\/em>Eloisa Martins Alessio \u2013 Executive Tehcnical Secretary<br \/>Amanda de Paula Aguiar Barbosa \u2013 Academic Coordination<\/p><p>Jardel Augusto Gomes Rodrigues Alves &#8211; Suporte Academic Support in Postgraduation<br \/>J\u00falia Souza de Farias &#8211; Academic Support in Graduation<br \/>Thiago Silveira Ramalho &#8211; Coordinator of Volunteers<\/p>\t\t\t\t\t\t\t\t<\/div>\n\t\t\t\t<\/div>\n\t\t\t\t\t<\/div>\n\t\t<\/div>\n\t\t\t\t\t<\/div>\n\t\t<\/section>\n\t\t\t\t<section class=\"elementor-section elementor-top-section elementor-element elementor-element-9fdb06c elementor-section-boxed elementor-section-height-default elementor-section-height-default\" data-id=\"9fdb06c\" data-element_type=\"section\" data-e-type=\"section\">\n\t\t\t\t\t\t<div class=\"elementor-container elementor-column-gap-default\">\n\t\t\t\t\t<div class=\"elementor-column elementor-col-20 elementor-top-column elementor-element elementor-element-d53a1b2\" data-id=\"d53a1b2\" data-element_type=\"column\" data-e-type=\"column\">\n\t\t\t<div class=\"elementor-widget-wrap elementor-element-populated\">\n\t\t\t\t\t\t<div class=\"elementor-element elementor-element-4f1ffa7 elementor-widget elementor-widget-text-editor\" data-id=\"4f1ffa7\" data-element_type=\"widget\" data-e-type=\"widget\" data-widget_type=\"text-editor.default\">\n\t\t\t\t<div class=\"elementor-widget-container\">\n\t\t\t\t\t\t\t\t\t<p><strong>Doctoral Consortium<\/strong><\/p><p>Felipe M. Borini, PhD<\/p>\t\t\t\t\t\t\t\t<\/div>\n\t\t\t\t<\/div>\n\t\t\t\t\t<\/div>\n\t\t<\/div>\n\t\t\t\t<div class=\"elementor-column elementor-col-20 elementor-top-column elementor-element elementor-element-b78df3f\" data-id=\"b78df3f\" data-element_type=\"column\" data-e-type=\"column\">\n\t\t\t<div class=\"elementor-widget-wrap elementor-element-populated\">\n\t\t\t\t\t\t<div class=\"elementor-element elementor-element-1740ad0 elementor-widget elementor-widget-text-editor\" data-id=\"1740ad0\" data-element_type=\"widget\" data-e-type=\"widget\" data-widget_type=\"text-editor.default\">\n\t\t\t\t<div class=\"elementor-widget-container\">\n\t\t\t\t\t\t\t\t\t<p><strong>Fast-Track and Special Issues<\/strong><\/p><p>Ricardo V. Dias Jord\u00e3o, PhD &amp; Luiz Guilherme Antunes, Msc<\/p>\t\t\t\t\t\t\t\t<\/div>\n\t\t\t\t<\/div>\n\t\t\t\t\t<\/div>\n\t\t<\/div>\n\t\t\t\t<div class=\"elementor-column elementor-col-20 elementor-top-column elementor-element elementor-element-d599256\" data-id=\"d599256\" data-element_type=\"column\" data-e-type=\"column\">\n\t\t\t<div class=\"elementor-widget-wrap elementor-element-populated\">\n\t\t\t\t\t\t<div class=\"elementor-element elementor-element-df9fd8e elementor-widget elementor-widget-text-editor\" data-id=\"df9fd8e\" data-element_type=\"widget\" data-e-type=\"widget\" data-widget_type=\"text-editor.default\">\n\t\t\t\t<div class=\"elementor-widget-container\">\n\t\t\t\t\t\t\t\t\t<p><strong>Impact Projects<\/strong><\/p><p>Graziela D. Alperstedt, PhD<\/p>\t\t\t\t\t\t\t\t<\/div>\n\t\t\t\t<\/div>\n\t\t\t\t\t<\/div>\n\t\t<\/div>\n\t\t\t\t<div class=\"elementor-column elementor-col-20 elementor-top-column elementor-element elementor-element-580b9e7\" data-id=\"580b9e7\" data-element_type=\"column\" data-e-type=\"column\">\n\t\t\t<div class=\"elementor-widget-wrap elementor-element-populated\">\n\t\t\t\t\t\t<div class=\"elementor-element elementor-element-263d97a elementor-widget elementor-widget-text-editor\" data-id=\"263d97a\" data-element_type=\"widget\" data-e-type=\"widget\" data-widget_type=\"text-editor.default\">\n\t\t\t\t<div class=\"elementor-widget-container\">\n\t\t\t\t\t\t\t\t\t<p><strong>SemeAD Connecta<\/strong><\/p><p>Adriana Backx, PhD &amp; Gabriela Troyano, Msc<\/p>\t\t\t\t\t\t\t\t<\/div>\n\t\t\t\t<\/div>\n\t\t\t\t\t<\/div>\n\t\t<\/div>\n\t\t\t\t<div class=\"elementor-column elementor-col-20 elementor-top-column elementor-element elementor-element-a0103a5\" data-id=\"a0103a5\" data-element_type=\"column\" data-e-type=\"column\">\n\t\t\t<div class=\"elementor-widget-wrap elementor-element-populated\">\n\t\t\t\t\t\t<div class=\"elementor-element elementor-element-bd803dc elementor-widget elementor-widget-text-editor\" data-id=\"bd803dc\" data-element_type=\"widget\" data-e-type=\"widget\" data-widget_type=\"text-editor.default\">\n\t\t\t\t<div class=\"elementor-widget-container\">\n\t\t\t\t\t\t\t\t\t<p><strong>Seminars on Preparing for a Doctorate<\/strong><\/p><p>Daielly M. N. Mantovani, PhD<\/p>\t\t\t\t\t\t\t\t<\/div>\n\t\t\t\t<\/div>\n\t\t\t\t\t<\/div>\n\t\t<\/div>\n\t\t\t\t\t<\/div>\n\t\t<\/section>\n\t\t\t\t<section class=\"elementor-section elementor-top-section elementor-element elementor-element-0b342ae elementor-section-boxed elementor-section-height-default elementor-section-height-default\" data-id=\"0b342ae\" data-element_type=\"section\" data-e-type=\"section\">\n\t\t\t\t\t\t<div class=\"elementor-container elementor-column-gap-default\">\n\t\t\t\t\t<div class=\"elementor-column elementor-col-100 elementor-top-column elementor-element elementor-element-cbb721f\" data-id=\"cbb721f\" data-element_type=\"column\" data-e-type=\"column\">\n\t\t\t<div class=\"elementor-widget-wrap elementor-element-populated\">\n\t\t\t\t\t\t<div class=\"elementor-element elementor-element-b014cf0 elementor-widget elementor-widget-text-editor\" data-id=\"b014cf0\" data-element_type=\"widget\" data-e-type=\"widget\" data-widget_type=\"text-editor.default\">\n\t\t\t\t<div class=\"elementor-widget-container\">\n\t\t\t\t\t\t\t\t\t<h2>Scientific Committee &#8211; Areas<\/h2>\t\t\t\t\t\t\t\t<\/div>\n\t\t\t\t<\/div>\n\t\t\t\t\t<\/div>\n\t\t<\/div>\n\t\t\t\t\t<\/div>\n\t\t<\/section>\n\t\t\t\t<section class=\"elementor-section elementor-top-section elementor-element elementor-element-63b0b1a elementor-section-boxed elementor-section-height-default elementor-section-height-default\" data-id=\"63b0b1a\" data-element_type=\"section\" data-e-type=\"section\">\n\t\t\t\t\t\t<div class=\"elementor-container elementor-column-gap-default\">\n\t\t\t\t\t<div class=\"elementor-column elementor-col-50 elementor-top-column elementor-element elementor-element-547e6c2\" data-id=\"547e6c2\" data-element_type=\"column\" data-e-type=\"column\">\n\t\t\t<div class=\"elementor-widget-wrap elementor-element-populated\">\n\t\t\t\t\t\t<div class=\"elementor-element elementor-element-2539dc2 elementor-widget elementor-widget-text-editor\" data-id=\"2539dc2\" data-element_type=\"widget\" data-e-type=\"widget\" data-widget_type=\"text-editor.default\">\n\t\t\t\t<div class=\"elementor-widget-container\">\n\t\t\t\t\t\t\t\t\t<p><strong>Public Administration<br \/><\/strong>Coordinators: Jos\u00e9 Carlos Vaz, PhD &amp; Alessandro Soares da Silva, PhD<\/p><p><strong>Agribusiness<br \/><\/strong>Coordinators: Maria Sylvia Saes, PhD &amp; Silvia Morales de Queiroz Caleman, PhD<\/p><p><strong>Entrepreneurship<br \/><\/strong>Coordinators: Tales Andreassi, PhD &amp; Eduardo Vilas Boas, PhD<\/p><p><strong>Teaching and Research<br \/><\/strong>Coordinator: Manolita Correia Lima, PhD<\/p><p><strong>Strategy in Organizations<br \/><\/strong>Coordinators: Benny Kramer Costa, PhD &amp; Simone Barakat, PhD<\/p><p><strong>Organizational Studies<br \/><\/strong>Coordinator: Maria Luisa Mendes Teixeira, PhD<\/p><p><strong>Finances<br \/><\/strong>Coordinator: Elizabeth Krauter, PhD<\/p><p><strong>Inovation Management<br \/><\/strong>Coordinators: Guilherme Ary Plonski, PhD &amp; Carlos Augusto Vargas, PhD<\/p>\t\t\t\t\t\t\t\t<\/div>\n\t\t\t\t<\/div>\n\t\t\t\t\t<\/div>\n\t\t<\/div>\n\t\t\t\t<div class=\"elementor-column elementor-col-50 elementor-top-column elementor-element elementor-element-2fc5f4b\" data-id=\"2fc5f4b\" data-element_type=\"column\" data-e-type=\"column\">\n\t\t\t<div class=\"elementor-widget-wrap elementor-element-populated\">\n\t\t\t\t\t\t<div class=\"elementor-element elementor-element-41e6e7b elementor-widget elementor-widget-text-editor\" data-id=\"41e6e7b\" data-element_type=\"widget\" data-e-type=\"widget\" data-widget_type=\"text-editor.default\">\n\t\t\t\t<div class=\"elementor-widget-container\">\n\t\t\t\t\t\t\t\t\t<p><strong>People Management<br \/><\/strong>Coordinator: Heliani Berlato dos Santos, PhD<\/p><p><strong>Socioenvironmental Management<br \/><\/strong>Coordinator: Flavio Hourneaux J\u00fanior, PhD &amp; Clandia Maffini Gomes, PhD<\/p><p><strong>Marketing<br \/><\/strong>Coordinators: Guilherme Farias Shiraishi, PhD &amp; Suzane Strelau, PhD<\/p><p><strong>Operations<br \/><\/strong>Coordinator: Alvair Silveira Torres J\u00fanior, PhD<\/p><p><strong>Information Technology<br \/><\/strong>Coordinator: Gilberto Perez, PhD<\/p><p><strong>Tourism and Hospitality<br \/><\/strong>Coordinator: Elizabeth Kyoko Wada, PhD<\/p><p><strong>Applied Articles<br \/><\/strong>Coordinator: Adilson Caldeira, PhD<\/p>\t\t\t\t\t\t\t\t<\/div>\n\t\t\t\t<\/div>\n\t\t\t\t\t<\/div>\n\t\t<\/div>\n\t\t\t\t\t<\/div>\n\t\t<\/section>\n\t\t\t\t<\/div>\n\t\t","protected":false},"excerpt":{"rendered":"<p>University of S\u00e3o Paulo &#8211; USP Prof. Dr. Vahan AgopyanDean of the University of S\u00e3o Paulo School of Economics and Business &#8211; FEA USP Prof. Dr.\u00a0F\u00e1bio FrezattiDirector of the School of Economics and Business Prof. Dr. Moacir de Miranda Oliveira J\u00faniorHead of the Business Department Prof. Dr. Eduardo Kazuo KayoCoordinator of Postgraduate Program in Business&#8230;<\/p>\n","protected":false},"author":4,"featured_media":0,"parent":0,"menu_order":0,"comment_status":"closed","ping_status":"open","template":"","meta":{"_acf_changed":false,"_monsterinsights_skip_tracking":false,"_monsterinsights_sitenote_active":false,"_monsterinsights_sitenote_note":"","_monsterinsights_sitenote_category":0,"footnotes":""},"class_list":["post-19860","page","type-page","status-publish","hentry"],"acf":[],"yoast_head":"<!-- This site is optimized with the Yoast SEO plugin v27.1.1 - https:\/\/yoast.com\/product\/yoast-seo-wordpress\/ -->\n<title>Organizers - XXIV SemeAd<\/title>\n<meta name=\"robots\" content=\"index, follow, max-snippet:-1, max-image-preview:large, max-video-preview:-1\" \/>\n<link rel=\"canonical\" href=\"https:\/\/semead.com.br\/24\/organizers\/\" \/>\n<meta property=\"og:locale\" content=\"pt_BR\" \/>\n<meta property=\"og:type\" content=\"article\" \/>\n<meta property=\"og:title\" content=\"Organizers - XXIV SemeAd\" \/>\n<meta property=\"og:description\" content=\"University of S\u00e3o Paulo &#8211; USP Prof. Dr. Vahan AgopyanDean of the University of S\u00e3o Paulo School of Economics and Business &#8211; FEA USP Prof. Dr.\u00a0F\u00e1bio FrezattiDirector of the School of Economics and Business Prof. Dr. Moacir de Miranda Oliveira J\u00faniorHead of the Business Department Prof. Dr. Eduardo Kazuo KayoCoordinator of Postgraduate Program in Business...\" \/>\n<meta property=\"og:url\" content=\"https:\/\/semead.com.br\/24\/organizers\/?lang=en\" \/>\n<meta property=\"og:site_name\" content=\"XXIV SemeAd\" \/>\n<meta property=\"article:modified_time\" content=\"2021-08-30T14:16:58+00:00\" \/>\n<meta name=\"twitter:card\" content=\"summary_large_image\" \/>\n<meta name=\"twitter:label1\" content=\"Est. tempo de leitura\" \/>\n\t<meta name=\"twitter:data1\" content=\"2 minutos\" \/>\n<script type=\"application\/ld+json\" class=\"yoast-schema-graph\">{\"@context\":\"https:\/\/schema.org\",\"@graph\":[{\"@type\":\"WebPage\",\"@id\":\"https:\/\/semead.com.br\/24\/organizers\/?lang=en\",\"url\":\"https:\/\/semead.com.br\/24\/organizers\/?lang=en\",\"name\":\"Organizers - XXIV SemeAd\",\"isPartOf\":{\"@id\":\"https:\/\/semead.com.br\/24\/?lang=es\/#website\"},\"datePublished\":\"2021-06-17T00:17:39+00:00\",\"dateModified\":\"2021-08-30T14:16:58+00:00\",\"breadcrumb\":{\"@id\":\"https:\/\/semead.com.br\/24\/organizers\/?lang=en#breadcrumb\"},\"inLanguage\":\"pt-BR\",\"potentialAction\":[{\"@type\":\"ReadAction\",\"target\":[\"https:\/\/semead.com.br\/24\/organizers\/?lang=en\"]}]},{\"@type\":\"BreadcrumbList\",\"@id\":\"https:\/\/semead.com.br\/24\/organizers\/?lang=en#breadcrumb\",\"itemListElement\":[{\"@type\":\"ListItem\",\"position\":1,\"name\":\"In\u00edcio\",\"item\":\"https:\/\/semead.com.br\/24\/\"},{\"@type\":\"ListItem\",\"position\":2,\"name\":\"Organizers\"}]},{\"@type\":\"WebSite\",\"@id\":\"https:\/\/semead.com.br\/24\/?lang=es\/#website\",\"url\":\"https:\/\/semead.com.br\/24\/?lang=es\/\",\"name\":\"XXIV SemeAd\",\"description\":\"Semin\u00e1rios em Administra\u00e7\u00e3o\",\"potentialAction\":[{\"@type\":\"SearchAction\",\"target\":{\"@type\":\"EntryPoint\",\"urlTemplate\":\"https:\/\/semead.com.br\/24\/?lang=es\/?s={search_term_string}\"},\"query-input\":{\"@type\":\"PropertyValueSpecification\",\"valueRequired\":true,\"valueName\":\"search_term_string\"}}],\"inLanguage\":\"pt-BR\"}]}<\/script>\n<!-- \/ Yoast SEO plugin. -->","yoast_head_json":{"title":"Organizers - XXIV SemeAd","robots":{"index":"index","follow":"follow","max-snippet":"max-snippet:-1","max-image-preview":"max-image-preview:large","max-video-preview":"max-video-preview:-1"},"canonical":"https:\/\/semead.com.br\/24\/organizers\/","og_locale":"pt_BR","og_type":"article","og_title":"Organizers - XXIV SemeAd","og_description":"University of S\u00e3o Paulo &#8211; USP Prof. Dr. Vahan AgopyanDean of the University of S\u00e3o Paulo School of Economics and Business &#8211; FEA USP Prof. Dr.\u00a0F\u00e1bio FrezattiDirector of the School of Economics and Business Prof. Dr. Moacir de Miranda Oliveira J\u00faniorHead of the Business Department Prof. Dr. Eduardo Kazuo KayoCoordinator of Postgraduate Program in Business...","og_url":"https:\/\/semead.com.br\/24\/organizers\/?lang=en","og_site_name":"XXIV SemeAd","article_modified_time":"2021-08-30T14:16:58+00:00","twitter_card":"summary_large_image","twitter_misc":{"Est. tempo de leitura":"2 minutos"},"schema":{"@context":"https:\/\/schema.org","@graph":[{"@type":"WebPage","@id":"https:\/\/semead.com.br\/24\/organizers\/?lang=en","url":"https:\/\/semead.com.br\/24\/organizers\/?lang=en","name":"Organizers - XXIV SemeAd","isPartOf":{"@id":"https:\/\/semead.com.br\/24\/?lang=es\/#website"},"datePublished":"2021-06-17T00:17:39+00:00","dateModified":"2021-08-30T14:16:58+00:00","breadcrumb":{"@id":"https:\/\/semead.com.br\/24\/organizers\/?lang=en#breadcrumb"},"inLanguage":"pt-BR","potentialAction":[{"@type":"ReadAction","target":["https:\/\/semead.com.br\/24\/organizers\/?lang=en"]}]},{"@type":"BreadcrumbList","@id":"https:\/\/semead.com.br\/24\/organizers\/?lang=en#breadcrumb","itemListElement":[{"@type":"ListItem","position":1,"name":"In\u00edcio","item":"https:\/\/semead.com.br\/24\/"},{"@type":"ListItem","position":2,"name":"Organizers"}]},{"@type":"WebSite","@id":"https:\/\/semead.com.br\/24\/?lang=es\/#website","url":"https:\/\/semead.com.br\/24\/?lang=es\/","name":"XXIV SemeAd","description":"Semin\u00e1rios em Administra\u00e7\u00e3o","potentialAction":[{"@type":"SearchAction","target":{"@type":"EntryPoint","urlTemplate":"https:\/\/semead.com.br\/24\/?lang=es\/?s={search_term_string}"},"query-input":{"@type":"PropertyValueSpecification","valueRequired":true,"valueName":"search_term_string"}}],"inLanguage":"pt-BR"}]}},"_links":{"self":[{"href":"https:\/\/semead.com.br\/24\/wp-json\/wp\/v2\/pages\/19860","targetHints":{"allow":["GET"]}}],"collection":[{"href":"https:\/\/semead.com.br\/24\/wp-json\/wp\/v2\/pages"}],"about":[{"href":"https:\/\/semead.com.br\/24\/wp-json\/wp\/v2\/types\/page"}],"author":[{"embeddable":true,"href":"https:\/\/semead.com.br\/24\/wp-json\/wp\/v2\/users\/4"}],"replies":[{"embeddable":true,"href":"https:\/\/semead.com.br\/24\/wp-json\/wp\/v2\/comments?post=19860"}],"version-history":[{"count":0,"href":"https:\/\/semead.com.br\/24\/wp-json\/wp\/v2\/pages\/19860\/revisions"}],"wp:attachment":[{"href":"https:\/\/semead.com.br\/24\/wp-json\/wp\/v2\/media?parent=19860"}],"curies":[{"name":"wp","href":"https:\/\/api.w.org\/{rel}","templated":true}]}}