{"id":20300,"date":"2021-06-20T21:11:13","date_gmt":"2021-06-21T00:11:13","guid":{"rendered":"https:\/\/semead.com.br\/24\/?page_id=20300"},"modified":"2021-06-20T21:14:18","modified_gmt":"2021-06-21T00:14:18","slug":"submission-process-on-fast-track-2","status":"publish","type":"page","link":"https:\/\/semead.com.br\/24\/submission-process-on-fast-track-2\/?lang=en","title":{"rendered":"Submission Process on Fast-Track"},"content":{"rendered":"\t\t<div data-elementor-type=\"wp-page\" data-elementor-id=\"20300\" class=\"elementor elementor-20300\">\n\t\t\t\t\t\t<section class=\"elementor-section elementor-top-section elementor-element elementor-element-26d408b elementor-section-boxed elementor-section-height-default elementor-section-height-default\" data-id=\"26d408b\" data-element_type=\"section\" data-e-type=\"section\">\n\t\t\t\t\t\t<div class=\"elementor-container elementor-column-gap-default\">\n\t\t\t\t\t<div class=\"elementor-column elementor-col-100 elementor-top-column elementor-element elementor-element-0440199\" data-id=\"0440199\" data-element_type=\"column\" data-e-type=\"column\">\n\t\t\t<div class=\"elementor-widget-wrap elementor-element-populated\">\n\t\t\t\t\t\t<div class=\"elementor-element elementor-element-b26c072 elementor-widget elementor-widget-image\" data-id=\"b26c072\" data-element_type=\"widget\" data-e-type=\"widget\" data-widget_type=\"image.default\">\n\t\t\t\t<div class=\"elementor-widget-container\">\n\t\t\t\t\t\t\t\t\t\t\t\t<figure class=\"wp-caption\">\n\t\t\t\t\t\t\t\t\t\t<img fetchpriority=\"high\" decoding=\"async\" width=\"819\" height=\"498\" src=\"https:\/\/semead.com.br\/24\/wp-content\/uploads\/sites\/13\/2021\/06\/Captura-de-Tela-2021-06-20-a\u0300s-20.57.09.png\" class=\"attachment-large size-large wp-image-20302\" alt=\"\" srcset=\"https:\/\/semead.com.br\/24\/wp-content\/uploads\/sites\/13\/2021\/06\/Captura-de-Tela-2021-06-20-a\u0300s-20.57.09.png 819w, https:\/\/semead.com.br\/24\/wp-content\/uploads\/sites\/13\/2021\/06\/Captura-de-Tela-2021-06-20-a\u0300s-20.57.09-300x182.png 300w\" sizes=\"(max-width: 819px) 100vw, 819px\" \/>\t\t\t\t\t\t\t\t\t\t\t<figcaption class=\"widget-image-caption wp-caption-text\">Path of Submissions<\/figcaption>\n\t\t\t\t\t\t\t\t\t\t<\/figure>\n\t\t\t\t\t\t\t\t\t<\/div>\n\t\t\t\t<\/div>\n\t\t\t\t\t<\/div>\n\t\t<\/div>\n\t\t\t\t\t<\/div>\n\t\t<\/section>\n\t\t\t\t<section class=\"elementor-section elementor-top-section elementor-element elementor-element-7d24cad elementor-section-boxed elementor-section-height-default elementor-section-height-default\" data-id=\"7d24cad\" data-element_type=\"section\" data-e-type=\"section\">\n\t\t\t\t\t\t<div class=\"elementor-container elementor-column-gap-default\">\n\t\t\t\t\t<div class=\"elementor-column elementor-col-100 elementor-top-column elementor-element elementor-element-9a73ce3\" data-id=\"9a73ce3\" data-element_type=\"column\" data-e-type=\"column\">\n\t\t\t<div class=\"elementor-widget-wrap elementor-element-populated\">\n\t\t\t\t\t\t<div class=\"elementor-element elementor-element-6b2ac11 elementor-widget elementor-widget-text-editor\" data-id=\"6b2ac11\" data-element_type=\"widget\" data-e-type=\"widget\" data-widget_type=\"text-editor.default\">\n\t\t\t\t<div class=\"elementor-widget-container\">\n\t\t\t\t\t\t\t\t\t<p><b><u>Important Informations:<\/u><\/b><\/p><ol><li>Authors agree that, by choosing their preferencial journals, they allow SemeAd to forward their articles for review by journal&#8217;s editors.<\/li><li>Each paper approved on Fast-Track will be nominated for <strong>only one journal <\/strong>(following the preferencial order).<\/li><li><strong>SemeAd does not guarantee any approval of the article in journals<\/strong>. Articles selected by Fast-Track and sent to journals will follow the normal blind-review evaluation, but without the desk-review step. <strong>Journals are responsible for the approval or disapproval of the article for publication<\/strong>.<\/li><li>Authors should check and follow the journal submission rules.<\/li><li>SemeAd is not responsible for any unforeseen events of any nature on the part of the journal. <\/li><li>Authors must inform editors, when submitting articles to journals, that their articles have been approved in SemeAd&#8217;s Fast-Track. This information must be included in the \u201cInformation to Editors\u201d field, any similar or eventually by e-mail to the editors.<\/li><li>Articles written in Portuguese must be translated into English. Following the rules of the journal (The Special Issues area will only accepts submissions in English).<\/li><li>We use the latest official classification from Qualis\/Capes, following the 2013-2016 Quadrennium (https:\/\/sucupira.capes.gov.br\/sucupira\/public\/consultas\/coleta\/veiculoPublicacaoQualis\/listaConsultaGeralPeriodicos.jsf)<\/li><\/ol>\t\t\t\t\t\t\t\t<\/div>\n\t\t\t\t<\/div>\n\t\t\t\t\t<\/div>\n\t\t<\/div>\n\t\t\t\t\t<\/div>\n\t\t<\/section>\n\t\t\t\t<\/div>\n\t\t","protected":false},"excerpt":{"rendered":"<p>Path of Submissions Important Informations: Authors agree that, by choosing their preferencial journals, they allow SemeAd to forward their articles for review by journal&#8217;s editors. Each paper approved on Fast-Track will be nominated for only one journal (following the preferencial order). SemeAd does not guarantee any approval of the article in journals. Articles selected by&#8230;<\/p>\n","protected":false},"author":4,"featured_media":0,"parent":0,"menu_order":4,"comment_status":"closed","ping_status":"closed","template":"","meta":{"_acf_changed":false,"_monsterinsights_skip_tracking":false,"_monsterinsights_sitenote_active":false,"_monsterinsights_sitenote_note":"","_monsterinsights_sitenote_category":0,"footnotes":""},"class_list":["post-20300","page","type-page","status-publish","hentry"],"acf":[],"yoast_head":"<!-- This site is optimized with the Yoast SEO plugin v27.1.1 - https:\/\/yoast.com\/product\/yoast-seo-wordpress\/ -->\n<title>Submission Process on Fast-Track - XXIV SemeAd<\/title>\n<meta name=\"robots\" content=\"index, follow, max-snippet:-1, max-image-preview:large, max-video-preview:-1\" \/>\n<link rel=\"canonical\" href=\"https:\/\/semead.com.br\/24\/submission-process-on-fast-track-2\/\" \/>\n<meta property=\"og:locale\" content=\"pt_BR\" \/>\n<meta property=\"og:type\" content=\"article\" \/>\n<meta property=\"og:title\" content=\"Submission Process on Fast-Track - XXIV SemeAd\" \/>\n<meta property=\"og:description\" content=\"Path of Submissions Important Informations: Authors agree that, by choosing their preferencial journals, they allow SemeAd to forward their articles for review by journal&#8217;s editors. Each paper approved on Fast-Track will be nominated for only one journal (following the preferencial order). SemeAd does not guarantee any approval of the article in journals. Articles selected by...\" \/>\n<meta property=\"og:url\" content=\"https:\/\/semead.com.br\/24\/submission-process-on-fast-track-2\/?lang=en\" \/>\n<meta property=\"og:site_name\" content=\"XXIV SemeAd\" \/>\n<meta property=\"article:modified_time\" content=\"2021-06-21T00:14:18+00:00\" \/>\n<meta name=\"twitter:card\" content=\"summary_large_image\" \/>\n<meta name=\"twitter:label1\" content=\"Est. tempo de leitura\" \/>\n\t<meta name=\"twitter:data1\" content=\"2 minutos\" \/>\n<script type=\"application\/ld+json\" class=\"yoast-schema-graph\">{\"@context\":\"https:\/\/schema.org\",\"@graph\":[{\"@type\":\"WebPage\",\"@id\":\"https:\/\/semead.com.br\/24\/submission-process-on-fast-track-2\/?lang=en\",\"url\":\"https:\/\/semead.com.br\/24\/submission-process-on-fast-track-2\/?lang=en\",\"name\":\"Submission Process on Fast-Track - XXIV SemeAd\",\"isPartOf\":{\"@id\":\"https:\/\/semead.com.br\/24\/?lang=es\/#website\"},\"datePublished\":\"2021-06-21T00:11:13+00:00\",\"dateModified\":\"2021-06-21T00:14:18+00:00\",\"breadcrumb\":{\"@id\":\"https:\/\/semead.com.br\/24\/submission-process-on-fast-track-2\/?lang=en#breadcrumb\"},\"inLanguage\":\"pt-BR\",\"potentialAction\":[{\"@type\":\"ReadAction\",\"target\":[\"https:\/\/semead.com.br\/24\/submission-process-on-fast-track-2\/?lang=en\"]}]},{\"@type\":\"BreadcrumbList\",\"@id\":\"https:\/\/semead.com.br\/24\/submission-process-on-fast-track-2\/?lang=en#breadcrumb\",\"itemListElement\":[{\"@type\":\"ListItem\",\"position\":1,\"name\":\"In\u00edcio\",\"item\":\"https:\/\/semead.com.br\/24\/\"},{\"@type\":\"ListItem\",\"position\":2,\"name\":\"Submission Process on Fast-Track\"}]},{\"@type\":\"WebSite\",\"@id\":\"https:\/\/semead.com.br\/24\/?lang=es\/#website\",\"url\":\"https:\/\/semead.com.br\/24\/?lang=es\/\",\"name\":\"XXIV SemeAd\",\"description\":\"Semin\u00e1rios em Administra\u00e7\u00e3o\",\"potentialAction\":[{\"@type\":\"SearchAction\",\"target\":{\"@type\":\"EntryPoint\",\"urlTemplate\":\"https:\/\/semead.com.br\/24\/?lang=es\/?s={search_term_string}\"},\"query-input\":{\"@type\":\"PropertyValueSpecification\",\"valueRequired\":true,\"valueName\":\"search_term_string\"}}],\"inLanguage\":\"pt-BR\"}]}<\/script>\n<!-- \/ Yoast SEO plugin. -->","yoast_head_json":{"title":"Submission Process on Fast-Track - XXIV SemeAd","robots":{"index":"index","follow":"follow","max-snippet":"max-snippet:-1","max-image-preview":"max-image-preview:large","max-video-preview":"max-video-preview:-1"},"canonical":"https:\/\/semead.com.br\/24\/submission-process-on-fast-track-2\/","og_locale":"pt_BR","og_type":"article","og_title":"Submission Process on Fast-Track - XXIV SemeAd","og_description":"Path of Submissions Important Informations: Authors agree that, by choosing their preferencial journals, they allow SemeAd to forward their articles for review by journal&#8217;s editors. Each paper approved on Fast-Track will be nominated for only one journal (following the preferencial order). SemeAd does not guarantee any approval of the article in journals. Articles selected by...","og_url":"https:\/\/semead.com.br\/24\/submission-process-on-fast-track-2\/?lang=en","og_site_name":"XXIV SemeAd","article_modified_time":"2021-06-21T00:14:18+00:00","twitter_card":"summary_large_image","twitter_misc":{"Est. tempo de leitura":"2 minutos"},"schema":{"@context":"https:\/\/schema.org","@graph":[{"@type":"WebPage","@id":"https:\/\/semead.com.br\/24\/submission-process-on-fast-track-2\/?lang=en","url":"https:\/\/semead.com.br\/24\/submission-process-on-fast-track-2\/?lang=en","name":"Submission Process on Fast-Track - XXIV SemeAd","isPartOf":{"@id":"https:\/\/semead.com.br\/24\/?lang=es\/#website"},"datePublished":"2021-06-21T00:11:13+00:00","dateModified":"2021-06-21T00:14:18+00:00","breadcrumb":{"@id":"https:\/\/semead.com.br\/24\/submission-process-on-fast-track-2\/?lang=en#breadcrumb"},"inLanguage":"pt-BR","potentialAction":[{"@type":"ReadAction","target":["https:\/\/semead.com.br\/24\/submission-process-on-fast-track-2\/?lang=en"]}]},{"@type":"BreadcrumbList","@id":"https:\/\/semead.com.br\/24\/submission-process-on-fast-track-2\/?lang=en#breadcrumb","itemListElement":[{"@type":"ListItem","position":1,"name":"In\u00edcio","item":"https:\/\/semead.com.br\/24\/"},{"@type":"ListItem","position":2,"name":"Submission Process on Fast-Track"}]},{"@type":"WebSite","@id":"https:\/\/semead.com.br\/24\/?lang=es\/#website","url":"https:\/\/semead.com.br\/24\/?lang=es\/","name":"XXIV SemeAd","description":"Semin\u00e1rios em Administra\u00e7\u00e3o","potentialAction":[{"@type":"SearchAction","target":{"@type":"EntryPoint","urlTemplate":"https:\/\/semead.com.br\/24\/?lang=es\/?s={search_term_string}"},"query-input":{"@type":"PropertyValueSpecification","valueRequired":true,"valueName":"search_term_string"}}],"inLanguage":"pt-BR"}]}},"_links":{"self":[{"href":"https:\/\/semead.com.br\/24\/wp-json\/wp\/v2\/pages\/20300","targetHints":{"allow":["GET"]}}],"collection":[{"href":"https:\/\/semead.com.br\/24\/wp-json\/wp\/v2\/pages"}],"about":[{"href":"https:\/\/semead.com.br\/24\/wp-json\/wp\/v2\/types\/page"}],"author":[{"embeddable":true,"href":"https:\/\/semead.com.br\/24\/wp-json\/wp\/v2\/users\/4"}],"replies":[{"embeddable":true,"href":"https:\/\/semead.com.br\/24\/wp-json\/wp\/v2\/comments?post=20300"}],"version-history":[{"count":0,"href":"https:\/\/semead.com.br\/24\/wp-json\/wp\/v2\/pages\/20300\/revisions"}],"wp:attachment":[{"href":"https:\/\/semead.com.br\/24\/wp-json\/wp\/v2\/media?parent=20300"}],"curies":[{"name":"wp","href":"https:\/\/api.w.org\/{rel}","templated":true}]}}