{"id":20517,"date":"2021-06-29T20:31:25","date_gmt":"2021-06-29T23:31:25","guid":{"rendered":"https:\/\/semead.com.br\/24\/?page_id=20517"},"modified":"2021-06-29T20:35:16","modified_gmt":"2021-06-29T23:35:16","slug":"fast-track-e-special-issues","status":"publish","type":"page","link":"https:\/\/semead.com.br\/24\/fast-track-e-special-issues\/","title":{"rendered":"Special Issues &#038; Fast-Track"},"content":{"rendered":"\t\t<div data-elementor-type=\"wp-page\" data-elementor-id=\"20517\" class=\"elementor elementor-20517\">\n\t\t\t\t\t\t<section class=\"elementor-section elementor-top-section elementor-element elementor-element-85e7f8b elementor-section-boxed elementor-section-height-default elementor-section-height-default\" data-id=\"85e7f8b\" data-element_type=\"section\" data-e-type=\"section\">\n\t\t\t\t\t\t<div class=\"elementor-container elementor-column-gap-default\">\n\t\t\t\t\t<div class=\"elementor-column elementor-col-100 elementor-top-column elementor-element elementor-element-fa57d00\" data-id=\"fa57d00\" data-element_type=\"column\" data-e-type=\"column\">\n\t\t\t<div class=\"elementor-widget-wrap elementor-element-populated\">\n\t\t\t\t\t\t<div class=\"elementor-element elementor-element-9372fb8 elementor-widget elementor-widget-wp-widget-nav_menu\" data-id=\"9372fb8\" data-element_type=\"widget\" data-e-type=\"widget\" data-widget_type=\"wp-widget-nav_menu.default\">\n\t\t\t\t<div class=\"elementor-widget-container\">\n\t\t\t\t\t<div class=\"widget single-sidebar padding-bottom1\"><div class=\"menu-special-issues-fast-track-container\"><ul id=\"menu-special-issues-fast-track\" class=\"menu\"><li id=\"menu-item-20519\" class=\"menu-item menu-item-type-post_type menu-item-object-page menu-item-20519\"><a href=\"https:\/\/semead.com.br\/24\/areas\/special-issues\/\">Special Issues<\/a><\/li>\n<li id=\"menu-item-20520\" class=\"menu-item menu-item-type-post_type menu-item-object-page menu-item-20520\"><a href=\"https:\/\/semead.com.br\/24\/fast-track\/processo-ft\/\">Processo de Submiss\u00e3o em Fast-Track<\/a><\/li>\n<li id=\"menu-item-20522\" class=\"menu-item menu-item-type-post_type menu-item-object-page menu-item-20522\"><a href=\"https:\/\/semead.com.br\/24\/fast-track\/fast-track-revistas-a1\/\">Fast-Track para Revistas A1<\/a><\/li>\n<li id=\"menu-item-20521\" class=\"menu-item menu-item-type-post_type menu-item-object-page menu-item-20521\"><a href=\"https:\/\/semead.com.br\/24\/fast-track\/lista-de-periodicos\/\">Lista de Peri\u00f3dicos em Fast-Track<\/a><\/li>\n<\/ul><\/div><\/div>\t\t\t\t<\/div>\n\t\t\t\t<\/div>\n\t\t\t\t\t<\/div>\n\t\t<\/div>\n\t\t\t\t\t<\/div>\n\t\t<\/section>\n\t\t\t\t<\/div>\n\t\t","protected":false},"excerpt":{"rendered":"","protected":false},"author":4,"featured_media":0,"parent":0,"menu_order":0,"comment_status":"closed","ping_status":"closed","template":"","meta":{"_acf_changed":false,"_monsterinsights_skip_tracking":false,"_monsterinsights_sitenote_active":false,"_monsterinsights_sitenote_note":"","_monsterinsights_sitenote_category":0,"footnotes":""},"class_list":["post-20517","page","type-page","status-publish","hentry"],"acf":[],"yoast_head":"<!-- This site is optimized with the Yoast SEO plugin v27.1.1 - https:\/\/yoast.com\/product\/yoast-seo-wordpress\/ -->\n<title>Special Issues &amp; Fast-Track - XXIV SemeAd<\/title>\n<meta name=\"robots\" content=\"index, follow, max-snippet:-1, max-image-preview:large, max-video-preview:-1\" \/>\n<link rel=\"canonical\" href=\"https:\/\/semead.com.br\/24\/fast-track-e-special-issues\/\" \/>\n<meta property=\"og:locale\" content=\"pt_BR\" \/>\n<meta property=\"og:type\" content=\"article\" \/>\n<meta property=\"og:title\" content=\"Special Issues &amp; Fast-Track - XXIV SemeAd\" \/>\n<meta property=\"og:url\" content=\"https:\/\/semead.com.br\/24\/fast-track-e-special-issues\/\" \/>\n<meta property=\"og:site_name\" content=\"XXIV SemeAd\" \/>\n<meta property=\"article:modified_time\" content=\"2021-06-29T23:35:16+00:00\" \/>\n<meta name=\"twitter:card\" content=\"summary_large_image\" \/>\n<meta name=\"twitter:label1\" content=\"Est. tempo de leitura\" \/>\n\t<meta name=\"twitter:data1\" content=\"1 minuto\" \/>\n<script type=\"application\/ld+json\" class=\"yoast-schema-graph\">{\"@context\":\"https:\/\/schema.org\",\"@graph\":[{\"@type\":\"WebPage\",\"@id\":\"https:\/\/semead.com.br\/24\/fast-track-e-special-issues\/\",\"url\":\"https:\/\/semead.com.br\/24\/fast-track-e-special-issues\/\",\"name\":\"Special Issues & Fast-Track - XXIV SemeAd\",\"isPartOf\":{\"@id\":\"https:\/\/semead.com.br\/24\/?lang=es\/#website\"},\"datePublished\":\"2021-06-29T23:31:25+00:00\",\"dateModified\":\"2021-06-29T23:35:16+00:00\",\"breadcrumb\":{\"@id\":\"https:\/\/semead.com.br\/24\/fast-track-e-special-issues\/#breadcrumb\"},\"inLanguage\":\"pt-BR\",\"potentialAction\":[{\"@type\":\"ReadAction\",\"target\":[\"https:\/\/semead.com.br\/24\/fast-track-e-special-issues\/\"]}]},{\"@type\":\"BreadcrumbList\",\"@id\":\"https:\/\/semead.com.br\/24\/fast-track-e-special-issues\/#breadcrumb\",\"itemListElement\":[{\"@type\":\"ListItem\",\"position\":1,\"name\":\"In\u00edcio\",\"item\":\"https:\/\/semead.com.br\/24\/\"},{\"@type\":\"ListItem\",\"position\":2,\"name\":\"Special Issues &#038; Fast-Track\"}]},{\"@type\":\"WebSite\",\"@id\":\"https:\/\/semead.com.br\/24\/?lang=es\/#website\",\"url\":\"https:\/\/semead.com.br\/24\/?lang=es\/\",\"name\":\"XXIV SemeAd\",\"description\":\"Semin\u00e1rios em Administra\u00e7\u00e3o\",\"potentialAction\":[{\"@type\":\"SearchAction\",\"target\":{\"@type\":\"EntryPoint\",\"urlTemplate\":\"https:\/\/semead.com.br\/24\/?lang=es\/?s={search_term_string}\"},\"query-input\":{\"@type\":\"PropertyValueSpecification\",\"valueRequired\":true,\"valueName\":\"search_term_string\"}}],\"inLanguage\":\"pt-BR\"}]}<\/script>\n<!-- \/ Yoast SEO plugin. -->","yoast_head_json":{"title":"Special Issues & Fast-Track - XXIV SemeAd","robots":{"index":"index","follow":"follow","max-snippet":"max-snippet:-1","max-image-preview":"max-image-preview:large","max-video-preview":"max-video-preview:-1"},"canonical":"https:\/\/semead.com.br\/24\/fast-track-e-special-issues\/","og_locale":"pt_BR","og_type":"article","og_title":"Special Issues & Fast-Track - XXIV SemeAd","og_url":"https:\/\/semead.com.br\/24\/fast-track-e-special-issues\/","og_site_name":"XXIV SemeAd","article_modified_time":"2021-06-29T23:35:16+00:00","twitter_card":"summary_large_image","twitter_misc":{"Est. tempo de leitura":"1 minuto"},"schema":{"@context":"https:\/\/schema.org","@graph":[{"@type":"WebPage","@id":"https:\/\/semead.com.br\/24\/fast-track-e-special-issues\/","url":"https:\/\/semead.com.br\/24\/fast-track-e-special-issues\/","name":"Special Issues & Fast-Track - XXIV SemeAd","isPartOf":{"@id":"https:\/\/semead.com.br\/24\/?lang=es\/#website"},"datePublished":"2021-06-29T23:31:25+00:00","dateModified":"2021-06-29T23:35:16+00:00","breadcrumb":{"@id":"https:\/\/semead.com.br\/24\/fast-track-e-special-issues\/#breadcrumb"},"inLanguage":"pt-BR","potentialAction":[{"@type":"ReadAction","target":["https:\/\/semead.com.br\/24\/fast-track-e-special-issues\/"]}]},{"@type":"BreadcrumbList","@id":"https:\/\/semead.com.br\/24\/fast-track-e-special-issues\/#breadcrumb","itemListElement":[{"@type":"ListItem","position":1,"name":"In\u00edcio","item":"https:\/\/semead.com.br\/24\/"},{"@type":"ListItem","position":2,"name":"Special Issues &#038; Fast-Track"}]},{"@type":"WebSite","@id":"https:\/\/semead.com.br\/24\/?lang=es\/#website","url":"https:\/\/semead.com.br\/24\/?lang=es\/","name":"XXIV SemeAd","description":"Semin\u00e1rios em Administra\u00e7\u00e3o","potentialAction":[{"@type":"SearchAction","target":{"@type":"EntryPoint","urlTemplate":"https:\/\/semead.com.br\/24\/?lang=es\/?s={search_term_string}"},"query-input":{"@type":"PropertyValueSpecification","valueRequired":true,"valueName":"search_term_string"}}],"inLanguage":"pt-BR"}]}},"_links":{"self":[{"href":"https:\/\/semead.com.br\/24\/wp-json\/wp\/v2\/pages\/20517","targetHints":{"allow":["GET"]}}],"collection":[{"href":"https:\/\/semead.com.br\/24\/wp-json\/wp\/v2\/pages"}],"about":[{"href":"https:\/\/semead.com.br\/24\/wp-json\/wp\/v2\/types\/page"}],"author":[{"embeddable":true,"href":"https:\/\/semead.com.br\/24\/wp-json\/wp\/v2\/users\/4"}],"replies":[{"embeddable":true,"href":"https:\/\/semead.com.br\/24\/wp-json\/wp\/v2\/comments?post=20517"}],"version-history":[{"count":0,"href":"https:\/\/semead.com.br\/24\/wp-json\/wp\/v2\/pages\/20517\/revisions"}],"wp:attachment":[{"href":"https:\/\/semead.com.br\/24\/wp-json\/wp\/v2\/media?parent=20517"}],"curies":[{"name":"wp","href":"https:\/\/api.w.org\/{rel}","templated":true}]}}