{"id":20546,"date":"2021-06-30T11:00:36","date_gmt":"2021-06-30T14:00:36","guid":{"rendered":"https:\/\/semead.com.br\/24\/?page_id=20546"},"modified":"2021-07-19T10:22:25","modified_gmt":"2021-07-19T13:22:25","slug":"special-issues","status":"publish","type":"page","link":"https:\/\/semead.com.br\/24\/special-issues\/?lang=es","title":{"rendered":"Special Issues"},"content":{"rendered":"\t\t<div data-elementor-type=\"wp-page\" data-elementor-id=\"20546\" class=\"elementor elementor-20546\">\n\t\t\t\t\t\t<section class=\"elementor-section elementor-top-section elementor-element elementor-element-10a2c3e5 elementor-section-boxed elementor-section-height-default elementor-section-height-default\" data-id=\"10a2c3e5\" data-element_type=\"section\" data-e-type=\"section\">\n\t\t\t\t\t\t<div class=\"elementor-container elementor-column-gap-default\">\n\t\t\t\t\t<div class=\"elementor-column elementor-col-100 elementor-top-column elementor-element elementor-element-73aa9308\" data-id=\"73aa9308\" data-element_type=\"column\" data-e-type=\"column\">\n\t\t\t<div class=\"elementor-widget-wrap elementor-element-populated\">\n\t\t\t\t\t\t<div class=\"elementor-element elementor-element-78b56c6f elementor-widget elementor-widget-text-editor\" data-id=\"78b56c6f\" data-element_type=\"widget\" data-e-type=\"widget\" data-widget_type=\"text-editor.default\">\n\t\t\t\t<div class=\"elementor-widget-container\">\n\t\t\t\t\t\t\t\t\t<p><strong>\u00a1Novedad SemeAd!<\/strong><\/p><p>SemeAd, en asociaci\u00f3n con revistas indexadas en Scopus y en Web of Science, presenta una nueva \u00e1rea de presentaciones: \u201cSpecial Issues\u201d.<\/p><p>Los art\u00edculos enviados para esta \u00e1rea pasar\u00e1n por el proceso de revisi\u00f3n regular en SemeAd. Los trabajos aprobados ser\u00e1n presentados en sesiones espec\u00edficas para los respectivos temas, con la moderaci\u00f3n de la sesi\u00f3n realizada por editores de la revista. Entre los trabajos aprobados para esta \u00e1rea, algunos ser\u00e1n seleccionados por las revistas para seguir en proceso Fast-Track y posteriormente, deber\u00e1n ser enviados a la respectiva plataforma de las revistas.<\/p><p><strong>Los art\u00edculos enviados para Special Issues deben estar en ingl\u00e9s. Presentaciones de estos art\u00edculos tambi\u00e9n ser\u00e1n en ingl\u00e9s. <\/strong><\/p>\t\t\t\t\t\t\t\t<\/div>\n\t\t\t\t<\/div>\n\t\t\t\t\t<\/div>\n\t\t<\/div>\n\t\t\t\t\t<\/div>\n\t\t<\/section>\n\t\t\t\t<section class=\"elementor-section elementor-top-section elementor-element elementor-element-2a2ab62 elementor-section-boxed elementor-section-height-default elementor-section-height-default\" data-id=\"2a2ab62\" data-element_type=\"section\" data-e-type=\"section\">\n\t\t\t\t\t\t<div class=\"elementor-container elementor-column-gap-default\">\n\t\t\t\t\t<div class=\"elementor-column elementor-col-100 elementor-top-column elementor-element elementor-element-54205de\" data-id=\"54205de\" data-element_type=\"column\" data-e-type=\"column\">\n\t\t\t<div class=\"elementor-widget-wrap elementor-element-populated\">\n\t\t\t\t\t\t<div class=\"elementor-element elementor-element-e070033 elementor-button-warning elementor-align-center elementor-widget elementor-widget-button\" data-id=\"e070033\" data-element_type=\"widget\" data-e-type=\"widget\" data-widget_type=\"button.default\">\n\t\t\t\t<div class=\"elementor-widget-container\">\n\t\t\t\t\t\t\t\t\t<div class=\"elementor-button-wrapper\">\n\t\t\t\t\t<a class=\"elementor-button elementor-button-link elementor-size-md\" href=\"https:\/\/semead.com.br\/24\/areas\/special-issues\/\" target=\"_blank\">\n\t\t\t\t\t\t<span class=\"elementor-button-content-wrapper\">\n\t\t\t\t\t\t\t\t\t<span class=\"elementor-button-text\">Consulte el \u00c1rea de Special Issues<\/span>\n\t\t\t\t\t<\/span>\n\t\t\t\t\t<\/a>\n\t\t\t\t<\/div>\n\t\t\t\t\t\t\t\t<\/div>\n\t\t\t\t<\/div>\n\t\t\t\t\t<\/div>\n\t\t<\/div>\n\t\t\t\t\t<\/div>\n\t\t<\/section>\n\t\t\t\t<\/div>\n\t\t","protected":false},"excerpt":{"rendered":"<p>\u00a1Novedad SemeAd! SemeAd, en asociaci\u00f3n con revistas indexadas en Scopus y en Web of Science, presenta una nueva \u00e1rea de presentaciones: \u201cSpecial Issues\u201d. Los art\u00edculos enviados para esta \u00e1rea pasar\u00e1n por el proceso de revisi\u00f3n regular en SemeAd. Los trabajos aprobados ser\u00e1n presentados en sesiones espec\u00edficas para los respectivos temas, con la moderaci\u00f3n de la&#8230;<\/p>\n","protected":false},"author":4,"featured_media":0,"parent":0,"menu_order":0,"comment_status":"closed","ping_status":"closed","template":"","meta":{"_acf_changed":false,"_monsterinsights_skip_tracking":false,"_monsterinsights_sitenote_active":false,"_monsterinsights_sitenote_note":"","_monsterinsights_sitenote_category":0,"footnotes":""},"class_list":["post-20546","page","type-page","status-publish","hentry"],"acf":[],"yoast_head":"<!-- This site is optimized with the Yoast SEO plugin v27.1.1 - https:\/\/yoast.com\/product\/yoast-seo-wordpress\/ -->\n<title>Special Issues - XXIV SemeAd<\/title>\n<meta name=\"robots\" content=\"index, follow, max-snippet:-1, max-image-preview:large, max-video-preview:-1\" \/>\n<link rel=\"canonical\" href=\"https:\/\/semead.com.br\/24\/special-issues\/\" \/>\n<meta property=\"og:locale\" content=\"pt_BR\" \/>\n<meta property=\"og:type\" content=\"article\" \/>\n<meta property=\"og:title\" content=\"Special Issues - XXIV SemeAd\" \/>\n<meta property=\"og:description\" content=\"\u00a1Novedad SemeAd! SemeAd, en asociaci\u00f3n con revistas indexadas en Scopus y en Web of Science, presenta una nueva \u00e1rea de presentaciones: \u201cSpecial Issues\u201d. Los art\u00edculos enviados para esta \u00e1rea pasar\u00e1n por el proceso de revisi\u00f3n regular en SemeAd. Los trabajos aprobados ser\u00e1n presentados en sesiones espec\u00edficas para los respectivos temas, con la moderaci\u00f3n de la...\" \/>\n<meta property=\"og:url\" content=\"https:\/\/semead.com.br\/24\/special-issues\/?lang=es\" \/>\n<meta property=\"og:site_name\" content=\"XXIV SemeAd\" \/>\n<meta property=\"article:modified_time\" content=\"2021-07-19T13:22:25+00:00\" \/>\n<meta name=\"twitter:card\" content=\"summary_large_image\" \/>\n<meta name=\"twitter:label1\" content=\"Est. tempo de leitura\" \/>\n\t<meta name=\"twitter:data1\" content=\"1 minuto\" \/>\n<script type=\"application\/ld+json\" class=\"yoast-schema-graph\">{\"@context\":\"https:\/\/schema.org\",\"@graph\":[{\"@type\":\"WebPage\",\"@id\":\"https:\/\/semead.com.br\/24\/special-issues\/?lang=es\",\"url\":\"https:\/\/semead.com.br\/24\/special-issues\/?lang=es\",\"name\":\"Special Issues - XXIV SemeAd\",\"isPartOf\":{\"@id\":\"https:\/\/semead.com.br\/24\/?lang=es\/#website\"},\"datePublished\":\"2021-06-30T14:00:36+00:00\",\"dateModified\":\"2021-07-19T13:22:25+00:00\",\"breadcrumb\":{\"@id\":\"https:\/\/semead.com.br\/24\/special-issues\/?lang=es#breadcrumb\"},\"inLanguage\":\"pt-BR\",\"potentialAction\":[{\"@type\":\"ReadAction\",\"target\":[\"https:\/\/semead.com.br\/24\/special-issues\/?lang=es\"]}]},{\"@type\":\"BreadcrumbList\",\"@id\":\"https:\/\/semead.com.br\/24\/special-issues\/?lang=es#breadcrumb\",\"itemListElement\":[{\"@type\":\"ListItem\",\"position\":1,\"name\":\"In\u00edcio\",\"item\":\"https:\/\/semead.com.br\/24\/\"},{\"@type\":\"ListItem\",\"position\":2,\"name\":\"Special Issues\"}]},{\"@type\":\"WebSite\",\"@id\":\"https:\/\/semead.com.br\/24\/?lang=es\/#website\",\"url\":\"https:\/\/semead.com.br\/24\/?lang=es\/\",\"name\":\"XXIV SemeAd\",\"description\":\"Semin\u00e1rios em Administra\u00e7\u00e3o\",\"potentialAction\":[{\"@type\":\"SearchAction\",\"target\":{\"@type\":\"EntryPoint\",\"urlTemplate\":\"https:\/\/semead.com.br\/24\/?lang=es\/?s={search_term_string}\"},\"query-input\":{\"@type\":\"PropertyValueSpecification\",\"valueRequired\":true,\"valueName\":\"search_term_string\"}}],\"inLanguage\":\"pt-BR\"}]}<\/script>\n<!-- \/ Yoast SEO plugin. -->","yoast_head_json":{"title":"Special Issues - XXIV SemeAd","robots":{"index":"index","follow":"follow","max-snippet":"max-snippet:-1","max-image-preview":"max-image-preview:large","max-video-preview":"max-video-preview:-1"},"canonical":"https:\/\/semead.com.br\/24\/special-issues\/","og_locale":"pt_BR","og_type":"article","og_title":"Special Issues - XXIV SemeAd","og_description":"\u00a1Novedad SemeAd! SemeAd, en asociaci\u00f3n con revistas indexadas en Scopus y en Web of Science, presenta una nueva \u00e1rea de presentaciones: \u201cSpecial Issues\u201d. Los art\u00edculos enviados para esta \u00e1rea pasar\u00e1n por el proceso de revisi\u00f3n regular en SemeAd. Los trabajos aprobados ser\u00e1n presentados en sesiones espec\u00edficas para los respectivos temas, con la moderaci\u00f3n de la...","og_url":"https:\/\/semead.com.br\/24\/special-issues\/?lang=es","og_site_name":"XXIV SemeAd","article_modified_time":"2021-07-19T13:22:25+00:00","twitter_card":"summary_large_image","twitter_misc":{"Est. tempo de leitura":"1 minuto"},"schema":{"@context":"https:\/\/schema.org","@graph":[{"@type":"WebPage","@id":"https:\/\/semead.com.br\/24\/special-issues\/?lang=es","url":"https:\/\/semead.com.br\/24\/special-issues\/?lang=es","name":"Special Issues - XXIV SemeAd","isPartOf":{"@id":"https:\/\/semead.com.br\/24\/?lang=es\/#website"},"datePublished":"2021-06-30T14:00:36+00:00","dateModified":"2021-07-19T13:22:25+00:00","breadcrumb":{"@id":"https:\/\/semead.com.br\/24\/special-issues\/?lang=es#breadcrumb"},"inLanguage":"pt-BR","potentialAction":[{"@type":"ReadAction","target":["https:\/\/semead.com.br\/24\/special-issues\/?lang=es"]}]},{"@type":"BreadcrumbList","@id":"https:\/\/semead.com.br\/24\/special-issues\/?lang=es#breadcrumb","itemListElement":[{"@type":"ListItem","position":1,"name":"In\u00edcio","item":"https:\/\/semead.com.br\/24\/"},{"@type":"ListItem","position":2,"name":"Special Issues"}]},{"@type":"WebSite","@id":"https:\/\/semead.com.br\/24\/?lang=es\/#website","url":"https:\/\/semead.com.br\/24\/?lang=es\/","name":"XXIV SemeAd","description":"Semin\u00e1rios em Administra\u00e7\u00e3o","potentialAction":[{"@type":"SearchAction","target":{"@type":"EntryPoint","urlTemplate":"https:\/\/semead.com.br\/24\/?lang=es\/?s={search_term_string}"},"query-input":{"@type":"PropertyValueSpecification","valueRequired":true,"valueName":"search_term_string"}}],"inLanguage":"pt-BR"}]}},"_links":{"self":[{"href":"https:\/\/semead.com.br\/24\/wp-json\/wp\/v2\/pages\/20546","targetHints":{"allow":["GET"]}}],"collection":[{"href":"https:\/\/semead.com.br\/24\/wp-json\/wp\/v2\/pages"}],"about":[{"href":"https:\/\/semead.com.br\/24\/wp-json\/wp\/v2\/types\/page"}],"author":[{"embeddable":true,"href":"https:\/\/semead.com.br\/24\/wp-json\/wp\/v2\/users\/4"}],"replies":[{"embeddable":true,"href":"https:\/\/semead.com.br\/24\/wp-json\/wp\/v2\/comments?post=20546"}],"version-history":[{"count":0,"href":"https:\/\/semead.com.br\/24\/wp-json\/wp\/v2\/pages\/20546\/revisions"}],"wp:attachment":[{"href":"https:\/\/semead.com.br\/24\/wp-json\/wp\/v2\/media?parent=20546"}],"curies":[{"name":"wp","href":"https:\/\/api.w.org\/{rel}","templated":true}]}}