{"id":20553,"date":"2021-06-30T11:24:01","date_gmt":"2021-06-30T14:24:01","guid":{"rendered":"https:\/\/semead.com.br\/24\/?page_id=20553"},"modified":"2021-07-08T16:19:57","modified_gmt":"2021-07-08T19:19:57","slug":"special-issues-2","status":"publish","type":"page","link":"https:\/\/semead.com.br\/24\/areas\/special-issues-2\/?lang=es","title":{"rendered":"Special Issues"},"content":{"rendered":"\n<p class=\"has-text-align-center\"><strong>\u00a1Atenci\u00f3n!<\/strong><\/p>\n\n\n\n<p>Esta nueva \u00e1rea de presentaciones, llamada &#8220;Special Issues&#8221;, y sus respectivos tracks en SemeAd son asociaciones con revistas indexadas en Scopus o Web of Science.<\/p>\n\n\n\n<p>Los art\u00edculos enviados en estes tracks pasar\u00e1n por el proceso de revisi\u00f3n regular en SemeAd. Entre los art\u00edculos aprobados, algunos ser\u00e1n seleccionados por las revistas para un de Fast-Track. Los art\u00edculos aprobados en Fast-Track despu\u00e9s de SemeAd deben ser enviados a la plataforma de la revista.<\/p>\n\n\n\n<p><strong>Los trabajos presentados para los Special Issues deben estar en ingl\u00e9s. Las presentaciones de estos trabajos tambi\u00e9n ser\u00e1n en ingl\u00e9s.<\/strong><\/p>\n","protected":false},"excerpt":{"rendered":"<p>\u00a1Atenci\u00f3n! Esta nueva \u00e1rea de presentaciones, llamada &#8220;Special Issues&#8221;, y sus respectivos tracks en SemeAd son asociaciones con revistas indexadas en Scopus o Web of Science. Los art\u00edculos enviados en estes tracks pasar\u00e1n por el proceso de revisi\u00f3n regular en SemeAd. Entre los art\u00edculos aprobados, algunos ser\u00e1n seleccionados por las revistas para un de Fast-Track&#8230;.<\/p>\n","protected":false},"author":4,"featured_media":0,"parent":21469,"menu_order":4,"comment_status":"open","ping_status":"closed","template":"temas.php","meta":{"_acf_changed":false,"_monsterinsights_skip_tracking":false,"_monsterinsights_sitenote_active":false,"_monsterinsights_sitenote_note":"","_monsterinsights_sitenote_category":0,"footnotes":""},"class_list":["post-20553","page","type-page","status-publish","hentry"],"acf":[],"yoast_head":"<!-- This site is optimized with the Yoast SEO plugin v27.1.1 - https:\/\/yoast.com\/product\/yoast-seo-wordpress\/ -->\n<title>Special Issues - XXIV SemeAd<\/title>\n<meta name=\"robots\" content=\"index, follow, max-snippet:-1, max-image-preview:large, max-video-preview:-1\" \/>\n<link rel=\"canonical\" href=\"https:\/\/semead.com.br\/24\/areas\/special-issues-2\/\" \/>\n<meta property=\"og:locale\" content=\"pt_BR\" \/>\n<meta property=\"og:type\" content=\"article\" \/>\n<meta property=\"og:title\" content=\"Special Issues - XXIV SemeAd\" \/>\n<meta property=\"og:description\" content=\"\u00a1Atenci\u00f3n! Esta nueva \u00e1rea de presentaciones, llamada &#8220;Special Issues&#8221;, y sus respectivos tracks en SemeAd son asociaciones con revistas indexadas en Scopus o Web of Science. Los art\u00edculos enviados en estes tracks pasar\u00e1n por el proceso de revisi\u00f3n regular en SemeAd. Entre los art\u00edculos aprobados, algunos ser\u00e1n seleccionados por las revistas para un de Fast-Track....\" \/>\n<meta property=\"og:url\" content=\"https:\/\/semead.com.br\/24\/areas\/special-issues-2\/?lang=es\" \/>\n<meta property=\"og:site_name\" content=\"XXIV SemeAd\" \/>\n<meta property=\"article:modified_time\" content=\"2021-07-08T19:19:57+00:00\" \/>\n<meta name=\"twitter:card\" content=\"summary_large_image\" \/>\n<meta name=\"twitter:label1\" content=\"Est. tempo de leitura\" \/>\n\t<meta name=\"twitter:data1\" content=\"1 minuto\" \/>\n<script type=\"application\/ld+json\" class=\"yoast-schema-graph\">{\"@context\":\"https:\/\/schema.org\",\"@graph\":[{\"@type\":\"WebPage\",\"@id\":\"https:\/\/semead.com.br\/24\/areas\/special-issues-2\/?lang=es\",\"url\":\"https:\/\/semead.com.br\/24\/areas\/special-issues-2\/?lang=es\",\"name\":\"Special Issues - XXIV SemeAd\",\"isPartOf\":{\"@id\":\"https:\/\/semead.com.br\/24\/?lang=es\/#website\"},\"datePublished\":\"2021-06-30T14:24:01+00:00\",\"dateModified\":\"2021-07-08T19:19:57+00:00\",\"breadcrumb\":{\"@id\":\"https:\/\/semead.com.br\/24\/areas\/special-issues-2\/?lang=es#breadcrumb\"},\"inLanguage\":\"pt-BR\",\"potentialAction\":[{\"@type\":\"ReadAction\",\"target\":[\"https:\/\/semead.com.br\/24\/areas\/special-issues-2\/?lang=es\"]}]},{\"@type\":\"BreadcrumbList\",\"@id\":\"https:\/\/semead.com.br\/24\/areas\/special-issues-2\/?lang=es#breadcrumb\",\"itemListElement\":[{\"@type\":\"ListItem\",\"position\":1,\"name\":\"In\u00edcio\",\"item\":\"https:\/\/semead.com.br\/24\/\"},{\"@type\":\"ListItem\",\"position\":2,\"name\":\"Areas\",\"item\":\"https:\/\/semead.com.br\/24\/areas\/\"},{\"@type\":\"ListItem\",\"position\":3,\"name\":\"Special Issues\"}]},{\"@type\":\"WebSite\",\"@id\":\"https:\/\/semead.com.br\/24\/?lang=es\/#website\",\"url\":\"https:\/\/semead.com.br\/24\/?lang=es\/\",\"name\":\"XXIV SemeAd\",\"description\":\"Semin\u00e1rios em Administra\u00e7\u00e3o\",\"potentialAction\":[{\"@type\":\"SearchAction\",\"target\":{\"@type\":\"EntryPoint\",\"urlTemplate\":\"https:\/\/semead.com.br\/24\/?lang=es\/?s={search_term_string}\"},\"query-input\":{\"@type\":\"PropertyValueSpecification\",\"valueRequired\":true,\"valueName\":\"search_term_string\"}}],\"inLanguage\":\"pt-BR\"}]}<\/script>\n<!-- \/ Yoast SEO plugin. -->","yoast_head_json":{"title":"Special Issues - XXIV SemeAd","robots":{"index":"index","follow":"follow","max-snippet":"max-snippet:-1","max-image-preview":"max-image-preview:large","max-video-preview":"max-video-preview:-1"},"canonical":"https:\/\/semead.com.br\/24\/areas\/special-issues-2\/","og_locale":"pt_BR","og_type":"article","og_title":"Special Issues - XXIV SemeAd","og_description":"\u00a1Atenci\u00f3n! Esta nueva \u00e1rea de presentaciones, llamada &#8220;Special Issues&#8221;, y sus respectivos tracks en SemeAd son asociaciones con revistas indexadas en Scopus o Web of Science. Los art\u00edculos enviados en estes tracks pasar\u00e1n por el proceso de revisi\u00f3n regular en SemeAd. Entre los art\u00edculos aprobados, algunos ser\u00e1n seleccionados por las revistas para un de Fast-Track....","og_url":"https:\/\/semead.com.br\/24\/areas\/special-issues-2\/?lang=es","og_site_name":"XXIV SemeAd","article_modified_time":"2021-07-08T19:19:57+00:00","twitter_card":"summary_large_image","twitter_misc":{"Est. tempo de leitura":"1 minuto"},"schema":{"@context":"https:\/\/schema.org","@graph":[{"@type":"WebPage","@id":"https:\/\/semead.com.br\/24\/areas\/special-issues-2\/?lang=es","url":"https:\/\/semead.com.br\/24\/areas\/special-issues-2\/?lang=es","name":"Special Issues - XXIV SemeAd","isPartOf":{"@id":"https:\/\/semead.com.br\/24\/?lang=es\/#website"},"datePublished":"2021-06-30T14:24:01+00:00","dateModified":"2021-07-08T19:19:57+00:00","breadcrumb":{"@id":"https:\/\/semead.com.br\/24\/areas\/special-issues-2\/?lang=es#breadcrumb"},"inLanguage":"pt-BR","potentialAction":[{"@type":"ReadAction","target":["https:\/\/semead.com.br\/24\/areas\/special-issues-2\/?lang=es"]}]},{"@type":"BreadcrumbList","@id":"https:\/\/semead.com.br\/24\/areas\/special-issues-2\/?lang=es#breadcrumb","itemListElement":[{"@type":"ListItem","position":1,"name":"In\u00edcio","item":"https:\/\/semead.com.br\/24\/"},{"@type":"ListItem","position":2,"name":"Areas","item":"https:\/\/semead.com.br\/24\/areas\/"},{"@type":"ListItem","position":3,"name":"Special Issues"}]},{"@type":"WebSite","@id":"https:\/\/semead.com.br\/24\/?lang=es\/#website","url":"https:\/\/semead.com.br\/24\/?lang=es\/","name":"XXIV SemeAd","description":"Semin\u00e1rios em Administra\u00e7\u00e3o","potentialAction":[{"@type":"SearchAction","target":{"@type":"EntryPoint","urlTemplate":"https:\/\/semead.com.br\/24\/?lang=es\/?s={search_term_string}"},"query-input":{"@type":"PropertyValueSpecification","valueRequired":true,"valueName":"search_term_string"}}],"inLanguage":"pt-BR"}]}},"_links":{"self":[{"href":"https:\/\/semead.com.br\/24\/wp-json\/wp\/v2\/pages\/20553","targetHints":{"allow":["GET"]}}],"collection":[{"href":"https:\/\/semead.com.br\/24\/wp-json\/wp\/v2\/pages"}],"about":[{"href":"https:\/\/semead.com.br\/24\/wp-json\/wp\/v2\/types\/page"}],"author":[{"embeddable":true,"href":"https:\/\/semead.com.br\/24\/wp-json\/wp\/v2\/users\/4"}],"replies":[{"embeddable":true,"href":"https:\/\/semead.com.br\/24\/wp-json\/wp\/v2\/comments?post=20553"}],"version-history":[{"count":0,"href":"https:\/\/semead.com.br\/24\/wp-json\/wp\/v2\/pages\/20553\/revisions"}],"up":[{"embeddable":true,"href":"https:\/\/semead.com.br\/24\/wp-json\/wp\/v2\/pages\/21469"}],"wp:attachment":[{"href":"https:\/\/semead.com.br\/24\/wp-json\/wp\/v2\/media?parent=20553"}],"curies":[{"name":"wp","href":"https:\/\/api.w.org\/{rel}","templated":true}]}}