{"id":20969,"date":"2021-06-30T20:48:44","date_gmt":"2021-06-30T23:48:44","guid":{"rendered":"https:\/\/semead.com.br\/24\/?page_id=20969"},"modified":"2021-06-30T20:48:46","modified_gmt":"2021-06-30T23:48:46","slug":"evento","status":"publish","type":"page","link":"https:\/\/semead.com.br\/24\/evento\/?lang=es","title":{"rendered":"Evento"},"content":{"rendered":"\n<p>SemeAd \u2013 Seminarios en Administraci\u00f3n de la Facultad de Econom\u00eda, Administraci\u00f3n y Contabilidad de la Universidad de S\u00e3o Paulo \u2013 es un evento cient\u00edfico organizado anualmente que tiene un importante papel en el intercambio y discusi\u00f3n de la producci\u00f3n cient\u00edfica y tecnol\u00f3gica desarrollada en el \u00e1rea de la Administraci\u00f3n en Brasil y en el exterior.<\/p>\n\n\n\n<p>Desde su creaci\u00f3n, en 1996, el evento ha pasado por un proceso de desarrollo y madurez, siendo considerado actualmente como uno de los eventos m\u00e1s importantes en el \u00e1rea de la Administraci\u00f3n. Las investigaciones enviadas al evento son evaluadas por el sistema double blind review. Los trabajos aprobados son publicados en los anales del evento y divulgados en su p\u00e1gina web. Los mejores trabajos son premiados e invitados a participar en Fast-Track en m\u00e1s de 65 revistas participantes del SemeAd, siendo cuatro de ellas revistas internacionales.<\/p>\n\n\n\n<p>En la \u00faltima edici\u00f3n, en el 2020, el SemeAd present\u00f3 por primera vez su versi\u00f3n en l\u00ednea, que alcanz\u00f3 un total de 2.235 art\u00edculos enviados y cont\u00f3 con la participaci\u00f3n de m\u00e1s de 1.900 autores y congresistas. Una cifra r\u00e9cord con relaci\u00f3n a las ediciones anteriores.<\/p>\n\n\n\n<p>La edici\u00f3n de este a\u00f1o se llevar\u00e1 a cabo en noviembre del 2021 y ser\u00e1 a\u00fan mejor que la del a\u00f1o pasado. En esta edici\u00f3n, el evento contar\u00e1 con las siguientes actividades: sesiones cient\u00edficas de presentaci\u00f3n de art\u00edculos, relatos de tecnolog\u00eda y casos pedag\u00f3gicos, as\u00ed como tambi\u00e9n las Sesiones para el Perfeccionamiento de Estudios Cient\u00edficos (Sapiens), talleres, minicursos metodol\u00f3gicos y otras actividades.<\/p>\n\n\n\n<p>Con tantas ventajas, \u00bfc\u00f3mo quedarse por fuera del SemeAd 2021?<\/p>\n","protected":false},"excerpt":{"rendered":"<p>SemeAd \u2013 Seminarios en Administraci\u00f3n de la Facultad de Econom\u00eda, Administraci\u00f3n y Contabilidad de la Universidad de S\u00e3o Paulo \u2013 es un evento cient\u00edfico organizado anualmente que tiene un importante papel en el intercambio y discusi\u00f3n de la producci\u00f3n cient\u00edfica y tecnol\u00f3gica desarrollada en el \u00e1rea de la Administraci\u00f3n en Brasil y en el exterior&#8230;.<\/p>\n","protected":false},"author":4,"featured_media":0,"parent":0,"menu_order":0,"comment_status":"closed","ping_status":"open","template":"","meta":{"_acf_changed":false,"_monsterinsights_skip_tracking":false,"_monsterinsights_sitenote_active":false,"_monsterinsights_sitenote_note":"","_monsterinsights_sitenote_category":0,"footnotes":""},"class_list":["post-20969","page","type-page","status-publish","hentry"],"acf":[],"yoast_head":"<!-- This site is optimized with the Yoast SEO plugin v27.1.1 - https:\/\/yoast.com\/product\/yoast-seo-wordpress\/ -->\n<title>Evento - XXIV SemeAd<\/title>\n<meta name=\"robots\" content=\"index, follow, max-snippet:-1, max-image-preview:large, max-video-preview:-1\" \/>\n<link rel=\"canonical\" href=\"https:\/\/semead.com.br\/24\/evento\/\" \/>\n<meta property=\"og:locale\" content=\"pt_BR\" \/>\n<meta property=\"og:type\" content=\"article\" \/>\n<meta property=\"og:title\" content=\"Evento - XXIV SemeAd\" \/>\n<meta property=\"og:description\" content=\"SemeAd \u2013 Seminarios en Administraci\u00f3n de la Facultad de Econom\u00eda, Administraci\u00f3n y Contabilidad de la Universidad de S\u00e3o Paulo \u2013 es un evento cient\u00edfico organizado anualmente que tiene un importante papel en el intercambio y discusi\u00f3n de la producci\u00f3n cient\u00edfica y tecnol\u00f3gica desarrollada en el \u00e1rea de la Administraci\u00f3n en Brasil y en el exterior....\" \/>\n<meta property=\"og:url\" content=\"https:\/\/semead.com.br\/24\/evento\/?lang=es\" \/>\n<meta property=\"og:site_name\" content=\"XXIV SemeAd\" \/>\n<meta property=\"article:modified_time\" content=\"2021-06-30T23:48:46+00:00\" \/>\n<meta name=\"twitter:card\" content=\"summary_large_image\" \/>\n<meta name=\"twitter:label1\" content=\"Est. tempo de leitura\" \/>\n\t<meta name=\"twitter:data1\" content=\"2 minutos\" \/>\n<script type=\"application\/ld+json\" class=\"yoast-schema-graph\">{\"@context\":\"https:\/\/schema.org\",\"@graph\":[{\"@type\":\"WebPage\",\"@id\":\"https:\/\/semead.com.br\/24\/evento\/?lang=es\",\"url\":\"https:\/\/semead.com.br\/24\/evento\/?lang=es\",\"name\":\"Evento - XXIV SemeAd\",\"isPartOf\":{\"@id\":\"https:\/\/semead.com.br\/24\/?lang=es\/#website\"},\"datePublished\":\"2021-06-30T23:48:44+00:00\",\"dateModified\":\"2021-06-30T23:48:46+00:00\",\"breadcrumb\":{\"@id\":\"https:\/\/semead.com.br\/24\/evento\/?lang=es#breadcrumb\"},\"inLanguage\":\"pt-BR\",\"potentialAction\":[{\"@type\":\"ReadAction\",\"target\":[\"https:\/\/semead.com.br\/24\/evento\/?lang=es\"]}]},{\"@type\":\"BreadcrumbList\",\"@id\":\"https:\/\/semead.com.br\/24\/evento\/?lang=es#breadcrumb\",\"itemListElement\":[{\"@type\":\"ListItem\",\"position\":1,\"name\":\"In\u00edcio\",\"item\":\"https:\/\/semead.com.br\/24\/\"},{\"@type\":\"ListItem\",\"position\":2,\"name\":\"Evento\"}]},{\"@type\":\"WebSite\",\"@id\":\"https:\/\/semead.com.br\/24\/?lang=es\/#website\",\"url\":\"https:\/\/semead.com.br\/24\/?lang=es\/\",\"name\":\"XXIV SemeAd\",\"description\":\"Semin\u00e1rios em Administra\u00e7\u00e3o\",\"potentialAction\":[{\"@type\":\"SearchAction\",\"target\":{\"@type\":\"EntryPoint\",\"urlTemplate\":\"https:\/\/semead.com.br\/24\/?lang=es\/?s={search_term_string}\"},\"query-input\":{\"@type\":\"PropertyValueSpecification\",\"valueRequired\":true,\"valueName\":\"search_term_string\"}}],\"inLanguage\":\"pt-BR\"}]}<\/script>\n<!-- \/ Yoast SEO plugin. -->","yoast_head_json":{"title":"Evento - XXIV SemeAd","robots":{"index":"index","follow":"follow","max-snippet":"max-snippet:-1","max-image-preview":"max-image-preview:large","max-video-preview":"max-video-preview:-1"},"canonical":"https:\/\/semead.com.br\/24\/evento\/","og_locale":"pt_BR","og_type":"article","og_title":"Evento - XXIV SemeAd","og_description":"SemeAd \u2013 Seminarios en Administraci\u00f3n de la Facultad de Econom\u00eda, Administraci\u00f3n y Contabilidad de la Universidad de S\u00e3o Paulo \u2013 es un evento cient\u00edfico organizado anualmente que tiene un importante papel en el intercambio y discusi\u00f3n de la producci\u00f3n cient\u00edfica y tecnol\u00f3gica desarrollada en el \u00e1rea de la Administraci\u00f3n en Brasil y en el exterior....","og_url":"https:\/\/semead.com.br\/24\/evento\/?lang=es","og_site_name":"XXIV SemeAd","article_modified_time":"2021-06-30T23:48:46+00:00","twitter_card":"summary_large_image","twitter_misc":{"Est. tempo de leitura":"2 minutos"},"schema":{"@context":"https:\/\/schema.org","@graph":[{"@type":"WebPage","@id":"https:\/\/semead.com.br\/24\/evento\/?lang=es","url":"https:\/\/semead.com.br\/24\/evento\/?lang=es","name":"Evento - XXIV SemeAd","isPartOf":{"@id":"https:\/\/semead.com.br\/24\/?lang=es\/#website"},"datePublished":"2021-06-30T23:48:44+00:00","dateModified":"2021-06-30T23:48:46+00:00","breadcrumb":{"@id":"https:\/\/semead.com.br\/24\/evento\/?lang=es#breadcrumb"},"inLanguage":"pt-BR","potentialAction":[{"@type":"ReadAction","target":["https:\/\/semead.com.br\/24\/evento\/?lang=es"]}]},{"@type":"BreadcrumbList","@id":"https:\/\/semead.com.br\/24\/evento\/?lang=es#breadcrumb","itemListElement":[{"@type":"ListItem","position":1,"name":"In\u00edcio","item":"https:\/\/semead.com.br\/24\/"},{"@type":"ListItem","position":2,"name":"Evento"}]},{"@type":"WebSite","@id":"https:\/\/semead.com.br\/24\/?lang=es\/#website","url":"https:\/\/semead.com.br\/24\/?lang=es\/","name":"XXIV SemeAd","description":"Semin\u00e1rios em Administra\u00e7\u00e3o","potentialAction":[{"@type":"SearchAction","target":{"@type":"EntryPoint","urlTemplate":"https:\/\/semead.com.br\/24\/?lang=es\/?s={search_term_string}"},"query-input":{"@type":"PropertyValueSpecification","valueRequired":true,"valueName":"search_term_string"}}],"inLanguage":"pt-BR"}]}},"_links":{"self":[{"href":"https:\/\/semead.com.br\/24\/wp-json\/wp\/v2\/pages\/20969","targetHints":{"allow":["GET"]}}],"collection":[{"href":"https:\/\/semead.com.br\/24\/wp-json\/wp\/v2\/pages"}],"about":[{"href":"https:\/\/semead.com.br\/24\/wp-json\/wp\/v2\/types\/page"}],"author":[{"embeddable":true,"href":"https:\/\/semead.com.br\/24\/wp-json\/wp\/v2\/users\/4"}],"replies":[{"embeddable":true,"href":"https:\/\/semead.com.br\/24\/wp-json\/wp\/v2\/comments?post=20969"}],"version-history":[{"count":0,"href":"https:\/\/semead.com.br\/24\/wp-json\/wp\/v2\/pages\/20969\/revisions"}],"wp:attachment":[{"href":"https:\/\/semead.com.br\/24\/wp-json\/wp\/v2\/media?parent=20969"}],"curies":[{"name":"wp","href":"https:\/\/api.w.org\/{rel}","templated":true}]}}