{"id":20974,"date":"2021-06-30T20:50:52","date_gmt":"2021-06-30T23:50:52","guid":{"rendered":"https:\/\/semead.com.br\/24\/?page_id=20974"},"modified":"2021-08-30T11:20:39","modified_gmt":"2021-08-30T14:20:39","slug":"organizadores","status":"publish","type":"page","link":"https:\/\/semead.com.br\/24\/organizadores\/?lang=es","title":{"rendered":"Organizadores"},"content":{"rendered":"\t\t<div data-elementor-type=\"wp-page\" data-elementor-id=\"20974\" class=\"elementor elementor-20974\">\n\t\t\t\t\t\t<section class=\"elementor-section elementor-top-section elementor-element elementor-element-203c943 elementor-section-boxed elementor-section-height-default elementor-section-height-default\" data-id=\"203c943\" data-element_type=\"section\" data-e-type=\"section\">\n\t\t\t\t\t\t<div class=\"elementor-container elementor-column-gap-default\">\n\t\t\t\t\t<div class=\"elementor-column elementor-col-100 elementor-top-column elementor-element elementor-element-9d486e3\" data-id=\"9d486e3\" data-element_type=\"column\" data-e-type=\"column\">\n\t\t\t<div class=\"elementor-widget-wrap elementor-element-populated\">\n\t\t\t\t\t\t<div class=\"elementor-element elementor-element-66fa9fb elementor-widget elementor-widget-text-editor\" data-id=\"66fa9fb\" data-element_type=\"widget\" data-e-type=\"widget\" data-widget_type=\"text-editor.default\">\n\t\t\t\t<div class=\"elementor-widget-container\">\n\t\t\t\t\t\t\t\t\t<h2>Universidad de S\u00e3o Paulo &#8211; USP<\/h2><p>Prof. Dr. Vahan Agopyan<br \/><em>Rector de la Universidad de S\u00e3o Paulo<\/em><\/p><h2>Facultad de Econom\u00eda y Administraci\u00f3n (FEA-USP)<\/h2><p>Prof. Dr. F\u00e1bio Frezatti<br \/><em>Director de la Facultad de Econom\u00eda, Administraci\u00f3n y Contabilidad<\/em><\/p><p>Prof. Dr. Moacir de Miranda Oliveira J\u00fanior<br \/><em>Jefe del Departamento de Administraci\u00f3n<\/em><\/p><p>Prof. Dr. Eduardo Kazuo Kayo<br \/><em>Coordinador del Programa de Posgrado en Administraci\u00f3n<\/em><\/p>\t\t\t\t\t\t\t\t<\/div>\n\t\t\t\t<\/div>\n\t\t\t\t<div class=\"elementor-element elementor-element-d0b9940 elementor-widget elementor-widget-text-editor\" data-id=\"d0b9940\" data-element_type=\"widget\" data-e-type=\"widget\" data-widget_type=\"text-editor.default\">\n\t\t\t\t<div class=\"elementor-widget-container\">\n\t\t\t\t\t\t\t\t\t<h2>Equipo SemeAd<\/h2><p>Prof. Dr. Jo\u00e3o Maur\u00edcio Gama Boaventura<br \/><em>Coordinador General<\/em><\/p><p><em>Equipo Organizador<br \/><\/em>Eloisa Martins Alessio \u2013 Secretaria T\u00e9cnica Ejecutiva<br \/>Amanda de Paula Aguiar Barbosa \u2013 Coordinaci\u00f3n Acad\u00e9mica<\/p><p>Jardel Augusto Gomes Rodrigues Alves &#8211; Apoyo Acad\u00e9mico en Posgrado<br \/>J\u00falia Souza de Farias &#8211; Apoyo Acad\u00e9mico en Grado\/Licenciatura<br \/>Thiago Silveira Ramalho &#8211; Coordinador de Voluntarios<\/p>\t\t\t\t\t\t\t\t<\/div>\n\t\t\t\t<\/div>\n\t\t\t\t\t<\/div>\n\t\t<\/div>\n\t\t\t\t\t<\/div>\n\t\t<\/section>\n\t\t\t\t<section class=\"elementor-section elementor-top-section elementor-element elementor-element-9fdb06c elementor-section-boxed elementor-section-height-default elementor-section-height-default\" data-id=\"9fdb06c\" data-element_type=\"section\" data-e-type=\"section\">\n\t\t\t\t\t\t<div class=\"elementor-container elementor-column-gap-default\">\n\t\t\t\t\t<div class=\"elementor-column elementor-col-20 elementor-top-column elementor-element elementor-element-d53a1b2\" data-id=\"d53a1b2\" data-element_type=\"column\" data-e-type=\"column\">\n\t\t\t<div class=\"elementor-widget-wrap elementor-element-populated\">\n\t\t\t\t\t\t<div class=\"elementor-element elementor-element-4f1ffa7 elementor-widget elementor-widget-text-editor\" data-id=\"4f1ffa7\" data-element_type=\"widget\" data-e-type=\"widget\" data-widget_type=\"text-editor.default\">\n\t\t\t\t<div class=\"elementor-widget-container\">\n\t\t\t\t\t\t\t\t\t<p><strong>Consorcio Doctoral<\/strong><\/p><p>Prof. Dr. Felipe M. Borini<\/p>\t\t\t\t\t\t\t\t<\/div>\n\t\t\t\t<\/div>\n\t\t\t\t\t<\/div>\n\t\t<\/div>\n\t\t\t\t<div class=\"elementor-column elementor-col-20 elementor-top-column elementor-element elementor-element-b78df3f\" data-id=\"b78df3f\" data-element_type=\"column\" data-e-type=\"column\">\n\t\t\t<div class=\"elementor-widget-wrap elementor-element-populated\">\n\t\t\t\t\t\t<div class=\"elementor-element elementor-element-1740ad0 elementor-widget elementor-widget-text-editor\" data-id=\"1740ad0\" data-element_type=\"widget\" data-e-type=\"widget\" data-widget_type=\"text-editor.default\">\n\t\t\t\t<div class=\"elementor-widget-container\">\n\t\t\t\t\t\t\t\t\t<p><strong>Fast-Track e Special Issues<\/strong><\/p><p>Prof. Dr. Ricardo V. Dias Jord\u00e3o &amp; Me. Luiz Guilherme Antunes<\/p>\t\t\t\t\t\t\t\t<\/div>\n\t\t\t\t<\/div>\n\t\t\t\t\t<\/div>\n\t\t<\/div>\n\t\t\t\t<div class=\"elementor-column elementor-col-20 elementor-top-column elementor-element elementor-element-d599256\" data-id=\"d599256\" data-element_type=\"column\" data-e-type=\"column\">\n\t\t\t<div class=\"elementor-widget-wrap elementor-element-populated\">\n\t\t\t\t\t\t<div class=\"elementor-element elementor-element-df9fd8e elementor-widget elementor-widget-text-editor\" data-id=\"df9fd8e\" data-element_type=\"widget\" data-e-type=\"widget\" data-widget_type=\"text-editor.default\">\n\t\t\t\t<div class=\"elementor-widget-container\">\n\t\t\t\t\t\t\t\t\t<p class=\"p1\"><b>Proyectos de Impacto<\/b><\/p><p>Profa. Dra. Graziela D. Alperstedt<\/p>\t\t\t\t\t\t\t\t<\/div>\n\t\t\t\t<\/div>\n\t\t\t\t\t<\/div>\n\t\t<\/div>\n\t\t\t\t<div class=\"elementor-column elementor-col-20 elementor-top-column elementor-element elementor-element-580b9e7\" data-id=\"580b9e7\" data-element_type=\"column\" data-e-type=\"column\">\n\t\t\t<div class=\"elementor-widget-wrap elementor-element-populated\">\n\t\t\t\t\t\t<div class=\"elementor-element elementor-element-263d97a elementor-widget elementor-widget-text-editor\" data-id=\"263d97a\" data-element_type=\"widget\" data-e-type=\"widget\" data-widget_type=\"text-editor.default\">\n\t\t\t\t<div class=\"elementor-widget-container\">\n\t\t\t\t\t\t\t\t\t<p><strong>SemeAD Connecta<\/strong><\/p><p>Profa. Dra. Adriana Backx &amp; Me. Gabriela Troyano<\/p>\t\t\t\t\t\t\t\t<\/div>\n\t\t\t\t<\/div>\n\t\t\t\t\t<\/div>\n\t\t<\/div>\n\t\t\t\t<div class=\"elementor-column elementor-col-20 elementor-top-column elementor-element elementor-element-a0103a5\" data-id=\"a0103a5\" data-element_type=\"column\" data-e-type=\"column\">\n\t\t\t<div class=\"elementor-widget-wrap elementor-element-populated\">\n\t\t\t\t\t\t<div class=\"elementor-element elementor-element-bd803dc elementor-widget elementor-widget-text-editor\" data-id=\"bd803dc\" data-element_type=\"widget\" data-e-type=\"widget\" data-widget_type=\"text-editor.default\">\n\t\t\t\t<div class=\"elementor-widget-container\">\n\t\t\t\t\t\t\t\t\t<p class=\"p1\"><b>Seminarios de Preparaci\u00f3n para Doctorado<\/b><\/p><p>Profa. Dra. Daielly M. N. Mantovani<\/p>\t\t\t\t\t\t\t\t<\/div>\n\t\t\t\t<\/div>\n\t\t\t\t\t<\/div>\n\t\t<\/div>\n\t\t\t\t\t<\/div>\n\t\t<\/section>\n\t\t\t\t<section class=\"elementor-section elementor-top-section elementor-element elementor-element-0b342ae elementor-section-boxed elementor-section-height-default elementor-section-height-default\" data-id=\"0b342ae\" data-element_type=\"section\" data-e-type=\"section\">\n\t\t\t\t\t\t<div class=\"elementor-container elementor-column-gap-default\">\n\t\t\t\t\t<div class=\"elementor-column elementor-col-100 elementor-top-column elementor-element elementor-element-cbb721f\" data-id=\"cbb721f\" data-element_type=\"column\" data-e-type=\"column\">\n\t\t\t<div class=\"elementor-widget-wrap elementor-element-populated\">\n\t\t\t\t\t\t<div class=\"elementor-element elementor-element-b014cf0 elementor-widget elementor-widget-text-editor\" data-id=\"b014cf0\" data-element_type=\"widget\" data-e-type=\"widget\" data-widget_type=\"text-editor.default\">\n\t\t\t\t<div class=\"elementor-widget-container\">\n\t\t\t\t\t\t\t\t\t<h2 class=\"p1\">Comit\u00e9 Cient\u00edfico \u2013 \u00c1reas<\/h2>\t\t\t\t\t\t\t\t<\/div>\n\t\t\t\t<\/div>\n\t\t\t\t\t<\/div>\n\t\t<\/div>\n\t\t\t\t\t<\/div>\n\t\t<\/section>\n\t\t\t\t<section class=\"elementor-section elementor-top-section elementor-element elementor-element-63b0b1a elementor-section-boxed elementor-section-height-default elementor-section-height-default\" data-id=\"63b0b1a\" data-element_type=\"section\" data-e-type=\"section\">\n\t\t\t\t\t\t<div class=\"elementor-container elementor-column-gap-default\">\n\t\t\t\t\t<div class=\"elementor-column elementor-col-50 elementor-top-column elementor-element elementor-element-547e6c2\" data-id=\"547e6c2\" data-element_type=\"column\" data-e-type=\"column\">\n\t\t\t<div class=\"elementor-widget-wrap elementor-element-populated\">\n\t\t\t\t\t\t<div class=\"elementor-element elementor-element-2539dc2 elementor-widget elementor-widget-text-editor\" data-id=\"2539dc2\" data-element_type=\"widget\" data-e-type=\"widget\" data-widget_type=\"text-editor.default\">\n\t\t\t\t<div class=\"elementor-widget-container\">\n\t\t\t\t\t\t\t\t\t<p><strong>Administraci\u00f3n P\u00fablica<br \/><\/strong>Coordinadores: Prof. Dr. Jos\u00e9 Carlos Vaz y Prof. Dr. Alessandro Soares da Silva<\/p><p><strong>Agroindustria<br \/><\/strong>Coordinadoras: Profa. Dra. Maria Sylvia Saes y Profa. Dra. Silvia Morales de Queiroz Caleman<\/p><p><strong>Emprendimiento<br \/><\/strong>Coordinadores: Prof. Dr. Tales Andreassi y Prof. Dr. Eduardo Vilas Boas<\/p><p><strong>Ense\u00f1anza e Investigaci\u00f3n<\/strong><br \/>Coordinadora: Profa. Dra. Manolita Correia Lima<\/p><p><strong>Estrategia en Organizaciones<br \/><\/strong>Coordinadores: Prof. Dr. Benny Kramer Costa y Profa. Dra. Simone Barakat<\/p><p><strong>Estudios Organizacionales<br \/><\/strong>Coordinadora: Profa. Dra. Maria Luisa Mendes Teixeira<\/p><p><strong>Finanzas<br \/><\/strong>Coordinadora: Profa. Dra. Elizabeth Krauter<\/p><p><strong>Gesti\u00f3n de la Innovaci\u00f3n<br \/><\/strong>Coordinadores: Prof. Dr. Guilherme Ary Plonski y Prof. Dr. Carlos Augusto Vargas<\/p>\t\t\t\t\t\t\t\t<\/div>\n\t\t\t\t<\/div>\n\t\t\t\t\t<\/div>\n\t\t<\/div>\n\t\t\t\t<div class=\"elementor-column elementor-col-50 elementor-top-column elementor-element elementor-element-2fc5f4b\" data-id=\"2fc5f4b\" data-element_type=\"column\" data-e-type=\"column\">\n\t\t\t<div class=\"elementor-widget-wrap elementor-element-populated\">\n\t\t\t\t\t\t<div class=\"elementor-element elementor-element-41e6e7b elementor-widget elementor-widget-text-editor\" data-id=\"41e6e7b\" data-element_type=\"widget\" data-e-type=\"widget\" data-widget_type=\"text-editor.default\">\n\t\t\t\t<div class=\"elementor-widget-container\">\n\t\t\t\t\t\t\t\t\t<p><strong>Gesti\u00f3n de Personas<br \/><\/strong>Coordinadora: Profa. Dra. Heliani Berlato dos Santos<\/p><p><strong>Gesti\u00f3n Socioambiental <br \/><\/strong>Coordinadores: Prof. Dr. Flavio Hourneaux J\u00fanior y Profa. Dra. Clandia Maffini Gomes<\/p><p><strong>Mercadeo<br \/><\/strong>Coordinadores: Prof. Dr. Guilherme Farias Shiraishi y Profa. Dra. Suzane Strelau<\/p><p><strong>Operaciones<br \/><\/strong>Coordinador: Prof. Dr. Alvair Silveira Torres J\u00fanior<\/p><p><strong>Tecnolog\u00eda de la Informaci\u00f3n<br \/><\/strong>Coordinador: Prof. Dr. Gilberto Perez<\/p><p><strong>Turismo y Hospitalidad<br \/><\/strong>Coordinadora: Profa. Dra. Elizabeth Kyoko Wada<\/p><p><strong>Art\u00edculos Aplicados<br \/><\/strong>Coordinador: Prof. Dr. Adilson Caldeira<\/p>\t\t\t\t\t\t\t\t<\/div>\n\t\t\t\t<\/div>\n\t\t\t\t\t<\/div>\n\t\t<\/div>\n\t\t\t\t\t<\/div>\n\t\t<\/section>\n\t\t\t\t<\/div>\n\t\t","protected":false},"excerpt":{"rendered":"<p>Universidad de S\u00e3o Paulo &#8211; USP Prof. Dr. Vahan AgopyanRector de la Universidad de S\u00e3o Paulo Facultad de Econom\u00eda y Administraci\u00f3n (FEA-USP) Prof. Dr. F\u00e1bio FrezattiDirector de la Facultad de Econom\u00eda, Administraci\u00f3n y Contabilidad Prof. Dr. Moacir de Miranda Oliveira J\u00faniorJefe del Departamento de Administraci\u00f3n Prof. Dr. Eduardo Kazuo KayoCoordinador del Programa de Posgrado en&#8230;<\/p>\n","protected":false},"author":4,"featured_media":0,"parent":0,"menu_order":0,"comment_status":"closed","ping_status":"open","template":"","meta":{"_acf_changed":false,"_monsterinsights_skip_tracking":false,"_monsterinsights_sitenote_active":false,"_monsterinsights_sitenote_note":"","_monsterinsights_sitenote_category":0,"footnotes":""},"class_list":["post-20974","page","type-page","status-publish","hentry"],"acf":[],"yoast_head":"<!-- This site is optimized with the Yoast SEO plugin v27.1.1 - https:\/\/yoast.com\/product\/yoast-seo-wordpress\/ -->\n<title>Organizadores - XXIV SemeAd<\/title>\n<meta name=\"robots\" content=\"index, follow, max-snippet:-1, max-image-preview:large, max-video-preview:-1\" \/>\n<link rel=\"canonical\" href=\"https:\/\/semead.com.br\/24\/organizadores\/\" \/>\n<meta property=\"og:locale\" content=\"pt_BR\" \/>\n<meta property=\"og:type\" content=\"article\" \/>\n<meta property=\"og:title\" content=\"Organizadores - XXIV SemeAd\" \/>\n<meta property=\"og:description\" content=\"Universidad de S\u00e3o Paulo &#8211; USP Prof. Dr. Vahan AgopyanRector de la Universidad de S\u00e3o Paulo Facultad de Econom\u00eda y Administraci\u00f3n (FEA-USP) Prof. Dr. F\u00e1bio FrezattiDirector de la Facultad de Econom\u00eda, Administraci\u00f3n y Contabilidad Prof. Dr. Moacir de Miranda Oliveira J\u00faniorJefe del Departamento de Administraci\u00f3n Prof. Dr. Eduardo Kazuo KayoCoordinador del Programa de Posgrado en...\" \/>\n<meta property=\"og:url\" content=\"https:\/\/semead.com.br\/24\/organizadores\/?lang=es\" \/>\n<meta property=\"og:site_name\" content=\"XXIV SemeAd\" \/>\n<meta property=\"article:modified_time\" content=\"2021-08-30T14:20:39+00:00\" \/>\n<meta name=\"twitter:card\" content=\"summary_large_image\" \/>\n<meta name=\"twitter:label1\" content=\"Est. tempo de leitura\" \/>\n\t<meta name=\"twitter:data1\" content=\"2 minutos\" \/>\n<script type=\"application\/ld+json\" class=\"yoast-schema-graph\">{\"@context\":\"https:\/\/schema.org\",\"@graph\":[{\"@type\":\"WebPage\",\"@id\":\"https:\/\/semead.com.br\/24\/organizadores\/?lang=es\",\"url\":\"https:\/\/semead.com.br\/24\/organizadores\/?lang=es\",\"name\":\"Organizadores - XXIV SemeAd\",\"isPartOf\":{\"@id\":\"https:\/\/semead.com.br\/24\/?lang=es\/#website\"},\"datePublished\":\"2021-06-30T23:50:52+00:00\",\"dateModified\":\"2021-08-30T14:20:39+00:00\",\"breadcrumb\":{\"@id\":\"https:\/\/semead.com.br\/24\/organizadores\/?lang=es#breadcrumb\"},\"inLanguage\":\"pt-BR\",\"potentialAction\":[{\"@type\":\"ReadAction\",\"target\":[\"https:\/\/semead.com.br\/24\/organizadores\/?lang=es\"]}]},{\"@type\":\"BreadcrumbList\",\"@id\":\"https:\/\/semead.com.br\/24\/organizadores\/?lang=es#breadcrumb\",\"itemListElement\":[{\"@type\":\"ListItem\",\"position\":1,\"name\":\"In\u00edcio\",\"item\":\"https:\/\/semead.com.br\/24\/\"},{\"@type\":\"ListItem\",\"position\":2,\"name\":\"Organizadores\"}]},{\"@type\":\"WebSite\",\"@id\":\"https:\/\/semead.com.br\/24\/?lang=es\/#website\",\"url\":\"https:\/\/semead.com.br\/24\/?lang=es\/\",\"name\":\"XXIV SemeAd\",\"description\":\"Semin\u00e1rios em Administra\u00e7\u00e3o\",\"potentialAction\":[{\"@type\":\"SearchAction\",\"target\":{\"@type\":\"EntryPoint\",\"urlTemplate\":\"https:\/\/semead.com.br\/24\/?lang=es\/?s={search_term_string}\"},\"query-input\":{\"@type\":\"PropertyValueSpecification\",\"valueRequired\":true,\"valueName\":\"search_term_string\"}}],\"inLanguage\":\"pt-BR\"}]}<\/script>\n<!-- \/ Yoast SEO plugin. -->","yoast_head_json":{"title":"Organizadores - XXIV SemeAd","robots":{"index":"index","follow":"follow","max-snippet":"max-snippet:-1","max-image-preview":"max-image-preview:large","max-video-preview":"max-video-preview:-1"},"canonical":"https:\/\/semead.com.br\/24\/organizadores\/","og_locale":"pt_BR","og_type":"article","og_title":"Organizadores - XXIV SemeAd","og_description":"Universidad de S\u00e3o Paulo &#8211; USP Prof. Dr. Vahan AgopyanRector de la Universidad de S\u00e3o Paulo Facultad de Econom\u00eda y Administraci\u00f3n (FEA-USP) Prof. Dr. F\u00e1bio FrezattiDirector de la Facultad de Econom\u00eda, Administraci\u00f3n y Contabilidad Prof. Dr. Moacir de Miranda Oliveira J\u00faniorJefe del Departamento de Administraci\u00f3n Prof. Dr. Eduardo Kazuo KayoCoordinador del Programa de Posgrado en...","og_url":"https:\/\/semead.com.br\/24\/organizadores\/?lang=es","og_site_name":"XXIV SemeAd","article_modified_time":"2021-08-30T14:20:39+00:00","twitter_card":"summary_large_image","twitter_misc":{"Est. tempo de leitura":"2 minutos"},"schema":{"@context":"https:\/\/schema.org","@graph":[{"@type":"WebPage","@id":"https:\/\/semead.com.br\/24\/organizadores\/?lang=es","url":"https:\/\/semead.com.br\/24\/organizadores\/?lang=es","name":"Organizadores - XXIV SemeAd","isPartOf":{"@id":"https:\/\/semead.com.br\/24\/?lang=es\/#website"},"datePublished":"2021-06-30T23:50:52+00:00","dateModified":"2021-08-30T14:20:39+00:00","breadcrumb":{"@id":"https:\/\/semead.com.br\/24\/organizadores\/?lang=es#breadcrumb"},"inLanguage":"pt-BR","potentialAction":[{"@type":"ReadAction","target":["https:\/\/semead.com.br\/24\/organizadores\/?lang=es"]}]},{"@type":"BreadcrumbList","@id":"https:\/\/semead.com.br\/24\/organizadores\/?lang=es#breadcrumb","itemListElement":[{"@type":"ListItem","position":1,"name":"In\u00edcio","item":"https:\/\/semead.com.br\/24\/"},{"@type":"ListItem","position":2,"name":"Organizadores"}]},{"@type":"WebSite","@id":"https:\/\/semead.com.br\/24\/?lang=es\/#website","url":"https:\/\/semead.com.br\/24\/?lang=es\/","name":"XXIV SemeAd","description":"Semin\u00e1rios em Administra\u00e7\u00e3o","potentialAction":[{"@type":"SearchAction","target":{"@type":"EntryPoint","urlTemplate":"https:\/\/semead.com.br\/24\/?lang=es\/?s={search_term_string}"},"query-input":{"@type":"PropertyValueSpecification","valueRequired":true,"valueName":"search_term_string"}}],"inLanguage":"pt-BR"}]}},"_links":{"self":[{"href":"https:\/\/semead.com.br\/24\/wp-json\/wp\/v2\/pages\/20974","targetHints":{"allow":["GET"]}}],"collection":[{"href":"https:\/\/semead.com.br\/24\/wp-json\/wp\/v2\/pages"}],"about":[{"href":"https:\/\/semead.com.br\/24\/wp-json\/wp\/v2\/types\/page"}],"author":[{"embeddable":true,"href":"https:\/\/semead.com.br\/24\/wp-json\/wp\/v2\/users\/4"}],"replies":[{"embeddable":true,"href":"https:\/\/semead.com.br\/24\/wp-json\/wp\/v2\/comments?post=20974"}],"version-history":[{"count":0,"href":"https:\/\/semead.com.br\/24\/wp-json\/wp\/v2\/pages\/20974\/revisions"}],"wp:attachment":[{"href":"https:\/\/semead.com.br\/24\/wp-json\/wp\/v2\/media?parent=20974"}],"curies":[{"name":"wp","href":"https:\/\/api.w.org\/{rel}","templated":true}]}}