{"id":20985,"date":"2021-06-30T21:08:27","date_gmt":"2021-07-01T00:08:27","guid":{"rendered":"https:\/\/semead.com.br\/24\/?page_id=20985"},"modified":"2021-06-30T21:08:29","modified_gmt":"2021-07-01T00:08:29","slug":"contactenos","status":"publish","type":"page","link":"https:\/\/semead.com.br\/24\/contactenos\/?lang=es","title":{"rendered":"Cont\u00e1ctenos"},"content":{"rendered":"\n<p><strong>SemeAd<\/strong><\/p>\n\n\n\n<p>Secretar\u00eda del Programa de Posgrado en Administraci\u00f3n \u2013 USP<\/p>\n\n\n\n<p>Av. Prof. Luciano Gualberto, 908. Cid. Universit\u00e1ria, S\u00e3o Paulo &#8211; SP CEP: 05508-010<\/p>\n\n\n\n<p><strong>Equipo Organizador<\/strong><\/p>\n\n\n\n<p>Prof. Dr. Jo\u00e3o Maur\u00edcio Gama Boaventura&nbsp;<\/p>\n\n\n\n<p><em>Coordinador General<\/em><\/p>\n\n\n\n<p>Eloisa Martins Alessio \u2013 Organizaci\u00f3n T\u00e9cnica<\/p>\n\n\n\n<p>Amanda de Paula Aguiar Barbosa &#8211; Coordinaci\u00f3n Acad\u00e9mica<\/p>\n\n\n\n<p>Correo Electr\u00f3nico: contato@semead.com.br\u00a0<\/p>\n","protected":false},"excerpt":{"rendered":"<p>SemeAd Secretar\u00eda del Programa de Posgrado en Administraci\u00f3n \u2013 USP Av. Prof. Luciano Gualberto, 908. Cid. Universit\u00e1ria, S\u00e3o Paulo &#8211; SP CEP: 05508-010 Equipo Organizador Prof. Dr. Jo\u00e3o Maur\u00edcio Gama Boaventura&nbsp; Coordinador General Eloisa Martins Alessio \u2013 Organizaci\u00f3n T\u00e9cnica Amanda de Paula Aguiar Barbosa &#8211; Coordinaci\u00f3n Acad\u00e9mica Correo Electr\u00f3nico: contato@semead.com.br\u00a0<\/p>\n","protected":false},"author":4,"featured_media":0,"parent":0,"menu_order":0,"comment_status":"closed","ping_status":"open","template":"","meta":{"_acf_changed":false,"_monsterinsights_skip_tracking":false,"_monsterinsights_sitenote_active":false,"_monsterinsights_sitenote_note":"","_monsterinsights_sitenote_category":0,"footnotes":""},"class_list":["post-20985","page","type-page","status-publish","hentry"],"acf":[],"yoast_head":"<!-- This site is optimized with the Yoast SEO plugin v27.1.1 - https:\/\/yoast.com\/product\/yoast-seo-wordpress\/ -->\n<title>Cont\u00e1ctenos - XXIV SemeAd<\/title>\n<meta name=\"robots\" content=\"index, follow, max-snippet:-1, max-image-preview:large, max-video-preview:-1\" \/>\n<link rel=\"canonical\" href=\"https:\/\/semead.com.br\/24\/contactenos\/\" \/>\n<meta property=\"og:locale\" content=\"pt_BR\" \/>\n<meta property=\"og:type\" content=\"article\" \/>\n<meta property=\"og:title\" content=\"Cont\u00e1ctenos - XXIV SemeAd\" \/>\n<meta property=\"og:description\" content=\"SemeAd Secretar\u00eda del Programa de Posgrado en Administraci\u00f3n \u2013 USP Av. Prof. Luciano Gualberto, 908. Cid. Universit\u00e1ria, S\u00e3o Paulo &#8211; SP CEP: 05508-010 Equipo Organizador Prof. Dr. Jo\u00e3o Maur\u00edcio Gama Boaventura&nbsp; Coordinador General Eloisa Martins Alessio \u2013 Organizaci\u00f3n T\u00e9cnica Amanda de Paula Aguiar Barbosa &#8211; Coordinaci\u00f3n Acad\u00e9mica Correo Electr\u00f3nico: contato@semead.com.br\u00a0\" \/>\n<meta property=\"og:url\" content=\"https:\/\/semead.com.br\/24\/contactenos\/?lang=es\" \/>\n<meta property=\"og:site_name\" content=\"XXIV SemeAd\" \/>\n<meta property=\"article:modified_time\" content=\"2021-07-01T00:08:29+00:00\" \/>\n<meta name=\"twitter:card\" content=\"summary_large_image\" \/>\n<meta name=\"twitter:label1\" content=\"Est. tempo de leitura\" \/>\n\t<meta name=\"twitter:data1\" content=\"1 minuto\" \/>\n<script type=\"application\/ld+json\" class=\"yoast-schema-graph\">{\"@context\":\"https:\/\/schema.org\",\"@graph\":[{\"@type\":\"WebPage\",\"@id\":\"https:\/\/semead.com.br\/24\/contactenos\/?lang=es\",\"url\":\"https:\/\/semead.com.br\/24\/contactenos\/?lang=es\",\"name\":\"Cont\u00e1ctenos - XXIV SemeAd\",\"isPartOf\":{\"@id\":\"https:\/\/semead.com.br\/24\/?lang=es\/#website\"},\"datePublished\":\"2021-07-01T00:08:27+00:00\",\"dateModified\":\"2021-07-01T00:08:29+00:00\",\"breadcrumb\":{\"@id\":\"https:\/\/semead.com.br\/24\/contactenos\/?lang=es#breadcrumb\"},\"inLanguage\":\"pt-BR\",\"potentialAction\":[{\"@type\":\"ReadAction\",\"target\":[\"https:\/\/semead.com.br\/24\/contactenos\/?lang=es\"]}]},{\"@type\":\"BreadcrumbList\",\"@id\":\"https:\/\/semead.com.br\/24\/contactenos\/?lang=es#breadcrumb\",\"itemListElement\":[{\"@type\":\"ListItem\",\"position\":1,\"name\":\"In\u00edcio\",\"item\":\"https:\/\/semead.com.br\/24\/\"},{\"@type\":\"ListItem\",\"position\":2,\"name\":\"Cont\u00e1ctenos\"}]},{\"@type\":\"WebSite\",\"@id\":\"https:\/\/semead.com.br\/24\/?lang=es\/#website\",\"url\":\"https:\/\/semead.com.br\/24\/?lang=es\/\",\"name\":\"XXIV SemeAd\",\"description\":\"Semin\u00e1rios em Administra\u00e7\u00e3o\",\"potentialAction\":[{\"@type\":\"SearchAction\",\"target\":{\"@type\":\"EntryPoint\",\"urlTemplate\":\"https:\/\/semead.com.br\/24\/?lang=es\/?s={search_term_string}\"},\"query-input\":{\"@type\":\"PropertyValueSpecification\",\"valueRequired\":true,\"valueName\":\"search_term_string\"}}],\"inLanguage\":\"pt-BR\"}]}<\/script>\n<!-- \/ Yoast SEO plugin. -->","yoast_head_json":{"title":"Cont\u00e1ctenos - XXIV SemeAd","robots":{"index":"index","follow":"follow","max-snippet":"max-snippet:-1","max-image-preview":"max-image-preview:large","max-video-preview":"max-video-preview:-1"},"canonical":"https:\/\/semead.com.br\/24\/contactenos\/","og_locale":"pt_BR","og_type":"article","og_title":"Cont\u00e1ctenos - XXIV SemeAd","og_description":"SemeAd Secretar\u00eda del Programa de Posgrado en Administraci\u00f3n \u2013 USP Av. Prof. Luciano Gualberto, 908. Cid. Universit\u00e1ria, S\u00e3o Paulo &#8211; SP CEP: 05508-010 Equipo Organizador Prof. Dr. Jo\u00e3o Maur\u00edcio Gama Boaventura&nbsp; Coordinador General Eloisa Martins Alessio \u2013 Organizaci\u00f3n T\u00e9cnica Amanda de Paula Aguiar Barbosa &#8211; Coordinaci\u00f3n Acad\u00e9mica Correo Electr\u00f3nico: contato@semead.com.br\u00a0","og_url":"https:\/\/semead.com.br\/24\/contactenos\/?lang=es","og_site_name":"XXIV SemeAd","article_modified_time":"2021-07-01T00:08:29+00:00","twitter_card":"summary_large_image","twitter_misc":{"Est. tempo de leitura":"1 minuto"},"schema":{"@context":"https:\/\/schema.org","@graph":[{"@type":"WebPage","@id":"https:\/\/semead.com.br\/24\/contactenos\/?lang=es","url":"https:\/\/semead.com.br\/24\/contactenos\/?lang=es","name":"Cont\u00e1ctenos - XXIV SemeAd","isPartOf":{"@id":"https:\/\/semead.com.br\/24\/?lang=es\/#website"},"datePublished":"2021-07-01T00:08:27+00:00","dateModified":"2021-07-01T00:08:29+00:00","breadcrumb":{"@id":"https:\/\/semead.com.br\/24\/contactenos\/?lang=es#breadcrumb"},"inLanguage":"pt-BR","potentialAction":[{"@type":"ReadAction","target":["https:\/\/semead.com.br\/24\/contactenos\/?lang=es"]}]},{"@type":"BreadcrumbList","@id":"https:\/\/semead.com.br\/24\/contactenos\/?lang=es#breadcrumb","itemListElement":[{"@type":"ListItem","position":1,"name":"In\u00edcio","item":"https:\/\/semead.com.br\/24\/"},{"@type":"ListItem","position":2,"name":"Cont\u00e1ctenos"}]},{"@type":"WebSite","@id":"https:\/\/semead.com.br\/24\/?lang=es\/#website","url":"https:\/\/semead.com.br\/24\/?lang=es\/","name":"XXIV SemeAd","description":"Semin\u00e1rios em Administra\u00e7\u00e3o","potentialAction":[{"@type":"SearchAction","target":{"@type":"EntryPoint","urlTemplate":"https:\/\/semead.com.br\/24\/?lang=es\/?s={search_term_string}"},"query-input":{"@type":"PropertyValueSpecification","valueRequired":true,"valueName":"search_term_string"}}],"inLanguage":"pt-BR"}]}},"_links":{"self":[{"href":"https:\/\/semead.com.br\/24\/wp-json\/wp\/v2\/pages\/20985","targetHints":{"allow":["GET"]}}],"collection":[{"href":"https:\/\/semead.com.br\/24\/wp-json\/wp\/v2\/pages"}],"about":[{"href":"https:\/\/semead.com.br\/24\/wp-json\/wp\/v2\/types\/page"}],"author":[{"embeddable":true,"href":"https:\/\/semead.com.br\/24\/wp-json\/wp\/v2\/users\/4"}],"replies":[{"embeddable":true,"href":"https:\/\/semead.com.br\/24\/wp-json\/wp\/v2\/comments?post=20985"}],"version-history":[{"count":0,"href":"https:\/\/semead.com.br\/24\/wp-json\/wp\/v2\/pages\/20985\/revisions"}],"wp:attachment":[{"href":"https:\/\/semead.com.br\/24\/wp-json\/wp\/v2\/media?parent=20985"}],"curies":[{"name":"wp","href":"https:\/\/api.w.org\/{rel}","templated":true}]}}