{"id":21273,"date":"2021-07-01T16:39:51","date_gmt":"2021-07-01T19:39:51","guid":{"rendered":"https:\/\/semead.com.br\/24\/?page_id=21273"},"modified":"2021-07-21T10:28:36","modified_gmt":"2021-07-21T13:28:36","slug":"proceso-de-envio-para-fast-track","status":"publish","type":"page","link":"https:\/\/semead.com.br\/24\/proceso-de-envio-para-fast-track\/?lang=es","title":{"rendered":"Proceso de Env\u00edo para Fast-Track"},"content":{"rendered":"\t\t<div data-elementor-type=\"wp-page\" data-elementor-id=\"21273\" class=\"elementor elementor-21273\">\n\t\t\t\t\t\t<section class=\"elementor-section elementor-top-section elementor-element elementor-element-430c9ac elementor-section-boxed elementor-section-height-default elementor-section-height-default\" data-id=\"430c9ac\" data-element_type=\"section\" data-e-type=\"section\">\n\t\t\t\t\t\t<div class=\"elementor-container elementor-column-gap-default\">\n\t\t\t\t\t<div class=\"elementor-column elementor-col-100 elementor-top-column elementor-element elementor-element-b0f8186\" data-id=\"b0f8186\" data-element_type=\"column\" data-e-type=\"column\">\n\t\t\t<div class=\"elementor-widget-wrap elementor-element-populated\">\n\t\t\t\t\t\t<div class=\"elementor-element elementor-element-9ec16a0 elementor-widget elementor-widget-image\" data-id=\"9ec16a0\" data-element_type=\"widget\" data-e-type=\"widget\" data-widget_type=\"image.default\">\n\t\t\t\t<div class=\"elementor-widget-container\">\n\t\t\t\t\t\t\t\t\t\t\t\t<figure class=\"wp-caption\">\n\t\t\t\t\t\t\t\t\t\t<img fetchpriority=\"high\" decoding=\"async\" width=\"1024\" height=\"576\" src=\"https:\/\/semead.com.br\/24\/wp-content\/uploads\/sites\/13\/2021\/07\/Slide1-1024x576.png\" class=\"attachment-large size-large wp-image-21991\" alt=\"\" srcset=\"https:\/\/semead.com.br\/24\/wp-content\/uploads\/sites\/13\/2021\/07\/Slide1-1024x576.png 1024w, https:\/\/semead.com.br\/24\/wp-content\/uploads\/sites\/13\/2021\/07\/Slide1-300x169.png 300w, https:\/\/semead.com.br\/24\/wp-content\/uploads\/sites\/13\/2021\/07\/Slide1.png 1280w\" sizes=\"(max-width: 1024px) 100vw, 1024px\" \/>\t\t\t\t\t\t\t\t\t\t\t<figcaption class=\"widget-image-caption wp-caption-text\">Diagrama de Flujo de Env\u00edos<\/figcaption>\n\t\t\t\t\t\t\t\t\t\t<\/figure>\n\t\t\t\t\t\t\t\t\t<\/div>\n\t\t\t\t<\/div>\n\t\t\t\t\t<\/div>\n\t\t<\/div>\n\t\t\t\t\t<\/div>\n\t\t<\/section>\n\t\t\t\t<section class=\"elementor-section elementor-top-section elementor-element elementor-element-715624e elementor-section-boxed elementor-section-height-default elementor-section-height-default\" data-id=\"715624e\" data-element_type=\"section\" data-e-type=\"section\">\n\t\t\t\t\t\t<div class=\"elementor-container elementor-column-gap-default\">\n\t\t\t\t\t<div class=\"elementor-column elementor-col-100 elementor-top-column elementor-element elementor-element-f159d19\" data-id=\"f159d19\" data-element_type=\"column\" data-e-type=\"column\">\n\t\t\t<div class=\"elementor-widget-wrap elementor-element-populated\">\n\t\t\t\t\t\t<div class=\"elementor-element elementor-element-898c32b elementor-widget elementor-widget-text-editor\" data-id=\"898c32b\" data-element_type=\"widget\" data-e-type=\"widget\" data-widget_type=\"text-editor.default\">\n\t\t\t\t<div class=\"elementor-widget-container\">\n\t\t\t\t\t\t\t\t\t<p><span style=\"text-decoration: underline;\"><strong>Informaciones Importantes<\/strong><\/span>:<\/p><ol><li>Los autores acuerdan que, al elegir las revistas, permitir\u00e1n que SemeAd env\u00ede sus trabajos para que los revisen los editores de las revistas.<\/li><li>Cada trabajo aprobado por Fast-Track ser\u00e1 nominado para <strong>una sola revista<\/strong>.<\/li><li><strong>SemeAd no garantiza la aprobaci\u00f3n del trabajo por las revistas<\/strong>. Los trabajos seleccionados por Fast-Track y enviados a revistas seguir\u00e1n el curso normal de evaluaci\u00f3n en revisi\u00f3n ciega, pero sin el paso de revisi\u00f3n documental. <strong>Las revistas son responsables de la aprobaci\u00f3n o desaprobaci\u00f3n del trabajo para su publicaci\u00f3n<\/strong>.<\/li><li>Los autores deben verificar y seguir las reglas de env\u00edo de las revistas.<\/li><li>SemeAd no es responsable de los acontecimientos imprevistos de cualquier naturaleza por parte de la revista.<\/li><li>Los autores deben informar a los editores, cuando entregar sus trabajos a revistas, que sus art\u00edculos han sido aprobados en el Fast-Track de SemeAd. Esta informaci\u00f3n debe incluirse en el campo \u201cInformaci\u00f3n a los Editores\u201d, campo similar o posiblemente por correo electr\u00f3nico a los editores.<\/li><li>Los art\u00edculos escritos en Portugu\u00e9s deben ser traducidos al Ingl\u00e9s, si se seleccionados para revistas internacionales, siguiendo las reglas de la revista (El \u00e1rea de Special Issues solo acepta env\u00edos en ingl\u00e9s).<\/li><li>Usamos la \u00faltima clasificaci\u00f3n oficial de Qualis \/ Capes, siguiendo el Quadrennium 2013-2016 (https:\/\/sucupira.capes.gov.br\/sucupira\/public\/consultas\/coleta\/veiculoPublicacaoQualis\/listaConsultaGeralPeriodicos.jsf)<\/li><\/ol>\t\t\t\t\t\t\t\t<\/div>\n\t\t\t\t<\/div>\n\t\t\t\t\t<\/div>\n\t\t<\/div>\n\t\t\t\t\t<\/div>\n\t\t<\/section>\n\t\t\t\t<\/div>\n\t\t","protected":false},"excerpt":{"rendered":"<p>Diagrama de Flujo de Env\u00edos Informaciones Importantes: Los autores acuerdan que, al elegir las revistas, permitir\u00e1n que SemeAd env\u00ede sus trabajos para que los revisen los editores de las revistas. Cada trabajo aprobado por Fast-Track ser\u00e1 nominado para una sola revista. SemeAd no garantiza la aprobaci\u00f3n del trabajo por las revistas. Los trabajos seleccionados por&#8230;<\/p>\n","protected":false},"author":4,"featured_media":0,"parent":0,"menu_order":0,"comment_status":"closed","ping_status":"closed","template":"","meta":{"_acf_changed":false,"_monsterinsights_skip_tracking":false,"_monsterinsights_sitenote_active":false,"_monsterinsights_sitenote_note":"","_monsterinsights_sitenote_category":0,"footnotes":""},"class_list":["post-21273","page","type-page","status-publish","hentry"],"acf":[],"yoast_head":"<!-- This site is optimized with the Yoast SEO plugin v27.1.1 - https:\/\/yoast.com\/product\/yoast-seo-wordpress\/ -->\n<title>Proceso de Env\u00edo para Fast-Track - XXIV SemeAd<\/title>\n<meta name=\"robots\" content=\"index, follow, max-snippet:-1, max-image-preview:large, max-video-preview:-1\" \/>\n<link rel=\"canonical\" href=\"https:\/\/semead.com.br\/24\/proceso-de-envio-para-fast-track\/\" \/>\n<meta property=\"og:locale\" content=\"pt_BR\" \/>\n<meta property=\"og:type\" content=\"article\" \/>\n<meta property=\"og:title\" content=\"Proceso de Env\u00edo para Fast-Track - XXIV SemeAd\" \/>\n<meta property=\"og:description\" content=\"Diagrama de Flujo de Env\u00edos Informaciones Importantes: Los autores acuerdan que, al elegir las revistas, permitir\u00e1n que SemeAd env\u00ede sus trabajos para que los revisen los editores de las revistas. Cada trabajo aprobado por Fast-Track ser\u00e1 nominado para una sola revista. SemeAd no garantiza la aprobaci\u00f3n del trabajo por las revistas. Los trabajos seleccionados por...\" \/>\n<meta property=\"og:url\" content=\"https:\/\/semead.com.br\/24\/proceso-de-envio-para-fast-track\/?lang=es\" \/>\n<meta property=\"og:site_name\" content=\"XXIV SemeAd\" \/>\n<meta property=\"article:modified_time\" content=\"2021-07-21T13:28:36+00:00\" \/>\n<meta property=\"og:image\" content=\"https:\/\/semead.com.br\/24\/wp-content\/uploads\/sites\/13\/2021\/07\/Slide1-1024x576.png\" \/>\n<meta name=\"twitter:card\" content=\"summary_large_image\" \/>\n<meta name=\"twitter:label1\" content=\"Est. tempo de leitura\" \/>\n\t<meta name=\"twitter:data1\" content=\"2 minutos\" \/>\n<script type=\"application\/ld+json\" class=\"yoast-schema-graph\">{\"@context\":\"https:\/\/schema.org\",\"@graph\":[{\"@type\":\"WebPage\",\"@id\":\"https:\/\/semead.com.br\/24\/proceso-de-envio-para-fast-track\/?lang=es\",\"url\":\"https:\/\/semead.com.br\/24\/proceso-de-envio-para-fast-track\/?lang=es\",\"name\":\"Proceso de Env\u00edo para Fast-Track - XXIV SemeAd\",\"isPartOf\":{\"@id\":\"https:\/\/semead.com.br\/24\/?lang=es\/#website\"},\"primaryImageOfPage\":{\"@id\":\"https:\/\/semead.com.br\/24\/proceso-de-envio-para-fast-track\/?lang=es#primaryimage\"},\"image\":{\"@id\":\"https:\/\/semead.com.br\/24\/proceso-de-envio-para-fast-track\/?lang=es#primaryimage\"},\"thumbnailUrl\":\"https:\/\/semead.com.br\/24\/wp-content\/uploads\/sites\/13\/2021\/07\/Slide1-1024x576.png\",\"datePublished\":\"2021-07-01T19:39:51+00:00\",\"dateModified\":\"2021-07-21T13:28:36+00:00\",\"breadcrumb\":{\"@id\":\"https:\/\/semead.com.br\/24\/proceso-de-envio-para-fast-track\/?lang=es#breadcrumb\"},\"inLanguage\":\"pt-BR\",\"potentialAction\":[{\"@type\":\"ReadAction\",\"target\":[\"https:\/\/semead.com.br\/24\/proceso-de-envio-para-fast-track\/?lang=es\"]}]},{\"@type\":\"ImageObject\",\"inLanguage\":\"pt-BR\",\"@id\":\"https:\/\/semead.com.br\/24\/proceso-de-envio-para-fast-track\/?lang=es#primaryimage\",\"url\":\"https:\/\/semead.com.br\/24\/wp-content\/uploads\/sites\/13\/2021\/07\/Slide1.png\",\"contentUrl\":\"https:\/\/semead.com.br\/24\/wp-content\/uploads\/sites\/13\/2021\/07\/Slide1.png\",\"width\":1280,\"height\":720},{\"@type\":\"BreadcrumbList\",\"@id\":\"https:\/\/semead.com.br\/24\/proceso-de-envio-para-fast-track\/?lang=es#breadcrumb\",\"itemListElement\":[{\"@type\":\"ListItem\",\"position\":1,\"name\":\"In\u00edcio\",\"item\":\"https:\/\/semead.com.br\/24\/\"},{\"@type\":\"ListItem\",\"position\":2,\"name\":\"Proceso de Env\u00edo para Fast-Track\"}]},{\"@type\":\"WebSite\",\"@id\":\"https:\/\/semead.com.br\/24\/?lang=es\/#website\",\"url\":\"https:\/\/semead.com.br\/24\/?lang=es\/\",\"name\":\"XXIV SemeAd\",\"description\":\"Semin\u00e1rios em Administra\u00e7\u00e3o\",\"potentialAction\":[{\"@type\":\"SearchAction\",\"target\":{\"@type\":\"EntryPoint\",\"urlTemplate\":\"https:\/\/semead.com.br\/24\/?lang=es\/?s={search_term_string}\"},\"query-input\":{\"@type\":\"PropertyValueSpecification\",\"valueRequired\":true,\"valueName\":\"search_term_string\"}}],\"inLanguage\":\"pt-BR\"}]}<\/script>\n<!-- \/ Yoast SEO plugin. -->","yoast_head_json":{"title":"Proceso de Env\u00edo para Fast-Track - XXIV SemeAd","robots":{"index":"index","follow":"follow","max-snippet":"max-snippet:-1","max-image-preview":"max-image-preview:large","max-video-preview":"max-video-preview:-1"},"canonical":"https:\/\/semead.com.br\/24\/proceso-de-envio-para-fast-track\/","og_locale":"pt_BR","og_type":"article","og_title":"Proceso de Env\u00edo para Fast-Track - XXIV SemeAd","og_description":"Diagrama de Flujo de Env\u00edos Informaciones Importantes: Los autores acuerdan que, al elegir las revistas, permitir\u00e1n que SemeAd env\u00ede sus trabajos para que los revisen los editores de las revistas. Cada trabajo aprobado por Fast-Track ser\u00e1 nominado para una sola revista. SemeAd no garantiza la aprobaci\u00f3n del trabajo por las revistas. Los trabajos seleccionados por...","og_url":"https:\/\/semead.com.br\/24\/proceso-de-envio-para-fast-track\/?lang=es","og_site_name":"XXIV SemeAd","article_modified_time":"2021-07-21T13:28:36+00:00","og_image":[{"url":"https:\/\/semead.com.br\/24\/wp-content\/uploads\/sites\/13\/2021\/07\/Slide1-1024x576.png","type":"","width":"","height":""}],"twitter_card":"summary_large_image","twitter_misc":{"Est. tempo de leitura":"2 minutos"},"schema":{"@context":"https:\/\/schema.org","@graph":[{"@type":"WebPage","@id":"https:\/\/semead.com.br\/24\/proceso-de-envio-para-fast-track\/?lang=es","url":"https:\/\/semead.com.br\/24\/proceso-de-envio-para-fast-track\/?lang=es","name":"Proceso de Env\u00edo para Fast-Track - XXIV SemeAd","isPartOf":{"@id":"https:\/\/semead.com.br\/24\/?lang=es\/#website"},"primaryImageOfPage":{"@id":"https:\/\/semead.com.br\/24\/proceso-de-envio-para-fast-track\/?lang=es#primaryimage"},"image":{"@id":"https:\/\/semead.com.br\/24\/proceso-de-envio-para-fast-track\/?lang=es#primaryimage"},"thumbnailUrl":"https:\/\/semead.com.br\/24\/wp-content\/uploads\/sites\/13\/2021\/07\/Slide1-1024x576.png","datePublished":"2021-07-01T19:39:51+00:00","dateModified":"2021-07-21T13:28:36+00:00","breadcrumb":{"@id":"https:\/\/semead.com.br\/24\/proceso-de-envio-para-fast-track\/?lang=es#breadcrumb"},"inLanguage":"pt-BR","potentialAction":[{"@type":"ReadAction","target":["https:\/\/semead.com.br\/24\/proceso-de-envio-para-fast-track\/?lang=es"]}]},{"@type":"ImageObject","inLanguage":"pt-BR","@id":"https:\/\/semead.com.br\/24\/proceso-de-envio-para-fast-track\/?lang=es#primaryimage","url":"https:\/\/semead.com.br\/24\/wp-content\/uploads\/sites\/13\/2021\/07\/Slide1.png","contentUrl":"https:\/\/semead.com.br\/24\/wp-content\/uploads\/sites\/13\/2021\/07\/Slide1.png","width":1280,"height":720},{"@type":"BreadcrumbList","@id":"https:\/\/semead.com.br\/24\/proceso-de-envio-para-fast-track\/?lang=es#breadcrumb","itemListElement":[{"@type":"ListItem","position":1,"name":"In\u00edcio","item":"https:\/\/semead.com.br\/24\/"},{"@type":"ListItem","position":2,"name":"Proceso de Env\u00edo para Fast-Track"}]},{"@type":"WebSite","@id":"https:\/\/semead.com.br\/24\/?lang=es\/#website","url":"https:\/\/semead.com.br\/24\/?lang=es\/","name":"XXIV SemeAd","description":"Semin\u00e1rios em Administra\u00e7\u00e3o","potentialAction":[{"@type":"SearchAction","target":{"@type":"EntryPoint","urlTemplate":"https:\/\/semead.com.br\/24\/?lang=es\/?s={search_term_string}"},"query-input":{"@type":"PropertyValueSpecification","valueRequired":true,"valueName":"search_term_string"}}],"inLanguage":"pt-BR"}]}},"_links":{"self":[{"href":"https:\/\/semead.com.br\/24\/wp-json\/wp\/v2\/pages\/21273","targetHints":{"allow":["GET"]}}],"collection":[{"href":"https:\/\/semead.com.br\/24\/wp-json\/wp\/v2\/pages"}],"about":[{"href":"https:\/\/semead.com.br\/24\/wp-json\/wp\/v2\/types\/page"}],"author":[{"embeddable":true,"href":"https:\/\/semead.com.br\/24\/wp-json\/wp\/v2\/users\/4"}],"replies":[{"embeddable":true,"href":"https:\/\/semead.com.br\/24\/wp-json\/wp\/v2\/comments?post=21273"}],"version-history":[{"count":0,"href":"https:\/\/semead.com.br\/24\/wp-json\/wp\/v2\/pages\/21273\/revisions"}],"wp:attachment":[{"href":"https:\/\/semead.com.br\/24\/wp-json\/wp\/v2\/media?parent=21273"}],"curies":[{"name":"wp","href":"https:\/\/api.w.org\/{rel}","templated":true}]}}