{"id":21285,"date":"2021-07-01T16:57:27","date_gmt":"2021-07-01T19:57:27","guid":{"rendered":"https:\/\/semead.com.br\/24\/?page_id=21285"},"modified":"2021-07-01T16:59:31","modified_gmt":"2021-07-01T19:59:31","slug":"lista-de-revistas-en-fast-track","status":"publish","type":"page","link":"https:\/\/semead.com.br\/24\/lista-de-revistas-en-fast-track\/?lang=es","title":{"rendered":"Lista de Revistas en Fast-Track"},"content":{"rendered":"<p>A continuaci\u00f3n se presentan las revistas asociadas SemeAd que est\u00e1n disponibles para su env\u00edo en Fast-Track.<\/p>\n<p>Usamos la \u00faltima clasificaci\u00f3n oficial de Qualis\/Capes, referida al Quadrennium 2013-2016.<\/p>\n<p>(<a href=\"https:\/\/sucupira.capes.gov.br\/sucupira\/public\/consultas\/coleta\/veiculoPublicacaoQualis\/listaConsultaGeralPeriodicos.jsf\">https:\/\/sucupira.capes.gov.br\/sucupira\/public\/consultas\/coleta\/veiculoPublicacaoQualis\/listaConsultaGeralPeriodicos.jsf<\/a>)<\/p>\n<iframe src=\"https:\/\/login.semead.com.br\/24semead\/revistas4.php\" width=\"100%\" height=\"600\" scrolling=\"yes\"><\/iframe>\n","protected":false},"excerpt":{"rendered":"<p>A continuaci\u00f3n se presentan las revistas asociadas SemeAd que est\u00e1n disponibles para su env\u00edo en Fast-Track. Usamos la \u00faltima clasificaci\u00f3n oficial de Qualis\/Capes, referida al Quadrennium 2013-2016. (https:\/\/sucupira.capes.gov.br\/sucupira\/public\/consultas\/coleta\/veiculoPublicacaoQualis\/listaConsultaGeralPeriodicos.jsf)<\/p>\n","protected":false},"author":4,"featured_media":0,"parent":0,"menu_order":0,"comment_status":"closed","ping_status":"closed","template":"","meta":{"_acf_changed":false,"_monsterinsights_skip_tracking":false,"_monsterinsights_sitenote_active":false,"_monsterinsights_sitenote_note":"","_monsterinsights_sitenote_category":0,"footnotes":""},"class_list":["post-21285","page","type-page","status-publish","hentry"],"acf":[],"yoast_head":"<!-- This site is optimized with the Yoast SEO plugin v27.1.1 - https:\/\/yoast.com\/product\/yoast-seo-wordpress\/ -->\n<title>Lista de Revistas en Fast-Track - XXIV SemeAd<\/title>\n<meta name=\"robots\" content=\"index, follow, max-snippet:-1, max-image-preview:large, max-video-preview:-1\" \/>\n<link rel=\"canonical\" href=\"https:\/\/semead.com.br\/24\/lista-de-revistas-en-fast-track\/\" \/>\n<meta property=\"og:locale\" content=\"pt_BR\" \/>\n<meta property=\"og:type\" content=\"article\" \/>\n<meta property=\"og:title\" content=\"Lista de Revistas en Fast-Track - XXIV SemeAd\" \/>\n<meta property=\"og:description\" content=\"A continuaci\u00f3n se presentan las revistas asociadas SemeAd que est\u00e1n disponibles para su env\u00edo en Fast-Track. Usamos la \u00faltima clasificaci\u00f3n oficial de Qualis\/Capes, referida al Quadrennium 2013-2016. (https:\/\/sucupira.capes.gov.br\/sucupira\/public\/consultas\/coleta\/veiculoPublicacaoQualis\/listaConsultaGeralPeriodicos.jsf)\" \/>\n<meta property=\"og:url\" content=\"https:\/\/semead.com.br\/24\/lista-de-revistas-en-fast-track\/?lang=es\" \/>\n<meta property=\"og:site_name\" content=\"XXIV SemeAd\" \/>\n<meta property=\"article:modified_time\" content=\"2021-07-01T19:59:31+00:00\" \/>\n<meta name=\"twitter:card\" content=\"summary_large_image\" \/>\n<meta name=\"twitter:label1\" content=\"Est. tempo de leitura\" \/>\n\t<meta name=\"twitter:data1\" content=\"1 minuto\" \/>\n<script type=\"application\/ld+json\" class=\"yoast-schema-graph\">{\"@context\":\"https:\/\/schema.org\",\"@graph\":[{\"@type\":\"WebPage\",\"@id\":\"https:\/\/semead.com.br\/24\/lista-de-revistas-en-fast-track\/?lang=es\",\"url\":\"https:\/\/semead.com.br\/24\/lista-de-revistas-en-fast-track\/?lang=es\",\"name\":\"Lista de Revistas en Fast-Track - XXIV SemeAd\",\"isPartOf\":{\"@id\":\"https:\/\/semead.com.br\/24\/?lang=es\/#website\"},\"datePublished\":\"2021-07-01T19:57:27+00:00\",\"dateModified\":\"2021-07-01T19:59:31+00:00\",\"breadcrumb\":{\"@id\":\"https:\/\/semead.com.br\/24\/lista-de-revistas-en-fast-track\/?lang=es#breadcrumb\"},\"inLanguage\":\"pt-BR\",\"potentialAction\":[{\"@type\":\"ReadAction\",\"target\":[\"https:\/\/semead.com.br\/24\/lista-de-revistas-en-fast-track\/?lang=es\"]}]},{\"@type\":\"BreadcrumbList\",\"@id\":\"https:\/\/semead.com.br\/24\/lista-de-revistas-en-fast-track\/?lang=es#breadcrumb\",\"itemListElement\":[{\"@type\":\"ListItem\",\"position\":1,\"name\":\"In\u00edcio\",\"item\":\"https:\/\/semead.com.br\/24\/\"},{\"@type\":\"ListItem\",\"position\":2,\"name\":\"Lista de Revistas en Fast-Track\"}]},{\"@type\":\"WebSite\",\"@id\":\"https:\/\/semead.com.br\/24\/?lang=es\/#website\",\"url\":\"https:\/\/semead.com.br\/24\/?lang=es\/\",\"name\":\"XXIV SemeAd\",\"description\":\"Semin\u00e1rios em Administra\u00e7\u00e3o\",\"potentialAction\":[{\"@type\":\"SearchAction\",\"target\":{\"@type\":\"EntryPoint\",\"urlTemplate\":\"https:\/\/semead.com.br\/24\/?lang=es\/?s={search_term_string}\"},\"query-input\":{\"@type\":\"PropertyValueSpecification\",\"valueRequired\":true,\"valueName\":\"search_term_string\"}}],\"inLanguage\":\"pt-BR\"}]}<\/script>\n<!-- \/ Yoast SEO plugin. -->","yoast_head_json":{"title":"Lista de Revistas en Fast-Track - XXIV SemeAd","robots":{"index":"index","follow":"follow","max-snippet":"max-snippet:-1","max-image-preview":"max-image-preview:large","max-video-preview":"max-video-preview:-1"},"canonical":"https:\/\/semead.com.br\/24\/lista-de-revistas-en-fast-track\/","og_locale":"pt_BR","og_type":"article","og_title":"Lista de Revistas en Fast-Track - XXIV SemeAd","og_description":"A continuaci\u00f3n se presentan las revistas asociadas SemeAd que est\u00e1n disponibles para su env\u00edo en Fast-Track. Usamos la \u00faltima clasificaci\u00f3n oficial de Qualis\/Capes, referida al Quadrennium 2013-2016. (https:\/\/sucupira.capes.gov.br\/sucupira\/public\/consultas\/coleta\/veiculoPublicacaoQualis\/listaConsultaGeralPeriodicos.jsf)","og_url":"https:\/\/semead.com.br\/24\/lista-de-revistas-en-fast-track\/?lang=es","og_site_name":"XXIV SemeAd","article_modified_time":"2021-07-01T19:59:31+00:00","twitter_card":"summary_large_image","twitter_misc":{"Est. tempo de leitura":"1 minuto"},"schema":{"@context":"https:\/\/schema.org","@graph":[{"@type":"WebPage","@id":"https:\/\/semead.com.br\/24\/lista-de-revistas-en-fast-track\/?lang=es","url":"https:\/\/semead.com.br\/24\/lista-de-revistas-en-fast-track\/?lang=es","name":"Lista de Revistas en Fast-Track - XXIV SemeAd","isPartOf":{"@id":"https:\/\/semead.com.br\/24\/?lang=es\/#website"},"datePublished":"2021-07-01T19:57:27+00:00","dateModified":"2021-07-01T19:59:31+00:00","breadcrumb":{"@id":"https:\/\/semead.com.br\/24\/lista-de-revistas-en-fast-track\/?lang=es#breadcrumb"},"inLanguage":"pt-BR","potentialAction":[{"@type":"ReadAction","target":["https:\/\/semead.com.br\/24\/lista-de-revistas-en-fast-track\/?lang=es"]}]},{"@type":"BreadcrumbList","@id":"https:\/\/semead.com.br\/24\/lista-de-revistas-en-fast-track\/?lang=es#breadcrumb","itemListElement":[{"@type":"ListItem","position":1,"name":"In\u00edcio","item":"https:\/\/semead.com.br\/24\/"},{"@type":"ListItem","position":2,"name":"Lista de Revistas en Fast-Track"}]},{"@type":"WebSite","@id":"https:\/\/semead.com.br\/24\/?lang=es\/#website","url":"https:\/\/semead.com.br\/24\/?lang=es\/","name":"XXIV SemeAd","description":"Semin\u00e1rios em Administra\u00e7\u00e3o","potentialAction":[{"@type":"SearchAction","target":{"@type":"EntryPoint","urlTemplate":"https:\/\/semead.com.br\/24\/?lang=es\/?s={search_term_string}"},"query-input":{"@type":"PropertyValueSpecification","valueRequired":true,"valueName":"search_term_string"}}],"inLanguage":"pt-BR"}]}},"_links":{"self":[{"href":"https:\/\/semead.com.br\/24\/wp-json\/wp\/v2\/pages\/21285","targetHints":{"allow":["GET"]}}],"collection":[{"href":"https:\/\/semead.com.br\/24\/wp-json\/wp\/v2\/pages"}],"about":[{"href":"https:\/\/semead.com.br\/24\/wp-json\/wp\/v2\/types\/page"}],"author":[{"embeddable":true,"href":"https:\/\/semead.com.br\/24\/wp-json\/wp\/v2\/users\/4"}],"replies":[{"embeddable":true,"href":"https:\/\/semead.com.br\/24\/wp-json\/wp\/v2\/comments?post=21285"}],"version-history":[{"count":0,"href":"https:\/\/semead.com.br\/24\/wp-json\/wp\/v2\/pages\/21285\/revisions"}],"wp:attachment":[{"href":"https:\/\/semead.com.br\/24\/wp-json\/wp\/v2\/media?parent=21285"}],"curies":[{"name":"wp","href":"https:\/\/api.w.org\/{rel}","templated":true}]}}