{"id":21350,"date":"2021-07-01T21:30:01","date_gmt":"2021-07-02T00:30:01","guid":{"rendered":"https:\/\/semead.com.br\/24\/?page_id=21350"},"modified":"2021-11-08T12:28:57","modified_gmt":"2021-11-08T15:28:57","slug":"paneles-tematicos","status":"publish","type":"page","link":"https:\/\/semead.com.br\/24\/paneles-tematicos\/?lang=es","title":{"rendered":"Paneles Tem\u00e1ticos"},"content":{"rendered":"\t\t<div data-elementor-type=\"wp-post\" data-elementor-id=\"21350\" class=\"elementor elementor-21350\">\n\t\t\t\t\t\t<section class=\"elementor-section elementor-top-section elementor-element elementor-element-e0cc7ea elementor-section-boxed elementor-section-height-default elementor-section-height-default\" data-id=\"e0cc7ea\" data-element_type=\"section\" data-e-type=\"section\">\n\t\t\t\t\t\t<div class=\"elementor-container elementor-column-gap-default\">\n\t\t\t\t\t<div class=\"elementor-column elementor-col-100 elementor-top-column elementor-element elementor-element-1885032\" data-id=\"1885032\" data-element_type=\"column\" data-e-type=\"column\">\n\t\t\t<div class=\"elementor-widget-wrap elementor-element-populated\">\n\t\t\t\t\t\t<div class=\"elementor-element elementor-element-7cfc44d elementor-widget elementor-widget-text-editor\" data-id=\"7cfc44d\" data-element_type=\"widget\" data-e-type=\"widget\" data-widget_type=\"text-editor.default\">\n\t\t\t\t<div class=\"elementor-widget-container\">\n\t\t\t\t\t\t\t\t\t<p>La sesi\u00f3n de Paneles Tem\u00e1ticos es una actividad del SemeAd que re\u00fane a un conjunto de prestigiosos investigadores y empresarios en rondas de discusi\u00f3n sobre temas emergentes en los entornos organizacional y acad\u00e9mico.<\/p><p>Confira la programaci\u00f3n de Paneles Tem\u00e1ticos para el XXIV SemeAd!<\/p>\t\t\t\t\t\t\t\t<\/div>\n\t\t\t\t<\/div>\n\t\t\t\t\t<\/div>\n\t\t<\/div>\n\t\t\t\t\t<\/div>\n\t\t<\/section>\n\t\t\t\t<section class=\"elementor-section elementor-top-section elementor-element elementor-element-66dc6b0 elementor-section-boxed elementor-section-height-default elementor-section-height-default\" data-id=\"66dc6b0\" data-element_type=\"section\" data-e-type=\"section\">\n\t\t\t\t\t\t<div class=\"elementor-container elementor-column-gap-default\">\n\t\t\t\t\t<div class=\"elementor-column elementor-col-100 elementor-top-column elementor-element elementor-element-da0a3c4\" data-id=\"da0a3c4\" data-element_type=\"column\" data-e-type=\"column\">\n\t\t\t<div class=\"elementor-widget-wrap elementor-element-populated\">\n\t\t\t\t\t\t<div class=\"elementor-element elementor-element-eb46b2a elementor-widget elementor-widget-image\" data-id=\"eb46b2a\" data-element_type=\"widget\" data-e-type=\"widget\" data-widget_type=\"image.default\">\n\t\t\t\t<div class=\"elementor-widget-container\">\n\t\t\t\t\t\t\t\t\t\t\t\t\t\t\t<img fetchpriority=\"high\" decoding=\"async\" width=\"1024\" height=\"1024\" src=\"https:\/\/semead.com.br\/24\/wp-content\/uploads\/sites\/13\/2021\/11\/WhatsApp-Image-2021-11-07-at-03.25.11-1024x1024.jpeg\" class=\"attachment-large size-large wp-image-23529\" alt=\"\" srcset=\"https:\/\/semead.com.br\/24\/wp-content\/uploads\/sites\/13\/2021\/11\/WhatsApp-Image-2021-11-07-at-03.25.11-1024x1024.jpeg 1024w, https:\/\/semead.com.br\/24\/wp-content\/uploads\/sites\/13\/2021\/11\/WhatsApp-Image-2021-11-07-at-03.25.11-300x300.jpeg 300w, https:\/\/semead.com.br\/24\/wp-content\/uploads\/sites\/13\/2021\/11\/WhatsApp-Image-2021-11-07-at-03.25.11-150x150.jpeg 150w, https:\/\/semead.com.br\/24\/wp-content\/uploads\/sites\/13\/2021\/11\/WhatsApp-Image-2021-11-07-at-03.25.11-400x400.jpeg 400w, https:\/\/semead.com.br\/24\/wp-content\/uploads\/sites\/13\/2021\/11\/WhatsApp-Image-2021-11-07-at-03.25.11.jpeg 1080w\" sizes=\"(max-width: 1024px) 100vw, 1024px\" \/>\t\t\t\t\t\t\t\t\t\t\t\t\t\t\t<\/div>\n\t\t\t\t<\/div>\n\t\t\t\t\t<\/div>\n\t\t<\/div>\n\t\t\t\t\t<\/div>\n\t\t<\/section>\n\t\t\t\t<section class=\"elementor-section elementor-top-section elementor-element elementor-element-9e504b4 elementor-section-boxed elementor-section-height-default elementor-section-height-default\" data-id=\"9e504b4\" data-element_type=\"section\" data-e-type=\"section\">\n\t\t\t\t\t\t<div class=\"elementor-container elementor-column-gap-default\">\n\t\t\t\t\t<div class=\"elementor-column elementor-col-100 elementor-top-column elementor-element elementor-element-9930de7\" data-id=\"9930de7\" data-element_type=\"column\" data-e-type=\"column\">\n\t\t\t<div class=\"elementor-widget-wrap elementor-element-populated\">\n\t\t\t\t\t\t<div class=\"elementor-element elementor-element-a14dc74 elementor-widget elementor-widget-text-editor\" data-id=\"a14dc74\" data-element_type=\"widget\" data-e-type=\"widget\" data-widget_type=\"text-editor.default\">\n\t\t\t\t<div class=\"elementor-widget-container\">\n\t\t\t\t\t\t\t\t\t<p><b style=\"color: var( --e-global-color-text ); font-family: var( --e-global-typography-text-font-family );\">Assista:<\/b><\/p><p><a href=\"https:\/\/semead-br.zoom.us\/j\/81111595252?pwd=SmNVK3NLZVV0aXVPRHp2Wm00STBJdz09\">https:\/\/semead-br.zoom.us\/j\/81111595252?pwd=SmNVK3NLZVV0aXVPRHp2Wm00STBJdz09<\/a><\/p>\t\t\t\t\t\t\t\t<\/div>\n\t\t\t\t<\/div>\n\t\t\t\t\t<\/div>\n\t\t<\/div>\n\t\t\t\t\t<\/div>\n\t\t<\/section>\n\t\t\t\t<section class=\"elementor-section elementor-top-section elementor-element elementor-element-a8f1fb4 elementor-section-boxed elementor-section-height-default elementor-section-height-default\" data-id=\"a8f1fb4\" data-element_type=\"section\" data-e-type=\"section\">\n\t\t\t\t\t\t<div class=\"elementor-container elementor-column-gap-default\">\n\t\t\t\t\t<div class=\"elementor-column elementor-col-100 elementor-top-column elementor-element elementor-element-aa394fc\" data-id=\"aa394fc\" data-element_type=\"column\" data-e-type=\"column\">\n\t\t\t<div class=\"elementor-widget-wrap elementor-element-populated\">\n\t\t\t\t\t\t<div class=\"elementor-element elementor-element-cad7339 elementor-widget elementor-widget-image\" data-id=\"cad7339\" data-element_type=\"widget\" data-e-type=\"widget\" data-widget_type=\"image.default\">\n\t\t\t\t<div class=\"elementor-widget-container\">\n\t\t\t\t\t\t\t\t\t\t\t\t\t\t\t<img decoding=\"async\" width=\"1024\" height=\"1024\" src=\"https:\/\/semead.com.br\/24\/wp-content\/uploads\/sites\/13\/2021\/11\/WhatsApp-Image-2021-11-07-at-03.25.12-1024x1024.jpeg\" class=\"attachment-large size-large wp-image-23535\" alt=\"\" srcset=\"https:\/\/semead.com.br\/24\/wp-content\/uploads\/sites\/13\/2021\/11\/WhatsApp-Image-2021-11-07-at-03.25.12-1024x1024.jpeg 1024w, https:\/\/semead.com.br\/24\/wp-content\/uploads\/sites\/13\/2021\/11\/WhatsApp-Image-2021-11-07-at-03.25.12-300x300.jpeg 300w, https:\/\/semead.com.br\/24\/wp-content\/uploads\/sites\/13\/2021\/11\/WhatsApp-Image-2021-11-07-at-03.25.12-150x150.jpeg 150w, https:\/\/semead.com.br\/24\/wp-content\/uploads\/sites\/13\/2021\/11\/WhatsApp-Image-2021-11-07-at-03.25.12-400x400.jpeg 400w, https:\/\/semead.com.br\/24\/wp-content\/uploads\/sites\/13\/2021\/11\/WhatsApp-Image-2021-11-07-at-03.25.12.jpeg 1080w\" sizes=\"(max-width: 1024px) 100vw, 1024px\" \/>\t\t\t\t\t\t\t\t\t\t\t\t\t\t\t<\/div>\n\t\t\t\t<\/div>\n\t\t\t\t\t<\/div>\n\t\t<\/div>\n\t\t\t\t\t<\/div>\n\t\t<\/section>\n\t\t\t\t<section class=\"elementor-section elementor-top-section elementor-element elementor-element-0a91030 elementor-section-boxed elementor-section-height-default elementor-section-height-default\" data-id=\"0a91030\" data-element_type=\"section\" data-e-type=\"section\">\n\t\t\t\t\t\t<div class=\"elementor-container elementor-column-gap-default\">\n\t\t\t\t\t<div class=\"elementor-column elementor-col-100 elementor-top-column elementor-element elementor-element-cccdb7d\" data-id=\"cccdb7d\" data-element_type=\"column\" data-e-type=\"column\">\n\t\t\t<div class=\"elementor-widget-wrap elementor-element-populated\">\n\t\t\t\t\t\t<div class=\"elementor-element elementor-element-2fbe35d elementor-widget elementor-widget-text-editor\" data-id=\"2fbe35d\" data-element_type=\"widget\" data-e-type=\"widget\" data-widget_type=\"text-editor.default\">\n\t\t\t\t<div class=\"elementor-widget-container\">\n\t\t\t\t\t\t\t\t\t<p><b style=\"color: var( --e-global-color-text ); font-family: var( --e-global-typography-text-font-family );\">Assista:<\/b><\/p><p><a href=\"https:\/\/semead-br.zoom.us\/j\/83140135749?pwd=azAvQzFZS3lZUVl2NGxJdHNrZ3VaZz09\">https:\/\/semead-br.zoom.us\/j\/83140135749?pwd=azAvQzFZS3lZUVl2NGxJdHNrZ3VaZz09<\/a><\/p>\t\t\t\t\t\t\t\t<\/div>\n\t\t\t\t<\/div>\n\t\t\t\t\t<\/div>\n\t\t<\/div>\n\t\t\t\t\t<\/div>\n\t\t<\/section>\n\t\t\t\t<section class=\"elementor-section elementor-top-section elementor-element elementor-element-be0ffb6 elementor-section-boxed elementor-section-height-default elementor-section-height-default\" data-id=\"be0ffb6\" data-element_type=\"section\" data-e-type=\"section\">\n\t\t\t\t\t\t<div class=\"elementor-container elementor-column-gap-default\">\n\t\t\t\t\t<div class=\"elementor-column elementor-col-100 elementor-top-column elementor-element elementor-element-75ef6c1\" data-id=\"75ef6c1\" data-element_type=\"column\" data-e-type=\"column\">\n\t\t\t<div class=\"elementor-widget-wrap elementor-element-populated\">\n\t\t\t\t\t\t<div class=\"elementor-element elementor-element-d6729e3 elementor-widget elementor-widget-image\" data-id=\"d6729e3\" data-element_type=\"widget\" data-e-type=\"widget\" data-widget_type=\"image.default\">\n\t\t\t\t<div class=\"elementor-widget-container\">\n\t\t\t\t\t\t\t\t\t\t\t\t\t\t\t<img decoding=\"async\" width=\"1024\" height=\"1024\" src=\"https:\/\/semead.com.br\/24\/wp-content\/uploads\/sites\/13\/2021\/11\/WhatsApp-Image-2021-11-07-at-03.25.12-1-1024x1024.jpeg\" class=\"attachment-large size-large wp-image-23532\" alt=\"\" srcset=\"https:\/\/semead.com.br\/24\/wp-content\/uploads\/sites\/13\/2021\/11\/WhatsApp-Image-2021-11-07-at-03.25.12-1-1024x1024.jpeg 1024w, https:\/\/semead.com.br\/24\/wp-content\/uploads\/sites\/13\/2021\/11\/WhatsApp-Image-2021-11-07-at-03.25.12-1-300x300.jpeg 300w, https:\/\/semead.com.br\/24\/wp-content\/uploads\/sites\/13\/2021\/11\/WhatsApp-Image-2021-11-07-at-03.25.12-1-150x150.jpeg 150w, https:\/\/semead.com.br\/24\/wp-content\/uploads\/sites\/13\/2021\/11\/WhatsApp-Image-2021-11-07-at-03.25.12-1-400x400.jpeg 400w, https:\/\/semead.com.br\/24\/wp-content\/uploads\/sites\/13\/2021\/11\/WhatsApp-Image-2021-11-07-at-03.25.12-1.jpeg 1080w\" sizes=\"(max-width: 1024px) 100vw, 1024px\" \/>\t\t\t\t\t\t\t\t\t\t\t\t\t\t\t<\/div>\n\t\t\t\t<\/div>\n\t\t\t\t\t<\/div>\n\t\t<\/div>\n\t\t\t\t\t<\/div>\n\t\t<\/section>\n\t\t\t\t<section class=\"elementor-section elementor-top-section elementor-element elementor-element-49bee4f elementor-section-boxed elementor-section-height-default elementor-section-height-default\" data-id=\"49bee4f\" data-element_type=\"section\" data-e-type=\"section\">\n\t\t\t\t\t\t<div class=\"elementor-container elementor-column-gap-default\">\n\t\t\t\t\t<div class=\"elementor-column elementor-col-100 elementor-top-column elementor-element elementor-element-e8d60d7\" data-id=\"e8d60d7\" data-element_type=\"column\" data-e-type=\"column\">\n\t\t\t<div class=\"elementor-widget-wrap elementor-element-populated\">\n\t\t\t\t\t\t<div class=\"elementor-element elementor-element-3c3a733 elementor-widget elementor-widget-text-editor\" data-id=\"3c3a733\" data-element_type=\"widget\" data-e-type=\"widget\" data-widget_type=\"text-editor.default\">\n\t\t\t\t<div class=\"elementor-widget-container\">\n\t\t\t\t\t\t\t\t\t<p><b style=\"color: var( --e-global-color-text ); font-family: var( --e-global-typography-text-font-family );\">Assista:<\/b><\/p><p><a href=\"https:\/\/semead-br.zoom.us\/j\/82153898605?pwd=ckFvRVRKYmdobXJaVVFVNEhTTnBUdz09\">https:\/\/semead-br.zoom.us\/j\/82153898605?pwd=ckFvRVRKYmdobXJaVVFVNEhTTnBUdz09<\/a><\/p>\t\t\t\t\t\t\t\t<\/div>\n\t\t\t\t<\/div>\n\t\t\t\t\t<\/div>\n\t\t<\/div>\n\t\t\t\t\t<\/div>\n\t\t<\/section>\n\t\t\t\t<\/div>\n\t\t","protected":false},"excerpt":{"rendered":"<p>La sesi\u00f3n de Paneles Tem\u00e1ticos es una actividad del SemeAd que re\u00fane a un conjunto de prestigiosos investigadores y empresarios en rondas de discusi\u00f3n sobre temas emergentes en los entornos organizacional y acad\u00e9mico. Confira la programaci\u00f3n de Paneles Tem\u00e1ticos para el XXIV SemeAd! Assista: https:\/\/semead-br.zoom.us\/j\/81111595252?pwd=SmNVK3NLZVV0aXVPRHp2Wm00STBJdz09 Assista: https:\/\/semead-br.zoom.us\/j\/83140135749?pwd=azAvQzFZS3lZUVl2NGxJdHNrZ3VaZz09 Assista: https:\/\/semead-br.zoom.us\/j\/82153898605?pwd=ckFvRVRKYmdobXJaVVFVNEhTTnBUdz09<\/p>\n","protected":false},"author":4,"featured_media":0,"parent":0,"menu_order":0,"comment_status":"closed","ping_status":"closed","template":"","meta":{"_acf_changed":false,"_monsterinsights_skip_tracking":false,"_monsterinsights_sitenote_active":false,"_monsterinsights_sitenote_note":"","_monsterinsights_sitenote_category":0,"footnotes":""},"class_list":["post-21350","page","type-page","status-publish","hentry"],"acf":[],"yoast_head":"<!-- This site is optimized with the Yoast SEO plugin v27.1.1 - https:\/\/yoast.com\/product\/yoast-seo-wordpress\/ -->\n<title>Paneles Tem\u00e1ticos - XXIV SemeAd<\/title>\n<meta name=\"robots\" content=\"index, follow, max-snippet:-1, max-image-preview:large, max-video-preview:-1\" \/>\n<link rel=\"canonical\" href=\"https:\/\/semead.com.br\/24\/paneles-tematicos\/\" \/>\n<meta property=\"og:locale\" content=\"pt_BR\" \/>\n<meta property=\"og:type\" content=\"article\" \/>\n<meta property=\"og:title\" content=\"Paneles Tem\u00e1ticos - XXIV SemeAd\" \/>\n<meta property=\"og:description\" content=\"La sesi\u00f3n de Paneles Tem\u00e1ticos es una actividad del SemeAd que re\u00fane a un conjunto de prestigiosos investigadores y empresarios en rondas de discusi\u00f3n sobre temas emergentes en los entornos organizacional y acad\u00e9mico. Confira la programaci\u00f3n de Paneles Tem\u00e1ticos para el XXIV SemeAd! Assista: https:\/\/semead-br.zoom.us\/j\/81111595252?pwd=SmNVK3NLZVV0aXVPRHp2Wm00STBJdz09 Assista: https:\/\/semead-br.zoom.us\/j\/83140135749?pwd=azAvQzFZS3lZUVl2NGxJdHNrZ3VaZz09 Assista: https:\/\/semead-br.zoom.us\/j\/82153898605?pwd=ckFvRVRKYmdobXJaVVFVNEhTTnBUdz09\" \/>\n<meta property=\"og:url\" content=\"https:\/\/semead.com.br\/24\/paneles-tematicos\/?lang=es\" \/>\n<meta property=\"og:site_name\" content=\"XXIV SemeAd\" \/>\n<meta property=\"article:modified_time\" content=\"2021-11-08T15:28:57+00:00\" \/>\n<meta property=\"og:image\" content=\"https:\/\/semead.com.br\/24\/wp-content\/uploads\/sites\/13\/2021\/11\/WhatsApp-Image-2021-11-07-at-03.25.11-1024x1024.jpeg\" \/>\n<meta name=\"twitter:card\" content=\"summary_large_image\" \/>\n<meta name=\"twitter:label1\" content=\"Est. tempo de leitura\" \/>\n\t<meta name=\"twitter:data1\" content=\"1 minuto\" \/>\n<script type=\"application\/ld+json\" class=\"yoast-schema-graph\">{\"@context\":\"https:\/\/schema.org\",\"@graph\":[{\"@type\":\"WebPage\",\"@id\":\"https:\/\/semead.com.br\/24\/paneles-tematicos\/?lang=es\",\"url\":\"https:\/\/semead.com.br\/24\/paneles-tematicos\/?lang=es\",\"name\":\"Paneles Tem\u00e1ticos - XXIV SemeAd\",\"isPartOf\":{\"@id\":\"https:\/\/semead.com.br\/24\/?lang=es\/#website\"},\"primaryImageOfPage\":{\"@id\":\"https:\/\/semead.com.br\/24\/paneles-tematicos\/?lang=es#primaryimage\"},\"image\":{\"@id\":\"https:\/\/semead.com.br\/24\/paneles-tematicos\/?lang=es#primaryimage\"},\"thumbnailUrl\":\"https:\/\/semead.com.br\/24\/wp-content\/uploads\/sites\/13\/2021\/11\/WhatsApp-Image-2021-11-07-at-03.25.11-1024x1024.jpeg\",\"datePublished\":\"2021-07-02T00:30:01+00:00\",\"dateModified\":\"2021-11-08T15:28:57+00:00\",\"breadcrumb\":{\"@id\":\"https:\/\/semead.com.br\/24\/paneles-tematicos\/?lang=es#breadcrumb\"},\"inLanguage\":\"pt-BR\",\"potentialAction\":[{\"@type\":\"ReadAction\",\"target\":[\"https:\/\/semead.com.br\/24\/paneles-tematicos\/?lang=es\"]}]},{\"@type\":\"ImageObject\",\"inLanguage\":\"pt-BR\",\"@id\":\"https:\/\/semead.com.br\/24\/paneles-tematicos\/?lang=es#primaryimage\",\"url\":\"https:\/\/semead.com.br\/24\/wp-content\/uploads\/sites\/13\/2021\/11\/WhatsApp-Image-2021-11-07-at-03.25.11.jpeg\",\"contentUrl\":\"https:\/\/semead.com.br\/24\/wp-content\/uploads\/sites\/13\/2021\/11\/WhatsApp-Image-2021-11-07-at-03.25.11.jpeg\",\"width\":1080,\"height\":1080},{\"@type\":\"BreadcrumbList\",\"@id\":\"https:\/\/semead.com.br\/24\/paneles-tematicos\/?lang=es#breadcrumb\",\"itemListElement\":[{\"@type\":\"ListItem\",\"position\":1,\"name\":\"In\u00edcio\",\"item\":\"https:\/\/semead.com.br\/24\/\"},{\"@type\":\"ListItem\",\"position\":2,\"name\":\"Paneles Tem\u00e1ticos\"}]},{\"@type\":\"WebSite\",\"@id\":\"https:\/\/semead.com.br\/24\/?lang=es\/#website\",\"url\":\"https:\/\/semead.com.br\/24\/?lang=es\/\",\"name\":\"XXIV SemeAd\",\"description\":\"Semin\u00e1rios em Administra\u00e7\u00e3o\",\"potentialAction\":[{\"@type\":\"SearchAction\",\"target\":{\"@type\":\"EntryPoint\",\"urlTemplate\":\"https:\/\/semead.com.br\/24\/?lang=es\/?s={search_term_string}\"},\"query-input\":{\"@type\":\"PropertyValueSpecification\",\"valueRequired\":true,\"valueName\":\"search_term_string\"}}],\"inLanguage\":\"pt-BR\"}]}<\/script>\n<!-- \/ Yoast SEO plugin. -->","yoast_head_json":{"title":"Paneles Tem\u00e1ticos - XXIV SemeAd","robots":{"index":"index","follow":"follow","max-snippet":"max-snippet:-1","max-image-preview":"max-image-preview:large","max-video-preview":"max-video-preview:-1"},"canonical":"https:\/\/semead.com.br\/24\/paneles-tematicos\/","og_locale":"pt_BR","og_type":"article","og_title":"Paneles Tem\u00e1ticos - XXIV SemeAd","og_description":"La sesi\u00f3n de Paneles Tem\u00e1ticos es una actividad del SemeAd que re\u00fane a un conjunto de prestigiosos investigadores y empresarios en rondas de discusi\u00f3n sobre temas emergentes en los entornos organizacional y acad\u00e9mico. Confira la programaci\u00f3n de Paneles Tem\u00e1ticos para el XXIV SemeAd! Assista: https:\/\/semead-br.zoom.us\/j\/81111595252?pwd=SmNVK3NLZVV0aXVPRHp2Wm00STBJdz09 Assista: https:\/\/semead-br.zoom.us\/j\/83140135749?pwd=azAvQzFZS3lZUVl2NGxJdHNrZ3VaZz09 Assista: https:\/\/semead-br.zoom.us\/j\/82153898605?pwd=ckFvRVRKYmdobXJaVVFVNEhTTnBUdz09","og_url":"https:\/\/semead.com.br\/24\/paneles-tematicos\/?lang=es","og_site_name":"XXIV SemeAd","article_modified_time":"2021-11-08T15:28:57+00:00","og_image":[{"url":"https:\/\/semead.com.br\/24\/wp-content\/uploads\/sites\/13\/2021\/11\/WhatsApp-Image-2021-11-07-at-03.25.11-1024x1024.jpeg","type":"","width":"","height":""}],"twitter_card":"summary_large_image","twitter_misc":{"Est. tempo de leitura":"1 minuto"},"schema":{"@context":"https:\/\/schema.org","@graph":[{"@type":"WebPage","@id":"https:\/\/semead.com.br\/24\/paneles-tematicos\/?lang=es","url":"https:\/\/semead.com.br\/24\/paneles-tematicos\/?lang=es","name":"Paneles Tem\u00e1ticos - XXIV SemeAd","isPartOf":{"@id":"https:\/\/semead.com.br\/24\/?lang=es\/#website"},"primaryImageOfPage":{"@id":"https:\/\/semead.com.br\/24\/paneles-tematicos\/?lang=es#primaryimage"},"image":{"@id":"https:\/\/semead.com.br\/24\/paneles-tematicos\/?lang=es#primaryimage"},"thumbnailUrl":"https:\/\/semead.com.br\/24\/wp-content\/uploads\/sites\/13\/2021\/11\/WhatsApp-Image-2021-11-07-at-03.25.11-1024x1024.jpeg","datePublished":"2021-07-02T00:30:01+00:00","dateModified":"2021-11-08T15:28:57+00:00","breadcrumb":{"@id":"https:\/\/semead.com.br\/24\/paneles-tematicos\/?lang=es#breadcrumb"},"inLanguage":"pt-BR","potentialAction":[{"@type":"ReadAction","target":["https:\/\/semead.com.br\/24\/paneles-tematicos\/?lang=es"]}]},{"@type":"ImageObject","inLanguage":"pt-BR","@id":"https:\/\/semead.com.br\/24\/paneles-tematicos\/?lang=es#primaryimage","url":"https:\/\/semead.com.br\/24\/wp-content\/uploads\/sites\/13\/2021\/11\/WhatsApp-Image-2021-11-07-at-03.25.11.jpeg","contentUrl":"https:\/\/semead.com.br\/24\/wp-content\/uploads\/sites\/13\/2021\/11\/WhatsApp-Image-2021-11-07-at-03.25.11.jpeg","width":1080,"height":1080},{"@type":"BreadcrumbList","@id":"https:\/\/semead.com.br\/24\/paneles-tematicos\/?lang=es#breadcrumb","itemListElement":[{"@type":"ListItem","position":1,"name":"In\u00edcio","item":"https:\/\/semead.com.br\/24\/"},{"@type":"ListItem","position":2,"name":"Paneles Tem\u00e1ticos"}]},{"@type":"WebSite","@id":"https:\/\/semead.com.br\/24\/?lang=es\/#website","url":"https:\/\/semead.com.br\/24\/?lang=es\/","name":"XXIV SemeAd","description":"Semin\u00e1rios em Administra\u00e7\u00e3o","potentialAction":[{"@type":"SearchAction","target":{"@type":"EntryPoint","urlTemplate":"https:\/\/semead.com.br\/24\/?lang=es\/?s={search_term_string}"},"query-input":{"@type":"PropertyValueSpecification","valueRequired":true,"valueName":"search_term_string"}}],"inLanguage":"pt-BR"}]}},"_links":{"self":[{"href":"https:\/\/semead.com.br\/24\/wp-json\/wp\/v2\/pages\/21350","targetHints":{"allow":["GET"]}}],"collection":[{"href":"https:\/\/semead.com.br\/24\/wp-json\/wp\/v2\/pages"}],"about":[{"href":"https:\/\/semead.com.br\/24\/wp-json\/wp\/v2\/types\/page"}],"author":[{"embeddable":true,"href":"https:\/\/semead.com.br\/24\/wp-json\/wp\/v2\/users\/4"}],"replies":[{"embeddable":true,"href":"https:\/\/semead.com.br\/24\/wp-json\/wp\/v2\/comments?post=21350"}],"version-history":[{"count":0,"href":"https:\/\/semead.com.br\/24\/wp-json\/wp\/v2\/pages\/21350\/revisions"}],"wp:attachment":[{"href":"https:\/\/semead.com.br\/24\/wp-json\/wp\/v2\/media?parent=21350"}],"curies":[{"name":"wp","href":"https:\/\/api.w.org\/{rel}","templated":true}]}}