{"id":21361,"date":"2021-07-01T21:44:14","date_gmt":"2021-07-02T00:44:14","guid":{"rendered":"https:\/\/semead.com.br\/24\/?page_id=21361"},"modified":"2021-07-01T21:48:08","modified_gmt":"2021-07-02T00:48:08","slug":"sapiens-sesiones-para-el-perfeccionamiento-de-estudios-cientificos","status":"publish","type":"page","link":"https:\/\/semead.com.br\/24\/sapiens-sesiones-para-el-perfeccionamiento-de-estudios-cientificos\/?lang=es","title":{"rendered":"Sapiens \u2013 Sesiones para el Perfeccionamiento de Estudios Cient\u00edficos"},"content":{"rendered":"\n<p>Sapiens es un taller dirigido al perfeccionamiento de art\u00edculos a trav\u00e9s de la discusi\u00f3n (en mesa redonda) entre autores e investigadores especialistas en las \u00e1reas cient\u00edficas del SemeAd. El objetivo del Sapiens es contribuir a la experiencia de investigadores de mayor trayectoria para un mejor env\u00edo y para el perfeccionamiento de los trabajos enviados, con el fin de que estos sean enviados a revistas nacionales y\/o internacionales de alto impacto.<\/p>\n\n<p>Reglas para el env\u00edo y aprobaci\u00f3n:<\/p>\n\n<ul>\n<li>El env\u00edo de art\u00edculos al Sapiens est\u00e1 abierta para todos los art\u00edculos cient\u00edficos enviados al SemeAd.<\/li>\n<li>En el momento del env\u00edo, el autor debe marcar la opci\u00f3n \u201cDeseo enviar el art\u00edculo al Sapiens y estoy consciente de las respectivas normas\u201d.<\/li>\n<li>Cada autor podr\u00e1 enviar <strong>un \u00fanico trabajo<\/strong> al Sapiens.<\/li>\n<li>La aceptaci\u00f3n del trabajo est\u00e1 sujeta a la aprobaci\u00f3n y a la doble designaci\u00f3n, por blind review (revisi\u00f3n ciega), de los evaluadores del art\u00edculo.<\/li>\n<li>Se elegir\u00e1n hasta dos trabajos por tem\u00e1tica de las \u00e1reas cient\u00edficas del SemeAd, d\u00e1ndole prioridad a los art\u00edculos cuyo primer autor sea un estudiante de posgrado a nivel de maestr\u00eda o doctorado.<\/li>\n<li>El resultado de aceptaci\u00f3n se divulgar\u00e1 en el \u00e1rea de acceso restringido del portal SemeAd.<\/li>\n<li>Para incluir el trabajo en la sesi\u00f3n, <strong>por lo menos uno de los autores debe estar inscrito en el SemeAd y participar en el Sapiens<\/strong>.<\/li>\n<li>Las sesiones de debate tendr\u00e1n una duraci\u00f3n de 30 a 45 minutos, paralelas a las sesiones de presentaci\u00f3n de art\u00edculos en el SemeAd.<\/li>\n<\/ul>\n\n<p><strong>IMPORTANTE<\/strong>: Los autores de los art\u00edculos seleccionados para el Sapiens, deben participar obligatoriamente en los dos momentos de presentaci\u00f3n de sus trabajos (sesi\u00f3n Sapiens y sesi\u00f3n convencional de presentaci\u00f3n), la participaci\u00f3n en uno no lo exime de asistir al otro.<\/p>\n","protected":false},"excerpt":{"rendered":"<p>Sapiens es un taller dirigido al perfeccionamiento de art\u00edculos a trav\u00e9s de la discusi\u00f3n (en mesa redonda) entre autores e investigadores especialistas en las \u00e1reas cient\u00edficas del SemeAd. El objetivo del Sapiens es contribuir a la experiencia de investigadores de mayor trayectoria para un mejor env\u00edo y para el perfeccionamiento de los trabajos enviados, con&#8230;<\/p>\n","protected":false},"author":4,"featured_media":0,"parent":0,"menu_order":0,"comment_status":"closed","ping_status":"open","template":"","meta":{"_acf_changed":false,"_monsterinsights_skip_tracking":false,"_monsterinsights_sitenote_active":false,"_monsterinsights_sitenote_note":"","_monsterinsights_sitenote_category":0,"footnotes":""},"class_list":["post-21361","page","type-page","status-publish","hentry"],"acf":[],"yoast_head":"<!-- This site is optimized with the Yoast SEO plugin v27.1.1 - https:\/\/yoast.com\/product\/yoast-seo-wordpress\/ -->\n<title>Sapiens \u2013 Sesiones para el Perfeccionamiento de Estudios Cient\u00edficos - XXIV SemeAd<\/title>\n<meta name=\"robots\" content=\"index, follow, max-snippet:-1, max-image-preview:large, max-video-preview:-1\" \/>\n<link rel=\"canonical\" href=\"https:\/\/semead.com.br\/24\/sapiens-sesiones-para-el-perfeccionamiento-de-estudios-cientificos\/\" \/>\n<meta property=\"og:locale\" content=\"pt_BR\" \/>\n<meta property=\"og:type\" content=\"article\" \/>\n<meta property=\"og:title\" content=\"Sapiens \u2013 Sesiones para el Perfeccionamiento de Estudios Cient\u00edficos - XXIV SemeAd\" \/>\n<meta property=\"og:description\" content=\"Sapiens es un taller dirigido al perfeccionamiento de art\u00edculos a trav\u00e9s de la discusi\u00f3n (en mesa redonda) entre autores e investigadores especialistas en las \u00e1reas cient\u00edficas del SemeAd. El objetivo del Sapiens es contribuir a la experiencia de investigadores de mayor trayectoria para un mejor env\u00edo y para el perfeccionamiento de los trabajos enviados, con...\" \/>\n<meta property=\"og:url\" content=\"https:\/\/semead.com.br\/24\/sapiens-sesiones-para-el-perfeccionamiento-de-estudios-cientificos\/?lang=es\" \/>\n<meta property=\"og:site_name\" content=\"XXIV SemeAd\" \/>\n<meta property=\"article:modified_time\" content=\"2021-07-02T00:48:08+00:00\" \/>\n<meta name=\"twitter:card\" content=\"summary_large_image\" \/>\n<meta name=\"twitter:label1\" content=\"Est. tempo de leitura\" \/>\n\t<meta name=\"twitter:data1\" content=\"2 minutos\" \/>\n<script type=\"application\/ld+json\" class=\"yoast-schema-graph\">{\"@context\":\"https:\/\/schema.org\",\"@graph\":[{\"@type\":\"WebPage\",\"@id\":\"https:\/\/semead.com.br\/24\/sapiens-sesiones-para-el-perfeccionamiento-de-estudios-cientificos\/?lang=es\",\"url\":\"https:\/\/semead.com.br\/24\/sapiens-sesiones-para-el-perfeccionamiento-de-estudios-cientificos\/?lang=es\",\"name\":\"Sapiens \u2013 Sesiones para el Perfeccionamiento de Estudios Cient\u00edficos - XXIV SemeAd\",\"isPartOf\":{\"@id\":\"https:\/\/semead.com.br\/24\/?lang=es\/#website\"},\"datePublished\":\"2021-07-02T00:44:14+00:00\",\"dateModified\":\"2021-07-02T00:48:08+00:00\",\"breadcrumb\":{\"@id\":\"https:\/\/semead.com.br\/24\/sapiens-sesiones-para-el-perfeccionamiento-de-estudios-cientificos\/?lang=es#breadcrumb\"},\"inLanguage\":\"pt-BR\",\"potentialAction\":[{\"@type\":\"ReadAction\",\"target\":[\"https:\/\/semead.com.br\/24\/sapiens-sesiones-para-el-perfeccionamiento-de-estudios-cientificos\/?lang=es\"]}]},{\"@type\":\"BreadcrumbList\",\"@id\":\"https:\/\/semead.com.br\/24\/sapiens-sesiones-para-el-perfeccionamiento-de-estudios-cientificos\/?lang=es#breadcrumb\",\"itemListElement\":[{\"@type\":\"ListItem\",\"position\":1,\"name\":\"In\u00edcio\",\"item\":\"https:\/\/semead.com.br\/24\/\"},{\"@type\":\"ListItem\",\"position\":2,\"name\":\"Sapiens \u2013 Sesiones para el Perfeccionamiento de Estudios Cient\u00edficos\"}]},{\"@type\":\"WebSite\",\"@id\":\"https:\/\/semead.com.br\/24\/?lang=es\/#website\",\"url\":\"https:\/\/semead.com.br\/24\/?lang=es\/\",\"name\":\"XXIV SemeAd\",\"description\":\"Semin\u00e1rios em Administra\u00e7\u00e3o\",\"potentialAction\":[{\"@type\":\"SearchAction\",\"target\":{\"@type\":\"EntryPoint\",\"urlTemplate\":\"https:\/\/semead.com.br\/24\/?lang=es\/?s={search_term_string}\"},\"query-input\":{\"@type\":\"PropertyValueSpecification\",\"valueRequired\":true,\"valueName\":\"search_term_string\"}}],\"inLanguage\":\"pt-BR\"}]}<\/script>\n<!-- \/ Yoast SEO plugin. -->","yoast_head_json":{"title":"Sapiens \u2013 Sesiones para el Perfeccionamiento de Estudios Cient\u00edficos - XXIV SemeAd","robots":{"index":"index","follow":"follow","max-snippet":"max-snippet:-1","max-image-preview":"max-image-preview:large","max-video-preview":"max-video-preview:-1"},"canonical":"https:\/\/semead.com.br\/24\/sapiens-sesiones-para-el-perfeccionamiento-de-estudios-cientificos\/","og_locale":"pt_BR","og_type":"article","og_title":"Sapiens \u2013 Sesiones para el Perfeccionamiento de Estudios Cient\u00edficos - XXIV SemeAd","og_description":"Sapiens es un taller dirigido al perfeccionamiento de art\u00edculos a trav\u00e9s de la discusi\u00f3n (en mesa redonda) entre autores e investigadores especialistas en las \u00e1reas cient\u00edficas del SemeAd. El objetivo del Sapiens es contribuir a la experiencia de investigadores de mayor trayectoria para un mejor env\u00edo y para el perfeccionamiento de los trabajos enviados, con...","og_url":"https:\/\/semead.com.br\/24\/sapiens-sesiones-para-el-perfeccionamiento-de-estudios-cientificos\/?lang=es","og_site_name":"XXIV SemeAd","article_modified_time":"2021-07-02T00:48:08+00:00","twitter_card":"summary_large_image","twitter_misc":{"Est. tempo de leitura":"2 minutos"},"schema":{"@context":"https:\/\/schema.org","@graph":[{"@type":"WebPage","@id":"https:\/\/semead.com.br\/24\/sapiens-sesiones-para-el-perfeccionamiento-de-estudios-cientificos\/?lang=es","url":"https:\/\/semead.com.br\/24\/sapiens-sesiones-para-el-perfeccionamiento-de-estudios-cientificos\/?lang=es","name":"Sapiens \u2013 Sesiones para el Perfeccionamiento de Estudios Cient\u00edficos - XXIV SemeAd","isPartOf":{"@id":"https:\/\/semead.com.br\/24\/?lang=es\/#website"},"datePublished":"2021-07-02T00:44:14+00:00","dateModified":"2021-07-02T00:48:08+00:00","breadcrumb":{"@id":"https:\/\/semead.com.br\/24\/sapiens-sesiones-para-el-perfeccionamiento-de-estudios-cientificos\/?lang=es#breadcrumb"},"inLanguage":"pt-BR","potentialAction":[{"@type":"ReadAction","target":["https:\/\/semead.com.br\/24\/sapiens-sesiones-para-el-perfeccionamiento-de-estudios-cientificos\/?lang=es"]}]},{"@type":"BreadcrumbList","@id":"https:\/\/semead.com.br\/24\/sapiens-sesiones-para-el-perfeccionamiento-de-estudios-cientificos\/?lang=es#breadcrumb","itemListElement":[{"@type":"ListItem","position":1,"name":"In\u00edcio","item":"https:\/\/semead.com.br\/24\/"},{"@type":"ListItem","position":2,"name":"Sapiens \u2013 Sesiones para el Perfeccionamiento de Estudios Cient\u00edficos"}]},{"@type":"WebSite","@id":"https:\/\/semead.com.br\/24\/?lang=es\/#website","url":"https:\/\/semead.com.br\/24\/?lang=es\/","name":"XXIV SemeAd","description":"Semin\u00e1rios em Administra\u00e7\u00e3o","potentialAction":[{"@type":"SearchAction","target":{"@type":"EntryPoint","urlTemplate":"https:\/\/semead.com.br\/24\/?lang=es\/?s={search_term_string}"},"query-input":{"@type":"PropertyValueSpecification","valueRequired":true,"valueName":"search_term_string"}}],"inLanguage":"pt-BR"}]}},"_links":{"self":[{"href":"https:\/\/semead.com.br\/24\/wp-json\/wp\/v2\/pages\/21361","targetHints":{"allow":["GET"]}}],"collection":[{"href":"https:\/\/semead.com.br\/24\/wp-json\/wp\/v2\/pages"}],"about":[{"href":"https:\/\/semead.com.br\/24\/wp-json\/wp\/v2\/types\/page"}],"author":[{"embeddable":true,"href":"https:\/\/semead.com.br\/24\/wp-json\/wp\/v2\/users\/4"}],"replies":[{"embeddable":true,"href":"https:\/\/semead.com.br\/24\/wp-json\/wp\/v2\/comments?post=21361"}],"version-history":[{"count":0,"href":"https:\/\/semead.com.br\/24\/wp-json\/wp\/v2\/pages\/21361\/revisions"}],"wp:attachment":[{"href":"https:\/\/semead.com.br\/24\/wp-json\/wp\/v2\/media?parent=21361"}],"curies":[{"name":"wp","href":"https:\/\/api.w.org\/{rel}","templated":true}]}}