{"id":21377,"date":"2021-07-01T21:52:42","date_gmt":"2021-07-02T00:52:42","guid":{"rendered":"https:\/\/semead.com.br\/24\/?page_id=21377"},"modified":"2021-07-01T21:54:40","modified_gmt":"2021-07-02T00:54:40","slug":"workshops","status":"publish","type":"page","link":"https:\/\/semead.com.br\/24\/workshops\/?lang=es","title":{"rendered":"Workshops"},"content":{"rendered":"\t\t<div data-elementor-type=\"wp-page\" data-elementor-id=\"21377\" class=\"elementor elementor-21377\">\n\t\t\t\t\t\t<section class=\"elementor-section elementor-top-section elementor-element elementor-element-1b6efc7 elementor-section-boxed elementor-section-height-default elementor-section-height-default\" data-id=\"1b6efc7\" data-element_type=\"section\" data-e-type=\"section\">\n\t\t\t\t\t\t<div class=\"elementor-container elementor-column-gap-default\">\n\t\t\t\t\t<div class=\"elementor-column elementor-col-100 elementor-top-column elementor-element elementor-element-eedee32\" data-id=\"eedee32\" data-element_type=\"column\" data-e-type=\"column\">\n\t\t\t<div class=\"elementor-widget-wrap elementor-element-populated\">\n\t\t\t\t\t\t<div class=\"elementor-element elementor-element-6eea231 elementor-widget elementor-widget-text-editor\" data-id=\"6eea231\" data-element_type=\"widget\" data-e-type=\"widget\" data-widget_type=\"text-editor.default\">\n\t\t\t\t<div class=\"elementor-widget-container\">\n\t\t\t\t\t\t\t\t\t<p class=\"MsoNormal\">Las sesiones de talleres y de minicursos metodol\u00f3gicos son una actividad del SemeAd que tiene como objetivo promover actividades pr\u00e1cticas y discusiones profundas sobre temas de investigaci\u00f3n espec\u00edficos. Los talleres cuentan con investigadores especialistas en las tem\u00e1ticas propuestas.<\/p><p class=\"MsoNormal\">En breve, m\u00e1s informaci\u00f3n acerca de la programaci\u00f3n de talleres para el XXIV SemeAd. <\/p>\t\t\t\t\t\t\t\t<\/div>\n\t\t\t\t<\/div>\n\t\t\t\t\t<\/div>\n\t\t<\/div>\n\t\t\t\t\t<\/div>\n\t\t<\/section>\n\t\t\t\t<\/div>\n\t\t","protected":false},"excerpt":{"rendered":"<p>Las sesiones de talleres y de minicursos metodol\u00f3gicos son una actividad del SemeAd que tiene como objetivo promover actividades pr\u00e1cticas y discusiones profundas sobre temas de investigaci\u00f3n espec\u00edficos. Los talleres cuentan con investigadores especialistas en las tem\u00e1ticas propuestas. En breve, m\u00e1s informaci\u00f3n acerca de la programaci\u00f3n de talleres para el XXIV SemeAd.<\/p>\n","protected":false},"author":4,"featured_media":0,"parent":0,"menu_order":0,"comment_status":"closed","ping_status":"closed","template":"","meta":{"_acf_changed":false,"_monsterinsights_skip_tracking":false,"_monsterinsights_sitenote_active":false,"_monsterinsights_sitenote_note":"","_monsterinsights_sitenote_category":0,"footnotes":""},"class_list":["post-21377","page","type-page","status-publish","hentry"],"acf":[],"yoast_head":"<!-- This site is optimized with the Yoast SEO plugin v27.1.1 - https:\/\/yoast.com\/product\/yoast-seo-wordpress\/ -->\n<title>Workshops - XXIV SemeAd<\/title>\n<meta name=\"robots\" content=\"index, follow, max-snippet:-1, max-image-preview:large, max-video-preview:-1\" \/>\n<link rel=\"canonical\" href=\"https:\/\/semead.com.br\/24\/workshops\/\" \/>\n<meta property=\"og:locale\" content=\"pt_BR\" \/>\n<meta property=\"og:type\" content=\"article\" \/>\n<meta property=\"og:title\" content=\"Workshops - XXIV SemeAd\" \/>\n<meta property=\"og:description\" content=\"Las sesiones de talleres y de minicursos metodol\u00f3gicos son una actividad del SemeAd que tiene como objetivo promover actividades pr\u00e1cticas y discusiones profundas sobre temas de investigaci\u00f3n espec\u00edficos. Los talleres cuentan con investigadores especialistas en las tem\u00e1ticas propuestas. En breve, m\u00e1s informaci\u00f3n acerca de la programaci\u00f3n de talleres para el XXIV SemeAd.\" \/>\n<meta property=\"og:url\" content=\"https:\/\/semead.com.br\/24\/workshops\/?lang=es\" \/>\n<meta property=\"og:site_name\" content=\"XXIV SemeAd\" \/>\n<meta property=\"article:modified_time\" content=\"2021-07-02T00:54:40+00:00\" \/>\n<meta name=\"twitter:card\" content=\"summary_large_image\" \/>\n<meta name=\"twitter:label1\" content=\"Est. tempo de leitura\" \/>\n\t<meta name=\"twitter:data1\" content=\"1 minuto\" \/>\n<script type=\"application\/ld+json\" class=\"yoast-schema-graph\">{\"@context\":\"https:\/\/schema.org\",\"@graph\":[{\"@type\":\"WebPage\",\"@id\":\"https:\/\/semead.com.br\/24\/workshops\/?lang=es\",\"url\":\"https:\/\/semead.com.br\/24\/workshops\/?lang=es\",\"name\":\"Workshops - XXIV SemeAd\",\"isPartOf\":{\"@id\":\"https:\/\/semead.com.br\/24\/?lang=es\/#website\"},\"datePublished\":\"2021-07-02T00:52:42+00:00\",\"dateModified\":\"2021-07-02T00:54:40+00:00\",\"breadcrumb\":{\"@id\":\"https:\/\/semead.com.br\/24\/workshops\/?lang=es#breadcrumb\"},\"inLanguage\":\"pt-BR\",\"potentialAction\":[{\"@type\":\"ReadAction\",\"target\":[\"https:\/\/semead.com.br\/24\/workshops\/?lang=es\"]}]},{\"@type\":\"BreadcrumbList\",\"@id\":\"https:\/\/semead.com.br\/24\/workshops\/?lang=es#breadcrumb\",\"itemListElement\":[{\"@type\":\"ListItem\",\"position\":1,\"name\":\"In\u00edcio\",\"item\":\"https:\/\/semead.com.br\/24\/\"},{\"@type\":\"ListItem\",\"position\":2,\"name\":\"Workshops\"}]},{\"@type\":\"WebSite\",\"@id\":\"https:\/\/semead.com.br\/24\/?lang=es\/#website\",\"url\":\"https:\/\/semead.com.br\/24\/?lang=es\/\",\"name\":\"XXIV SemeAd\",\"description\":\"Semin\u00e1rios em Administra\u00e7\u00e3o\",\"potentialAction\":[{\"@type\":\"SearchAction\",\"target\":{\"@type\":\"EntryPoint\",\"urlTemplate\":\"https:\/\/semead.com.br\/24\/?lang=es\/?s={search_term_string}\"},\"query-input\":{\"@type\":\"PropertyValueSpecification\",\"valueRequired\":true,\"valueName\":\"search_term_string\"}}],\"inLanguage\":\"pt-BR\"}]}<\/script>\n<!-- \/ Yoast SEO plugin. -->","yoast_head_json":{"title":"Workshops - XXIV SemeAd","robots":{"index":"index","follow":"follow","max-snippet":"max-snippet:-1","max-image-preview":"max-image-preview:large","max-video-preview":"max-video-preview:-1"},"canonical":"https:\/\/semead.com.br\/24\/workshops\/","og_locale":"pt_BR","og_type":"article","og_title":"Workshops - XXIV SemeAd","og_description":"Las sesiones de talleres y de minicursos metodol\u00f3gicos son una actividad del SemeAd que tiene como objetivo promover actividades pr\u00e1cticas y discusiones profundas sobre temas de investigaci\u00f3n espec\u00edficos. Los talleres cuentan con investigadores especialistas en las tem\u00e1ticas propuestas. En breve, m\u00e1s informaci\u00f3n acerca de la programaci\u00f3n de talleres para el XXIV SemeAd.","og_url":"https:\/\/semead.com.br\/24\/workshops\/?lang=es","og_site_name":"XXIV SemeAd","article_modified_time":"2021-07-02T00:54:40+00:00","twitter_card":"summary_large_image","twitter_misc":{"Est. tempo de leitura":"1 minuto"},"schema":{"@context":"https:\/\/schema.org","@graph":[{"@type":"WebPage","@id":"https:\/\/semead.com.br\/24\/workshops\/?lang=es","url":"https:\/\/semead.com.br\/24\/workshops\/?lang=es","name":"Workshops - XXIV SemeAd","isPartOf":{"@id":"https:\/\/semead.com.br\/24\/?lang=es\/#website"},"datePublished":"2021-07-02T00:52:42+00:00","dateModified":"2021-07-02T00:54:40+00:00","breadcrumb":{"@id":"https:\/\/semead.com.br\/24\/workshops\/?lang=es#breadcrumb"},"inLanguage":"pt-BR","potentialAction":[{"@type":"ReadAction","target":["https:\/\/semead.com.br\/24\/workshops\/?lang=es"]}]},{"@type":"BreadcrumbList","@id":"https:\/\/semead.com.br\/24\/workshops\/?lang=es#breadcrumb","itemListElement":[{"@type":"ListItem","position":1,"name":"In\u00edcio","item":"https:\/\/semead.com.br\/24\/"},{"@type":"ListItem","position":2,"name":"Workshops"}]},{"@type":"WebSite","@id":"https:\/\/semead.com.br\/24\/?lang=es\/#website","url":"https:\/\/semead.com.br\/24\/?lang=es\/","name":"XXIV SemeAd","description":"Semin\u00e1rios em Administra\u00e7\u00e3o","potentialAction":[{"@type":"SearchAction","target":{"@type":"EntryPoint","urlTemplate":"https:\/\/semead.com.br\/24\/?lang=es\/?s={search_term_string}"},"query-input":{"@type":"PropertyValueSpecification","valueRequired":true,"valueName":"search_term_string"}}],"inLanguage":"pt-BR"}]}},"_links":{"self":[{"href":"https:\/\/semead.com.br\/24\/wp-json\/wp\/v2\/pages\/21377","targetHints":{"allow":["GET"]}}],"collection":[{"href":"https:\/\/semead.com.br\/24\/wp-json\/wp\/v2\/pages"}],"about":[{"href":"https:\/\/semead.com.br\/24\/wp-json\/wp\/v2\/types\/page"}],"author":[{"embeddable":true,"href":"https:\/\/semead.com.br\/24\/wp-json\/wp\/v2\/users\/4"}],"replies":[{"embeddable":true,"href":"https:\/\/semead.com.br\/24\/wp-json\/wp\/v2\/comments?post=21377"}],"version-history":[{"count":0,"href":"https:\/\/semead.com.br\/24\/wp-json\/wp\/v2\/pages\/21377\/revisions"}],"wp:attachment":[{"href":"https:\/\/semead.com.br\/24\/wp-json\/wp\/v2\/media?parent=21377"}],"curies":[{"name":"wp","href":"https:\/\/api.w.org\/{rel}","templated":true}]}}