{"id":21383,"date":"2021-07-01T21:57:20","date_gmt":"2021-07-02T00:57:20","guid":{"rendered":"https:\/\/semead.com.br\/24\/?page_id=21383"},"modified":"2021-12-08T14:01:12","modified_gmt":"2021-12-08T17:01:12","slug":"base-de-datos","status":"publish","type":"page","link":"https:\/\/semead.com.br\/24\/base-de-datos\/?lang=es","title":{"rendered":"Base de Datos"},"content":{"rendered":"\n<p>En asociaci\u00f3n con FIA y FECAP, este a\u00f1o todos * los solicitantes de SemeAD 2021 tendr\u00e1n acceso a las bases de datos de EBSCO y Economatica.<\/p>\n\n\n\n<p><em>* la condici\u00f3n no aplica para los inscritos en la modalidad de &#8220;Inscri\u00e7\u00e3o Inclusiva&#8221;<\/em><\/p>\n\n\n\n<div class=\"wp-block-columns is-layout-flex wp-container-core-columns-is-layout-9d6595d7 wp-block-columns-is-layout-flex\">\n<div class=\"wp-block-column is-layout-flow wp-block-column-is-layout-flow\">\n<div class=\"wp-block-image\"><figure class=\"aligncenter size-large is-resized\"><img decoding=\"async\" src=\"https:\/\/semead.com.br\/23\/wp-content\/uploads\/sites\/12\/2020\/09\/ebsco-1.png\" alt=\"\" width=\"270\" height=\"77\"\/><\/figure><\/div>\n<\/div>\n\n\n\n<div class=\"wp-block-column is-layout-flow wp-block-column-is-layout-flow\">\n<div class=\"wp-block-image\"><figure class=\"aligncenter size-large\"><img decoding=\"async\" src=\"https:\/\/semead.com.br\/23\/wp-content\/uploads\/sites\/12\/2020\/09\/logo-economatica-2.png\" alt=\"\"\/><\/figure><\/div>\n<\/div>\n<\/div>\n\n\n\n<p>Congresista, use su <a href=\"http:\/\/login.semead.com.br\" target=\"_blank\" rel=\"noreferrer noopener\">Login SemeAD<\/a> vaya a la pesta\u00f1a &#8220;Bases&#8221; en el lateral del sitio. All\u00ed estar\u00e1n a tu disposici\u00f3n:<\/p>\n\n\n\n<ul class=\"wp-block-list\"><li>el link de redireccionamiento para acceder a EBSCO y;<\/li><li>el tutorial de orientaci\u00f3n para la base de Economatica.<\/li><\/ul>\n","protected":false},"excerpt":{"rendered":"<p>En asociaci\u00f3n con FIA y FECAP, este a\u00f1o todos * los solicitantes de SemeAD 2021 tendr\u00e1n acceso a las bases de datos de EBSCO y Economatica. * la condici\u00f3n no aplica para los inscritos en la modalidad de &#8220;Inscri\u00e7\u00e3o Inclusiva&#8221; Congresista, use su Login SemeAD vaya a la pesta\u00f1a &#8220;Bases&#8221; en el lateral del sitio&#8230;.<\/p>\n","protected":false},"author":4,"featured_media":0,"parent":0,"menu_order":0,"comment_status":"closed","ping_status":"closed","template":"","meta":{"_acf_changed":false,"_monsterinsights_skip_tracking":false,"_monsterinsights_sitenote_active":false,"_monsterinsights_sitenote_note":"","_monsterinsights_sitenote_category":0,"footnotes":""},"class_list":["post-21383","page","type-page","status-publish","hentry"],"acf":[],"yoast_head":"<!-- This site is optimized with the Yoast SEO plugin v27.1.1 - https:\/\/yoast.com\/product\/yoast-seo-wordpress\/ -->\n<title>Base de Datos - XXIV SemeAd<\/title>\n<meta name=\"robots\" content=\"index, follow, max-snippet:-1, max-image-preview:large, max-video-preview:-1\" \/>\n<link rel=\"canonical\" href=\"https:\/\/semead.com.br\/24\/base-de-datos\/\" \/>\n<meta property=\"og:locale\" content=\"pt_BR\" \/>\n<meta property=\"og:type\" content=\"article\" \/>\n<meta property=\"og:title\" content=\"Base de Datos - XXIV SemeAd\" \/>\n<meta property=\"og:description\" content=\"En asociaci\u00f3n con FIA y FECAP, este a\u00f1o todos * los solicitantes de SemeAD 2021 tendr\u00e1n acceso a las bases de datos de EBSCO y Economatica. * la condici\u00f3n no aplica para los inscritos en la modalidad de &#8220;Inscri\u00e7\u00e3o Inclusiva&#8221; Congresista, use su Login SemeAD vaya a la pesta\u00f1a &#8220;Bases&#8221; en el lateral del sitio....\" \/>\n<meta property=\"og:url\" content=\"https:\/\/semead.com.br\/24\/base-de-datos\/?lang=es\" \/>\n<meta property=\"og:site_name\" content=\"XXIV SemeAd\" \/>\n<meta property=\"article:modified_time\" content=\"2021-12-08T17:01:12+00:00\" \/>\n<meta property=\"og:image\" content=\"https:\/\/semead.com.br\/23\/wp-content\/uploads\/sites\/12\/2020\/09\/ebsco-1.png\" \/>\n<meta name=\"twitter:card\" content=\"summary_large_image\" \/>\n<meta name=\"twitter:label1\" content=\"Est. tempo de leitura\" \/>\n\t<meta name=\"twitter:data1\" content=\"1 minuto\" \/>\n<script type=\"application\/ld+json\" class=\"yoast-schema-graph\">{\"@context\":\"https:\/\/schema.org\",\"@graph\":[{\"@type\":\"WebPage\",\"@id\":\"https:\/\/semead.com.br\/24\/base-de-datos\/?lang=es\",\"url\":\"https:\/\/semead.com.br\/24\/base-de-datos\/?lang=es\",\"name\":\"Base de Datos - XXIV SemeAd\",\"isPartOf\":{\"@id\":\"https:\/\/semead.com.br\/24\/?lang=es\/#website\"},\"primaryImageOfPage\":{\"@id\":\"https:\/\/semead.com.br\/24\/base-de-datos\/?lang=es#primaryimage\"},\"image\":{\"@id\":\"https:\/\/semead.com.br\/24\/base-de-datos\/?lang=es#primaryimage\"},\"thumbnailUrl\":\"https:\/\/semead.com.br\/23\/wp-content\/uploads\/sites\/12\/2020\/09\/ebsco-1.png\",\"datePublished\":\"2021-07-02T00:57:20+00:00\",\"dateModified\":\"2021-12-08T17:01:12+00:00\",\"breadcrumb\":{\"@id\":\"https:\/\/semead.com.br\/24\/base-de-datos\/?lang=es#breadcrumb\"},\"inLanguage\":\"pt-BR\",\"potentialAction\":[{\"@type\":\"ReadAction\",\"target\":[\"https:\/\/semead.com.br\/24\/base-de-datos\/?lang=es\"]}]},{\"@type\":\"ImageObject\",\"inLanguage\":\"pt-BR\",\"@id\":\"https:\/\/semead.com.br\/24\/base-de-datos\/?lang=es#primaryimage\",\"url\":\"https:\/\/semead.com.br\/23\/wp-content\/uploads\/sites\/12\/2020\/09\/ebsco-1.png\",\"contentUrl\":\"https:\/\/semead.com.br\/23\/wp-content\/uploads\/sites\/12\/2020\/09\/ebsco-1.png\"},{\"@type\":\"BreadcrumbList\",\"@id\":\"https:\/\/semead.com.br\/24\/base-de-datos\/?lang=es#breadcrumb\",\"itemListElement\":[{\"@type\":\"ListItem\",\"position\":1,\"name\":\"In\u00edcio\",\"item\":\"https:\/\/semead.com.br\/24\/\"},{\"@type\":\"ListItem\",\"position\":2,\"name\":\"Base de Datos\"}]},{\"@type\":\"WebSite\",\"@id\":\"https:\/\/semead.com.br\/24\/?lang=es\/#website\",\"url\":\"https:\/\/semead.com.br\/24\/?lang=es\/\",\"name\":\"XXIV SemeAd\",\"description\":\"Semin\u00e1rios em Administra\u00e7\u00e3o\",\"potentialAction\":[{\"@type\":\"SearchAction\",\"target\":{\"@type\":\"EntryPoint\",\"urlTemplate\":\"https:\/\/semead.com.br\/24\/?lang=es\/?s={search_term_string}\"},\"query-input\":{\"@type\":\"PropertyValueSpecification\",\"valueRequired\":true,\"valueName\":\"search_term_string\"}}],\"inLanguage\":\"pt-BR\"}]}<\/script>\n<!-- \/ Yoast SEO plugin. -->","yoast_head_json":{"title":"Base de Datos - XXIV SemeAd","robots":{"index":"index","follow":"follow","max-snippet":"max-snippet:-1","max-image-preview":"max-image-preview:large","max-video-preview":"max-video-preview:-1"},"canonical":"https:\/\/semead.com.br\/24\/base-de-datos\/","og_locale":"pt_BR","og_type":"article","og_title":"Base de Datos - XXIV SemeAd","og_description":"En asociaci\u00f3n con FIA y FECAP, este a\u00f1o todos * los solicitantes de SemeAD 2021 tendr\u00e1n acceso a las bases de datos de EBSCO y Economatica. * la condici\u00f3n no aplica para los inscritos en la modalidad de &#8220;Inscri\u00e7\u00e3o Inclusiva&#8221; Congresista, use su Login SemeAD vaya a la pesta\u00f1a &#8220;Bases&#8221; en el lateral del sitio....","og_url":"https:\/\/semead.com.br\/24\/base-de-datos\/?lang=es","og_site_name":"XXIV SemeAd","article_modified_time":"2021-12-08T17:01:12+00:00","og_image":[{"url":"https:\/\/semead.com.br\/23\/wp-content\/uploads\/sites\/12\/2020\/09\/ebsco-1.png","type":"","width":"","height":""}],"twitter_card":"summary_large_image","twitter_misc":{"Est. tempo de leitura":"1 minuto"},"schema":{"@context":"https:\/\/schema.org","@graph":[{"@type":"WebPage","@id":"https:\/\/semead.com.br\/24\/base-de-datos\/?lang=es","url":"https:\/\/semead.com.br\/24\/base-de-datos\/?lang=es","name":"Base de Datos - XXIV SemeAd","isPartOf":{"@id":"https:\/\/semead.com.br\/24\/?lang=es\/#website"},"primaryImageOfPage":{"@id":"https:\/\/semead.com.br\/24\/base-de-datos\/?lang=es#primaryimage"},"image":{"@id":"https:\/\/semead.com.br\/24\/base-de-datos\/?lang=es#primaryimage"},"thumbnailUrl":"https:\/\/semead.com.br\/23\/wp-content\/uploads\/sites\/12\/2020\/09\/ebsco-1.png","datePublished":"2021-07-02T00:57:20+00:00","dateModified":"2021-12-08T17:01:12+00:00","breadcrumb":{"@id":"https:\/\/semead.com.br\/24\/base-de-datos\/?lang=es#breadcrumb"},"inLanguage":"pt-BR","potentialAction":[{"@type":"ReadAction","target":["https:\/\/semead.com.br\/24\/base-de-datos\/?lang=es"]}]},{"@type":"ImageObject","inLanguage":"pt-BR","@id":"https:\/\/semead.com.br\/24\/base-de-datos\/?lang=es#primaryimage","url":"https:\/\/semead.com.br\/23\/wp-content\/uploads\/sites\/12\/2020\/09\/ebsco-1.png","contentUrl":"https:\/\/semead.com.br\/23\/wp-content\/uploads\/sites\/12\/2020\/09\/ebsco-1.png"},{"@type":"BreadcrumbList","@id":"https:\/\/semead.com.br\/24\/base-de-datos\/?lang=es#breadcrumb","itemListElement":[{"@type":"ListItem","position":1,"name":"In\u00edcio","item":"https:\/\/semead.com.br\/24\/"},{"@type":"ListItem","position":2,"name":"Base de Datos"}]},{"@type":"WebSite","@id":"https:\/\/semead.com.br\/24\/?lang=es\/#website","url":"https:\/\/semead.com.br\/24\/?lang=es\/","name":"XXIV SemeAd","description":"Semin\u00e1rios em Administra\u00e7\u00e3o","potentialAction":[{"@type":"SearchAction","target":{"@type":"EntryPoint","urlTemplate":"https:\/\/semead.com.br\/24\/?lang=es\/?s={search_term_string}"},"query-input":{"@type":"PropertyValueSpecification","valueRequired":true,"valueName":"search_term_string"}}],"inLanguage":"pt-BR"}]}},"_links":{"self":[{"href":"https:\/\/semead.com.br\/24\/wp-json\/wp\/v2\/pages\/21383","targetHints":{"allow":["GET"]}}],"collection":[{"href":"https:\/\/semead.com.br\/24\/wp-json\/wp\/v2\/pages"}],"about":[{"href":"https:\/\/semead.com.br\/24\/wp-json\/wp\/v2\/types\/page"}],"author":[{"embeddable":true,"href":"https:\/\/semead.com.br\/24\/wp-json\/wp\/v2\/users\/4"}],"replies":[{"embeddable":true,"href":"https:\/\/semead.com.br\/24\/wp-json\/wp\/v2\/comments?post=21383"}],"version-history":[{"count":0,"href":"https:\/\/semead.com.br\/24\/wp-json\/wp\/v2\/pages\/21383\/revisions"}],"wp:attachment":[{"href":"https:\/\/semead.com.br\/24\/wp-json\/wp\/v2\/media?parent=21383"}],"curies":[{"name":"wp","href":"https:\/\/api.w.org\/{rel}","templated":true}]}}