{"id":21469,"date":"2021-07-02T13:40:44","date_gmt":"2021-07-02T16:40:44","guid":{"rendered":"https:\/\/semead.com.br\/24\/?page_id=21469"},"modified":"2021-07-02T13:40:45","modified_gmt":"2021-07-02T16:40:45","slug":"areas","status":"publish","type":"page","link":"https:\/\/semead.com.br\/24\/areas\/?lang=es","title":{"rendered":"Areas"},"content":{"rendered":"\t\t<div data-elementor-type=\"wp-page\" data-elementor-id=\"21469\" class=\"elementor elementor-21469\">\n\t\t\t\t\t\t<section class=\"elementor-section elementor-top-section elementor-element elementor-element-4d51c61 elementor-section-boxed elementor-section-height-default elementor-section-height-default\" data-id=\"4d51c61\" data-element_type=\"section\" data-e-type=\"section\">\n\t\t\t\t\t\t<div class=\"elementor-container elementor-column-gap-default\">\n\t\t\t\t\t<div class=\"elementor-column elementor-col-100 elementor-top-column elementor-element elementor-element-e8b1a53\" data-id=\"e8b1a53\" data-element_type=\"column\" data-e-type=\"column\">\n\t\t\t<div class=\"elementor-widget-wrap elementor-element-populated\">\n\t\t\t\t\t\t<div class=\"elementor-element elementor-element-e6d2be8 elementor-widget elementor-widget-wp-widget-nav_menu\" data-id=\"e6d2be8\" data-element_type=\"widget\" data-e-type=\"widget\" data-widget_type=\"wp-widget-nav_menu.default\">\n\t\t\t\t<div class=\"elementor-widget-container\">\n\t\t\t\t\t<div class=\"widget single-sidebar padding-bottom1\"><div class=\"menu-areas-cientificas-container\"><ul id=\"menu-areas-cientificas\" class=\"menu\"><li id=\"menu-item-20481\" class=\"menu-item menu-item-type-post_type menu-item-object-page menu-item-20481\"><a href=\"https:\/\/semead.com.br\/24\/areas\/special-issues\/\">Special Issues<\/a><\/li>\n<li id=\"menu-item-12282\" class=\"menu-item menu-item-type-post_type menu-item-object-page menu-item-12282\"><a href=\"https:\/\/semead.com.br\/24\/areas\/cientificas\/administracao-publica\/\">Administra\u00e7\u00e3o P\u00fablica<\/a><\/li>\n<li id=\"menu-item-15857\" class=\"menu-item menu-item-type-post_type menu-item-object-page menu-item-15857\"><a href=\"https:\/\/semead.com.br\/24\/areas\/cientificas\/agribusiness\/\">Agribusiness<\/a><\/li>\n<li id=\"menu-item-12274\" class=\"menu-item menu-item-type-post_type menu-item-object-page menu-item-12274\"><a href=\"https:\/\/semead.com.br\/24\/areas\/cientificas\/empreendedorismo\/\">Empreendedorismo<\/a><\/li>\n<li id=\"menu-item-12275\" class=\"menu-item menu-item-type-post_type menu-item-object-page menu-item-12275\"><a href=\"https:\/\/semead.com.br\/24\/areas\/cientificas\/ensino-e-pesquisa-em-administracao-e-casos-de-ensino\/\">Ensino e Pesquisa<\/a><\/li>\n<li id=\"menu-item-12276\" class=\"menu-item menu-item-type-post_type menu-item-object-page menu-item-12276\"><a href=\"https:\/\/semead.com.br\/24\/areas\/cientificas\/estrategia-em-organizacoes\/\">Estrat\u00e9gia em Organiza\u00e7\u00f5es<\/a><\/li>\n<li id=\"menu-item-12283\" class=\"menu-item menu-item-type-post_type menu-item-object-page menu-item-12283\"><a href=\"https:\/\/semead.com.br\/24\/areas\/cientificas\/estudos-organizacionais\/\">Estudos Organizacionais<\/a><\/li>\n<li id=\"menu-item-12277\" class=\"menu-item menu-item-type-post_type menu-item-object-page menu-item-12277\"><a href=\"https:\/\/semead.com.br\/24\/areas\/cientificas\/financas\/\">Finan\u00e7as<\/a><\/li>\n<li id=\"menu-item-12284\" class=\"menu-item menu-item-type-post_type menu-item-object-page menu-item-12284\"><a href=\"https:\/\/semead.com.br\/24\/areas\/cientificas\/gestao-da-inovacao\/\">Gest\u00e3o da Inova\u00e7\u00e3o<\/a><\/li>\n<li id=\"menu-item-12278\" class=\"menu-item menu-item-type-post_type menu-item-object-page menu-item-12278\"><a href=\"https:\/\/semead.com.br\/24\/areas\/cientificas\/gestao-de-pessoas\/\">Gest\u00e3o de Pessoas<\/a><\/li>\n<li id=\"menu-item-12279\" class=\"menu-item menu-item-type-post_type menu-item-object-page menu-item-12279\"><a href=\"https:\/\/semead.com.br\/24\/areas\/cientificas\/gestao-socioambiental\/\">Gest\u00e3o Socioambiental<\/a><\/li>\n<li id=\"menu-item-12281\" class=\"menu-item menu-item-type-post_type menu-item-object-page menu-item-12281\"><a href=\"https:\/\/semead.com.br\/24\/areas\/cientificas\/marketing\/\">Marketing<\/a><\/li>\n<li id=\"menu-item-12303\" class=\"menu-item menu-item-type-post_type menu-item-object-page menu-item-12303\"><a href=\"https:\/\/semead.com.br\/24\/areas\/cientificas\/operacoes\/\">Opera\u00e7\u00f5es<\/a><\/li>\n<li id=\"menu-item-12280\" class=\"menu-item menu-item-type-post_type menu-item-object-page menu-item-12280\"><a href=\"https:\/\/semead.com.br\/24\/areas\/cientificas\/gestao-da-tecnologia-da-informacao\/\">Tecnologia da Informa\u00e7\u00e3o<\/a><\/li>\n<li id=\"menu-item-12649\" class=\"menu-item menu-item-type-post_type menu-item-object-page menu-item-12649\"><a href=\"https:\/\/semead.com.br\/24\/areas\/cientificas\/turismo-e-hospitalidade\/\">Turismo e Hospitalidade<\/a><\/li>\n<li id=\"menu-item-13337\" class=\"menu-item menu-item-type-post_type menu-item-object-page menu-item-13337\"><a href=\"https:\/\/semead.com.br\/24\/areas\/artigos-aplicados\/\">Artigos Aplicados<\/a><\/li>\n<\/ul><\/div><\/div>\t\t\t\t<\/div>\n\t\t\t\t<\/div>\n\t\t\t\t\t<\/div>\n\t\t<\/div>\n\t\t\t\t\t<\/div>\n\t\t<\/section>\n\t\t\t\t<\/div>\n\t\t","protected":false},"excerpt":{"rendered":"","protected":false},"author":4,"featured_media":0,"parent":0,"menu_order":0,"comment_status":"closed","ping_status":"closed","template":"","meta":{"_acf_changed":false,"_monsterinsights_skip_tracking":false,"_monsterinsights_sitenote_active":false,"_monsterinsights_sitenote_note":"","_monsterinsights_sitenote_category":0,"footnotes":""},"class_list":["post-21469","page","type-page","status-publish","hentry"],"acf":[],"yoast_head":"<!-- This site is optimized with the Yoast SEO plugin v27.1.1 - https:\/\/yoast.com\/product\/yoast-seo-wordpress\/ -->\n<title>Areas - XXIV SemeAd<\/title>\n<meta name=\"robots\" content=\"index, follow, max-snippet:-1, max-image-preview:large, max-video-preview:-1\" \/>\n<link rel=\"canonical\" href=\"https:\/\/semead.com.br\/24\/areas\/\" \/>\n<meta property=\"og:locale\" content=\"pt_BR\" \/>\n<meta property=\"og:type\" content=\"article\" \/>\n<meta property=\"og:title\" content=\"Areas - XXIV SemeAd\" \/>\n<meta property=\"og:url\" content=\"https:\/\/semead.com.br\/24\/areas\/?lang=es\" \/>\n<meta property=\"og:site_name\" content=\"XXIV SemeAd\" \/>\n<meta property=\"article:modified_time\" content=\"2021-07-02T16:40:45+00:00\" \/>\n<meta name=\"twitter:card\" content=\"summary_large_image\" \/>\n<script type=\"application\/ld+json\" class=\"yoast-schema-graph\">{\"@context\":\"https:\/\/schema.org\",\"@graph\":[{\"@type\":\"WebPage\",\"@id\":\"https:\/\/semead.com.br\/24\/areas\/?lang=es\",\"url\":\"https:\/\/semead.com.br\/24\/areas\/?lang=es\",\"name\":\"Areas - XXIV SemeAd\",\"isPartOf\":{\"@id\":\"https:\/\/semead.com.br\/24\/?lang=es\/#website\"},\"datePublished\":\"2021-07-02T16:40:44+00:00\",\"dateModified\":\"2021-07-02T16:40:45+00:00\",\"breadcrumb\":{\"@id\":\"https:\/\/semead.com.br\/24\/areas\/?lang=es#breadcrumb\"},\"inLanguage\":\"pt-BR\",\"potentialAction\":[{\"@type\":\"ReadAction\",\"target\":[\"https:\/\/semead.com.br\/24\/areas\/?lang=es\"]}]},{\"@type\":\"BreadcrumbList\",\"@id\":\"https:\/\/semead.com.br\/24\/areas\/?lang=es#breadcrumb\",\"itemListElement\":[{\"@type\":\"ListItem\",\"position\":1,\"name\":\"In\u00edcio\",\"item\":\"https:\/\/semead.com.br\/24\/\"},{\"@type\":\"ListItem\",\"position\":2,\"name\":\"Areas\"}]},{\"@type\":\"WebSite\",\"@id\":\"https:\/\/semead.com.br\/24\/?lang=es\/#website\",\"url\":\"https:\/\/semead.com.br\/24\/?lang=es\/\",\"name\":\"XXIV SemeAd\",\"description\":\"Semin\u00e1rios em Administra\u00e7\u00e3o\",\"potentialAction\":[{\"@type\":\"SearchAction\",\"target\":{\"@type\":\"EntryPoint\",\"urlTemplate\":\"https:\/\/semead.com.br\/24\/?lang=es\/?s={search_term_string}\"},\"query-input\":{\"@type\":\"PropertyValueSpecification\",\"valueRequired\":true,\"valueName\":\"search_term_string\"}}],\"inLanguage\":\"pt-BR\"}]}<\/script>\n<!-- \/ Yoast SEO plugin. -->","yoast_head_json":{"title":"Areas - XXIV SemeAd","robots":{"index":"index","follow":"follow","max-snippet":"max-snippet:-1","max-image-preview":"max-image-preview:large","max-video-preview":"max-video-preview:-1"},"canonical":"https:\/\/semead.com.br\/24\/areas\/","og_locale":"pt_BR","og_type":"article","og_title":"Areas - XXIV SemeAd","og_url":"https:\/\/semead.com.br\/24\/areas\/?lang=es","og_site_name":"XXIV SemeAd","article_modified_time":"2021-07-02T16:40:45+00:00","twitter_card":"summary_large_image","schema":{"@context":"https:\/\/schema.org","@graph":[{"@type":"WebPage","@id":"https:\/\/semead.com.br\/24\/areas\/?lang=es","url":"https:\/\/semead.com.br\/24\/areas\/?lang=es","name":"Areas - XXIV SemeAd","isPartOf":{"@id":"https:\/\/semead.com.br\/24\/?lang=es\/#website"},"datePublished":"2021-07-02T16:40:44+00:00","dateModified":"2021-07-02T16:40:45+00:00","breadcrumb":{"@id":"https:\/\/semead.com.br\/24\/areas\/?lang=es#breadcrumb"},"inLanguage":"pt-BR","potentialAction":[{"@type":"ReadAction","target":["https:\/\/semead.com.br\/24\/areas\/?lang=es"]}]},{"@type":"BreadcrumbList","@id":"https:\/\/semead.com.br\/24\/areas\/?lang=es#breadcrumb","itemListElement":[{"@type":"ListItem","position":1,"name":"In\u00edcio","item":"https:\/\/semead.com.br\/24\/"},{"@type":"ListItem","position":2,"name":"Areas"}]},{"@type":"WebSite","@id":"https:\/\/semead.com.br\/24\/?lang=es\/#website","url":"https:\/\/semead.com.br\/24\/?lang=es\/","name":"XXIV SemeAd","description":"Semin\u00e1rios em Administra\u00e7\u00e3o","potentialAction":[{"@type":"SearchAction","target":{"@type":"EntryPoint","urlTemplate":"https:\/\/semead.com.br\/24\/?lang=es\/?s={search_term_string}"},"query-input":{"@type":"PropertyValueSpecification","valueRequired":true,"valueName":"search_term_string"}}],"inLanguage":"pt-BR"}]}},"_links":{"self":[{"href":"https:\/\/semead.com.br\/24\/wp-json\/wp\/v2\/pages\/21469","targetHints":{"allow":["GET"]}}],"collection":[{"href":"https:\/\/semead.com.br\/24\/wp-json\/wp\/v2\/pages"}],"about":[{"href":"https:\/\/semead.com.br\/24\/wp-json\/wp\/v2\/types\/page"}],"author":[{"embeddable":true,"href":"https:\/\/semead.com.br\/24\/wp-json\/wp\/v2\/users\/4"}],"replies":[{"embeddable":true,"href":"https:\/\/semead.com.br\/24\/wp-json\/wp\/v2\/comments?post=21469"}],"version-history":[{"count":0,"href":"https:\/\/semead.com.br\/24\/wp-json\/wp\/v2\/pages\/21469\/revisions"}],"wp:attachment":[{"href":"https:\/\/semead.com.br\/24\/wp-json\/wp\/v2\/media?parent=21469"}],"curies":[{"name":"wp","href":"https:\/\/api.w.org\/{rel}","templated":true}]}}