{"id":21505,"date":"2021-07-02T16:06:55","date_gmt":"2021-07-02T19:06:55","guid":{"rendered":"https:\/\/semead.com.br\/24\/?page_id=21505"},"modified":"2021-08-10T16:16:36","modified_gmt":"2021-08-10T19:16:36","slug":"reglas-para-el-envio-2","status":"publish","type":"page","link":"https:\/\/semead.com.br\/24\/reglas-para-el-envio-2\/?lang=es","title":{"rendered":"Reglas para el env\u00edo"},"content":{"rendered":"\t\t<div data-elementor-type=\"wp-page\" data-elementor-id=\"21505\" class=\"elementor elementor-21505\">\n\t\t\t\t\t\t<section class=\"elementor-section elementor-top-section elementor-element elementor-element-258ebf0 elementor-section-boxed elementor-section-height-default elementor-section-height-default\" data-id=\"258ebf0\" data-element_type=\"section\" data-e-type=\"section\">\n\t\t\t\t\t\t<div class=\"elementor-container elementor-column-gap-default\">\n\t\t\t\t\t<div class=\"elementor-column elementor-col-100 elementor-top-column elementor-element elementor-element-51e7755e\" data-id=\"51e7755e\" data-element_type=\"column\" data-e-type=\"column\">\n\t\t\t<div class=\"elementor-widget-wrap elementor-element-populated\">\n\t\t\t\t\t\t<div class=\"elementor-element elementor-element-57b6aa1d elementor-widget elementor-widget-text-editor\" data-id=\"57b6aa1d\" data-element_type=\"widget\" data-e-type=\"widget\" data-widget_type=\"text-editor.default\">\n\t\t\t\t<div class=\"elementor-widget-container\">\n\t\t\t\t\t\t\t\t\t<ul><li>El env\u00edo de trabajos ser\u00e1 exclusivamente por internet.<\/li><li>Env\u00edo de trabajos es gratuito y el precio de la inscripci\u00f3n al evento se dar\u00e1 a conocer en su momento, sin exceder los valores aplicados en el a\u00f1o anterior. Para conocer los valores y m\u00e1s informaci\u00f3n de la edici\u00f3n anterior: <a href=\"http:\/\/www.semead.com.br\/23\" target=\"_blank\" rel=\"noopener\">Ir a<\/a>.<\/li><li>El trabajo debe ser in\u00e9dito, sin embargo, podr\u00e1n aceptarse trabajos que a\u00fan est\u00e9n en desarrollo, incluso aquellos que hayan sido presentados en otros congresos diferentes al <strong>SemeAd <\/strong>y que no hayan sido enviados y\/o publicados en revistas cient\u00edficas.<\/li><li>Se evaluar\u00e1n cuatro (4) modalidades de env\u00edo en formato de art\u00edculos: <b style=\"color: #646464;\">te\u00f3ricos<\/b><span style=\"color: #646464;\">, basados en una s\u00f3lida base te\u00f3rica sobre un determinado tema; <\/span><b style=\"color: #646464;\">te\u00f3ricos y emp\u00edricos<\/b><span style=\"color: #646464;\">, basados en datos primarios y\/o secundarios (cualitativos y\/o cuantitativos); <\/span><b style=\"color: #646464;\">art\u00edculos aplicados<\/b><span style=\"color: #646464;\"> y <\/span><b style=\"color: #646464;\">casos pedag\u00f3gicos<\/b><span style=\"color: #646464;\">.<\/span><br \/><ul class=\"ul1\"><li class=\"li2\">Los trabajos pueden ser enviados en portugu\u00e9s, ingl\u00e9s o espa\u00f1ol.<\/li><li class=\"li2\">Cada trabajo podr\u00e1 tener como m\u00e1ximo cinco (5) autores.<\/li><li class=\"li2\">Cada autor podr\u00e1 enviar hasta tres (3) trabajos (entre las modalidades de art\u00edculos te\u00f3ricos, art\u00edculos aplicados y casos pedag\u00f3gicos) y un proyecto de tesis para la actividad del Consorcio Doctoral.<\/li><li class=\"li2\">El trabajo no puede contener ninguna identificaci\u00f3n o designaci\u00f3n de autor\u00eda en el espacio de \u201cpropiedad\u201d, ni en el cuerpo del trabajo.<\/li><li class=\"li2\">Deben enviarse archivos en formato PDF. La versi\u00f3n enviada podr\u00e1 ser actualizada hasta la fecha l\u00edmite de env\u00edo.<\/li><li class=\"li2\">Para el env\u00edo de trabajos, los autores deben estar registrados en el sistema. A excepci\u00f3n del autor que realiza el env\u00edo, ser\u00e1 requerida la confirmaci\u00f3n de autor\u00eda de los dem\u00e1s autores en el sistema. Los autores que no confirmen su coautor\u00eda en el sistema no ser\u00e1n citados en los anales.<\/li><li class=\"li2\">Para el registro, los autores deben tener a disposici\u00f3n el n\u00famero de CPF de cada uno de los autores brasile\u00f1os. Para los autores extranjeros, hay un procedimiento espec\u00edfico.<\/li><li class=\"li2\">Los cambios en los datos de los autores (inclusi\u00f3n, exclusi\u00f3n y cambio en el orden de la autor\u00eda) podr\u00e1n efectuarse \u00fanicamente hasta la fecha l\u00edmite de env\u00edo.<\/li><\/ul><\/li><li style=\"list-style-type: none;\">\u00a0<\/li><\/ul><p>Categor\u00edas de los trabajos:<\/p><p><div class=\"symple-toggle state-closed \"><h3 class=\"symple-toggle-trigger \">Art\u00edculos Te\u00f3ricos: trabajos dirigidos a la revisi\u00f3n, discusi\u00f3n y desarrollo de teor\u00edas, sean o no resultado de revisiones sistem\u00e1ticas de la literatura.<\/h3><div class=\"symple-toggle-container symple-clearfix\"><\/p><p><strong>Formato del trabajo: <\/strong><\/p><ul><li>Formato de la hoja: A4<\/li><li>Fuente: Times New Roman \/ Tama\u00f1o 12<\/li><li>Espaciado: sencillo, estando el texto dispuesto en una columna<\/li><li>Alineaci\u00f3n: justificada<\/li><li>M\u00e1rgenes: Superior: 3 cm; inferior: 2 cm; izquierda: 3 cm; derecha: 2 cm<\/li><li>Paginaci\u00f3n: a\u00f1adir el n\u00famero de las p\u00e1ginas en el pie de p\u00e1gina, a la derecha<\/li><li>T\u00edtulos en may\u00fasculas y subt\u00edtulos en min\u00fasculas.<\/li><li>Formato del archivo: PDF<\/li><li>El trabajo puede tener como m\u00e1ximo 16 p\u00e1ginas, que incluyan el texto propiamente dicho, ilustraciones y referencias bibliogr\u00e1ficas.<\/li><li>El texto debe comenzar con el t\u00edtulo seguido de la introducci\u00f3n. Sugerimos que los autores preparen un resumen ampliado, en un documento separado, y que copien y peguen cada elemento en el espacio espec\u00edfico durante el env\u00edo.<\/li><li>Notas: No debe ponerse en el pie de p\u00e1gina, sino a\u00f1adidas como notas al final del texto.<\/li><li>Las referencias bibliogr\u00e1ficas deben ser citadas a lo largo del texto de acuerdo con el sistema (autor-fecha), y presentadas en orden alfab\u00e9tico al final del trabajo, de acuerdo con las normas APA o ABNT\/NBR-6023.<\/li><\/ul><p><strong style=\"color: #646464\">Estructura sugerida del trabajo:<\/strong><\/p><ul><li>Introducci\u00f3n<\/li><li>Problema de investigaci\u00f3n y objetivo<\/li><li>Base te\u00f3rica<\/li><li>Discusi\u00f3n<\/li><li>Conclusi\u00f3n \/ Contribuci\u00f3n<\/li><li>Referencias bibliogr\u00e1ficas<\/li><\/ul><p><strong>Resumen estructurado <\/strong><em>(p\u00e1gina de env\u00edo)<\/em><strong>:<\/strong><\/p><p>Al enviar el art\u00edculo, en la propia p\u00e1gina de env\u00edo del trabajo (etapa 1), deber\u00e1 completarse el resumen estructurado en el que se indica:<\/p><ul><li>T\u00edtulo (m\u00e1ximo 190 caracteres)<\/li><li>Palabras clave (3 palabras)<\/li><li>Introducci\u00f3n (m\u00e1ximo 600 caracteres)<\/li><li>Problema de investigaci\u00f3n y objetivo (como m\u00e1ximo 600 caracteres)<\/li><li>Base te\u00f3rica (m\u00e1ximo 600 caracteres)<\/li><li>Discusi\u00f3n (m\u00e1ximo 600 caracteres)<\/li><li>Conclusi\u00f3n (m\u00e1ximo 600 caracteres)<\/li><li>Contribuci\u00f3n \/ Impacto (m\u00e1ximo 600 caracteres)<\/li><li>Referencias bibliogr\u00e1ficas (m\u00e1ximo 600 caracteres)<\/li><\/ul><p><strong>El trabajo podr\u00e1 ser enviado paralelamente a las <a href=\"https:\/\/semead.com.br\/24\/trabalhos\/sapiens-sessao-de-aprimoramento-de-estudos-cientificos\/\">Sesiones para el Perfeccionamiento de Estudios Cient\u00edficos (Sapiens).<\/a><\/strong><\/p><p><strong>No se aceptar\u00e1n trabajos que no cumplan las normas de formato especificadas.<\/strong><\/p><p><\/div><\/div><\/p><p><div class=\"symple-toggle state-closed \"><h3 class=\"symple-toggle-trigger \">Art\u00edculos Te\u00f3rico-Emp\u00edricos: est\u00e1n anclados en problemas te\u00f3ricos (lagunas o contradicciones en la teor\u00eda) y con base en estos, utilizando l\u00f3gica inductiva (proposiciones) o deductiva (hip\u00f3tesis), realiza investigaciones emp\u00edricas aplicando m\u00e9todos cualitativos o cuantitativos. Propone un avance en la teor\u00eda.<\/h3><div class=\"symple-toggle-container symple-clearfix\"><\/p><p><strong>Formato del trabajo: <\/strong><\/p><ul><li>Formato de la hoja: A4<\/li><li>Fuente: Times New Roman \/ Tama\u00f1o 12<\/li><li>Espaciado: sencillo, estando el texto dispuesto en una columna<\/li><li>Alineaci\u00f3n: justificada<\/li><li>M\u00e1rgenes: Superior: 3 cm; inferior: 2 cm; izquierda: 3 cm; derecha: 2 cm<\/li><li>Paginaci\u00f3n: a\u00f1adir el n\u00famero de las p\u00e1ginas en el pie de p\u00e1gina, a la derecha<\/li><li>T\u00edtulos en may\u00fasculas y subt\u00edtulos en min\u00fasculas.<\/li><li>Formato del archivo: PDF<\/li><li>El trabajo puede tener como m\u00e1ximo 16 p\u00e1ginas, que incluyan el texto propiamente dicho, ilustraciones y referencias bibliogr\u00e1ficas.<\/li><li>El texto debe comenzar con el t\u00edtulo seguido de la introducci\u00f3n. Sugerimos que los autores preparen un resumen ampliado, en un documento separado, y que copien y peguen cada elemento en el espacio espec\u00edfico durante el env\u00edo.<\/li><li>Notas: No debe ponerse en el pie de p\u00e1gina, sino a\u00f1adidas como notas al final del texto.<\/li><li>Las referencias bibliogr\u00e1ficas deben ser citadas a lo largo del texto de acuerdo con el sistema (autor-fecha), y presentadas en orden alfab\u00e9tico al final del trabajo, de acuerdo con las normas APA o ABNT\/NBR-6023.<\/li><\/ul><p><strong>Estructura sugerida del trabajo:<\/strong><\/p><ul><li>Introducci\u00f3n<\/li><li>Problema de investigaci\u00f3n y objetivo<\/li><li>Base te\u00f3rica<\/li><li>Metodolog\u00eda<\/li><li>An\u00e1lisis de los resultados<\/li><li>Conclusi\u00f3n \/ Contribuci\u00f3n<\/li><li>Referencias bibliogr\u00e1ficas<\/li><\/ul><p><strong>Resumen estructurado <\/strong><em>(p\u00e1gina de env\u00edo)<\/em><strong>:<\/strong><\/p><p>Al enviar el art\u00edculo, en la propia p\u00e1gina de env\u00edo del trabajo (etapa 1), deber\u00e1 completarse el resumen estructurado en el que se indica:<\/p><ul><li>T\u00edtulo (m\u00e1ximo 190 caracteres)<\/li><li>Palabras clave (3 palabras)<\/li><li>Introducci\u00f3n (m\u00e1ximo 600 caracteres)<\/li><li>Problema de investigaci\u00f3n y objetivo (como m\u00e1ximo 600 caracteres)<\/li><li>Base te\u00f3rica (m\u00e1ximo 600 caracteres)<\/li><li>Metodolog\u00eda (m\u00e1ximo 600 caracteres)<\/li><li>An\u00e1lisis de resultados (m\u00e1ximo 600 caracteres)<\/li><li>Conclusi\u00f3n (m\u00e1ximo 600 caracteres)<\/li><li>Contribuci\u00f3n \/ Impacto (m\u00e1ximo 600 caracteres)<\/li><li>Referencias bibliogr\u00e1ficas (m\u00e1ximo 600 caracteres)<\/li><\/ul><p><strong>El trabajo podr\u00e1 ser enviado paralelamente a las <a href=\"https:\/\/semead.com.br\/24\/trabalhos\/sapiens-sessao-de-aprimoramento-de-estudos-cientificos\/\">Sesiones para el Perfeccionamiento de Estudios Cient\u00edficos (Sapiens).<\/a><\/strong><\/p><p><strong>No se aceptar\u00e1n trabajos que no cumplan las normas de formato especificadas.<\/strong><\/p><p><\/div><\/div><\/p><p><div class=\"symple-toggle state-closed \"><h3 class=\"symple-toggle-trigger \">Art\u00edculos aplicados: emplear modelos te\u00f3ricos para revelar conocimientos sobre organizaciones o grupos de organizaciones (sectores o redes), desarrollar y \/ o probar modelos de gesti\u00f3n para organizaciones.<\/h3><div class=\"symple-toggle-container symple-clearfix\"><\/p><p><strong>Formato del trabajo: <\/strong><\/p><ul><li>Formato de la hoja: A4<\/li><li>Fuente: Times New Roman \/ Tama\u00f1o 12<\/li><li>Espaciado: sencillo, estando el texto dispuesto en una columna<\/li><li>Alineaci\u00f3n: justificada<\/li><li>M\u00e1rgenes: Superior: 3 cm; inferior: 2 cm; izquierda: 3 cm; derecha: 2 cm<\/li><li>Paginaci\u00f3n: a\u00f1adir el n\u00famero de las p\u00e1ginas en el pie de p\u00e1gina, a la derecha<\/li><li>T\u00edtulos en may\u00fasculas y subt\u00edtulos en min\u00fasculas.<\/li><li>Formato del archivo: PDF<\/li><li>El trabajo puede tener como m\u00e1ximo 15 p\u00e1ginas, que incluyan el texto propiamente dicho, ilustraciones y referencias bibliogr\u00e1ficas.<\/li><li>El texto debe comenzar con el t\u00edtulo seguido de la introducci\u00f3n. Sugerimos que los autores preparen un resumen ampliado, en un documento separado, y que copien y peguen cada elemento en el espacio espec\u00edfico durante el env\u00edo. Notas: No debe ponerse en el pie de p\u00e1gina, sino a\u00f1adidas como notas al final del texto.<\/li><li>Las referencias bibliogr\u00e1ficas deben ser citadas a lo largo del texto de acuerdo con el sistema (autor-fecha), y presentadas en orden alfab\u00e9tico al final del trabajo, de acuerdo con las normas APA o ABNT\/NBR-6023.<\/li><\/ul><p><strong>Estructura sugerida del trabajo:<\/strong><\/p><ul><li>Introducci\u00f3n<\/li><li>\u00c1mbito investigado<\/li><li>Diagn\u00f3stico de la situaci\u00f3n\/problema<\/li><li>Intervenci\u00f3n propuesta: mecanismos adoptados para solucionar el problema<\/li><li>Resultados obtenidos: descripci\u00f3n objetiva de los resultados obtenidos en la organizaci\u00f3n, destacando tambi\u00e9n los factores coyunturales que pudieron haber afectado dicho resultado m\u00e1s all\u00e1 de la investigaci\u00f3n.<\/li><li>Contribuci\u00f3n tecnol\u00f3gica\/social<\/li><\/ul><p><strong>Resumen estructurado <\/strong><em>(p\u00e1gina de env\u00edo)<\/em><strong>:<\/strong><\/p><ul><li>Al enviar el art\u00edculo, en la propia p\u00e1gina de env\u00edo del trabajo (etapa 1), deber\u00e1 completarse el resumen estructurado en el que se indica:<\/li><li>T\u00edtulo (m\u00e1ximo 190 caracteres)<\/li><li>Palabras clave (3 palabras)<\/li><li>Introducci\u00f3n (m\u00e1ximo 600 caracteres)<\/li><li>Contexto investigado (m\u00e1ximo 600 caracteres)<\/li><li>Diagn\u00f3stico de la situaci\u00f3n\/problema (m\u00e1ximo 600 caracteres)<\/li><li>Intervenci\u00f3n propuesta (m\u00e1ximo 600 caracteres)<\/li><li>Resultados obtenidos (m\u00e1ximo 600 caracteres)<\/li><li>Contribuci\u00f3n tecnol\u00f3gica\/social (m\u00e1ximo 600 caracteres)<\/li><\/ul><p><a href=\"http:\/\/www.revistagep.org\/ojs\/index.php\/gep\/article\/view\/121\" target=\"_blank\" rel=\"noopener noreferrer\">M\u00e1s informaci\u00f3n: <\/a>art\u00edculo: Protocolo para la elaboraci\u00f3n de relatos de producci\u00f3n t\u00e9cnica<\/p><p><strong>No se aceptar\u00e1n trabajos que no cumplan las normas de formato especificadas.<\/strong><\/p><p><\/div><\/div><\/p><p><div class=\"symple-toggle state-closed \"><h3 class=\"symple-toggle-trigger \">Casos Docentes: este tipo de trabajos est\u00e1 destinado exclusivamente al \u00e1rea Casos Docentes.<\/h3><div class=\"symple-toggle-container symple-clearfix\"><\/p><p><strong>Formato del trabajo: <\/strong><\/p><ul><li>Formato de la hoja: A4<\/li><li>Fuente: Times New Roman \/ Tama\u00f1o 12<\/li><li>Espaciado: sencillo, estando el texto dispuesto en una columna<\/li><li>Alineaci\u00f3n: justificada<\/li><li>M\u00e1rgenes: Superior: 3 cm; inferior: 2 cm; izquierda: 3 cm; derecha: 2 cm<\/li><li>Paginaci\u00f3n: a\u00f1adir el n\u00famero de las p\u00e1ginas en el pie de p\u00e1gina, a la derecha<\/li><li>T\u00edtulos en may\u00fasculas y subt\u00edtulos en min\u00fasculas.<\/li><li>Formato del archivo: PDF<\/li><li>El trabajo puede tener como m\u00e1ximo 16 p\u00e1ginas, que incluyan el texto propiamente dicho, ilustraciones y referencias bibliogr\u00e1ficas.<\/li><li>El texto debe comenzar con el t\u00edtulo seguido de la introducci\u00f3n. Sugerimos que los autores preparen un resumen ampliado, en un documento separado, y que copien y peguen cada elemento en el espacio espec\u00edfico durante el env\u00edo.<\/li><li>Las referencias bibliogr\u00e1ficas deben ser citadas a lo largo del texto de acuerdo con el sistema (autor-fecha), y presentadas en orden alfab\u00e9tico al final del trabajo, de acuerdo con las normas APA o ABNT\/NBR-6023.<\/li><\/ul><p><strong>Estructura sugerida del trabajo: <\/strong><\/p><p>Los casos pedag\u00f3gicos deber estar compuestos por dos partes: el caso en s\u00ed y las notas pedag\u00f3gicas.<\/p><ol><li>El caso en s\u00ed<\/li><\/ol><ul><li>Introducci\u00f3n<\/li><li>El caso: retratar la historia real<\/li><li>Referencias<\/li><\/ul><ol start=\"2\"><li>Notas pedag\u00f3gicas<\/li><\/ol><ul><li>Objetivo pedag\u00f3gico<\/li><li>Fuentes y m\u00e9todos de recopilaci\u00f3n<\/li><li>Relaci\u00f3n con los objetivos de una carrera o asignatura\/disciplina<\/li><li>Asignaturas\/disciplinas sugeridas para uso del caso<\/li><li>Posibles tareas para proponer a los estudiantes<\/li><li>Posible organizaci\u00f3n de la clase para usar el caso<\/li><li>Sugerencia de referencias bibliogr\u00e1ficas <strong>Resumen estructurado <\/strong><em>(p\u00e1gina de env\u00edo)<\/em><\/li><li>T\u00edtulo (m\u00e1ximo 190 caracteres)<\/li><li>Palabras clave (3 palabras)<\/li><li>El caso (m\u00e1ximo 600 caracteres)<\/li><li>Objetivo pedag\u00f3gico (m\u00e1ximo 600 caracteres)<\/li><li>Fuentes y m\u00e9todos de recopilaci\u00f3n (m\u00e1ximo 600 caracteres)<\/li><li>Asignaturas\/disciplinas sugeridas para uso del caso (m\u00e1ximo 600 caracteres)<\/li><li>Sugerencia de referencias bibliogr\u00e1ficas (m\u00e1ximo 600 caracteres)<\/li><\/ul><p><a href=\"https:\/\/semead.com.br\/19\/wp-content\/uploads\/sites\/4\/2013\/04\/Exemplo-de-Caso-de-Ensino.pdf\" target=\"_blank\" rel=\"noopener noreferrer\">M\u00e1s informaci\u00f3n<\/a> (ejemplo de caso pedag\u00f3gico)<\/p><p><b><strong>No se aceptar\u00e1n trabajos que no cumplan las normas de formato especificadas<\/strong>.<\/b><\/p><p><\/div><\/div><\/p>\t\t\t\t\t\t\t\t<\/div>\n\t\t\t\t<\/div>\n\t\t\t\t\t<\/div>\n\t\t<\/div>\n\t\t\t\t\t<\/div>\n\t\t<\/section>\n\t\t\t\t<section class=\"elementor-section elementor-top-section elementor-element elementor-element-59f0be9 elementor-section-boxed elementor-section-height-default elementor-section-height-default\" data-id=\"59f0be9\" data-element_type=\"section\" data-e-type=\"section\">\n\t\t\t\t\t\t<div class=\"elementor-container elementor-column-gap-default\">\n\t\t\t\t\t<div class=\"elementor-column elementor-col-100 elementor-top-column elementor-element elementor-element-10debfd\" data-id=\"10debfd\" data-element_type=\"column\" data-e-type=\"column\">\n\t\t\t<div class=\"elementor-widget-wrap elementor-element-populated\">\n\t\t\t\t\t\t<div class=\"elementor-element elementor-element-aec2a9c elementor-button-warning elementor-align-center elementor-widget elementor-widget-button\" data-id=\"aec2a9c\" data-element_type=\"widget\" data-e-type=\"widget\" data-widget_type=\"button.default\">\n\t\t\t\t<div class=\"elementor-widget-container\">\n\t\t\t\t\t\t\t\t\t<div class=\"elementor-button-wrapper\">\n\t\t\t\t\t<a class=\"elementor-button elementor-button-link elementor-size-md\" href=\"https:\/\/semead.com.br\/24\/proceso-de-envio-para-fast-track\/?lang=es\" target=\"_blank\">\n\t\t\t\t\t\t<span class=\"elementor-button-content-wrapper\">\n\t\t\t\t\t\t\t\t\t<span class=\"elementor-button-text\">Informaciones sobre env\u00edos en Fast-Track<\/span>\n\t\t\t\t\t<\/span>\n\t\t\t\t\t<\/a>\n\t\t\t\t<\/div>\n\t\t\t\t\t\t\t\t<\/div>\n\t\t\t\t<\/div>\n\t\t\t\t\t<\/div>\n\t\t<\/div>\n\t\t\t\t\t<\/div>\n\t\t<\/section>\n\t\t\t\t<\/div>\n\t\t","protected":false},"excerpt":{"rendered":"<p>El env\u00edo de trabajos ser\u00e1 exclusivamente por internet. Env\u00edo de trabajos es gratuito y el precio de la inscripci\u00f3n al evento se dar\u00e1 a conocer en su momento, sin exceder los valores aplicados en el a\u00f1o anterior. Para conocer los valores y m\u00e1s informaci\u00f3n de la edici\u00f3n anterior: Ir a. El trabajo debe ser in\u00e9dito,&#8230;<\/p>\n","protected":false},"author":8,"featured_media":0,"parent":0,"menu_order":0,"comment_status":"closed","ping_status":"open","template":"","meta":{"_acf_changed":false,"_monsterinsights_skip_tracking":false,"_monsterinsights_sitenote_active":false,"_monsterinsights_sitenote_note":"","_monsterinsights_sitenote_category":0,"footnotes":""},"class_list":["post-21505","page","type-page","status-publish","hentry"],"acf":[],"yoast_head":"<!-- This site is optimized with the Yoast SEO plugin v27.1.1 - https:\/\/yoast.com\/product\/yoast-seo-wordpress\/ -->\n<title>Reglas para el env\u00edo - XXIV SemeAd<\/title>\n<meta name=\"robots\" content=\"index, follow, max-snippet:-1, max-image-preview:large, max-video-preview:-1\" \/>\n<link rel=\"canonical\" href=\"https:\/\/semead.com.br\/24\/reglas-para-el-envio-2\/\" \/>\n<meta property=\"og:locale\" content=\"pt_BR\" \/>\n<meta property=\"og:type\" content=\"article\" \/>\n<meta property=\"og:title\" content=\"Reglas para el env\u00edo - XXIV SemeAd\" \/>\n<meta property=\"og:description\" content=\"El env\u00edo de trabajos ser\u00e1 exclusivamente por internet. Env\u00edo de trabajos es gratuito y el precio de la inscripci\u00f3n al evento se dar\u00e1 a conocer en su momento, sin exceder los valores aplicados en el a\u00f1o anterior. Para conocer los valores y m\u00e1s informaci\u00f3n de la edici\u00f3n anterior: Ir a. El trabajo debe ser in\u00e9dito,...\" \/>\n<meta property=\"og:url\" content=\"https:\/\/semead.com.br\/24\/reglas-para-el-envio-2\/?lang=es\" \/>\n<meta property=\"og:site_name\" content=\"XXIV SemeAd\" \/>\n<meta property=\"article:modified_time\" content=\"2021-08-10T19:16:36+00:00\" \/>\n<meta name=\"twitter:card\" content=\"summary_large_image\" \/>\n<meta name=\"twitter:label1\" content=\"Est. tempo de leitura\" \/>\n\t<meta name=\"twitter:data1\" content=\"8 minutos\" \/>\n<script type=\"application\/ld+json\" class=\"yoast-schema-graph\">{\"@context\":\"https:\/\/schema.org\",\"@graph\":[{\"@type\":\"WebPage\",\"@id\":\"https:\/\/semead.com.br\/24\/reglas-para-el-envio-2\/?lang=es\",\"url\":\"https:\/\/semead.com.br\/24\/reglas-para-el-envio-2\/?lang=es\",\"name\":\"Reglas para el env\u00edo - XXIV SemeAd\",\"isPartOf\":{\"@id\":\"https:\/\/semead.com.br\/24\/?lang=es\/#website\"},\"datePublished\":\"2021-07-02T19:06:55+00:00\",\"dateModified\":\"2021-08-10T19:16:36+00:00\",\"breadcrumb\":{\"@id\":\"https:\/\/semead.com.br\/24\/reglas-para-el-envio-2\/?lang=es#breadcrumb\"},\"inLanguage\":\"pt-BR\",\"potentialAction\":[{\"@type\":\"ReadAction\",\"target\":[\"https:\/\/semead.com.br\/24\/reglas-para-el-envio-2\/?lang=es\"]}]},{\"@type\":\"BreadcrumbList\",\"@id\":\"https:\/\/semead.com.br\/24\/reglas-para-el-envio-2\/?lang=es#breadcrumb\",\"itemListElement\":[{\"@type\":\"ListItem\",\"position\":1,\"name\":\"In\u00edcio\",\"item\":\"https:\/\/semead.com.br\/24\/\"},{\"@type\":\"ListItem\",\"position\":2,\"name\":\"Reglas para el env\u00edo\"}]},{\"@type\":\"WebSite\",\"@id\":\"https:\/\/semead.com.br\/24\/?lang=es\/#website\",\"url\":\"https:\/\/semead.com.br\/24\/?lang=es\/\",\"name\":\"XXIV SemeAd\",\"description\":\"Semin\u00e1rios em Administra\u00e7\u00e3o\",\"potentialAction\":[{\"@type\":\"SearchAction\",\"target\":{\"@type\":\"EntryPoint\",\"urlTemplate\":\"https:\/\/semead.com.br\/24\/?lang=es\/?s={search_term_string}\"},\"query-input\":{\"@type\":\"PropertyValueSpecification\",\"valueRequired\":true,\"valueName\":\"search_term_string\"}}],\"inLanguage\":\"pt-BR\"}]}<\/script>\n<!-- \/ Yoast SEO plugin. -->","yoast_head_json":{"title":"Reglas para el env\u00edo - XXIV SemeAd","robots":{"index":"index","follow":"follow","max-snippet":"max-snippet:-1","max-image-preview":"max-image-preview:large","max-video-preview":"max-video-preview:-1"},"canonical":"https:\/\/semead.com.br\/24\/reglas-para-el-envio-2\/","og_locale":"pt_BR","og_type":"article","og_title":"Reglas para el env\u00edo - XXIV SemeAd","og_description":"El env\u00edo de trabajos ser\u00e1 exclusivamente por internet. Env\u00edo de trabajos es gratuito y el precio de la inscripci\u00f3n al evento se dar\u00e1 a conocer en su momento, sin exceder los valores aplicados en el a\u00f1o anterior. Para conocer los valores y m\u00e1s informaci\u00f3n de la edici\u00f3n anterior: Ir a. El trabajo debe ser in\u00e9dito,...","og_url":"https:\/\/semead.com.br\/24\/reglas-para-el-envio-2\/?lang=es","og_site_name":"XXIV SemeAd","article_modified_time":"2021-08-10T19:16:36+00:00","twitter_card":"summary_large_image","twitter_misc":{"Est. tempo de leitura":"8 minutos"},"schema":{"@context":"https:\/\/schema.org","@graph":[{"@type":"WebPage","@id":"https:\/\/semead.com.br\/24\/reglas-para-el-envio-2\/?lang=es","url":"https:\/\/semead.com.br\/24\/reglas-para-el-envio-2\/?lang=es","name":"Reglas para el env\u00edo - XXIV SemeAd","isPartOf":{"@id":"https:\/\/semead.com.br\/24\/?lang=es\/#website"},"datePublished":"2021-07-02T19:06:55+00:00","dateModified":"2021-08-10T19:16:36+00:00","breadcrumb":{"@id":"https:\/\/semead.com.br\/24\/reglas-para-el-envio-2\/?lang=es#breadcrumb"},"inLanguage":"pt-BR","potentialAction":[{"@type":"ReadAction","target":["https:\/\/semead.com.br\/24\/reglas-para-el-envio-2\/?lang=es"]}]},{"@type":"BreadcrumbList","@id":"https:\/\/semead.com.br\/24\/reglas-para-el-envio-2\/?lang=es#breadcrumb","itemListElement":[{"@type":"ListItem","position":1,"name":"In\u00edcio","item":"https:\/\/semead.com.br\/24\/"},{"@type":"ListItem","position":2,"name":"Reglas para el env\u00edo"}]},{"@type":"WebSite","@id":"https:\/\/semead.com.br\/24\/?lang=es\/#website","url":"https:\/\/semead.com.br\/24\/?lang=es\/","name":"XXIV SemeAd","description":"Semin\u00e1rios em Administra\u00e7\u00e3o","potentialAction":[{"@type":"SearchAction","target":{"@type":"EntryPoint","urlTemplate":"https:\/\/semead.com.br\/24\/?lang=es\/?s={search_term_string}"},"query-input":{"@type":"PropertyValueSpecification","valueRequired":true,"valueName":"search_term_string"}}],"inLanguage":"pt-BR"}]}},"_links":{"self":[{"href":"https:\/\/semead.com.br\/24\/wp-json\/wp\/v2\/pages\/21505","targetHints":{"allow":["GET"]}}],"collection":[{"href":"https:\/\/semead.com.br\/24\/wp-json\/wp\/v2\/pages"}],"about":[{"href":"https:\/\/semead.com.br\/24\/wp-json\/wp\/v2\/types\/page"}],"author":[{"embeddable":true,"href":"https:\/\/semead.com.br\/24\/wp-json\/wp\/v2\/users\/8"}],"replies":[{"embeddable":true,"href":"https:\/\/semead.com.br\/24\/wp-json\/wp\/v2\/comments?post=21505"}],"version-history":[{"count":0,"href":"https:\/\/semead.com.br\/24\/wp-json\/wp\/v2\/pages\/21505\/revisions"}],"wp:attachment":[{"href":"https:\/\/semead.com.br\/24\/wp-json\/wp\/v2\/media?parent=21505"}],"curies":[{"name":"wp","href":"https:\/\/api.w.org\/{rel}","templated":true}]}}