{"id":21592,"date":"2021-07-05T22:18:59","date_gmt":"2021-07-06T01:18:59","guid":{"rendered":"https:\/\/semead.com.br\/24\/?page_id=21592"},"modified":"2021-07-05T22:24:25","modified_gmt":"2021-07-06T01:24:25","slug":"reglas-para-envio-en-consorcio","status":"publish","type":"page","link":"https:\/\/semead.com.br\/24\/reglas-para-envio-en-consorcio\/?lang=es","title":{"rendered":"Reglas para env\u00edo en Cons\u00f3rcio"},"content":{"rendered":"\t\t<div data-elementor-type=\"wp-page\" data-elementor-id=\"21592\" class=\"elementor elementor-21592\">\n\t\t\t\t\t\t<section class=\"elementor-section elementor-top-section elementor-element elementor-element-bca624b elementor-section-boxed elementor-section-height-default elementor-section-height-default\" data-id=\"bca624b\" data-element_type=\"section\" data-e-type=\"section\">\n\t\t\t\t\t\t<div class=\"elementor-container elementor-column-gap-default\">\n\t\t\t\t\t<div class=\"elementor-column elementor-col-100 elementor-top-column elementor-element elementor-element-1a57b7a\" data-id=\"1a57b7a\" data-element_type=\"column\" data-e-type=\"column\">\n\t\t\t<div class=\"elementor-widget-wrap elementor-element-populated\">\n\t\t\t\t\t\t<div class=\"elementor-element elementor-element-12818a0 elementor-widget elementor-widget-text-editor\" data-id=\"12818a0\" data-element_type=\"widget\" data-e-type=\"widget\" data-widget_type=\"text-editor.default\">\n\t\t\t\t<div class=\"elementor-widget-container\">\n\t\t\t\t\t\t\t\t\t<p class=\"p1\"><b>Presentaci\u00f3n del Consorcio Doctoral<\/b><\/p><p class=\"p1\">El proyecto de tesis deber\u00e1 ser enviado en formato de art\u00edculo cient\u00edfico, seg\u00fan las instrucciones a continuaci\u00f3n: <b><\/b><\/p><p class=\"p1\"><b>Formato del Trabajo:<\/b><\/p><ul class=\"ul1\"><li class=\"li1\"><b><\/b>Formato de la hoja: A4<\/li><li class=\"li1\"><b><\/b>Fuente: Times New Roman \/ Tama\u00f1o 12<\/li><li class=\"li1\"><b><\/b>Espaciado: sencillo, estando el texto dispuesto en una columna<\/li><li class=\"li1\"><b><\/b>Alineaci\u00f3n: justificada<\/li><li class=\"li1\"><b><\/b>M\u00e1rgenes: superior: 3 cm; inferior: 2 cm; izquierda: 3 cm; derecha: 2 cm<\/li><li class=\"li1\"><b><\/b>Paginaci\u00f3n: a\u00f1adir el n\u00famero de las p\u00e1ginas en el pie de p\u00e1gina, a la derecha<\/li><li class=\"li1\"><b><\/b>T\u00edtulos en may\u00fasculas y subt\u00edtulos en min\u00fasculas.<\/li><li class=\"li1\"><b><\/b>Formato del archivo: PDF<\/li><li class=\"li1\"><b><\/b>El trabajo puede tener como m\u00e1ximo 10 p\u00e1ginas, que incluyan el texto propiamente dicho, ilustraciones y referencias bibliogr\u00e1ficas.<\/li><li class=\"li1\"><b><\/b>El texto debe comenzar con el t\u00edtulo seguido de la introducci\u00f3n. Sugerimos que los autores preparen un resumen ampliado, en un documento separado, y que copien y peguen cada elemento en el espacio espec\u00edfico durante el env\u00edo.<\/li><li class=\"li1\"><b><\/b>Las referencias bibliogr\u00e1ficas deben ser citadas a lo largo del texto de acuerdo con el sistema (autor-fecha), y presentadas en orden alfab\u00e9tico al final del trabajo, de acuerdo con las normas APA o ABNT\/NBR-6023.<\/li><\/ul><p class=\"p1\"><b>Estructura sugerida de la propuesta de Doctorado Acad\u00e9mico:<\/b><\/p><p><b><\/b>&#8211; T\u00edtulo y \u00e1rea de investigaci\u00f3n (seguir la descripci\u00f3n de las \u00e1reas tem\u00e1ticas del SemeAd)<\/p><p><b><\/b>&#8211; Introducci\u00f3n (problema y objetivo de la investigaci\u00f3n):<\/p><ul><li>Describir el estado del arte de la tem\u00e1tica en cuesti\u00f3n.<\/li><li>Presentar de manera argumentativa la problem\u00e1tica de la investigaci\u00f3n.<\/li><li>Presentar el objetivo principal de la investigaci\u00f3n (la tesis que se defender\u00e1) y eventuales objetivos espec\u00edficos.<\/li><\/ul><p>&#8211; Justificaci\u00f3n:<\/p><ul><li>Presentar con argumentos, la contribuci\u00f3n acad\u00e9mica esperada.<\/li><li>Presentar la eventual contribuci\u00f3n a la gesti\u00f3n o a las pol\u00edticas p\u00fablicas (muy recomendado, pero no es obligatorio)<\/li><li>Presentar la eventual contribuci\u00f3n metodol\u00f3gica (no es obligatorio)<\/li><li>Presentar el impacto social esperado de su proyecto (muy recomendado, pero no es obligatorio)<\/li><\/ul><p><b><\/b>&#8211; Base Te\u00f3rica:<\/p><ul><li>Presentar los principales argumentos te\u00f3ricos<\/li><li>Base y definici\u00f3n de los constructos clave del proyecto<\/li><li>Proposiciones y\/o hip\u00f3tesis<\/li><\/ul><p><b><\/b>&#8211; Metodolog\u00eda: describir el dise\u00f1o de la investigaci\u00f3n<\/p><ul><li>Enfoque (ejemplo: cualitativo, cuantitativo),<\/li><li>M\u00e9todo o estrategia de investigaci\u00f3n (ejemplo: recolecci\u00f3n de datos primarios, estudio de caso, Grounded Theory (muestreo te\u00f3rico) etc.)<\/li><li>T\u00e9cnica de recopilaci\u00f3n (ejemplo: encuesta, entrevista en profundidad, observaci\u00f3n etc.)<\/li><li>T\u00e9cnica de an\u00e1lisis de datos (ejemplos: an\u00e1lisis multivariado, an\u00e1lisis de contenido, an\u00e1lisis de discurso etc.)<\/li><\/ul><p><b><\/b>&#8211; Referencias Bibliogr\u00e1ficas<\/p><p class=\"p1\"><b>Estructura sugerida de la propuesta de Doctorado Profesional:<span class=\"Apple-converted-space\">\u00a0<\/span><\/b><\/p><p><b><\/b>&#8211; T\u00edtulo<\/p><p><b><\/b>&#8211; Introducci\u00f3n (problema y objetivo de la investigaci\u00f3n):<\/p><ul><li>Presentar de manera argumentativa la problem\u00e1tica de la investigaci\u00f3n.<\/li><li>Presentar el objetivo principal de la investigaci\u00f3n (la tesis que se defender\u00e1) y eventuales objetivos espec\u00edficos.<\/li><\/ul><p><b><\/b>&#8211; Justificaci\u00f3n:<\/p><ul><li>Presentar cu\u00e1l es el producto tecnol\u00f3gico esperado como resultado de la tesis<\/li><li>Presentar de forma fundamentada la contribuci\u00f3n gerencial esperada.<\/li><li>Presentar el impacto social esperado de su proyecto (muy recomendado, pero no es obligatorio)<\/li><\/ul><p><b><\/b>&#8211; Metodolog\u00eda: describir el dise\u00f1o de la investigaci\u00f3n<\/p><ul><li>Enfoque (ejemplo: cualitativo, cuantitativo),<\/li><li>M\u00e9todo o estrategia de investigaci\u00f3n (ejemplo: recolecci\u00f3n de datos primarios, estudio de caso, Grounded Theory (muestreo te\u00f3rico) etc.)<\/li><li>T\u00e9cnica de recopilaci\u00f3n (ejemplo: encuesta, entrevista en profundidad, observaci\u00f3n etc.)<\/li><li>T\u00e9cnica de an\u00e1lisis de datos (ejemplos: an\u00e1lisis multivariado, an\u00e1lisis de contenido, an\u00e1lisis de discurso etc.)<\/li><\/ul><p><b><\/b>&#8211; Referencias Bibliogr\u00e1ficas<\/p><p class=\"p1\"><b>Resumen Estructurado <\/b><i>(p\u00e1gina de env\u00edo)<\/i><b>:<\/b><\/p><ul class=\"ul1\"><li class=\"li1\"><b><\/b>T\u00edtulo (m\u00e1ximo 190 caracteres)<\/li><li class=\"li1\"><b><\/b>Resumen de 200 palabras<\/li><\/ul><p class=\"p1\"><span style=\"text-decoration: underline;\"><b>No se aceptar\u00e1n trabajos que no est\u00e9n en el formato especificado.<\/b><\/span><\/p><p class=\"p1\">El env\u00edo del resumen y del art\u00edculo proporciona a los organizadores el permiso para enviarlos a los evaluadores que compondr\u00e1n el jurado. Por su parte, para la comunidad cient\u00edfica \u00fanicamente los res\u00famenes se divulgar\u00e1n en los anales del SemeAd.<\/p><p class=\"p1\">La inscripci\u00f3n y la presentaci\u00f3n de trabajos en el Consorcio Doctoral permitir\u00e1n el acceso del doctorando a las sesiones de presentaci\u00f3n de art\u00edculos.<\/p><p class=\"p1\">Los trabajos provenientes del Consorcio Doctoral no formar\u00e1n parte de los anales del evento.<\/p>\t\t\t\t\t\t\t\t<\/div>\n\t\t\t\t<\/div>\n\t\t\t\t\t<\/div>\n\t\t<\/div>\n\t\t\t\t\t<\/div>\n\t\t<\/section>\n\t\t\t\t<\/div>\n\t\t","protected":false},"excerpt":{"rendered":"<p>Presentaci\u00f3n del Consorcio Doctoral El proyecto de tesis deber\u00e1 ser enviado en formato de art\u00edculo cient\u00edfico, seg\u00fan las instrucciones a continuaci\u00f3n: Formato del Trabajo: Formato de la hoja: A4 Fuente: Times New Roman \/ Tama\u00f1o 12 Espaciado: sencillo, estando el texto dispuesto en una columna Alineaci\u00f3n: justificada M\u00e1rgenes: superior: 3 cm; inferior: 2 cm; izquierda:&#8230;<\/p>\n","protected":false},"author":4,"featured_media":0,"parent":0,"menu_order":0,"comment_status":"closed","ping_status":"closed","template":"","meta":{"_acf_changed":false,"_monsterinsights_skip_tracking":false,"_monsterinsights_sitenote_active":false,"_monsterinsights_sitenote_note":"","_monsterinsights_sitenote_category":0,"footnotes":""},"class_list":["post-21592","page","type-page","status-publish","hentry"],"acf":[],"yoast_head":"<!-- This site is optimized with the Yoast SEO plugin v27.1.1 - https:\/\/yoast.com\/product\/yoast-seo-wordpress\/ -->\n<title>Reglas para env\u00edo en Cons\u00f3rcio - XXIV SemeAd<\/title>\n<meta name=\"robots\" content=\"index, follow, max-snippet:-1, max-image-preview:large, max-video-preview:-1\" \/>\n<link rel=\"canonical\" href=\"https:\/\/semead.com.br\/24\/reglas-para-envio-en-consorcio\/\" \/>\n<meta property=\"og:locale\" content=\"pt_BR\" \/>\n<meta property=\"og:type\" content=\"article\" \/>\n<meta property=\"og:title\" content=\"Reglas para env\u00edo en Cons\u00f3rcio - XXIV SemeAd\" \/>\n<meta property=\"og:description\" content=\"Presentaci\u00f3n del Consorcio Doctoral El proyecto de tesis deber\u00e1 ser enviado en formato de art\u00edculo cient\u00edfico, seg\u00fan las instrucciones a continuaci\u00f3n: Formato del Trabajo: Formato de la hoja: A4 Fuente: Times New Roman \/ Tama\u00f1o 12 Espaciado: sencillo, estando el texto dispuesto en una columna Alineaci\u00f3n: justificada M\u00e1rgenes: superior: 3 cm; inferior: 2 cm; izquierda:...\" \/>\n<meta property=\"og:url\" content=\"https:\/\/semead.com.br\/24\/reglas-para-envio-en-consorcio\/?lang=es\" \/>\n<meta property=\"og:site_name\" content=\"XXIV SemeAd\" \/>\n<meta property=\"article:modified_time\" content=\"2021-07-06T01:24:25+00:00\" \/>\n<meta name=\"twitter:card\" content=\"summary_large_image\" \/>\n<meta name=\"twitter:label1\" content=\"Est. tempo de leitura\" \/>\n\t<meta name=\"twitter:data1\" content=\"3 minutos\" \/>\n<script type=\"application\/ld+json\" class=\"yoast-schema-graph\">{\"@context\":\"https:\/\/schema.org\",\"@graph\":[{\"@type\":\"WebPage\",\"@id\":\"https:\/\/semead.com.br\/24\/reglas-para-envio-en-consorcio\/?lang=es\",\"url\":\"https:\/\/semead.com.br\/24\/reglas-para-envio-en-consorcio\/?lang=es\",\"name\":\"Reglas para env\u00edo en Cons\u00f3rcio - XXIV SemeAd\",\"isPartOf\":{\"@id\":\"https:\/\/semead.com.br\/24\/?lang=es\/#website\"},\"datePublished\":\"2021-07-06T01:18:59+00:00\",\"dateModified\":\"2021-07-06T01:24:25+00:00\",\"breadcrumb\":{\"@id\":\"https:\/\/semead.com.br\/24\/reglas-para-envio-en-consorcio\/?lang=es#breadcrumb\"},\"inLanguage\":\"pt-BR\",\"potentialAction\":[{\"@type\":\"ReadAction\",\"target\":[\"https:\/\/semead.com.br\/24\/reglas-para-envio-en-consorcio\/?lang=es\"]}]},{\"@type\":\"BreadcrumbList\",\"@id\":\"https:\/\/semead.com.br\/24\/reglas-para-envio-en-consorcio\/?lang=es#breadcrumb\",\"itemListElement\":[{\"@type\":\"ListItem\",\"position\":1,\"name\":\"In\u00edcio\",\"item\":\"https:\/\/semead.com.br\/24\/\"},{\"@type\":\"ListItem\",\"position\":2,\"name\":\"Reglas para env\u00edo en Cons\u00f3rcio\"}]},{\"@type\":\"WebSite\",\"@id\":\"https:\/\/semead.com.br\/24\/?lang=es\/#website\",\"url\":\"https:\/\/semead.com.br\/24\/?lang=es\/\",\"name\":\"XXIV SemeAd\",\"description\":\"Semin\u00e1rios em Administra\u00e7\u00e3o\",\"potentialAction\":[{\"@type\":\"SearchAction\",\"target\":{\"@type\":\"EntryPoint\",\"urlTemplate\":\"https:\/\/semead.com.br\/24\/?lang=es\/?s={search_term_string}\"},\"query-input\":{\"@type\":\"PropertyValueSpecification\",\"valueRequired\":true,\"valueName\":\"search_term_string\"}}],\"inLanguage\":\"pt-BR\"}]}<\/script>\n<!-- \/ Yoast SEO plugin. -->","yoast_head_json":{"title":"Reglas para env\u00edo en Cons\u00f3rcio - XXIV SemeAd","robots":{"index":"index","follow":"follow","max-snippet":"max-snippet:-1","max-image-preview":"max-image-preview:large","max-video-preview":"max-video-preview:-1"},"canonical":"https:\/\/semead.com.br\/24\/reglas-para-envio-en-consorcio\/","og_locale":"pt_BR","og_type":"article","og_title":"Reglas para env\u00edo en Cons\u00f3rcio - XXIV SemeAd","og_description":"Presentaci\u00f3n del Consorcio Doctoral El proyecto de tesis deber\u00e1 ser enviado en formato de art\u00edculo cient\u00edfico, seg\u00fan las instrucciones a continuaci\u00f3n: Formato del Trabajo: Formato de la hoja: A4 Fuente: Times New Roman \/ Tama\u00f1o 12 Espaciado: sencillo, estando el texto dispuesto en una columna Alineaci\u00f3n: justificada M\u00e1rgenes: superior: 3 cm; inferior: 2 cm; izquierda:...","og_url":"https:\/\/semead.com.br\/24\/reglas-para-envio-en-consorcio\/?lang=es","og_site_name":"XXIV SemeAd","article_modified_time":"2021-07-06T01:24:25+00:00","twitter_card":"summary_large_image","twitter_misc":{"Est. tempo de leitura":"3 minutos"},"schema":{"@context":"https:\/\/schema.org","@graph":[{"@type":"WebPage","@id":"https:\/\/semead.com.br\/24\/reglas-para-envio-en-consorcio\/?lang=es","url":"https:\/\/semead.com.br\/24\/reglas-para-envio-en-consorcio\/?lang=es","name":"Reglas para env\u00edo en Cons\u00f3rcio - XXIV SemeAd","isPartOf":{"@id":"https:\/\/semead.com.br\/24\/?lang=es\/#website"},"datePublished":"2021-07-06T01:18:59+00:00","dateModified":"2021-07-06T01:24:25+00:00","breadcrumb":{"@id":"https:\/\/semead.com.br\/24\/reglas-para-envio-en-consorcio\/?lang=es#breadcrumb"},"inLanguage":"pt-BR","potentialAction":[{"@type":"ReadAction","target":["https:\/\/semead.com.br\/24\/reglas-para-envio-en-consorcio\/?lang=es"]}]},{"@type":"BreadcrumbList","@id":"https:\/\/semead.com.br\/24\/reglas-para-envio-en-consorcio\/?lang=es#breadcrumb","itemListElement":[{"@type":"ListItem","position":1,"name":"In\u00edcio","item":"https:\/\/semead.com.br\/24\/"},{"@type":"ListItem","position":2,"name":"Reglas para env\u00edo en Cons\u00f3rcio"}]},{"@type":"WebSite","@id":"https:\/\/semead.com.br\/24\/?lang=es\/#website","url":"https:\/\/semead.com.br\/24\/?lang=es\/","name":"XXIV SemeAd","description":"Semin\u00e1rios em Administra\u00e7\u00e3o","potentialAction":[{"@type":"SearchAction","target":{"@type":"EntryPoint","urlTemplate":"https:\/\/semead.com.br\/24\/?lang=es\/?s={search_term_string}"},"query-input":{"@type":"PropertyValueSpecification","valueRequired":true,"valueName":"search_term_string"}}],"inLanguage":"pt-BR"}]}},"_links":{"self":[{"href":"https:\/\/semead.com.br\/24\/wp-json\/wp\/v2\/pages\/21592","targetHints":{"allow":["GET"]}}],"collection":[{"href":"https:\/\/semead.com.br\/24\/wp-json\/wp\/v2\/pages"}],"about":[{"href":"https:\/\/semead.com.br\/24\/wp-json\/wp\/v2\/types\/page"}],"author":[{"embeddable":true,"href":"https:\/\/semead.com.br\/24\/wp-json\/wp\/v2\/users\/4"}],"replies":[{"embeddable":true,"href":"https:\/\/semead.com.br\/24\/wp-json\/wp\/v2\/comments?post=21592"}],"version-history":[{"count":0,"href":"https:\/\/semead.com.br\/24\/wp-json\/wp\/v2\/pages\/21592\/revisions"}],"wp:attachment":[{"href":"https:\/\/semead.com.br\/24\/wp-json\/wp\/v2\/media?parent=21592"}],"curies":[{"name":"wp","href":"https:\/\/api.w.org\/{rel}","templated":true}]}}