{"id":21680,"date":"2021-07-06T15:18:00","date_gmt":"2021-07-06T18:18:00","guid":{"rendered":"https:\/\/semead.com.br\/24\/?page_id=21680"},"modified":"2021-07-07T14:30:35","modified_gmt":"2021-07-07T17:30:35","slug":"ediciones-especiales-y-fast-track","status":"publish","type":"page","link":"https:\/\/semead.com.br\/24\/ediciones-especiales-y-fast-track\/?lang=es","title":{"rendered":"Ediciones Especiales y Fast-Track"},"content":{"rendered":"\t\t<div data-elementor-type=\"wp-page\" data-elementor-id=\"21680\" class=\"elementor elementor-21680\">\n\t\t\t\t\t\t<section class=\"elementor-section elementor-top-section elementor-element elementor-element-4580c55 elementor-section-boxed elementor-section-height-default elementor-section-height-default\" data-id=\"4580c55\" data-element_type=\"section\" data-e-type=\"section\">\n\t\t\t\t\t\t<div class=\"elementor-container elementor-column-gap-default\">\n\t\t\t\t\t<div class=\"elementor-column elementor-col-50 elementor-top-column elementor-element elementor-element-22b6821\" data-id=\"22b6821\" data-element_type=\"column\" data-e-type=\"column\">\n\t\t\t<div class=\"elementor-widget-wrap elementor-element-populated\">\n\t\t\t\t\t\t<section class=\"elementor-section elementor-inner-section elementor-element elementor-element-2ad6898 elementor-section-boxed elementor-section-height-default elementor-section-height-default\" data-id=\"2ad6898\" data-element_type=\"section\" data-e-type=\"section\">\n\t\t\t\t\t\t<div class=\"elementor-container elementor-column-gap-default\">\n\t\t\t\t\t<div class=\"elementor-column elementor-col-50 elementor-inner-column elementor-element elementor-element-544aa96\" data-id=\"544aa96\" data-element_type=\"column\" data-e-type=\"column\">\n\t\t\t<div class=\"elementor-widget-wrap elementor-element-populated\">\n\t\t\t\t\t\t<div class=\"elementor-element elementor-element-5193485 elementor-widget elementor-widget-image\" data-id=\"5193485\" data-element_type=\"widget\" data-e-type=\"widget\" data-widget_type=\"image.default\">\n\t\t\t\t<div class=\"elementor-widget-container\">\n\t\t\t\t\t\t\t\t\t\t\t\t\t\t\t<img decoding=\"async\" src=\"https:\/\/semead.com.br\/24\/wp-content\/uploads\/sites\/13\/elementor\/thumbs\/imagem_2021-06-08_132831-e1623799427741-rf423jszr13vd3ohvzookz46jwg7u4mqojci11ellc.png\" title=\"imagem_2021-06-08_132831\" alt=\"jord\u00e3o\" loading=\"lazy\" \/>\t\t\t\t\t\t\t\t\t\t\t\t\t\t\t<\/div>\n\t\t\t\t<\/div>\n\t\t\t\t\t<\/div>\n\t\t<\/div>\n\t\t\t\t<div class=\"elementor-column elementor-col-50 elementor-inner-column elementor-element elementor-element-8ed5371\" data-id=\"8ed5371\" data-element_type=\"column\" data-e-type=\"column\">\n\t\t\t<div class=\"elementor-widget-wrap elementor-element-populated\">\n\t\t\t\t\t\t<div class=\"elementor-element elementor-element-42f7473 elementor-widget elementor-widget-text-editor\" data-id=\"42f7473\" data-element_type=\"widget\" data-e-type=\"widget\" data-widget_type=\"text-editor.default\">\n\t\t\t\t<div class=\"elementor-widget-container\">\n\t\t\t\t\t\t\t\t\t<h3>Coordinador: Prof. Dr. Ricardo Vinicius Dias Jord\u00e3o<\/h3><p>SKEMA Business School<\/p>\t\t\t\t\t\t\t\t<\/div>\n\t\t\t\t<\/div>\n\t\t\t\t\t<\/div>\n\t\t<\/div>\n\t\t\t\t\t<\/div>\n\t\t<\/section>\n\t\t\t\t\t<\/div>\n\t\t<\/div>\n\t\t\t\t<div class=\"elementor-column elementor-col-50 elementor-top-column elementor-element elementor-element-687aa13\" data-id=\"687aa13\" data-element_type=\"column\" data-e-type=\"column\">\n\t\t\t<div class=\"elementor-widget-wrap elementor-element-populated\">\n\t\t\t\t\t\t<section class=\"elementor-section elementor-inner-section elementor-element elementor-element-3571297 elementor-section-boxed elementor-section-height-default elementor-section-height-default\" data-id=\"3571297\" data-element_type=\"section\" data-e-type=\"section\">\n\t\t\t\t\t\t<div class=\"elementor-container elementor-column-gap-default\">\n\t\t\t\t\t<div class=\"elementor-column elementor-col-50 elementor-inner-column elementor-element elementor-element-7720be5\" data-id=\"7720be5\" data-element_type=\"column\" data-e-type=\"column\">\n\t\t\t<div class=\"elementor-widget-wrap elementor-element-populated\">\n\t\t\t\t\t\t<div class=\"elementor-element elementor-element-a41b27c elementor-widget elementor-widget-image\" data-id=\"a41b27c\" data-element_type=\"widget\" data-e-type=\"widget\" data-widget_type=\"image.default\">\n\t\t\t\t<div class=\"elementor-widget-container\">\n\t\t\t\t\t\t\t\t\t\t\t\t\t\t\t<img decoding=\"async\" src=\"https:\/\/semead.com.br\/24\/wp-content\/uploads\/sites\/13\/2021\/06\/imagem_2021-06-08_123456.png\" title=\"imagem_2021-06-08_123456\" alt=\"luiz\" loading=\"lazy\" \/>\t\t\t\t\t\t\t\t\t\t\t\t\t\t\t<\/div>\n\t\t\t\t<\/div>\n\t\t\t\t\t<\/div>\n\t\t<\/div>\n\t\t\t\t<div class=\"elementor-column elementor-col-50 elementor-inner-column elementor-element elementor-element-9806169\" data-id=\"9806169\" data-element_type=\"column\" data-e-type=\"column\">\n\t\t\t<div class=\"elementor-widget-wrap elementor-element-populated\">\n\t\t\t\t\t\t<div class=\"elementor-element elementor-element-1138865 elementor-widget elementor-widget-text-editor\" data-id=\"1138865\" data-element_type=\"widget\" data-e-type=\"widget\" data-widget_type=\"text-editor.default\">\n\t\t\t\t<div class=\"elementor-widget-container\">\n\t\t\t\t\t\t\t\t\t<h3>Coordinador Assistente: Luiz Guilherme Antunes, Me.<\/h3><p>FEA-USP<\/p>\t\t\t\t\t\t\t\t<\/div>\n\t\t\t\t<\/div>\n\t\t\t\t\t<\/div>\n\t\t<\/div>\n\t\t\t\t\t<\/div>\n\t\t<\/section>\n\t\t\t\t\t<\/div>\n\t\t<\/div>\n\t\t\t\t\t<\/div>\n\t\t<\/section>\n\t\t\t\t<section class=\"elementor-section elementor-top-section elementor-element elementor-element-758a75d elementor-section-boxed elementor-section-height-default elementor-section-height-default\" data-id=\"758a75d\" data-element_type=\"section\" data-e-type=\"section\">\n\t\t\t\t\t\t<div class=\"elementor-container elementor-column-gap-default\">\n\t\t\t\t\t<div class=\"elementor-column elementor-col-100 elementor-top-column elementor-element elementor-element-959efe2\" data-id=\"959efe2\" data-element_type=\"column\" data-e-type=\"column\">\n\t\t\t<div class=\"elementor-widget-wrap elementor-element-populated\">\n\t\t\t\t\t\t<div class=\"elementor-element elementor-element-82578d7 elementor-widget elementor-widget-text-editor\" data-id=\"82578d7\" data-element_type=\"widget\" data-e-type=\"widget\" data-widget_type=\"text-editor.default\">\n\t\t\t\t<div class=\"elementor-widget-container\">\n\t\t\t\t\t\t\t\t\t<h4 class=\"p1\">\u00a1Novedades de SemeAd 2021!<\/h4><p class=\"p1\">En la b\u00fasqueda de una mayor internacionalizaci\u00f3n, adem\u00e1s de la inclusi\u00f3n de decenas de l\u00edderes internacionales en sus \u00e1reas tem\u00e1ticas, SemeAd presenta dos novedades:<\/p><p class=\"p1\">1) SemeAd, en alianza con revistas indexadas en Scopus y en la Web of Science, presenta una nueva \u00e1rea de env\u00edo, &#8220;Special Issues&#8221;, en la que los trabajos aprobados compondr\u00e1n sesiones espec\u00edficas en sus respectivos temas, con la moderaci\u00f3n de la sesi\u00f3n realizada por editores de la revista.<\/p>\t\t\t\t\t\t\t\t<\/div>\n\t\t\t\t<\/div>\n\t\t\t\t<div class=\"elementor-element elementor-element-0b176fd elementor-button-info elementor-align-center elementor-widget elementor-widget-button\" data-id=\"0b176fd\" data-element_type=\"widget\" data-e-type=\"widget\" data-widget_type=\"button.default\">\n\t\t\t\t<div class=\"elementor-widget-container\">\n\t\t\t\t\t\t\t\t\t<div class=\"elementor-button-wrapper\">\n\t\t\t\t\t<a class=\"elementor-button elementor-button-link elementor-size-xs\" href=\"https:\/\/semead.com.br\/24\/special-issues\/?lang=es\" target=\"_blank\">\n\t\t\t\t\t\t<span class=\"elementor-button-content-wrapper\">\n\t\t\t\t\t\t\t\t\t<span class=\"elementor-button-text\">Sobre la Special Issues<\/span>\n\t\t\t\t\t<\/span>\n\t\t\t\t\t<\/a>\n\t\t\t\t<\/div>\n\t\t\t\t\t\t\t\t<\/div>\n\t\t\t\t<\/div>\n\t\t\t\t<div class=\"elementor-element elementor-element-a0f1f89 elementor-widget elementor-widget-text-editor\" data-id=\"a0f1f89\" data-element_type=\"widget\" data-e-type=\"widget\" data-widget_type=\"text-editor.default\">\n\t\t\t\t<div class=\"elementor-widget-container\">\n\t\t\t\t\t\t\t\t\t<p class=\"p1\">2) SemeAd Fast-Track ahora tiene revistas de primer nivel. M\u00e1s que revistas de alto impacto (alto JCR), son referencias en sus campos.<\/p>\t\t\t\t\t\t\t\t<\/div>\n\t\t\t\t<\/div>\n\t\t\t\t<div class=\"elementor-element elementor-element-ac381f5 elementor-button-info elementor-align-center elementor-widget elementor-widget-button\" data-id=\"ac381f5\" data-element_type=\"widget\" data-e-type=\"widget\" data-widget_type=\"button.default\">\n\t\t\t\t<div class=\"elementor-widget-container\">\n\t\t\t\t\t\t\t\t\t<div class=\"elementor-button-wrapper\">\n\t\t\t\t\t<a class=\"elementor-button elementor-button-link elementor-size-xs\" href=\"https:\/\/semead.com.br\/24\/revistas-a1-en-fast-track\/?lang=es\" target=\"_blank\">\n\t\t\t\t\t\t<span class=\"elementor-button-content-wrapper\">\n\t\t\t\t\t\t\t\t\t<span class=\"elementor-button-text\">Consulte Per\u00edodicos de Primer Nivel<\/span>\n\t\t\t\t\t<\/span>\n\t\t\t\t\t<\/a>\n\t\t\t\t<\/div>\n\t\t\t\t\t\t\t\t<\/div>\n\t\t\t\t<\/div>\n\t\t\t\t<div class=\"elementor-element elementor-element-707189a elementor-widget elementor-widget-text-editor\" data-id=\"707189a\" data-element_type=\"widget\" data-e-type=\"widget\" data-widget_type=\"text-editor.default\">\n\t\t\t\t<div class=\"elementor-widget-container\">\n\t\t\t\t\t\t\t\t\t<p class=\"p1\">Consulte m\u00e1s informaci\u00f3n y novedades en los botones a continuaci\u00f3n o en la pesta\u00f1a lateral:<\/p>\t\t\t\t\t\t\t\t<\/div>\n\t\t\t\t<\/div>\n\t\t\t\t\t<\/div>\n\t\t<\/div>\n\t\t\t\t\t<\/div>\n\t\t<\/section>\n\t\t\t\t<section class=\"elementor-section elementor-top-section elementor-element elementor-element-ebe15cd elementor-section-full_width elementor-section-height-default elementor-section-height-default\" data-id=\"ebe15cd\" data-element_type=\"section\" data-e-type=\"section\">\n\t\t\t\t\t\t<div class=\"elementor-container elementor-column-gap-narrow\">\n\t\t\t\t\t<div class=\"elementor-column elementor-col-33 elementor-top-column elementor-element elementor-element-10ea201\" data-id=\"10ea201\" data-element_type=\"column\" data-e-type=\"column\">\n\t\t\t<div class=\"elementor-widget-wrap elementor-element-populated\">\n\t\t\t\t\t\t<div class=\"elementor-element elementor-element-42caa35 elementor-button-warning elementor-align-center elementor-widget elementor-widget-button\" data-id=\"42caa35\" data-element_type=\"widget\" data-e-type=\"widget\" data-widget_type=\"button.default\">\n\t\t\t\t<div class=\"elementor-widget-container\">\n\t\t\t\t\t\t\t\t\t<div class=\"elementor-button-wrapper\">\n\t\t\t\t\t<a class=\"elementor-button elementor-button-link elementor-size-xs\" href=\"https:\/\/semead.com.br\/24\/proceso-de-envio-para-fast-track\/?lang=es\" target=\"_blank\">\n\t\t\t\t\t\t<span class=\"elementor-button-content-wrapper\">\n\t\t\t\t\t\t\t\t\t<span class=\"elementor-button-text\">Processo de Fast-Track<\/span>\n\t\t\t\t\t<\/span>\n\t\t\t\t\t<\/a>\n\t\t\t\t<\/div>\n\t\t\t\t\t\t\t\t<\/div>\n\t\t\t\t<\/div>\n\t\t\t\t\t<\/div>\n\t\t<\/div>\n\t\t\t\t<div class=\"elementor-column elementor-col-33 elementor-top-column elementor-element elementor-element-719f711\" data-id=\"719f711\" data-element_type=\"column\" data-e-type=\"column\">\n\t\t\t<div class=\"elementor-widget-wrap elementor-element-populated\">\n\t\t\t\t\t\t<div class=\"elementor-element elementor-element-4853553 elementor-button-warning elementor-align-center elementor-widget elementor-widget-button\" data-id=\"4853553\" data-element_type=\"widget\" data-e-type=\"widget\" data-widget_type=\"button.default\">\n\t\t\t\t<div class=\"elementor-widget-container\">\n\t\t\t\t\t\t\t\t\t<div class=\"elementor-button-wrapper\">\n\t\t\t\t\t<a class=\"elementor-button elementor-button-link elementor-size-xs\" href=\"https:\/\/semead.com.br\/24\/lista-de-revistas-en-fast-track\/?lang=es\" target=\"_blank\">\n\t\t\t\t\t\t<span class=\"elementor-button-content-wrapper\">\n\t\t\t\t\t\t\t\t\t<span class=\"elementor-button-text\">Per\u00edodicos Parceros en Fast-Track<\/span>\n\t\t\t\t\t<\/span>\n\t\t\t\t\t<\/a>\n\t\t\t\t<\/div>\n\t\t\t\t\t\t\t\t<\/div>\n\t\t\t\t<\/div>\n\t\t\t\t\t<\/div>\n\t\t<\/div>\n\t\t\t\t<div class=\"elementor-column elementor-col-33 elementor-top-column elementor-element elementor-element-987bddf\" data-id=\"987bddf\" data-element_type=\"column\" data-e-type=\"column\">\n\t\t\t<div class=\"elementor-widget-wrap elementor-element-populated\">\n\t\t\t\t\t\t<div class=\"elementor-element elementor-element-bae0725 elementor-button-warning elementor-align-center elementor-widget elementor-widget-button\" data-id=\"bae0725\" data-element_type=\"widget\" data-e-type=\"widget\" data-widget_type=\"button.default\">\n\t\t\t\t<div class=\"elementor-widget-container\">\n\t\t\t\t\t\t\t\t\t<div class=\"elementor-button-wrapper\">\n\t\t\t\t\t<a class=\"elementor-button elementor-button-link elementor-size-xs\" href=\"https:\/\/semead.com.br\/24\/reglas-para-el-envio-2\/?lang=es\" target=\"_blank\">\n\t\t\t\t\t\t<span class=\"elementor-button-content-wrapper\">\n\t\t\t\t\t\t\t\t\t<span class=\"elementor-button-text\">Reglas para Env\u00edo<\/span>\n\t\t\t\t\t<\/span>\n\t\t\t\t\t<\/a>\n\t\t\t\t<\/div>\n\t\t\t\t\t\t\t\t<\/div>\n\t\t\t\t<\/div>\n\t\t\t\t\t<\/div>\n\t\t<\/div>\n\t\t\t\t\t<\/div>\n\t\t<\/section>\n\t\t\t\t<\/div>\n\t\t","protected":false},"excerpt":{"rendered":"<p>Coordinador: Prof. Dr. Ricardo Vinicius Dias Jord\u00e3o SKEMA Business School Coordinador Assistente: Luiz Guilherme Antunes, Me. FEA-USP \u00a1Novedades de SemeAd 2021! En la b\u00fasqueda de una mayor internacionalizaci\u00f3n, adem\u00e1s de la inclusi\u00f3n de decenas de l\u00edderes internacionales en sus \u00e1reas tem\u00e1ticas, SemeAd presenta dos novedades: 1) SemeAd, en alianza con revistas indexadas en Scopus y&#8230;<\/p>\n","protected":false},"author":4,"featured_media":0,"parent":0,"menu_order":0,"comment_status":"closed","ping_status":"closed","template":"","meta":{"_acf_changed":false,"_monsterinsights_skip_tracking":false,"_monsterinsights_sitenote_active":false,"_monsterinsights_sitenote_note":"","_monsterinsights_sitenote_category":0,"footnotes":""},"class_list":["post-21680","page","type-page","status-publish","hentry"],"acf":[],"yoast_head":"<!-- This site is optimized with the Yoast SEO plugin v27.1.1 - https:\/\/yoast.com\/product\/yoast-seo-wordpress\/ -->\n<title>Ediciones Especiales y Fast-Track - XXIV SemeAd<\/title>\n<meta name=\"robots\" content=\"index, follow, max-snippet:-1, max-image-preview:large, max-video-preview:-1\" \/>\n<link rel=\"canonical\" href=\"https:\/\/semead.com.br\/24\/ediciones-especiales-y-fast-track\/\" \/>\n<meta property=\"og:locale\" content=\"pt_BR\" \/>\n<meta property=\"og:type\" content=\"article\" \/>\n<meta property=\"og:title\" content=\"Ediciones Especiales y Fast-Track - XXIV SemeAd\" \/>\n<meta property=\"og:description\" content=\"Coordinador: Prof. Dr. Ricardo Vinicius Dias Jord\u00e3o SKEMA Business School Coordinador Assistente: Luiz Guilherme Antunes, Me. FEA-USP \u00a1Novedades de SemeAd 2021! En la b\u00fasqueda de una mayor internacionalizaci\u00f3n, adem\u00e1s de la inclusi\u00f3n de decenas de l\u00edderes internacionales en sus \u00e1reas tem\u00e1ticas, SemeAd presenta dos novedades: 1) SemeAd, en alianza con revistas indexadas en Scopus y...\" \/>\n<meta property=\"og:url\" content=\"https:\/\/semead.com.br\/24\/ediciones-especiales-y-fast-track\/?lang=es\" \/>\n<meta property=\"og:site_name\" content=\"XXIV SemeAd\" \/>\n<meta property=\"article:modified_time\" content=\"2021-07-07T17:30:35+00:00\" \/>\n<meta property=\"og:image\" content=\"https:\/\/semead.com.br\/24\/wp-content\/uploads\/sites\/13\/2021\/06\/imagem_2021-06-08_132831-e1623799427741-150x150.png\" \/>\n<meta name=\"twitter:card\" content=\"summary_large_image\" \/>\n<meta name=\"twitter:label1\" content=\"Est. tempo de leitura\" \/>\n\t<meta name=\"twitter:data1\" content=\"2 minutos\" \/>\n<script type=\"application\/ld+json\" class=\"yoast-schema-graph\">{\"@context\":\"https:\/\/schema.org\",\"@graph\":[{\"@type\":\"WebPage\",\"@id\":\"https:\/\/semead.com.br\/24\/ediciones-especiales-y-fast-track\/?lang=es\",\"url\":\"https:\/\/semead.com.br\/24\/ediciones-especiales-y-fast-track\/?lang=es\",\"name\":\"Ediciones Especiales y Fast-Track - XXIV SemeAd\",\"isPartOf\":{\"@id\":\"https:\/\/semead.com.br\/24\/?lang=es\/#website\"},\"primaryImageOfPage\":{\"@id\":\"https:\/\/semead.com.br\/24\/ediciones-especiales-y-fast-track\/?lang=es#primaryimage\"},\"image\":{\"@id\":\"https:\/\/semead.com.br\/24\/ediciones-especiales-y-fast-track\/?lang=es#primaryimage\"},\"thumbnailUrl\":\"https:\/\/semead.com.br\/24\/wp-content\/uploads\/sites\/13\/2021\/06\/imagem_2021-06-08_132831-e1623799427741-150x150.png\",\"datePublished\":\"2021-07-06T18:18:00+00:00\",\"dateModified\":\"2021-07-07T17:30:35+00:00\",\"breadcrumb\":{\"@id\":\"https:\/\/semead.com.br\/24\/ediciones-especiales-y-fast-track\/?lang=es#breadcrumb\"},\"inLanguage\":\"pt-BR\",\"potentialAction\":[{\"@type\":\"ReadAction\",\"target\":[\"https:\/\/semead.com.br\/24\/ediciones-especiales-y-fast-track\/?lang=es\"]}]},{\"@type\":\"ImageObject\",\"inLanguage\":\"pt-BR\",\"@id\":\"https:\/\/semead.com.br\/24\/ediciones-especiales-y-fast-track\/?lang=es#primaryimage\",\"url\":\"https:\/\/semead.com.br\/24\/wp-content\/uploads\/sites\/13\/2021\/06\/imagem_2021-06-08_132831-e1623799427741.png\",\"contentUrl\":\"https:\/\/semead.com.br\/24\/wp-content\/uploads\/sites\/13\/2021\/06\/imagem_2021-06-08_132831-e1623799427741.png\",\"width\":150,\"height\":169,\"caption\":\"jord\u00e3o\"},{\"@type\":\"BreadcrumbList\",\"@id\":\"https:\/\/semead.com.br\/24\/ediciones-especiales-y-fast-track\/?lang=es#breadcrumb\",\"itemListElement\":[{\"@type\":\"ListItem\",\"position\":1,\"name\":\"In\u00edcio\",\"item\":\"https:\/\/semead.com.br\/24\/\"},{\"@type\":\"ListItem\",\"position\":2,\"name\":\"Ediciones Especiales y Fast-Track\"}]},{\"@type\":\"WebSite\",\"@id\":\"https:\/\/semead.com.br\/24\/?lang=es\/#website\",\"url\":\"https:\/\/semead.com.br\/24\/?lang=es\/\",\"name\":\"XXIV SemeAd\",\"description\":\"Semin\u00e1rios em Administra\u00e7\u00e3o\",\"potentialAction\":[{\"@type\":\"SearchAction\",\"target\":{\"@type\":\"EntryPoint\",\"urlTemplate\":\"https:\/\/semead.com.br\/24\/?lang=es\/?s={search_term_string}\"},\"query-input\":{\"@type\":\"PropertyValueSpecification\",\"valueRequired\":true,\"valueName\":\"search_term_string\"}}],\"inLanguage\":\"pt-BR\"}]}<\/script>\n<!-- \/ Yoast SEO plugin. -->","yoast_head_json":{"title":"Ediciones Especiales y Fast-Track - XXIV SemeAd","robots":{"index":"index","follow":"follow","max-snippet":"max-snippet:-1","max-image-preview":"max-image-preview:large","max-video-preview":"max-video-preview:-1"},"canonical":"https:\/\/semead.com.br\/24\/ediciones-especiales-y-fast-track\/","og_locale":"pt_BR","og_type":"article","og_title":"Ediciones Especiales y Fast-Track - XXIV SemeAd","og_description":"Coordinador: Prof. Dr. Ricardo Vinicius Dias Jord\u00e3o SKEMA Business School Coordinador Assistente: Luiz Guilherme Antunes, Me. FEA-USP \u00a1Novedades de SemeAd 2021! En la b\u00fasqueda de una mayor internacionalizaci\u00f3n, adem\u00e1s de la inclusi\u00f3n de decenas de l\u00edderes internacionales en sus \u00e1reas tem\u00e1ticas, SemeAd presenta dos novedades: 1) SemeAd, en alianza con revistas indexadas en Scopus y...","og_url":"https:\/\/semead.com.br\/24\/ediciones-especiales-y-fast-track\/?lang=es","og_site_name":"XXIV SemeAd","article_modified_time":"2021-07-07T17:30:35+00:00","og_image":[{"url":"https:\/\/semead.com.br\/24\/wp-content\/uploads\/sites\/13\/2021\/06\/imagem_2021-06-08_132831-e1623799427741-150x150.png","type":"","width":"","height":""}],"twitter_card":"summary_large_image","twitter_misc":{"Est. tempo de leitura":"2 minutos"},"schema":{"@context":"https:\/\/schema.org","@graph":[{"@type":"WebPage","@id":"https:\/\/semead.com.br\/24\/ediciones-especiales-y-fast-track\/?lang=es","url":"https:\/\/semead.com.br\/24\/ediciones-especiales-y-fast-track\/?lang=es","name":"Ediciones Especiales y Fast-Track - XXIV SemeAd","isPartOf":{"@id":"https:\/\/semead.com.br\/24\/?lang=es\/#website"},"primaryImageOfPage":{"@id":"https:\/\/semead.com.br\/24\/ediciones-especiales-y-fast-track\/?lang=es#primaryimage"},"image":{"@id":"https:\/\/semead.com.br\/24\/ediciones-especiales-y-fast-track\/?lang=es#primaryimage"},"thumbnailUrl":"https:\/\/semead.com.br\/24\/wp-content\/uploads\/sites\/13\/2021\/06\/imagem_2021-06-08_132831-e1623799427741-150x150.png","datePublished":"2021-07-06T18:18:00+00:00","dateModified":"2021-07-07T17:30:35+00:00","breadcrumb":{"@id":"https:\/\/semead.com.br\/24\/ediciones-especiales-y-fast-track\/?lang=es#breadcrumb"},"inLanguage":"pt-BR","potentialAction":[{"@type":"ReadAction","target":["https:\/\/semead.com.br\/24\/ediciones-especiales-y-fast-track\/?lang=es"]}]},{"@type":"ImageObject","inLanguage":"pt-BR","@id":"https:\/\/semead.com.br\/24\/ediciones-especiales-y-fast-track\/?lang=es#primaryimage","url":"https:\/\/semead.com.br\/24\/wp-content\/uploads\/sites\/13\/2021\/06\/imagem_2021-06-08_132831-e1623799427741.png","contentUrl":"https:\/\/semead.com.br\/24\/wp-content\/uploads\/sites\/13\/2021\/06\/imagem_2021-06-08_132831-e1623799427741.png","width":150,"height":169,"caption":"jord\u00e3o"},{"@type":"BreadcrumbList","@id":"https:\/\/semead.com.br\/24\/ediciones-especiales-y-fast-track\/?lang=es#breadcrumb","itemListElement":[{"@type":"ListItem","position":1,"name":"In\u00edcio","item":"https:\/\/semead.com.br\/24\/"},{"@type":"ListItem","position":2,"name":"Ediciones Especiales y Fast-Track"}]},{"@type":"WebSite","@id":"https:\/\/semead.com.br\/24\/?lang=es\/#website","url":"https:\/\/semead.com.br\/24\/?lang=es\/","name":"XXIV SemeAd","description":"Semin\u00e1rios em Administra\u00e7\u00e3o","potentialAction":[{"@type":"SearchAction","target":{"@type":"EntryPoint","urlTemplate":"https:\/\/semead.com.br\/24\/?lang=es\/?s={search_term_string}"},"query-input":{"@type":"PropertyValueSpecification","valueRequired":true,"valueName":"search_term_string"}}],"inLanguage":"pt-BR"}]}},"_links":{"self":[{"href":"https:\/\/semead.com.br\/24\/wp-json\/wp\/v2\/pages\/21680","targetHints":{"allow":["GET"]}}],"collection":[{"href":"https:\/\/semead.com.br\/24\/wp-json\/wp\/v2\/pages"}],"about":[{"href":"https:\/\/semead.com.br\/24\/wp-json\/wp\/v2\/types\/page"}],"author":[{"embeddable":true,"href":"https:\/\/semead.com.br\/24\/wp-json\/wp\/v2\/users\/4"}],"replies":[{"embeddable":true,"href":"https:\/\/semead.com.br\/24\/wp-json\/wp\/v2\/comments?post=21680"}],"version-history":[{"count":0,"href":"https:\/\/semead.com.br\/24\/wp-json\/wp\/v2\/pages\/21680\/revisions"}],"wp:attachment":[{"href":"https:\/\/semead.com.br\/24\/wp-json\/wp\/v2\/media?parent=21680"}],"curies":[{"name":"wp","href":"https:\/\/api.w.org\/{rel}","templated":true}]}}