{"id":21859,"date":"2021-07-16T21:26:32","date_gmt":"2021-07-17T00:26:32","guid":{"rendered":"https:\/\/semead.com.br\/24\/?page_id=21859"},"modified":"2021-07-26T09:48:29","modified_gmt":"2021-07-26T12:48:29","slug":"evento-semead-chat","status":"publish","type":"page","link":"https:\/\/semead.com.br\/24\/evento-semead-chat\/?lang=es","title":{"rendered":"Evento: SemeAd Chat"},"content":{"rendered":"\n<p>\u00bfQuieres conocer m\u00e1s detalles y hacer preguntas m\u00e1s espec\u00edficas sobre cada actividad de SemeAd? Realizaremos 6 chats con los coordinadores de cada actividad. \u00a1De esta forma tendr\u00e1s la oportunidad de aclarar todas tus dudas!<\/p>\n\n\n\n<p><strong>19\/07\/2021<\/strong> &#8211; 14:00 &#8211; Connecta (Acesso: <a href=\"https:\/\/semead-br.zoom.us\/meeting\/register\/tJYucOqurjMsH9W-BOQbbWckHRnT0cY_ARCD\" target=\"_blank\" rel=\"noreferrer noopener\">https:\/\/semead-br.zoom.us\/meeting\/register\/tJYucOqurjMsH9W-BOQbbWckHRnT0cY_ARCD<\/a>)<\/p>\n\n\n\n<p><strong>19\/07\/2021<\/strong> &#8211; 18:00 &#8211; Special Issues y Fast-Track (Acesso: <a href=\"https:\/\/youtu.be\/C64GIzjI834\" target=\"_blank\" rel=\"noreferrer noopener\">https:\/\/youtu.be\/C64GIzjI834<\/a>)<\/p>\n\n\n\n<p><strong>26\/07\/2021<\/strong> &#8211; 18:00 &#8211; Consorcio Doctoral (Acesso: <a href=\"https:\/\/semead-br.zoom.us\/meeting\/register\/tJMlf-6spjgtH9fImEGwn-Di1WIBYJrA2CBw\" target=\"_blank\" rel=\"noreferrer noopener\">https:\/\/semead-br.zoom.us\/meeting\/register\/tJMlf-6spjgtH9fImEGwn-Di1WIBYJrA2CBw<\/a>)<\/p>\n\n\n\n<p><strong>26\/07\/2021<\/strong> &#8211; 19:00 &#8211; Proyetos de Impacto (Acesso: <a href=\"https:\/\/semead-br.zoom.us\/meeting\/register\/tJclceCvqzwtHNM38w-aUXgxpRgDsSWl_Gz\" target=\"_blank\" rel=\"noreferrer noopener\">https:\/\/semead-br.zoom.us\/meeting\/register\/tJclceCvqzwtHNM38w-aUXgxpRgDsSWl_Gz<\/a>o)<\/p>\n\n\n\n<p><strong>26\/07\/2021<\/strong> &#8211; 20:00 &#8211; Seminario de Preparaci\u00f3n para Procesos de Selecci\u00f3n para Doctorado (Acesso: <a href=\"https:\/\/semead-br.zoom.us\/meeting\/register\/tJcrfuqhqTsrEtEW11dtqxj7iuFd7RMhtmF_\" target=\"_blank\" rel=\"noreferrer noopener\">https:\/\/semead-br.zoom.us\/meeting\/register\/tJcrfuqhqTsrEtEW11dtqxj7iuFd7RMhtmF_<\/a>)<\/p>\n\n\n\n<p><strong>27\/07\/2021<\/strong> &#8211; 18:00 &#8211; Workshops (Acesso: <a href=\"https:\/\/semead-br.zoom.us\/meeting\/register\/tJYofu2orj0oH9TbnPeZ491O7LyxiFNH3twU\">https:\/\/semead-br.zoom.us\/meeting\/register\/tJYofu2orj0oH9TbnPeZ491O7LyxiFNH3twU<\/a>)<\/p>\n","protected":false},"excerpt":{"rendered":"<p>\u00bfQuieres conocer m\u00e1s detalles y hacer preguntas m\u00e1s espec\u00edficas sobre cada actividad de SemeAd? Realizaremos 6 chats con los coordinadores de cada actividad. \u00a1De esta forma tendr\u00e1s la oportunidad de aclarar todas tus dudas! 19\/07\/2021 &#8211; 14:00 &#8211; Connecta (Acesso: https:\/\/semead-br.zoom.us\/meeting\/register\/tJYucOqurjMsH9W-BOQbbWckHRnT0cY_ARCD) 19\/07\/2021 &#8211; 18:00 &#8211; Special Issues y Fast-Track (Acesso: https:\/\/youtu.be\/C64GIzjI834) 26\/07\/2021 &#8211; 18:00 &#8211;&#8230;<\/p>\n","protected":false},"author":4,"featured_media":0,"parent":0,"menu_order":0,"comment_status":"closed","ping_status":"open","template":"","meta":{"_acf_changed":false,"_monsterinsights_skip_tracking":false,"_monsterinsights_sitenote_active":false,"_monsterinsights_sitenote_note":"","_monsterinsights_sitenote_category":0,"footnotes":""},"class_list":["post-21859","page","type-page","status-publish","hentry"],"acf":[],"yoast_head":"<!-- This site is optimized with the Yoast SEO plugin v27.1.1 - https:\/\/yoast.com\/product\/yoast-seo-wordpress\/ -->\n<title>Evento: SemeAd Chat - XXIV SemeAd<\/title>\n<meta name=\"robots\" content=\"index, follow, max-snippet:-1, max-image-preview:large, max-video-preview:-1\" \/>\n<link rel=\"canonical\" href=\"https:\/\/semead.com.br\/24\/evento-semead-chat\/\" \/>\n<meta property=\"og:locale\" content=\"pt_BR\" \/>\n<meta property=\"og:type\" content=\"article\" \/>\n<meta property=\"og:title\" content=\"Evento: SemeAd Chat - XXIV SemeAd\" \/>\n<meta property=\"og:description\" content=\"\u00bfQuieres conocer m\u00e1s detalles y hacer preguntas m\u00e1s espec\u00edficas sobre cada actividad de SemeAd? Realizaremos 6 chats con los coordinadores de cada actividad. \u00a1De esta forma tendr\u00e1s la oportunidad de aclarar todas tus dudas! 19\/07\/2021 &#8211; 14:00 &#8211; Connecta (Acesso: https:\/\/semead-br.zoom.us\/meeting\/register\/tJYucOqurjMsH9W-BOQbbWckHRnT0cY_ARCD) 19\/07\/2021 &#8211; 18:00 &#8211; Special Issues y Fast-Track (Acesso: https:\/\/youtu.be\/C64GIzjI834) 26\/07\/2021 &#8211; 18:00 &#8211;...\" \/>\n<meta property=\"og:url\" content=\"https:\/\/semead.com.br\/24\/evento-semead-chat\/?lang=es\" \/>\n<meta property=\"og:site_name\" content=\"XXIV SemeAd\" \/>\n<meta property=\"article:modified_time\" content=\"2021-07-26T12:48:29+00:00\" \/>\n<meta name=\"twitter:card\" content=\"summary_large_image\" \/>\n<meta name=\"twitter:label1\" content=\"Est. tempo de leitura\" \/>\n\t<meta name=\"twitter:data1\" content=\"1 minuto\" \/>\n<script type=\"application\/ld+json\" class=\"yoast-schema-graph\">{\"@context\":\"https:\/\/schema.org\",\"@graph\":[{\"@type\":\"WebPage\",\"@id\":\"https:\/\/semead.com.br\/24\/evento-semead-chat\/?lang=es\",\"url\":\"https:\/\/semead.com.br\/24\/evento-semead-chat\/?lang=es\",\"name\":\"Evento: SemeAd Chat - XXIV SemeAd\",\"isPartOf\":{\"@id\":\"https:\/\/semead.com.br\/24\/?lang=es\/#website\"},\"datePublished\":\"2021-07-17T00:26:32+00:00\",\"dateModified\":\"2021-07-26T12:48:29+00:00\",\"breadcrumb\":{\"@id\":\"https:\/\/semead.com.br\/24\/evento-semead-chat\/?lang=es#breadcrumb\"},\"inLanguage\":\"pt-BR\",\"potentialAction\":[{\"@type\":\"ReadAction\",\"target\":[\"https:\/\/semead.com.br\/24\/evento-semead-chat\/?lang=es\"]}]},{\"@type\":\"BreadcrumbList\",\"@id\":\"https:\/\/semead.com.br\/24\/evento-semead-chat\/?lang=es#breadcrumb\",\"itemListElement\":[{\"@type\":\"ListItem\",\"position\":1,\"name\":\"In\u00edcio\",\"item\":\"https:\/\/semead.com.br\/24\/\"},{\"@type\":\"ListItem\",\"position\":2,\"name\":\"Evento: SemeAd Chat\"}]},{\"@type\":\"WebSite\",\"@id\":\"https:\/\/semead.com.br\/24\/?lang=es\/#website\",\"url\":\"https:\/\/semead.com.br\/24\/?lang=es\/\",\"name\":\"XXIV SemeAd\",\"description\":\"Semin\u00e1rios em Administra\u00e7\u00e3o\",\"potentialAction\":[{\"@type\":\"SearchAction\",\"target\":{\"@type\":\"EntryPoint\",\"urlTemplate\":\"https:\/\/semead.com.br\/24\/?lang=es\/?s={search_term_string}\"},\"query-input\":{\"@type\":\"PropertyValueSpecification\",\"valueRequired\":true,\"valueName\":\"search_term_string\"}}],\"inLanguage\":\"pt-BR\"}]}<\/script>\n<!-- \/ Yoast SEO plugin. -->","yoast_head_json":{"title":"Evento: SemeAd Chat - XXIV SemeAd","robots":{"index":"index","follow":"follow","max-snippet":"max-snippet:-1","max-image-preview":"max-image-preview:large","max-video-preview":"max-video-preview:-1"},"canonical":"https:\/\/semead.com.br\/24\/evento-semead-chat\/","og_locale":"pt_BR","og_type":"article","og_title":"Evento: SemeAd Chat - XXIV SemeAd","og_description":"\u00bfQuieres conocer m\u00e1s detalles y hacer preguntas m\u00e1s espec\u00edficas sobre cada actividad de SemeAd? Realizaremos 6 chats con los coordinadores de cada actividad. \u00a1De esta forma tendr\u00e1s la oportunidad de aclarar todas tus dudas! 19\/07\/2021 &#8211; 14:00 &#8211; Connecta (Acesso: https:\/\/semead-br.zoom.us\/meeting\/register\/tJYucOqurjMsH9W-BOQbbWckHRnT0cY_ARCD) 19\/07\/2021 &#8211; 18:00 &#8211; Special Issues y Fast-Track (Acesso: https:\/\/youtu.be\/C64GIzjI834) 26\/07\/2021 &#8211; 18:00 &#8211;...","og_url":"https:\/\/semead.com.br\/24\/evento-semead-chat\/?lang=es","og_site_name":"XXIV SemeAd","article_modified_time":"2021-07-26T12:48:29+00:00","twitter_card":"summary_large_image","twitter_misc":{"Est. tempo de leitura":"1 minuto"},"schema":{"@context":"https:\/\/schema.org","@graph":[{"@type":"WebPage","@id":"https:\/\/semead.com.br\/24\/evento-semead-chat\/?lang=es","url":"https:\/\/semead.com.br\/24\/evento-semead-chat\/?lang=es","name":"Evento: SemeAd Chat - XXIV SemeAd","isPartOf":{"@id":"https:\/\/semead.com.br\/24\/?lang=es\/#website"},"datePublished":"2021-07-17T00:26:32+00:00","dateModified":"2021-07-26T12:48:29+00:00","breadcrumb":{"@id":"https:\/\/semead.com.br\/24\/evento-semead-chat\/?lang=es#breadcrumb"},"inLanguage":"pt-BR","potentialAction":[{"@type":"ReadAction","target":["https:\/\/semead.com.br\/24\/evento-semead-chat\/?lang=es"]}]},{"@type":"BreadcrumbList","@id":"https:\/\/semead.com.br\/24\/evento-semead-chat\/?lang=es#breadcrumb","itemListElement":[{"@type":"ListItem","position":1,"name":"In\u00edcio","item":"https:\/\/semead.com.br\/24\/"},{"@type":"ListItem","position":2,"name":"Evento: SemeAd Chat"}]},{"@type":"WebSite","@id":"https:\/\/semead.com.br\/24\/?lang=es\/#website","url":"https:\/\/semead.com.br\/24\/?lang=es\/","name":"XXIV SemeAd","description":"Semin\u00e1rios em Administra\u00e7\u00e3o","potentialAction":[{"@type":"SearchAction","target":{"@type":"EntryPoint","urlTemplate":"https:\/\/semead.com.br\/24\/?lang=es\/?s={search_term_string}"},"query-input":{"@type":"PropertyValueSpecification","valueRequired":true,"valueName":"search_term_string"}}],"inLanguage":"pt-BR"}]}},"_links":{"self":[{"href":"https:\/\/semead.com.br\/24\/wp-json\/wp\/v2\/pages\/21859","targetHints":{"allow":["GET"]}}],"collection":[{"href":"https:\/\/semead.com.br\/24\/wp-json\/wp\/v2\/pages"}],"about":[{"href":"https:\/\/semead.com.br\/24\/wp-json\/wp\/v2\/types\/page"}],"author":[{"embeddable":true,"href":"https:\/\/semead.com.br\/24\/wp-json\/wp\/v2\/users\/4"}],"replies":[{"embeddable":true,"href":"https:\/\/semead.com.br\/24\/wp-json\/wp\/v2\/comments?post=21859"}],"version-history":[{"count":0,"href":"https:\/\/semead.com.br\/24\/wp-json\/wp\/v2\/pages\/21859\/revisions"}],"wp:attachment":[{"href":"https:\/\/semead.com.br\/24\/wp-json\/wp\/v2\/media?parent=21859"}],"curies":[{"name":"wp","href":"https:\/\/api.w.org\/{rel}","templated":true}]}}