{"id":22045,"date":"2021-07-27T10:08:58","date_gmt":"2021-07-27T13:08:58","guid":{"rendered":"https:\/\/semead.com.br\/24\/?page_id=22045"},"modified":"2021-08-24T20:15:28","modified_gmt":"2021-08-24T23:15:28","slug":"comunicado","status":"publish","type":"page","link":"https:\/\/semead.com.br\/24\/comunicado\/","title":{"rendered":"Comunicado"},"content":{"rendered":"\t\t<div data-elementor-type=\"wp-page\" data-elementor-id=\"22045\" class=\"elementor elementor-22045\">\n\t\t\t\t\t\t<section class=\"elementor-section elementor-top-section elementor-element elementor-element-46866846 elementor-section-boxed elementor-section-height-default elementor-section-height-default\" data-id=\"46866846\" data-element_type=\"section\" data-e-type=\"section\">\n\t\t\t\t\t\t<div class=\"elementor-container elementor-column-gap-default\">\n\t\t\t\t\t<div class=\"elementor-column elementor-col-100 elementor-top-column elementor-element elementor-element-4cd05764\" data-id=\"4cd05764\" data-element_type=\"column\" data-e-type=\"column\">\n\t\t\t<div class=\"elementor-widget-wrap elementor-element-populated\">\n\t\t\t\t\t\t<div class=\"elementor-element elementor-element-351442c8 elementor-widget elementor-widget-text-editor\" data-id=\"351442c8\" data-element_type=\"widget\" data-e-type=\"widget\" data-widget_type=\"text-editor.default\">\n\t\t\t\t<div class=\"elementor-widget-container\">\n\t\t\t\t\t\t\t\t\t\n<p>Nota \u00e0 Comunidade SemeAd:<\/p>\n\n\n\n<p>&nbsp;&nbsp;&nbsp;&nbsp;&nbsp;&nbsp;&nbsp;&nbsp;&nbsp;&nbsp;&nbsp;&nbsp; Incialmente agradecemos a massiva submiss\u00e3o de trabalhos realizada.<\/p>\n\n\n\n<p>Somente de artigos computamos 2.136 submiss\u00f5es, volume normal para os padr\u00f5es do SemeAd. N\u00e3o h\u00e1 necessidade de aumento de submiss\u00f5es para a plena realiza\u00e7\u00e3o do SemeAd 2021. Para total transpar\u00eancia, informamos que houve uma redu\u00e7\u00e3o de 9% em rela\u00e7\u00e3o ao ano passado, quando foram recebidos 2.348 artigos.<\/p>\n\n\n\n<p>O SemeAd tem sempre cumprido seu cronograma e prima-se pela organiza\u00e7\u00e3o. Anteriormente n\u00e3o houveram casos de prorroga\u00e7\u00e3o de submiss\u00f5es.<\/p>\n\n\n\n<p>Neste ano, \u00e0s v\u00e9speras do encerramento das submiss\u00f5es, recebemos in\u00fameras solicita\u00e7\u00f5es de prorroga\u00e7\u00e3o, por e-mail, no chat do suporte e nas redes sociais. Consultada a maioria dos Coordenadores do SemeAd, ficou claro o apoio para uma decis\u00e3o de prorroga\u00e7\u00e3o.<\/p>\n\n\n\n<p>O SemeAd reconhece o dif\u00edcil momento em que passamos em fun\u00e7\u00e3o da pandemia. Em nossa \u00e1rea acad\u00eamica, estamos vivenciando v\u00e1rias prorroga\u00e7\u00f5es, a exemplo das informa\u00e7\u00f5es do Coleta Capes, de prorroga\u00e7\u00f5es de editais de bolsas, de prazos de qualifica\u00e7\u00e3o e defesa de projetos, entre outros. Entendemos que grande parte da comunidade est\u00e1 exausta e com dificuldade de atender a v\u00e1rios prazos. Com o prop\u00f3sito de n\u00e3o sermos insens\u00edveis e inflex\u00edveis com a situa\u00e7\u00e3o atual, estamos atendendo \u00e0s solicita\u00e7\u00f5es da comunidade para que possam proceder melhorias nos trabalhos enviados e concluir a submiss\u00e3o de mais alguns.<\/p>\n\n\n\n<p>Em fun\u00e7\u00e3o do exposto, a submiss\u00e3o e atualiza\u00e7\u00e3o dos trabalhos submetidos fica estendida at\u00e9 01\/08\/2021, limite m\u00e1ximo para n\u00e3o comprometer a atividade de avalia\u00e7\u00e3o. Na expectativa de atender os anseios da Comunidade,<\/p>\n\n\n\n<p>Atenciosamente,<\/p>\n\n\n\n<p><em><strong>Coordena\u00e7\u00e3o Geral do SemeAd<\/strong><\/em><\/p>\n\t\t\t\t\t\t\t\t<\/div>\n\t\t\t\t<\/div>\n\t\t\t\t\t<\/div>\n\t\t<\/div>\n\t\t\t\t\t<\/div>\n\t\t<\/section>\n\t\t\t\t<\/div>\n\t\t","protected":false},"excerpt":{"rendered":"<p>Nota \u00e0 Comunidade SemeAd: &nbsp;&nbsp;&nbsp;&nbsp;&nbsp;&nbsp;&nbsp;&nbsp;&nbsp;&nbsp;&nbsp;&nbsp; Incialmente agradecemos a massiva submiss\u00e3o de trabalhos realizada. Somente de artigos computamos 2.136 submiss\u00f5es, volume normal para os padr\u00f5es do SemeAd. N\u00e3o h\u00e1 necessidade de aumento de submiss\u00f5es para a plena realiza\u00e7\u00e3o do SemeAd 2021. Para total transpar\u00eancia, informamos que houve uma redu\u00e7\u00e3o de 9% em rela\u00e7\u00e3o ao ano passado,&#8230;<\/p>\n","protected":false},"author":4,"featured_media":0,"parent":0,"menu_order":0,"comment_status":"closed","ping_status":"open","template":"","meta":{"_acf_changed":false,"_monsterinsights_skip_tracking":false,"_monsterinsights_sitenote_active":false,"_monsterinsights_sitenote_note":"","_monsterinsights_sitenote_category":0,"footnotes":""},"class_list":["post-22045","page","type-page","status-publish","hentry"],"acf":[],"yoast_head":"<!-- This site is optimized with the Yoast SEO plugin v27.1.1 - https:\/\/yoast.com\/product\/yoast-seo-wordpress\/ -->\n<title>Comunicado - XXIV SemeAd<\/title>\n<meta name=\"robots\" content=\"index, follow, max-snippet:-1, max-image-preview:large, max-video-preview:-1\" \/>\n<link rel=\"canonical\" href=\"https:\/\/semead.com.br\/24\/comunicado\/\" \/>\n<meta property=\"og:locale\" content=\"pt_BR\" \/>\n<meta property=\"og:type\" content=\"article\" \/>\n<meta property=\"og:title\" content=\"Comunicado - XXIV SemeAd\" \/>\n<meta property=\"og:description\" content=\"Nota \u00e0 Comunidade SemeAd: &nbsp;&nbsp;&nbsp;&nbsp;&nbsp;&nbsp;&nbsp;&nbsp;&nbsp;&nbsp;&nbsp;&nbsp; Incialmente agradecemos a massiva submiss\u00e3o de trabalhos realizada. Somente de artigos computamos 2.136 submiss\u00f5es, volume normal para os padr\u00f5es do SemeAd. N\u00e3o h\u00e1 necessidade de aumento de submiss\u00f5es para a plena realiza\u00e7\u00e3o do SemeAd 2021. Para total transpar\u00eancia, informamos que houve uma redu\u00e7\u00e3o de 9% em rela\u00e7\u00e3o ao ano passado,...\" \/>\n<meta property=\"og:url\" content=\"https:\/\/semead.com.br\/24\/comunicado\/\" \/>\n<meta property=\"og:site_name\" content=\"XXIV SemeAd\" \/>\n<meta property=\"article:modified_time\" content=\"2021-08-24T23:15:28+00:00\" \/>\n<meta name=\"twitter:card\" content=\"summary_large_image\" \/>\n<meta name=\"twitter:label1\" content=\"Est. tempo de leitura\" \/>\n\t<meta name=\"twitter:data1\" content=\"2 minutos\" \/>\n<script type=\"application\/ld+json\" class=\"yoast-schema-graph\">{\"@context\":\"https:\/\/schema.org\",\"@graph\":[{\"@type\":\"WebPage\",\"@id\":\"https:\/\/semead.com.br\/24\/comunicado\/\",\"url\":\"https:\/\/semead.com.br\/24\/comunicado\/\",\"name\":\"Comunicado - XXIV SemeAd\",\"isPartOf\":{\"@id\":\"https:\/\/semead.com.br\/24\/?lang=es\/#website\"},\"datePublished\":\"2021-07-27T13:08:58+00:00\",\"dateModified\":\"2021-08-24T23:15:28+00:00\",\"breadcrumb\":{\"@id\":\"https:\/\/semead.com.br\/24\/comunicado\/#breadcrumb\"},\"inLanguage\":\"pt-BR\",\"potentialAction\":[{\"@type\":\"ReadAction\",\"target\":[\"https:\/\/semead.com.br\/24\/comunicado\/\"]}]},{\"@type\":\"BreadcrumbList\",\"@id\":\"https:\/\/semead.com.br\/24\/comunicado\/#breadcrumb\",\"itemListElement\":[{\"@type\":\"ListItem\",\"position\":1,\"name\":\"In\u00edcio\",\"item\":\"https:\/\/semead.com.br\/24\/\"},{\"@type\":\"ListItem\",\"position\":2,\"name\":\"Comunicado\"}]},{\"@type\":\"WebSite\",\"@id\":\"https:\/\/semead.com.br\/24\/?lang=es\/#website\",\"url\":\"https:\/\/semead.com.br\/24\/?lang=es\/\",\"name\":\"XXIV SemeAd\",\"description\":\"Semin\u00e1rios em Administra\u00e7\u00e3o\",\"potentialAction\":[{\"@type\":\"SearchAction\",\"target\":{\"@type\":\"EntryPoint\",\"urlTemplate\":\"https:\/\/semead.com.br\/24\/?lang=es\/?s={search_term_string}\"},\"query-input\":{\"@type\":\"PropertyValueSpecification\",\"valueRequired\":true,\"valueName\":\"search_term_string\"}}],\"inLanguage\":\"pt-BR\"}]}<\/script>\n<!-- \/ Yoast SEO plugin. -->","yoast_head_json":{"title":"Comunicado - XXIV SemeAd","robots":{"index":"index","follow":"follow","max-snippet":"max-snippet:-1","max-image-preview":"max-image-preview:large","max-video-preview":"max-video-preview:-1"},"canonical":"https:\/\/semead.com.br\/24\/comunicado\/","og_locale":"pt_BR","og_type":"article","og_title":"Comunicado - XXIV SemeAd","og_description":"Nota \u00e0 Comunidade SemeAd: &nbsp;&nbsp;&nbsp;&nbsp;&nbsp;&nbsp;&nbsp;&nbsp;&nbsp;&nbsp;&nbsp;&nbsp; Incialmente agradecemos a massiva submiss\u00e3o de trabalhos realizada. Somente de artigos computamos 2.136 submiss\u00f5es, volume normal para os padr\u00f5es do SemeAd. N\u00e3o h\u00e1 necessidade de aumento de submiss\u00f5es para a plena realiza\u00e7\u00e3o do SemeAd 2021. Para total transpar\u00eancia, informamos que houve uma redu\u00e7\u00e3o de 9% em rela\u00e7\u00e3o ao ano passado,...","og_url":"https:\/\/semead.com.br\/24\/comunicado\/","og_site_name":"XXIV SemeAd","article_modified_time":"2021-08-24T23:15:28+00:00","twitter_card":"summary_large_image","twitter_misc":{"Est. tempo de leitura":"2 minutos"},"schema":{"@context":"https:\/\/schema.org","@graph":[{"@type":"WebPage","@id":"https:\/\/semead.com.br\/24\/comunicado\/","url":"https:\/\/semead.com.br\/24\/comunicado\/","name":"Comunicado - XXIV SemeAd","isPartOf":{"@id":"https:\/\/semead.com.br\/24\/?lang=es\/#website"},"datePublished":"2021-07-27T13:08:58+00:00","dateModified":"2021-08-24T23:15:28+00:00","breadcrumb":{"@id":"https:\/\/semead.com.br\/24\/comunicado\/#breadcrumb"},"inLanguage":"pt-BR","potentialAction":[{"@type":"ReadAction","target":["https:\/\/semead.com.br\/24\/comunicado\/"]}]},{"@type":"BreadcrumbList","@id":"https:\/\/semead.com.br\/24\/comunicado\/#breadcrumb","itemListElement":[{"@type":"ListItem","position":1,"name":"In\u00edcio","item":"https:\/\/semead.com.br\/24\/"},{"@type":"ListItem","position":2,"name":"Comunicado"}]},{"@type":"WebSite","@id":"https:\/\/semead.com.br\/24\/?lang=es\/#website","url":"https:\/\/semead.com.br\/24\/?lang=es\/","name":"XXIV SemeAd","description":"Semin\u00e1rios em Administra\u00e7\u00e3o","potentialAction":[{"@type":"SearchAction","target":{"@type":"EntryPoint","urlTemplate":"https:\/\/semead.com.br\/24\/?lang=es\/?s={search_term_string}"},"query-input":{"@type":"PropertyValueSpecification","valueRequired":true,"valueName":"search_term_string"}}],"inLanguage":"pt-BR"}]}},"_links":{"self":[{"href":"https:\/\/semead.com.br\/24\/wp-json\/wp\/v2\/pages\/22045","targetHints":{"allow":["GET"]}}],"collection":[{"href":"https:\/\/semead.com.br\/24\/wp-json\/wp\/v2\/pages"}],"about":[{"href":"https:\/\/semead.com.br\/24\/wp-json\/wp\/v2\/types\/page"}],"author":[{"embeddable":true,"href":"https:\/\/semead.com.br\/24\/wp-json\/wp\/v2\/users\/4"}],"replies":[{"embeddable":true,"href":"https:\/\/semead.com.br\/24\/wp-json\/wp\/v2\/comments?post=22045"}],"version-history":[{"count":0,"href":"https:\/\/semead.com.br\/24\/wp-json\/wp\/v2\/pages\/22045\/revisions"}],"wp:attachment":[{"href":"https:\/\/semead.com.br\/24\/wp-json\/wp\/v2\/media?parent=22045"}],"curies":[{"name":"wp","href":"https:\/\/api.w.org\/{rel}","templated":true}]}}