{"id":22052,"date":"2021-07-27T10:26:45","date_gmt":"2021-07-27T13:26:45","guid":{"rendered":"https:\/\/semead.com.br\/24\/?page_id=22052"},"modified":"2021-07-27T10:43:41","modified_gmt":"2021-07-27T13:43:41","slug":"semead-release","status":"publish","type":"page","link":"https:\/\/semead.com.br\/24\/semead-release\/?lang=en","title":{"rendered":"SemeAd Release"},"content":{"rendered":"\t\t<div data-elementor-type=\"wp-page\" data-elementor-id=\"22052\" class=\"elementor elementor-22052\">\n\t\t\t\t\t\t<section class=\"elementor-section elementor-top-section elementor-element elementor-element-6e76e65 elementor-section-boxed elementor-section-height-default elementor-section-height-default\" data-id=\"6e76e65\" data-element_type=\"section\" data-e-type=\"section\">\n\t\t\t\t\t\t<div class=\"elementor-container elementor-column-gap-default\">\n\t\t\t\t\t<div class=\"elementor-column elementor-col-100 elementor-top-column elementor-element elementor-element-10cb86da\" data-id=\"10cb86da\" data-element_type=\"column\" data-e-type=\"column\">\n\t\t\t<div class=\"elementor-widget-wrap elementor-element-populated\">\n\t\t\t\t\t\t<div class=\"elementor-element elementor-element-57f37f09 elementor-widget elementor-widget-text-editor\" data-id=\"57f37f09\" data-element_type=\"widget\" data-e-type=\"widget\" data-widget_type=\"text-editor.default\">\n\t\t\t\t<div class=\"elementor-widget-container\">\n\t\t\t\t\t\t\t\t\t\n<p>Note to the SemeAd community:<\/p>\n\n\n\n<p>&nbsp;&nbsp;&nbsp;&nbsp;&nbsp;&nbsp;&nbsp;&nbsp;&nbsp;&nbsp;&nbsp;&nbsp; Initially, we would like to thank you for your massive submission of papers.<\/p>\n\n\n\n<p>We achieved 2,136 submissions for papers alone, a normal volume for SemeAd standards. There is no need to increase submissions in order to a full realization of SemeAd 2021. Although, for total transparency, we inform you that there was a 9% reduction compared to submissions on last year, when 2,348 articles were received.<\/p>\n\n\n\n<p>SemeAd has always met its schedule and excels in the organization. Previously there were no cases of extension of submissions.<\/p>\n\n\n\n<p>This year, on the eve of closing the submissions, we received numerous extension requests, by email, in the support chat and on social networks. After consulting the majority of SemeAd Coordinators, the support for an extended submission period was clear.<\/p>\n\n\n\n<p>SemeAd recognizes the difficult time we are living in due to the pandemic. In our academic area, we are experiencing several extensions, such as information from Coleta Capes, extensions of funding resources, qualifications and defense deadlines for projects, among others. We understand that much of the community is exhausted and struggling to meet these multiple deadlines. In order not to be insensitive and inflexible with the current situation, we are responding to requests from the community, so that they can make improvements to the papers already submitted and complete the submissions of some more.<\/p>\n\n\n\n<p>Due to the above, the submission and the permission for updates of submitted papers is extended until 08\/01\/2021, maximum limit in order to not compromise the evaluation process. In anticipation of meeting the wishes of our community,<\/p>\n\n\n\n<p>Sincerely,<\/p>\n\n\n\n<p><em><strong>SemeAd General Coordination<\/strong><\/em><\/p>\n\t\t\t\t\t\t\t\t<\/div>\n\t\t\t\t<\/div>\n\t\t\t\t\t<\/div>\n\t\t<\/div>\n\t\t\t\t\t<\/div>\n\t\t<\/section>\n\t\t\t\t<section class=\"elementor-section elementor-top-section elementor-element elementor-element-d44dd2b elementor-section-boxed elementor-section-height-default elementor-section-height-default\" data-id=\"d44dd2b\" data-element_type=\"section\" data-e-type=\"section\">\n\t\t\t\t\t\t<div class=\"elementor-container elementor-column-gap-default\">\n\t\t\t\t\t<div class=\"elementor-column elementor-col-100 elementor-top-column elementor-element elementor-element-f7f9903\" data-id=\"f7f9903\" data-element_type=\"column\" data-e-type=\"column\">\n\t\t\t<div class=\"elementor-widget-wrap elementor-element-populated\">\n\t\t\t\t\t\t<div class=\"elementor-element elementor-element-6ac5630 elementor-widget elementor-widget-rt-cta\" data-id=\"6ac5630\" data-element_type=\"widget\" data-e-type=\"widget\" data-widget_type=\"rt-cta.default\">\n\t\t\t\t<div class=\"elementor-widget-container\">\n\t\t\t\t\t\n<div class=\"rt-el-cta-1\">\n\t<div class=\"container\">\n\t\t<div class=\"row\">\n\t\t\t<div class=\"col-md-8 col-sm-12 col-xs-12\">\n\t\t\t\t<h3 class=\"rtin-title\">Open for Submissions. <\/h3>\n\t\t\t<\/div>\n\t\t\t<div class=\"col-md-4 col-sm-12 col-xs-12\">\n\t\t\t\t\t\t\t\t\t<div class=\"rtin-button\"><a class=\"btn-fill color-yellow border-radius-5 size-lg gust\" href=\"https:\/\/login.semead.com.br\/24semead\/\" target=\"_blank\">CLICK HERE<\/a><\/div>\t\t\n\t\t\t\t\t\t\t<\/div>\n\t\t<\/div>\t\t\n\t<\/div>\n<\/div>\t\t\t\t<\/div>\n\t\t\t\t<\/div>\n\t\t\t\t\t<\/div>\n\t\t<\/div>\n\t\t\t\t\t<\/div>\n\t\t<\/section>\n\t\t\t\t<\/div>\n\t\t","protected":false},"excerpt":{"rendered":"<p>Note to the SemeAd community: &nbsp;&nbsp;&nbsp;&nbsp;&nbsp;&nbsp;&nbsp;&nbsp;&nbsp;&nbsp;&nbsp;&nbsp; Initially, we would like to thank you for your massive submission of papers. We achieved 2,136 submissions for papers alone, a normal volume for SemeAd standards. There is no need to increase submissions in order to a full realization of SemeAd 2021. Although, for total transparency, we inform you&#8230;<\/p>\n","protected":false},"author":4,"featured_media":0,"parent":0,"menu_order":0,"comment_status":"closed","ping_status":"open","template":"","meta":{"_acf_changed":false,"_monsterinsights_skip_tracking":false,"_monsterinsights_sitenote_active":false,"_monsterinsights_sitenote_note":"","_monsterinsights_sitenote_category":0,"footnotes":""},"class_list":["post-22052","page","type-page","status-publish","hentry"],"acf":[],"yoast_head":"<!-- This site is optimized with the Yoast SEO plugin v27.1.1 - https:\/\/yoast.com\/product\/yoast-seo-wordpress\/ -->\n<title>SemeAd Release - XXIV SemeAd<\/title>\n<meta name=\"robots\" content=\"index, follow, max-snippet:-1, max-image-preview:large, max-video-preview:-1\" \/>\n<link rel=\"canonical\" href=\"https:\/\/semead.com.br\/24\/semead-release\/\" \/>\n<meta property=\"og:locale\" content=\"pt_BR\" \/>\n<meta property=\"og:type\" content=\"article\" \/>\n<meta property=\"og:title\" content=\"SemeAd Release - XXIV SemeAd\" \/>\n<meta property=\"og:description\" content=\"Note to the SemeAd community: &nbsp;&nbsp;&nbsp;&nbsp;&nbsp;&nbsp;&nbsp;&nbsp;&nbsp;&nbsp;&nbsp;&nbsp; Initially, we would like to thank you for your massive submission of papers. We achieved 2,136 submissions for papers alone, a normal volume for SemeAd standards. There is no need to increase submissions in order to a full realization of SemeAd 2021. Although, for total transparency, we inform you...\" \/>\n<meta property=\"og:url\" content=\"https:\/\/semead.com.br\/24\/semead-release\/?lang=en\" \/>\n<meta property=\"og:site_name\" content=\"XXIV SemeAd\" \/>\n<meta property=\"article:modified_time\" content=\"2021-07-27T13:43:41+00:00\" \/>\n<meta name=\"twitter:card\" content=\"summary_large_image\" \/>\n<meta name=\"twitter:label1\" content=\"Est. tempo de leitura\" \/>\n\t<meta name=\"twitter:data1\" content=\"2 minutos\" \/>\n<script type=\"application\/ld+json\" class=\"yoast-schema-graph\">{\"@context\":\"https:\/\/schema.org\",\"@graph\":[{\"@type\":\"WebPage\",\"@id\":\"https:\/\/semead.com.br\/24\/semead-release\/?lang=en\",\"url\":\"https:\/\/semead.com.br\/24\/semead-release\/?lang=en\",\"name\":\"SemeAd Release - XXIV SemeAd\",\"isPartOf\":{\"@id\":\"https:\/\/semead.com.br\/24\/?lang=es\/#website\"},\"datePublished\":\"2021-07-27T13:26:45+00:00\",\"dateModified\":\"2021-07-27T13:43:41+00:00\",\"breadcrumb\":{\"@id\":\"https:\/\/semead.com.br\/24\/semead-release\/?lang=en#breadcrumb\"},\"inLanguage\":\"pt-BR\",\"potentialAction\":[{\"@type\":\"ReadAction\",\"target\":[\"https:\/\/semead.com.br\/24\/semead-release\/?lang=en\"]}]},{\"@type\":\"BreadcrumbList\",\"@id\":\"https:\/\/semead.com.br\/24\/semead-release\/?lang=en#breadcrumb\",\"itemListElement\":[{\"@type\":\"ListItem\",\"position\":1,\"name\":\"In\u00edcio\",\"item\":\"https:\/\/semead.com.br\/24\/\"},{\"@type\":\"ListItem\",\"position\":2,\"name\":\"SemeAd Release\"}]},{\"@type\":\"WebSite\",\"@id\":\"https:\/\/semead.com.br\/24\/?lang=es\/#website\",\"url\":\"https:\/\/semead.com.br\/24\/?lang=es\/\",\"name\":\"XXIV SemeAd\",\"description\":\"Semin\u00e1rios em Administra\u00e7\u00e3o\",\"potentialAction\":[{\"@type\":\"SearchAction\",\"target\":{\"@type\":\"EntryPoint\",\"urlTemplate\":\"https:\/\/semead.com.br\/24\/?lang=es\/?s={search_term_string}\"},\"query-input\":{\"@type\":\"PropertyValueSpecification\",\"valueRequired\":true,\"valueName\":\"search_term_string\"}}],\"inLanguage\":\"pt-BR\"}]}<\/script>\n<!-- \/ Yoast SEO plugin. -->","yoast_head_json":{"title":"SemeAd Release - XXIV SemeAd","robots":{"index":"index","follow":"follow","max-snippet":"max-snippet:-1","max-image-preview":"max-image-preview:large","max-video-preview":"max-video-preview:-1"},"canonical":"https:\/\/semead.com.br\/24\/semead-release\/","og_locale":"pt_BR","og_type":"article","og_title":"SemeAd Release - XXIV SemeAd","og_description":"Note to the SemeAd community: &nbsp;&nbsp;&nbsp;&nbsp;&nbsp;&nbsp;&nbsp;&nbsp;&nbsp;&nbsp;&nbsp;&nbsp; Initially, we would like to thank you for your massive submission of papers. We achieved 2,136 submissions for papers alone, a normal volume for SemeAd standards. There is no need to increase submissions in order to a full realization of SemeAd 2021. Although, for total transparency, we inform you...","og_url":"https:\/\/semead.com.br\/24\/semead-release\/?lang=en","og_site_name":"XXIV SemeAd","article_modified_time":"2021-07-27T13:43:41+00:00","twitter_card":"summary_large_image","twitter_misc":{"Est. tempo de leitura":"2 minutos"},"schema":{"@context":"https:\/\/schema.org","@graph":[{"@type":"WebPage","@id":"https:\/\/semead.com.br\/24\/semead-release\/?lang=en","url":"https:\/\/semead.com.br\/24\/semead-release\/?lang=en","name":"SemeAd Release - XXIV SemeAd","isPartOf":{"@id":"https:\/\/semead.com.br\/24\/?lang=es\/#website"},"datePublished":"2021-07-27T13:26:45+00:00","dateModified":"2021-07-27T13:43:41+00:00","breadcrumb":{"@id":"https:\/\/semead.com.br\/24\/semead-release\/?lang=en#breadcrumb"},"inLanguage":"pt-BR","potentialAction":[{"@type":"ReadAction","target":["https:\/\/semead.com.br\/24\/semead-release\/?lang=en"]}]},{"@type":"BreadcrumbList","@id":"https:\/\/semead.com.br\/24\/semead-release\/?lang=en#breadcrumb","itemListElement":[{"@type":"ListItem","position":1,"name":"In\u00edcio","item":"https:\/\/semead.com.br\/24\/"},{"@type":"ListItem","position":2,"name":"SemeAd Release"}]},{"@type":"WebSite","@id":"https:\/\/semead.com.br\/24\/?lang=es\/#website","url":"https:\/\/semead.com.br\/24\/?lang=es\/","name":"XXIV SemeAd","description":"Semin\u00e1rios em Administra\u00e7\u00e3o","potentialAction":[{"@type":"SearchAction","target":{"@type":"EntryPoint","urlTemplate":"https:\/\/semead.com.br\/24\/?lang=es\/?s={search_term_string}"},"query-input":{"@type":"PropertyValueSpecification","valueRequired":true,"valueName":"search_term_string"}}],"inLanguage":"pt-BR"}]}},"_links":{"self":[{"href":"https:\/\/semead.com.br\/24\/wp-json\/wp\/v2\/pages\/22052","targetHints":{"allow":["GET"]}}],"collection":[{"href":"https:\/\/semead.com.br\/24\/wp-json\/wp\/v2\/pages"}],"about":[{"href":"https:\/\/semead.com.br\/24\/wp-json\/wp\/v2\/types\/page"}],"author":[{"embeddable":true,"href":"https:\/\/semead.com.br\/24\/wp-json\/wp\/v2\/users\/4"}],"replies":[{"embeddable":true,"href":"https:\/\/semead.com.br\/24\/wp-json\/wp\/v2\/comments?post=22052"}],"version-history":[{"count":0,"href":"https:\/\/semead.com.br\/24\/wp-json\/wp\/v2\/pages\/22052\/revisions"}],"wp:attachment":[{"href":"https:\/\/semead.com.br\/24\/wp-json\/wp\/v2\/media?parent=22052"}],"curies":[{"name":"wp","href":"https:\/\/api.w.org\/{rel}","templated":true}]}}