{"id":22057,"date":"2021-07-27T10:37:42","date_gmt":"2021-07-27T13:37:42","guid":{"rendered":"https:\/\/semead.com.br\/24\/?page_id=22057"},"modified":"2021-07-27T10:44:37","modified_gmt":"2021-07-27T13:44:37","slug":"informativo","status":"publish","type":"page","link":"https:\/\/semead.com.br\/24\/informativo\/?lang=es","title":{"rendered":"Informativo"},"content":{"rendered":"\t\t<div data-elementor-type=\"wp-page\" data-elementor-id=\"22057\" class=\"elementor elementor-22057\">\n\t\t\t\t\t\t<section class=\"elementor-section elementor-top-section elementor-element elementor-element-78005b61 elementor-section-boxed elementor-section-height-default elementor-section-height-default\" data-id=\"78005b61\" data-element_type=\"section\" data-e-type=\"section\">\n\t\t\t\t\t\t<div class=\"elementor-container elementor-column-gap-default\">\n\t\t\t\t\t<div class=\"elementor-column elementor-col-100 elementor-top-column elementor-element elementor-element-19550570\" data-id=\"19550570\" data-element_type=\"column\" data-e-type=\"column\">\n\t\t\t<div class=\"elementor-widget-wrap elementor-element-populated\">\n\t\t\t\t\t\t<div class=\"elementor-element elementor-element-452cbd6d elementor-widget elementor-widget-text-editor\" data-id=\"452cbd6d\" data-element_type=\"widget\" data-e-type=\"widget\" data-widget_type=\"text-editor.default\">\n\t\t\t\t<div class=\"elementor-widget-container\">\n\t\t\t\t\t\t\t\t\t\n<p>Nota para la comunidad SemeAd:<\/p>\n\n\n\n<p>\u00a0\u00a0\u00a0\u00a0\u00a0\u00a0\u00a0\u00a0\u00a0\u00a0\u00a0\u00a0 Inicialmente queremos agradecerles lo masivo env\u00edo de trabajos.<\/p>\n\n\n\n<p>Recibimos 2136 env\u00edos solo para art\u00edculos, un volumen normal para los est\u00e1ndares de SemeAd. No es necesario aumentar los env\u00edos para la plena realizaci\u00f3n de SemeAd 2021. Todav\u00eda, para una transparencia total, les informamos que hubo una reducci\u00f3n del 9% en comparaci\u00f3n con el a\u00f1o pasado, cuando se recibieron 2348 art\u00edculos.<\/p>\n\n\n\n<p>SemeAd siempre ha cumplido con su cronograma y sobresale en su organizaci\u00f3n. Anteriormente no hubo casos de pr\u00f3rroga de env\u00edos.<\/p>\n\n\n\n<p>Este a\u00f1o, en v\u00edsperas del cierre de env\u00edos, recibimos numerosas solicitudes de extensi\u00f3n, por correo electr\u00f3nico, en el chat de soporte y en las redes sociales. Despu\u00e9s de consultar a la mayor\u00eda de los Coordinadores de SemeAd, el apoyo a una decisi\u00f3n de extensi\u00f3n fue claro.<\/p>\n\n\n\n<p>SemeAd reconoce el dif\u00edcil momento que estamos viviendo debido a la pandemia. En nuestra \u00e1rea acad\u00e9mica, estamos experimentando varias ampliaciones de prazos, como en informaci\u00f3n de Coleta Capes, pr\u00f3rrogas de convocatorias de subvenciones, plazos de calificaci\u00f3n y defensa de proyectos, entre otros. Entendemos que gran parte de la comunidad est\u00e1 agotada y luchando por cumplir con estas m\u00faltiples fechas l\u00edmite. Para no ser insensibles e inflexibles ante la situaci\u00f3n actual, estamos respondiendo a las solicitudes de la comunidad para que puedan realizar mejoras en los trabajos presentados y completar el env\u00edo de algunos m\u00e1s.<\/p>\n\n\n\n<p>Por lo anterior, se prorroga el env\u00edo y la actualizaci\u00f3n de los trabajos enviados hasta el 01\/08\/2021, l\u00edmite m\u00e1ximo para no comprometer el processo de evaluaci\u00f3n. Anticip\u00e1ndose a satisfacer los deseos de la comunidad,<\/p>\n\n\n\n<p>Atenciosamente,<\/p>\n\n\n\n<p><em><strong>Coordinaci\u00f3n Geral de SemeAd<\/strong><\/em><\/p>\n\t\t\t\t\t\t\t\t<\/div>\n\t\t\t\t<\/div>\n\t\t\t\t\t<\/div>\n\t\t<\/div>\n\t\t\t\t\t<\/div>\n\t\t<\/section>\n\t\t\t\t<section class=\"elementor-section elementor-top-section elementor-element elementor-element-06c10fa elementor-section-boxed elementor-section-height-default elementor-section-height-default\" data-id=\"06c10fa\" data-element_type=\"section\" data-e-type=\"section\">\n\t\t\t\t\t\t<div class=\"elementor-container elementor-column-gap-default\">\n\t\t\t\t\t<div class=\"elementor-column elementor-col-100 elementor-top-column elementor-element elementor-element-963429d\" data-id=\"963429d\" data-element_type=\"column\" data-e-type=\"column\">\n\t\t\t<div class=\"elementor-widget-wrap elementor-element-populated\">\n\t\t\t\t\t\t<div class=\"elementor-element elementor-element-85ac9f0 elementor-widget elementor-widget-rt-cta\" data-id=\"85ac9f0\" data-element_type=\"widget\" data-e-type=\"widget\" data-widget_type=\"rt-cta.default\">\n\t\t\t\t<div class=\"elementor-widget-container\">\n\t\t\t\t\t\n<div class=\"rt-el-cta-1\">\n\t<div class=\"container\">\n\t\t<div class=\"row\">\n\t\t\t<div class=\"col-md-8 col-sm-12 col-xs-12\">\n\t\t\t\t<h3 class=\"rtin-title\">Inscripciones abiertas<\/h3>\n\t\t\t<\/div>\n\t\t\t<div class=\"col-md-4 col-sm-12 col-xs-12\">\n\t\t\t\t\t\t\t\t\t<div class=\"rtin-button\"><a class=\"btn-fill color-yellow border-radius-5 size-lg gust\" href=\"https:\/\/login.semead.com.br\/24semead\/\" target=\"_blank\">HAGA CLIC AQU\u00cd <\/a><\/div>\t\t\n\t\t\t\t\t\t\t<\/div>\n\t\t<\/div>\t\t\n\t<\/div>\n<\/div>\t\t\t\t<\/div>\n\t\t\t\t<\/div>\n\t\t\t\t\t<\/div>\n\t\t<\/div>\n\t\t\t\t\t<\/div>\n\t\t<\/section>\n\t\t\t\t<\/div>\n\t\t","protected":false},"excerpt":{"rendered":"<p>Nota para la comunidad SemeAd: \u00a0\u00a0\u00a0\u00a0\u00a0\u00a0\u00a0\u00a0\u00a0\u00a0\u00a0\u00a0 Inicialmente queremos agradecerles lo masivo env\u00edo de trabajos. Recibimos 2136 env\u00edos solo para art\u00edculos, un volumen normal para los est\u00e1ndares de SemeAd. No es necesario aumentar los env\u00edos para la plena realizaci\u00f3n de SemeAd 2021. Todav\u00eda, para una transparencia total, les informamos que hubo una reducci\u00f3n del 9% en&#8230;<\/p>\n","protected":false},"author":4,"featured_media":0,"parent":0,"menu_order":0,"comment_status":"closed","ping_status":"open","template":"","meta":{"_acf_changed":false,"_monsterinsights_skip_tracking":false,"_monsterinsights_sitenote_active":false,"_monsterinsights_sitenote_note":"","_monsterinsights_sitenote_category":0,"footnotes":""},"class_list":["post-22057","page","type-page","status-publish","hentry"],"acf":[],"yoast_head":"<!-- This site is optimized with the Yoast SEO plugin v27.1.1 - https:\/\/yoast.com\/product\/yoast-seo-wordpress\/ -->\n<title>Informativo - XXIV SemeAd<\/title>\n<meta name=\"robots\" content=\"index, follow, max-snippet:-1, max-image-preview:large, max-video-preview:-1\" \/>\n<link rel=\"canonical\" href=\"https:\/\/semead.com.br\/24\/informativo\/\" \/>\n<meta property=\"og:locale\" content=\"pt_BR\" \/>\n<meta property=\"og:type\" content=\"article\" \/>\n<meta property=\"og:title\" content=\"Informativo - XXIV SemeAd\" \/>\n<meta property=\"og:description\" content=\"Nota para la comunidad SemeAd: \u00a0\u00a0\u00a0\u00a0\u00a0\u00a0\u00a0\u00a0\u00a0\u00a0\u00a0\u00a0 Inicialmente queremos agradecerles lo masivo env\u00edo de trabajos. Recibimos 2136 env\u00edos solo para art\u00edculos, un volumen normal para los est\u00e1ndares de SemeAd. No es necesario aumentar los env\u00edos para la plena realizaci\u00f3n de SemeAd 2021. Todav\u00eda, para una transparencia total, les informamos que hubo una reducci\u00f3n del 9% en...\" \/>\n<meta property=\"og:url\" content=\"https:\/\/semead.com.br\/24\/informativo\/?lang=es\" \/>\n<meta property=\"og:site_name\" content=\"XXIV SemeAd\" \/>\n<meta property=\"article:modified_time\" content=\"2021-07-27T13:44:37+00:00\" \/>\n<meta name=\"twitter:card\" content=\"summary_large_image\" \/>\n<meta name=\"twitter:label1\" content=\"Est. tempo de leitura\" \/>\n\t<meta name=\"twitter:data1\" content=\"2 minutos\" \/>\n<script type=\"application\/ld+json\" class=\"yoast-schema-graph\">{\"@context\":\"https:\/\/schema.org\",\"@graph\":[{\"@type\":\"WebPage\",\"@id\":\"https:\/\/semead.com.br\/24\/informativo\/?lang=es\",\"url\":\"https:\/\/semead.com.br\/24\/informativo\/?lang=es\",\"name\":\"Informativo - XXIV SemeAd\",\"isPartOf\":{\"@id\":\"https:\/\/semead.com.br\/24\/?lang=es\/#website\"},\"datePublished\":\"2021-07-27T13:37:42+00:00\",\"dateModified\":\"2021-07-27T13:44:37+00:00\",\"breadcrumb\":{\"@id\":\"https:\/\/semead.com.br\/24\/informativo\/?lang=es#breadcrumb\"},\"inLanguage\":\"pt-BR\",\"potentialAction\":[{\"@type\":\"ReadAction\",\"target\":[\"https:\/\/semead.com.br\/24\/informativo\/?lang=es\"]}]},{\"@type\":\"BreadcrumbList\",\"@id\":\"https:\/\/semead.com.br\/24\/informativo\/?lang=es#breadcrumb\",\"itemListElement\":[{\"@type\":\"ListItem\",\"position\":1,\"name\":\"In\u00edcio\",\"item\":\"https:\/\/semead.com.br\/24\/\"},{\"@type\":\"ListItem\",\"position\":2,\"name\":\"Informativo\"}]},{\"@type\":\"WebSite\",\"@id\":\"https:\/\/semead.com.br\/24\/?lang=es\/#website\",\"url\":\"https:\/\/semead.com.br\/24\/?lang=es\/\",\"name\":\"XXIV SemeAd\",\"description\":\"Semin\u00e1rios em Administra\u00e7\u00e3o\",\"potentialAction\":[{\"@type\":\"SearchAction\",\"target\":{\"@type\":\"EntryPoint\",\"urlTemplate\":\"https:\/\/semead.com.br\/24\/?lang=es\/?s={search_term_string}\"},\"query-input\":{\"@type\":\"PropertyValueSpecification\",\"valueRequired\":true,\"valueName\":\"search_term_string\"}}],\"inLanguage\":\"pt-BR\"}]}<\/script>\n<!-- \/ Yoast SEO plugin. -->","yoast_head_json":{"title":"Informativo - XXIV SemeAd","robots":{"index":"index","follow":"follow","max-snippet":"max-snippet:-1","max-image-preview":"max-image-preview:large","max-video-preview":"max-video-preview:-1"},"canonical":"https:\/\/semead.com.br\/24\/informativo\/","og_locale":"pt_BR","og_type":"article","og_title":"Informativo - XXIV SemeAd","og_description":"Nota para la comunidad SemeAd: \u00a0\u00a0\u00a0\u00a0\u00a0\u00a0\u00a0\u00a0\u00a0\u00a0\u00a0\u00a0 Inicialmente queremos agradecerles lo masivo env\u00edo de trabajos. Recibimos 2136 env\u00edos solo para art\u00edculos, un volumen normal para los est\u00e1ndares de SemeAd. No es necesario aumentar los env\u00edos para la plena realizaci\u00f3n de SemeAd 2021. Todav\u00eda, para una transparencia total, les informamos que hubo una reducci\u00f3n del 9% en...","og_url":"https:\/\/semead.com.br\/24\/informativo\/?lang=es","og_site_name":"XXIV SemeAd","article_modified_time":"2021-07-27T13:44:37+00:00","twitter_card":"summary_large_image","twitter_misc":{"Est. tempo de leitura":"2 minutos"},"schema":{"@context":"https:\/\/schema.org","@graph":[{"@type":"WebPage","@id":"https:\/\/semead.com.br\/24\/informativo\/?lang=es","url":"https:\/\/semead.com.br\/24\/informativo\/?lang=es","name":"Informativo - XXIV SemeAd","isPartOf":{"@id":"https:\/\/semead.com.br\/24\/?lang=es\/#website"},"datePublished":"2021-07-27T13:37:42+00:00","dateModified":"2021-07-27T13:44:37+00:00","breadcrumb":{"@id":"https:\/\/semead.com.br\/24\/informativo\/?lang=es#breadcrumb"},"inLanguage":"pt-BR","potentialAction":[{"@type":"ReadAction","target":["https:\/\/semead.com.br\/24\/informativo\/?lang=es"]}]},{"@type":"BreadcrumbList","@id":"https:\/\/semead.com.br\/24\/informativo\/?lang=es#breadcrumb","itemListElement":[{"@type":"ListItem","position":1,"name":"In\u00edcio","item":"https:\/\/semead.com.br\/24\/"},{"@type":"ListItem","position":2,"name":"Informativo"}]},{"@type":"WebSite","@id":"https:\/\/semead.com.br\/24\/?lang=es\/#website","url":"https:\/\/semead.com.br\/24\/?lang=es\/","name":"XXIV SemeAd","description":"Semin\u00e1rios em Administra\u00e7\u00e3o","potentialAction":[{"@type":"SearchAction","target":{"@type":"EntryPoint","urlTemplate":"https:\/\/semead.com.br\/24\/?lang=es\/?s={search_term_string}"},"query-input":{"@type":"PropertyValueSpecification","valueRequired":true,"valueName":"search_term_string"}}],"inLanguage":"pt-BR"}]}},"_links":{"self":[{"href":"https:\/\/semead.com.br\/24\/wp-json\/wp\/v2\/pages\/22057","targetHints":{"allow":["GET"]}}],"collection":[{"href":"https:\/\/semead.com.br\/24\/wp-json\/wp\/v2\/pages"}],"about":[{"href":"https:\/\/semead.com.br\/24\/wp-json\/wp\/v2\/types\/page"}],"author":[{"embeddable":true,"href":"https:\/\/semead.com.br\/24\/wp-json\/wp\/v2\/users\/4"}],"replies":[{"embeddable":true,"href":"https:\/\/semead.com.br\/24\/wp-json\/wp\/v2\/comments?post=22057"}],"version-history":[{"count":0,"href":"https:\/\/semead.com.br\/24\/wp-json\/wp\/v2\/pages\/22057\/revisions"}],"wp:attachment":[{"href":"https:\/\/semead.com.br\/24\/wp-json\/wp\/v2\/media?parent=22057"}],"curies":[{"name":"wp","href":"https:\/\/api.w.org\/{rel}","templated":true}]}}