{"id":22444,"date":"2021-08-23T10:08:38","date_gmt":"2021-08-23T13:08:38","guid":{"rendered":"https:\/\/semead.com.br\/24\/?page_id=22444"},"modified":"2021-08-31T23:28:28","modified_gmt":"2021-09-01T02:28:28","slug":"bolsa-semead-pq-jr","status":"publish","type":"page","link":"https:\/\/semead.com.br\/24\/bolsa-semead-pq-jr\/","title":{"rendered":"Lan\u00e7amento: Bolsa SemeAd PQ Jr."},"content":{"rendered":"\t\t<div data-elementor-type=\"wp-page\" data-elementor-id=\"22444\" class=\"elementor elementor-22444\">\n\t\t\t\t\t\t<section class=\"elementor-section elementor-top-section elementor-element elementor-element-46866846 elementor-section-boxed elementor-section-height-default elementor-section-height-default\" data-id=\"46866846\" data-element_type=\"section\" data-e-type=\"section\">\n\t\t\t\t\t\t<div class=\"elementor-container elementor-column-gap-default\">\n\t\t\t\t\t<div class=\"elementor-column elementor-col-100 elementor-top-column elementor-element elementor-element-4cd05764\" data-id=\"4cd05764\" data-element_type=\"column\" data-e-type=\"column\">\n\t\t\t<div class=\"elementor-widget-wrap elementor-element-populated\">\n\t\t\t\t\t\t<div class=\"elementor-element elementor-element-351442c8 elementor-widget elementor-widget-text-editor\" data-id=\"351442c8\" data-element_type=\"widget\" data-e-type=\"widget\" data-widget_type=\"text-editor.default\">\n\t\t\t\t<div class=\"elementor-widget-container\">\n\t\t\t\t\t\t\t\t\t<p>Comunidade SemeAd,<\/p><p>Temos uma novidade pra voc\u00ea, baseada em um dos nossos pilares, o da <strong>inova\u00e7\u00e3o<\/strong>.<\/p><p>Veja a grava\u00e7\u00e3o da nossa live que aconteceu no dia 31\/08\/2021. Nela apresentamos alguns detalhes do quem vem por a\u00ed, com o apoio da nossa parceira: a Cactvs!<\/p><p>Logo em seguida do v\u00eddeo, voc\u00ea encontra um bot\u00e3o de acesso \u00e0 p\u00e1gina onde est\u00e1 dispon\u00edvel o Edital da I Bolsa SemeAd PQ Jr.<\/p><p>Atenciosamente,<\/p><p><em><strong>Coordena\u00e7\u00e3o Geral do SemeAd<\/strong><\/em><\/p>\t\t\t\t\t\t\t\t<\/div>\n\t\t\t\t<\/div>\n\t\t\t\t\t<\/div>\n\t\t<\/div>\n\t\t\t\t\t<\/div>\n\t\t<\/section>\n\t\t\t\t<section class=\"elementor-section elementor-top-section elementor-element elementor-element-e8f846a elementor-section-boxed elementor-section-height-default elementor-section-height-default\" data-id=\"e8f846a\" data-element_type=\"section\" data-e-type=\"section\">\n\t\t\t\t\t\t<div class=\"elementor-container elementor-column-gap-default\">\n\t\t\t\t\t<div class=\"elementor-column elementor-col-100 elementor-top-column elementor-element elementor-element-4189dd4\" data-id=\"4189dd4\" data-element_type=\"column\" data-e-type=\"column\">\n\t\t\t<div class=\"elementor-widget-wrap elementor-element-populated\">\n\t\t\t\t\t\t<div class=\"elementor-element elementor-element-6638d79 elementor-widget elementor-widget-video\" data-id=\"6638d79\" data-element_type=\"widget\" data-e-type=\"widget\" data-settings=\"{&quot;youtube_url&quot;:&quot;https:\\\/\\\/youtu.be\\\/0IGbIStDMhM&quot;,&quot;video_type&quot;:&quot;youtube&quot;,&quot;controls&quot;:&quot;yes&quot;}\" data-widget_type=\"video.default\">\n\t\t\t\t<div class=\"elementor-widget-container\">\n\t\t\t\t\t\t\t<div class=\"elementor-wrapper elementor-open-inline\">\n\t\t\t<div class=\"elementor-video\"><\/div>\t\t<\/div>\n\t\t\t\t\t\t<\/div>\n\t\t\t\t<\/div>\n\t\t\t\t\t<\/div>\n\t\t<\/div>\n\t\t\t\t\t<\/div>\n\t\t<\/section>\n\t\t\t\t<section class=\"elementor-section elementor-top-section elementor-element elementor-element-7b17d48 elementor-section-boxed elementor-section-height-default elementor-section-height-default\" data-id=\"7b17d48\" data-element_type=\"section\" data-e-type=\"section\">\n\t\t\t\t\t\t<div class=\"elementor-container elementor-column-gap-default\">\n\t\t\t\t\t<div class=\"elementor-column elementor-col-100 elementor-top-column elementor-element elementor-element-22168f5\" data-id=\"22168f5\" data-element_type=\"column\" data-e-type=\"column\">\n\t\t\t<div class=\"elementor-widget-wrap elementor-element-populated\">\n\t\t\t\t\t\t<div class=\"elementor-element elementor-element-bf323fa elementor-widget elementor-widget-rt-cta\" data-id=\"bf323fa\" data-element_type=\"widget\" data-e-type=\"widget\" data-widget_type=\"rt-cta.default\">\n\t\t\t\t<div class=\"elementor-widget-container\">\n\t\t\t\t\t\n<div class=\"rt-el-cta-1\">\n\t<div class=\"container\">\n\t\t<div class=\"row\">\n\t\t\t<div class=\"col-md-8 col-sm-12 col-xs-12\">\n\t\t\t\t<h3 class=\"rtin-title\">Edital I Bolsa SemeAd PQ Jr.<\/h3>\n\t\t\t<\/div>\n\t\t\t<div class=\"col-md-4 col-sm-12 col-xs-12\">\n\t\t\t\t\t\t\t\t\t<div class=\"rtin-button\"><a class=\"btn-fill color-yellow border-radius-5 size-lg gust\" href=\"https:\/\/semead.com.br\/24\/edital-bolsa-semead-pq-jr\/\" target=\"_blank\">Mais Informa\u00e7\u00f5es<\/a><\/div>\t\t\n\t\t\t\t\t\t\t<\/div>\n\t\t<\/div>\t\t\n\t<\/div>\n<\/div>\t\t\t\t<\/div>\n\t\t\t\t<\/div>\n\t\t\t\t\t<\/div>\n\t\t<\/div>\n\t\t\t\t\t<\/div>\n\t\t<\/section>\n\t\t\t\t<\/div>\n\t\t","protected":false},"excerpt":{"rendered":"<p>Comunidade SemeAd, Temos uma novidade pra voc\u00ea, baseada em um dos nossos pilares, o da inova\u00e7\u00e3o. Veja a grava\u00e7\u00e3o da nossa live que aconteceu no dia 31\/08\/2021. Nela apresentamos alguns detalhes do quem vem por a\u00ed, com o apoio da nossa parceira: a Cactvs! Logo em seguida do v\u00eddeo, voc\u00ea encontra um bot\u00e3o de acesso&#8230;<\/p>\n","protected":false},"author":4,"featured_media":0,"parent":0,"menu_order":0,"comment_status":"closed","ping_status":"closed","template":"","meta":{"_acf_changed":false,"_monsterinsights_skip_tracking":false,"_monsterinsights_sitenote_active":false,"_monsterinsights_sitenote_note":"","_monsterinsights_sitenote_category":0,"footnotes":""},"class_list":["post-22444","page","type-page","status-publish","hentry"],"acf":[],"yoast_head":"<!-- This site is optimized with the Yoast SEO plugin v27.1.1 - https:\/\/yoast.com\/product\/yoast-seo-wordpress\/ -->\n<title>Lan\u00e7amento: Bolsa SemeAd PQ Jr. - XXIV SemeAd<\/title>\n<meta name=\"robots\" content=\"index, follow, max-snippet:-1, max-image-preview:large, max-video-preview:-1\" \/>\n<link rel=\"canonical\" href=\"https:\/\/semead.com.br\/24\/bolsa-semead-pq-jr\/\" \/>\n<meta property=\"og:locale\" content=\"pt_BR\" \/>\n<meta property=\"og:type\" content=\"article\" \/>\n<meta property=\"og:title\" content=\"Lan\u00e7amento: Bolsa SemeAd PQ Jr. - XXIV SemeAd\" \/>\n<meta property=\"og:description\" content=\"Comunidade SemeAd, Temos uma novidade pra voc\u00ea, baseada em um dos nossos pilares, o da inova\u00e7\u00e3o. Veja a grava\u00e7\u00e3o da nossa live que aconteceu no dia 31\/08\/2021. Nela apresentamos alguns detalhes do quem vem por a\u00ed, com o apoio da nossa parceira: a Cactvs! Logo em seguida do v\u00eddeo, voc\u00ea encontra um bot\u00e3o de acesso...\" \/>\n<meta property=\"og:url\" content=\"https:\/\/semead.com.br\/24\/bolsa-semead-pq-jr\/\" \/>\n<meta property=\"og:site_name\" content=\"XXIV SemeAd\" \/>\n<meta property=\"article:modified_time\" content=\"2021-09-01T02:28:28+00:00\" \/>\n<meta name=\"twitter:card\" content=\"summary_large_image\" \/>\n<meta name=\"twitter:label1\" content=\"Est. tempo de leitura\" \/>\n\t<meta name=\"twitter:data1\" content=\"1 minuto\" \/>\n<script type=\"application\/ld+json\" class=\"yoast-schema-graph\">{\"@context\":\"https:\/\/schema.org\",\"@graph\":[{\"@type\":\"WebPage\",\"@id\":\"https:\/\/semead.com.br\/24\/bolsa-semead-pq-jr\/\",\"url\":\"https:\/\/semead.com.br\/24\/bolsa-semead-pq-jr\/\",\"name\":\"Lan\u00e7amento: Bolsa SemeAd PQ Jr. - XXIV SemeAd\",\"isPartOf\":{\"@id\":\"https:\/\/semead.com.br\/24\/?lang=es\/#website\"},\"datePublished\":\"2021-08-23T13:08:38+00:00\",\"dateModified\":\"2021-09-01T02:28:28+00:00\",\"breadcrumb\":{\"@id\":\"https:\/\/semead.com.br\/24\/bolsa-semead-pq-jr\/#breadcrumb\"},\"inLanguage\":\"pt-BR\",\"potentialAction\":[{\"@type\":\"ReadAction\",\"target\":[\"https:\/\/semead.com.br\/24\/bolsa-semead-pq-jr\/\"]}]},{\"@type\":\"BreadcrumbList\",\"@id\":\"https:\/\/semead.com.br\/24\/bolsa-semead-pq-jr\/#breadcrumb\",\"itemListElement\":[{\"@type\":\"ListItem\",\"position\":1,\"name\":\"In\u00edcio\",\"item\":\"https:\/\/semead.com.br\/24\/\"},{\"@type\":\"ListItem\",\"position\":2,\"name\":\"Lan\u00e7amento: Bolsa SemeAd PQ Jr.\"}]},{\"@type\":\"WebSite\",\"@id\":\"https:\/\/semead.com.br\/24\/?lang=es\/#website\",\"url\":\"https:\/\/semead.com.br\/24\/?lang=es\/\",\"name\":\"XXIV SemeAd\",\"description\":\"Semin\u00e1rios em Administra\u00e7\u00e3o\",\"potentialAction\":[{\"@type\":\"SearchAction\",\"target\":{\"@type\":\"EntryPoint\",\"urlTemplate\":\"https:\/\/semead.com.br\/24\/?lang=es\/?s={search_term_string}\"},\"query-input\":{\"@type\":\"PropertyValueSpecification\",\"valueRequired\":true,\"valueName\":\"search_term_string\"}}],\"inLanguage\":\"pt-BR\"}]}<\/script>\n<!-- \/ Yoast SEO plugin. -->","yoast_head_json":{"title":"Lan\u00e7amento: Bolsa SemeAd PQ Jr. - XXIV SemeAd","robots":{"index":"index","follow":"follow","max-snippet":"max-snippet:-1","max-image-preview":"max-image-preview:large","max-video-preview":"max-video-preview:-1"},"canonical":"https:\/\/semead.com.br\/24\/bolsa-semead-pq-jr\/","og_locale":"pt_BR","og_type":"article","og_title":"Lan\u00e7amento: Bolsa SemeAd PQ Jr. - XXIV SemeAd","og_description":"Comunidade SemeAd, Temos uma novidade pra voc\u00ea, baseada em um dos nossos pilares, o da inova\u00e7\u00e3o. Veja a grava\u00e7\u00e3o da nossa live que aconteceu no dia 31\/08\/2021. Nela apresentamos alguns detalhes do quem vem por a\u00ed, com o apoio da nossa parceira: a Cactvs! Logo em seguida do v\u00eddeo, voc\u00ea encontra um bot\u00e3o de acesso...","og_url":"https:\/\/semead.com.br\/24\/bolsa-semead-pq-jr\/","og_site_name":"XXIV SemeAd","article_modified_time":"2021-09-01T02:28:28+00:00","twitter_card":"summary_large_image","twitter_misc":{"Est. tempo de leitura":"1 minuto"},"schema":{"@context":"https:\/\/schema.org","@graph":[{"@type":"WebPage","@id":"https:\/\/semead.com.br\/24\/bolsa-semead-pq-jr\/","url":"https:\/\/semead.com.br\/24\/bolsa-semead-pq-jr\/","name":"Lan\u00e7amento: Bolsa SemeAd PQ Jr. - XXIV SemeAd","isPartOf":{"@id":"https:\/\/semead.com.br\/24\/?lang=es\/#website"},"datePublished":"2021-08-23T13:08:38+00:00","dateModified":"2021-09-01T02:28:28+00:00","breadcrumb":{"@id":"https:\/\/semead.com.br\/24\/bolsa-semead-pq-jr\/#breadcrumb"},"inLanguage":"pt-BR","potentialAction":[{"@type":"ReadAction","target":["https:\/\/semead.com.br\/24\/bolsa-semead-pq-jr\/"]}]},{"@type":"BreadcrumbList","@id":"https:\/\/semead.com.br\/24\/bolsa-semead-pq-jr\/#breadcrumb","itemListElement":[{"@type":"ListItem","position":1,"name":"In\u00edcio","item":"https:\/\/semead.com.br\/24\/"},{"@type":"ListItem","position":2,"name":"Lan\u00e7amento: Bolsa SemeAd PQ Jr."}]},{"@type":"WebSite","@id":"https:\/\/semead.com.br\/24\/?lang=es\/#website","url":"https:\/\/semead.com.br\/24\/?lang=es\/","name":"XXIV SemeAd","description":"Semin\u00e1rios em Administra\u00e7\u00e3o","potentialAction":[{"@type":"SearchAction","target":{"@type":"EntryPoint","urlTemplate":"https:\/\/semead.com.br\/24\/?lang=es\/?s={search_term_string}"},"query-input":{"@type":"PropertyValueSpecification","valueRequired":true,"valueName":"search_term_string"}}],"inLanguage":"pt-BR"}]}},"_links":{"self":[{"href":"https:\/\/semead.com.br\/24\/wp-json\/wp\/v2\/pages\/22444","targetHints":{"allow":["GET"]}}],"collection":[{"href":"https:\/\/semead.com.br\/24\/wp-json\/wp\/v2\/pages"}],"about":[{"href":"https:\/\/semead.com.br\/24\/wp-json\/wp\/v2\/types\/page"}],"author":[{"embeddable":true,"href":"https:\/\/semead.com.br\/24\/wp-json\/wp\/v2\/users\/4"}],"replies":[{"embeddable":true,"href":"https:\/\/semead.com.br\/24\/wp-json\/wp\/v2\/comments?post=22444"}],"version-history":[{"count":0,"href":"https:\/\/semead.com.br\/24\/wp-json\/wp\/v2\/pages\/22444\/revisions"}],"wp:attachment":[{"href":"https:\/\/semead.com.br\/24\/wp-json\/wp\/v2\/media?parent=22444"}],"curies":[{"name":"wp","href":"https:\/\/api.w.org\/{rel}","templated":true}]}}