{"id":22499,"date":"2021-08-31T19:06:18","date_gmt":"2021-08-31T22:06:18","guid":{"rendered":"https:\/\/semead.com.br\/24\/?page_id=22499"},"modified":"2021-10-05T15:45:19","modified_gmt":"2021-10-05T18:45:19","slug":"edital-bolsa-semead-pq-jr","status":"publish","type":"page","link":"https:\/\/semead.com.br\/24\/edital-bolsa-semead-pq-jr\/","title":{"rendered":"Edital Bolsa SemeAd PQ Jr."},"content":{"rendered":"\t\t<div data-elementor-type=\"wp-page\" data-elementor-id=\"22499\" class=\"elementor elementor-22499\">\n\t\t\t\t\t\t<section class=\"elementor-section elementor-top-section elementor-element elementor-element-3b4b989 elementor-section-boxed elementor-section-height-default elementor-section-height-default\" data-id=\"3b4b989\" data-element_type=\"section\" data-e-type=\"section\">\n\t\t\t\t\t\t<div class=\"elementor-container elementor-column-gap-default\">\n\t\t\t\t\t<div class=\"elementor-column elementor-col-33 elementor-top-column elementor-element elementor-element-b8f7655\" data-id=\"b8f7655\" data-element_type=\"column\" data-e-type=\"column\">\n\t\t\t<div class=\"elementor-widget-wrap elementor-element-populated\">\n\t\t\t\t\t\t<div class=\"elementor-element elementor-element-683bdfd elementor-widget elementor-widget-image\" data-id=\"683bdfd\" data-element_type=\"widget\" data-e-type=\"widget\" data-widget_type=\"image.default\">\n\t\t\t\t<div class=\"elementor-widget-container\">\n\t\t\t\t\t\t\t\t\t\t\t\t\t\t\t<img fetchpriority=\"high\" decoding=\"async\" width=\"422\" height=\"145\" src=\"https:\/\/semead.com.br\/24\/wp-content\/uploads\/sites\/13\/2021\/04\/Logo-Semead-2021.png\" class=\"attachment-large size-large wp-image-17708\" alt=\"\" srcset=\"https:\/\/semead.com.br\/24\/wp-content\/uploads\/sites\/13\/2021\/04\/Logo-Semead-2021.png 422w, https:\/\/semead.com.br\/24\/wp-content\/uploads\/sites\/13\/2021\/04\/Logo-Semead-2021-300x103.png 300w, https:\/\/semead.com.br\/24\/wp-content\/uploads\/sites\/13\/2021\/04\/Logo-Semead-2021-420x145.png 420w\" sizes=\"(max-width: 422px) 100vw, 422px\" \/>\t\t\t\t\t\t\t\t\t\t\t\t\t\t\t<\/div>\n\t\t\t\t<\/div>\n\t\t\t\t\t<\/div>\n\t\t<\/div>\n\t\t\t\t<div class=\"elementor-column elementor-col-33 elementor-top-column elementor-element elementor-element-d871541\" data-id=\"d871541\" data-element_type=\"column\" data-e-type=\"column\">\n\t\t\t<div class=\"elementor-widget-wrap elementor-element-populated\">\n\t\t\t\t\t\t<div class=\"elementor-element elementor-element-3964a91 elementor-widget elementor-widget-heading\" data-id=\"3964a91\" data-element_type=\"widget\" data-e-type=\"widget\" data-widget_type=\"heading.default\">\n\t\t\t\t<div class=\"elementor-widget-container\">\n\t\t\t\t\t<h2 class=\"elementor-heading-title elementor-size-default\">Bolsa SemeAd PQ Jr.<\/h2>\t\t\t\t<\/div>\n\t\t\t\t<\/div>\n\t\t\t\t\t<\/div>\n\t\t<\/div>\n\t\t\t\t<div class=\"elementor-column elementor-col-33 elementor-top-column elementor-element elementor-element-5065456\" data-id=\"5065456\" data-element_type=\"column\" data-e-type=\"column\">\n\t\t\t<div class=\"elementor-widget-wrap elementor-element-populated\">\n\t\t\t\t\t\t<div class=\"elementor-element elementor-element-d501bb7 elementor-widget elementor-widget-image\" data-id=\"d501bb7\" data-element_type=\"widget\" data-e-type=\"widget\" data-widget_type=\"image.default\">\n\t\t\t\t<div class=\"elementor-widget-container\">\n\t\t\t\t\t\t\t\t\t\t\t\t\t\t\t<img decoding=\"async\" width=\"345\" height=\"96\" src=\"https:\/\/semead.com.br\/24\/wp-content\/uploads\/sites\/13\/2021\/08\/logo-cactvs.png\" class=\"attachment-large size-large wp-image-22501\" alt=\"\" srcset=\"https:\/\/semead.com.br\/24\/wp-content\/uploads\/sites\/13\/2021\/08\/logo-cactvs.png 345w, https:\/\/semead.com.br\/24\/wp-content\/uploads\/sites\/13\/2021\/08\/logo-cactvs-300x83.png 300w\" sizes=\"(max-width: 345px) 100vw, 345px\" \/>\t\t\t\t\t\t\t\t\t\t\t\t\t\t\t<\/div>\n\t\t\t\t<\/div>\n\t\t\t\t<div class=\"elementor-element elementor-element-ce3732c elementor-widget elementor-widget-image\" data-id=\"ce3732c\" data-element_type=\"widget\" data-e-type=\"widget\" data-widget_type=\"image.default\">\n\t\t\t\t<div class=\"elementor-widget-container\">\n\t\t\t\t\t\t\t\t\t\t\t\t\t\t\t<img decoding=\"async\" width=\"200\" height=\"180\" src=\"https:\/\/semead.com.br\/24\/wp-content\/uploads\/sites\/13\/2019\/04\/logo-fundacao-fia-1.png\" class=\"attachment-large size-large wp-image-14999\" alt=\"\" \/>\t\t\t\t\t\t\t\t\t\t\t\t\t\t\t<\/div>\n\t\t\t\t<\/div>\n\t\t\t\t\t<\/div>\n\t\t<\/div>\n\t\t\t\t\t<\/div>\n\t\t<\/section>\n\t\t\t\t<section class=\"elementor-section elementor-top-section elementor-element elementor-element-a4b3f97 elementor-section-stretched elementor-section-boxed elementor-section-height-default elementor-section-height-default\" data-id=\"a4b3f97\" data-element_type=\"section\" data-e-type=\"section\" data-settings=\"{&quot;stretch_section&quot;:&quot;section-stretched&quot;,&quot;background_background&quot;:&quot;classic&quot;}\">\n\t\t\t\t\t\t<div class=\"elementor-container elementor-column-gap-default\">\n\t\t\t\t\t<div class=\"elementor-column elementor-col-100 elementor-top-column elementor-element elementor-element-0a6cdbc\" data-id=\"0a6cdbc\" data-element_type=\"column\" data-e-type=\"column\">\n\t\t\t<div class=\"elementor-widget-wrap elementor-element-populated\">\n\t\t\t\t\t\t<div class=\"elementor-element elementor-element-43816dd elementor-widget elementor-widget-text-editor\" data-id=\"43816dd\" data-element_type=\"widget\" data-e-type=\"widget\" data-widget_type=\"text-editor.default\">\n\t\t\t\t<div class=\"elementor-widget-container\">\n\t\t\t\t\t\t\t\t\t<p class=\"p1\">O SemeAd, a FIA e a CACTVS tornam p\u00fablico o I Edital para submiss\u00f5es de projetos de pesquisa para a Bolsa SemeAd PQ Jr.<\/p><p class=\"p1\">Convidamos os interessados a apresentarem suas propostas*, em acordo com os termos estabelecidos no Edital.<\/p><p>O Edital est\u00e1 dispon\u00edvel para download no bot\u00e3o abaixo e as submiss\u00f5es estar\u00e3o abertas a partir do dia <strong>01\/09\/2021 <\/strong>na plataforma do SemeAd.<\/p><h5>* Trabalhos devem ser submetidos com no m\u00e1ximo 16 p\u00e1ginas.<\/h5>\t\t\t\t\t\t\t\t<\/div>\n\t\t\t\t<\/div>\n\t\t\t\t\t<\/div>\n\t\t<\/div>\n\t\t\t\t\t<\/div>\n\t\t<\/section>\n\t\t\t\t<section class=\"elementor-section elementor-top-section elementor-element elementor-element-fe82105 elementor-section-boxed elementor-section-height-default elementor-section-height-default\" data-id=\"fe82105\" data-element_type=\"section\" data-e-type=\"section\">\n\t\t\t\t\t\t<div class=\"elementor-container elementor-column-gap-default\">\n\t\t\t\t\t<div class=\"elementor-column elementor-col-100 elementor-top-column elementor-element elementor-element-53ef2cf\" data-id=\"53ef2cf\" data-element_type=\"column\" data-e-type=\"column\">\n\t\t\t<div class=\"elementor-widget-wrap elementor-element-populated\">\n\t\t\t\t\t\t<div class=\"elementor-element elementor-element-cee5fec elementor-widget elementor-widget-wp-widget-archives\" data-id=\"cee5fec\" data-element_type=\"widget\" data-e-type=\"widget\" data-widget_type=\"wp-widget-archives.default\">\n\t\t\t\t<div class=\"elementor-widget-container\">\n\t\t\t\t\t<div class=\"widget single-sidebar padding-bottom1\"><h3>Edital I Bolsa SemeAd PQ Jr.<\/h3>\n\t\t\t<ul>\n\t\t\t\t\t\t\t<\/ul>\n\n\t\t\t<\/div>\t\t\t\t<\/div>\n\t\t\t\t<\/div>\n\t\t\t\t<div class=\"elementor-element elementor-element-80bbbb2 elementor-align-center elementor-widget elementor-widget-button\" data-id=\"80bbbb2\" data-element_type=\"widget\" data-e-type=\"widget\" data-widget_type=\"button.default\">\n\t\t\t\t<div class=\"elementor-widget-container\">\n\t\t\t\t\t\t\t\t\t<div class=\"elementor-button-wrapper\">\n\t\t\t\t\t<a class=\"elementor-button elementor-button-link elementor-size-lg\" href=\"https:\/\/semead.com.br\/24\/wp-content\/uploads\/sites\/13\/2021\/08\/Edital-Bolsa-SemeAd-PQ-Jr-Cactvs-9.pdf\" target=\"_blank\">\n\t\t\t\t\t\t<span class=\"elementor-button-content-wrapper\">\n\t\t\t\t\t\t\t\t\t<span class=\"elementor-button-text\">Confira o Edital<\/span>\n\t\t\t\t\t<\/span>\n\t\t\t\t\t<\/a>\n\t\t\t\t<\/div>\n\t\t\t\t\t\t\t\t<\/div>\n\t\t\t\t<\/div>\n\t\t\t\t<div class=\"elementor-element elementor-element-a29dea7 elementor-widget elementor-widget-wp-widget-archives\" data-id=\"a29dea7\" data-element_type=\"widget\" data-e-type=\"widget\" data-widget_type=\"wp-widget-archives.default\">\n\t\t\t\t<div class=\"elementor-widget-container\">\n\t\t\t\t\t<div class=\"widget single-sidebar padding-bottom1\"><h3>D\u00favidas Frequentes?<\/h3>\n\t\t\t<ul>\n\t\t\t\t\t\t\t<\/ul>\n\n\t\t\t<\/div>\t\t\t\t<\/div>\n\t\t\t\t<\/div>\n\t\t\t\t\t<\/div>\n\t\t<\/div>\n\t\t\t\t\t<\/div>\n\t\t<\/section>\n\t\t\t\t<section class=\"elementor-section elementor-top-section elementor-element elementor-element-14112e7 elementor-section-boxed elementor-section-height-default elementor-section-height-default\" data-id=\"14112e7\" data-element_type=\"section\" data-e-type=\"section\">\n\t\t\t\t\t\t<div class=\"elementor-container elementor-column-gap-default\">\n\t\t\t\t\t<div class=\"elementor-column elementor-col-100 elementor-top-column elementor-element elementor-element-0511f91\" data-id=\"0511f91\" data-element_type=\"column\" data-e-type=\"column\">\n\t\t\t<div class=\"elementor-widget-wrap elementor-element-populated\">\n\t\t\t\t\t\t<div class=\"elementor-element elementor-element-b8c3255 elementor-align-center elementor-widget elementor-widget-button\" data-id=\"b8c3255\" data-element_type=\"widget\" data-e-type=\"widget\" data-widget_type=\"button.default\">\n\t\t\t\t<div class=\"elementor-widget-container\">\n\t\t\t\t\t\t\t\t\t<div class=\"elementor-button-wrapper\">\n\t\t\t\t\t<a class=\"elementor-button elementor-button-link elementor-size-lg\" href=\"https:\/\/semead.com.br\/24\/edital-bolsa-semead-pq-jr\/faqs-bolsa-semead-pq-jr-cactvs\/\" target=\"_blank\">\n\t\t\t\t\t\t<span class=\"elementor-button-content-wrapper\">\n\t\t\t\t\t\t\t\t\t<span class=\"elementor-button-text\">FAQs<\/span>\n\t\t\t\t\t<\/span>\n\t\t\t\t\t<\/a>\n\t\t\t\t<\/div>\n\t\t\t\t\t\t\t\t<\/div>\n\t\t\t\t<\/div>\n\t\t\t\t\t<\/div>\n\t\t<\/div>\n\t\t\t\t\t<\/div>\n\t\t<\/section>\n\t\t\t\t<section class=\"elementor-section elementor-top-section elementor-element elementor-element-c2ded86 elementor-section-boxed elementor-section-height-default elementor-section-height-default\" data-id=\"c2ded86\" data-element_type=\"section\" data-e-type=\"section\">\n\t\t\t\t\t\t<div class=\"elementor-container elementor-column-gap-default\">\n\t\t\t\t\t<div class=\"elementor-column elementor-col-100 elementor-top-column elementor-element elementor-element-afb9281\" data-id=\"afb9281\" data-element_type=\"column\" data-e-type=\"column\">\n\t\t\t<div class=\"elementor-widget-wrap elementor-element-populated\">\n\t\t\t\t\t\t<div class=\"elementor-element elementor-element-b39ec39 elementor-widget elementor-widget-text-editor\" data-id=\"b39ec39\" data-element_type=\"widget\" data-e-type=\"widget\" data-widget_type=\"text-editor.default\">\n\t\t\t\t<div class=\"elementor-widget-container\">\n\t\t\t\t\t\t\t\t\t<h3 class=\"p1\"><span style=\"text-decoration: underline;\"><strong>CRONOGRAMA &#8211; Datas Importantes<\/strong><\/span><\/h3><ul><li><strong>31\/08\/2021<\/strong> &#8211; Publica\u00e7\u00e3o do Edital na p\u00e1gina do SemeAd 2021 na internet<\/li><li><strong>15\/10\/2021<\/strong> &#8211; Data limite para submiss\u00e3o das propostas<\/li><li><strong>Outubro\/2021<\/strong> &#8211; Julgamento<\/li><li><strong>11\/11\/2021<\/strong> &#8211; Divulga\u00e7\u00e3o do resultado na cerim\u00f4nia de premia\u00e7\u00e3o do SemeAd 2021 e na p\u00e1gina do SemeAd na internet<\/li><\/ul>\t\t\t\t\t\t\t\t<\/div>\n\t\t\t\t<\/div>\n\t\t\t\t\t<\/div>\n\t\t<\/div>\n\t\t\t\t\t<\/div>\n\t\t<\/section>\n\t\t\t\t<section class=\"elementor-section elementor-top-section elementor-element elementor-element-7b17d48 elementor-section-boxed elementor-section-height-default elementor-section-height-default\" data-id=\"7b17d48\" data-element_type=\"section\" data-e-type=\"section\">\n\t\t\t\t\t\t<div class=\"elementor-container elementor-column-gap-default\">\n\t\t\t\t\t<div class=\"elementor-column elementor-col-100 elementor-top-column elementor-element elementor-element-22168f5\" data-id=\"22168f5\" data-element_type=\"column\" data-e-type=\"column\">\n\t\t\t<div class=\"elementor-widget-wrap elementor-element-populated\">\n\t\t\t\t\t\t<div class=\"elementor-element elementor-element-bf323fa elementor-widget elementor-widget-rt-cta\" data-id=\"bf323fa\" data-element_type=\"widget\" data-e-type=\"widget\" data-widget_type=\"rt-cta.default\">\n\t\t\t\t<div class=\"elementor-widget-container\">\n\t\t\t\t\t\n<div class=\"rt-el-cta-1\">\n\t<div class=\"container\">\n\t\t<div class=\"row\">\n\t\t\t<div class=\"col-md-8 col-sm-12 col-xs-12\">\n\t\t\t\t<h3 class=\"rtin-title\">Submiss\u00f5es Abertas<\/h3>\n\t\t\t<\/div>\n\t\t\t<div class=\"col-md-4 col-sm-12 col-xs-12\">\n\t\t\t\t\t\t\t\t\t<div class=\"rtin-button\"><a class=\"btn-fill color-yellow border-radius-5 size-lg gust\" href=\"https:\/\/login.semead.com.br\/24semead\/login.php?\" target=\"_blank\">CLIQUE PARA SUBMETER<\/a><\/div>\t\t\n\t\t\t\t\t\t\t<\/div>\n\t\t<\/div>\t\t\n\t<\/div>\n<\/div>\t\t\t\t<\/div>\n\t\t\t\t<\/div>\n\t\t\t\t\t<\/div>\n\t\t<\/div>\n\t\t\t\t\t<\/div>\n\t\t<\/section>\n\t\t\t\t<\/div>\n\t\t","protected":false},"excerpt":{"rendered":"<p>Bolsa SemeAd PQ Jr. O SemeAd, a FIA e a CACTVS tornam p\u00fablico o I Edital para submiss\u00f5es de projetos de pesquisa para a Bolsa SemeAd PQ Jr. Convidamos os interessados a apresentarem suas propostas*, em acordo com os termos estabelecidos no Edital. O Edital est\u00e1 dispon\u00edvel para download no bot\u00e3o abaixo e as submiss\u00f5es&#8230;<\/p>\n","protected":false},"author":4,"featured_media":0,"parent":0,"menu_order":0,"comment_status":"closed","ping_status":"closed","template":"","meta":{"_acf_changed":false,"_monsterinsights_skip_tracking":false,"_monsterinsights_sitenote_active":false,"_monsterinsights_sitenote_note":"","_monsterinsights_sitenote_category":0,"footnotes":""},"class_list":["post-22499","page","type-page","status-publish","hentry"],"acf":[],"yoast_head":"<!-- This site is optimized with the Yoast SEO plugin v27.1.1 - https:\/\/yoast.com\/product\/yoast-seo-wordpress\/ -->\n<title>Edital Bolsa SemeAd PQ Jr. - XXIV SemeAd<\/title>\n<meta name=\"robots\" content=\"index, follow, max-snippet:-1, max-image-preview:large, max-video-preview:-1\" \/>\n<link rel=\"canonical\" href=\"https:\/\/semead.com.br\/24\/edital-bolsa-semead-pq-jr\/\" \/>\n<meta property=\"og:locale\" content=\"pt_BR\" \/>\n<meta property=\"og:type\" content=\"article\" \/>\n<meta property=\"og:title\" content=\"Edital Bolsa SemeAd PQ Jr. - XXIV SemeAd\" \/>\n<meta property=\"og:description\" content=\"Bolsa SemeAd PQ Jr. O SemeAd, a FIA e a CACTVS tornam p\u00fablico o I Edital para submiss\u00f5es de projetos de pesquisa para a Bolsa SemeAd PQ Jr. Convidamos os interessados a apresentarem suas propostas*, em acordo com os termos estabelecidos no Edital. O Edital est\u00e1 dispon\u00edvel para download no bot\u00e3o abaixo e as submiss\u00f5es...\" \/>\n<meta property=\"og:url\" content=\"https:\/\/semead.com.br\/24\/edital-bolsa-semead-pq-jr\/\" \/>\n<meta property=\"og:site_name\" content=\"XXIV SemeAd\" \/>\n<meta property=\"article:modified_time\" content=\"2021-10-05T18:45:19+00:00\" \/>\n<meta property=\"og:image\" content=\"https:\/\/semead.com.br\/24\/wp-content\/uploads\/sites\/13\/2021\/04\/Logo-Semead-2021.png\" \/>\n<meta name=\"twitter:card\" content=\"summary_large_image\" \/>\n<meta name=\"twitter:label1\" content=\"Est. tempo de leitura\" \/>\n\t<meta name=\"twitter:data1\" content=\"2 minutos\" \/>\n<script type=\"application\/ld+json\" class=\"yoast-schema-graph\">{\"@context\":\"https:\/\/schema.org\",\"@graph\":[{\"@type\":\"WebPage\",\"@id\":\"https:\/\/semead.com.br\/24\/edital-bolsa-semead-pq-jr\/\",\"url\":\"https:\/\/semead.com.br\/24\/edital-bolsa-semead-pq-jr\/\",\"name\":\"Edital Bolsa SemeAd PQ Jr. - XXIV SemeAd\",\"isPartOf\":{\"@id\":\"https:\/\/semead.com.br\/24\/?lang=es\/#website\"},\"primaryImageOfPage\":{\"@id\":\"https:\/\/semead.com.br\/24\/edital-bolsa-semead-pq-jr\/#primaryimage\"},\"image\":{\"@id\":\"https:\/\/semead.com.br\/24\/edital-bolsa-semead-pq-jr\/#primaryimage\"},\"thumbnailUrl\":\"https:\/\/semead.com.br\/24\/wp-content\/uploads\/sites\/13\/2021\/04\/Logo-Semead-2021.png\",\"datePublished\":\"2021-08-31T22:06:18+00:00\",\"dateModified\":\"2021-10-05T18:45:19+00:00\",\"breadcrumb\":{\"@id\":\"https:\/\/semead.com.br\/24\/edital-bolsa-semead-pq-jr\/#breadcrumb\"},\"inLanguage\":\"pt-BR\",\"potentialAction\":[{\"@type\":\"ReadAction\",\"target\":[\"https:\/\/semead.com.br\/24\/edital-bolsa-semead-pq-jr\/\"]}]},{\"@type\":\"ImageObject\",\"inLanguage\":\"pt-BR\",\"@id\":\"https:\/\/semead.com.br\/24\/edital-bolsa-semead-pq-jr\/#primaryimage\",\"url\":\"https:\/\/semead.com.br\/24\/wp-content\/uploads\/sites\/13\/2021\/04\/Logo-Semead-2021.png\",\"contentUrl\":\"https:\/\/semead.com.br\/24\/wp-content\/uploads\/sites\/13\/2021\/04\/Logo-Semead-2021.png\",\"width\":422,\"height\":145},{\"@type\":\"BreadcrumbList\",\"@id\":\"https:\/\/semead.com.br\/24\/edital-bolsa-semead-pq-jr\/#breadcrumb\",\"itemListElement\":[{\"@type\":\"ListItem\",\"position\":1,\"name\":\"In\u00edcio\",\"item\":\"https:\/\/semead.com.br\/24\/\"},{\"@type\":\"ListItem\",\"position\":2,\"name\":\"Edital Bolsa SemeAd PQ Jr.\"}]},{\"@type\":\"WebSite\",\"@id\":\"https:\/\/semead.com.br\/24\/?lang=es\/#website\",\"url\":\"https:\/\/semead.com.br\/24\/?lang=es\/\",\"name\":\"XXIV SemeAd\",\"description\":\"Semin\u00e1rios em Administra\u00e7\u00e3o\",\"potentialAction\":[{\"@type\":\"SearchAction\",\"target\":{\"@type\":\"EntryPoint\",\"urlTemplate\":\"https:\/\/semead.com.br\/24\/?lang=es\/?s={search_term_string}\"},\"query-input\":{\"@type\":\"PropertyValueSpecification\",\"valueRequired\":true,\"valueName\":\"search_term_string\"}}],\"inLanguage\":\"pt-BR\"}]}<\/script>\n<!-- \/ Yoast SEO plugin. -->","yoast_head_json":{"title":"Edital Bolsa SemeAd PQ Jr. - XXIV SemeAd","robots":{"index":"index","follow":"follow","max-snippet":"max-snippet:-1","max-image-preview":"max-image-preview:large","max-video-preview":"max-video-preview:-1"},"canonical":"https:\/\/semead.com.br\/24\/edital-bolsa-semead-pq-jr\/","og_locale":"pt_BR","og_type":"article","og_title":"Edital Bolsa SemeAd PQ Jr. - XXIV SemeAd","og_description":"Bolsa SemeAd PQ Jr. O SemeAd, a FIA e a CACTVS tornam p\u00fablico o I Edital para submiss\u00f5es de projetos de pesquisa para a Bolsa SemeAd PQ Jr. Convidamos os interessados a apresentarem suas propostas*, em acordo com os termos estabelecidos no Edital. O Edital est\u00e1 dispon\u00edvel para download no bot\u00e3o abaixo e as submiss\u00f5es...","og_url":"https:\/\/semead.com.br\/24\/edital-bolsa-semead-pq-jr\/","og_site_name":"XXIV SemeAd","article_modified_time":"2021-10-05T18:45:19+00:00","og_image":[{"url":"https:\/\/semead.com.br\/24\/wp-content\/uploads\/sites\/13\/2021\/04\/Logo-Semead-2021.png","type":"","width":"","height":""}],"twitter_card":"summary_large_image","twitter_misc":{"Est. tempo de leitura":"2 minutos"},"schema":{"@context":"https:\/\/schema.org","@graph":[{"@type":"WebPage","@id":"https:\/\/semead.com.br\/24\/edital-bolsa-semead-pq-jr\/","url":"https:\/\/semead.com.br\/24\/edital-bolsa-semead-pq-jr\/","name":"Edital Bolsa SemeAd PQ Jr. - XXIV SemeAd","isPartOf":{"@id":"https:\/\/semead.com.br\/24\/?lang=es\/#website"},"primaryImageOfPage":{"@id":"https:\/\/semead.com.br\/24\/edital-bolsa-semead-pq-jr\/#primaryimage"},"image":{"@id":"https:\/\/semead.com.br\/24\/edital-bolsa-semead-pq-jr\/#primaryimage"},"thumbnailUrl":"https:\/\/semead.com.br\/24\/wp-content\/uploads\/sites\/13\/2021\/04\/Logo-Semead-2021.png","datePublished":"2021-08-31T22:06:18+00:00","dateModified":"2021-10-05T18:45:19+00:00","breadcrumb":{"@id":"https:\/\/semead.com.br\/24\/edital-bolsa-semead-pq-jr\/#breadcrumb"},"inLanguage":"pt-BR","potentialAction":[{"@type":"ReadAction","target":["https:\/\/semead.com.br\/24\/edital-bolsa-semead-pq-jr\/"]}]},{"@type":"ImageObject","inLanguage":"pt-BR","@id":"https:\/\/semead.com.br\/24\/edital-bolsa-semead-pq-jr\/#primaryimage","url":"https:\/\/semead.com.br\/24\/wp-content\/uploads\/sites\/13\/2021\/04\/Logo-Semead-2021.png","contentUrl":"https:\/\/semead.com.br\/24\/wp-content\/uploads\/sites\/13\/2021\/04\/Logo-Semead-2021.png","width":422,"height":145},{"@type":"BreadcrumbList","@id":"https:\/\/semead.com.br\/24\/edital-bolsa-semead-pq-jr\/#breadcrumb","itemListElement":[{"@type":"ListItem","position":1,"name":"In\u00edcio","item":"https:\/\/semead.com.br\/24\/"},{"@type":"ListItem","position":2,"name":"Edital Bolsa SemeAd PQ Jr."}]},{"@type":"WebSite","@id":"https:\/\/semead.com.br\/24\/?lang=es\/#website","url":"https:\/\/semead.com.br\/24\/?lang=es\/","name":"XXIV SemeAd","description":"Semin\u00e1rios em Administra\u00e7\u00e3o","potentialAction":[{"@type":"SearchAction","target":{"@type":"EntryPoint","urlTemplate":"https:\/\/semead.com.br\/24\/?lang=es\/?s={search_term_string}"},"query-input":{"@type":"PropertyValueSpecification","valueRequired":true,"valueName":"search_term_string"}}],"inLanguage":"pt-BR"}]}},"_links":{"self":[{"href":"https:\/\/semead.com.br\/24\/wp-json\/wp\/v2\/pages\/22499","targetHints":{"allow":["GET"]}}],"collection":[{"href":"https:\/\/semead.com.br\/24\/wp-json\/wp\/v2\/pages"}],"about":[{"href":"https:\/\/semead.com.br\/24\/wp-json\/wp\/v2\/types\/page"}],"author":[{"embeddable":true,"href":"https:\/\/semead.com.br\/24\/wp-json\/wp\/v2\/users\/4"}],"replies":[{"embeddable":true,"href":"https:\/\/semead.com.br\/24\/wp-json\/wp\/v2\/comments?post=22499"}],"version-history":[{"count":0,"href":"https:\/\/semead.com.br\/24\/wp-json\/wp\/v2\/pages\/22499\/revisions"}],"wp:attachment":[{"href":"https:\/\/semead.com.br\/24\/wp-json\/wp\/v2\/media?parent=22499"}],"curies":[{"name":"wp","href":"https:\/\/api.w.org\/{rel}","templated":true}]}}