{"id":22558,"date":"2021-09-08T20:48:31","date_gmt":"2021-09-08T23:48:31","guid":{"rendered":"https:\/\/semead.com.br\/24\/?page_id=22558"},"modified":"2021-09-28T12:26:02","modified_gmt":"2021-09-28T15:26:02","slug":"voluntariado","status":"publish","type":"page","link":"https:\/\/semead.com.br\/24\/evento\/voluntariado\/","title":{"rendered":"Voluntariado"},"content":{"rendered":"\t\t<div data-elementor-type=\"wp-page\" data-elementor-id=\"22558\" class=\"elementor elementor-22558\">\n\t\t\t\t\t\t<section class=\"elementor-section elementor-top-section elementor-element elementor-element-0100ad8 elementor-section-boxed elementor-section-height-default elementor-section-height-default\" data-id=\"0100ad8\" data-element_type=\"section\" data-e-type=\"section\">\n\t\t\t\t\t\t<div class=\"elementor-container elementor-column-gap-default\">\n\t\t\t\t\t<div class=\"elementor-column elementor-col-100 elementor-top-column elementor-element elementor-element-4a023fd\" data-id=\"4a023fd\" data-element_type=\"column\" data-e-type=\"column\">\n\t\t\t<div class=\"elementor-widget-wrap elementor-element-populated\">\n\t\t\t\t\t\t<div class=\"elementor-element elementor-element-529aac3 elementor-widget elementor-widget-text-editor\" data-id=\"529aac3\" data-element_type=\"widget\" data-e-type=\"widget\" data-widget_type=\"text-editor.default\">\n\t\t\t\t<div class=\"elementor-widget-container\">\n\t\t\t\t\t\t\t\t\t<h6 class=\"p1\">Assim como aconteceu no ano passado, o SemeAd 2021 ser\u00e1 realizado em formato online mas mantendo<span class=\"Apple-converted-space\">\u00a0<\/span>praticamente toda a programa\u00e7\u00e3o tradicional de edi\u00e7\u00f5es presenciais. Claro, sem deixar de trazer novidades, como o <strong>Debatedor em Destaque<\/strong>!<\/h6><h6 class=\"p1\">Contamos com a participa\u00e7\u00e3o de alunos de institui\u00e7\u00f5es parceiras do SemeAd na organiza\u00e7\u00e3o do evento. Nosso entendimento \u00e9 que isto pode promover uma maior integra\u00e7\u00e3o da comunidade de alunos dos Programas de P\u00f3s-Gradua\u00e7\u00e3o em Administra\u00e7\u00e3o do pa\u00eds. H\u00e1 dois tipos de atividades destinadas aos colaboradores volunt\u00e1rios e dispon\u00edveis para inscri\u00e7\u00f5es: Debatedor e L\u00edder de N\u00facleo.<\/h6><h6 class=\"p1\">Queremos convid\u00e1-lo a participar e informamos, resumidamente, como acontecem estas fun\u00e7\u00f5es:<\/h6>\t\t\t\t\t\t\t\t<\/div>\n\t\t\t\t<\/div>\n\t\t\t\t\t<\/div>\n\t\t<\/div>\n\t\t\t\t\t<\/div>\n\t\t<\/section>\n\t\t\t\t<section class=\"elementor-section elementor-top-section elementor-element elementor-element-4ebdf58 elementor-section-boxed elementor-section-height-default elementor-section-height-default\" data-id=\"4ebdf58\" data-element_type=\"section\" data-e-type=\"section\">\n\t\t\t\t\t\t<div class=\"elementor-container elementor-column-gap-default\">\n\t\t\t\t\t<div class=\"elementor-column elementor-col-100 elementor-top-column elementor-element elementor-element-ff7eaf5\" data-id=\"ff7eaf5\" data-element_type=\"column\" data-e-type=\"column\">\n\t\t\t<div class=\"elementor-widget-wrap elementor-element-populated\">\n\t\t\t\t\t\t<div class=\"elementor-element elementor-element-1440d34 elementor-widget elementor-widget-toggle\" data-id=\"1440d34\" data-element_type=\"widget\" data-e-type=\"widget\" data-widget_type=\"toggle.default\">\n\t\t\t\t<div class=\"elementor-widget-container\">\n\t\t\t\t\t\t\t<div class=\"elementor-toggle\">\n\t\t\t\t\t\t\t<div class=\"elementor-toggle-item\">\n\t\t\t\t\t<div id=\"elementor-tab-title-2121\" class=\"elementor-tab-title\" data-tab=\"1\" role=\"button\" aria-controls=\"elementor-tab-content-2121\" aria-expanded=\"false\">\n\t\t\t\t\t\t\t\t\t\t\t\t<span class=\"elementor-toggle-icon elementor-toggle-icon-left\" aria-hidden=\"true\">\n\t\t\t\t\t\t\t\t\t\t\t\t\t\t\t<span class=\"elementor-toggle-icon-closed\"><i class=\"fas fa-caret-right\"><\/i><\/span>\n\t\t\t\t\t\t\t\t<span class=\"elementor-toggle-icon-opened\"><i class=\"elementor-toggle-icon-opened fas fa-caret-up\"><\/i><\/span>\n\t\t\t\t\t\t\t\t\t\t\t\t\t<\/span>\n\t\t\t\t\t\t\t\t\t\t\t\t<a class=\"elementor-toggle-title\" tabindex=\"0\">Debatedor<\/a>\n\t\t\t\t\t<\/div>\n\n\t\t\t\t\t<div id=\"elementor-tab-content-2121\" class=\"elementor-tab-content elementor-clearfix\" data-tab=\"1\" role=\"region\" aria-labelledby=\"elementor-tab-title-2121\"><p class=\"p1\">A maioria dos volunt\u00e1rios atuam nessa fun\u00e7\u00e3o. Alguns poder\u00e3o ser designados para atuar em atividades espec\u00edficas como os Keynote Speakers, Business Speakers, Cons\u00f3rcio Doutoral ou sess\u00f5es Sapiens.<\/p><p class=\"p1\">Nas sess\u00f5es de apresenta\u00e7\u00e3o de trabalhos, o debatedor tem a responsabilidade de administrar e cronometrar o tempo das apresenta\u00e7\u00f5es da sess\u00e3o ao qual ficou respons\u00e1vel. Assessorar o professor moderador da sess\u00e3o e, na eventual aus\u00eancia deste, moderar a sess\u00e3o. Assim, \u00e9\u00a0necess\u00e1rio que o aluno debatedor leia os artigos da sess\u00e3o ao qual ficou respons\u00e1vel, preparando quest\u00f5es e coment\u00e1rios construtivos a serem apresentados.<span class=\"Apple-converted-space\">\u00a0<\/span>Todo o trabalho ser\u00e1 feito online, portanto faz-se necess\u00e1rio que o aluno disponha de uma conex\u00e3o est\u00e1vel \u00e0 internet, acesso a computador ou notebook.<\/p><p class=\"p1\">Al\u00e9m disso, <strong>deve participar de uma reuni\u00e3o e um treinamento<\/strong> (encontro virtual com data e hor\u00e1rio a serem definidos) e estar dispon\u00edvel durante o SemeAd (manh\u00e3 e tarde dos dias 10\/11, 11\/11, 12\/11).<\/p><\/div>\n\t\t\t\t<\/div>\n\t\t\t\t\t\t\t<div class=\"elementor-toggle-item\">\n\t\t\t\t\t<div id=\"elementor-tab-title-2122\" class=\"elementor-tab-title\" data-tab=\"2\" role=\"button\" aria-controls=\"elementor-tab-content-2122\" aria-expanded=\"false\">\n\t\t\t\t\t\t\t\t\t\t\t\t<span class=\"elementor-toggle-icon elementor-toggle-icon-left\" aria-hidden=\"true\">\n\t\t\t\t\t\t\t\t\t\t\t\t\t\t\t<span class=\"elementor-toggle-icon-closed\"><i class=\"fas fa-caret-right\"><\/i><\/span>\n\t\t\t\t\t\t\t\t<span class=\"elementor-toggle-icon-opened\"><i class=\"elementor-toggle-icon-opened fas fa-caret-up\"><\/i><\/span>\n\t\t\t\t\t\t\t\t\t\t\t\t\t<\/span>\n\t\t\t\t\t\t\t\t\t\t\t\t<a class=\"elementor-toggle-title\" tabindex=\"0\">L\u00edder de N\u00facleo<\/a>\n\t\t\t\t\t<\/div>\n\n\t\t\t\t\t<div id=\"elementor-tab-content-2122\" class=\"elementor-tab-content elementor-clearfix\" data-tab=\"2\" role=\"region\" aria-labelledby=\"elementor-tab-title-2122\"><p class=\"p1\">Pessoa selecionada pelo Coordenador de Volunt\u00e1rios. Os l\u00edderes de n\u00facleo dever\u00e3o estar dispon\u00edveis nos hor\u00e1rios das sess\u00f5es de sua \u00e1rea de interesse e podem, eventualmente, vir a substituir algum debatedor que porventura n\u00e3o compare\u00e7a ou tenha alguma dificuldade de conex\u00e3o no hor\u00e1rio da sess\u00e3o. S\u00e3o respons\u00e1veis pela comunica\u00e7\u00e3o entre os l\u00edderes de tema e os professores moderadores de sess\u00f5es, assim como pela aloca\u00e7\u00e3o das sess\u00f5es nas salas virtuais, para que as mesmas possam acontecer conforme o programado.<\/p><p class=\"p1\">Alguns poder\u00e3o ser designados para atuar em atividades espec\u00edficas como os Keynote Speakers, Business Speakers, Cons\u00f3rcio Doutoral ou sess\u00f5es Sapiens.<\/p><p class=\"p1\"><strong>Dever\u00e3o comparecer nas reuni\u00f5es e treinamentos antes do evento<\/strong> (encontro virtual com data e hor\u00e1rio a serem definidos). Esses membros agendam e realizam os treinamentos dos seus debatedores.\u00a0<\/p><\/div>\n\t\t\t\t<\/div>\n\t\t\t\t\t\t\t\t<\/div>\n\t\t\t\t\t\t<\/div>\n\t\t\t\t<\/div>\n\t\t\t\t\t<\/div>\n\t\t<\/div>\n\t\t\t\t\t<\/div>\n\t\t<\/section>\n\t\t\t\t<section class=\"elementor-section elementor-top-section elementor-element elementor-element-9b3bb7b elementor-section-boxed elementor-section-height-default elementor-section-height-default\" data-id=\"9b3bb7b\" data-element_type=\"section\" data-e-type=\"section\">\n\t\t\t\t\t\t<div class=\"elementor-container elementor-column-gap-default\">\n\t\t\t\t\t<div class=\"elementor-column elementor-col-100 elementor-top-column elementor-element elementor-element-29cb063\" data-id=\"29cb063\" data-element_type=\"column\" data-e-type=\"column\">\n\t\t\t<div class=\"elementor-widget-wrap elementor-element-populated\">\n\t\t\t\t\t\t<div class=\"elementor-element elementor-element-12e1294 elementor-widget elementor-widget-text-editor\" data-id=\"12e1294\" data-element_type=\"widget\" data-e-type=\"widget\" data-widget_type=\"text-editor.default\">\n\t\t\t\t<div class=\"elementor-widget-container\">\n\t\t\t\t\t\t\t\t\t<h5 class=\"p1\"><b>INFORMA\u00c7\u00d5ES IMPORTANTES<\/b><\/h5><ul class=\"ul1\"><li class=\"li1\">Aluno volunt\u00e1rio recebe isen\u00e7\u00e3o na sua inscri\u00e7\u00e3o, desde que cumpra os requisitos necess\u00e1rios (participa\u00e7\u00e3o nas reuni\u00f5es, treinamentos e presen\u00e7a nas sess\u00f5es);<\/li><li class=\"li1\">Os alunos volunt\u00e1rios dever\u00e3o realizar sua inscri\u00e7\u00e3o de 08\/09 at\u00e9 30\/09;<\/li><li class=\"li1\">As inscri\u00e7\u00f5es devem ser realizadas na plataforma do SemeAd em: <a href=\"https:\/\/login.semead.com.br\/24semead\/login.php?\" target=\"_blank\" rel=\"noopener\">Login SemeAd<\/a><\/li><\/ul><p class=\"p1\">Esta condi\u00e7\u00e3o especial \u00e9 restrita aos alunos do PPGA\/FEA-USP e dos demais Programas parceiros e apoiadores do SemeAd (Mackenzie, Unip, USCS, Anhembi Morumbi, FEA-RP, FECAP, FIA, ESPM e UNINOVE) e Programas convidados (UFC, UFPE, UFPB, UFPR, CEPEAD\/UFMG e UFLA).<\/p>\t\t\t\t\t\t\t\t<\/div>\n\t\t\t\t<\/div>\n\t\t\t\t\t<\/div>\n\t\t<\/div>\n\t\t\t\t\t<\/div>\n\t\t<\/section>\n\t\t\t\t<section class=\"elementor-section elementor-top-section elementor-element elementor-element-acc3fc5 elementor-section-boxed elementor-section-height-default elementor-section-height-default\" data-id=\"acc3fc5\" data-element_type=\"section\" data-e-type=\"section\">\n\t\t\t\t\t\t<div class=\"elementor-container elementor-column-gap-default\">\n\t\t\t\t\t<div class=\"elementor-column elementor-col-100 elementor-top-column elementor-element elementor-element-4fddf14\" data-id=\"4fddf14\" data-element_type=\"column\" data-e-type=\"column\">\n\t\t\t<div class=\"elementor-widget-wrap elementor-element-populated\">\n\t\t\t\t\t\t<div class=\"elementor-element elementor-element-3b8cb1b elementor-widget elementor-widget-text-editor\" data-id=\"3b8cb1b\" data-element_type=\"widget\" data-e-type=\"widget\" data-widget_type=\"text-editor.default\">\n\t\t\t\t<div class=\"elementor-widget-container\">\n\t\t\t\t\t\t\t\t\t<h6 class=\"p1\"><b>Novidade SemeAd<\/b><\/h6><p class=\"p1\">Dentre as novidade teremos o pr\u00eamio Debatedor em Destaque. Esta premia\u00e7\u00e3o se destinar\u00e1 aos alunos volunt\u00e1rios mais bem avaliados em suas participa\u00e7\u00f5es. Por meio do instrumento da <em>Avalia\u00e7\u00e3o de Desempenho de Volunt\u00e1rio<\/em>s, os professores moderadores de cada sess\u00e3o ir\u00e3o avaliar os debatedores volunt\u00e1rios.<\/p><p class=\"p1\">Na aus\u00eancia dos Moderadores o L\u00edder de N\u00facleo ou Coordenador de Volunt\u00e1rios cumprir\u00e1 esta fun\u00e7\u00e3o. Os crit\u00e9rios relevantes s\u00e3o relativos \u00e0: Pontualidade, Assiduidade, Qualidade da Participa\u00e7\u00e3o e <i>Performance<\/i> T\u00e9cnica.<span class=\"Apple-converted-space\">\u00a0<\/span><\/p>\t\t\t\t\t\t\t\t<\/div>\n\t\t\t\t<\/div>\n\t\t\t\t<div class=\"elementor-element elementor-element-0cb4989 elementor-widget elementor-widget-heading\" data-id=\"0cb4989\" data-element_type=\"widget\" data-e-type=\"widget\" data-widget_type=\"heading.default\">\n\t\t\t\t<div class=\"elementor-widget-container\">\n\t\t\t\t\t<h3 class=\"elementor-heading-title elementor-size-default\">Mais Informa\u00e7\u00f5es<\/h3>\t\t\t\t<\/div>\n\t\t\t\t<\/div>\n\t\t\t\t\t<\/div>\n\t\t<\/div>\n\t\t\t\t\t<\/div>\n\t\t<\/section>\n\t\t\t\t<section class=\"elementor-section elementor-top-section elementor-element elementor-element-cb0591a elementor-section-boxed elementor-section-height-default elementor-section-height-default\" data-id=\"cb0591a\" data-element_type=\"section\" data-e-type=\"section\">\n\t\t\t\t\t\t<div class=\"elementor-container elementor-column-gap-default\">\n\t\t\t\t\t<div class=\"elementor-column elementor-col-50 elementor-top-column elementor-element elementor-element-b670b8e\" data-id=\"b670b8e\" data-element_type=\"column\" data-e-type=\"column\">\n\t\t\t<div class=\"elementor-widget-wrap elementor-element-populated\">\n\t\t\t\t\t\t<div class=\"elementor-element elementor-element-968af43 elementor-align-center elementor-widget elementor-widget-button\" data-id=\"968af43\" data-element_type=\"widget\" data-e-type=\"widget\" data-widget_type=\"button.default\">\n\t\t\t\t<div class=\"elementor-widget-container\">\n\t\t\t\t\t\t\t\t\t<div class=\"elementor-button-wrapper\">\n\t\t\t\t\t<a class=\"elementor-button elementor-button-link elementor-size-sm\" href=\"https:\/\/semead.com.br\/24\/evento\/voluntariado\/duvidas-frequentes\/\" target=\"_blank\">\n\t\t\t\t\t\t<span class=\"elementor-button-content-wrapper\">\n\t\t\t\t\t\t\t\t\t<span class=\"elementor-button-text\">D\u00favidas Frequentes (FAQs)<\/span>\n\t\t\t\t\t<\/span>\n\t\t\t\t\t<\/a>\n\t\t\t\t<\/div>\n\t\t\t\t\t\t\t\t<\/div>\n\t\t\t\t<\/div>\n\t\t\t\t\t<\/div>\n\t\t<\/div>\n\t\t\t\t<div class=\"elementor-column elementor-col-50 elementor-top-column elementor-element elementor-element-3c4c808\" data-id=\"3c4c808\" data-element_type=\"column\" data-e-type=\"column\">\n\t\t\t<div class=\"elementor-widget-wrap elementor-element-populated\">\n\t\t\t\t\t\t<div class=\"elementor-element elementor-element-afff1e0 elementor-align-center elementor-widget elementor-widget-button\" data-id=\"afff1e0\" data-element_type=\"widget\" data-e-type=\"widget\" data-widget_type=\"button.default\">\n\t\t\t\t<div class=\"elementor-widget-container\">\n\t\t\t\t\t\t\t\t\t<div class=\"elementor-button-wrapper\">\n\t\t\t\t\t<a class=\"elementor-button elementor-button-link elementor-size-sm\" href=\"https:\/\/semead.com.br\/24\/evento\/voluntariado\/organograma-do-voluntariado\/\" target=\"_blank\">\n\t\t\t\t\t\t<span class=\"elementor-button-content-wrapper\">\n\t\t\t\t\t\t\t\t\t<span class=\"elementor-button-text\">Organograma do Voluntariado<\/span>\n\t\t\t\t\t<\/span>\n\t\t\t\t\t<\/a>\n\t\t\t\t<\/div>\n\t\t\t\t\t\t\t\t<\/div>\n\t\t\t\t<\/div>\n\t\t\t\t\t<\/div>\n\t\t<\/div>\n\t\t\t\t\t<\/div>\n\t\t<\/section>\n\t\t\t\t<\/div>\n\t\t","protected":false},"excerpt":{"rendered":"<p>Assim como aconteceu no ano passado, o SemeAd 2021 ser\u00e1 realizado em formato online mas mantendo\u00a0praticamente toda a programa\u00e7\u00e3o tradicional de edi\u00e7\u00f5es presenciais. Claro, sem deixar de trazer novidades, como o Debatedor em Destaque! Contamos com a participa\u00e7\u00e3o de alunos de institui\u00e7\u00f5es parceiras do SemeAd na organiza\u00e7\u00e3o do evento. Nosso entendimento \u00e9 que isto pode&#8230;<\/p>\n","protected":false},"author":4,"featured_media":0,"parent":12254,"menu_order":0,"comment_status":"closed","ping_status":"closed","template":"","meta":{"_acf_changed":false,"_monsterinsights_skip_tracking":false,"_monsterinsights_sitenote_active":false,"_monsterinsights_sitenote_note":"","_monsterinsights_sitenote_category":0,"footnotes":""},"class_list":["post-22558","page","type-page","status-publish","hentry"],"acf":[],"yoast_head":"<!-- This site is optimized with the Yoast SEO plugin v27.1.1 - https:\/\/yoast.com\/product\/yoast-seo-wordpress\/ -->\n<title>Voluntariado - XXIV SemeAd<\/title>\n<meta name=\"robots\" content=\"index, follow, max-snippet:-1, max-image-preview:large, max-video-preview:-1\" \/>\n<link rel=\"canonical\" href=\"https:\/\/semead.com.br\/24\/evento\/voluntariado\/\" \/>\n<meta property=\"og:locale\" content=\"pt_BR\" \/>\n<meta property=\"og:type\" content=\"article\" \/>\n<meta property=\"og:title\" content=\"Voluntariado - XXIV SemeAd\" \/>\n<meta property=\"og:description\" content=\"Assim como aconteceu no ano passado, o SemeAd 2021 ser\u00e1 realizado em formato online mas mantendo\u00a0praticamente toda a programa\u00e7\u00e3o tradicional de edi\u00e7\u00f5es presenciais. Claro, sem deixar de trazer novidades, como o Debatedor em Destaque! Contamos com a participa\u00e7\u00e3o de alunos de institui\u00e7\u00f5es parceiras do SemeAd na organiza\u00e7\u00e3o do evento. Nosso entendimento \u00e9 que isto pode...\" \/>\n<meta property=\"og:url\" content=\"https:\/\/semead.com.br\/24\/evento\/voluntariado\/\" \/>\n<meta property=\"og:site_name\" content=\"XXIV SemeAd\" \/>\n<meta property=\"article:modified_time\" content=\"2021-09-28T15:26:02+00:00\" \/>\n<meta name=\"twitter:card\" content=\"summary_large_image\" \/>\n<meta name=\"twitter:label1\" content=\"Est. tempo de leitura\" \/>\n\t<meta name=\"twitter:data1\" content=\"3 minutos\" \/>\n<script type=\"application\/ld+json\" class=\"yoast-schema-graph\">{\"@context\":\"https:\/\/schema.org\",\"@graph\":[{\"@type\":\"WebPage\",\"@id\":\"https:\/\/semead.com.br\/24\/evento\/voluntariado\/\",\"url\":\"https:\/\/semead.com.br\/24\/evento\/voluntariado\/\",\"name\":\"Voluntariado - XXIV SemeAd\",\"isPartOf\":{\"@id\":\"https:\/\/semead.com.br\/24\/?lang=es\/#website\"},\"datePublished\":\"2021-09-08T23:48:31+00:00\",\"dateModified\":\"2021-09-28T15:26:02+00:00\",\"breadcrumb\":{\"@id\":\"https:\/\/semead.com.br\/24\/evento\/voluntariado\/#breadcrumb\"},\"inLanguage\":\"pt-BR\",\"potentialAction\":[{\"@type\":\"ReadAction\",\"target\":[\"https:\/\/semead.com.br\/24\/evento\/voluntariado\/\"]}]},{\"@type\":\"BreadcrumbList\",\"@id\":\"https:\/\/semead.com.br\/24\/evento\/voluntariado\/#breadcrumb\",\"itemListElement\":[{\"@type\":\"ListItem\",\"position\":1,\"name\":\"In\u00edcio\",\"item\":\"https:\/\/semead.com.br\/24\/\"},{\"@type\":\"ListItem\",\"position\":2,\"name\":\"Evento\",\"item\":\"https:\/\/semead.com.br\/24\/evento\/\"},{\"@type\":\"ListItem\",\"position\":3,\"name\":\"Voluntariado\"}]},{\"@type\":\"WebSite\",\"@id\":\"https:\/\/semead.com.br\/24\/?lang=es\/#website\",\"url\":\"https:\/\/semead.com.br\/24\/?lang=es\/\",\"name\":\"XXIV SemeAd\",\"description\":\"Semin\u00e1rios em Administra\u00e7\u00e3o\",\"potentialAction\":[{\"@type\":\"SearchAction\",\"target\":{\"@type\":\"EntryPoint\",\"urlTemplate\":\"https:\/\/semead.com.br\/24\/?lang=es\/?s={search_term_string}\"},\"query-input\":{\"@type\":\"PropertyValueSpecification\",\"valueRequired\":true,\"valueName\":\"search_term_string\"}}],\"inLanguage\":\"pt-BR\"}]}<\/script>\n<!-- \/ Yoast SEO plugin. -->","yoast_head_json":{"title":"Voluntariado - XXIV SemeAd","robots":{"index":"index","follow":"follow","max-snippet":"max-snippet:-1","max-image-preview":"max-image-preview:large","max-video-preview":"max-video-preview:-1"},"canonical":"https:\/\/semead.com.br\/24\/evento\/voluntariado\/","og_locale":"pt_BR","og_type":"article","og_title":"Voluntariado - XXIV SemeAd","og_description":"Assim como aconteceu no ano passado, o SemeAd 2021 ser\u00e1 realizado em formato online mas mantendo\u00a0praticamente toda a programa\u00e7\u00e3o tradicional de edi\u00e7\u00f5es presenciais. Claro, sem deixar de trazer novidades, como o Debatedor em Destaque! Contamos com a participa\u00e7\u00e3o de alunos de institui\u00e7\u00f5es parceiras do SemeAd na organiza\u00e7\u00e3o do evento. Nosso entendimento \u00e9 que isto pode...","og_url":"https:\/\/semead.com.br\/24\/evento\/voluntariado\/","og_site_name":"XXIV SemeAd","article_modified_time":"2021-09-28T15:26:02+00:00","twitter_card":"summary_large_image","twitter_misc":{"Est. tempo de leitura":"3 minutos"},"schema":{"@context":"https:\/\/schema.org","@graph":[{"@type":"WebPage","@id":"https:\/\/semead.com.br\/24\/evento\/voluntariado\/","url":"https:\/\/semead.com.br\/24\/evento\/voluntariado\/","name":"Voluntariado - XXIV SemeAd","isPartOf":{"@id":"https:\/\/semead.com.br\/24\/?lang=es\/#website"},"datePublished":"2021-09-08T23:48:31+00:00","dateModified":"2021-09-28T15:26:02+00:00","breadcrumb":{"@id":"https:\/\/semead.com.br\/24\/evento\/voluntariado\/#breadcrumb"},"inLanguage":"pt-BR","potentialAction":[{"@type":"ReadAction","target":["https:\/\/semead.com.br\/24\/evento\/voluntariado\/"]}]},{"@type":"BreadcrumbList","@id":"https:\/\/semead.com.br\/24\/evento\/voluntariado\/#breadcrumb","itemListElement":[{"@type":"ListItem","position":1,"name":"In\u00edcio","item":"https:\/\/semead.com.br\/24\/"},{"@type":"ListItem","position":2,"name":"Evento","item":"https:\/\/semead.com.br\/24\/evento\/"},{"@type":"ListItem","position":3,"name":"Voluntariado"}]},{"@type":"WebSite","@id":"https:\/\/semead.com.br\/24\/?lang=es\/#website","url":"https:\/\/semead.com.br\/24\/?lang=es\/","name":"XXIV SemeAd","description":"Semin\u00e1rios em Administra\u00e7\u00e3o","potentialAction":[{"@type":"SearchAction","target":{"@type":"EntryPoint","urlTemplate":"https:\/\/semead.com.br\/24\/?lang=es\/?s={search_term_string}"},"query-input":{"@type":"PropertyValueSpecification","valueRequired":true,"valueName":"search_term_string"}}],"inLanguage":"pt-BR"}]}},"_links":{"self":[{"href":"https:\/\/semead.com.br\/24\/wp-json\/wp\/v2\/pages\/22558","targetHints":{"allow":["GET"]}}],"collection":[{"href":"https:\/\/semead.com.br\/24\/wp-json\/wp\/v2\/pages"}],"about":[{"href":"https:\/\/semead.com.br\/24\/wp-json\/wp\/v2\/types\/page"}],"author":[{"embeddable":true,"href":"https:\/\/semead.com.br\/24\/wp-json\/wp\/v2\/users\/4"}],"replies":[{"embeddable":true,"href":"https:\/\/semead.com.br\/24\/wp-json\/wp\/v2\/comments?post=22558"}],"version-history":[{"count":0,"href":"https:\/\/semead.com.br\/24\/wp-json\/wp\/v2\/pages\/22558\/revisions"}],"up":[{"embeddable":true,"href":"https:\/\/semead.com.br\/24\/wp-json\/wp\/v2\/pages\/12254"}],"wp:attachment":[{"href":"https:\/\/semead.com.br\/24\/wp-json\/wp\/v2\/media?parent=22558"}],"curies":[{"name":"wp","href":"https:\/\/api.w.org\/{rel}","templated":true}]}}