{"id":22690,"date":"2021-09-13T21:39:52","date_gmt":"2021-09-14T00:39:52","guid":{"rendered":"https:\/\/semead.com.br\/24\/?page_id=22690"},"modified":"2021-09-13T21:44:53","modified_gmt":"2021-09-14T00:44:53","slug":"registrations-2","status":"publish","type":"page","link":"https:\/\/semead.com.br\/24\/registrations-2\/?lang=en","title":{"rendered":"Registrations"},"content":{"rendered":"\n<p>Check the values to on-line registration at SemeAd Conference:<\/p>\n\n\n\n<p><strong>Registration period for the approved papers: <\/strong>from 09\/14 to 09\/30<\/p>\n\n\n\n<p><strong>Registration period for congress participants&#8217;: <\/strong>from 09\/14 to 10\/31<\/p>\n\n\n\n<p><strong>NOTE: <\/strong>To guarantee the participation of the approved papers in the event, at least one of the authors must submit registration by 30\/09\/2021. Besides the registration of at least one of the authors, the paper must be presented in the virtual session. Only registrants will be able to present their paper in the virtual session. Registration is individual and non-transferable.<\/p>\n\n\n\n<table id=\"tablepress-15\" class=\"tablepress tablepress-id-15\">\n<thead>\n<tr class=\"row-1\">\n\t<th class=\"column-1\">Participants<\/th><th class=\"column-2\">Registration until 09\/30. <br \/>\nDeadline for registration of approved papers (R$).<\/th><th class=\"column-3\">Registration until 10\/31. <br \/>\nDeadline for registers of congress participants' for the event (R$).<\/th>\n<\/tr>\n<\/thead>\n<tbody class=\"row-striping row-hover\">\n<tr class=\"row-2\">\n\t<td class=\"column-1\">Professor<\/td><td class=\"column-2\">300,00<\/td><td class=\"column-3\">380,00<\/td>\n<\/tr>\n<tr class=\"row-3\">\n\t<td class=\"column-1\">Professor SemeAd Conference Partner (*)<\/td><td class=\"column-2\">180,00<\/td><td class=\"column-3\">240,00<\/td>\n<\/tr>\n<tr class=\"row-4\">\n\t<td class=\"column-1\">Student<\/td><td class=\"column-2\">180,00<\/td><td class=\"column-3\">220,00<\/td>\n<\/tr>\n<tr class=\"row-5\">\n\t<td class=\"column-1\">Student SemeAd Conference Partner (*)<\/td><td class=\"column-2\">100,00<\/td><td class=\"column-3\">140,00<\/td>\n<\/tr>\n<tr class=\"row-6\">\n\t<td class=\"column-1\">Connecta Reviewer<\/td><td class=\"column-2\">180,00<\/td><td class=\"column-3\">240,00<\/td>\n<\/tr>\n<tr class=\"row-7\">\n\t<td class=\"column-1\">Approved on Connecta Research or Teaching<\/td><td class=\"column-2\">Free<\/td><td class=\"column-3\">Free<\/td>\n<\/tr>\n<tr class=\"row-8\">\n\t<td class=\"column-1\">Non-Academic<\/td><td class=\"column-2\">350,00<\/td><td class=\"column-3\">400,00<\/td>\n<\/tr>\n<\/tbody>\n<\/table>\n<!-- #tablepress-15 from cache -->\n\n\n\n<p><\/p>\n\n\n\n<p><strong>* SemeAd Conference Partners:<\/strong>&nbsp;AEDEN, CLADEA and BALAS<\/p>\n\n\n\n<p><strong>Important<\/strong>:<\/p>\n\n\n\n<p>Registration payments will be made by PayPal<a href=\"http:\/\/login.semead.com.br\/23semead\">.<\/a> <a href=\"http:\/\/login.semead.com.br\" target=\"_blank\" rel=\"noreferrer noopener\">Logging into SemeAD<\/a> and click on register<\/p>\n\n\n\n<p><\/p>\n","protected":false},"excerpt":{"rendered":"<p>Check the values to on-line registration at SemeAd Conference: Registration period for the approved papers: from 09\/14 to 09\/30 Registration period for congress participants&#8217;: from 09\/14 to 10\/31 NOTE: To guarantee the participation of the approved papers in the event, at least one of the authors must submit registration by 30\/09\/2021. Besides the registration of&#8230;<\/p>\n","protected":false},"author":4,"featured_media":0,"parent":0,"menu_order":0,"comment_status":"closed","ping_status":"closed","template":"","meta":{"_acf_changed":false,"_monsterinsights_skip_tracking":false,"_monsterinsights_sitenote_active":false,"_monsterinsights_sitenote_note":"","_monsterinsights_sitenote_category":0,"footnotes":""},"class_list":["post-22690","page","type-page","status-publish","hentry"],"acf":[],"yoast_head":"<!-- This site is optimized with the Yoast SEO plugin v27.1.1 - https:\/\/yoast.com\/product\/yoast-seo-wordpress\/ -->\n<title>Registrations - XXIV SemeAd<\/title>\n<meta name=\"robots\" content=\"index, follow, max-snippet:-1, max-image-preview:large, max-video-preview:-1\" \/>\n<link rel=\"canonical\" href=\"https:\/\/semead.com.br\/24\/registrations-2\/\" \/>\n<meta property=\"og:locale\" content=\"pt_BR\" \/>\n<meta property=\"og:type\" content=\"article\" \/>\n<meta property=\"og:title\" content=\"Registrations - XXIV SemeAd\" \/>\n<meta property=\"og:description\" content=\"Check the values to on-line registration at SemeAd Conference: Registration period for the approved papers: from 09\/14 to 09\/30 Registration period for congress participants&#8217;: from 09\/14 to 10\/31 NOTE: To guarantee the participation of the approved papers in the event, at least one of the authors must submit registration by 30\/09\/2021. Besides the registration of...\" \/>\n<meta property=\"og:url\" content=\"https:\/\/semead.com.br\/24\/registrations-2\/?lang=en\" \/>\n<meta property=\"og:site_name\" content=\"XXIV SemeAd\" \/>\n<meta property=\"article:modified_time\" content=\"2021-09-14T00:44:53+00:00\" \/>\n<meta name=\"twitter:card\" content=\"summary_large_image\" \/>\n<meta name=\"twitter:label1\" content=\"Est. tempo de leitura\" \/>\n\t<meta name=\"twitter:data1\" content=\"1 minuto\" \/>\n<script type=\"application\/ld+json\" class=\"yoast-schema-graph\">{\"@context\":\"https:\/\/schema.org\",\"@graph\":[{\"@type\":\"WebPage\",\"@id\":\"https:\/\/semead.com.br\/24\/registrations-2\/?lang=en\",\"url\":\"https:\/\/semead.com.br\/24\/registrations-2\/?lang=en\",\"name\":\"Registrations - XXIV SemeAd\",\"isPartOf\":{\"@id\":\"https:\/\/semead.com.br\/24\/?lang=es\/#website\"},\"datePublished\":\"2021-09-14T00:39:52+00:00\",\"dateModified\":\"2021-09-14T00:44:53+00:00\",\"breadcrumb\":{\"@id\":\"https:\/\/semead.com.br\/24\/registrations-2\/?lang=en#breadcrumb\"},\"inLanguage\":\"pt-BR\",\"potentialAction\":[{\"@type\":\"ReadAction\",\"target\":[\"https:\/\/semead.com.br\/24\/registrations-2\/?lang=en\"]}]},{\"@type\":\"BreadcrumbList\",\"@id\":\"https:\/\/semead.com.br\/24\/registrations-2\/?lang=en#breadcrumb\",\"itemListElement\":[{\"@type\":\"ListItem\",\"position\":1,\"name\":\"In\u00edcio\",\"item\":\"https:\/\/semead.com.br\/24\/\"},{\"@type\":\"ListItem\",\"position\":2,\"name\":\"Registrations\"}]},{\"@type\":\"WebSite\",\"@id\":\"https:\/\/semead.com.br\/24\/?lang=es\/#website\",\"url\":\"https:\/\/semead.com.br\/24\/?lang=es\/\",\"name\":\"XXIV SemeAd\",\"description\":\"Semin\u00e1rios em Administra\u00e7\u00e3o\",\"potentialAction\":[{\"@type\":\"SearchAction\",\"target\":{\"@type\":\"EntryPoint\",\"urlTemplate\":\"https:\/\/semead.com.br\/24\/?lang=es\/?s={search_term_string}\"},\"query-input\":{\"@type\":\"PropertyValueSpecification\",\"valueRequired\":true,\"valueName\":\"search_term_string\"}}],\"inLanguage\":\"pt-BR\"}]}<\/script>\n<!-- \/ Yoast SEO plugin. -->","yoast_head_json":{"title":"Registrations - XXIV SemeAd","robots":{"index":"index","follow":"follow","max-snippet":"max-snippet:-1","max-image-preview":"max-image-preview:large","max-video-preview":"max-video-preview:-1"},"canonical":"https:\/\/semead.com.br\/24\/registrations-2\/","og_locale":"pt_BR","og_type":"article","og_title":"Registrations - XXIV SemeAd","og_description":"Check the values to on-line registration at SemeAd Conference: Registration period for the approved papers: from 09\/14 to 09\/30 Registration period for congress participants&#8217;: from 09\/14 to 10\/31 NOTE: To guarantee the participation of the approved papers in the event, at least one of the authors must submit registration by 30\/09\/2021. Besides the registration of...","og_url":"https:\/\/semead.com.br\/24\/registrations-2\/?lang=en","og_site_name":"XXIV SemeAd","article_modified_time":"2021-09-14T00:44:53+00:00","twitter_card":"summary_large_image","twitter_misc":{"Est. tempo de leitura":"1 minuto"},"schema":{"@context":"https:\/\/schema.org","@graph":[{"@type":"WebPage","@id":"https:\/\/semead.com.br\/24\/registrations-2\/?lang=en","url":"https:\/\/semead.com.br\/24\/registrations-2\/?lang=en","name":"Registrations - XXIV SemeAd","isPartOf":{"@id":"https:\/\/semead.com.br\/24\/?lang=es\/#website"},"datePublished":"2021-09-14T00:39:52+00:00","dateModified":"2021-09-14T00:44:53+00:00","breadcrumb":{"@id":"https:\/\/semead.com.br\/24\/registrations-2\/?lang=en#breadcrumb"},"inLanguage":"pt-BR","potentialAction":[{"@type":"ReadAction","target":["https:\/\/semead.com.br\/24\/registrations-2\/?lang=en"]}]},{"@type":"BreadcrumbList","@id":"https:\/\/semead.com.br\/24\/registrations-2\/?lang=en#breadcrumb","itemListElement":[{"@type":"ListItem","position":1,"name":"In\u00edcio","item":"https:\/\/semead.com.br\/24\/"},{"@type":"ListItem","position":2,"name":"Registrations"}]},{"@type":"WebSite","@id":"https:\/\/semead.com.br\/24\/?lang=es\/#website","url":"https:\/\/semead.com.br\/24\/?lang=es\/","name":"XXIV SemeAd","description":"Semin\u00e1rios em Administra\u00e7\u00e3o","potentialAction":[{"@type":"SearchAction","target":{"@type":"EntryPoint","urlTemplate":"https:\/\/semead.com.br\/24\/?lang=es\/?s={search_term_string}"},"query-input":{"@type":"PropertyValueSpecification","valueRequired":true,"valueName":"search_term_string"}}],"inLanguage":"pt-BR"}]}},"_links":{"self":[{"href":"https:\/\/semead.com.br\/24\/wp-json\/wp\/v2\/pages\/22690","targetHints":{"allow":["GET"]}}],"collection":[{"href":"https:\/\/semead.com.br\/24\/wp-json\/wp\/v2\/pages"}],"about":[{"href":"https:\/\/semead.com.br\/24\/wp-json\/wp\/v2\/types\/page"}],"author":[{"embeddable":true,"href":"https:\/\/semead.com.br\/24\/wp-json\/wp\/v2\/users\/4"}],"replies":[{"embeddable":true,"href":"https:\/\/semead.com.br\/24\/wp-json\/wp\/v2\/comments?post=22690"}],"version-history":[{"count":0,"href":"https:\/\/semead.com.br\/24\/wp-json\/wp\/v2\/pages\/22690\/revisions"}],"wp:attachment":[{"href":"https:\/\/semead.com.br\/24\/wp-json\/wp\/v2\/media?parent=22690"}],"curies":[{"name":"wp","href":"https:\/\/api.w.org\/{rel}","templated":true}]}}